{"id":10647,"date":"2022-09-27T20:35:44","date_gmt":"2022-09-27T20:35:44","guid":{"rendered":"https:\/\/boutique-one-piece.com\/uncategorized\/puzzle-1000-pieece-one-piece-porgas-d-ace\/"},"modified":"2024-09-16T12:10:21","modified_gmt":"2024-09-16T12:10:21","slug":"puslespill-1000-brikker-ett-stykke-porgas-daess","status":"publish","type":"product","link":"https:\/\/boutique-one-piece.com\/nb\/one-piece-puslespill\/puslespill-1000-brikker-ett-stykke-porgas-daess\/","title":{"rendered":"1000-brikkers puslespill One Piece Porgas D. Ace"},"content":{"rendered":"<h2>Et supert spill for en pirat som deg!<\/h2>\n<p>Hvis du er en\u00a0<strong>ekte pirat<\/strong>,\u00a0<strong>liten<\/strong>\u00a0Eller\u00a0<strong>stor<\/strong>,Du vil sette pris p\u00e5 det<span>\u00a0<\/span>der\u00a0<strong>kvalitet<\/strong>\u00a0av\u00a0<strong>trebiter<\/strong>, av\u00a0<strong>maling<\/strong>\u00a0Og\u00a0<strong>3D-utskrift<\/strong>\u00a0av dette\u00a0<strong>One Piece 1000-brikkers puslespill<\/strong>\u00a0Men viktigst av alt, med dette puslespillet vil du v\u00e6re en del av\u00a0<strong>fanteamet<\/strong>\u00a0av\u00a0<strong>piratmanga<\/strong>\u00a0og du vil f\u00e5:<\/p>\n<ul>\n<li>\u00a0<strong>Beundring<\/strong>\u00a0av alle fansen av\u00a0<strong>mugiwara<\/strong>\u00a0som du vil invitere til \u00e5 spille hjemme hos deg<\/li>\n<\/ul>\n<ul>\n<li>En ekte\u00a0<strong>trykt puslespill<\/strong>\u00a0som du kan bruke<strong>\u00a0ha det g\u00f8y<\/strong> \u00e5 samle alle bitene til<strong>\u00a0avsl\u00f8re<\/strong>\u00a0<strong>Porgas D. Ace<\/strong>\n<\/li>\n<\/ul>\n<p>\u00a0S\u00e5, klar til <strong>spille<\/strong> med et spill <strong>Ett stykke<\/strong>\u00a0?<\/p>\n<h2>Er du en fan av One Piece manga eller anime? Vis det med denne!<span>\u00a0<\/span>One Piece-puslespill med 1000 brikker!<\/h2>\n<p>Hvis du\u00a0<strong>lese<\/strong>\u00a0eller hvor enn du ser\u00a0<strong>animeen\u00a0<\/strong><strong>japansk<\/strong>, Det er stor sjanse for at du har blitt\u00a0<strong>gal etter One Piece<\/strong>\u00a0Med dette!\u00a0<strong>1000-brikkers puslespill Poragas D. Ace<\/strong>, bli med i\u2019<strong>en gjeng med fans av franchisen<\/strong><\/p>\n<p><strong>Ess med den brennende neven<\/strong>\u00a0den andre kommandanten for fl\u00e5ten\u00a0<strong>Edward Newgate<\/strong>, DEN\u00a0<strong>utstrakte armer<\/strong>\u00a0med\u00a0<strong>flammer<\/strong>\u00a0rundt ham. Ace hadde spist\u00a0<strong>Pyro-frukt<\/strong>\u00a0Eller\u00a0<strong>Mera Mera No Mi<\/strong>, han har<span>\u00a0<\/span>ble drept<span>\u00a0<\/span>ved\u00a0<strong>Sakazuki Akainu<\/strong>\u00a0p\u00e5\u00a0<strong>Mary Geoise<\/strong>\u00a0i l\u00f8pet av\u00a0<strong>Den store krigen<\/strong><\/p>\n<h2><strong>Informasjon om puslespill:<\/strong><\/h2>\n<ul>\n<li>\n<strong>H\u00f8ykvalitets trykt puslespill\u00a0<\/strong>Brikkene er laget av tre.<\/li>\n<\/ul>\n<ul>\n<li>\n<strong>Ultra Design-puslespill<\/strong>\u00a0Dette puslespillet med 1000 brikker er helt nydelig n\u00e5r det er ferdig.\u00a0<strong>ferdig<\/strong>\u00a0du kan bruke den som\u00a0<strong>maleri<\/strong>, Fans kan ikke annet enn \u00e5 elske det<\/li>\n<\/ul>\n<ul>\n<li>\n<strong>Farge og utskrift\u00a0<\/strong>One Piece-puslespill med trykk\u00a0<strong>Lerret<\/strong>\u00a0standarden innen trykking<\/li>\n<\/ul>\n<ul>\n<li>\n<strong>Middels vanskelighetsgrad<\/strong>\u00a0perfekt egnet for barn fra\u00a0<strong>6 \u00e5r<\/strong>. F\u00f8r den alderen, den\u00a0<strong>overv\u00e5king<\/strong>\u00a0av en\u00a0<strong>voksen<\/strong>\u00a0\u00d8st\u00a0<strong>anbefalt<\/strong>\n<\/li>\n<\/ul>\n<ul>\n<li>\n<strong>For barn og voksne<\/strong>\u00a0Dette er en god mulighet til \u00e5 gj\u00f8re en\u00a0<strong>morsom aktivitet<\/strong>\u00a0Og\u00a0<strong>spennende<\/strong>\u00a0med din\u00a0<strong>barn<\/strong>\u00a0eller med din\u00a0<strong>foreldre<\/strong>\n<\/li>\n<\/ul>\n<ul>\n<li>\n<strong>Dimensjon\u00a0<\/strong>h\u00f8yde\u00a0<strong>50 cm<\/strong>, bredde\u00a0<strong>75 cm<\/strong>, tykkelse\u00a0<strong>2 mm<\/strong>\n<\/li>\n<\/ul>\n<ul>\n<li>\n<strong>Gratis levering\u00a0<\/strong>for ethvert kj\u00f8p<\/li>\n<\/ul>\n<p><img fetchpriority=\"high\" decoding=\"async\" src=\"\/\/cdn.shopify.com\/s\/files\/1\/0087\/7556\/5348\/files\/puzzle_one_piece_1000_pieces_en_bois_large.jpg?v=1561382263\" alt=\"One Piece trespill\" width=\"287\" height=\"283\"><\/p>\n<ul><\/ul>\n<ul><\/ul>","protected":false},"excerpt":{"rendered":"<p>Un Super Jeu pour un Pirate Comme Toi\u00a0! Si tu es un\u00a0v\u00e9ritable pirate,\u00a0petit\u00a0ou\u00a0grand,\u00a0tu sauras appr\u00e9cier\u00a0la\u00a0qualit\u00e9\u00a0des\u00a0pi\u00e8ces en bois,\u00a0de la\u00a0peinture\u00a0et\u00a0l&rsquo;impression 3D\u00a0de ce\u00a0Puzzle 1000 pi\u00e8ces\u00a0One Piece\u00a0!\u00a0Mais le plus important, avec ce jeu de r\u00e9flexion ou casse t\u00eate,\u00a0tu\u00a0feras partie de\u00a0l&rsquo;\u00e9quipage\u00a0des fans\u00a0du\u00a0manga de pirates\u00a0et tu obtiendras\u00a0: \u00a0L&rsquo;admiration\u00a0de tous les fans des\u00a0mugiwara\u00a0que tu\u00a0inviteras \u00e0 jouer chez toi Un v\u00e9ritable\u00a0puzzle\u00a0imprim\u00e9\u00a0avec lequel tu [&hellip;]<\/p>","protected":false},"featured_media":10650,"comment_status":"open","ping_status":"open","template":"","meta":[],"product_brand":[],"product_cat":[197],"product_tag":[176,203],"class_list":{"0":"post-10647","1":"product","2":"type-product","3":"status-publish","4":"has-post-thumbnail","6":"product_cat-puzzles-one-piece","7":"product_tag-ace","8":"product_tag-puzzle-1000-pieces","10":"first","11":"instock","12":"purchasable","13":"product-type-simple"},"yoast_head":"<!-- This site is optimized with the Yoast SEO plugin v27.5 - https:\/\/yoast.com\/product\/yoast-seo-wordpress\/ -->\n<title>Puzzle 1000 Pi\u00e8ece Porgas D. Ace | Boutique One Piece<\/title>\n<meta name=\"description\" content=\"Puzzle Imprim\u00e9 1000 Pi\u00e8ces One Piece avec Porgas D. Ace en Flamme avec le Pyro-Fruit Jeux Puzzle Imrpim\u00e9 Sur Bois de Tr\u00e8s Haute Qualit\u00e9 pour les Petits et Grands\" \/>\n<meta name=\"robots\" content=\"index, follow, max-snippet:-1, max-image-preview:large, max-video-preview:-1\" \/>\n<link rel=\"canonical\" href=\"https:\/\/boutique-one-piece.com\/nb\/one-piece-puslespill\/puslespill-1000-brikker-ett-stykke-porgas-daess\/\" \/>\n<meta property=\"og:locale\" content=\"nb_NO\" \/>\n<meta property=\"og:type\" content=\"article\" \/>\n<meta property=\"og:title\" content=\"Puzzle 1000 Pi\u00e8ece Porgas D. Ace | Boutique One Piece\" \/>\n<meta property=\"og:description\" content=\"Puzzle Imprim\u00e9 1000 Pi\u00e8ces One Piece avec Porgas D. Ace en Flamme avec le Pyro-Fruit Jeux Puzzle Imrpim\u00e9 Sur Bois de Tr\u00e8s Haute Qualit\u00e9 pour les Petits et Grands\" \/>\n<meta property=\"og:url\" content=\"https:\/\/boutique-one-piece.com\/nb\/one-piece-puslespill\/puslespill-1000-brikker-ett-stykke-porgas-daess\/\" \/>\n<meta property=\"og:site_name\" content=\"Boutique One Piece\" \/>\n<meta property=\"article:modified_time\" content=\"2024-09-16T12:10:21+00:00\" \/>\n<meta property=\"og:image\" content=\"https:\/\/boutique-one-piece.com\/wp-content\/uploads\/2022\/09\/Puzzle-1000-Pieece-One-Piece-Porgas-D.-Ace-1.jpg\" \/>\n\t<meta property=\"og:image:width\" content=\"599\" \/>\n\t<meta property=\"og:image:height\" content=\"399\" \/>\n\t<meta property=\"og:image:type\" content=\"image\/jpeg\" \/>\n<meta name=\"twitter:card\" content=\"summary_large_image\" \/>\n<meta name=\"twitter:label1\" content=\"Ansl. lesetid\" \/>\n\t<meta name=\"twitter:data1\" content=\"2 minutter\" \/>\n<script type=\"application\/ld+json\" class=\"yoast-schema-graph\">{\"@context\":\"https:\\\/\\\/schema.org\",\"@graph\":[{\"@type\":\"WebPage\",\"@id\":\"https:\\\/\\\/boutique-one-piece.com\\\/puzzles-one-piece\\\/puzzle-1000-pieece-one-piece-porgas-d-ace\\\/\",\"url\":\"https:\\\/\\\/boutique-one-piece.com\\\/puzzles-one-piece\\\/puzzle-1000-pieece-one-piece-porgas-d-ace\\\/\",\"name\":\"Puzzle 1000 Pi\u00e8ece Porgas D. Ace | Boutique One Piece\",\"isPartOf\":{\"@id\":\"https:\\\/\\\/boutique-one-piece.com\\\/#website\"},\"primaryImageOfPage\":{\"@id\":\"https:\\\/\\\/boutique-one-piece.com\\\/puzzles-one-piece\\\/puzzle-1000-pieece-one-piece-porgas-d-ace\\\/#primaryimage\"},\"image\":{\"@id\":\"https:\\\/\\\/boutique-one-piece.com\\\/puzzles-one-piece\\\/puzzle-1000-pieece-one-piece-porgas-d-ace\\\/#primaryimage\"},\"thumbnailUrl\":\"https:\\\/\\\/boutique-one-piece.com\\\/wp-content\\\/uploads\\\/2022\\\/09\\\/Puzzle-1000-Pieece-One-Piece-Porgas-D.-Ace-1.jpg\",\"datePublished\":\"2022-09-27T20:35:44+00:00\",\"dateModified\":\"2024-09-16T12:10:21+00:00\",\"description\":\"Puzzle Imprim\u00e9 1000 Pi\u00e8ces One Piece avec Porgas D. Ace en Flamme avec le Pyro-Fruit Jeux Puzzle Imrpim\u00e9 Sur Bois de Tr\u00e8s Haute Qualit\u00e9 pour les Petits et Grands\",\"breadcrumb\":{\"@id\":\"https:\\\/\\\/boutique-one-piece.com\\\/puzzles-one-piece\\\/puzzle-1000-pieece-one-piece-porgas-d-ace\\\/#breadcrumb\"},\"inLanguage\":\"nb-NO\",\"potentialAction\":[{\"@type\":\"ReadAction\",\"target\":[\"https:\\\/\\\/boutique-one-piece.com\\\/puzzles-one-piece\\\/puzzle-1000-pieece-one-piece-porgas-d-ace\\\/\"]}]},{\"@type\":\"ImageObject\",\"inLanguage\":\"nb-NO\",\"@id\":\"https:\\\/\\\/boutique-one-piece.com\\\/puzzles-one-piece\\\/puzzle-1000-pieece-one-piece-porgas-d-ace\\\/#primaryimage\",\"url\":\"https:\\\/\\\/boutique-one-piece.com\\\/wp-content\\\/uploads\\\/2022\\\/09\\\/Puzzle-1000-Pieece-One-Piece-Porgas-D.-Ace-1.jpg\",\"contentUrl\":\"https:\\\/\\\/boutique-one-piece.com\\\/wp-content\\\/uploads\\\/2022\\\/09\\\/Puzzle-1000-Pieece-One-Piece-Porgas-D.-Ace-1.jpg\",\"width\":599,\"height\":399},{\"@type\":\"BreadcrumbList\",\"@id\":\"https:\\\/\\\/boutique-one-piece.com\\\/puzzles-one-piece\\\/puzzle-1000-pieece-one-piece-porgas-d-ace\\\/#breadcrumb\",\"itemListElement\":[{\"@type\":\"ListItem\",\"position\":1,\"name\":\"Home\",\"item\":\"https:\\\/\\\/boutique-one-piece.com\\\/\"},{\"@type\":\"ListItem\",\"position\":2,\"name\":\"Shop\",\"item\":\"https:\\\/\\\/boutique-one-piece.com\\\/shop\\\/\"},{\"@type\":\"ListItem\",\"position\":3,\"name\":\"Puzzle 1000 Pi\u00e8ece One Piece Porgas D. Ace\"}]},{\"@type\":\"WebSite\",\"@id\":\"https:\\\/\\\/boutique-one-piece.com\\\/#website\",\"url\":\"https:\\\/\\\/boutique-one-piece.com\\\/\",\"name\":\"Boutique One Piece\",\"description\":\"Magasin Sp\u00e9cialis\u00e9 du Manga et l&#039;Anime One Piece\",\"publisher\":{\"@id\":\"https:\\\/\\\/boutique-one-piece.com\\\/#organization\"},\"potentialAction\":[{\"@type\":\"SearchAction\",\"target\":{\"@type\":\"EntryPoint\",\"urlTemplate\":\"https:\\\/\\\/boutique-one-piece.com\\\/?s={search_term_string}\"},\"query-input\":{\"@type\":\"PropertyValueSpecification\",\"valueRequired\":true,\"valueName\":\"search_term_string\"}}],\"inLanguage\":\"nb-NO\"},{\"@type\":\"Organization\",\"@id\":\"https:\\\/\\\/boutique-one-piece.com\\\/#organization\",\"name\":\"Boutique One Piece\",\"url\":\"https:\\\/\\\/boutique-one-piece.com\\\/\",\"logo\":{\"@type\":\"ImageObject\",\"inLanguage\":\"nb-NO\",\"@id\":\"https:\\\/\\\/boutique-one-piece.com\\\/#\\\/schema\\\/logo\\\/image\\\/\",\"url\":\"https:\\\/\\\/boutique-one-piece.com\\\/wp-content\\\/uploads\\\/2022\\\/09\\\/Logo-01.png\",\"contentUrl\":\"https:\\\/\\\/boutique-one-piece.com\\\/wp-content\\\/uploads\\\/2022\\\/09\\\/Logo-01.png\",\"width\":2318,\"height\":957,\"caption\":\"Boutique One Piece\"},\"image\":{\"@id\":\"https:\\\/\\\/boutique-one-piece.com\\\/#\\\/schema\\\/logo\\\/image\\\/\"}}]}<\/script>\n<!-- \/ Yoast SEO plugin. -->","yoast_head_json":{"title":"1000-brikkers puslespill Porgas D. Ace | One Piece Shop","description":"One Piece 1000-brikkers trykt puslespill med Porgas D. Ace i flammer med pyrofrukten. H\u00f8ykvalitets trepuslespill med trykt trykk for barn og voksne","robots":{"index":"index","follow":"follow","max-snippet":"max-snippet:-1","max-image-preview":"max-image-preview:large","max-video-preview":"max-video-preview:-1"},"canonical":"https:\/\/boutique-one-piece.com\/nb\/one-piece-puslespill\/puslespill-1000-brikker-ett-stykke-porgas-daess\/","og_locale":"nb_NO","og_type":"article","og_title":"Puzzle 1000 Pi\u00e8ece Porgas D. Ace | Boutique One Piece","og_description":"Puzzle Imprim\u00e9 1000 Pi\u00e8ces One Piece avec Porgas D. Ace en Flamme avec le Pyro-Fruit Jeux Puzzle Imrpim\u00e9 Sur Bois de Tr\u00e8s Haute Qualit\u00e9 pour les Petits et Grands","og_url":"https:\/\/boutique-one-piece.com\/nb\/one-piece-puslespill\/puslespill-1000-brikker-ett-stykke-porgas-daess\/","og_site_name":"Boutique One Piece","article_modified_time":"2024-09-16T12:10:21+00:00","og_image":[{"width":599,"height":399,"url":"https:\/\/boutique-one-piece.com\/wp-content\/uploads\/2022\/09\/Puzzle-1000-Pieece-One-Piece-Porgas-D.-Ace-1.jpg","type":"image\/jpeg"}],"twitter_card":"summary_large_image","twitter_misc":{"Ansl. lesetid":"2 minutter"},"schema":{"@context":"https:\/\/schema.org","@graph":[{"@type":"WebPage","@id":"https:\/\/boutique-one-piece.com\/puzzles-one-piece\/puzzle-1000-pieece-one-piece-porgas-d-ace\/","url":"https:\/\/boutique-one-piece.com\/puzzles-one-piece\/puzzle-1000-pieece-one-piece-porgas-d-ace\/","name":"1000-brikkers puslespill Porgas D. Ace | One Piece Shop","isPartOf":{"@id":"https:\/\/boutique-one-piece.com\/#website"},"primaryImageOfPage":{"@id":"https:\/\/boutique-one-piece.com\/puzzles-one-piece\/puzzle-1000-pieece-one-piece-porgas-d-ace\/#primaryimage"},"image":{"@id":"https:\/\/boutique-one-piece.com\/puzzles-one-piece\/puzzle-1000-pieece-one-piece-porgas-d-ace\/#primaryimage"},"thumbnailUrl":"https:\/\/boutique-one-piece.com\/wp-content\/uploads\/2022\/09\/Puzzle-1000-Pieece-One-Piece-Porgas-D.-Ace-1.jpg","datePublished":"2022-09-27T20:35:44+00:00","dateModified":"2024-09-16T12:10:21+00:00","description":"One Piece 1000-brikkers trykt puslespill med Porgas D. Ace i flammer med pyrofrukten. H\u00f8ykvalitets trepuslespill med trykt trykk for barn og voksne","breadcrumb":{"@id":"https:\/\/boutique-one-piece.com\/puzzles-one-piece\/puzzle-1000-pieece-one-piece-porgas-d-ace\/#breadcrumb"},"inLanguage":"nb-NO","potentialAction":[{"@type":"ReadAction","target":["https:\/\/boutique-one-piece.com\/puzzles-one-piece\/puzzle-1000-pieece-one-piece-porgas-d-ace\/"]}]},{"@type":"ImageObject","inLanguage":"nb-NO","@id":"https:\/\/boutique-one-piece.com\/puzzles-one-piece\/puzzle-1000-pieece-one-piece-porgas-d-ace\/#primaryimage","url":"https:\/\/boutique-one-piece.com\/wp-content\/uploads\/2022\/09\/Puzzle-1000-Pieece-One-Piece-Porgas-D.-Ace-1.jpg","contentUrl":"https:\/\/boutique-one-piece.com\/wp-content\/uploads\/2022\/09\/Puzzle-1000-Pieece-One-Piece-Porgas-D.-Ace-1.jpg","width":599,"height":399},{"@type":"BreadcrumbList","@id":"https:\/\/boutique-one-piece.com\/puzzles-one-piece\/puzzle-1000-pieece-one-piece-porgas-d-ace\/#breadcrumb","itemListElement":[{"@type":"ListItem","position":1,"name":"Home","item":"https:\/\/boutique-one-piece.com\/"},{"@type":"ListItem","position":2,"name":"Shop","item":"https:\/\/boutique-one-piece.com\/shop\/"},{"@type":"ListItem","position":3,"name":"Puzzle 1000 Pi\u00e8ece One Piece Porgas D. Ace"}]},{"@type":"WebSite","@id":"https:\/\/boutique-one-piece.com\/#website","url":"https:\/\/boutique-one-piece.com\/","name":"One Piece-butikk","description":"Spesialbutikk for One Piece Manga og Anime","publisher":{"@id":"https:\/\/boutique-one-piece.com\/#organization"},"potentialAction":[{"@type":"SearchAction","target":{"@type":"EntryPoint","urlTemplate":"https:\/\/boutique-one-piece.com\/?s={search_term_string}"},"query-input":{"@type":"PropertyValueSpecification","valueRequired":true,"valueName":"search_term_string"}}],"inLanguage":"nb-NO"},{"@type":"Organization","@id":"https:\/\/boutique-one-piece.com\/#organization","name":"One Piece-butikk","url":"https:\/\/boutique-one-piece.com\/","logo":{"@type":"ImageObject","inLanguage":"nb-NO","@id":"https:\/\/boutique-one-piece.com\/#\/schema\/logo\/image\/","url":"https:\/\/boutique-one-piece.com\/wp-content\/uploads\/2022\/09\/Logo-01.png","contentUrl":"https:\/\/boutique-one-piece.com\/wp-content\/uploads\/2022\/09\/Logo-01.png","width":2318,"height":957,"caption":"Boutique One Piece"},"image":{"@id":"https:\/\/boutique-one-piece.com\/#\/schema\/logo\/image\/"}}]}},"_links":{"self":[{"href":"https:\/\/boutique-one-piece.com\/nb\/wp-json\/wp\/v2\/product\/10647","targetHints":{"allow":["GET"]}}],"collection":[{"href":"https:\/\/boutique-one-piece.com\/nb\/wp-json\/wp\/v2\/product"}],"about":[{"href":"https:\/\/boutique-one-piece.com\/nb\/wp-json\/wp\/v2\/types\/product"}],"replies":[{"embeddable":true,"href":"https:\/\/boutique-one-piece.com\/nb\/wp-json\/wp\/v2\/comments?post=10647"}],"wp:featuredmedia":[{"embeddable":true,"href":"https:\/\/boutique-one-piece.com\/nb\/wp-json\/wp\/v2\/media\/10650"}],"wp:attachment":[{"href":"https:\/\/boutique-one-piece.com\/nb\/wp-json\/wp\/v2\/media?parent=10647"}],"wp:term":[{"taxonomy":"product_brand","embeddable":true,"href":"https:\/\/boutique-one-piece.com\/nb\/wp-json\/wp\/v2\/product_brand?post=10647"},{"taxonomy":"product_cat","embeddable":true,"href":"https:\/\/boutique-one-piece.com\/nb\/wp-json\/wp\/v2\/product_cat?post=10647"},{"taxonomy":"product_tag","embeddable":true,"href":"https:\/\/boutique-one-piece.com\/nb\/wp-json\/wp\/v2\/product_tag?post=10647"}],"curies":[{"name":"wp","href":"https:\/\/api.w.org\/{rel}","templated":true}]}}