{"id":10834,"date":"2022-09-27T20:36:57","date_gmt":"2022-09-27T20:36:57","guid":{"rendered":"https:\/\/boutique-one-piece.com\/uncategorized\/short-de-bain-one-piece-kaido\/"},"modified":"2024-09-16T12:15:00","modified_gmt":"2024-09-16T12:15:00","slug":"kaido-badeshorts-i-ett-stykke","status":"publish","type":"product","link":"https:\/\/boutique-one-piece.com\/nb\/one-piece-klaer\/badeshorts-i-ett-stykke\/kaido-badeshorts-i-ett-stykke\/","title":{"rendered":"One Piece Kaido badeshorts"},"content":{"rendered":"<p><meta charset=\"utf-8\"><\/p>\n<h2>One Piece badeshorts med Kaido of the Hundred Beasts, en kvalitetsbadedrakt for en pirat som deg!<\/h2>\n<p>Hvis du er en <strong>ekte pirat<\/strong>, Du vil bli verdsatt <strong>kvaliteten p\u00e5 materialene,<\/strong>\u00a0av <strong>design <\/strong>og<strong> 3D-utskrift<\/strong>\u00a0av dette <strong>One Piece badeshorts<\/strong> Men viktigst av alt, med disse shortsene blir du en del av <strong>fanteamet<\/strong> av <strong>piratmanga<\/strong> og du vil f\u00e5:<\/p>\n<ul>\n<li>\u00a0<strong>Beundring<\/strong> av alle fansen av <strong>mugiwara<\/strong> som du vil m\u00f8te<\/li>\n<\/ul>\n<ul>\n<li>En ekte <strong>badeshorts med trykk<\/strong> som du kan sv\u00f8mme med <strong>Grand Line<\/strong>, Men v\u00e6r forsiktig, det anbefales ikke \u00e5 g\u00e5 i sj\u00f8en hvis du har spist en. <strong>djevelfrukt<\/strong>\n<\/li>\n<\/ul>\n<p>S\u00e5, klar til \u00e5 ta p\u00e5 <strong>fargene til mannskapet p\u00e5 Hundred Beasts<\/strong>\u00a0?<\/p>\n<h2>Er du en fan av One Piece manga eller anime? Vis det frem med disse badeshortsene!<\/h2>\n<p>Hvis du <strong>lese<\/strong> eller hvor enn du ser\u00a0<strong>Japansk anime<\/strong>, Det er stor sjanse for at du har blitt <strong>gal etter One Piece<\/strong> Med dette! <strong>badeshorts<\/strong> <strong>Kaido<\/strong>, bli med i\u2019<strong>en gjeng med fans av franchisen<\/strong><\/p>\n<p>Disse shortsene finnes i st\u00f8rrelser<span>\u00a0<\/span><strong>XXS, XS, S, M, L, XL<\/strong>, Den passer for alle typer pirater, selv om du ikke har <strong>sverd<\/strong>\u00a0eller <strong>djevelfrukt<\/strong> du kan fortsatt bruke den\u00a0<\/p>\n<p><b>Kaido, verdens mektigste skapning<\/b>, Kaido er den <strong>kaptein i mannskapet p\u00e5 Hundred Beasts<\/strong> og han lager ogs\u00e5 <strong>4<\/strong> <strong>Keisere<\/strong>. Kaido okkuperer <strong>Wano-landet<\/strong> med disse <strong>pirater<\/strong><\/p>\n<p><meta charset=\"utf-8\"><\/p>\n<h3>Ikke glem \u00e5 ta en titt p\u00e5 st\u00f8rrelsesguiden nedenfor.<\/h3>\n<p style=\"text-align: left;\"><span><img decoding=\"async\" alt=\"St\u00f8rrelsesguide Baim shorts i ett stykke xxs, xs, s, m, l, xl\" src=\"\/\/cdn.shopify.com\/s\/files\/1\/0087\/7556\/5348\/files\/boutque_one__piece_tableau_taille_short_de_bain_large.jpg?v=1560446518\" style=\"float: none;\"><\/span><\/p>\n<h3>Vaskeanvisning:<\/h3>\n<ul>\n<li>Maskinvask p\u00e5 30 \u00b0C, finvaskprogram<\/li>\n<\/ul>\n<ul>\n<li>Stryk p\u00e5 baksiden<\/li>\n<\/ul>\n<p>Til <strong>bevare kvaliteten<\/strong> av dette\u00a0<strong>Badeshorts i ett stykke<\/strong>, Vi anbefaler at du <strong>respekt<\/strong> DE <strong>vaskeanvisning<\/strong>.<\/p>","protected":false},"excerpt":{"rendered":"<p>One Piece badeshorts med Kaido of the Hundred Beasts, en kvalitetsbadedrakt for en pirat som deg! Hvis du er en ekte pirat, vil du sette pris p\u00e5 kvaliteten p\u00e5 materialene, designet og 3D-printingen av disse One Piece badeshortsene! Men viktigst av alt, med disse shortsene vil du v\u00e6re en del av mannskapet p\u00e5 [\u2026]<\/p>","protected":false},"featured_media":10836,"comment_status":"open","ping_status":"open","template":"","meta":[],"product_brand":[],"product_cat":[66],"product_tag":[216],"class_list":{"0":"post-10834","1":"product","2":"type-product","3":"status-publish","4":"has-post-thumbnail","6":"product_cat-shorts-de-bain-one-piece","7":"product_tag-kaido","9":"first","10":"instock","11":"purchasable","12":"product-type-variable","13":"has-default-attributes"},"yoast_head":"<!-- This site is optimized with the Yoast SEO plugin v27.5 - https:\/\/yoast.com\/product\/yoast-seo-wordpress\/ -->\n<title>Short de Bain One Piece Kaido | Boutique One Piece<\/title>\n<meta name=\"description\" content=\"Maillot de Bain du Manga One Piece Qualit\u00e9 avec Kaido La Cr\u00e9ature la Plus Puissante de Monde le Short parfait pour les Pirates qui vont \u00e0 la Mer ou \u00e0 la Piscine\" \/>\n<meta name=\"robots\" content=\"index, follow, max-snippet:-1, max-image-preview:large, max-video-preview:-1\" \/>\n<link rel=\"canonical\" href=\"https:\/\/boutique-one-piece.com\/nb\/one-piece-klaer\/badeshorts-i-ett-stykke\/kaido-badeshorts-i-ett-stykke\/\" \/>\n<meta property=\"og:locale\" content=\"nb_NO\" \/>\n<meta property=\"og:type\" content=\"article\" \/>\n<meta property=\"og:title\" content=\"Short de Bain One Piece Kaido | Boutique One Piece\" \/>\n<meta property=\"og:description\" content=\"Maillot de Bain du Manga One Piece Qualit\u00e9 avec Kaido La Cr\u00e9ature la Plus Puissante de Monde le Short parfait pour les Pirates qui vont \u00e0 la Mer ou \u00e0 la Piscine\" \/>\n<meta property=\"og:url\" content=\"https:\/\/boutique-one-piece.com\/nb\/one-piece-klaer\/badeshorts-i-ett-stykke\/kaido-badeshorts-i-ett-stykke\/\" \/>\n<meta property=\"og:site_name\" content=\"Boutique One Piece\" \/>\n<meta property=\"article:modified_time\" content=\"2024-09-16T12:15:00+00:00\" \/>\n<meta property=\"og:image\" content=\"https:\/\/boutique-one-piece.com\/wp-content\/uploads\/2022\/09\/Short-de-Bain-One-Piece-Kaido.jpg\" \/>\n\t<meta property=\"og:image:width\" content=\"640\" \/>\n\t<meta property=\"og:image:height\" content=\"635\" \/>\n\t<meta property=\"og:image:type\" content=\"image\/jpeg\" \/>\n<meta name=\"twitter:card\" content=\"summary_large_image\" \/>\n<meta name=\"twitter:label1\" content=\"Ansl. lesetid\" \/>\n\t<meta name=\"twitter:data1\" content=\"2 minutter\" \/>\n<script type=\"application\/ld+json\" class=\"yoast-schema-graph\">{\"@context\":\"https:\\\/\\\/schema.org\",\"@graph\":[{\"@type\":\"WebPage\",\"@id\":\"https:\\\/\\\/boutique-one-piece.com\\\/vetements-one-piece\\\/shorts-de-bain-one-piece\\\/short-de-bain-one-piece-kaido\\\/\",\"url\":\"https:\\\/\\\/boutique-one-piece.com\\\/vetements-one-piece\\\/shorts-de-bain-one-piece\\\/short-de-bain-one-piece-kaido\\\/\",\"name\":\"Short de Bain One Piece Kaido | Boutique One Piece\",\"isPartOf\":{\"@id\":\"https:\\\/\\\/boutique-one-piece.com\\\/#website\"},\"primaryImageOfPage\":{\"@id\":\"https:\\\/\\\/boutique-one-piece.com\\\/vetements-one-piece\\\/shorts-de-bain-one-piece\\\/short-de-bain-one-piece-kaido\\\/#primaryimage\"},\"image\":{\"@id\":\"https:\\\/\\\/boutique-one-piece.com\\\/vetements-one-piece\\\/shorts-de-bain-one-piece\\\/short-de-bain-one-piece-kaido\\\/#primaryimage\"},\"thumbnailUrl\":\"https:\\\/\\\/boutique-one-piece.com\\\/wp-content\\\/uploads\\\/2022\\\/09\\\/Short-de-Bain-One-Piece-Kaido.jpg\",\"datePublished\":\"2022-09-27T20:36:57+00:00\",\"dateModified\":\"2024-09-16T12:15:00+00:00\",\"description\":\"Maillot de Bain du Manga One Piece Qualit\u00e9 avec Kaido La Cr\u00e9ature la Plus Puissante de Monde le Short parfait pour les Pirates qui vont \u00e0 la Mer ou \u00e0 la Piscine\",\"breadcrumb\":{\"@id\":\"https:\\\/\\\/boutique-one-piece.com\\\/vetements-one-piece\\\/shorts-de-bain-one-piece\\\/short-de-bain-one-piece-kaido\\\/#breadcrumb\"},\"inLanguage\":\"nb-NO\",\"potentialAction\":[{\"@type\":\"ReadAction\",\"target\":[\"https:\\\/\\\/boutique-one-piece.com\\\/vetements-one-piece\\\/shorts-de-bain-one-piece\\\/short-de-bain-one-piece-kaido\\\/\"]}]},{\"@type\":\"ImageObject\",\"inLanguage\":\"nb-NO\",\"@id\":\"https:\\\/\\\/boutique-one-piece.com\\\/vetements-one-piece\\\/shorts-de-bain-one-piece\\\/short-de-bain-one-piece-kaido\\\/#primaryimage\",\"url\":\"https:\\\/\\\/boutique-one-piece.com\\\/wp-content\\\/uploads\\\/2022\\\/09\\\/Short-de-Bain-One-Piece-Kaido.jpg\",\"contentUrl\":\"https:\\\/\\\/boutique-one-piece.com\\\/wp-content\\\/uploads\\\/2022\\\/09\\\/Short-de-Bain-One-Piece-Kaido.jpg\",\"width\":640,\"height\":635,\"caption\":\"Short de Bain One Piece Kaido xl\"},{\"@type\":\"BreadcrumbList\",\"@id\":\"https:\\\/\\\/boutique-one-piece.com\\\/vetements-one-piece\\\/shorts-de-bain-one-piece\\\/short-de-bain-one-piece-kaido\\\/#breadcrumb\",\"itemListElement\":[{\"@type\":\"ListItem\",\"position\":1,\"name\":\"Home\",\"item\":\"https:\\\/\\\/boutique-one-piece.com\\\/\"},{\"@type\":\"ListItem\",\"position\":2,\"name\":\"Shop\",\"item\":\"https:\\\/\\\/boutique-one-piece.com\\\/shop\\\/\"},{\"@type\":\"ListItem\",\"position\":3,\"name\":\"Short de Bain One Piece Kaido\"}]},{\"@type\":\"WebSite\",\"@id\":\"https:\\\/\\\/boutique-one-piece.com\\\/#website\",\"url\":\"https:\\\/\\\/boutique-one-piece.com\\\/\",\"name\":\"Boutique One Piece\",\"description\":\"Magasin Sp\u00e9cialis\u00e9 du Manga et l&#039;Anime One Piece\",\"publisher\":{\"@id\":\"https:\\\/\\\/boutique-one-piece.com\\\/#organization\"},\"potentialAction\":[{\"@type\":\"SearchAction\",\"target\":{\"@type\":\"EntryPoint\",\"urlTemplate\":\"https:\\\/\\\/boutique-one-piece.com\\\/?s={search_term_string}\"},\"query-input\":{\"@type\":\"PropertyValueSpecification\",\"valueRequired\":true,\"valueName\":\"search_term_string\"}}],\"inLanguage\":\"nb-NO\"},{\"@type\":\"Organization\",\"@id\":\"https:\\\/\\\/boutique-one-piece.com\\\/#organization\",\"name\":\"Boutique One Piece\",\"url\":\"https:\\\/\\\/boutique-one-piece.com\\\/\",\"logo\":{\"@type\":\"ImageObject\",\"inLanguage\":\"nb-NO\",\"@id\":\"https:\\\/\\\/boutique-one-piece.com\\\/#\\\/schema\\\/logo\\\/image\\\/\",\"url\":\"https:\\\/\\\/boutique-one-piece.com\\\/wp-content\\\/uploads\\\/2022\\\/09\\\/Logo-01.png\",\"contentUrl\":\"https:\\\/\\\/boutique-one-piece.com\\\/wp-content\\\/uploads\\\/2022\\\/09\\\/Logo-01.png\",\"width\":2318,\"height\":957,\"caption\":\"Boutique One Piece\"},\"image\":{\"@id\":\"https:\\\/\\\/boutique-one-piece.com\\\/#\\\/schema\\\/logo\\\/image\\\/\"}}]}<\/script>\n<!-- \/ Yoast SEO plugin. -->","yoast_head_json":{"title":"One Piece Kaido badeshorts | One Piece-butikk","description":"One Piece Manga-badedrakt - H\u00f8y kvalitet - Med Kaido, verdens mektigste skapning - Den perfekte shortsen for pirater som skal til sj\u00f8en eller bassenget","robots":{"index":"index","follow":"follow","max-snippet":"max-snippet:-1","max-image-preview":"max-image-preview:large","max-video-preview":"max-video-preview:-1"},"canonical":"https:\/\/boutique-one-piece.com\/nb\/one-piece-klaer\/badeshorts-i-ett-stykke\/kaido-badeshorts-i-ett-stykke\/","og_locale":"nb_NO","og_type":"article","og_title":"Short de Bain One Piece Kaido | Boutique One Piece","og_description":"Maillot de Bain du Manga One Piece Qualit\u00e9 avec Kaido La Cr\u00e9ature la Plus Puissante de Monde le Short parfait pour les Pirates qui vont \u00e0 la Mer ou \u00e0 la Piscine","og_url":"https:\/\/boutique-one-piece.com\/nb\/one-piece-klaer\/badeshorts-i-ett-stykke\/kaido-badeshorts-i-ett-stykke\/","og_site_name":"Boutique One Piece","article_modified_time":"2024-09-16T12:15:00+00:00","og_image":[{"width":640,"height":635,"url":"https:\/\/boutique-one-piece.com\/wp-content\/uploads\/2022\/09\/Short-de-Bain-One-Piece-Kaido.jpg","type":"image\/jpeg"}],"twitter_card":"summary_large_image","twitter_misc":{"Ansl. lesetid":"2 minutter"},"schema":{"@context":"https:\/\/schema.org","@graph":[{"@type":"WebPage","@id":"https:\/\/boutique-one-piece.com\/vetements-one-piece\/shorts-de-bain-one-piece\/short-de-bain-one-piece-kaido\/","url":"https:\/\/boutique-one-piece.com\/vetements-one-piece\/shorts-de-bain-one-piece\/short-de-bain-one-piece-kaido\/","name":"One Piece Kaido badeshorts | One Piece-butikk","isPartOf":{"@id":"https:\/\/boutique-one-piece.com\/#website"},"primaryImageOfPage":{"@id":"https:\/\/boutique-one-piece.com\/vetements-one-piece\/shorts-de-bain-one-piece\/short-de-bain-one-piece-kaido\/#primaryimage"},"image":{"@id":"https:\/\/boutique-one-piece.com\/vetements-one-piece\/shorts-de-bain-one-piece\/short-de-bain-one-piece-kaido\/#primaryimage"},"thumbnailUrl":"https:\/\/boutique-one-piece.com\/wp-content\/uploads\/2022\/09\/Short-de-Bain-One-Piece-Kaido.jpg","datePublished":"2022-09-27T20:36:57+00:00","dateModified":"2024-09-16T12:15:00+00:00","description":"One Piece Manga-badedrakt - H\u00f8y kvalitet - Med Kaido, verdens mektigste skapning - Den perfekte shortsen for pirater som skal til sj\u00f8en eller bassenget","breadcrumb":{"@id":"https:\/\/boutique-one-piece.com\/vetements-one-piece\/shorts-de-bain-one-piece\/short-de-bain-one-piece-kaido\/#breadcrumb"},"inLanguage":"nb-NO","potentialAction":[{"@type":"ReadAction","target":["https:\/\/boutique-one-piece.com\/vetements-one-piece\/shorts-de-bain-one-piece\/short-de-bain-one-piece-kaido\/"]}]},{"@type":"ImageObject","inLanguage":"nb-NO","@id":"https:\/\/boutique-one-piece.com\/vetements-one-piece\/shorts-de-bain-one-piece\/short-de-bain-one-piece-kaido\/#primaryimage","url":"https:\/\/boutique-one-piece.com\/wp-content\/uploads\/2022\/09\/Short-de-Bain-One-Piece-Kaido.jpg","contentUrl":"https:\/\/boutique-one-piece.com\/wp-content\/uploads\/2022\/09\/Short-de-Bain-One-Piece-Kaido.jpg","width":640,"height":635,"caption":"Short de Bain One Piece Kaido xl"},{"@type":"BreadcrumbList","@id":"https:\/\/boutique-one-piece.com\/vetements-one-piece\/shorts-de-bain-one-piece\/short-de-bain-one-piece-kaido\/#breadcrumb","itemListElement":[{"@type":"ListItem","position":1,"name":"Home","item":"https:\/\/boutique-one-piece.com\/"},{"@type":"ListItem","position":2,"name":"Shop","item":"https:\/\/boutique-one-piece.com\/shop\/"},{"@type":"ListItem","position":3,"name":"Short de Bain One Piece Kaido"}]},{"@type":"WebSite","@id":"https:\/\/boutique-one-piece.com\/#website","url":"https:\/\/boutique-one-piece.com\/","name":"One Piece-butikk","description":"Spesialbutikk for One Piece Manga og Anime","publisher":{"@id":"https:\/\/boutique-one-piece.com\/#organization"},"potentialAction":[{"@type":"SearchAction","target":{"@type":"EntryPoint","urlTemplate":"https:\/\/boutique-one-piece.com\/?s={search_term_string}"},"query-input":{"@type":"PropertyValueSpecification","valueRequired":true,"valueName":"search_term_string"}}],"inLanguage":"nb-NO"},{"@type":"Organization","@id":"https:\/\/boutique-one-piece.com\/#organization","name":"One Piece-butikk","url":"https:\/\/boutique-one-piece.com\/","logo":{"@type":"ImageObject","inLanguage":"nb-NO","@id":"https:\/\/boutique-one-piece.com\/#\/schema\/logo\/image\/","url":"https:\/\/boutique-one-piece.com\/wp-content\/uploads\/2022\/09\/Logo-01.png","contentUrl":"https:\/\/boutique-one-piece.com\/wp-content\/uploads\/2022\/09\/Logo-01.png","width":2318,"height":957,"caption":"Boutique One Piece"},"image":{"@id":"https:\/\/boutique-one-piece.com\/#\/schema\/logo\/image\/"}}]}},"_links":{"self":[{"href":"https:\/\/boutique-one-piece.com\/nb\/wp-json\/wp\/v2\/product\/10834","targetHints":{"allow":["GET"]}}],"collection":[{"href":"https:\/\/boutique-one-piece.com\/nb\/wp-json\/wp\/v2\/product"}],"about":[{"href":"https:\/\/boutique-one-piece.com\/nb\/wp-json\/wp\/v2\/types\/product"}],"replies":[{"embeddable":true,"href":"https:\/\/boutique-one-piece.com\/nb\/wp-json\/wp\/v2\/comments?post=10834"}],"wp:featuredmedia":[{"embeddable":true,"href":"https:\/\/boutique-one-piece.com\/nb\/wp-json\/wp\/v2\/media\/10836"}],"wp:attachment":[{"href":"https:\/\/boutique-one-piece.com\/nb\/wp-json\/wp\/v2\/media?parent=10834"}],"wp:term":[{"taxonomy":"product_brand","embeddable":true,"href":"https:\/\/boutique-one-piece.com\/nb\/wp-json\/wp\/v2\/product_brand?post=10834"},{"taxonomy":"product_cat","embeddable":true,"href":"https:\/\/boutique-one-piece.com\/nb\/wp-json\/wp\/v2\/product_cat?post=10834"},{"taxonomy":"product_tag","embeddable":true,"href":"https:\/\/boutique-one-piece.com\/nb\/wp-json\/wp\/v2\/product_tag?post=10834"}],"curies":[{"name":"wp","href":"https:\/\/api.w.org\/{rel}","templated":true}]}}