{"id":10940,"date":"2022-09-27T20:37:33","date_gmt":"2022-09-27T20:37:33","guid":{"rendered":"https:\/\/boutique-one-piece.com\/uncategorized\/figurine-one-piece-luffy-arc-wano-kuni\/"},"modified":"2026-03-16T03:36:28","modified_gmt":"2026-03-16T03:36:28","slug":"figur-i-ett-stykke-luffy-arc-wano-kuni","status":"publish","type":"product","link":"https:\/\/boutique-one-piece.com\/nb\/one-piece-godbiter\/godbiter-ape-d-luffy-ett-stykke\/figur-i-ett-stykke-luffy-arc-wano-kuni\/","title":{"rendered":"One Piece Luffy Arc Wano Kuni Figur"},"content":{"rendered":"<h2>Unge pirat, tiden er inne for at du skal skaffe deg denne One Piece Luffy Wano Kuni Arc-figuren.<\/h2>\n<p>Selv om <strong>Luffy<\/strong> Han trenger ingen introduksjon, her er hva du trenger \u00e5 vite om ham: Han er s\u00f8nn av lederen for den revolusjon\u00e6re h\u00e6ren, Monkey D. Dragon, og barnebarnet til den ber\u00f8mte viseadmiralen i marinen, Monkey D. Garp. Han er ogs\u00e5 adoptivbroren til den avd\u00f8de <strong>Portgas D. Ace og Sabo<\/strong>. Hans kj\u00e6reste dr\u00f8m er \u00e5 bli piratkongen ved \u00e5 finne den legendariske skatten<strong> Ett stykke<\/strong>, gjemt et sted i verden av Gol D. Roger.<\/p>\n<p>N\u00e5r det gjelder Wano Country-historien, b\u00f8r du vite at Straw Hat- og Heart-piratene, sammen med Kin&#039;emon, Raizo, Kanjuro Momonosuke og noen Minks, alle er samlet i Wano og klare til \u00e5 ta ned Kaido! N\u00e5r Kaido ankommer i sin drageform, l\u00e6rer vi mer om hva som skjedde for 20 \u00e5r siden i Oden Kozukis slott ... Videre, <a title=\"ETT STK RORONOA ZORO WANO KUNI FIGUR\" href=\"https:\/\/boutique-one-piece.com\/nb\/ett-stykke-figur-roronoa-zoro-wano-kuni\/\" target=\"_blank\" rel=\"noopener\">figur av Zoro i Wano Kuni-buen<\/a> er innen rekkevidde.<\/p>\n<h3>S\u00e5, er du fascinert av Luffy-figuren fra Wano Country Arc? I s\u00e5 fall, ikke vent lenger og bli med ham. Mange eventyr venter deg ved hans side.<\/h3>\n<p>Enten du er en mange\u00e5rig fan eller en seri\u00f8s samler, disse <strong>mytiske gjenstander<\/strong> Disse er laget for deg. Grip muligheten til \u00e5 utvide One Piece-universet ditt. Din skjebne ligger n\u00e5 i dine hender, unge pirat!<strong> Str\u00e5hatt-gjengen<\/strong> Den venter bare p\u00e5 deg.<\/p>\n<h2>Informasjon om Luffy Arc Wano Kuni\u00a0<\/h2>\n<ul>\n<li><span><b><u>One Piece-figur<\/u><\/b>\u00a0Premium One Piece-figur for ekte pirater<\/span><\/li>\n<\/ul>\n<ul>\n<li>\n<b>Materie<\/b><span>\u00a0<\/span>PVC<\/li>\n<\/ul>\n<ul>\n<li><span><strong>Dimensjon<\/strong>\u00a0: 18 cm<\/span><\/li>\n<\/ul>\n<ul>\n<li><span><strong>GRATIS LEVERING<\/strong><\/span><\/li>\n<\/ul>","protected":false},"excerpt":{"rendered":"<p>Jeune pirate, le moment est venu pour toi de te procurer cette Figurine One Piece Luffy Arc Wano Kuni. M\u00eame si Luffy n&rsquo;est plus \u00e0 pr\u00e9senter, voici ce que tu dois savoir \u00e0 son sujet ; c&rsquo;est le fils du chef de l&rsquo;Arm\u00e9e R\u00e9volutionnaire, Monkey D. Dragon et le petit-fils du c\u00e9l\u00e8bre Vice-Amiral de la [&hellip;]<\/p>","protected":false},"featured_media":10942,"comment_status":"open","ping_status":"open","template":"","meta":[],"product_brand":[],"product_cat":[181,76,215,80],"product_tag":[92,217],"class_list":{"0":"post-10940","1":"product","2":"type-product","3":"status-publish","4":"has-post-thumbnail","6":"product_cat-figurines-monkey-d-luffy","7":"product_cat-figurines-one-piece","8":"product_cat-figurines-one-piece-wano-kuni","9":"product_cat-goodies-monkey-d-luffy-one-piece","10":"product_tag-luffy","11":"product_tag-wano-kuni","13":"first","14":"instock","15":"purchasable","16":"product-type-simple"},"yoast_head":"<!-- This site is optimized with the Yoast SEO plugin v27.5 - https:\/\/yoast.com\/product\/yoast-seo-wordpress\/ -->\n<title>Figurine One Piece Luffy Arc Wano Kuni | Figurine One Piece \u2013 Boutique One Piece<\/title>\n<meta name=\"description\" content=\"Jeune pirate, le moment est venu pour toi de te procurer cette Figurine One Piece Luffy Arc Wano Kuni. M\u00eame si Luffy n&#039;est plus \u00e0 pr\u00e9senter, voici ce que tu dois savoir \u00e0 son sujet ; c&#039;est le fils du chef de l&#039;Arm\u00e9e R\u00e9volutionnaire, Monkey D. Dragon et le petit-fils du c\u00e9l\u00e8bre Vice-Amiral de la Marine, Monkey D. Garp.\" \/>\n<meta name=\"robots\" content=\"index, follow, max-snippet:-1, max-image-preview:large, max-video-preview:-1\" \/>\n<link rel=\"canonical\" href=\"https:\/\/boutique-one-piece.com\/nb\/one-piece-figurer-2\/one-piece-wano-kuni-figurer\/figur-i-ett-stykke-luffy-arc-wano-kuni\/\" \/>\n<meta property=\"og:locale\" content=\"nb_NO\" \/>\n<meta property=\"og:type\" content=\"article\" \/>\n<meta property=\"og:title\" content=\"Figurine One Piece Luffy Arc Wano Kuni | Figurine One Piece \u2013 Boutique One Piece\" \/>\n<meta property=\"og:description\" content=\"Jeune pirate, le moment est venu pour toi de te procurer cette Figurine One Piece Luffy Arc Wano Kuni. M\u00eame si Luffy n&#039;est plus \u00e0 pr\u00e9senter, voici ce que tu dois savoir \u00e0 son sujet ; c&#039;est le fils du chef de l&#039;Arm\u00e9e R\u00e9volutionnaire, Monkey D. Dragon et le petit-fils du c\u00e9l\u00e8bre Vice-Amiral de la Marine, Monkey D. Garp.\" \/>\n<meta property=\"og:url\" content=\"https:\/\/boutique-one-piece.com\/nb\/one-piece-figurer-2\/one-piece-wano-kuni-figurer\/figur-i-ett-stykke-luffy-arc-wano-kuni\/\" \/>\n<meta property=\"og:site_name\" content=\"Boutique One Piece\" \/>\n<meta property=\"article:modified_time\" content=\"2026-03-16T03:36:28+00:00\" \/>\n<meta property=\"og:image\" content=\"https:\/\/boutique-one-piece.com\/wp-content\/uploads\/2022\/09\/Figurine-One-Piece-Luffy-Arc-Wano-Kuni-1.jpg\" \/>\n\t<meta property=\"og:image:width\" content=\"805\" \/>\n\t<meta property=\"og:image:height\" content=\"805\" \/>\n\t<meta property=\"og:image:type\" content=\"image\/jpeg\" \/>\n<meta name=\"twitter:card\" content=\"summary_large_image\" \/>\n<meta name=\"twitter:label1\" content=\"Ansl. lesetid\" \/>\n\t<meta name=\"twitter:data1\" content=\"2 minutter\" \/>\n<script type=\"application\/ld+json\" class=\"yoast-schema-graph\">{\"@context\":\"https:\\\/\\\/schema.org\",\"@graph\":[{\"@type\":\"WebPage\",\"@id\":\"https:\\\/\\\/boutique-one-piece.com\\\/figurines-one-piece\\\/figurines-one-piece-wano-kuni\\\/figurine-one-piece-luffy-arc-wano-kuni\\\/\",\"url\":\"https:\\\/\\\/boutique-one-piece.com\\\/figurines-one-piece\\\/figurines-one-piece-wano-kuni\\\/figurine-one-piece-luffy-arc-wano-kuni\\\/\",\"name\":\"Figurine One Piece Luffy Arc Wano Kuni | Figurine One Piece \u2013 Boutique One Piece\",\"isPartOf\":{\"@id\":\"https:\\\/\\\/boutique-one-piece.com\\\/#website\"},\"primaryImageOfPage\":{\"@id\":\"https:\\\/\\\/boutique-one-piece.com\\\/figurines-one-piece\\\/figurines-one-piece-wano-kuni\\\/figurine-one-piece-luffy-arc-wano-kuni\\\/#primaryimage\"},\"image\":{\"@id\":\"https:\\\/\\\/boutique-one-piece.com\\\/figurines-one-piece\\\/figurines-one-piece-wano-kuni\\\/figurine-one-piece-luffy-arc-wano-kuni\\\/#primaryimage\"},\"thumbnailUrl\":\"https:\\\/\\\/boutique-one-piece.com\\\/wp-content\\\/uploads\\\/2022\\\/09\\\/Figurine-One-Piece-Luffy-Arc-Wano-Kuni-1.jpg\",\"datePublished\":\"2022-09-27T20:37:33+00:00\",\"dateModified\":\"2026-03-16T03:36:28+00:00\",\"description\":\"Jeune pirate, le moment est venu pour toi de te procurer cette Figurine One Piece Luffy Arc Wano Kuni. M\u00eame si Luffy n'est plus \u00e0 pr\u00e9senter, voici ce que tu dois savoir \u00e0 son sujet ; c'est le fils du chef de l'Arm\u00e9e R\u00e9volutionnaire, Monkey D. Dragon et le petit-fils du c\u00e9l\u00e8bre Vice-Amiral de la Marine, Monkey D. Garp.\",\"breadcrumb\":{\"@id\":\"https:\\\/\\\/boutique-one-piece.com\\\/figurines-one-piece\\\/figurines-one-piece-wano-kuni\\\/figurine-one-piece-luffy-arc-wano-kuni\\\/#breadcrumb\"},\"inLanguage\":\"nb-NO\",\"potentialAction\":[{\"@type\":\"ReadAction\",\"target\":[\"https:\\\/\\\/boutique-one-piece.com\\\/figurines-one-piece\\\/figurines-one-piece-wano-kuni\\\/figurine-one-piece-luffy-arc-wano-kuni\\\/\"]}]},{\"@type\":\"ImageObject\",\"inLanguage\":\"nb-NO\",\"@id\":\"https:\\\/\\\/boutique-one-piece.com\\\/figurines-one-piece\\\/figurines-one-piece-wano-kuni\\\/figurine-one-piece-luffy-arc-wano-kuni\\\/#primaryimage\",\"url\":\"https:\\\/\\\/boutique-one-piece.com\\\/wp-content\\\/uploads\\\/2022\\\/09\\\/Figurine-One-Piece-Luffy-Arc-Wano-Kuni-1.jpg\",\"contentUrl\":\"https:\\\/\\\/boutique-one-piece.com\\\/wp-content\\\/uploads\\\/2022\\\/09\\\/Figurine-One-Piece-Luffy-Arc-Wano-Kuni-1.jpg\",\"width\":805,\"height\":805},{\"@type\":\"BreadcrumbList\",\"@id\":\"https:\\\/\\\/boutique-one-piece.com\\\/figurines-one-piece\\\/figurines-one-piece-wano-kuni\\\/figurine-one-piece-luffy-arc-wano-kuni\\\/#breadcrumb\",\"itemListElement\":[{\"@type\":\"ListItem\",\"position\":1,\"name\":\"Home\",\"item\":\"https:\\\/\\\/boutique-one-piece.com\\\/\"},{\"@type\":\"ListItem\",\"position\":2,\"name\":\"Shop\",\"item\":\"https:\\\/\\\/boutique-one-piece.com\\\/shop\\\/\"},{\"@type\":\"ListItem\",\"position\":3,\"name\":\"Figurine One Piece Luffy Arc Wano Kuni\"}]},{\"@type\":\"WebSite\",\"@id\":\"https:\\\/\\\/boutique-one-piece.com\\\/#website\",\"url\":\"https:\\\/\\\/boutique-one-piece.com\\\/\",\"name\":\"Boutique One Piece\",\"description\":\"Magasin Sp\u00e9cialis\u00e9 du Manga et l&#039;Anime One Piece\",\"publisher\":{\"@id\":\"https:\\\/\\\/boutique-one-piece.com\\\/#organization\"},\"potentialAction\":[{\"@type\":\"SearchAction\",\"target\":{\"@type\":\"EntryPoint\",\"urlTemplate\":\"https:\\\/\\\/boutique-one-piece.com\\\/?s={search_term_string}\"},\"query-input\":{\"@type\":\"PropertyValueSpecification\",\"valueRequired\":true,\"valueName\":\"search_term_string\"}}],\"inLanguage\":\"nb-NO\"},{\"@type\":\"Organization\",\"@id\":\"https:\\\/\\\/boutique-one-piece.com\\\/#organization\",\"name\":\"Boutique One Piece\",\"url\":\"https:\\\/\\\/boutique-one-piece.com\\\/\",\"logo\":{\"@type\":\"ImageObject\",\"inLanguage\":\"nb-NO\",\"@id\":\"https:\\\/\\\/boutique-one-piece.com\\\/#\\\/schema\\\/logo\\\/image\\\/\",\"url\":\"https:\\\/\\\/boutique-one-piece.com\\\/wp-content\\\/uploads\\\/2022\\\/09\\\/Logo-01.png\",\"contentUrl\":\"https:\\\/\\\/boutique-one-piece.com\\\/wp-content\\\/uploads\\\/2022\\\/09\\\/Logo-01.png\",\"width\":2318,\"height\":957,\"caption\":\"Boutique One Piece\"},\"image\":{\"@id\":\"https:\\\/\\\/boutique-one-piece.com\\\/#\\\/schema\\\/logo\\\/image\\\/\"}}]}<\/script>\n<!-- \/ Yoast SEO plugin. -->","yoast_head_json":{"title":"One Piece Luffy Arc Wano Kuni Figur | One Piece Figur \u2013 One Piece Shop","description":"Unge pirat, tiden er inne for at du skal f\u00e5 tak i denne One Piece Luffy Wano Country Arc-figuren. Selv om Luffy ikke trenger noen introduksjon, er dette hva du b\u00f8r vite om ham: Han er s\u00f8nn av lederen for den revolusjon\u00e6re h\u00e6ren, Monkey D. Dragon, og barnebarnet til den ber\u00f8mte viseadmiralen i marinen, Monkey D. Garp.","robots":{"index":"index","follow":"follow","max-snippet":"max-snippet:-1","max-image-preview":"max-image-preview:large","max-video-preview":"max-video-preview:-1"},"canonical":"https:\/\/boutique-one-piece.com\/nb\/one-piece-figurer-2\/one-piece-wano-kuni-figurer\/figur-i-ett-stykke-luffy-arc-wano-kuni\/","og_locale":"nb_NO","og_type":"article","og_title":"Figurine One Piece Luffy Arc Wano Kuni | Figurine One Piece \u2013 Boutique One Piece","og_description":"Jeune pirate, le moment est venu pour toi de te procurer cette Figurine One Piece Luffy Arc Wano Kuni. M\u00eame si Luffy n'est plus \u00e0 pr\u00e9senter, voici ce que tu dois savoir \u00e0 son sujet ; c'est le fils du chef de l'Arm\u00e9e R\u00e9volutionnaire, Monkey D. Dragon et le petit-fils du c\u00e9l\u00e8bre Vice-Amiral de la Marine, Monkey D. Garp.","og_url":"https:\/\/boutique-one-piece.com\/nb\/one-piece-figurer-2\/one-piece-wano-kuni-figurer\/figur-i-ett-stykke-luffy-arc-wano-kuni\/","og_site_name":"Boutique One Piece","article_modified_time":"2026-03-16T03:36:28+00:00","og_image":[{"width":805,"height":805,"url":"https:\/\/boutique-one-piece.com\/wp-content\/uploads\/2022\/09\/Figurine-One-Piece-Luffy-Arc-Wano-Kuni-1.jpg","type":"image\/jpeg"}],"twitter_card":"summary_large_image","twitter_misc":{"Ansl. lesetid":"2 minutter"},"schema":{"@context":"https:\/\/schema.org","@graph":[{"@type":"WebPage","@id":"https:\/\/boutique-one-piece.com\/figurines-one-piece\/figurines-one-piece-wano-kuni\/figurine-one-piece-luffy-arc-wano-kuni\/","url":"https:\/\/boutique-one-piece.com\/figurines-one-piece\/figurines-one-piece-wano-kuni\/figurine-one-piece-luffy-arc-wano-kuni\/","name":"One Piece Luffy Arc Wano Kuni Figur | One Piece Figur \u2013 One Piece Shop","isPartOf":{"@id":"https:\/\/boutique-one-piece.com\/#website"},"primaryImageOfPage":{"@id":"https:\/\/boutique-one-piece.com\/figurines-one-piece\/figurines-one-piece-wano-kuni\/figurine-one-piece-luffy-arc-wano-kuni\/#primaryimage"},"image":{"@id":"https:\/\/boutique-one-piece.com\/figurines-one-piece\/figurines-one-piece-wano-kuni\/figurine-one-piece-luffy-arc-wano-kuni\/#primaryimage"},"thumbnailUrl":"https:\/\/boutique-one-piece.com\/wp-content\/uploads\/2022\/09\/Figurine-One-Piece-Luffy-Arc-Wano-Kuni-1.jpg","datePublished":"2022-09-27T20:37:33+00:00","dateModified":"2026-03-16T03:36:28+00:00","description":"Unge pirat, tiden er inne for at du skal f\u00e5 tak i denne One Piece Luffy Wano Country Arc-figuren. Selv om Luffy ikke trenger noen introduksjon, er dette hva du b\u00f8r vite om ham: Han er s\u00f8nn av lederen for den revolusjon\u00e6re h\u00e6ren, Monkey D. Dragon, og barnebarnet til den ber\u00f8mte viseadmiralen i marinen, Monkey D. Garp.","breadcrumb":{"@id":"https:\/\/boutique-one-piece.com\/figurines-one-piece\/figurines-one-piece-wano-kuni\/figurine-one-piece-luffy-arc-wano-kuni\/#breadcrumb"},"inLanguage":"nb-NO","potentialAction":[{"@type":"ReadAction","target":["https:\/\/boutique-one-piece.com\/figurines-one-piece\/figurines-one-piece-wano-kuni\/figurine-one-piece-luffy-arc-wano-kuni\/"]}]},{"@type":"ImageObject","inLanguage":"nb-NO","@id":"https:\/\/boutique-one-piece.com\/figurines-one-piece\/figurines-one-piece-wano-kuni\/figurine-one-piece-luffy-arc-wano-kuni\/#primaryimage","url":"https:\/\/boutique-one-piece.com\/wp-content\/uploads\/2022\/09\/Figurine-One-Piece-Luffy-Arc-Wano-Kuni-1.jpg","contentUrl":"https:\/\/boutique-one-piece.com\/wp-content\/uploads\/2022\/09\/Figurine-One-Piece-Luffy-Arc-Wano-Kuni-1.jpg","width":805,"height":805},{"@type":"BreadcrumbList","@id":"https:\/\/boutique-one-piece.com\/figurines-one-piece\/figurines-one-piece-wano-kuni\/figurine-one-piece-luffy-arc-wano-kuni\/#breadcrumb","itemListElement":[{"@type":"ListItem","position":1,"name":"Home","item":"https:\/\/boutique-one-piece.com\/"},{"@type":"ListItem","position":2,"name":"Shop","item":"https:\/\/boutique-one-piece.com\/shop\/"},{"@type":"ListItem","position":3,"name":"Figurine One Piece Luffy Arc Wano Kuni"}]},{"@type":"WebSite","@id":"https:\/\/boutique-one-piece.com\/#website","url":"https:\/\/boutique-one-piece.com\/","name":"One Piece-butikk","description":"Spesialbutikk for One Piece Manga og Anime","publisher":{"@id":"https:\/\/boutique-one-piece.com\/#organization"},"potentialAction":[{"@type":"SearchAction","target":{"@type":"EntryPoint","urlTemplate":"https:\/\/boutique-one-piece.com\/?s={search_term_string}"},"query-input":{"@type":"PropertyValueSpecification","valueRequired":true,"valueName":"search_term_string"}}],"inLanguage":"nb-NO"},{"@type":"Organization","@id":"https:\/\/boutique-one-piece.com\/#organization","name":"One Piece-butikk","url":"https:\/\/boutique-one-piece.com\/","logo":{"@type":"ImageObject","inLanguage":"nb-NO","@id":"https:\/\/boutique-one-piece.com\/#\/schema\/logo\/image\/","url":"https:\/\/boutique-one-piece.com\/wp-content\/uploads\/2022\/09\/Logo-01.png","contentUrl":"https:\/\/boutique-one-piece.com\/wp-content\/uploads\/2022\/09\/Logo-01.png","width":2318,"height":957,"caption":"Boutique One Piece"},"image":{"@id":"https:\/\/boutique-one-piece.com\/#\/schema\/logo\/image\/"}}]}},"_links":{"self":[{"href":"https:\/\/boutique-one-piece.com\/nb\/wp-json\/wp\/v2\/product\/10940","targetHints":{"allow":["GET"]}}],"collection":[{"href":"https:\/\/boutique-one-piece.com\/nb\/wp-json\/wp\/v2\/product"}],"about":[{"href":"https:\/\/boutique-one-piece.com\/nb\/wp-json\/wp\/v2\/types\/product"}],"replies":[{"embeddable":true,"href":"https:\/\/boutique-one-piece.com\/nb\/wp-json\/wp\/v2\/comments?post=10940"}],"wp:featuredmedia":[{"embeddable":true,"href":"https:\/\/boutique-one-piece.com\/nb\/wp-json\/wp\/v2\/media\/10942"}],"wp:attachment":[{"href":"https:\/\/boutique-one-piece.com\/nb\/wp-json\/wp\/v2\/media?parent=10940"}],"wp:term":[{"taxonomy":"product_brand","embeddable":true,"href":"https:\/\/boutique-one-piece.com\/nb\/wp-json\/wp\/v2\/product_brand?post=10940"},{"taxonomy":"product_cat","embeddable":true,"href":"https:\/\/boutique-one-piece.com\/nb\/wp-json\/wp\/v2\/product_cat?post=10940"},{"taxonomy":"product_tag","embeddable":true,"href":"https:\/\/boutique-one-piece.com\/nb\/wp-json\/wp\/v2\/product_tag?post=10940"}],"curies":[{"name":"wp","href":"https:\/\/api.w.org\/{rel}","templated":true}]}}