{"id":11228,"date":"2022-09-27T20:39:31","date_gmt":"2022-09-27T20:39:31","guid":{"rendered":"https:\/\/boutique-one-piece.com\/uncategorized\/figurine-one-piece-big-mom-sur-son-trone-26-cm\/"},"modified":"2024-09-16T12:25:21","modified_gmt":"2024-09-16T12:25:21","slug":"one-piece-big-mom-figur-pa-tronen-sin-26-cm","status":"publish","type":"product","link":"https:\/\/boutique-one-piece.com\/nb\/one-piece-figurer-2\/one-piece-big-mom-figur-pa-tronen-sin-26-cm\/","title":{"rendered":"One Piece Big Mom on her Throne-figur"},"content":{"rendered":"<h2>Unge pirat, tiden er inne for at du skal skaffe deg denne One Piece Big Mom on her Throne-figuren.<\/h2>\n<p>Du er uten tvil klar over det <strong>Big Moms mannskap<\/strong> er et beryktet og mektig piratmannskap ledet av Keiseren<strong> Charlotte Linlin<\/strong>, bedre kjent som \u00abBig Mom\u00bb. Mannskapet styrer den mektige nasjonen Totto Land, med kapteinen som dronning og operasjonsbasen deres p\u00e5 Whole Cake Island. De er den viktigste antagonistgruppen i Whole Cake Island-buen og en av de viktigste antagonistgruppene i Four Emperors Saga.<\/p>\n<p>En liten anekdote om rekruttering til dette mannskapet: For \u00e5 seile under navnet Big Mom, m\u00e5 nye rekrutter v\u00e6re i slekt med mannskapet gjennom blod; dette betyr at de m\u00e5 gifte seg med en s\u00f8nn eller datter av<strong> Charlotte-familien<\/strong>, som blir et politisk ekteskap. S\u00e5 langt har det ikke blitt angitt om alle nye medlemmer m\u00e5 gifte seg med et familiemedlem, eller om det er tilstrekkelig \u00e5 gifte seg med et besetningsmedlem som ikke er en del av nevnte familie. Videre <a title=\"ONE PIECE CHARLOTTE KATAKURI-FIGUR, STORE MOM SISTE ELDSTE S\u00d8NN\" href=\"https:\/\/boutique-one-piece.com\/nb\/one-piece-figur-charlotte-katakari-eldste-sonn-av-big-mom\/\" target=\"_blank\" rel=\"noopener\">figur av Charlotte Katakuri<\/a> er innen rekkevidde.<\/p>\n<h3>S\u00e5, er du trollbundet av Big Mom-figuren p\u00e5 tronen hennes? I s\u00e5 fall vet du hva du m\u00e5 gj\u00f8re for \u00e5 bli med i Big Moms gjeng.<\/h3>\n<p><strong>Ung pirat<\/strong>, F\u00e5 tak i disse legendariske gjenstandene n\u00e5. Perfekt til gave, dekorasjon eller samling, disse gjenstandene vil forbedre samlingen din. <strong>ditt One Piece-univers<\/strong>. S\u00e5 hva venter du p\u00e5? Grip denne muligheten til \u00e5 oppleve det ene spennende eventyret etter det andre.<\/p>\n<h2>Informasjon om Big Mom-figuren p\u00e5 tronen hennes&nbsp;<\/h2>\n<ul>\n<li><span><b><u>One Piece-figur<\/u><\/b>&nbsp;Premium One Piece-figur for ekte pirater<\/span><\/li>\n<\/ul>\n<ul>\n<li>\n<b>Materie<\/b><span>&nbsp;<\/span>PVC<\/li>\n<\/ul>\n<ul>\n<li><span><strong>Dimensjon<\/strong>&nbsp;: 23 cm<\/span><\/li>\n<\/ul>\n<ul>\n<li><span><strong>GRATIS LEVERING<\/strong><\/span><\/li>\n<\/ul>","protected":false},"excerpt":{"rendered":"<p>Unge pirat, tiden er inne for at du skal f\u00e5 tak i denne One Piece Big Mom on Her Throne-figuren. Du er sikkert klar over at Big Mom-piratene er en beryktet og mektig piratgjeng ledet av keiser Charlotte Linlin, bedre kjent som \u00abBig Mom\u00bb. Mannskapet styrer den mektige nasjonen [\u2026]<\/p>","protected":false},"featured_media":11230,"comment_status":"open","ping_status":"open","template":"","meta":[],"product_brand":[],"product_cat":[76],"product_tag":[351],"class_list":{"0":"post-11228","1":"product","2":"type-product","3":"status-publish","4":"has-post-thumbnail","6":"product_cat-figurines-one-piece","7":"product_tag-big-mom","9":"first","10":"instock","11":"purchasable","12":"product-type-simple"},"yoast_head":"<!-- This site is optimized with the Yoast SEO plugin v27.5 - https:\/\/yoast.com\/product\/yoast-seo-wordpress\/ -->\n<title>Figurine One Piece Big Mom sur son Tr\u00f4ne | Figurine One Piece \u2013 Boutique One Piece<\/title>\n<meta name=\"description\" content=\"Jeune pirate, le moment est venu pour toi de te procurer cette Figurine One Piece Big Mom sur son Tr\u00f4ne. Tu n&#039;es pas sans savoir que L&#039;\u00c9quipage de Big Mom est un \u00e9quipage pirate inf\u00e2me et puissant dirig\u00e9 par l&#039;Empereur Charlotte Linlin, mieux connue sous le nom de &quot;Big Mom&quot;. L&#039;\u00e9quipage dirige la puissante nation de Tot\" \/>\n<meta name=\"robots\" content=\"index, follow, max-snippet:-1, max-image-preview:large, max-video-preview:-1\" \/>\n<link rel=\"canonical\" href=\"https:\/\/boutique-one-piece.com\/nb\/one-piece-figurer-2\/one-piece-big-mom-figur-pa-tronen-sin-26-cm\/\" \/>\n<meta property=\"og:locale\" content=\"nb_NO\" \/>\n<meta property=\"og:type\" content=\"article\" \/>\n<meta property=\"og:title\" content=\"Figurine One Piece Big Mom sur son Tr\u00f4ne | Figurine One Piece \u2013 Boutique One Piece\" \/>\n<meta property=\"og:description\" content=\"Jeune pirate, le moment est venu pour toi de te procurer cette Figurine One Piece Big Mom sur son Tr\u00f4ne. Tu n&#039;es pas sans savoir que L&#039;\u00c9quipage de Big Mom est un \u00e9quipage pirate inf\u00e2me et puissant dirig\u00e9 par l&#039;Empereur Charlotte Linlin, mieux connue sous le nom de &quot;Big Mom&quot;. L&#039;\u00e9quipage dirige la puissante nation de Tot\" \/>\n<meta property=\"og:url\" content=\"https:\/\/boutique-one-piece.com\/nb\/one-piece-figurer-2\/one-piece-big-mom-figur-pa-tronen-sin-26-cm\/\" \/>\n<meta property=\"og:site_name\" content=\"Boutique One Piece\" \/>\n<meta property=\"article:modified_time\" content=\"2024-09-16T12:25:21+00:00\" \/>\n<meta property=\"og:image\" content=\"https:\/\/boutique-one-piece.com\/wp-content\/uploads\/2022\/09\/Figurine-One-Piece-Big-Mom-sur-son-Trone-1.jpg\" \/>\n\t<meta property=\"og:image:width\" content=\"960\" \/>\n\t<meta property=\"og:image:height\" content=\"960\" \/>\n\t<meta property=\"og:image:type\" content=\"image\/jpeg\" \/>\n<meta name=\"twitter:card\" content=\"summary_large_image\" \/>\n<meta name=\"twitter:label1\" content=\"Ansl. lesetid\" \/>\n\t<meta name=\"twitter:data1\" content=\"2 minutter\" \/>\n<script type=\"application\/ld+json\" class=\"yoast-schema-graph\">{\"@context\":\"https:\\\/\\\/schema.org\",\"@graph\":[{\"@type\":\"WebPage\",\"@id\":\"https:\\\/\\\/boutique-one-piece.com\\\/figurines-one-piece\\\/figurine-one-piece-big-mom-sur-son-trone-26-cm\\\/\",\"url\":\"https:\\\/\\\/boutique-one-piece.com\\\/figurines-one-piece\\\/figurine-one-piece-big-mom-sur-son-trone-26-cm\\\/\",\"name\":\"Figurine One Piece Big Mom sur son Tr\u00f4ne | Figurine One Piece \u2013 Boutique One Piece\",\"isPartOf\":{\"@id\":\"https:\\\/\\\/boutique-one-piece.com\\\/#website\"},\"primaryImageOfPage\":{\"@id\":\"https:\\\/\\\/boutique-one-piece.com\\\/figurines-one-piece\\\/figurine-one-piece-big-mom-sur-son-trone-26-cm\\\/#primaryimage\"},\"image\":{\"@id\":\"https:\\\/\\\/boutique-one-piece.com\\\/figurines-one-piece\\\/figurine-one-piece-big-mom-sur-son-trone-26-cm\\\/#primaryimage\"},\"thumbnailUrl\":\"https:\\\/\\\/boutique-one-piece.com\\\/wp-content\\\/uploads\\\/2022\\\/09\\\/Figurine-One-Piece-Big-Mom-sur-son-Trone-1.jpg\",\"datePublished\":\"2022-09-27T20:39:31+00:00\",\"dateModified\":\"2024-09-16T12:25:21+00:00\",\"description\":\"Jeune pirate, le moment est venu pour toi de te procurer cette Figurine One Piece Big Mom sur son Tr\u00f4ne. Tu n'es pas sans savoir que L'\u00c9quipage de Big Mom est un \u00e9quipage pirate inf\u00e2me et puissant dirig\u00e9 par l'Empereur Charlotte Linlin, mieux connue sous le nom de \\\"Big Mom\\\". L'\u00e9quipage dirige la puissante nation de Tot\",\"breadcrumb\":{\"@id\":\"https:\\\/\\\/boutique-one-piece.com\\\/figurines-one-piece\\\/figurine-one-piece-big-mom-sur-son-trone-26-cm\\\/#breadcrumb\"},\"inLanguage\":\"nb-NO\",\"potentialAction\":[{\"@type\":\"ReadAction\",\"target\":[\"https:\\\/\\\/boutique-one-piece.com\\\/figurines-one-piece\\\/figurine-one-piece-big-mom-sur-son-trone-26-cm\\\/\"]}]},{\"@type\":\"ImageObject\",\"inLanguage\":\"nb-NO\",\"@id\":\"https:\\\/\\\/boutique-one-piece.com\\\/figurines-one-piece\\\/figurine-one-piece-big-mom-sur-son-trone-26-cm\\\/#primaryimage\",\"url\":\"https:\\\/\\\/boutique-one-piece.com\\\/wp-content\\\/uploads\\\/2022\\\/09\\\/Figurine-One-Piece-Big-Mom-sur-son-Trone-1.jpg\",\"contentUrl\":\"https:\\\/\\\/boutique-one-piece.com\\\/wp-content\\\/uploads\\\/2022\\\/09\\\/Figurine-One-Piece-Big-Mom-sur-son-Trone-1.jpg\",\"width\":960,\"height\":960},{\"@type\":\"BreadcrumbList\",\"@id\":\"https:\\\/\\\/boutique-one-piece.com\\\/figurines-one-piece\\\/figurine-one-piece-big-mom-sur-son-trone-26-cm\\\/#breadcrumb\",\"itemListElement\":[{\"@type\":\"ListItem\",\"position\":1,\"name\":\"Home\",\"item\":\"https:\\\/\\\/boutique-one-piece.com\\\/\"},{\"@type\":\"ListItem\",\"position\":2,\"name\":\"Shop\",\"item\":\"https:\\\/\\\/boutique-one-piece.com\\\/shop\\\/\"},{\"@type\":\"ListItem\",\"position\":3,\"name\":\"Figurine One Piece Big Mom sur son Tr\u00f4ne\"}]},{\"@type\":\"WebSite\",\"@id\":\"https:\\\/\\\/boutique-one-piece.com\\\/#website\",\"url\":\"https:\\\/\\\/boutique-one-piece.com\\\/\",\"name\":\"Boutique One Piece\",\"description\":\"Magasin Sp\u00e9cialis\u00e9 du Manga et l&#039;Anime One Piece\",\"publisher\":{\"@id\":\"https:\\\/\\\/boutique-one-piece.com\\\/#organization\"},\"potentialAction\":[{\"@type\":\"SearchAction\",\"target\":{\"@type\":\"EntryPoint\",\"urlTemplate\":\"https:\\\/\\\/boutique-one-piece.com\\\/?s={search_term_string}\"},\"query-input\":{\"@type\":\"PropertyValueSpecification\",\"valueRequired\":true,\"valueName\":\"search_term_string\"}}],\"inLanguage\":\"nb-NO\"},{\"@type\":\"Organization\",\"@id\":\"https:\\\/\\\/boutique-one-piece.com\\\/#organization\",\"name\":\"Boutique One Piece\",\"url\":\"https:\\\/\\\/boutique-one-piece.com\\\/\",\"logo\":{\"@type\":\"ImageObject\",\"inLanguage\":\"nb-NO\",\"@id\":\"https:\\\/\\\/boutique-one-piece.com\\\/#\\\/schema\\\/logo\\\/image\\\/\",\"url\":\"https:\\\/\\\/boutique-one-piece.com\\\/wp-content\\\/uploads\\\/2022\\\/09\\\/Logo-01.png\",\"contentUrl\":\"https:\\\/\\\/boutique-one-piece.com\\\/wp-content\\\/uploads\\\/2022\\\/09\\\/Logo-01.png\",\"width\":2318,\"height\":957,\"caption\":\"Boutique One Piece\"},\"image\":{\"@id\":\"https:\\\/\\\/boutique-one-piece.com\\\/#\\\/schema\\\/logo\\\/image\\\/\"}}]}<\/script>\n<!-- \/ Yoast SEO plugin. -->","yoast_head_json":{"title":"One Piece Big Mom on Her Throne-figur | One Piece-figur \u2013 One Piece-butikken","description":"Unge pirat, tiden er inne for at du skal f\u00e5 tak i denne One Piece Big Mom on Her Throne-figuren. Du er sikkert klar over at Big Mom-piratene er en beryktet og mektig piratgjeng ledet av keiser Charlotte Linlin, bedre kjent som \"Big Mom\". Mannskapet styrer den mektige nasjonen Tot.","robots":{"index":"index","follow":"follow","max-snippet":"max-snippet:-1","max-image-preview":"max-image-preview:large","max-video-preview":"max-video-preview:-1"},"canonical":"https:\/\/boutique-one-piece.com\/nb\/one-piece-figurer-2\/one-piece-big-mom-figur-pa-tronen-sin-26-cm\/","og_locale":"nb_NO","og_type":"article","og_title":"Figurine One Piece Big Mom sur son Tr\u00f4ne | Figurine One Piece \u2013 Boutique One Piece","og_description":"Jeune pirate, le moment est venu pour toi de te procurer cette Figurine One Piece Big Mom sur son Tr\u00f4ne. Tu n'es pas sans savoir que L'\u00c9quipage de Big Mom est un \u00e9quipage pirate inf\u00e2me et puissant dirig\u00e9 par l'Empereur Charlotte Linlin, mieux connue sous le nom de \"Big Mom\". L'\u00e9quipage dirige la puissante nation de Tot","og_url":"https:\/\/boutique-one-piece.com\/nb\/one-piece-figurer-2\/one-piece-big-mom-figur-pa-tronen-sin-26-cm\/","og_site_name":"Boutique One Piece","article_modified_time":"2024-09-16T12:25:21+00:00","og_image":[{"width":960,"height":960,"url":"https:\/\/boutique-one-piece.com\/wp-content\/uploads\/2022\/09\/Figurine-One-Piece-Big-Mom-sur-son-Trone-1.jpg","type":"image\/jpeg"}],"twitter_card":"summary_large_image","twitter_misc":{"Ansl. lesetid":"2 minutter"},"schema":{"@context":"https:\/\/schema.org","@graph":[{"@type":"WebPage","@id":"https:\/\/boutique-one-piece.com\/figurines-one-piece\/figurine-one-piece-big-mom-sur-son-trone-26-cm\/","url":"https:\/\/boutique-one-piece.com\/figurines-one-piece\/figurine-one-piece-big-mom-sur-son-trone-26-cm\/","name":"One Piece Big Mom on Her Throne-figur | One Piece-figur \u2013 One Piece-butikken","isPartOf":{"@id":"https:\/\/boutique-one-piece.com\/#website"},"primaryImageOfPage":{"@id":"https:\/\/boutique-one-piece.com\/figurines-one-piece\/figurine-one-piece-big-mom-sur-son-trone-26-cm\/#primaryimage"},"image":{"@id":"https:\/\/boutique-one-piece.com\/figurines-one-piece\/figurine-one-piece-big-mom-sur-son-trone-26-cm\/#primaryimage"},"thumbnailUrl":"https:\/\/boutique-one-piece.com\/wp-content\/uploads\/2022\/09\/Figurine-One-Piece-Big-Mom-sur-son-Trone-1.jpg","datePublished":"2022-09-27T20:39:31+00:00","dateModified":"2024-09-16T12:25:21+00:00","description":"Unge pirat, tiden er inne for at du skal f\u00e5 tak i denne One Piece Big Mom on Her Throne-figuren. Du er sikkert klar over at Big Mom-piratene er en beryktet og mektig piratgjeng ledet av keiser Charlotte Linlin, bedre kjent som \"Big Mom\". Mannskapet styrer den mektige nasjonen Tot.","breadcrumb":{"@id":"https:\/\/boutique-one-piece.com\/figurines-one-piece\/figurine-one-piece-big-mom-sur-son-trone-26-cm\/#breadcrumb"},"inLanguage":"nb-NO","potentialAction":[{"@type":"ReadAction","target":["https:\/\/boutique-one-piece.com\/figurines-one-piece\/figurine-one-piece-big-mom-sur-son-trone-26-cm\/"]}]},{"@type":"ImageObject","inLanguage":"nb-NO","@id":"https:\/\/boutique-one-piece.com\/figurines-one-piece\/figurine-one-piece-big-mom-sur-son-trone-26-cm\/#primaryimage","url":"https:\/\/boutique-one-piece.com\/wp-content\/uploads\/2022\/09\/Figurine-One-Piece-Big-Mom-sur-son-Trone-1.jpg","contentUrl":"https:\/\/boutique-one-piece.com\/wp-content\/uploads\/2022\/09\/Figurine-One-Piece-Big-Mom-sur-son-Trone-1.jpg","width":960,"height":960},{"@type":"BreadcrumbList","@id":"https:\/\/boutique-one-piece.com\/figurines-one-piece\/figurine-one-piece-big-mom-sur-son-trone-26-cm\/#breadcrumb","itemListElement":[{"@type":"ListItem","position":1,"name":"Home","item":"https:\/\/boutique-one-piece.com\/"},{"@type":"ListItem","position":2,"name":"Shop","item":"https:\/\/boutique-one-piece.com\/shop\/"},{"@type":"ListItem","position":3,"name":"Figurine One Piece Big Mom sur son Tr\u00f4ne"}]},{"@type":"WebSite","@id":"https:\/\/boutique-one-piece.com\/#website","url":"https:\/\/boutique-one-piece.com\/","name":"One Piece-butikk","description":"Spesialbutikk for One Piece Manga og Anime","publisher":{"@id":"https:\/\/boutique-one-piece.com\/#organization"},"potentialAction":[{"@type":"SearchAction","target":{"@type":"EntryPoint","urlTemplate":"https:\/\/boutique-one-piece.com\/?s={search_term_string}"},"query-input":{"@type":"PropertyValueSpecification","valueRequired":true,"valueName":"search_term_string"}}],"inLanguage":"nb-NO"},{"@type":"Organization","@id":"https:\/\/boutique-one-piece.com\/#organization","name":"One Piece-butikk","url":"https:\/\/boutique-one-piece.com\/","logo":{"@type":"ImageObject","inLanguage":"nb-NO","@id":"https:\/\/boutique-one-piece.com\/#\/schema\/logo\/image\/","url":"https:\/\/boutique-one-piece.com\/wp-content\/uploads\/2022\/09\/Logo-01.png","contentUrl":"https:\/\/boutique-one-piece.com\/wp-content\/uploads\/2022\/09\/Logo-01.png","width":2318,"height":957,"caption":"Boutique One Piece"},"image":{"@id":"https:\/\/boutique-one-piece.com\/#\/schema\/logo\/image\/"}}]}},"_links":{"self":[{"href":"https:\/\/boutique-one-piece.com\/nb\/wp-json\/wp\/v2\/product\/11228","targetHints":{"allow":["GET"]}}],"collection":[{"href":"https:\/\/boutique-one-piece.com\/nb\/wp-json\/wp\/v2\/product"}],"about":[{"href":"https:\/\/boutique-one-piece.com\/nb\/wp-json\/wp\/v2\/types\/product"}],"replies":[{"embeddable":true,"href":"https:\/\/boutique-one-piece.com\/nb\/wp-json\/wp\/v2\/comments?post=11228"}],"wp:featuredmedia":[{"embeddable":true,"href":"https:\/\/boutique-one-piece.com\/nb\/wp-json\/wp\/v2\/media\/11230"}],"wp:attachment":[{"href":"https:\/\/boutique-one-piece.com\/nb\/wp-json\/wp\/v2\/media?parent=11228"}],"wp:term":[{"taxonomy":"product_brand","embeddable":true,"href":"https:\/\/boutique-one-piece.com\/nb\/wp-json\/wp\/v2\/product_brand?post=11228"},{"taxonomy":"product_cat","embeddable":true,"href":"https:\/\/boutique-one-piece.com\/nb\/wp-json\/wp\/v2\/product_cat?post=11228"},{"taxonomy":"product_tag","embeddable":true,"href":"https:\/\/boutique-one-piece.com\/nb\/wp-json\/wp\/v2\/product_tag?post=11228"}],"curies":[{"name":"wp","href":"https:\/\/api.w.org\/{rel}","templated":true}]}}