{"id":11336,"date":"2022-09-27T20:40:23","date_gmt":"2022-09-27T20:40:23","guid":{"rendered":"https:\/\/boutique-one-piece.com\/uncategorized\/drapeau-equipage-du-roux\/"},"modified":"2024-09-16T12:28:05","modified_gmt":"2024-09-16T12:28:05","slug":"mannskapsflagg-av-det-rode","status":"publish","type":"product","link":"https:\/\/boutique-one-piece.com\/nb\/one-piece-dekorasjoner\/one-piece-flagg\/mannskapsflagg-av-det-rode\/","title":{"rendered":"R\u00f8dh\u00e5ret mannskapsflagg"},"content":{"rendered":"<h2>Ung pirat, velg dette r\u00f8dh\u00e5rede mannskapsflagget.<\/h2>\n<p>Ved \u00e5 ta dette valget er du n\u00e5 medlem av de r\u00f8dh\u00e5rede piratene. Denne gjengen er en av de mektigste piratmannskapene som hersker over den nye verden. Den ledes av <strong>Kaptein Shanks den r\u00f8de<\/strong>, som er blant de fire keiserne. Det var ogs\u00e5 denne besetningen som indirekte p\u00e5virket to medlemmer av str\u00e5hattbesetningen til \u00e5 bli pirater: Monkey D. Luffy og Usopp.<\/p>\n<p>N\u00e5r det gjelder <strong>flagg<\/strong> Fra de r\u00f8dh\u00e5rede piratene kjennetegnes han av en hodeskalle med tre arr over venstre \u00f8ye. Leggbeinene som vanligvis finnes bak hodeskallen er her erstattet av sverd som danner et kors. Dette trekket er utvilsomt ment \u00e5 fremheve kaptein Shanks&#039; ferdigheter i sverdkunst. Forresten, hvis du \u00f8nsker \u00e5 bytte mannskap, er det fortsatt tid, <a title=\"STR\u00c5HATTE MANNSKAPSFLAGG\" href=\"https:\/\/boutique-one-piece.com\/nb\/drapeau-equipage-du-chapeau-de-paille\/\" target=\"_blank\" rel=\"noopener\">Straw Hat-mannskapsflagg<\/a> er innen rekkevidde.<\/p>\n<h3>S\u00e5, er du trollbundet av et av de mektigste mannskapene? I s\u00e5 fall, ikke n\u00f8l lenger og bli med Kaptein Shanks. Mange eventyr venter deg ved hans side.<\/h3>\n<p><strong>Ett stykke<\/strong> er verdens mestselgende manga. Hvis du er en ihuga fan, har du kommet til rett sted. Her finner du alle de legendariske gjenstandene som vil transportere deg tilbake til dette universet av spennende eventyr. Det er opp til deg \u00e5 ta kontroll over din egen skjebne. <strong>ung pirat<\/strong> I dine hender. One Piece venter p\u00e5 deg.<\/p>\n<h2>Informasjon om mannskapet til flagget til Shanks den r\u00f8dh\u00e5rede:<\/h2>\n<ul>\n<li>\n<strong><u>One Piece-flagg<\/u><\/strong>\u00a0Et ekte One Piece piratflagg for ekte fans<\/li>\n<\/ul>\n<ul>\n<li>\n<strong>Utskrift av h\u00f8y kvalitet<\/strong>\u00a0n\u00f8yaktige farger<\/li>\n<\/ul>\n<ul>\n<li>\n<strong>Materie<\/strong> Polyester<\/li>\n<\/ul>\n<ul>\n<li>\n<strong>Dimensjon<\/strong>\u00a0: 70 cm x 125 cm<\/li>\n<\/ul>\n<ul>\n<li>\n<strong>Vekt<\/strong> 100 gram<\/li>\n<\/ul>\n<ul>\n<li><strong>GRATIS LEVERING<\/strong><\/li>\n<\/ul>","protected":false},"excerpt":{"rendered":"<p>Jeune pirate, fais le choix de ce Drapeau \u00c9quipage du Roux. En faisant ce choix, tu es d\u00e9sormais un membre de l&rsquo;\u00c9quipage du Roux. Cet \u00e9quipage est un des plus puissants \u00e9quipages pirates qui r\u00e8gnent sur le Nouveau Monde. Il est dirig\u00e9 par le capitaine Shanks le Roux, qui figure parmi les Quatre Empereurs. C&rsquo;est [&hellip;]<\/p>","protected":false},"featured_media":11338,"comment_status":"open","ping_status":"open","template":"","meta":[],"product_brand":[],"product_cat":[212],"product_tag":[127],"class_list":{"0":"post-11336","1":"product","2":"type-product","3":"status-publish","4":"has-post-thumbnail","6":"product_cat-drapeaux-one-piece","7":"product_tag-shanks","9":"first","10":"instock","11":"purchasable","12":"product-type-simple"},"yoast_head":"<!-- This site is optimized with the Yoast SEO plugin v27.5 - https:\/\/yoast.com\/product\/yoast-seo-wordpress\/ -->\n<title>Drapeau \u00c9quipage du Roux | Boutique One Piece<\/title>\n<meta name=\"description\" content=\"D\u00e9couvrez le Drapeau One Piece Shanks le Roux, d\u00e9corez votre pi\u00e8ce en portant les couleurs de Shanks ! Commencez votre aventure recherche du One Piece dans l&#039;\u00e9quipage du Roux\" \/>\n<meta name=\"robots\" content=\"index, follow, max-snippet:-1, max-image-preview:large, max-video-preview:-1\" \/>\n<link rel=\"canonical\" href=\"https:\/\/boutique-one-piece.com\/nb\/one-piece-dekorasjoner\/one-piece-flagg\/mannskapsflagg-av-det-rode\/\" \/>\n<meta property=\"og:locale\" content=\"nb_NO\" \/>\n<meta property=\"og:type\" content=\"article\" \/>\n<meta property=\"og:title\" content=\"Drapeau \u00c9quipage du Roux | Boutique One Piece\" \/>\n<meta property=\"og:description\" content=\"D\u00e9couvrez le Drapeau One Piece Shanks le Roux, d\u00e9corez votre pi\u00e8ce en portant les couleurs de Shanks ! Commencez votre aventure recherche du One Piece dans l&#039;\u00e9quipage du Roux\" \/>\n<meta property=\"og:url\" content=\"https:\/\/boutique-one-piece.com\/nb\/one-piece-dekorasjoner\/one-piece-flagg\/mannskapsflagg-av-det-rode\/\" \/>\n<meta property=\"og:site_name\" content=\"Boutique One Piece\" \/>\n<meta property=\"article:modified_time\" content=\"2024-09-16T12:28:05+00:00\" \/>\n<meta property=\"og:image\" content=\"https:\/\/boutique-one-piece.com\/wp-content\/uploads\/2022\/09\/Drapeau-Equipage-du-Roux-1.jpg\" \/>\n\t<meta property=\"og:image:width\" content=\"800\" \/>\n\t<meta property=\"og:image:height\" content=\"800\" \/>\n\t<meta property=\"og:image:type\" content=\"image\/jpeg\" \/>\n<meta name=\"twitter:card\" content=\"summary_large_image\" \/>\n<meta name=\"twitter:label1\" content=\"Ansl. lesetid\" \/>\n\t<meta name=\"twitter:data1\" content=\"2 minutter\" \/>\n<script type=\"application\/ld+json\" class=\"yoast-schema-graph\">{\"@context\":\"https:\\\/\\\/schema.org\",\"@graph\":[{\"@type\":\"WebPage\",\"@id\":\"https:\\\/\\\/boutique-one-piece.com\\\/decorations-one-piece\\\/drapeaux-one-piece\\\/drapeau-equipage-du-roux\\\/\",\"url\":\"https:\\\/\\\/boutique-one-piece.com\\\/decorations-one-piece\\\/drapeaux-one-piece\\\/drapeau-equipage-du-roux\\\/\",\"name\":\"Drapeau \u00c9quipage du Roux | Boutique One Piece\",\"isPartOf\":{\"@id\":\"https:\\\/\\\/boutique-one-piece.com\\\/#website\"},\"primaryImageOfPage\":{\"@id\":\"https:\\\/\\\/boutique-one-piece.com\\\/decorations-one-piece\\\/drapeaux-one-piece\\\/drapeau-equipage-du-roux\\\/#primaryimage\"},\"image\":{\"@id\":\"https:\\\/\\\/boutique-one-piece.com\\\/decorations-one-piece\\\/drapeaux-one-piece\\\/drapeau-equipage-du-roux\\\/#primaryimage\"},\"thumbnailUrl\":\"https:\\\/\\\/boutique-one-piece.com\\\/wp-content\\\/uploads\\\/2022\\\/09\\\/Drapeau-Equipage-du-Roux-1.jpg\",\"datePublished\":\"2022-09-27T20:40:23+00:00\",\"dateModified\":\"2024-09-16T12:28:05+00:00\",\"description\":\"D\u00e9couvrez le Drapeau One Piece Shanks le Roux, d\u00e9corez votre pi\u00e8ce en portant les couleurs de Shanks ! Commencez votre aventure recherche du One Piece dans l'\u00e9quipage du Roux\",\"breadcrumb\":{\"@id\":\"https:\\\/\\\/boutique-one-piece.com\\\/decorations-one-piece\\\/drapeaux-one-piece\\\/drapeau-equipage-du-roux\\\/#breadcrumb\"},\"inLanguage\":\"nb-NO\",\"potentialAction\":[{\"@type\":\"ReadAction\",\"target\":[\"https:\\\/\\\/boutique-one-piece.com\\\/decorations-one-piece\\\/drapeaux-one-piece\\\/drapeau-equipage-du-roux\\\/\"]}]},{\"@type\":\"ImageObject\",\"inLanguage\":\"nb-NO\",\"@id\":\"https:\\\/\\\/boutique-one-piece.com\\\/decorations-one-piece\\\/drapeaux-one-piece\\\/drapeau-equipage-du-roux\\\/#primaryimage\",\"url\":\"https:\\\/\\\/boutique-one-piece.com\\\/wp-content\\\/uploads\\\/2022\\\/09\\\/Drapeau-Equipage-du-Roux-1.jpg\",\"contentUrl\":\"https:\\\/\\\/boutique-one-piece.com\\\/wp-content\\\/uploads\\\/2022\\\/09\\\/Drapeau-Equipage-du-Roux-1.jpg\",\"width\":800,\"height\":800},{\"@type\":\"BreadcrumbList\",\"@id\":\"https:\\\/\\\/boutique-one-piece.com\\\/decorations-one-piece\\\/drapeaux-one-piece\\\/drapeau-equipage-du-roux\\\/#breadcrumb\",\"itemListElement\":[{\"@type\":\"ListItem\",\"position\":1,\"name\":\"Home\",\"item\":\"https:\\\/\\\/boutique-one-piece.com\\\/\"},{\"@type\":\"ListItem\",\"position\":2,\"name\":\"Shop\",\"item\":\"https:\\\/\\\/boutique-one-piece.com\\\/shop\\\/\"},{\"@type\":\"ListItem\",\"position\":3,\"name\":\"Drapeau \u00c9quipage du Roux\"}]},{\"@type\":\"WebSite\",\"@id\":\"https:\\\/\\\/boutique-one-piece.com\\\/#website\",\"url\":\"https:\\\/\\\/boutique-one-piece.com\\\/\",\"name\":\"Boutique One Piece\",\"description\":\"Magasin Sp\u00e9cialis\u00e9 du Manga et l&#039;Anime One Piece\",\"publisher\":{\"@id\":\"https:\\\/\\\/boutique-one-piece.com\\\/#organization\"},\"potentialAction\":[{\"@type\":\"SearchAction\",\"target\":{\"@type\":\"EntryPoint\",\"urlTemplate\":\"https:\\\/\\\/boutique-one-piece.com\\\/?s={search_term_string}\"},\"query-input\":{\"@type\":\"PropertyValueSpecification\",\"valueRequired\":true,\"valueName\":\"search_term_string\"}}],\"inLanguage\":\"nb-NO\"},{\"@type\":\"Organization\",\"@id\":\"https:\\\/\\\/boutique-one-piece.com\\\/#organization\",\"name\":\"Boutique One Piece\",\"url\":\"https:\\\/\\\/boutique-one-piece.com\\\/\",\"logo\":{\"@type\":\"ImageObject\",\"inLanguage\":\"nb-NO\",\"@id\":\"https:\\\/\\\/boutique-one-piece.com\\\/#\\\/schema\\\/logo\\\/image\\\/\",\"url\":\"https:\\\/\\\/boutique-one-piece.com\\\/wp-content\\\/uploads\\\/2022\\\/09\\\/Logo-01.png\",\"contentUrl\":\"https:\\\/\\\/boutique-one-piece.com\\\/wp-content\\\/uploads\\\/2022\\\/09\\\/Logo-01.png\",\"width\":2318,\"height\":957,\"caption\":\"Boutique One Piece\"},\"image\":{\"@id\":\"https:\\\/\\\/boutique-one-piece.com\\\/#\\\/schema\\\/logo\\\/image\\\/\"}}]}<\/script>\n<!-- \/ Yoast SEO plugin. -->","yoast_head_json":{"title":"R\u00f8dh\u00e5ret piratflagg | One Piece Shop","description":"Oppdag One Piece Shanks Red Flag, dekorer rommet ditt med Shanks&#039; farger! Start One Piece-s\u00f8keeventyret ditt med de r\u00f8dh\u00e5rede piratene.","robots":{"index":"index","follow":"follow","max-snippet":"max-snippet:-1","max-image-preview":"max-image-preview:large","max-video-preview":"max-video-preview:-1"},"canonical":"https:\/\/boutique-one-piece.com\/nb\/one-piece-dekorasjoner\/one-piece-flagg\/mannskapsflagg-av-det-rode\/","og_locale":"nb_NO","og_type":"article","og_title":"Drapeau \u00c9quipage du Roux | Boutique One Piece","og_description":"D\u00e9couvrez le Drapeau One Piece Shanks le Roux, d\u00e9corez votre pi\u00e8ce en portant les couleurs de Shanks ! Commencez votre aventure recherche du One Piece dans l'\u00e9quipage du Roux","og_url":"https:\/\/boutique-one-piece.com\/nb\/one-piece-dekorasjoner\/one-piece-flagg\/mannskapsflagg-av-det-rode\/","og_site_name":"Boutique One Piece","article_modified_time":"2024-09-16T12:28:05+00:00","og_image":[{"width":800,"height":800,"url":"https:\/\/boutique-one-piece.com\/wp-content\/uploads\/2022\/09\/Drapeau-Equipage-du-Roux-1.jpg","type":"image\/jpeg"}],"twitter_card":"summary_large_image","twitter_misc":{"Ansl. lesetid":"2 minutter"},"schema":{"@context":"https:\/\/schema.org","@graph":[{"@type":"WebPage","@id":"https:\/\/boutique-one-piece.com\/decorations-one-piece\/drapeaux-one-piece\/drapeau-equipage-du-roux\/","url":"https:\/\/boutique-one-piece.com\/decorations-one-piece\/drapeaux-one-piece\/drapeau-equipage-du-roux\/","name":"R\u00f8dh\u00e5ret piratflagg | One Piece Shop","isPartOf":{"@id":"https:\/\/boutique-one-piece.com\/#website"},"primaryImageOfPage":{"@id":"https:\/\/boutique-one-piece.com\/decorations-one-piece\/drapeaux-one-piece\/drapeau-equipage-du-roux\/#primaryimage"},"image":{"@id":"https:\/\/boutique-one-piece.com\/decorations-one-piece\/drapeaux-one-piece\/drapeau-equipage-du-roux\/#primaryimage"},"thumbnailUrl":"https:\/\/boutique-one-piece.com\/wp-content\/uploads\/2022\/09\/Drapeau-Equipage-du-Roux-1.jpg","datePublished":"2022-09-27T20:40:23+00:00","dateModified":"2024-09-16T12:28:05+00:00","description":"Oppdag One Piece Shanks Red Flag, dekorer rommet ditt med Shanks&#039; farger! Start One Piece-s\u00f8keeventyret ditt med de r\u00f8dh\u00e5rede piratene.","breadcrumb":{"@id":"https:\/\/boutique-one-piece.com\/decorations-one-piece\/drapeaux-one-piece\/drapeau-equipage-du-roux\/#breadcrumb"},"inLanguage":"nb-NO","potentialAction":[{"@type":"ReadAction","target":["https:\/\/boutique-one-piece.com\/decorations-one-piece\/drapeaux-one-piece\/drapeau-equipage-du-roux\/"]}]},{"@type":"ImageObject","inLanguage":"nb-NO","@id":"https:\/\/boutique-one-piece.com\/decorations-one-piece\/drapeaux-one-piece\/drapeau-equipage-du-roux\/#primaryimage","url":"https:\/\/boutique-one-piece.com\/wp-content\/uploads\/2022\/09\/Drapeau-Equipage-du-Roux-1.jpg","contentUrl":"https:\/\/boutique-one-piece.com\/wp-content\/uploads\/2022\/09\/Drapeau-Equipage-du-Roux-1.jpg","width":800,"height":800},{"@type":"BreadcrumbList","@id":"https:\/\/boutique-one-piece.com\/decorations-one-piece\/drapeaux-one-piece\/drapeau-equipage-du-roux\/#breadcrumb","itemListElement":[{"@type":"ListItem","position":1,"name":"Home","item":"https:\/\/boutique-one-piece.com\/"},{"@type":"ListItem","position":2,"name":"Shop","item":"https:\/\/boutique-one-piece.com\/shop\/"},{"@type":"ListItem","position":3,"name":"Drapeau \u00c9quipage du Roux"}]},{"@type":"WebSite","@id":"https:\/\/boutique-one-piece.com\/#website","url":"https:\/\/boutique-one-piece.com\/","name":"One Piece-butikk","description":"Spesialbutikk for One Piece Manga og Anime","publisher":{"@id":"https:\/\/boutique-one-piece.com\/#organization"},"potentialAction":[{"@type":"SearchAction","target":{"@type":"EntryPoint","urlTemplate":"https:\/\/boutique-one-piece.com\/?s={search_term_string}"},"query-input":{"@type":"PropertyValueSpecification","valueRequired":true,"valueName":"search_term_string"}}],"inLanguage":"nb-NO"},{"@type":"Organization","@id":"https:\/\/boutique-one-piece.com\/#organization","name":"One Piece-butikk","url":"https:\/\/boutique-one-piece.com\/","logo":{"@type":"ImageObject","inLanguage":"nb-NO","@id":"https:\/\/boutique-one-piece.com\/#\/schema\/logo\/image\/","url":"https:\/\/boutique-one-piece.com\/wp-content\/uploads\/2022\/09\/Logo-01.png","contentUrl":"https:\/\/boutique-one-piece.com\/wp-content\/uploads\/2022\/09\/Logo-01.png","width":2318,"height":957,"caption":"Boutique One Piece"},"image":{"@id":"https:\/\/boutique-one-piece.com\/#\/schema\/logo\/image\/"}}]}},"_links":{"self":[{"href":"https:\/\/boutique-one-piece.com\/nb\/wp-json\/wp\/v2\/product\/11336","targetHints":{"allow":["GET"]}}],"collection":[{"href":"https:\/\/boutique-one-piece.com\/nb\/wp-json\/wp\/v2\/product"}],"about":[{"href":"https:\/\/boutique-one-piece.com\/nb\/wp-json\/wp\/v2\/types\/product"}],"replies":[{"embeddable":true,"href":"https:\/\/boutique-one-piece.com\/nb\/wp-json\/wp\/v2\/comments?post=11336"}],"wp:featuredmedia":[{"embeddable":true,"href":"https:\/\/boutique-one-piece.com\/nb\/wp-json\/wp\/v2\/media\/11338"}],"wp:attachment":[{"href":"https:\/\/boutique-one-piece.com\/nb\/wp-json\/wp\/v2\/media?parent=11336"}],"wp:term":[{"taxonomy":"product_brand","embeddable":true,"href":"https:\/\/boutique-one-piece.com\/nb\/wp-json\/wp\/v2\/product_brand?post=11336"},{"taxonomy":"product_cat","embeddable":true,"href":"https:\/\/boutique-one-piece.com\/nb\/wp-json\/wp\/v2\/product_cat?post=11336"},{"taxonomy":"product_tag","embeddable":true,"href":"https:\/\/boutique-one-piece.com\/nb\/wp-json\/wp\/v2\/product_tag?post=11336"}],"curies":[{"name":"wp","href":"https:\/\/api.w.org\/{rel}","templated":true}]}}