{"id":12008,"date":"2022-09-27T20:53:01","date_gmt":"2022-09-27T20:53:01","guid":{"rendered":"https:\/\/boutique-one-piece.com\/uncategorized\/peluche-chopper-cosplay-portgas-d-ace\/"},"modified":"2024-09-22T19:51:32","modified_gmt":"2024-09-22T19:51:32","slug":"plysjhelikopter-cosplay-portgas-d-ess","status":"publish","type":"product","link":"https:\/\/boutique-one-piece.com\/nb\/one-piece-godbiter\/tony-goodies-tony-chopper-one-piece\/plysjhelikopter-cosplay-portgas-d-ess\/","title":{"rendered":"Plysjhelikopter Cosplay Portgas D Ace"},"content":{"rendered":"<h2>Unge pirat, dette er din Chopper Plush Cosplay Portgas D Ace.<\/h2>\n<p>Her kan du se Chopper cosplaye med Ace. Forresten, <strong>Chopper<\/strong> Dette er ikke hans f\u00f8rste fors\u00f8k; du kan f\u00e5 tak i <a title=\"SABO CHOPPER PLUSH COSPLAY\" href=\"https:\/\/boutique-one-piece.com\/nb\/chopper-plysj-cosplay-sabo\/\" target=\"_blank\" rel=\"noopener\">Chopper plysj cosplay Sabo<\/a>. N\u00e5r det er sagt, er Tony Tony Chopper legen i Straw Hat-mannskapet. Forresten, du b\u00f8r vite at Luffys vedvarende foresp\u00f8rsler om at Chopper skulle bli med i mannskapet irriterte ham sterkt, men det r\u00f8rte ham ogs\u00e5 \u00e5 se at Luffy virkelig elsket ham for transformasjonene hans, mens han hele livet hadde blitt avvist p\u00e5 grunn av utseendet sitt.<\/p>\n<p>N\u00e5r det gjelder <strong>Portgas D Ace<\/strong>, Han er ogs\u00e5 kjent som \u00bbIldneven-esset\u00bb, og er broren til Monkey D. Luffy og Sabo. Han er ogs\u00e5 den eneste s\u00f8nnen til den avd\u00f8de piratkongen Gol D. Roger og hans kone Portgas D. Rouge. Som dere vet, d\u00f8de han fredelig, med et smil om munnen, etter \u00e5 ha reddet broren Luffy.<\/p>\n<h3>S\u00e5, er du overbevist av denne Chopper-cosplayen med Portgas D. Ace? I s\u00e5 fall, ikke n\u00f8l lenger og skaff deg dette kosedyret.<\/h3>\n<p><strong>Ung pirat<\/strong>, Bli med i Luffys fantastiske verden uten \u00e5 n\u00f8le. Dette universet, hvor piratvirksomhet hersker, garanterer deg spennende eventyr. Grip disse mytiske gjenstandene og lev eventyret ditt som en ung pirat.<strong> Ett stykke<\/strong> Den venter bare p\u00e5 deg.<\/p>\n<h2>Informasjon om One Piece Chopper Plush:<\/h2>\n<ul>\n<li>\u00a0<b>Produkttype<\/b><span>\u00a0<\/span>One Piece manga plysjleke<\/li>\n<\/ul>\n<ul>\n<li>\n<b>Bruk av Peluce<\/b>\u00a0Leker, dekorasjoner, samleobjekter, gaver<\/li>\n<\/ul>\n<ul>\n<li>\n<b>Karakternavn<\/b>\u00a0Tony Chopper<\/li>\n<\/ul>\n<ul>\n<li>\n<b>St\u00f8rrelse p\u00e5 plysjleket\u00f8y<\/b>\u00a0: 25 eller 30 centimeter<\/li>\n<\/ul>\n<ul>\n<li>\n<b>Materie<\/b>\u00a0Bomull<\/li>\n<\/ul>\n<ul>\n<li>\n<b>Anbefalt alder<\/b>\u00a0mer enn 3 \u00e5r<\/li>\n<\/ul>\n<ul>\n<li>\n<b>Gratis levering<\/b> for ethvert kj\u00f8p<\/li>\n<\/ul>","protected":false},"excerpt":{"rendered":"<p>Jeune pirate \u00e0 toi la Peluche Chopper Cosplay Portgas D Ace. Tu retrouves ici Chopper en cosplay avec Ace. D&rsquo;ailleurs, Chopper n&rsquo;en est pas \u00e0 son coup d&rsquo;essai, tu peux te procurer d\u00e8s maintenant la peluche Chopper cosplay Sabo. Ceci \u00e9tant dit, Tony Tony Chopper est le m\u00e9decin au sein de l&rsquo;\u00e9quipage de Chapeau de [&hellip;]<\/p>","protected":false},"featured_media":12010,"comment_status":"open","ping_status":"open","template":"","meta":[],"product_brand":[],"product_cat":[163,177],"product_tag":[165],"class_list":{"0":"post-12008","1":"product","2":"type-product","3":"status-publish","4":"has-post-thumbnail","6":"product_cat-goodies-tony-tony-chopper-one-piece","7":"product_cat-peluches-one-piece","8":"product_tag-chopper","10":"first","11":"instock","12":"purchasable","13":"product-type-variable"},"yoast_head":"<!-- This site is optimized with the Yoast SEO plugin v27.5 - https:\/\/yoast.com\/product\/yoast-seo-wordpress\/ -->\n<title>Peluche Chopper Cosplay Portgas D Ace | Boutique One Piece<\/title>\n<meta name=\"description\" content=\"D\u00e9couvrez la peluche One Piece Tony Chopper d\u00e9guis\u00e9 en Ace, elle est aussi douce que mignonne ! Commencez votre aventure de pirate \u00e0 la recherche du One Piece dans l&#039;\u00e9quipage du Chapeau de Paille\" \/>\n<meta name=\"robots\" content=\"index, follow, max-snippet:-1, max-image-preview:large, max-video-preview:-1\" \/>\n<link rel=\"canonical\" href=\"https:\/\/boutique-one-piece.com\/nb\/one-piece-plysjleker\/plysjhelikopter-cosplay-portgas-d-ess\/\" \/>\n<meta property=\"og:locale\" content=\"nb_NO\" \/>\n<meta property=\"og:type\" content=\"article\" \/>\n<meta property=\"og:title\" content=\"Peluche Chopper Cosplay Portgas D Ace | Boutique One Piece\" \/>\n<meta property=\"og:description\" content=\"D\u00e9couvrez la peluche One Piece Tony Chopper d\u00e9guis\u00e9 en Ace, elle est aussi douce que mignonne ! Commencez votre aventure de pirate \u00e0 la recherche du One Piece dans l&#039;\u00e9quipage du Chapeau de Paille\" \/>\n<meta property=\"og:url\" content=\"https:\/\/boutique-one-piece.com\/nb\/one-piece-plysjleker\/plysjhelikopter-cosplay-portgas-d-ess\/\" \/>\n<meta property=\"og:site_name\" content=\"Boutique One Piece\" \/>\n<meta property=\"article:modified_time\" content=\"2024-09-22T19:51:32+00:00\" \/>\n<meta property=\"og:image\" content=\"https:\/\/boutique-one-piece.com\/wp-content\/uploads\/2022\/09\/Peluche-Chopper-Cosplay-Portgas-D-Ace.png\" \/>\n\t<meta property=\"og:image:width\" content=\"500\" \/>\n\t<meta property=\"og:image:height\" content=\"500\" \/>\n\t<meta property=\"og:image:type\" content=\"image\/png\" \/>\n<meta name=\"twitter:card\" content=\"summary_large_image\" \/>\n<meta name=\"twitter:label1\" content=\"Ansl. lesetid\" \/>\n\t<meta name=\"twitter:data1\" content=\"2 minutter\" \/>\n<script type=\"application\/ld+json\" class=\"yoast-schema-graph\">{\"@context\":\"https:\\\/\\\/schema.org\",\"@graph\":[{\"@type\":\"WebPage\",\"@id\":\"https:\\\/\\\/boutique-one-piece.com\\\/peluches-one-piece\\\/peluche-chopper-cosplay-portgas-d-ace\\\/\",\"url\":\"https:\\\/\\\/boutique-one-piece.com\\\/peluches-one-piece\\\/peluche-chopper-cosplay-portgas-d-ace\\\/\",\"name\":\"Peluche Chopper Cosplay Portgas D Ace | Boutique One Piece\",\"isPartOf\":{\"@id\":\"https:\\\/\\\/boutique-one-piece.com\\\/#website\"},\"primaryImageOfPage\":{\"@id\":\"https:\\\/\\\/boutique-one-piece.com\\\/peluches-one-piece\\\/peluche-chopper-cosplay-portgas-d-ace\\\/#primaryimage\"},\"image\":{\"@id\":\"https:\\\/\\\/boutique-one-piece.com\\\/peluches-one-piece\\\/peluche-chopper-cosplay-portgas-d-ace\\\/#primaryimage\"},\"thumbnailUrl\":\"https:\\\/\\\/boutique-one-piece.com\\\/wp-content\\\/uploads\\\/2022\\\/09\\\/Peluche-Chopper-Cosplay-Portgas-D-Ace.png\",\"datePublished\":\"2022-09-27T20:53:01+00:00\",\"dateModified\":\"2024-09-22T19:51:32+00:00\",\"description\":\"D\u00e9couvrez la peluche One Piece Tony Chopper d\u00e9guis\u00e9 en Ace, elle est aussi douce que mignonne ! Commencez votre aventure de pirate \u00e0 la recherche du One Piece dans l'\u00e9quipage du Chapeau de Paille\",\"breadcrumb\":{\"@id\":\"https:\\\/\\\/boutique-one-piece.com\\\/peluches-one-piece\\\/peluche-chopper-cosplay-portgas-d-ace\\\/#breadcrumb\"},\"inLanguage\":\"nb-NO\",\"potentialAction\":[{\"@type\":\"ReadAction\",\"target\":[\"https:\\\/\\\/boutique-one-piece.com\\\/peluches-one-piece\\\/peluche-chopper-cosplay-portgas-d-ace\\\/\"]}]},{\"@type\":\"ImageObject\",\"inLanguage\":\"nb-NO\",\"@id\":\"https:\\\/\\\/boutique-one-piece.com\\\/peluches-one-piece\\\/peluche-chopper-cosplay-portgas-d-ace\\\/#primaryimage\",\"url\":\"https:\\\/\\\/boutique-one-piece.com\\\/wp-content\\\/uploads\\\/2022\\\/09\\\/Peluche-Chopper-Cosplay-Portgas-D-Ace.png\",\"contentUrl\":\"https:\\\/\\\/boutique-one-piece.com\\\/wp-content\\\/uploads\\\/2022\\\/09\\\/Peluche-Chopper-Cosplay-Portgas-D-Ace.png\",\"width\":500,\"height\":500,\"caption\":\"Peluche Chopper Cosplay Portgas D Ace 30cm\"},{\"@type\":\"BreadcrumbList\",\"@id\":\"https:\\\/\\\/boutique-one-piece.com\\\/peluches-one-piece\\\/peluche-chopper-cosplay-portgas-d-ace\\\/#breadcrumb\",\"itemListElement\":[{\"@type\":\"ListItem\",\"position\":1,\"name\":\"Home\",\"item\":\"https:\\\/\\\/boutique-one-piece.com\\\/\"},{\"@type\":\"ListItem\",\"position\":2,\"name\":\"Shop\",\"item\":\"https:\\\/\\\/boutique-one-piece.com\\\/shop\\\/\"},{\"@type\":\"ListItem\",\"position\":3,\"name\":\"Peluche Chopper Cosplay Portgas D Ace\"}]},{\"@type\":\"WebSite\",\"@id\":\"https:\\\/\\\/boutique-one-piece.com\\\/#website\",\"url\":\"https:\\\/\\\/boutique-one-piece.com\\\/\",\"name\":\"Boutique One Piece\",\"description\":\"Magasin Sp\u00e9cialis\u00e9 du Manga et l&#039;Anime One Piece\",\"publisher\":{\"@id\":\"https:\\\/\\\/boutique-one-piece.com\\\/#organization\"},\"potentialAction\":[{\"@type\":\"SearchAction\",\"target\":{\"@type\":\"EntryPoint\",\"urlTemplate\":\"https:\\\/\\\/boutique-one-piece.com\\\/?s={search_term_string}\"},\"query-input\":{\"@type\":\"PropertyValueSpecification\",\"valueRequired\":true,\"valueName\":\"search_term_string\"}}],\"inLanguage\":\"nb-NO\"},{\"@type\":\"Organization\",\"@id\":\"https:\\\/\\\/boutique-one-piece.com\\\/#organization\",\"name\":\"Boutique One Piece\",\"url\":\"https:\\\/\\\/boutique-one-piece.com\\\/\",\"logo\":{\"@type\":\"ImageObject\",\"inLanguage\":\"nb-NO\",\"@id\":\"https:\\\/\\\/boutique-one-piece.com\\\/#\\\/schema\\\/logo\\\/image\\\/\",\"url\":\"https:\\\/\\\/boutique-one-piece.com\\\/wp-content\\\/uploads\\\/2022\\\/09\\\/Logo-01.png\",\"contentUrl\":\"https:\\\/\\\/boutique-one-piece.com\\\/wp-content\\\/uploads\\\/2022\\\/09\\\/Logo-01.png\",\"width\":2318,\"height\":957,\"caption\":\"Boutique One Piece\"},\"image\":{\"@id\":\"https:\\\/\\\/boutique-one-piece.com\\\/#\\\/schema\\\/logo\\\/image\\\/\"}}]}<\/script>\n<!-- \/ Yoast SEO plugin. -->","yoast_head_json":{"title":"Plysjhelikopter-cosplay Portgas D Ace | One Piece-butikk","description":"Oppdag One Piece Tony Chopper-plysjen utkledd som Ace \u2013 den er like myk som den er s\u00f8t! Start pirateventyret ditt p\u00e5 jakt etter One Piece med str\u00e5hattgjengen.","robots":{"index":"index","follow":"follow","max-snippet":"max-snippet:-1","max-image-preview":"max-image-preview:large","max-video-preview":"max-video-preview:-1"},"canonical":"https:\/\/boutique-one-piece.com\/nb\/one-piece-plysjleker\/plysjhelikopter-cosplay-portgas-d-ess\/","og_locale":"nb_NO","og_type":"article","og_title":"Peluche Chopper Cosplay Portgas D Ace | Boutique One Piece","og_description":"D\u00e9couvrez la peluche One Piece Tony Chopper d\u00e9guis\u00e9 en Ace, elle est aussi douce que mignonne ! Commencez votre aventure de pirate \u00e0 la recherche du One Piece dans l'\u00e9quipage du Chapeau de Paille","og_url":"https:\/\/boutique-one-piece.com\/nb\/one-piece-plysjleker\/plysjhelikopter-cosplay-portgas-d-ess\/","og_site_name":"Boutique One Piece","article_modified_time":"2024-09-22T19:51:32+00:00","og_image":[{"width":500,"height":500,"url":"https:\/\/boutique-one-piece.com\/wp-content\/uploads\/2022\/09\/Peluche-Chopper-Cosplay-Portgas-D-Ace.png","type":"image\/png"}],"twitter_card":"summary_large_image","twitter_misc":{"Ansl. lesetid":"2 minutter"},"schema":{"@context":"https:\/\/schema.org","@graph":[{"@type":"WebPage","@id":"https:\/\/boutique-one-piece.com\/peluches-one-piece\/peluche-chopper-cosplay-portgas-d-ace\/","url":"https:\/\/boutique-one-piece.com\/peluches-one-piece\/peluche-chopper-cosplay-portgas-d-ace\/","name":"Plysjhelikopter-cosplay Portgas D Ace | One Piece-butikk","isPartOf":{"@id":"https:\/\/boutique-one-piece.com\/#website"},"primaryImageOfPage":{"@id":"https:\/\/boutique-one-piece.com\/peluches-one-piece\/peluche-chopper-cosplay-portgas-d-ace\/#primaryimage"},"image":{"@id":"https:\/\/boutique-one-piece.com\/peluches-one-piece\/peluche-chopper-cosplay-portgas-d-ace\/#primaryimage"},"thumbnailUrl":"https:\/\/boutique-one-piece.com\/wp-content\/uploads\/2022\/09\/Peluche-Chopper-Cosplay-Portgas-D-Ace.png","datePublished":"2022-09-27T20:53:01+00:00","dateModified":"2024-09-22T19:51:32+00:00","description":"Oppdag One Piece Tony Chopper-plysjen utkledd som Ace \u2013 den er like myk som den er s\u00f8t! Start pirateventyret ditt p\u00e5 jakt etter One Piece med str\u00e5hattgjengen.","breadcrumb":{"@id":"https:\/\/boutique-one-piece.com\/peluches-one-piece\/peluche-chopper-cosplay-portgas-d-ace\/#breadcrumb"},"inLanguage":"nb-NO","potentialAction":[{"@type":"ReadAction","target":["https:\/\/boutique-one-piece.com\/peluches-one-piece\/peluche-chopper-cosplay-portgas-d-ace\/"]}]},{"@type":"ImageObject","inLanguage":"nb-NO","@id":"https:\/\/boutique-one-piece.com\/peluches-one-piece\/peluche-chopper-cosplay-portgas-d-ace\/#primaryimage","url":"https:\/\/boutique-one-piece.com\/wp-content\/uploads\/2022\/09\/Peluche-Chopper-Cosplay-Portgas-D-Ace.png","contentUrl":"https:\/\/boutique-one-piece.com\/wp-content\/uploads\/2022\/09\/Peluche-Chopper-Cosplay-Portgas-D-Ace.png","width":500,"height":500,"caption":"Peluche Chopper Cosplay Portgas D Ace 30cm"},{"@type":"BreadcrumbList","@id":"https:\/\/boutique-one-piece.com\/peluches-one-piece\/peluche-chopper-cosplay-portgas-d-ace\/#breadcrumb","itemListElement":[{"@type":"ListItem","position":1,"name":"Home","item":"https:\/\/boutique-one-piece.com\/"},{"@type":"ListItem","position":2,"name":"Shop","item":"https:\/\/boutique-one-piece.com\/shop\/"},{"@type":"ListItem","position":3,"name":"Peluche Chopper Cosplay Portgas D Ace"}]},{"@type":"WebSite","@id":"https:\/\/boutique-one-piece.com\/#website","url":"https:\/\/boutique-one-piece.com\/","name":"One Piece-butikk","description":"Spesialbutikk for One Piece Manga og Anime","publisher":{"@id":"https:\/\/boutique-one-piece.com\/#organization"},"potentialAction":[{"@type":"SearchAction","target":{"@type":"EntryPoint","urlTemplate":"https:\/\/boutique-one-piece.com\/?s={search_term_string}"},"query-input":{"@type":"PropertyValueSpecification","valueRequired":true,"valueName":"search_term_string"}}],"inLanguage":"nb-NO"},{"@type":"Organization","@id":"https:\/\/boutique-one-piece.com\/#organization","name":"One Piece-butikk","url":"https:\/\/boutique-one-piece.com\/","logo":{"@type":"ImageObject","inLanguage":"nb-NO","@id":"https:\/\/boutique-one-piece.com\/#\/schema\/logo\/image\/","url":"https:\/\/boutique-one-piece.com\/wp-content\/uploads\/2022\/09\/Logo-01.png","contentUrl":"https:\/\/boutique-one-piece.com\/wp-content\/uploads\/2022\/09\/Logo-01.png","width":2318,"height":957,"caption":"Boutique One Piece"},"image":{"@id":"https:\/\/boutique-one-piece.com\/#\/schema\/logo\/image\/"}}]}},"_links":{"self":[{"href":"https:\/\/boutique-one-piece.com\/nb\/wp-json\/wp\/v2\/product\/12008","targetHints":{"allow":["GET"]}}],"collection":[{"href":"https:\/\/boutique-one-piece.com\/nb\/wp-json\/wp\/v2\/product"}],"about":[{"href":"https:\/\/boutique-one-piece.com\/nb\/wp-json\/wp\/v2\/types\/product"}],"replies":[{"embeddable":true,"href":"https:\/\/boutique-one-piece.com\/nb\/wp-json\/wp\/v2\/comments?post=12008"}],"wp:featuredmedia":[{"embeddable":true,"href":"https:\/\/boutique-one-piece.com\/nb\/wp-json\/wp\/v2\/media\/12010"}],"wp:attachment":[{"href":"https:\/\/boutique-one-piece.com\/nb\/wp-json\/wp\/v2\/media?parent=12008"}],"wp:term":[{"taxonomy":"product_brand","embeddable":true,"href":"https:\/\/boutique-one-piece.com\/nb\/wp-json\/wp\/v2\/product_brand?post=12008"},{"taxonomy":"product_cat","embeddable":true,"href":"https:\/\/boutique-one-piece.com\/nb\/wp-json\/wp\/v2\/product_cat?post=12008"},{"taxonomy":"product_tag","embeddable":true,"href":"https:\/\/boutique-one-piece.com\/nb\/wp-json\/wp\/v2\/product_tag?post=12008"}],"curies":[{"name":"wp","href":"https:\/\/api.w.org\/{rel}","templated":true}]}}