{"id":12067,"date":"2022-09-27T20:53:18","date_gmt":"2022-09-27T20:53:18","guid":{"rendered":"https:\/\/boutique-one-piece.com\/uncategorized\/figurine-one-piece-ace-enflamme\/"},"modified":"2024-09-16T12:46:19","modified_gmt":"2024-09-16T12:46:19","slug":"one-piece-ace-ignites-figur","status":"publish","type":"product","link":"https:\/\/boutique-one-piece.com\/nb\/one-piece-figurer-2\/portgas-dace-figurer\/one-piece-ace-ignites-figur\/","title":{"rendered":"One Piece Ace Ignites-figur"},"content":{"rendered":"<h2>Unge pirat, tiden er inne for at du skal skaffe deg denne One Piece Flaming Ace-figuren.<\/h2>\n<p>Som en p\u00e5minnelse, <strong>Mera Mera no Mi<\/strong>, Ildfrukten er en djevelfrukt av Logia-typen som lar brukeren skape, kontrollere og forvandle seg til ild etter eget \u00f8nske, og dermed gj\u00f8re brukeren om til en ildmann. Denne frukten ble spist av <strong>Portgas D. Ace<\/strong> deretter, etter sistnevntes d\u00f8d, av <strong>Sabo<\/strong>. Dessuten, hvis du \u00f8nsker \u00e5 utvide figursamlingen din, <a title=\"ONE PIECE SABO MERA MERA NO MI-FIGUR\" href=\"https:\/\/boutique-one-piece.com\/nb\/one-piece-sabo-mera-mera-no-mi-figur\/\" target=\"_blank\" rel=\"noopener\">Sabo-figur<\/a> i aksjon takket v\u00e6re Mera er Mera no Mi innen rekkevidde.<\/p>\n<p>N\u00e5r det gjelder Ace, vet du sikkert at han ogs\u00e5 er kjent som \u00bbIldneve-Assen\u00bb. Han er ogs\u00e5 broren til Ape D. Luffy og Sabo. Han er den eneste s\u00f8nnen til den avd\u00f8de piratkongen Gol D. Roger og hans kone Portgas D. Rouge. Han ble adoptert av Ape D. Garp ved f\u00f8dselen p\u00e5 Gol D. Rogers anmodning, og deretter oppdratt av Dadan-familien, akkurat som Luffy. Til slutt d\u00f8de Ace etter en kamp med Akainu, som slo ham med Armament Haki.<\/p>\n<h3>S\u00e5, er du fascinert av den flammende Ess-figuren? I s\u00e5 fall, ikke n\u00f8l med \u00e5 gripe muligheten til \u00e5 bli en del av dette \u00e5ndelige brorskapet.<\/h3>\n<p>Enten du er en mange\u00e5rig fan eller en seri\u00f8s samler, trenger du ikke lenger \u00e5 lete, <strong>disse mytiske gjenstandene<\/strong> vil utvide One Piece-universet ditt. Unge pirat, ta skjebnen i egne hender og begi deg ut p\u00e5 <strong>Tusen solfylte<\/strong>. Mannskapet venter p\u00e5 deg! Videre til skatten i One Piece.<\/p>\n<h2>Informasjon om Ace Flame-figuren\u00a0<\/h2>\n<ul>\n<li><span><b><u>One Piece-figur<\/u><\/b>\u00a0Premium One Piece-figur for ekte pirater<\/span><\/li>\n<\/ul>\n<ul>\n<li>\n<b>Materie<\/b><span>\u00a0<\/span>PVC<\/li>\n<\/ul>\n<ul>\n<li><span><strong>Dimensjon<\/strong>\u00a0: 13 cm<\/span><\/li>\n<\/ul>\n<ul>\n<li><span><strong>GRATIS LEVERING<\/strong><\/span><\/li>\n<\/ul>","protected":false},"excerpt":{"rendered":"<p>Jeune pirate, le moment est venu pour toi de te procurer cette Figurine One Piece Ace Enflamme. Pour rappel, Le Mera Mera no Mi, est un Fruit du D\u00e9mon de type Logia qui permet \u00e0 son utilisateur de cr\u00e9er, contr\u00f4ler et de se transformer en feu \u00e0 volont\u00e9, changeant l&rsquo;utilisateur en un Homme-Feu. Ce fruit [&hellip;]<\/p>","protected":false},"featured_media":12069,"comment_status":"open","ping_status":"open","template":"","meta":[],"product_brand":[],"product_cat":[76,179],"product_tag":[176],"class_list":{"0":"post-12067","1":"product","2":"type-product","3":"status-publish","4":"has-post-thumbnail","6":"product_cat-figurines-one-piece","7":"product_cat-figurines-portgas-d-ace","8":"product_tag-ace","10":"first","11":"instock","12":"purchasable","13":"product-type-simple"},"yoast_head":"<!-- This site is optimized with the Yoast SEO plugin v27.5 - https:\/\/yoast.com\/product\/yoast-seo-wordpress\/ -->\n<title>Figurine One Piece Ace Enflamme | Figurine One Piece \u2013 Boutique One Piece<\/title>\n<meta name=\"description\" content=\"Jeune pirate, le moment est venu pour toi de te procurer cette Figurine One Piece Ace Enflamme. Pour rappel, Le Mera Mera no Mi, est un Fruit du D\u00e9mon de type Logia qui permet \u00e0 son utilisateur de cr\u00e9er, contr\u00f4ler et de se transformer en feu \u00e0 volont\u00e9, changeant l&#039;utilisateur en un Homme-Feu. Ce fruit fut mang\u00e9 par Por\" \/>\n<meta name=\"robots\" content=\"index, follow, max-snippet:-1, max-image-preview:large, max-video-preview:-1\" \/>\n<link rel=\"canonical\" href=\"https:\/\/boutique-one-piece.com\/nb\/one-piece-figurer-2\/portgas-dace-figurer\/one-piece-ace-ignites-figur\/\" \/>\n<meta property=\"og:locale\" content=\"nb_NO\" \/>\n<meta property=\"og:type\" content=\"article\" \/>\n<meta property=\"og:title\" content=\"Figurine One Piece Ace Enflamme | Figurine One Piece \u2013 Boutique One Piece\" \/>\n<meta property=\"og:description\" content=\"Jeune pirate, le moment est venu pour toi de te procurer cette Figurine One Piece Ace Enflamme. Pour rappel, Le Mera Mera no Mi, est un Fruit du D\u00e9mon de type Logia qui permet \u00e0 son utilisateur de cr\u00e9er, contr\u00f4ler et de se transformer en feu \u00e0 volont\u00e9, changeant l&#039;utilisateur en un Homme-Feu. Ce fruit fut mang\u00e9 par Por\" \/>\n<meta property=\"og:url\" content=\"https:\/\/boutique-one-piece.com\/nb\/one-piece-figurer-2\/portgas-dace-figurer\/one-piece-ace-ignites-figur\/\" \/>\n<meta property=\"og:site_name\" content=\"Boutique One Piece\" \/>\n<meta property=\"article:modified_time\" content=\"2024-09-16T12:46:19+00:00\" \/>\n<meta property=\"og:image\" content=\"https:\/\/boutique-one-piece.com\/wp-content\/uploads\/2022\/09\/Figurine-One-Piece-Ace-Enflamme-1.jpg\" \/>\n\t<meta property=\"og:image:width\" content=\"1000\" \/>\n\t<meta property=\"og:image:height\" content=\"1000\" \/>\n\t<meta property=\"og:image:type\" content=\"image\/jpeg\" \/>\n<meta name=\"twitter:card\" content=\"summary_large_image\" \/>\n<meta name=\"twitter:label1\" content=\"Ansl. lesetid\" \/>\n\t<meta name=\"twitter:data1\" content=\"2 minutter\" \/>\n<script type=\"application\/ld+json\" class=\"yoast-schema-graph\">{\"@context\":\"https:\\\/\\\/schema.org\",\"@graph\":[{\"@type\":\"WebPage\",\"@id\":\"https:\\\/\\\/boutique-one-piece.com\\\/figurines-one-piece\\\/figurines-portgas-d-ace\\\/figurine-one-piece-ace-enflamme\\\/\",\"url\":\"https:\\\/\\\/boutique-one-piece.com\\\/figurines-one-piece\\\/figurines-portgas-d-ace\\\/figurine-one-piece-ace-enflamme\\\/\",\"name\":\"Figurine One Piece Ace Enflamme | Figurine One Piece \u2013 Boutique One Piece\",\"isPartOf\":{\"@id\":\"https:\\\/\\\/boutique-one-piece.com\\\/#website\"},\"primaryImageOfPage\":{\"@id\":\"https:\\\/\\\/boutique-one-piece.com\\\/figurines-one-piece\\\/figurines-portgas-d-ace\\\/figurine-one-piece-ace-enflamme\\\/#primaryimage\"},\"image\":{\"@id\":\"https:\\\/\\\/boutique-one-piece.com\\\/figurines-one-piece\\\/figurines-portgas-d-ace\\\/figurine-one-piece-ace-enflamme\\\/#primaryimage\"},\"thumbnailUrl\":\"https:\\\/\\\/boutique-one-piece.com\\\/wp-content\\\/uploads\\\/2022\\\/09\\\/Figurine-One-Piece-Ace-Enflamme-1.jpg\",\"datePublished\":\"2022-09-27T20:53:18+00:00\",\"dateModified\":\"2024-09-16T12:46:19+00:00\",\"description\":\"Jeune pirate, le moment est venu pour toi de te procurer cette Figurine One Piece Ace Enflamme. Pour rappel, Le Mera Mera no Mi, est un Fruit du D\u00e9mon de type Logia qui permet \u00e0 son utilisateur de cr\u00e9er, contr\u00f4ler et de se transformer en feu \u00e0 volont\u00e9, changeant l'utilisateur en un Homme-Feu. Ce fruit fut mang\u00e9 par Por\",\"breadcrumb\":{\"@id\":\"https:\\\/\\\/boutique-one-piece.com\\\/figurines-one-piece\\\/figurines-portgas-d-ace\\\/figurine-one-piece-ace-enflamme\\\/#breadcrumb\"},\"inLanguage\":\"nb-NO\",\"potentialAction\":[{\"@type\":\"ReadAction\",\"target\":[\"https:\\\/\\\/boutique-one-piece.com\\\/figurines-one-piece\\\/figurines-portgas-d-ace\\\/figurine-one-piece-ace-enflamme\\\/\"]}]},{\"@type\":\"ImageObject\",\"inLanguage\":\"nb-NO\",\"@id\":\"https:\\\/\\\/boutique-one-piece.com\\\/figurines-one-piece\\\/figurines-portgas-d-ace\\\/figurine-one-piece-ace-enflamme\\\/#primaryimage\",\"url\":\"https:\\\/\\\/boutique-one-piece.com\\\/wp-content\\\/uploads\\\/2022\\\/09\\\/Figurine-One-Piece-Ace-Enflamme-1.jpg\",\"contentUrl\":\"https:\\\/\\\/boutique-one-piece.com\\\/wp-content\\\/uploads\\\/2022\\\/09\\\/Figurine-One-Piece-Ace-Enflamme-1.jpg\",\"width\":1000,\"height\":1000},{\"@type\":\"BreadcrumbList\",\"@id\":\"https:\\\/\\\/boutique-one-piece.com\\\/figurines-one-piece\\\/figurines-portgas-d-ace\\\/figurine-one-piece-ace-enflamme\\\/#breadcrumb\",\"itemListElement\":[{\"@type\":\"ListItem\",\"position\":1,\"name\":\"Home\",\"item\":\"https:\\\/\\\/boutique-one-piece.com\\\/\"},{\"@type\":\"ListItem\",\"position\":2,\"name\":\"Shop\",\"item\":\"https:\\\/\\\/boutique-one-piece.com\\\/shop\\\/\"},{\"@type\":\"ListItem\",\"position\":3,\"name\":\"Figurine One Piece Ace Enflamme\"}]},{\"@type\":\"WebSite\",\"@id\":\"https:\\\/\\\/boutique-one-piece.com\\\/#website\",\"url\":\"https:\\\/\\\/boutique-one-piece.com\\\/\",\"name\":\"Boutique One Piece\",\"description\":\"Magasin Sp\u00e9cialis\u00e9 du Manga et l&#039;Anime One Piece\",\"publisher\":{\"@id\":\"https:\\\/\\\/boutique-one-piece.com\\\/#organization\"},\"potentialAction\":[{\"@type\":\"SearchAction\",\"target\":{\"@type\":\"EntryPoint\",\"urlTemplate\":\"https:\\\/\\\/boutique-one-piece.com\\\/?s={search_term_string}\"},\"query-input\":{\"@type\":\"PropertyValueSpecification\",\"valueRequired\":true,\"valueName\":\"search_term_string\"}}],\"inLanguage\":\"nb-NO\"},{\"@type\":\"Organization\",\"@id\":\"https:\\\/\\\/boutique-one-piece.com\\\/#organization\",\"name\":\"Boutique One Piece\",\"url\":\"https:\\\/\\\/boutique-one-piece.com\\\/\",\"logo\":{\"@type\":\"ImageObject\",\"inLanguage\":\"nb-NO\",\"@id\":\"https:\\\/\\\/boutique-one-piece.com\\\/#\\\/schema\\\/logo\\\/image\\\/\",\"url\":\"https:\\\/\\\/boutique-one-piece.com\\\/wp-content\\\/uploads\\\/2022\\\/09\\\/Logo-01.png\",\"contentUrl\":\"https:\\\/\\\/boutique-one-piece.com\\\/wp-content\\\/uploads\\\/2022\\\/09\\\/Logo-01.png\",\"width\":2318,\"height\":957,\"caption\":\"Boutique One Piece\"},\"image\":{\"@id\":\"https:\\\/\\\/boutique-one-piece.com\\\/#\\\/schema\\\/logo\\\/image\\\/\"}}]}<\/script>\n<!-- \/ Yoast SEO plugin. -->","yoast_head_json":{"title":"One Piece Ace Ignite-figur | One Piece-figur \u2013 One Piece-butikken","description":"Unge pirat, tiden er inne for at du skal f\u00e5 tak i denne One Piece Flame Ace-figuren. Som en p\u00e5minnelse er Mera Mera no Mi en djevelfrukt av Logia-typen som lar brukeren skape, kontrollere og forvandle seg til ild etter eget \u00f8nske, og dermed forvandle brukeren til en ildmann. Denne frukten ble spist av Porlyon.","robots":{"index":"index","follow":"follow","max-snippet":"max-snippet:-1","max-image-preview":"max-image-preview:large","max-video-preview":"max-video-preview:-1"},"canonical":"https:\/\/boutique-one-piece.com\/nb\/one-piece-figurer-2\/portgas-dace-figurer\/one-piece-ace-ignites-figur\/","og_locale":"nb_NO","og_type":"article","og_title":"Figurine One Piece Ace Enflamme | Figurine One Piece \u2013 Boutique One Piece","og_description":"Jeune pirate, le moment est venu pour toi de te procurer cette Figurine One Piece Ace Enflamme. Pour rappel, Le Mera Mera no Mi, est un Fruit du D\u00e9mon de type Logia qui permet \u00e0 son utilisateur de cr\u00e9er, contr\u00f4ler et de se transformer en feu \u00e0 volont\u00e9, changeant l'utilisateur en un Homme-Feu. Ce fruit fut mang\u00e9 par Por","og_url":"https:\/\/boutique-one-piece.com\/nb\/one-piece-figurer-2\/portgas-dace-figurer\/one-piece-ace-ignites-figur\/","og_site_name":"Boutique One Piece","article_modified_time":"2024-09-16T12:46:19+00:00","og_image":[{"width":1000,"height":1000,"url":"https:\/\/boutique-one-piece.com\/wp-content\/uploads\/2022\/09\/Figurine-One-Piece-Ace-Enflamme-1.jpg","type":"image\/jpeg"}],"twitter_card":"summary_large_image","twitter_misc":{"Ansl. lesetid":"2 minutter"},"schema":{"@context":"https:\/\/schema.org","@graph":[{"@type":"WebPage","@id":"https:\/\/boutique-one-piece.com\/figurines-one-piece\/figurines-portgas-d-ace\/figurine-one-piece-ace-enflamme\/","url":"https:\/\/boutique-one-piece.com\/figurines-one-piece\/figurines-portgas-d-ace\/figurine-one-piece-ace-enflamme\/","name":"One Piece Ace Ignite-figur | One Piece-figur \u2013 One Piece-butikken","isPartOf":{"@id":"https:\/\/boutique-one-piece.com\/#website"},"primaryImageOfPage":{"@id":"https:\/\/boutique-one-piece.com\/figurines-one-piece\/figurines-portgas-d-ace\/figurine-one-piece-ace-enflamme\/#primaryimage"},"image":{"@id":"https:\/\/boutique-one-piece.com\/figurines-one-piece\/figurines-portgas-d-ace\/figurine-one-piece-ace-enflamme\/#primaryimage"},"thumbnailUrl":"https:\/\/boutique-one-piece.com\/wp-content\/uploads\/2022\/09\/Figurine-One-Piece-Ace-Enflamme-1.jpg","datePublished":"2022-09-27T20:53:18+00:00","dateModified":"2024-09-16T12:46:19+00:00","description":"Unge pirat, tiden er inne for at du skal f\u00e5 tak i denne One Piece Flame Ace-figuren. Som en p\u00e5minnelse er Mera Mera no Mi en djevelfrukt av Logia-typen som lar brukeren skape, kontrollere og forvandle seg til ild etter eget \u00f8nske, og dermed forvandle brukeren til en ildmann. Denne frukten ble spist av Porlyon.","breadcrumb":{"@id":"https:\/\/boutique-one-piece.com\/figurines-one-piece\/figurines-portgas-d-ace\/figurine-one-piece-ace-enflamme\/#breadcrumb"},"inLanguage":"nb-NO","potentialAction":[{"@type":"ReadAction","target":["https:\/\/boutique-one-piece.com\/figurines-one-piece\/figurines-portgas-d-ace\/figurine-one-piece-ace-enflamme\/"]}]},{"@type":"ImageObject","inLanguage":"nb-NO","@id":"https:\/\/boutique-one-piece.com\/figurines-one-piece\/figurines-portgas-d-ace\/figurine-one-piece-ace-enflamme\/#primaryimage","url":"https:\/\/boutique-one-piece.com\/wp-content\/uploads\/2022\/09\/Figurine-One-Piece-Ace-Enflamme-1.jpg","contentUrl":"https:\/\/boutique-one-piece.com\/wp-content\/uploads\/2022\/09\/Figurine-One-Piece-Ace-Enflamme-1.jpg","width":1000,"height":1000},{"@type":"BreadcrumbList","@id":"https:\/\/boutique-one-piece.com\/figurines-one-piece\/figurines-portgas-d-ace\/figurine-one-piece-ace-enflamme\/#breadcrumb","itemListElement":[{"@type":"ListItem","position":1,"name":"Home","item":"https:\/\/boutique-one-piece.com\/"},{"@type":"ListItem","position":2,"name":"Shop","item":"https:\/\/boutique-one-piece.com\/shop\/"},{"@type":"ListItem","position":3,"name":"Figurine One Piece Ace Enflamme"}]},{"@type":"WebSite","@id":"https:\/\/boutique-one-piece.com\/#website","url":"https:\/\/boutique-one-piece.com\/","name":"One Piece-butikk","description":"Spesialbutikk for One Piece Manga og Anime","publisher":{"@id":"https:\/\/boutique-one-piece.com\/#organization"},"potentialAction":[{"@type":"SearchAction","target":{"@type":"EntryPoint","urlTemplate":"https:\/\/boutique-one-piece.com\/?s={search_term_string}"},"query-input":{"@type":"PropertyValueSpecification","valueRequired":true,"valueName":"search_term_string"}}],"inLanguage":"nb-NO"},{"@type":"Organization","@id":"https:\/\/boutique-one-piece.com\/#organization","name":"One Piece-butikk","url":"https:\/\/boutique-one-piece.com\/","logo":{"@type":"ImageObject","inLanguage":"nb-NO","@id":"https:\/\/boutique-one-piece.com\/#\/schema\/logo\/image\/","url":"https:\/\/boutique-one-piece.com\/wp-content\/uploads\/2022\/09\/Logo-01.png","contentUrl":"https:\/\/boutique-one-piece.com\/wp-content\/uploads\/2022\/09\/Logo-01.png","width":2318,"height":957,"caption":"Boutique One Piece"},"image":{"@id":"https:\/\/boutique-one-piece.com\/#\/schema\/logo\/image\/"}}]}},"_links":{"self":[{"href":"https:\/\/boutique-one-piece.com\/nb\/wp-json\/wp\/v2\/product\/12067","targetHints":{"allow":["GET"]}}],"collection":[{"href":"https:\/\/boutique-one-piece.com\/nb\/wp-json\/wp\/v2\/product"}],"about":[{"href":"https:\/\/boutique-one-piece.com\/nb\/wp-json\/wp\/v2\/types\/product"}],"replies":[{"embeddable":true,"href":"https:\/\/boutique-one-piece.com\/nb\/wp-json\/wp\/v2\/comments?post=12067"}],"wp:featuredmedia":[{"embeddable":true,"href":"https:\/\/boutique-one-piece.com\/nb\/wp-json\/wp\/v2\/media\/12069"}],"wp:attachment":[{"href":"https:\/\/boutique-one-piece.com\/nb\/wp-json\/wp\/v2\/media?parent=12067"}],"wp:term":[{"taxonomy":"product_brand","embeddable":true,"href":"https:\/\/boutique-one-piece.com\/nb\/wp-json\/wp\/v2\/product_brand?post=12067"},{"taxonomy":"product_cat","embeddable":true,"href":"https:\/\/boutique-one-piece.com\/nb\/wp-json\/wp\/v2\/product_cat?post=12067"},{"taxonomy":"product_tag","embeddable":true,"href":"https:\/\/boutique-one-piece.com\/nb\/wp-json\/wp\/v2\/product_tag?post=12067"}],"curies":[{"name":"wp","href":"https:\/\/api.w.org\/{rel}","templated":true}]}}