{"id":12277,"date":"2022-09-27T20:54:38","date_gmt":"2022-09-27T20:54:38","guid":{"rendered":"https:\/\/boutique-one-piece.com\/uncategorized\/avis-de-recherche-baggy-wanted\/"},"modified":"2024-09-16T12:51:05","modified_gmt":"2024-09-16T12:51:05","slug":"baggy-wanted-plakat","status":"publish","type":"product","link":"https:\/\/boutique-one-piece.com\/nb\/one-piece-onsket-plakat\/baggy-wanted-plakat\/","title":{"rendered":"Baggy \u00f8nsket varsel"},"content":{"rendered":"<h2>Er du en fan av de morsomme figurene fra One Piece? La deg overbevise av denne Baggy Wanted-plakaten.<\/h2>\n<p>Baggy, ogs\u00e5 kalt &quot;\u00ab\u00a0<strong>Baggy klovnen<\/strong>\u00a0\u00bber en pirat som dukker opp veldig ofte i den n\u00e5v\u00e6rende One Piece-historien. Han er <strong>Luffys f\u00f8rste fiende<\/strong> Som pirater vil de krysse veier regelmessig gjennom eventyrene sine. Selv om Buggy er Luffys fiende fra starten av og er n\u00e6r ved \u00e5 drepe ham, avsl\u00f8rer deres forskjellige m\u00f8ter en gjensidig respekt for hverandre, til tross for utseendet.<\/p>\n<h3>Dekorer kontoret ditt med denne etterlysningsplakaten med klovnen Buggy.<\/h3>\n<p>Baggy spiste frukten av <strong>Bara Bara, ikke mi<\/strong>, Dette lar ham fragmentere etter eget \u00f8nske, noe som gj\u00f8r ham immun mot skade fra skarpe gjenstander. Han ligner ogs\u00e5 p\u00e5 Luffy ved at han klarer \u00e5 vinne tilliten til mange pirater og marinesoldater han m\u00f8ter. Slik klarer han \u00e5 oppn\u00e5 stillingen som <strong>Shichibukai<\/strong> etter Marineford, selv om han faktisk ikke bidro til slaget. Dus\u00f8ren for hans fangst eller d\u00f8d er 15 millioner b\u00e6r.<\/p>\n<p>Hvis du liker plakatene v\u00e5re, s\u00e5 er dette <a href=\"https:\/\/boutique-one-piece.com\/nb\/plakat-for-etterlyst-snikskytter\/\" target=\"_blank\" title=\"Sogeking \u00f8nsket beskjed\" rel=\"noopener noreferrer\">Sogeking \u00f8nsket beskjed<\/a> Du burde like det.<\/p>\n<h2>Informasjon om One Piece Wanted: Buggy the Clown-plakaten<\/h2>\n<ul>\n<li><span><b><u>One Piece Wanted-plakat<\/u><\/b>\u00a0En ekte One Piece-plakat for ekte pirater<\/span><\/li>\n<\/ul>\n<ul>\n<li>\n<b><u>Baggys Prime<\/u><\/b>\u00a015 000 000 b\u00e6r<\/li>\n<\/ul>\n<ul>\n<li><span><strong>Utskrift av h\u00f8y kvalitet<\/strong>\u00a0n\u00f8yaktige farger<\/span><\/li>\n<\/ul>\n<ul>\n<li>\n<strong>Dimensjon<\/strong>\u00a0: 42 cm x 30 cm<\/li>\n<\/ul>\n<ul>\n<li><span><strong>GRATIS LEVERING<\/strong><\/span><\/li>\n<\/ul>","protected":false},"excerpt":{"rendered":"<p>Tu es un adepte des personnages dr\u00f4les de One Piece ? Alors laisse-toi convaincre par cet Avis de Recherche Baggy Wanted. Baggy, \u00e9galement surnomm\u00e9 \u00ab\u00a0Baggy le Clown\u00a0\u00bb est un pirate que l&rsquo;on retrouve tr\u00e8s souvent dans l&rsquo;histoire actuelle de One Piece. Il est le premier ennemi de Luffy en tant que pirate et ils se [&hellip;]<\/p>","protected":false},"featured_media":12279,"comment_status":"open","ping_status":"open","template":"","meta":[],"product_brand":[],"product_cat":[171],"product_tag":[],"class_list":{"0":"post-12277","1":"product","2":"type-product","3":"status-publish","4":"has-post-thumbnail","6":"product_cat-avis-de-recherche-one-piece","8":"first","9":"instock","10":"purchasable","11":"product-type-simple"},"yoast_head":"<!-- This site is optimized with the Yoast SEO plugin v27.5 - https:\/\/yoast.com\/product\/yoast-seo-wordpress\/ -->\n<title>Avis De Recherche Baggy Wanted | D\u00e9coration One Piece \u2013 Boutique One Piece<\/title>\n<meta name=\"description\" content=\"Tu es un adepte des personnages dr\u00f4les de One Piece ? Alors laisse-toi convaincre par cet Avis de Recherche Baggy Wanted. Baggy, \u00e9galement surnomm\u00e9 &quot;Baggy le Clown&quot; est un pirate que l&#039;on retrouve tr\u00e8s souvent dans l&#039;histoire actuelle de One Piece. Il est le premier ennemi de Luffy en tant que pirate et ils se croisero\" \/>\n<meta name=\"robots\" content=\"index, follow, max-snippet:-1, max-image-preview:large, max-video-preview:-1\" \/>\n<link rel=\"canonical\" href=\"https:\/\/boutique-one-piece.com\/nb\/one-piece-onsket-plakat\/baggy-wanted-plakat\/\" \/>\n<meta property=\"og:locale\" content=\"nb_NO\" \/>\n<meta property=\"og:type\" content=\"article\" \/>\n<meta property=\"og:title\" content=\"Avis De Recherche Baggy Wanted | D\u00e9coration One Piece \u2013 Boutique One Piece\" \/>\n<meta property=\"og:description\" content=\"Tu es un adepte des personnages dr\u00f4les de One Piece ? Alors laisse-toi convaincre par cet Avis de Recherche Baggy Wanted. Baggy, \u00e9galement surnomm\u00e9 &quot;Baggy le Clown&quot; est un pirate que l&#039;on retrouve tr\u00e8s souvent dans l&#039;histoire actuelle de One Piece. Il est le premier ennemi de Luffy en tant que pirate et ils se croisero\" \/>\n<meta property=\"og:url\" content=\"https:\/\/boutique-one-piece.com\/nb\/one-piece-onsket-plakat\/baggy-wanted-plakat\/\" \/>\n<meta property=\"og:site_name\" content=\"Boutique One Piece\" \/>\n<meta property=\"article:modified_time\" content=\"2024-09-16T12:51:05+00:00\" \/>\n<meta property=\"og:image\" content=\"https:\/\/boutique-one-piece.com\/wp-content\/uploads\/2022\/09\/Avis-De-Recherche-Baggy-Wanted-1.jpg\" \/>\n\t<meta property=\"og:image:width\" content=\"800\" \/>\n\t<meta property=\"og:image:height\" content=\"800\" \/>\n\t<meta property=\"og:image:type\" content=\"image\/jpeg\" \/>\n<meta name=\"twitter:card\" content=\"summary_large_image\" \/>\n<meta name=\"twitter:label1\" content=\"Ansl. lesetid\" \/>\n\t<meta name=\"twitter:data1\" content=\"1 minutt\" \/>\n<script type=\"application\/ld+json\" class=\"yoast-schema-graph\">{\"@context\":\"https:\\\/\\\/schema.org\",\"@graph\":[{\"@type\":\"WebPage\",\"@id\":\"https:\\\/\\\/boutique-one-piece.com\\\/avis-de-recherche-one-piece\\\/avis-de-recherche-baggy-wanted\\\/\",\"url\":\"https:\\\/\\\/boutique-one-piece.com\\\/avis-de-recherche-one-piece\\\/avis-de-recherche-baggy-wanted\\\/\",\"name\":\"Avis De Recherche Baggy Wanted | D\u00e9coration One Piece \u2013 Boutique One Piece\",\"isPartOf\":{\"@id\":\"https:\\\/\\\/boutique-one-piece.com\\\/#website\"},\"primaryImageOfPage\":{\"@id\":\"https:\\\/\\\/boutique-one-piece.com\\\/avis-de-recherche-one-piece\\\/avis-de-recherche-baggy-wanted\\\/#primaryimage\"},\"image\":{\"@id\":\"https:\\\/\\\/boutique-one-piece.com\\\/avis-de-recherche-one-piece\\\/avis-de-recherche-baggy-wanted\\\/#primaryimage\"},\"thumbnailUrl\":\"https:\\\/\\\/boutique-one-piece.com\\\/wp-content\\\/uploads\\\/2022\\\/09\\\/Avis-De-Recherche-Baggy-Wanted-1.jpg\",\"datePublished\":\"2022-09-27T20:54:38+00:00\",\"dateModified\":\"2024-09-16T12:51:05+00:00\",\"description\":\"Tu es un adepte des personnages dr\u00f4les de One Piece ? Alors laisse-toi convaincre par cet Avis de Recherche Baggy Wanted. Baggy, \u00e9galement surnomm\u00e9 \\\"Baggy le Clown\\\" est un pirate que l'on retrouve tr\u00e8s souvent dans l'histoire actuelle de One Piece. Il est le premier ennemi de Luffy en tant que pirate et ils se croisero\",\"breadcrumb\":{\"@id\":\"https:\\\/\\\/boutique-one-piece.com\\\/avis-de-recherche-one-piece\\\/avis-de-recherche-baggy-wanted\\\/#breadcrumb\"},\"inLanguage\":\"nb-NO\",\"potentialAction\":[{\"@type\":\"ReadAction\",\"target\":[\"https:\\\/\\\/boutique-one-piece.com\\\/avis-de-recherche-one-piece\\\/avis-de-recherche-baggy-wanted\\\/\"]}]},{\"@type\":\"ImageObject\",\"inLanguage\":\"nb-NO\",\"@id\":\"https:\\\/\\\/boutique-one-piece.com\\\/avis-de-recherche-one-piece\\\/avis-de-recherche-baggy-wanted\\\/#primaryimage\",\"url\":\"https:\\\/\\\/boutique-one-piece.com\\\/wp-content\\\/uploads\\\/2022\\\/09\\\/Avis-De-Recherche-Baggy-Wanted-1.jpg\",\"contentUrl\":\"https:\\\/\\\/boutique-one-piece.com\\\/wp-content\\\/uploads\\\/2022\\\/09\\\/Avis-De-Recherche-Baggy-Wanted-1.jpg\",\"width\":800,\"height\":800},{\"@type\":\"BreadcrumbList\",\"@id\":\"https:\\\/\\\/boutique-one-piece.com\\\/avis-de-recherche-one-piece\\\/avis-de-recherche-baggy-wanted\\\/#breadcrumb\",\"itemListElement\":[{\"@type\":\"ListItem\",\"position\":1,\"name\":\"Home\",\"item\":\"https:\\\/\\\/boutique-one-piece.com\\\/\"},{\"@type\":\"ListItem\",\"position\":2,\"name\":\"Shop\",\"item\":\"https:\\\/\\\/boutique-one-piece.com\\\/shop\\\/\"},{\"@type\":\"ListItem\",\"position\":3,\"name\":\"Avis De Recherche Baggy Wanted\"}]},{\"@type\":\"WebSite\",\"@id\":\"https:\\\/\\\/boutique-one-piece.com\\\/#website\",\"url\":\"https:\\\/\\\/boutique-one-piece.com\\\/\",\"name\":\"Boutique One Piece\",\"description\":\"Magasin Sp\u00e9cialis\u00e9 du Manga et l&#039;Anime One Piece\",\"publisher\":{\"@id\":\"https:\\\/\\\/boutique-one-piece.com\\\/#organization\"},\"potentialAction\":[{\"@type\":\"SearchAction\",\"target\":{\"@type\":\"EntryPoint\",\"urlTemplate\":\"https:\\\/\\\/boutique-one-piece.com\\\/?s={search_term_string}\"},\"query-input\":{\"@type\":\"PropertyValueSpecification\",\"valueRequired\":true,\"valueName\":\"search_term_string\"}}],\"inLanguage\":\"nb-NO\"},{\"@type\":\"Organization\",\"@id\":\"https:\\\/\\\/boutique-one-piece.com\\\/#organization\",\"name\":\"Boutique One Piece\",\"url\":\"https:\\\/\\\/boutique-one-piece.com\\\/\",\"logo\":{\"@type\":\"ImageObject\",\"inLanguage\":\"nb-NO\",\"@id\":\"https:\\\/\\\/boutique-one-piece.com\\\/#\\\/schema\\\/logo\\\/image\\\/\",\"url\":\"https:\\\/\\\/boutique-one-piece.com\\\/wp-content\\\/uploads\\\/2022\\\/09\\\/Logo-01.png\",\"contentUrl\":\"https:\\\/\\\/boutique-one-piece.com\\\/wp-content\\\/uploads\\\/2022\\\/09\\\/Logo-01.png\",\"width\":2318,\"height\":957,\"caption\":\"Boutique One Piece\"},\"image\":{\"@id\":\"https:\\\/\\\/boutique-one-piece.com\\\/#\\\/schema\\\/logo\\\/image\\\/\"}}]}<\/script>\n<!-- \/ Yoast SEO plugin. -->","yoast_head_json":{"title":"Baggy Wanted-plakat | One Piece-dekor \u2013 One Piece-butikken","description":"Er du en fan av de morsomme figurene i One Piece? La deg overbevise av denne Baggy Wanted-plakaten. Baggy, ogs\u00e5 kjent som \"Buggy the Clown\", er en pirat som dukker opp veldig ofte i den n\u00e5v\u00e6rende One Piece-historien. Han er Luffys f\u00f8rste fiende som pirat, og de vil krysse veier ...","robots":{"index":"index","follow":"follow","max-snippet":"max-snippet:-1","max-image-preview":"max-image-preview:large","max-video-preview":"max-video-preview:-1"},"canonical":"https:\/\/boutique-one-piece.com\/nb\/one-piece-onsket-plakat\/baggy-wanted-plakat\/","og_locale":"nb_NO","og_type":"article","og_title":"Avis De Recherche Baggy Wanted | D\u00e9coration One Piece \u2013 Boutique One Piece","og_description":"Tu es un adepte des personnages dr\u00f4les de One Piece ? Alors laisse-toi convaincre par cet Avis de Recherche Baggy Wanted. Baggy, \u00e9galement surnomm\u00e9 \"Baggy le Clown\" est un pirate que l'on retrouve tr\u00e8s souvent dans l'histoire actuelle de One Piece. Il est le premier ennemi de Luffy en tant que pirate et ils se croisero","og_url":"https:\/\/boutique-one-piece.com\/nb\/one-piece-onsket-plakat\/baggy-wanted-plakat\/","og_site_name":"Boutique One Piece","article_modified_time":"2024-09-16T12:51:05+00:00","og_image":[{"width":800,"height":800,"url":"https:\/\/boutique-one-piece.com\/wp-content\/uploads\/2022\/09\/Avis-De-Recherche-Baggy-Wanted-1.jpg","type":"image\/jpeg"}],"twitter_card":"summary_large_image","twitter_misc":{"Ansl. lesetid":"1 minutt"},"schema":{"@context":"https:\/\/schema.org","@graph":[{"@type":"WebPage","@id":"https:\/\/boutique-one-piece.com\/avis-de-recherche-one-piece\/avis-de-recherche-baggy-wanted\/","url":"https:\/\/boutique-one-piece.com\/avis-de-recherche-one-piece\/avis-de-recherche-baggy-wanted\/","name":"Baggy Wanted-plakat | One Piece-dekor \u2013 One Piece-butikken","isPartOf":{"@id":"https:\/\/boutique-one-piece.com\/#website"},"primaryImageOfPage":{"@id":"https:\/\/boutique-one-piece.com\/avis-de-recherche-one-piece\/avis-de-recherche-baggy-wanted\/#primaryimage"},"image":{"@id":"https:\/\/boutique-one-piece.com\/avis-de-recherche-one-piece\/avis-de-recherche-baggy-wanted\/#primaryimage"},"thumbnailUrl":"https:\/\/boutique-one-piece.com\/wp-content\/uploads\/2022\/09\/Avis-De-Recherche-Baggy-Wanted-1.jpg","datePublished":"2022-09-27T20:54:38+00:00","dateModified":"2024-09-16T12:51:05+00:00","description":"Er du en fan av de morsomme figurene i One Piece? La deg overbevise av denne Baggy Wanted-plakaten. Baggy, ogs\u00e5 kjent som \"Buggy the Clown\", er en pirat som dukker opp veldig ofte i den n\u00e5v\u00e6rende One Piece-historien. Han er Luffys f\u00f8rste fiende som pirat, og de vil krysse veier ...","breadcrumb":{"@id":"https:\/\/boutique-one-piece.com\/avis-de-recherche-one-piece\/avis-de-recherche-baggy-wanted\/#breadcrumb"},"inLanguage":"nb-NO","potentialAction":[{"@type":"ReadAction","target":["https:\/\/boutique-one-piece.com\/avis-de-recherche-one-piece\/avis-de-recherche-baggy-wanted\/"]}]},{"@type":"ImageObject","inLanguage":"nb-NO","@id":"https:\/\/boutique-one-piece.com\/avis-de-recherche-one-piece\/avis-de-recherche-baggy-wanted\/#primaryimage","url":"https:\/\/boutique-one-piece.com\/wp-content\/uploads\/2022\/09\/Avis-De-Recherche-Baggy-Wanted-1.jpg","contentUrl":"https:\/\/boutique-one-piece.com\/wp-content\/uploads\/2022\/09\/Avis-De-Recherche-Baggy-Wanted-1.jpg","width":800,"height":800},{"@type":"BreadcrumbList","@id":"https:\/\/boutique-one-piece.com\/avis-de-recherche-one-piece\/avis-de-recherche-baggy-wanted\/#breadcrumb","itemListElement":[{"@type":"ListItem","position":1,"name":"Home","item":"https:\/\/boutique-one-piece.com\/"},{"@type":"ListItem","position":2,"name":"Shop","item":"https:\/\/boutique-one-piece.com\/shop\/"},{"@type":"ListItem","position":3,"name":"Avis De Recherche Baggy Wanted"}]},{"@type":"WebSite","@id":"https:\/\/boutique-one-piece.com\/#website","url":"https:\/\/boutique-one-piece.com\/","name":"One Piece-butikk","description":"Spesialbutikk for One Piece Manga og Anime","publisher":{"@id":"https:\/\/boutique-one-piece.com\/#organization"},"potentialAction":[{"@type":"SearchAction","target":{"@type":"EntryPoint","urlTemplate":"https:\/\/boutique-one-piece.com\/?s={search_term_string}"},"query-input":{"@type":"PropertyValueSpecification","valueRequired":true,"valueName":"search_term_string"}}],"inLanguage":"nb-NO"},{"@type":"Organization","@id":"https:\/\/boutique-one-piece.com\/#organization","name":"One Piece-butikk","url":"https:\/\/boutique-one-piece.com\/","logo":{"@type":"ImageObject","inLanguage":"nb-NO","@id":"https:\/\/boutique-one-piece.com\/#\/schema\/logo\/image\/","url":"https:\/\/boutique-one-piece.com\/wp-content\/uploads\/2022\/09\/Logo-01.png","contentUrl":"https:\/\/boutique-one-piece.com\/wp-content\/uploads\/2022\/09\/Logo-01.png","width":2318,"height":957,"caption":"Boutique One Piece"},"image":{"@id":"https:\/\/boutique-one-piece.com\/#\/schema\/logo\/image\/"}}]}},"_links":{"self":[{"href":"https:\/\/boutique-one-piece.com\/nb\/wp-json\/wp\/v2\/product\/12277","targetHints":{"allow":["GET"]}}],"collection":[{"href":"https:\/\/boutique-one-piece.com\/nb\/wp-json\/wp\/v2\/product"}],"about":[{"href":"https:\/\/boutique-one-piece.com\/nb\/wp-json\/wp\/v2\/types\/product"}],"replies":[{"embeddable":true,"href":"https:\/\/boutique-one-piece.com\/nb\/wp-json\/wp\/v2\/comments?post=12277"}],"wp:featuredmedia":[{"embeddable":true,"href":"https:\/\/boutique-one-piece.com\/nb\/wp-json\/wp\/v2\/media\/12279"}],"wp:attachment":[{"href":"https:\/\/boutique-one-piece.com\/nb\/wp-json\/wp\/v2\/media?parent=12277"}],"wp:term":[{"taxonomy":"product_brand","embeddable":true,"href":"https:\/\/boutique-one-piece.com\/nb\/wp-json\/wp\/v2\/product_brand?post=12277"},{"taxonomy":"product_cat","embeddable":true,"href":"https:\/\/boutique-one-piece.com\/nb\/wp-json\/wp\/v2\/product_cat?post=12277"},{"taxonomy":"product_tag","embeddable":true,"href":"https:\/\/boutique-one-piece.com\/nb\/wp-json\/wp\/v2\/product_tag?post=12277"}],"curies":[{"name":"wp","href":"https:\/\/api.w.org\/{rel}","templated":true}]}}