{"id":12428,"date":"2022-09-27T20:55:42","date_gmt":"2022-09-27T20:55:42","guid":{"rendered":"https:\/\/boutique-one-piece.com\/uncategorized\/maillot-imprime-one-piece-barbe-noire-aokiji-luffy\/"},"modified":"2024-09-16T12:54:53","modified_gmt":"2024-09-16T12:54:53","slug":"one-piece-troye-med-trykk-blackbeard-aokiji-luffy","status":"publish","type":"product","link":"https:\/\/boutique-one-piece.com\/nb\/one-piece-klaer\/one-piece-t-skjorter\/one-piece-troye-med-trykk-blackbeard-aokiji-luffy\/","title":{"rendered":"One Piece-skjorte med trykk og motiv fra Blackbeard, Aokiji og Luffy"},"content":{"rendered":"<h2>\n<b>One Piece-undertr\u00f8ye med trykk av Marshall D. Teach, Kuzan Aokiji og Luffy som gj\u00f8r en Gomu Gomu No Red Hawk.\u00a0<\/b>En tr\u00f8ye av super kvalitet for en pirat som deg!<\/h2>\n<p>Hvis du er en\u00a0<strong>ekte pirat<\/strong>, Du vil sette pris p\u00e5\u00a0<strong>kvalitet<\/strong>\u00a0stoff og\u00a0<strong>3D-lerretsutskrift<\/strong>\u00a0av dette\u00a0<strong>One Piece t-skjorte<\/strong>\u00a0Men aller viktigst, med dette\u00a0<strong>svart trykt jersey<\/strong>\u00a0det er fordi du vil v\u00e6re en del av\u00a0<strong>fanteamet<\/strong>\u00a0av\u00a0<strong>piratmanga<\/strong>\u00a0og du vil f\u00e5:<\/p>\n<ul>\n<li>\u00a0<strong>Beundring<\/strong>\u00a0av alle fansen av\u00a0<strong>mugiwara<\/strong>\u00a0som du vil m\u00f8te<\/li>\n<\/ul>\n<ul>\n<li>En ekte\u00a0<strong>trykt t-skjorte<\/strong>\u00a0som du kan bruke<strong>\u00a0\u00e5 forestille seg<\/strong>\u00a0med\u00a0<strong>Ape D. Luffy<\/strong>?, <strong>Svartskjegg<\/strong> Og <strong>Kuzan Aokiji<\/strong>\n<\/li>\n<\/ul>\n<p>S\u00e5, klar til \u00e5 bruke\u00a0<strong>farger\u00a0<\/strong>av <strong>Spist<\/strong>\u00a0?<\/p>\n<h2>Er du en fan av One Piece manga eller anime? Vis det frem med denne One Piece-trykkede t-skjorten!<\/h2>\n<p>Hvis du\u00a0<strong>lese<\/strong>\u00a0eller hvor enn du ser\u00a0<span>\u00a0<\/span><strong>Japansk anime<\/strong>, Det er stor sjanse for at du har blitt\u00a0<strong>gal etter One Piece<\/strong>\u00a0Med dette!\u00a0<strong>T-skjorte med trykk fra Blackbeard, Aokiji og Luffy<\/strong>, bli med i\u2019<strong>en gjeng med fans av franchisen<\/strong><\/p>\n<p>Dette\u00a0<strong>svart tr\u00f8ye<\/strong>\u00a0er tilgjengelig i st\u00f8rrelser\u00a0<strong>XS<\/strong>,<strong>\u00a0S<\/strong>,<strong>\u00a0M<\/strong>,<strong>\u00a0L<\/strong>,\u00a0<strong>XL<\/strong>,\u00a0<strong>XXL<\/strong>, Den passer for alle typer pirater, selv om du ikke har\u00a0<strong>sverd<\/strong>\u00a0eller\u00a0<strong>djevelfrukt<\/strong>\u00a0Du kan fortsatt b\u00e6re den med stolthet.<\/p>\n<p><strong>Ape D. Luffy<\/strong>\u00a0setter seg i posisjon til \u00e5\u00a0<strong>sl\u00e5ss<\/strong>, han er klar til \u00e5 bruke sin\u00a0<strong>Utstyr<\/strong>. Det er den\u00a0<strong>logo<\/strong>\u00a0av\u00a0<strong>Luffy<\/strong>\u00a0i bakgrunnen.<\/p>\n<h2>Informasjon om t-skjorten:\u00a0<\/h2>\n<ul>\n<li>\u00a0<strong>Jersey av premiumkvalitet\u00a0<\/strong>har en\u00a0<strong>h\u00f8y gramvekt<\/strong>, med kvalitetsmaterialer<\/li>\n<\/ul>\n<ul>\n<li>\n<strong>L\u00f8s passform<\/strong>\u00a0:\u00a0\u00a0<strong>t-skjorte<\/strong>\u00a0med en\u00a0<strong>bredt snitt<\/strong>, for ekstra komfort<\/li>\n<\/ul>\n<ul>\n<li>\n<strong>Veldig komfortabel\u00a0<\/strong>med disse\u00a0<strong>fibre<\/strong>\u00a0av\u00a0<strong>bomull<\/strong>\u00a0stor\u00a0<strong>myk<\/strong>, det finnes ingen\u00a0<strong>friksjon<\/strong>\n<\/li>\n<\/ul>\n<ul>\n<li>\n<strong>3D digital utskrift<\/strong>\u00a0:\u00a0<strong>trykt t-skjorte<\/strong>\u00a0med et originalt design,\u00a0<strong>Lerretsbilde<\/strong>\n<\/li>\n<\/ul>\n<ul>\n<li>\n<strong>\u00d8kologisk bomull\u00a0<\/strong>kvalitetsbomull med\u00a0<strong>ekstra lange fibre<\/strong>\n<\/li>\n<\/ul>\n<ul>\n<li>\n<strong>Gratis levering\u00a0<\/strong>for ethvert kj\u00f8p<\/li>\n<\/ul>\n<h2><strong>Ikke glem \u00e5 ta en titt p\u00e5 st\u00f8rrelsesguiden nedenfor.<\/strong><\/h2>\n<h2><img decoding=\"async\" src=\"https:\/\/cdn.shopify.com\/s\/files\/1\/0087\/7556\/5348\/files\/boutque_one__piece_tableau_taille_maillot-imprime_large.jpg?v=1560345982\" alt=\"St\u00f8rrelsesguide for badedrakt med trykk i \u00e9n del\"><\/h2>\n<h3>Vaskeanvisning:<\/h3>\n<ul>\n<li>Maskinvask p\u00e5 30 \u00b0C, finvaskprogram<\/li>\n<\/ul>\n<ul>\n<li>Stryk p\u00e5 baksiden<\/li>\n<\/ul>\n<p>Til<span>\u00a0<\/span><strong>bevare kvaliteten<\/strong><span>\u00a0<\/span>av dette<span>\u00a0Jersey<\/span><strong>\u00a0Ett stykke<\/strong>, anbefaler vi at du<span>\u00a0<\/span><strong>respekt<\/strong><span>\u00a0<\/span>DE<span>\u00a0<\/span><strong>vaskeanvisning<\/strong>.<\/p>","protected":false},"excerpt":{"rendered":"<p>Maillot de Corps\u00a0One Piece Imprim\u00e9 avec\u00a0Marshall D. Teach, Kuzan Aokiji Et Luffy Qui Fait un Gomu Gomu No Red Hawk.\u00a0Un Maillot de super qualit\u00e9 pour un pirate comme\u00a0toi\u00a0! Si tu es un\u00a0v\u00e9ritable pirate, tu sauras appr\u00e9cier la\u00a0qualit\u00e9\u00a0du tissu et de\u00a0l&rsquo;impression 3D Canvas\u00a0de ce\u00a0t-shirt\u00a0One Piece\u00a0!\u00a0Mais le plus important, avec ce\u00a0maillot noir imprim\u00e9\u00a0c\u0092est que tu\u00a0feras partie de\u00a0l&rsquo;\u00e9quipage\u00a0des [&hellip;]<\/p>","protected":false},"featured_media":12430,"comment_status":"open","ping_status":"open","template":"","meta":[],"product_brand":[],"product_cat":[53],"product_tag":[68,286,92],"class_list":{"0":"post-12428","1":"product","2":"type-product","3":"status-publish","4":"has-post-thumbnail","6":"product_cat-t-shirts-one-piece","7":"product_tag-aokiji","8":"product_tag-barbe-noire","9":"product_tag-luffy","11":"first","12":"instock","13":"purchasable","14":"product-type-variable"},"yoast_head":"<!-- This site is optimized with the Yoast SEO plugin v27.5 - https:\/\/yoast.com\/product\/yoast-seo-wordpress\/ -->\n<title>Maillot Imprim\u00e9 Barbe Noire Aokiji Luffy | Boutique One Piece<\/title>\n<meta name=\"description\" content=\"Maillot de Corps One Piece Imprim\u00e9 avec Marshall D. Teach, Kuzan Aokiji Et Luffy Qui Fait un Gomu Gomu No Red Hawk de Tr\u00e8s Haute Qualit\u00e9 pour les Fans de Manga\" \/>\n<meta name=\"robots\" content=\"index, follow, max-snippet:-1, max-image-preview:large, max-video-preview:-1\" \/>\n<link rel=\"canonical\" href=\"https:\/\/boutique-one-piece.com\/nb\/one-piece-klaer\/one-piece-t-skjorter\/one-piece-troye-med-trykk-blackbeard-aokiji-luffy\/\" \/>\n<meta property=\"og:locale\" content=\"nb_NO\" \/>\n<meta property=\"og:type\" content=\"article\" \/>\n<meta property=\"og:title\" content=\"Maillot Imprim\u00e9 Barbe Noire Aokiji Luffy | Boutique One Piece\" \/>\n<meta property=\"og:description\" content=\"Maillot de Corps One Piece Imprim\u00e9 avec Marshall D. Teach, Kuzan Aokiji Et Luffy Qui Fait un Gomu Gomu No Red Hawk de Tr\u00e8s Haute Qualit\u00e9 pour les Fans de Manga\" \/>\n<meta property=\"og:url\" content=\"https:\/\/boutique-one-piece.com\/nb\/one-piece-klaer\/one-piece-t-skjorter\/one-piece-troye-med-trykk-blackbeard-aokiji-luffy\/\" \/>\n<meta property=\"og:site_name\" content=\"Boutique One Piece\" \/>\n<meta property=\"article:modified_time\" content=\"2024-09-16T12:54:53+00:00\" \/>\n<meta property=\"og:image\" content=\"https:\/\/boutique-one-piece.com\/wp-content\/uploads\/2022\/09\/Maillot-Imprime-One-Piece-Barbe-Noire-Aokiji-Luffy.jpg\" \/>\n\t<meta property=\"og:image:width\" content=\"552\" \/>\n\t<meta property=\"og:image:height\" content=\"600\" \/>\n\t<meta property=\"og:image:type\" content=\"image\/jpeg\" \/>\n<meta name=\"twitter:card\" content=\"summary_large_image\" \/>\n<meta name=\"twitter:label1\" content=\"Ansl. lesetid\" \/>\n\t<meta name=\"twitter:data1\" content=\"3 minutter\" \/>\n<script type=\"application\/ld+json\" class=\"yoast-schema-graph\">{\"@context\":\"https:\\\/\\\/schema.org\",\"@graph\":[{\"@type\":\"WebPage\",\"@id\":\"https:\\\/\\\/boutique-one-piece.com\\\/vetements-one-piece\\\/t-shirts-one-piece\\\/maillot-imprime-one-piece-barbe-noire-aokiji-luffy\\\/\",\"url\":\"https:\\\/\\\/boutique-one-piece.com\\\/vetements-one-piece\\\/t-shirts-one-piece\\\/maillot-imprime-one-piece-barbe-noire-aokiji-luffy\\\/\",\"name\":\"Maillot Imprim\u00e9 Barbe Noire Aokiji Luffy | Boutique One Piece\",\"isPartOf\":{\"@id\":\"https:\\\/\\\/boutique-one-piece.com\\\/#website\"},\"primaryImageOfPage\":{\"@id\":\"https:\\\/\\\/boutique-one-piece.com\\\/vetements-one-piece\\\/t-shirts-one-piece\\\/maillot-imprime-one-piece-barbe-noire-aokiji-luffy\\\/#primaryimage\"},\"image\":{\"@id\":\"https:\\\/\\\/boutique-one-piece.com\\\/vetements-one-piece\\\/t-shirts-one-piece\\\/maillot-imprime-one-piece-barbe-noire-aokiji-luffy\\\/#primaryimage\"},\"thumbnailUrl\":\"https:\\\/\\\/boutique-one-piece.com\\\/wp-content\\\/uploads\\\/2022\\\/09\\\/Maillot-Imprime-One-Piece-Barbe-Noire-Aokiji-Luffy.jpg\",\"datePublished\":\"2022-09-27T20:55:42+00:00\",\"dateModified\":\"2024-09-16T12:54:53+00:00\",\"description\":\"Maillot de Corps One Piece Imprim\u00e9 avec Marshall D. Teach, Kuzan Aokiji Et Luffy Qui Fait un Gomu Gomu No Red Hawk de Tr\u00e8s Haute Qualit\u00e9 pour les Fans de Manga\",\"breadcrumb\":{\"@id\":\"https:\\\/\\\/boutique-one-piece.com\\\/vetements-one-piece\\\/t-shirts-one-piece\\\/maillot-imprime-one-piece-barbe-noire-aokiji-luffy\\\/#breadcrumb\"},\"inLanguage\":\"nb-NO\",\"potentialAction\":[{\"@type\":\"ReadAction\",\"target\":[\"https:\\\/\\\/boutique-one-piece.com\\\/vetements-one-piece\\\/t-shirts-one-piece\\\/maillot-imprime-one-piece-barbe-noire-aokiji-luffy\\\/\"]}]},{\"@type\":\"ImageObject\",\"inLanguage\":\"nb-NO\",\"@id\":\"https:\\\/\\\/boutique-one-piece.com\\\/vetements-one-piece\\\/t-shirts-one-piece\\\/maillot-imprime-one-piece-barbe-noire-aokiji-luffy\\\/#primaryimage\",\"url\":\"https:\\\/\\\/boutique-one-piece.com\\\/wp-content\\\/uploads\\\/2022\\\/09\\\/Maillot-Imprime-One-Piece-Barbe-Noire-Aokiji-Luffy.jpg\",\"contentUrl\":\"https:\\\/\\\/boutique-one-piece.com\\\/wp-content\\\/uploads\\\/2022\\\/09\\\/Maillot-Imprime-One-Piece-Barbe-Noire-Aokiji-Luffy.jpg\",\"width\":552,\"height\":600,\"caption\":\"Maillot Imprim\u00e9 One Piece Barbe Noire\"},{\"@type\":\"BreadcrumbList\",\"@id\":\"https:\\\/\\\/boutique-one-piece.com\\\/vetements-one-piece\\\/t-shirts-one-piece\\\/maillot-imprime-one-piece-barbe-noire-aokiji-luffy\\\/#breadcrumb\",\"itemListElement\":[{\"@type\":\"ListItem\",\"position\":1,\"name\":\"Home\",\"item\":\"https:\\\/\\\/boutique-one-piece.com\\\/\"},{\"@type\":\"ListItem\",\"position\":2,\"name\":\"Shop\",\"item\":\"https:\\\/\\\/boutique-one-piece.com\\\/shop\\\/\"},{\"@type\":\"ListItem\",\"position\":3,\"name\":\"Maillot Imprim\u00e9 One Piece Barbe Noire, Aokiji, Luffy\"}]},{\"@type\":\"WebSite\",\"@id\":\"https:\\\/\\\/boutique-one-piece.com\\\/#website\",\"url\":\"https:\\\/\\\/boutique-one-piece.com\\\/\",\"name\":\"Boutique One Piece\",\"description\":\"Magasin Sp\u00e9cialis\u00e9 du Manga et l&#039;Anime One Piece\",\"publisher\":{\"@id\":\"https:\\\/\\\/boutique-one-piece.com\\\/#organization\"},\"potentialAction\":[{\"@type\":\"SearchAction\",\"target\":{\"@type\":\"EntryPoint\",\"urlTemplate\":\"https:\\\/\\\/boutique-one-piece.com\\\/?s={search_term_string}\"},\"query-input\":{\"@type\":\"PropertyValueSpecification\",\"valueRequired\":true,\"valueName\":\"search_term_string\"}}],\"inLanguage\":\"nb-NO\"},{\"@type\":\"Organization\",\"@id\":\"https:\\\/\\\/boutique-one-piece.com\\\/#organization\",\"name\":\"Boutique One Piece\",\"url\":\"https:\\\/\\\/boutique-one-piece.com\\\/\",\"logo\":{\"@type\":\"ImageObject\",\"inLanguage\":\"nb-NO\",\"@id\":\"https:\\\/\\\/boutique-one-piece.com\\\/#\\\/schema\\\/logo\\\/image\\\/\",\"url\":\"https:\\\/\\\/boutique-one-piece.com\\\/wp-content\\\/uploads\\\/2022\\\/09\\\/Logo-01.png\",\"contentUrl\":\"https:\\\/\\\/boutique-one-piece.com\\\/wp-content\\\/uploads\\\/2022\\\/09\\\/Logo-01.png\",\"width\":2318,\"height\":957,\"caption\":\"Boutique One Piece\"},\"image\":{\"@id\":\"https:\\\/\\\/boutique-one-piece.com\\\/#\\\/schema\\\/logo\\\/image\\\/\"}}]}<\/script>\n<!-- \/ Yoast SEO plugin. -->","yoast_head_json":{"title":"Svartskjegg Aokiji Luffy-trykket skjorte | One Piece Shop","description":"One Piece-tr\u00f8ye med trykk, Marshall D. Teach, Kuzan Aokiji og Luffy som utf\u00f8rer en Gomu Gomu no Red Hawk. H\u00f8y kvalitet for manga-fans.","robots":{"index":"index","follow":"follow","max-snippet":"max-snippet:-1","max-image-preview":"max-image-preview:large","max-video-preview":"max-video-preview:-1"},"canonical":"https:\/\/boutique-one-piece.com\/nb\/one-piece-klaer\/one-piece-t-skjorter\/one-piece-troye-med-trykk-blackbeard-aokiji-luffy\/","og_locale":"nb_NO","og_type":"article","og_title":"Maillot Imprim\u00e9 Barbe Noire Aokiji Luffy | Boutique One Piece","og_description":"Maillot de Corps One Piece Imprim\u00e9 avec Marshall D. Teach, Kuzan Aokiji Et Luffy Qui Fait un Gomu Gomu No Red Hawk de Tr\u00e8s Haute Qualit\u00e9 pour les Fans de Manga","og_url":"https:\/\/boutique-one-piece.com\/nb\/one-piece-klaer\/one-piece-t-skjorter\/one-piece-troye-med-trykk-blackbeard-aokiji-luffy\/","og_site_name":"Boutique One Piece","article_modified_time":"2024-09-16T12:54:53+00:00","og_image":[{"width":552,"height":600,"url":"https:\/\/boutique-one-piece.com\/wp-content\/uploads\/2022\/09\/Maillot-Imprime-One-Piece-Barbe-Noire-Aokiji-Luffy.jpg","type":"image\/jpeg"}],"twitter_card":"summary_large_image","twitter_misc":{"Ansl. lesetid":"3 minutter"},"schema":{"@context":"https:\/\/schema.org","@graph":[{"@type":"WebPage","@id":"https:\/\/boutique-one-piece.com\/vetements-one-piece\/t-shirts-one-piece\/maillot-imprime-one-piece-barbe-noire-aokiji-luffy\/","url":"https:\/\/boutique-one-piece.com\/vetements-one-piece\/t-shirts-one-piece\/maillot-imprime-one-piece-barbe-noire-aokiji-luffy\/","name":"Svartskjegg Aokiji Luffy-trykket skjorte | One Piece Shop","isPartOf":{"@id":"https:\/\/boutique-one-piece.com\/#website"},"primaryImageOfPage":{"@id":"https:\/\/boutique-one-piece.com\/vetements-one-piece\/t-shirts-one-piece\/maillot-imprime-one-piece-barbe-noire-aokiji-luffy\/#primaryimage"},"image":{"@id":"https:\/\/boutique-one-piece.com\/vetements-one-piece\/t-shirts-one-piece\/maillot-imprime-one-piece-barbe-noire-aokiji-luffy\/#primaryimage"},"thumbnailUrl":"https:\/\/boutique-one-piece.com\/wp-content\/uploads\/2022\/09\/Maillot-Imprime-One-Piece-Barbe-Noire-Aokiji-Luffy.jpg","datePublished":"2022-09-27T20:55:42+00:00","dateModified":"2024-09-16T12:54:53+00:00","description":"One Piece-tr\u00f8ye med trykk, Marshall D. Teach, Kuzan Aokiji og Luffy som utf\u00f8rer en Gomu Gomu no Red Hawk. H\u00f8y kvalitet for manga-fans.","breadcrumb":{"@id":"https:\/\/boutique-one-piece.com\/vetements-one-piece\/t-shirts-one-piece\/maillot-imprime-one-piece-barbe-noire-aokiji-luffy\/#breadcrumb"},"inLanguage":"nb-NO","potentialAction":[{"@type":"ReadAction","target":["https:\/\/boutique-one-piece.com\/vetements-one-piece\/t-shirts-one-piece\/maillot-imprime-one-piece-barbe-noire-aokiji-luffy\/"]}]},{"@type":"ImageObject","inLanguage":"nb-NO","@id":"https:\/\/boutique-one-piece.com\/vetements-one-piece\/t-shirts-one-piece\/maillot-imprime-one-piece-barbe-noire-aokiji-luffy\/#primaryimage","url":"https:\/\/boutique-one-piece.com\/wp-content\/uploads\/2022\/09\/Maillot-Imprime-One-Piece-Barbe-Noire-Aokiji-Luffy.jpg","contentUrl":"https:\/\/boutique-one-piece.com\/wp-content\/uploads\/2022\/09\/Maillot-Imprime-One-Piece-Barbe-Noire-Aokiji-Luffy.jpg","width":552,"height":600,"caption":"Maillot Imprim\u00e9 One Piece Barbe Noire"},{"@type":"BreadcrumbList","@id":"https:\/\/boutique-one-piece.com\/vetements-one-piece\/t-shirts-one-piece\/maillot-imprime-one-piece-barbe-noire-aokiji-luffy\/#breadcrumb","itemListElement":[{"@type":"ListItem","position":1,"name":"Home","item":"https:\/\/boutique-one-piece.com\/"},{"@type":"ListItem","position":2,"name":"Shop","item":"https:\/\/boutique-one-piece.com\/shop\/"},{"@type":"ListItem","position":3,"name":"Maillot Imprim\u00e9 One Piece Barbe Noire, Aokiji, Luffy"}]},{"@type":"WebSite","@id":"https:\/\/boutique-one-piece.com\/#website","url":"https:\/\/boutique-one-piece.com\/","name":"One Piece-butikk","description":"Spesialbutikk for One Piece Manga og Anime","publisher":{"@id":"https:\/\/boutique-one-piece.com\/#organization"},"potentialAction":[{"@type":"SearchAction","target":{"@type":"EntryPoint","urlTemplate":"https:\/\/boutique-one-piece.com\/?s={search_term_string}"},"query-input":{"@type":"PropertyValueSpecification","valueRequired":true,"valueName":"search_term_string"}}],"inLanguage":"nb-NO"},{"@type":"Organization","@id":"https:\/\/boutique-one-piece.com\/#organization","name":"One Piece-butikk","url":"https:\/\/boutique-one-piece.com\/","logo":{"@type":"ImageObject","inLanguage":"nb-NO","@id":"https:\/\/boutique-one-piece.com\/#\/schema\/logo\/image\/","url":"https:\/\/boutique-one-piece.com\/wp-content\/uploads\/2022\/09\/Logo-01.png","contentUrl":"https:\/\/boutique-one-piece.com\/wp-content\/uploads\/2022\/09\/Logo-01.png","width":2318,"height":957,"caption":"Boutique One Piece"},"image":{"@id":"https:\/\/boutique-one-piece.com\/#\/schema\/logo\/image\/"}}]}},"_links":{"self":[{"href":"https:\/\/boutique-one-piece.com\/nb\/wp-json\/wp\/v2\/product\/12428","targetHints":{"allow":["GET"]}}],"collection":[{"href":"https:\/\/boutique-one-piece.com\/nb\/wp-json\/wp\/v2\/product"}],"about":[{"href":"https:\/\/boutique-one-piece.com\/nb\/wp-json\/wp\/v2\/types\/product"}],"replies":[{"embeddable":true,"href":"https:\/\/boutique-one-piece.com\/nb\/wp-json\/wp\/v2\/comments?post=12428"}],"wp:featuredmedia":[{"embeddable":true,"href":"https:\/\/boutique-one-piece.com\/nb\/wp-json\/wp\/v2\/media\/12430"}],"wp:attachment":[{"href":"https:\/\/boutique-one-piece.com\/nb\/wp-json\/wp\/v2\/media?parent=12428"}],"wp:term":[{"taxonomy":"product_brand","embeddable":true,"href":"https:\/\/boutique-one-piece.com\/nb\/wp-json\/wp\/v2\/product_brand?post=12428"},{"taxonomy":"product_cat","embeddable":true,"href":"https:\/\/boutique-one-piece.com\/nb\/wp-json\/wp\/v2\/product_cat?post=12428"},{"taxonomy":"product_tag","embeddable":true,"href":"https:\/\/boutique-one-piece.com\/nb\/wp-json\/wp\/v2\/product_tag?post=12428"}],"curies":[{"name":"wp","href":"https:\/\/api.w.org\/{rel}","templated":true}]}}