{"id":12438,"date":"2022-09-27T20:55:42","date_gmt":"2022-09-27T20:55:42","guid":{"rendered":"https:\/\/boutique-one-piece.com\/uncategorized\/drapeau-zoro\/"},"modified":"2024-09-16T12:55:00","modified_gmt":"2024-09-16T12:55:00","slug":"zoro-flagg","status":"publish","type":"product","link":"https:\/\/boutique-one-piece.com\/nb\/one-piece-dekorasjoner\/one-piece-flagg\/zoro-flagg\/","title":{"rendered":"Zoro-flagget"},"content":{"rendered":"<h2>Unge sj\u00f8mann, tiden er inne for at du stolt kan vise frem dette Zoro-flagget.<\/h2>\n<p>Til deg<strong> Zoros personlige flagg<\/strong>. Selv om du allerede kjenner ham, er her en rask p\u00e5minnelse om denne karakteren: Roronoa Zoro er en pirat, en tidligere piratejeger og en av hovedpersonene i One Piece. Han var det f\u00f8rste medlemmet som ble med i Straw Hat Crew, og er den f\u00f8rste... <strong>sjefsverdmann<\/strong>.<\/p>\n<p>Hans ambisjon er \u00e5 bli verdens beste sverdmann, og han har vist en jernvilje for \u00e5 oppn\u00e5 dette m\u00e5let. Han er en mesterlig sverdmann som kan bruke flere kampstiler, hvorav den mest karakteristiske ligger i antallet sverd han bruker. Hans kampferdigheter er slike at han noen ganger gir de utenfor mannskapet inntrykk av at han er den sanne kapteinen. Dessuten, <a title=\"LUFFY FLAG\" href=\"https:\/\/boutique-one-piece.com\/nb\/luffy-flagg\/\" target=\"_blank\" rel=\"noopener\">Monkey D. Luffys flagg<\/a> er innen rekkevidde.<\/p>\n<h3>S\u00e5, er du trollbundet av Zoros flagg? I s\u00e5 fall vet du hva du skal gj\u00f8re. Grip flagget og vis det stolt frem. Hyll denne ber\u00f8mte sverdmannen.<\/h3>\n<p>Enten du er en ihuga fan eller en seri\u00f8s samler, er disse gjenstandene definitivt noe for deg. Perfekt til gave, dekorasjon eller samling. <strong>mytiske gjenstander<\/strong> Du vil garantert like dem! Uansett, \u00e9n ting er sikkert, <strong>One Piece-skatten<\/strong>, venter p\u00e5 deg!<\/p>\n<h2>Informasjon om Roronoa Zoro-flagget:<\/h2>\n<ul>\n<li>\n<strong><u>One Piece-flagg<\/u><\/strong>\u00a0Et ekte One Piece piratflagg for ekte fans<\/li>\n<\/ul>\n<ul>\n<li>\n<strong>Utskrift av h\u00f8y kvalitet<\/strong>\u00a0n\u00f8yaktige farger<\/li>\n<\/ul>\n<ul>\n<li>\n<strong>Materie<\/strong>\u00a0Polyester<\/li>\n<\/ul>\n<ul>\n<li>\n<strong>Dimensjon<\/strong>\u00a0: 100 cm x 100 cm eller 90 cm x 150 cm<\/li>\n<\/ul>\n<ul>\n<li><strong>GRATIS LEVERING<\/strong><\/li>\n<\/ul>","protected":false},"excerpt":{"rendered":"<p>Unge sj\u00f8mann, tiden er inne for at du stolt kan vise frem dette Zoro-flagget. Zoros personlige flagg er ditt. Selv om du allerede kjenner ham, er her en rask p\u00e5minnelse om denne karakteren: Roronoa Zoro er en pirat, en tidligere piratejeger og en av hovedpersonene i One Piece. Han var det f\u00f8rste medlemmet [\u2026]<\/p>","protected":false},"featured_media":12440,"comment_status":"open","ping_status":"open","template":"","meta":[],"product_brand":[],"product_cat":[212],"product_tag":[113],"class_list":{"0":"post-12438","1":"product","2":"type-product","3":"status-publish","4":"has-post-thumbnail","6":"product_cat-drapeaux-one-piece","7":"product_tag-zoro","9":"first","10":"instock","11":"purchasable","12":"product-type-variable","13":"has-default-attributes"},"yoast_head":"<!-- This site is optimized with the Yoast SEO plugin v27.5 - https:\/\/yoast.com\/product\/yoast-seo-wordpress\/ -->\n<title>Drapeau Zoro | Boutique One Piece<\/title>\n<meta name=\"description\" content=\"D\u00e9couvrez le Drapeau One Piece Roronoa Zoro, d\u00e9corez votre pi\u00e8ce en rejoignant la flotte du futur meilleur \u00c9p\u00e9iste ! Commencez votre aventure recherche du One Piece dans l&#039;\u00e9quipage du Chapeau de Paille\" \/>\n<meta name=\"robots\" content=\"index, follow, max-snippet:-1, max-image-preview:large, max-video-preview:-1\" \/>\n<link rel=\"canonical\" href=\"https:\/\/boutique-one-piece.com\/nb\/one-piece-dekorasjoner\/one-piece-flagg\/zoro-flagg\/\" \/>\n<meta property=\"og:locale\" content=\"nb_NO\" \/>\n<meta property=\"og:type\" content=\"article\" \/>\n<meta property=\"og:title\" content=\"Drapeau Zoro | Boutique One Piece\" \/>\n<meta property=\"og:description\" content=\"D\u00e9couvrez le Drapeau One Piece Roronoa Zoro, d\u00e9corez votre pi\u00e8ce en rejoignant la flotte du futur meilleur \u00c9p\u00e9iste ! Commencez votre aventure recherche du One Piece dans l&#039;\u00e9quipage du Chapeau de Paille\" \/>\n<meta property=\"og:url\" content=\"https:\/\/boutique-one-piece.com\/nb\/one-piece-dekorasjoner\/one-piece-flagg\/zoro-flagg\/\" \/>\n<meta property=\"og:site_name\" content=\"Boutique One Piece\" \/>\n<meta property=\"article:modified_time\" content=\"2024-09-16T12:55:00+00:00\" \/>\n<meta property=\"og:image\" content=\"https:\/\/boutique-one-piece.com\/wp-content\/uploads\/2022\/09\/Drapeau-Zoro.jpg\" \/>\n\t<meta property=\"og:image:width\" content=\"800\" \/>\n\t<meta property=\"og:image:height\" content=\"568\" \/>\n\t<meta property=\"og:image:type\" content=\"image\/jpeg\" \/>\n<meta name=\"twitter:card\" content=\"summary_large_image\" \/>\n<meta name=\"twitter:label1\" content=\"Ansl. lesetid\" \/>\n\t<meta name=\"twitter:data1\" content=\"1 minutt\" \/>\n<script type=\"application\/ld+json\" class=\"yoast-schema-graph\">{\"@context\":\"https:\\\/\\\/schema.org\",\"@graph\":[{\"@type\":\"WebPage\",\"@id\":\"https:\\\/\\\/boutique-one-piece.com\\\/decorations-one-piece\\\/drapeaux-one-piece\\\/drapeau-zoro\\\/\",\"url\":\"https:\\\/\\\/boutique-one-piece.com\\\/decorations-one-piece\\\/drapeaux-one-piece\\\/drapeau-zoro\\\/\",\"name\":\"Drapeau Zoro | Boutique One Piece\",\"isPartOf\":{\"@id\":\"https:\\\/\\\/boutique-one-piece.com\\\/#website\"},\"primaryImageOfPage\":{\"@id\":\"https:\\\/\\\/boutique-one-piece.com\\\/decorations-one-piece\\\/drapeaux-one-piece\\\/drapeau-zoro\\\/#primaryimage\"},\"image\":{\"@id\":\"https:\\\/\\\/boutique-one-piece.com\\\/decorations-one-piece\\\/drapeaux-one-piece\\\/drapeau-zoro\\\/#primaryimage\"},\"thumbnailUrl\":\"https:\\\/\\\/boutique-one-piece.com\\\/wp-content\\\/uploads\\\/2022\\\/09\\\/Drapeau-Zoro.jpg\",\"datePublished\":\"2022-09-27T20:55:42+00:00\",\"dateModified\":\"2024-09-16T12:55:00+00:00\",\"description\":\"D\u00e9couvrez le Drapeau One Piece Roronoa Zoro, d\u00e9corez votre pi\u00e8ce en rejoignant la flotte du futur meilleur \u00c9p\u00e9iste ! Commencez votre aventure recherche du One Piece dans l'\u00e9quipage du Chapeau de Paille\",\"breadcrumb\":{\"@id\":\"https:\\\/\\\/boutique-one-piece.com\\\/decorations-one-piece\\\/drapeaux-one-piece\\\/drapeau-zoro\\\/#breadcrumb\"},\"inLanguage\":\"nb-NO\",\"potentialAction\":[{\"@type\":\"ReadAction\",\"target\":[\"https:\\\/\\\/boutique-one-piece.com\\\/decorations-one-piece\\\/drapeaux-one-piece\\\/drapeau-zoro\\\/\"]}]},{\"@type\":\"ImageObject\",\"inLanguage\":\"nb-NO\",\"@id\":\"https:\\\/\\\/boutique-one-piece.com\\\/decorations-one-piece\\\/drapeaux-one-piece\\\/drapeau-zoro\\\/#primaryimage\",\"url\":\"https:\\\/\\\/boutique-one-piece.com\\\/wp-content\\\/uploads\\\/2022\\\/09\\\/Drapeau-Zoro.jpg\",\"contentUrl\":\"https:\\\/\\\/boutique-one-piece.com\\\/wp-content\\\/uploads\\\/2022\\\/09\\\/Drapeau-Zoro.jpg\",\"width\":800,\"height\":568,\"caption\":\"Drapeau Zoro 90x150cm\"},{\"@type\":\"BreadcrumbList\",\"@id\":\"https:\\\/\\\/boutique-one-piece.com\\\/decorations-one-piece\\\/drapeaux-one-piece\\\/drapeau-zoro\\\/#breadcrumb\",\"itemListElement\":[{\"@type\":\"ListItem\",\"position\":1,\"name\":\"Home\",\"item\":\"https:\\\/\\\/boutique-one-piece.com\\\/\"},{\"@type\":\"ListItem\",\"position\":2,\"name\":\"Shop\",\"item\":\"https:\\\/\\\/boutique-one-piece.com\\\/shop\\\/\"},{\"@type\":\"ListItem\",\"position\":3,\"name\":\"Drapeau Zoro\"}]},{\"@type\":\"WebSite\",\"@id\":\"https:\\\/\\\/boutique-one-piece.com\\\/#website\",\"url\":\"https:\\\/\\\/boutique-one-piece.com\\\/\",\"name\":\"Boutique One Piece\",\"description\":\"Magasin Sp\u00e9cialis\u00e9 du Manga et l&#039;Anime One Piece\",\"publisher\":{\"@id\":\"https:\\\/\\\/boutique-one-piece.com\\\/#organization\"},\"potentialAction\":[{\"@type\":\"SearchAction\",\"target\":{\"@type\":\"EntryPoint\",\"urlTemplate\":\"https:\\\/\\\/boutique-one-piece.com\\\/?s={search_term_string}\"},\"query-input\":{\"@type\":\"PropertyValueSpecification\",\"valueRequired\":true,\"valueName\":\"search_term_string\"}}],\"inLanguage\":\"nb-NO\"},{\"@type\":\"Organization\",\"@id\":\"https:\\\/\\\/boutique-one-piece.com\\\/#organization\",\"name\":\"Boutique One Piece\",\"url\":\"https:\\\/\\\/boutique-one-piece.com\\\/\",\"logo\":{\"@type\":\"ImageObject\",\"inLanguage\":\"nb-NO\",\"@id\":\"https:\\\/\\\/boutique-one-piece.com\\\/#\\\/schema\\\/logo\\\/image\\\/\",\"url\":\"https:\\\/\\\/boutique-one-piece.com\\\/wp-content\\\/uploads\\\/2022\\\/09\\\/Logo-01.png\",\"contentUrl\":\"https:\\\/\\\/boutique-one-piece.com\\\/wp-content\\\/uploads\\\/2022\\\/09\\\/Logo-01.png\",\"width\":2318,\"height\":957,\"caption\":\"Boutique One Piece\"},\"image\":{\"@id\":\"https:\\\/\\\/boutique-one-piece.com\\\/#\\\/schema\\\/logo\\\/image\\\/\"}}]}<\/script>\n<!-- \/ Yoast SEO plugin. -->","yoast_head_json":{"title":"Zoro-flagg | One Piece-butikk","description":"Oppdag One Piece Roronoa Zoro-flagget, dekorer rommet ditt ved \u00e5 bli med i fl\u00e5ten til fremtidens st\u00f8rste sverdmann! Start ditt One Piece-oppdragseventyr med Straw Hat-mannskapet.","robots":{"index":"index","follow":"follow","max-snippet":"max-snippet:-1","max-image-preview":"max-image-preview:large","max-video-preview":"max-video-preview:-1"},"canonical":"https:\/\/boutique-one-piece.com\/nb\/one-piece-dekorasjoner\/one-piece-flagg\/zoro-flagg\/","og_locale":"nb_NO","og_type":"article","og_title":"Drapeau Zoro | Boutique One Piece","og_description":"D\u00e9couvrez le Drapeau One Piece Roronoa Zoro, d\u00e9corez votre pi\u00e8ce en rejoignant la flotte du futur meilleur \u00c9p\u00e9iste ! Commencez votre aventure recherche du One Piece dans l'\u00e9quipage du Chapeau de Paille","og_url":"https:\/\/boutique-one-piece.com\/nb\/one-piece-dekorasjoner\/one-piece-flagg\/zoro-flagg\/","og_site_name":"Boutique One Piece","article_modified_time":"2024-09-16T12:55:00+00:00","og_image":[{"width":800,"height":568,"url":"https:\/\/boutique-one-piece.com\/wp-content\/uploads\/2022\/09\/Drapeau-Zoro.jpg","type":"image\/jpeg"}],"twitter_card":"summary_large_image","twitter_misc":{"Ansl. lesetid":"1 minutt"},"schema":{"@context":"https:\/\/schema.org","@graph":[{"@type":"WebPage","@id":"https:\/\/boutique-one-piece.com\/decorations-one-piece\/drapeaux-one-piece\/drapeau-zoro\/","url":"https:\/\/boutique-one-piece.com\/decorations-one-piece\/drapeaux-one-piece\/drapeau-zoro\/","name":"Zoro-flagg | One Piece-butikk","isPartOf":{"@id":"https:\/\/boutique-one-piece.com\/#website"},"primaryImageOfPage":{"@id":"https:\/\/boutique-one-piece.com\/decorations-one-piece\/drapeaux-one-piece\/drapeau-zoro\/#primaryimage"},"image":{"@id":"https:\/\/boutique-one-piece.com\/decorations-one-piece\/drapeaux-one-piece\/drapeau-zoro\/#primaryimage"},"thumbnailUrl":"https:\/\/boutique-one-piece.com\/wp-content\/uploads\/2022\/09\/Drapeau-Zoro.jpg","datePublished":"2022-09-27T20:55:42+00:00","dateModified":"2024-09-16T12:55:00+00:00","description":"Oppdag One Piece Roronoa Zoro-flagget, dekorer rommet ditt ved \u00e5 bli med i fl\u00e5ten til fremtidens st\u00f8rste sverdmann! Start ditt One Piece-oppdragseventyr med Straw Hat-mannskapet.","breadcrumb":{"@id":"https:\/\/boutique-one-piece.com\/decorations-one-piece\/drapeaux-one-piece\/drapeau-zoro\/#breadcrumb"},"inLanguage":"nb-NO","potentialAction":[{"@type":"ReadAction","target":["https:\/\/boutique-one-piece.com\/decorations-one-piece\/drapeaux-one-piece\/drapeau-zoro\/"]}]},{"@type":"ImageObject","inLanguage":"nb-NO","@id":"https:\/\/boutique-one-piece.com\/decorations-one-piece\/drapeaux-one-piece\/drapeau-zoro\/#primaryimage","url":"https:\/\/boutique-one-piece.com\/wp-content\/uploads\/2022\/09\/Drapeau-Zoro.jpg","contentUrl":"https:\/\/boutique-one-piece.com\/wp-content\/uploads\/2022\/09\/Drapeau-Zoro.jpg","width":800,"height":568,"caption":"Drapeau Zoro 90x150cm"},{"@type":"BreadcrumbList","@id":"https:\/\/boutique-one-piece.com\/decorations-one-piece\/drapeaux-one-piece\/drapeau-zoro\/#breadcrumb","itemListElement":[{"@type":"ListItem","position":1,"name":"Home","item":"https:\/\/boutique-one-piece.com\/"},{"@type":"ListItem","position":2,"name":"Shop","item":"https:\/\/boutique-one-piece.com\/shop\/"},{"@type":"ListItem","position":3,"name":"Drapeau Zoro"}]},{"@type":"WebSite","@id":"https:\/\/boutique-one-piece.com\/#website","url":"https:\/\/boutique-one-piece.com\/","name":"One Piece-butikk","description":"Spesialbutikk for One Piece Manga og Anime","publisher":{"@id":"https:\/\/boutique-one-piece.com\/#organization"},"potentialAction":[{"@type":"SearchAction","target":{"@type":"EntryPoint","urlTemplate":"https:\/\/boutique-one-piece.com\/?s={search_term_string}"},"query-input":{"@type":"PropertyValueSpecification","valueRequired":true,"valueName":"search_term_string"}}],"inLanguage":"nb-NO"},{"@type":"Organization","@id":"https:\/\/boutique-one-piece.com\/#organization","name":"One Piece-butikk","url":"https:\/\/boutique-one-piece.com\/","logo":{"@type":"ImageObject","inLanguage":"nb-NO","@id":"https:\/\/boutique-one-piece.com\/#\/schema\/logo\/image\/","url":"https:\/\/boutique-one-piece.com\/wp-content\/uploads\/2022\/09\/Logo-01.png","contentUrl":"https:\/\/boutique-one-piece.com\/wp-content\/uploads\/2022\/09\/Logo-01.png","width":2318,"height":957,"caption":"Boutique One Piece"},"image":{"@id":"https:\/\/boutique-one-piece.com\/#\/schema\/logo\/image\/"}}]}},"_links":{"self":[{"href":"https:\/\/boutique-one-piece.com\/nb\/wp-json\/wp\/v2\/product\/12438","targetHints":{"allow":["GET"]}}],"collection":[{"href":"https:\/\/boutique-one-piece.com\/nb\/wp-json\/wp\/v2\/product"}],"about":[{"href":"https:\/\/boutique-one-piece.com\/nb\/wp-json\/wp\/v2\/types\/product"}],"replies":[{"embeddable":true,"href":"https:\/\/boutique-one-piece.com\/nb\/wp-json\/wp\/v2\/comments?post=12438"}],"wp:featuredmedia":[{"embeddable":true,"href":"https:\/\/boutique-one-piece.com\/nb\/wp-json\/wp\/v2\/media\/12440"}],"wp:attachment":[{"href":"https:\/\/boutique-one-piece.com\/nb\/wp-json\/wp\/v2\/media?parent=12438"}],"wp:term":[{"taxonomy":"product_brand","embeddable":true,"href":"https:\/\/boutique-one-piece.com\/nb\/wp-json\/wp\/v2\/product_brand?post=12438"},{"taxonomy":"product_cat","embeddable":true,"href":"https:\/\/boutique-one-piece.com\/nb\/wp-json\/wp\/v2\/product_cat?post=12438"},{"taxonomy":"product_tag","embeddable":true,"href":"https:\/\/boutique-one-piece.com\/nb\/wp-json\/wp\/v2\/product_tag?post=12438"}],"curies":[{"name":"wp","href":"https:\/\/api.w.org\/{rel}","templated":true}]}}