{"id":12500,"date":"2022-09-27T20:56:13","date_gmt":"2022-09-27T20:56:13","guid":{"rendered":"https:\/\/boutique-one-piece.com\/uncategorized\/avis-de-recherche-shimotsuki-ryuma-wanted\/"},"modified":"2024-09-16T12:56:20","modified_gmt":"2024-09-16T12:56:20","slug":"onsket-varsel-shimotsuki-ryuma-onsket","status":"publish","type":"product","link":"https:\/\/boutique-one-piece.com\/nb\/one-piece-onsket-plakat\/onsket-varsel-shimotsuki-ryuma-onsket\/","title":{"rendered":"Etterlyst varsel Shimotsuki Ryuma etterlyst"},"content":{"rendered":"<h2>Unge sj\u00f8mann, tiden er inne for deg \u00e5 skaffe deg denne etterlysningen av Shimotsuki Ryuma.<\/h2>\n<p>Som en p\u00e5minnelse, <strong>Ryuma<\/strong> var en samurai fra Wano-landet i den nye verden som d\u00f8de og var en av zombiegeneralene skapt av Dr. Hogback p\u00e5 Thriller Bark. Han besatt <strong>Brooks skygge<\/strong> i 5 \u00e5r. Faktisk kan du allerede f\u00e5 tak i den.<a title=\"BROOK \u00d8NSKET VARSEL\" href=\"https:\/\/boutique-one-piece.com\/nb\/brook-onsket-plakat\/\" target=\"_blank\" rel=\"noopener\">Brook \u00f8nsket plakat<\/a>.<\/p>\n<p>Tilbake til Ryuma, her er en anekdote om ham; han har Brooks personlighet fordi han besitter skyggen sin, men til tross for at han er en zombie, beholder han sin tidligere samurai\u00e5nd og kan gjenkjenne motstanderens ferdigheter, slik han ser under kampen hans med <strong>Zoro<\/strong>.<\/p>\n<h3>S\u00e5 hva venter du p\u00e5? F\u00e5 tak i Shimotsuki Ryumas etterlysningsplakat n\u00e5. Som du kan se er dus\u00f8ren hans 1 400 000 000 b\u00e6r. Denne plakaten er kun for ekte pirater.<\/h3>\n<p><strong>Ett stykke<\/strong> er verdens mestselgende manga. V\u00e6r stolt av \u00e5 v\u00e6re en del av denne bevegelsen og fortsett \u00e5 uttrykke din lidenskap for dette universet. F\u00e5 tak i disse legendariske, forst\u00f8rrede gjenstandene. <strong>ditt One Piece-univers<\/strong>. Din skjebne som ung pirat ligger i dine hender.<\/p>\n<h2>Informasjon om One Piece Wanted Samurai Ryuma-plakaten<\/h2>\n<ul>\n<li><span><b><u>One Piece Wanted-plakat<\/u><\/b>\u00a0En ekte One Piece-plakat for ekte pirater<\/span><\/li>\n<\/ul>\n<ul>\n<li>\n<b><u>Bounty of Shimotsuki Ryuma<\/u><\/b>\u00a01\u00a0400\u00a0000\u00a0000 b\u00e6r<\/li>\n<\/ul>\n<ul>\n<li><span><strong>Utskrift av h\u00f8y kvalitet<\/strong>\u00a0n\u00f8yaktige farger<\/span><\/li>\n<\/ul>\n<ul>\n<li>\n<strong>Dimensjon<\/strong>\u00a0: 51 cm x 36 cm<\/li>\n<\/ul>\n<ul>\n<li><span><strong>GRATIS LEVERING<\/strong><\/span><\/li>\n<\/ul>","protected":false},"excerpt":{"rendered":"<p>Jeune Moussaillon, le moment est venu pour toi de faire l&rsquo;acquisition de cet Avis De Recherche Shimotsuki Ryuma Wanted. Pour rappel, Ryuma \u00e9tait un Samoura\u00ef du Pays des Wa dans le Nouveau Monde qui est mort et qui a \u00e9t\u00e9 l&rsquo;un des G\u00e9n\u00e9raux Zombies cr\u00e9\u00e9 par le Dr. Hogback \u00e0 Thriller Bark. Il a poss\u00e9d\u00e9 [&hellip;]<\/p>","protected":false},"featured_media":12502,"comment_status":"open","ping_status":"open","template":"","meta":[],"product_brand":[],"product_cat":[171],"product_tag":[372],"class_list":{"0":"post-12500","1":"product","2":"type-product","3":"status-publish","4":"has-post-thumbnail","6":"product_cat-avis-de-recherche-one-piece","7":"product_tag-shimotsuki-ryuma","9":"first","10":"instock","11":"purchasable","12":"product-type-simple"},"yoast_head":"<!-- This site is optimized with the Yoast SEO plugin v27.5 - https:\/\/yoast.com\/product\/yoast-seo-wordpress\/ -->\n<title>Avis De Recherche Shimotsuki Ryuma Wanted | Boutique One Piece<\/title>\n<meta name=\"description\" content=\"Jeune Moussaillon, le moment est venu pour toi de faire l&#039;acquisition de cet Avis De Recherche Shimotsuki Ryuma Wanted. Pour rappel, Ryuma \u00e9tait un Samoura\u00ef du Pays des Wa dans le Nouveau Monde qui est mort et qui a \u00e9t\u00e9 l&#039;un des G\u00e9n\u00e9raux Zombies cr\u00e9\u00e9 par le Dr. Hogback \u00e0 Thriller Bark. Il a poss\u00e9d\u00e9 l&#039;ombre de Brook pen\" \/>\n<meta name=\"robots\" content=\"index, follow, max-snippet:-1, max-image-preview:large, max-video-preview:-1\" \/>\n<link rel=\"canonical\" href=\"https:\/\/boutique-one-piece.com\/nb\/one-piece-onsket-plakat\/onsket-varsel-shimotsuki-ryuma-onsket\/\" \/>\n<meta property=\"og:locale\" content=\"nb_NO\" \/>\n<meta property=\"og:type\" content=\"article\" \/>\n<meta property=\"og:title\" content=\"Avis De Recherche Shimotsuki Ryuma Wanted | Boutique One Piece\" \/>\n<meta property=\"og:description\" content=\"Jeune Moussaillon, le moment est venu pour toi de faire l&#039;acquisition de cet Avis De Recherche Shimotsuki Ryuma Wanted. Pour rappel, Ryuma \u00e9tait un Samoura\u00ef du Pays des Wa dans le Nouveau Monde qui est mort et qui a \u00e9t\u00e9 l&#039;un des G\u00e9n\u00e9raux Zombies cr\u00e9\u00e9 par le Dr. Hogback \u00e0 Thriller Bark. Il a poss\u00e9d\u00e9 l&#039;ombre de Brook pen\" \/>\n<meta property=\"og:url\" content=\"https:\/\/boutique-one-piece.com\/nb\/one-piece-onsket-plakat\/onsket-varsel-shimotsuki-ryuma-onsket\/\" \/>\n<meta property=\"og:site_name\" content=\"Boutique One Piece\" \/>\n<meta property=\"article:modified_time\" content=\"2024-09-16T12:56:20+00:00\" \/>\n<meta property=\"og:image\" content=\"https:\/\/boutique-one-piece.com\/wp-content\/uploads\/2022\/09\/Avis-De-Recherche-Shimotsuki-Ryuma-Wanted-1.jpg\" \/>\n\t<meta property=\"og:image:width\" content=\"796\" \/>\n\t<meta property=\"og:image:height\" content=\"798\" \/>\n\t<meta property=\"og:image:type\" content=\"image\/jpeg\" \/>\n<meta name=\"twitter:card\" content=\"summary_large_image\" \/>\n<meta name=\"twitter:label1\" content=\"Ansl. lesetid\" \/>\n\t<meta name=\"twitter:data1\" content=\"1 minutt\" \/>\n<script type=\"application\/ld+json\" class=\"yoast-schema-graph\">{\"@context\":\"https:\\\/\\\/schema.org\",\"@graph\":[{\"@type\":\"WebPage\",\"@id\":\"https:\\\/\\\/boutique-one-piece.com\\\/avis-de-recherche-one-piece\\\/avis-de-recherche-shimotsuki-ryuma-wanted\\\/\",\"url\":\"https:\\\/\\\/boutique-one-piece.com\\\/avis-de-recherche-one-piece\\\/avis-de-recherche-shimotsuki-ryuma-wanted\\\/\",\"name\":\"Avis De Recherche Shimotsuki Ryuma Wanted | Boutique One Piece\",\"isPartOf\":{\"@id\":\"https:\\\/\\\/boutique-one-piece.com\\\/#website\"},\"primaryImageOfPage\":{\"@id\":\"https:\\\/\\\/boutique-one-piece.com\\\/avis-de-recherche-one-piece\\\/avis-de-recherche-shimotsuki-ryuma-wanted\\\/#primaryimage\"},\"image\":{\"@id\":\"https:\\\/\\\/boutique-one-piece.com\\\/avis-de-recherche-one-piece\\\/avis-de-recherche-shimotsuki-ryuma-wanted\\\/#primaryimage\"},\"thumbnailUrl\":\"https:\\\/\\\/boutique-one-piece.com\\\/wp-content\\\/uploads\\\/2022\\\/09\\\/Avis-De-Recherche-Shimotsuki-Ryuma-Wanted-1.jpg\",\"datePublished\":\"2022-09-27T20:56:13+00:00\",\"dateModified\":\"2024-09-16T12:56:20+00:00\",\"description\":\"Jeune Moussaillon, le moment est venu pour toi de faire l'acquisition de cet Avis De Recherche Shimotsuki Ryuma Wanted. Pour rappel, Ryuma \u00e9tait un Samoura\u00ef du Pays des Wa dans le Nouveau Monde qui est mort et qui a \u00e9t\u00e9 l'un des G\u00e9n\u00e9raux Zombies cr\u00e9\u00e9 par le Dr. Hogback \u00e0 Thriller Bark. Il a poss\u00e9d\u00e9 l'ombre de Brook pen\",\"breadcrumb\":{\"@id\":\"https:\\\/\\\/boutique-one-piece.com\\\/avis-de-recherche-one-piece\\\/avis-de-recherche-shimotsuki-ryuma-wanted\\\/#breadcrumb\"},\"inLanguage\":\"nb-NO\",\"potentialAction\":[{\"@type\":\"ReadAction\",\"target\":[\"https:\\\/\\\/boutique-one-piece.com\\\/avis-de-recherche-one-piece\\\/avis-de-recherche-shimotsuki-ryuma-wanted\\\/\"]}]},{\"@type\":\"ImageObject\",\"inLanguage\":\"nb-NO\",\"@id\":\"https:\\\/\\\/boutique-one-piece.com\\\/avis-de-recherche-one-piece\\\/avis-de-recherche-shimotsuki-ryuma-wanted\\\/#primaryimage\",\"url\":\"https:\\\/\\\/boutique-one-piece.com\\\/wp-content\\\/uploads\\\/2022\\\/09\\\/Avis-De-Recherche-Shimotsuki-Ryuma-Wanted-1.jpg\",\"contentUrl\":\"https:\\\/\\\/boutique-one-piece.com\\\/wp-content\\\/uploads\\\/2022\\\/09\\\/Avis-De-Recherche-Shimotsuki-Ryuma-Wanted-1.jpg\",\"width\":796,\"height\":798},{\"@type\":\"BreadcrumbList\",\"@id\":\"https:\\\/\\\/boutique-one-piece.com\\\/avis-de-recherche-one-piece\\\/avis-de-recherche-shimotsuki-ryuma-wanted\\\/#breadcrumb\",\"itemListElement\":[{\"@type\":\"ListItem\",\"position\":1,\"name\":\"Home\",\"item\":\"https:\\\/\\\/boutique-one-piece.com\\\/\"},{\"@type\":\"ListItem\",\"position\":2,\"name\":\"Shop\",\"item\":\"https:\\\/\\\/boutique-one-piece.com\\\/shop\\\/\"},{\"@type\":\"ListItem\",\"position\":3,\"name\":\"Avis De Recherche Shimotsuki Ryuma Wanted\"}]},{\"@type\":\"WebSite\",\"@id\":\"https:\\\/\\\/boutique-one-piece.com\\\/#website\",\"url\":\"https:\\\/\\\/boutique-one-piece.com\\\/\",\"name\":\"Boutique One Piece\",\"description\":\"Magasin Sp\u00e9cialis\u00e9 du Manga et l&#039;Anime One Piece\",\"publisher\":{\"@id\":\"https:\\\/\\\/boutique-one-piece.com\\\/#organization\"},\"potentialAction\":[{\"@type\":\"SearchAction\",\"target\":{\"@type\":\"EntryPoint\",\"urlTemplate\":\"https:\\\/\\\/boutique-one-piece.com\\\/?s={search_term_string}\"},\"query-input\":{\"@type\":\"PropertyValueSpecification\",\"valueRequired\":true,\"valueName\":\"search_term_string\"}}],\"inLanguage\":\"nb-NO\"},{\"@type\":\"Organization\",\"@id\":\"https:\\\/\\\/boutique-one-piece.com\\\/#organization\",\"name\":\"Boutique One Piece\",\"url\":\"https:\\\/\\\/boutique-one-piece.com\\\/\",\"logo\":{\"@type\":\"ImageObject\",\"inLanguage\":\"nb-NO\",\"@id\":\"https:\\\/\\\/boutique-one-piece.com\\\/#\\\/schema\\\/logo\\\/image\\\/\",\"url\":\"https:\\\/\\\/boutique-one-piece.com\\\/wp-content\\\/uploads\\\/2022\\\/09\\\/Logo-01.png\",\"contentUrl\":\"https:\\\/\\\/boutique-one-piece.com\\\/wp-content\\\/uploads\\\/2022\\\/09\\\/Logo-01.png\",\"width\":2318,\"height\":957,\"caption\":\"Boutique One Piece\"},\"image\":{\"@id\":\"https:\\\/\\\/boutique-one-piece.com\\\/#\\\/schema\\\/logo\\\/image\\\/\"}}]}<\/script>\n<!-- \/ Yoast SEO plugin. -->","yoast_head_json":{"title":"Etterlysning: Shimotsuki Ryuma | One Piece Shop","description":"Unge sj\u00f8mann, tiden er inne for at du skal skaffe deg denne Shimotsuki Ryuma Wanted-plakaten. Som en p\u00e5minnelse var Ryuma en samurai fra Wano-landet i den nye verden som d\u00f8de og var en av zombiegeneralene skapt av Dr. Hogback p\u00e5 Thriller Bark. Han besatt Brooks skygge.","robots":{"index":"index","follow":"follow","max-snippet":"max-snippet:-1","max-image-preview":"max-image-preview:large","max-video-preview":"max-video-preview:-1"},"canonical":"https:\/\/boutique-one-piece.com\/nb\/one-piece-onsket-plakat\/onsket-varsel-shimotsuki-ryuma-onsket\/","og_locale":"nb_NO","og_type":"article","og_title":"Avis De Recherche Shimotsuki Ryuma Wanted | Boutique One Piece","og_description":"Jeune Moussaillon, le moment est venu pour toi de faire l'acquisition de cet Avis De Recherche Shimotsuki Ryuma Wanted. Pour rappel, Ryuma \u00e9tait un Samoura\u00ef du Pays des Wa dans le Nouveau Monde qui est mort et qui a \u00e9t\u00e9 l'un des G\u00e9n\u00e9raux Zombies cr\u00e9\u00e9 par le Dr. Hogback \u00e0 Thriller Bark. Il a poss\u00e9d\u00e9 l'ombre de Brook pen","og_url":"https:\/\/boutique-one-piece.com\/nb\/one-piece-onsket-plakat\/onsket-varsel-shimotsuki-ryuma-onsket\/","og_site_name":"Boutique One Piece","article_modified_time":"2024-09-16T12:56:20+00:00","og_image":[{"width":796,"height":798,"url":"https:\/\/boutique-one-piece.com\/wp-content\/uploads\/2022\/09\/Avis-De-Recherche-Shimotsuki-Ryuma-Wanted-1.jpg","type":"image\/jpeg"}],"twitter_card":"summary_large_image","twitter_misc":{"Ansl. lesetid":"1 minutt"},"schema":{"@context":"https:\/\/schema.org","@graph":[{"@type":"WebPage","@id":"https:\/\/boutique-one-piece.com\/avis-de-recherche-one-piece\/avis-de-recherche-shimotsuki-ryuma-wanted\/","url":"https:\/\/boutique-one-piece.com\/avis-de-recherche-one-piece\/avis-de-recherche-shimotsuki-ryuma-wanted\/","name":"Etterlysning: Shimotsuki Ryuma | One Piece Shop","isPartOf":{"@id":"https:\/\/boutique-one-piece.com\/#website"},"primaryImageOfPage":{"@id":"https:\/\/boutique-one-piece.com\/avis-de-recherche-one-piece\/avis-de-recherche-shimotsuki-ryuma-wanted\/#primaryimage"},"image":{"@id":"https:\/\/boutique-one-piece.com\/avis-de-recherche-one-piece\/avis-de-recherche-shimotsuki-ryuma-wanted\/#primaryimage"},"thumbnailUrl":"https:\/\/boutique-one-piece.com\/wp-content\/uploads\/2022\/09\/Avis-De-Recherche-Shimotsuki-Ryuma-Wanted-1.jpg","datePublished":"2022-09-27T20:56:13+00:00","dateModified":"2024-09-16T12:56:20+00:00","description":"Unge sj\u00f8mann, tiden er inne for at du skal skaffe deg denne Shimotsuki Ryuma Wanted-plakaten. Som en p\u00e5minnelse var Ryuma en samurai fra Wano-landet i den nye verden som d\u00f8de og var en av zombiegeneralene skapt av Dr. Hogback p\u00e5 Thriller Bark. Han besatt Brooks skygge.","breadcrumb":{"@id":"https:\/\/boutique-one-piece.com\/avis-de-recherche-one-piece\/avis-de-recherche-shimotsuki-ryuma-wanted\/#breadcrumb"},"inLanguage":"nb-NO","potentialAction":[{"@type":"ReadAction","target":["https:\/\/boutique-one-piece.com\/avis-de-recherche-one-piece\/avis-de-recherche-shimotsuki-ryuma-wanted\/"]}]},{"@type":"ImageObject","inLanguage":"nb-NO","@id":"https:\/\/boutique-one-piece.com\/avis-de-recherche-one-piece\/avis-de-recherche-shimotsuki-ryuma-wanted\/#primaryimage","url":"https:\/\/boutique-one-piece.com\/wp-content\/uploads\/2022\/09\/Avis-De-Recherche-Shimotsuki-Ryuma-Wanted-1.jpg","contentUrl":"https:\/\/boutique-one-piece.com\/wp-content\/uploads\/2022\/09\/Avis-De-Recherche-Shimotsuki-Ryuma-Wanted-1.jpg","width":796,"height":798},{"@type":"BreadcrumbList","@id":"https:\/\/boutique-one-piece.com\/avis-de-recherche-one-piece\/avis-de-recherche-shimotsuki-ryuma-wanted\/#breadcrumb","itemListElement":[{"@type":"ListItem","position":1,"name":"Home","item":"https:\/\/boutique-one-piece.com\/"},{"@type":"ListItem","position":2,"name":"Shop","item":"https:\/\/boutique-one-piece.com\/shop\/"},{"@type":"ListItem","position":3,"name":"Avis De Recherche Shimotsuki Ryuma Wanted"}]},{"@type":"WebSite","@id":"https:\/\/boutique-one-piece.com\/#website","url":"https:\/\/boutique-one-piece.com\/","name":"One Piece-butikk","description":"Spesialbutikk for One Piece Manga og Anime","publisher":{"@id":"https:\/\/boutique-one-piece.com\/#organization"},"potentialAction":[{"@type":"SearchAction","target":{"@type":"EntryPoint","urlTemplate":"https:\/\/boutique-one-piece.com\/?s={search_term_string}"},"query-input":{"@type":"PropertyValueSpecification","valueRequired":true,"valueName":"search_term_string"}}],"inLanguage":"nb-NO"},{"@type":"Organization","@id":"https:\/\/boutique-one-piece.com\/#organization","name":"One Piece-butikk","url":"https:\/\/boutique-one-piece.com\/","logo":{"@type":"ImageObject","inLanguage":"nb-NO","@id":"https:\/\/boutique-one-piece.com\/#\/schema\/logo\/image\/","url":"https:\/\/boutique-one-piece.com\/wp-content\/uploads\/2022\/09\/Logo-01.png","contentUrl":"https:\/\/boutique-one-piece.com\/wp-content\/uploads\/2022\/09\/Logo-01.png","width":2318,"height":957,"caption":"Boutique One Piece"},"image":{"@id":"https:\/\/boutique-one-piece.com\/#\/schema\/logo\/image\/"}}]}},"_links":{"self":[{"href":"https:\/\/boutique-one-piece.com\/nb\/wp-json\/wp\/v2\/product\/12500","targetHints":{"allow":["GET"]}}],"collection":[{"href":"https:\/\/boutique-one-piece.com\/nb\/wp-json\/wp\/v2\/product"}],"about":[{"href":"https:\/\/boutique-one-piece.com\/nb\/wp-json\/wp\/v2\/types\/product"}],"replies":[{"embeddable":true,"href":"https:\/\/boutique-one-piece.com\/nb\/wp-json\/wp\/v2\/comments?post=12500"}],"wp:featuredmedia":[{"embeddable":true,"href":"https:\/\/boutique-one-piece.com\/nb\/wp-json\/wp\/v2\/media\/12502"}],"wp:attachment":[{"href":"https:\/\/boutique-one-piece.com\/nb\/wp-json\/wp\/v2\/media?parent=12500"}],"wp:term":[{"taxonomy":"product_brand","embeddable":true,"href":"https:\/\/boutique-one-piece.com\/nb\/wp-json\/wp\/v2\/product_brand?post=12500"},{"taxonomy":"product_cat","embeddable":true,"href":"https:\/\/boutique-one-piece.com\/nb\/wp-json\/wp\/v2\/product_cat?post=12500"},{"taxonomy":"product_tag","embeddable":true,"href":"https:\/\/boutique-one-piece.com\/nb\/wp-json\/wp\/v2\/product_tag?post=12500"}],"curies":[{"name":"wp","href":"https:\/\/api.w.org\/{rel}","templated":true}]}}