{"id":12569,"date":"2022-09-27T20:56:38","date_gmt":"2022-09-27T20:56:38","guid":{"rendered":"https:\/\/boutique-one-piece.com\/uncategorized\/figurine-one-piece-lempereur-edward-newgate-sur-son-trone\/"},"modified":"2024-09-16T12:57:53","modified_gmt":"2024-09-16T12:57:53","slug":"one-piece-figur-av-keiser-edward-newgate-pa-tronen-sin","status":"publish","type":"product","link":"https:\/\/boutique-one-piece.com\/nb\/one-piece-figurer-2\/edward-newgate-figurer\/one-piece-figur-av-keiser-edward-newgate-pa-tronen-sin\/","title":{"rendered":"One Piece-figur av keiser Edward Newgate p\u00e5 tronen sin"},"content":{"rendered":"<h2>Unge pirat, tiden er inne for at du skal skaffe deg denne One Piece-figuren av \u00abKeiser Edward Newgate p\u00e5 tronen\u00bb.<\/h2>\n<p>Du er uten tvil klar over at\u2019<strong>Keiser Edward Newgate<\/strong> ogs\u00e5 kjent som Hvitskjegg eller \u00abVerdens sterkeste mann\u00bb, regnes han ogs\u00e5 som mannen \u00abn\u00e6rmest <strong>Ett stykke<\/strong>. Han var kaptein for Whitebeard-piratene og en av de fire keiserne i l\u00f8pet av sin levetid. Han ble drept i slaget ved Marineford av sin tidligere underordnede marskalk D. Teach (og hans mannskap).<\/p>\n<p>Endelig forsto han betydningen av D&#039;s vilje. Hans siste ord var \u00e5 forutsi at noen ville trosse hele verden, at en krig enda st\u00f8rre enn Marineford ville komme, og \u00e5 erkl\u00e6re at One Piece virkelig eksisterte. Han er den f\u00f8rste hovedpersonen i Marineford-buen, etterfulgt av Luffy p\u00e5 andreplass og Ace p\u00e5 tredjeplass. Dessuten, <a href=\"https:\/\/boutique-one-piece.com\/nb\/one-piece-ace-ignites-figur\/\" title=\"ONE PIECE ESS-FIGUR\" target=\"_blank\" rel=\"noopener\">flammende ess-figur<\/a> er innen rekkevidde.<\/p>\n<h3>S\u00e5, fascinert av keiser Edward Newgate? I s\u00e5 fall, ikke n\u00f8l lenger og grip muligheten til \u00e5 bli en av hovedpersonene i Marineford-buen ved siden av ham.<\/h3>\n<p><strong>Ett stykke<\/strong> er verdens bestselgende manga. V\u00e6r stolt av \u00e5 v\u00e6re en del av dette eventyret og utvid One Piece-universet ditt med disse legendariske gjenstandene. \u00c9n ting er sikkert: skjebnen din ligger i dine hender, unge pirat. <strong>Skatten i One Piece<\/strong> har fortsatt ikke blitt funnet!<\/p>\n<h2>Informasjon om figuren av keiser Edward Newgate p\u00e5 sin trone\u00a0<\/h2>\n<ul>\n<li><span><b><u>One Piece-figur<\/u><\/b>\u00a0Premium One Piece-figur for ekte pirater<\/span><\/li>\n<\/ul>\n<ul>\n<li>\n<b>Materie<\/b><span>\u00a0<\/span>PVC<\/li>\n<\/ul>\n<ul>\n<li><span><strong>Dimensjon<\/strong>\u00a0: 24 cm<\/span><\/li>\n<\/ul>\n<ul>\n<li><span><strong>GRATIS LEVERING<\/strong><\/span><\/li>\n<\/ul>","protected":false},"excerpt":{"rendered":"<p>Unge pirat, tiden er inne for at du skal f\u00e5 tak i denne One Piece-figuren av keiser Edward Newgate p\u00e5 sin trone. Du er sikkert klar over at keiser Edward Newgate, ogs\u00e5 kjent som Whitebeard eller \u00abverdens sterkeste mann\u00bb, ogs\u00e5 regnes som mannen \u00abn\u00e6rmest One Piece\u00bb. Han [\u2026]<\/p>","protected":false},"featured_media":12571,"comment_status":"open","ping_status":"open","template":"","meta":[],"product_brand":[],"product_cat":[310,76],"product_tag":[199],"class_list":{"0":"post-12569","1":"product","2":"type-product","3":"status-publish","4":"has-post-thumbnail","6":"product_cat-figurines-edward-newgate","7":"product_cat-figurines-one-piece","8":"product_tag-barbe-blanche","10":"first","11":"instock","12":"purchasable","13":"product-type-simple"},"yoast_head":"<!-- This site is optimized with the Yoast SEO plugin v27.5 - https:\/\/yoast.com\/product\/yoast-seo-wordpress\/ -->\n<title>Figurine One Piece L&#039;Empereur Edward Newgate Sur Son Trone | Figurine One Piece \u2013 Boutique One Piece<\/title>\n<meta name=\"description\" content=\"Jeune pirate, le moment est venu pour toi de te procurer cette Figurine One Piece L&#039;Empereur Edward Newgate Sur Son Tr\u00f4ne. Tu n&#039;es pas sans savoir que l&#039;Empereur Edward Newgate aussi appel\u00e9 Barbe Blanche ou encore &quot;L&#039;Homme le Plus Fort au Monde&quot;, est \u00e9galement consid\u00e9r\u00e9 comme \u00e9tant l&#039;homme &quot;le plus proche du One Piece.\" \/>\n<meta name=\"robots\" content=\"index, follow, max-snippet:-1, max-image-preview:large, max-video-preview:-1\" \/>\n<link rel=\"canonical\" href=\"https:\/\/boutique-one-piece.com\/nb\/one-piece-figurer-2\/edward-newgate-figurer\/one-piece-figur-av-keiser-edward-newgate-pa-tronen-sin\/\" \/>\n<meta property=\"og:locale\" content=\"nb_NO\" \/>\n<meta property=\"og:type\" content=\"article\" \/>\n<meta property=\"og:title\" content=\"Figurine One Piece L&#039;Empereur Edward Newgate Sur Son Trone | Figurine One Piece \u2013 Boutique One Piece\" \/>\n<meta property=\"og:description\" content=\"Jeune pirate, le moment est venu pour toi de te procurer cette Figurine One Piece L&#039;Empereur Edward Newgate Sur Son Tr\u00f4ne. Tu n&#039;es pas sans savoir que l&#039;Empereur Edward Newgate aussi appel\u00e9 Barbe Blanche ou encore &quot;L&#039;Homme le Plus Fort au Monde&quot;, est \u00e9galement consid\u00e9r\u00e9 comme \u00e9tant l&#039;homme &quot;le plus proche du One Piece.\" \/>\n<meta property=\"og:url\" content=\"https:\/\/boutique-one-piece.com\/nb\/one-piece-figurer-2\/edward-newgate-figurer\/one-piece-figur-av-keiser-edward-newgate-pa-tronen-sin\/\" \/>\n<meta property=\"og:site_name\" content=\"Boutique One Piece\" \/>\n<meta property=\"article:modified_time\" content=\"2024-09-16T12:57:53+00:00\" \/>\n<meta property=\"og:image\" content=\"https:\/\/boutique-one-piece.com\/wp-content\/uploads\/2022\/09\/Figurine-One-Piece-LEmpereur-Edward-Newgate-Sur-Son-Trone.jpg\" \/>\n\t<meta property=\"og:image:width\" content=\"640\" \/>\n\t<meta property=\"og:image:height\" content=\"640\" \/>\n\t<meta property=\"og:image:type\" content=\"image\/jpeg\" \/>\n<meta name=\"twitter:card\" content=\"summary_large_image\" \/>\n<meta name=\"twitter:label1\" content=\"Ansl. lesetid\" \/>\n\t<meta name=\"twitter:data1\" content=\"1 minutt\" \/>\n<script type=\"application\/ld+json\" class=\"yoast-schema-graph\">{\"@context\":\"https:\\\/\\\/schema.org\",\"@graph\":[{\"@type\":\"WebPage\",\"@id\":\"https:\\\/\\\/boutique-one-piece.com\\\/figurines-one-piece\\\/figurines-edward-newgate\\\/figurine-one-piece-lempereur-edward-newgate-sur-son-trone\\\/\",\"url\":\"https:\\\/\\\/boutique-one-piece.com\\\/figurines-one-piece\\\/figurines-edward-newgate\\\/figurine-one-piece-lempereur-edward-newgate-sur-son-trone\\\/\",\"name\":\"Figurine One Piece L'Empereur Edward Newgate Sur Son Trone | Figurine One Piece \u2013 Boutique One Piece\",\"isPartOf\":{\"@id\":\"https:\\\/\\\/boutique-one-piece.com\\\/#website\"},\"primaryImageOfPage\":{\"@id\":\"https:\\\/\\\/boutique-one-piece.com\\\/figurines-one-piece\\\/figurines-edward-newgate\\\/figurine-one-piece-lempereur-edward-newgate-sur-son-trone\\\/#primaryimage\"},\"image\":{\"@id\":\"https:\\\/\\\/boutique-one-piece.com\\\/figurines-one-piece\\\/figurines-edward-newgate\\\/figurine-one-piece-lempereur-edward-newgate-sur-son-trone\\\/#primaryimage\"},\"thumbnailUrl\":\"https:\\\/\\\/boutique-one-piece.com\\\/wp-content\\\/uploads\\\/2022\\\/09\\\/Figurine-One-Piece-LEmpereur-Edward-Newgate-Sur-Son-Trone.jpg\",\"datePublished\":\"2022-09-27T20:56:38+00:00\",\"dateModified\":\"2024-09-16T12:57:53+00:00\",\"description\":\"Jeune pirate, le moment est venu pour toi de te procurer cette Figurine One Piece L'Empereur Edward Newgate Sur Son Tr\u00f4ne. Tu n'es pas sans savoir que l'Empereur Edward Newgate aussi appel\u00e9 Barbe Blanche ou encore \\\"L'Homme le Plus Fort au Monde\\\", est \u00e9galement consid\u00e9r\u00e9 comme \u00e9tant l'homme \\\"le plus proche du One Piece.\",\"breadcrumb\":{\"@id\":\"https:\\\/\\\/boutique-one-piece.com\\\/figurines-one-piece\\\/figurines-edward-newgate\\\/figurine-one-piece-lempereur-edward-newgate-sur-son-trone\\\/#breadcrumb\"},\"inLanguage\":\"nb-NO\",\"potentialAction\":[{\"@type\":\"ReadAction\",\"target\":[\"https:\\\/\\\/boutique-one-piece.com\\\/figurines-one-piece\\\/figurines-edward-newgate\\\/figurine-one-piece-lempereur-edward-newgate-sur-son-trone\\\/\"]}]},{\"@type\":\"ImageObject\",\"inLanguage\":\"nb-NO\",\"@id\":\"https:\\\/\\\/boutique-one-piece.com\\\/figurines-one-piece\\\/figurines-edward-newgate\\\/figurine-one-piece-lempereur-edward-newgate-sur-son-trone\\\/#primaryimage\",\"url\":\"https:\\\/\\\/boutique-one-piece.com\\\/wp-content\\\/uploads\\\/2022\\\/09\\\/Figurine-One-Piece-LEmpereur-Edward-Newgate-Sur-Son-Trone.jpg\",\"contentUrl\":\"https:\\\/\\\/boutique-one-piece.com\\\/wp-content\\\/uploads\\\/2022\\\/09\\\/Figurine-One-Piece-LEmpereur-Edward-Newgate-Sur-Son-Trone.jpg\",\"width\":640,\"height\":640,\"caption\":\"Figurine One Piece L'Empereur Edward Newgate Sur Son Tr\u00f4ne Default Title\"},{\"@type\":\"BreadcrumbList\",\"@id\":\"https:\\\/\\\/boutique-one-piece.com\\\/figurines-one-piece\\\/figurines-edward-newgate\\\/figurine-one-piece-lempereur-edward-newgate-sur-son-trone\\\/#breadcrumb\",\"itemListElement\":[{\"@type\":\"ListItem\",\"position\":1,\"name\":\"Home\",\"item\":\"https:\\\/\\\/boutique-one-piece.com\\\/\"},{\"@type\":\"ListItem\",\"position\":2,\"name\":\"Shop\",\"item\":\"https:\\\/\\\/boutique-one-piece.com\\\/shop\\\/\"},{\"@type\":\"ListItem\",\"position\":3,\"name\":\"Figurine One Piece L&#8217;Empereur Edward Newgate Sur Son Tr\u00f4ne\"}]},{\"@type\":\"WebSite\",\"@id\":\"https:\\\/\\\/boutique-one-piece.com\\\/#website\",\"url\":\"https:\\\/\\\/boutique-one-piece.com\\\/\",\"name\":\"Boutique One Piece\",\"description\":\"Magasin Sp\u00e9cialis\u00e9 du Manga et l&#039;Anime One Piece\",\"publisher\":{\"@id\":\"https:\\\/\\\/boutique-one-piece.com\\\/#organization\"},\"potentialAction\":[{\"@type\":\"SearchAction\",\"target\":{\"@type\":\"EntryPoint\",\"urlTemplate\":\"https:\\\/\\\/boutique-one-piece.com\\\/?s={search_term_string}\"},\"query-input\":{\"@type\":\"PropertyValueSpecification\",\"valueRequired\":true,\"valueName\":\"search_term_string\"}}],\"inLanguage\":\"nb-NO\"},{\"@type\":\"Organization\",\"@id\":\"https:\\\/\\\/boutique-one-piece.com\\\/#organization\",\"name\":\"Boutique One Piece\",\"url\":\"https:\\\/\\\/boutique-one-piece.com\\\/\",\"logo\":{\"@type\":\"ImageObject\",\"inLanguage\":\"nb-NO\",\"@id\":\"https:\\\/\\\/boutique-one-piece.com\\\/#\\\/schema\\\/logo\\\/image\\\/\",\"url\":\"https:\\\/\\\/boutique-one-piece.com\\\/wp-content\\\/uploads\\\/2022\\\/09\\\/Logo-01.png\",\"contentUrl\":\"https:\\\/\\\/boutique-one-piece.com\\\/wp-content\\\/uploads\\\/2022\\\/09\\\/Logo-01.png\",\"width\":2318,\"height\":957,\"caption\":\"Boutique One Piece\"},\"image\":{\"@id\":\"https:\\\/\\\/boutique-one-piece.com\\\/#\\\/schema\\\/logo\\\/image\\\/\"}}]}<\/script>\n<!-- \/ Yoast SEO plugin. -->","yoast_head_json":{"title":"One Piece-figur Keiser Edward Newgate p\u00e5 tronen sin | One Piece-figur \u2013 One Piece-butikken","description":"Unge pirat, tiden er inne for at du skal f\u00e5 tak i denne One Piece-figuren av keiser Edward Newgate p\u00e5 sin trone. Du er sikkert klar over at keiser Edward Newgate, ogs\u00e5 kjent som Whitebeard eller \"verdens sterkeste mann\", ogs\u00e5 regnes som mannen \"n\u00e6rmest One Piece\u00bb.","robots":{"index":"index","follow":"follow","max-snippet":"max-snippet:-1","max-image-preview":"max-image-preview:large","max-video-preview":"max-video-preview:-1"},"canonical":"https:\/\/boutique-one-piece.com\/nb\/one-piece-figurer-2\/edward-newgate-figurer\/one-piece-figur-av-keiser-edward-newgate-pa-tronen-sin\/","og_locale":"nb_NO","og_type":"article","og_title":"Figurine One Piece L'Empereur Edward Newgate Sur Son Trone | Figurine One Piece \u2013 Boutique One Piece","og_description":"Jeune pirate, le moment est venu pour toi de te procurer cette Figurine One Piece L'Empereur Edward Newgate Sur Son Tr\u00f4ne. Tu n'es pas sans savoir que l'Empereur Edward Newgate aussi appel\u00e9 Barbe Blanche ou encore \"L'Homme le Plus Fort au Monde\", est \u00e9galement consid\u00e9r\u00e9 comme \u00e9tant l'homme \"le plus proche du One Piece.","og_url":"https:\/\/boutique-one-piece.com\/nb\/one-piece-figurer-2\/edward-newgate-figurer\/one-piece-figur-av-keiser-edward-newgate-pa-tronen-sin\/","og_site_name":"Boutique One Piece","article_modified_time":"2024-09-16T12:57:53+00:00","og_image":[{"width":640,"height":640,"url":"https:\/\/boutique-one-piece.com\/wp-content\/uploads\/2022\/09\/Figurine-One-Piece-LEmpereur-Edward-Newgate-Sur-Son-Trone.jpg","type":"image\/jpeg"}],"twitter_card":"summary_large_image","twitter_misc":{"Ansl. lesetid":"1 minutt"},"schema":{"@context":"https:\/\/schema.org","@graph":[{"@type":"WebPage","@id":"https:\/\/boutique-one-piece.com\/figurines-one-piece\/figurines-edward-newgate\/figurine-one-piece-lempereur-edward-newgate-sur-son-trone\/","url":"https:\/\/boutique-one-piece.com\/figurines-one-piece\/figurines-edward-newgate\/figurine-one-piece-lempereur-edward-newgate-sur-son-trone\/","name":"One Piece-figur Keiser Edward Newgate p\u00e5 tronen sin | One Piece-figur \u2013 One Piece-butikken","isPartOf":{"@id":"https:\/\/boutique-one-piece.com\/#website"},"primaryImageOfPage":{"@id":"https:\/\/boutique-one-piece.com\/figurines-one-piece\/figurines-edward-newgate\/figurine-one-piece-lempereur-edward-newgate-sur-son-trone\/#primaryimage"},"image":{"@id":"https:\/\/boutique-one-piece.com\/figurines-one-piece\/figurines-edward-newgate\/figurine-one-piece-lempereur-edward-newgate-sur-son-trone\/#primaryimage"},"thumbnailUrl":"https:\/\/boutique-one-piece.com\/wp-content\/uploads\/2022\/09\/Figurine-One-Piece-LEmpereur-Edward-Newgate-Sur-Son-Trone.jpg","datePublished":"2022-09-27T20:56:38+00:00","dateModified":"2024-09-16T12:57:53+00:00","description":"Unge pirat, tiden er inne for at du skal f\u00e5 tak i denne One Piece-figuren av keiser Edward Newgate p\u00e5 sin trone. Du er sikkert klar over at keiser Edward Newgate, ogs\u00e5 kjent som Whitebeard eller \"verdens sterkeste mann\", ogs\u00e5 regnes som mannen \"n\u00e6rmest One Piece\u00bb.","breadcrumb":{"@id":"https:\/\/boutique-one-piece.com\/figurines-one-piece\/figurines-edward-newgate\/figurine-one-piece-lempereur-edward-newgate-sur-son-trone\/#breadcrumb"},"inLanguage":"nb-NO","potentialAction":[{"@type":"ReadAction","target":["https:\/\/boutique-one-piece.com\/figurines-one-piece\/figurines-edward-newgate\/figurine-one-piece-lempereur-edward-newgate-sur-son-trone\/"]}]},{"@type":"ImageObject","inLanguage":"nb-NO","@id":"https:\/\/boutique-one-piece.com\/figurines-one-piece\/figurines-edward-newgate\/figurine-one-piece-lempereur-edward-newgate-sur-son-trone\/#primaryimage","url":"https:\/\/boutique-one-piece.com\/wp-content\/uploads\/2022\/09\/Figurine-One-Piece-LEmpereur-Edward-Newgate-Sur-Son-Trone.jpg","contentUrl":"https:\/\/boutique-one-piece.com\/wp-content\/uploads\/2022\/09\/Figurine-One-Piece-LEmpereur-Edward-Newgate-Sur-Son-Trone.jpg","width":640,"height":640,"caption":"Figurine One Piece L'Empereur Edward Newgate Sur Son Tr\u00f4ne Default Title"},{"@type":"BreadcrumbList","@id":"https:\/\/boutique-one-piece.com\/figurines-one-piece\/figurines-edward-newgate\/figurine-one-piece-lempereur-edward-newgate-sur-son-trone\/#breadcrumb","itemListElement":[{"@type":"ListItem","position":1,"name":"Home","item":"https:\/\/boutique-one-piece.com\/"},{"@type":"ListItem","position":2,"name":"Shop","item":"https:\/\/boutique-one-piece.com\/shop\/"},{"@type":"ListItem","position":3,"name":"Figurine One Piece L&#8217;Empereur Edward Newgate Sur Son Tr\u00f4ne"}]},{"@type":"WebSite","@id":"https:\/\/boutique-one-piece.com\/#website","url":"https:\/\/boutique-one-piece.com\/","name":"One Piece-butikk","description":"Spesialbutikk for One Piece Manga og Anime","publisher":{"@id":"https:\/\/boutique-one-piece.com\/#organization"},"potentialAction":[{"@type":"SearchAction","target":{"@type":"EntryPoint","urlTemplate":"https:\/\/boutique-one-piece.com\/?s={search_term_string}"},"query-input":{"@type":"PropertyValueSpecification","valueRequired":true,"valueName":"search_term_string"}}],"inLanguage":"nb-NO"},{"@type":"Organization","@id":"https:\/\/boutique-one-piece.com\/#organization","name":"One Piece-butikk","url":"https:\/\/boutique-one-piece.com\/","logo":{"@type":"ImageObject","inLanguage":"nb-NO","@id":"https:\/\/boutique-one-piece.com\/#\/schema\/logo\/image\/","url":"https:\/\/boutique-one-piece.com\/wp-content\/uploads\/2022\/09\/Logo-01.png","contentUrl":"https:\/\/boutique-one-piece.com\/wp-content\/uploads\/2022\/09\/Logo-01.png","width":2318,"height":957,"caption":"Boutique One Piece"},"image":{"@id":"https:\/\/boutique-one-piece.com\/#\/schema\/logo\/image\/"}}]}},"_links":{"self":[{"href":"https:\/\/boutique-one-piece.com\/nb\/wp-json\/wp\/v2\/product\/12569","targetHints":{"allow":["GET"]}}],"collection":[{"href":"https:\/\/boutique-one-piece.com\/nb\/wp-json\/wp\/v2\/product"}],"about":[{"href":"https:\/\/boutique-one-piece.com\/nb\/wp-json\/wp\/v2\/types\/product"}],"replies":[{"embeddable":true,"href":"https:\/\/boutique-one-piece.com\/nb\/wp-json\/wp\/v2\/comments?post=12569"}],"wp:featuredmedia":[{"embeddable":true,"href":"https:\/\/boutique-one-piece.com\/nb\/wp-json\/wp\/v2\/media\/12571"}],"wp:attachment":[{"href":"https:\/\/boutique-one-piece.com\/nb\/wp-json\/wp\/v2\/media?parent=12569"}],"wp:term":[{"taxonomy":"product_brand","embeddable":true,"href":"https:\/\/boutique-one-piece.com\/nb\/wp-json\/wp\/v2\/product_brand?post=12569"},{"taxonomy":"product_cat","embeddable":true,"href":"https:\/\/boutique-one-piece.com\/nb\/wp-json\/wp\/v2\/product_cat?post=12569"},{"taxonomy":"product_tag","embeddable":true,"href":"https:\/\/boutique-one-piece.com\/nb\/wp-json\/wp\/v2\/product_tag?post=12569"}],"curies":[{"name":"wp","href":"https:\/\/api.w.org\/{rel}","templated":true}]}}