{"id":12784,"date":"2022-09-27T20:58:00","date_gmt":"2022-09-27T20:58:00","guid":{"rendered":"https:\/\/boutique-one-piece.com\/uncategorized\/veste-one-piece\/"},"modified":"2024-09-16T13:03:03","modified_gmt":"2024-09-16T13:03:03","slug":"one-piece-jakke","status":"publish","type":"product","link":"https:\/\/boutique-one-piece.com\/nb\/one-piece-godbiter\/godbiter-ape-d-luffy-ett-stykke\/one-piece-jakke\/","title":{"rendered":"One Piece Jolly Roger Mugiwara-jakke"},"content":{"rendered":"<p><meta charset=\"utf-8\"><\/p>\n<h2>One Piece Bl\u00e5 Jakke med Hvite Ermer og Luffy-Logo, En Superkvalitetsjakke for en Pirat som deg!<\/h2>\n<p>Hvis du er en\u00a0<strong>ekte pirat<\/strong>, Du vil sette pris p\u00e5\u00a0<strong>kvalitet<\/strong>\u00a0stoff og\u00a0<strong>3D-lerretsutskrift<\/strong>\u00a0av dette\u00a0<strong>One Piece-jakke<\/strong>\u00a0Men aller viktigst, med dette\u00a0<strong>trykt jakke<\/strong>\u00a0det er fordi du vil v\u00e6re en del av\u00a0<strong>fanteamet<\/strong>\u00a0av\u00a0<strong>piratmanga<\/strong>\u00a0og du vil f\u00e5:<\/p>\n<ul>\n<li>\u00a0<strong>Beundring<\/strong>\u00a0av alle fansen av\u00a0<strong>universet<\/strong>\u00a0av\u00a0<strong>tillatelse<\/strong>\u00a0av\u00a0<strong>manga<\/strong>\u00a0som du vil m\u00f8te<\/li>\n<\/ul>\n<ul>\n<li>En ekte\u00a0<strong>One Piece-jakke<\/strong>\u00a0som du kan bruke\u00a0<strong>dele<\/strong>\u00a0din\u00a0<strong>lidenskap<\/strong>\u00a0Til\u00a0<strong>Ett stykke<\/strong>\n<\/li>\n<\/ul>\n<p>S\u00e5, klar til \u00e5 bruke\u00a0<strong>farger\u00a0<\/strong>av<strong>\u00a0<\/strong>din<strong>\u00a0favorittmanga<\/strong>\u00a0?<\/p>\n<h2>Er du en fan av One Piece manga eller anime? Vis det frem med denne One Piece-jakken!<\/h2>\n<p>Hvis du\u00a0<strong>lese<\/strong>\u00a0eller hvor enn du ser\u00a0\u00a0<strong>Japansk anime<\/strong>, Det er stor sjanse for at du har blitt\u00a0<strong>gal etter One Piece<\/strong>\u00a0Med dette\u00a0<strong>One Piece Jolly Roger Mugiwara-jakke<\/strong>, bli med i\u2019<strong>en gjeng med fans av franchisen<\/strong><\/p>\n<p>Dette\u00a0<strong>bl\u00e5 og hvit jakke<\/strong>\u00a0er tilgjengelig i st\u00f8rrelser\u00a0<strong>XS<\/strong>,\u00a0<strong>S<\/strong>,<strong>\u00a0M<\/strong>,<strong>\u00a0L<\/strong>,\u00a0<strong>XL<\/strong>,\u00a0<strong>XXL<\/strong>, <strong>3XL<\/strong>, <strong>4XL<\/strong>, Det vil passe alle kategorier av pirater.,\u00a0<strong>mann<\/strong>\u00a0Eller\u00a0<strong>kvinner<\/strong>, selv om du ikke har\u00a0<strong>sverd<\/strong>\u00a0eller\u00a0<strong>djevelfrukt<\/strong>\u00a0Du kan fortsatt b\u00e6re den med stolthet.<\/p>\n<h2>Jakkeinformasjon:\u00a0<\/h2>\n<ul>\n<li>\u00a0<strong>H\u00f8ykvalitets One Piece-jakke\u00a0<\/strong>har en\u00a0<strong>h\u00f8y gramvekt<\/strong>, med kvalitetsmaterialer<\/li>\n<\/ul>\n<ul>\n<li>\n<strong>Veldig komfortabel\u00a0<\/strong>med<span>\u00a0<\/span>hans\u00a0<strong>fibre<\/strong>\u00a0av\u00a0<strong>bomull<\/strong>\u00a0stor\u00a0<strong>myk<\/strong>, det finnes ingen\u00a0<strong>friksjon<\/strong>\n<\/li>\n<\/ul>\n<ul>\n<li>\n<strong>3D digital utskrift<\/strong>\u00a0:\u00a0<strong>trykt jakke<\/strong>\u00a0med et originalt design,\u00a0<strong>Lerretsbilde<\/strong>\n<\/li>\n<\/ul>\n<ul>\n<li>\n<strong>\u00d8kologisk bomull\u00a0<\/strong>kvalitetsbomull med\u00a0<strong>ekstra lange fibre<\/strong>\n<\/li>\n<\/ul>\n<ul>\n<li>\n<strong>Gratis levering\u00a0<\/strong>for ethvert kj\u00f8p<\/li>\n<\/ul>\n<h2><strong>Ikke glem \u00e5 sjekke ut st\u00f8rrelsesguiden nedenfor.<\/strong><\/h2>\n<h2><span>\u00a0<img decoding=\"async\" src=\"\/\/cdn.shopify.com\/s\/files\/1\/0087\/7556\/5348\/files\/tableau_guide_des_taille_veste_cosplay_one_piece_ae256081-21c0-422c-8a94-b33454f661c5_large.jpg?v=1561815557\" alt=\"St\u00f8rrelsesguide for One Piece Shop-jakke\"><\/span><\/h2>\n<h3>Vaskeanvisning:<\/h3>\n<ul>\n<li>Maskinvask p\u00e5 30 \u00b0C, finvaskprogram<\/li>\n<\/ul>\n<ul>\n<li>Stryk p\u00e5 baksiden<\/li>\n<\/ul>\n<p>Til<span>\u00a0<\/span><strong>bevare kvaliteten<\/strong><span>\u00a0<\/span>av dette<span>\u00a0<\/span><strong>One Piece-jakke<\/strong>, anbefaler vi at du<span>\u00a0<\/span><strong>respekt<\/strong><span>\u00a0<\/span>DE<span>\u00a0<\/span><strong>vaskeanvisning<\/strong>.<\/p>","protected":false},"excerpt":{"rendered":"<p>One Piece bl\u00e5 jakke med hvite ermer og Luffy-logo, en superkvalitetsjakke for en pirat som deg! Hvis du er en ekte pirat, vil du sette pris p\u00e5 kvaliteten p\u00e5 stoffet og 3D-lerretstrykket p\u00e5 denne One Piece-jakken! Men viktigst av alt, med denne trykte jakken vil du bli en del av gjengen av fans av piratmangaen, og du vil f\u00e5: Beundring fra alle [\u2026]<\/p>","protected":false},"featured_media":12786,"comment_status":"open","ping_status":"open","template":"","meta":[],"product_brand":[],"product_cat":[80,183,54],"product_tag":[182,92],"class_list":{"0":"post-12784","1":"product","2":"type-product","3":"status-publish","4":"has-post-thumbnail","6":"product_cat-goodies-monkey-d-luffy-one-piece","7":"product_cat-vestes-one-piece","8":"product_cat-vetements-one-piece","9":"product_tag-logo","10":"product_tag-luffy","12":"first","13":"instock","14":"purchasable","15":"product-type-variable","16":"has-default-attributes"},"yoast_head":"<!-- This site is optimized with the Yoast SEO plugin v27.5 - https:\/\/yoast.com\/product\/yoast-seo-wordpress\/ -->\n<title>Veste One Piece Jolly Roger Mugiwara | Boutique One Piece<\/title>\n<meta name=\"description\" content=\"Veste One Piece Bleue \u00e0 Manches Blanches avec le Logo de Luffy de Qualit\u00e9, Rejoins les Fans de la Licence du Manga de Pirates toi aussi et partage ta passion\" \/>\n<meta name=\"robots\" content=\"index, follow, max-snippet:-1, max-image-preview:large, max-video-preview:-1\" \/>\n<link rel=\"canonical\" href=\"https:\/\/boutique-one-piece.com\/nb\/one-piece-klaer\/jakker-i-ett-stykke\/one-piece-jakke\/\" \/>\n<meta property=\"og:locale\" content=\"nb_NO\" \/>\n<meta property=\"og:type\" content=\"article\" \/>\n<meta property=\"og:title\" content=\"Veste One Piece Jolly Roger Mugiwara | Boutique One Piece\" \/>\n<meta property=\"og:description\" content=\"Veste One Piece Bleue \u00e0 Manches Blanches avec le Logo de Luffy de Qualit\u00e9, Rejoins les Fans de la Licence du Manga de Pirates toi aussi et partage ta passion\" \/>\n<meta property=\"og:url\" content=\"https:\/\/boutique-one-piece.com\/nb\/one-piece-klaer\/jakker-i-ett-stykke\/one-piece-jakke\/\" \/>\n<meta property=\"og:site_name\" content=\"Boutique One Piece\" \/>\n<meta property=\"article:modified_time\" content=\"2024-09-16T13:03:03+00:00\" \/>\n<meta property=\"og:image\" content=\"https:\/\/boutique-one-piece.com\/wp-content\/uploads\/2022\/09\/Veste-One-Piece-Jolly-Roger-Mugiwara.jpg\" \/>\n\t<meta property=\"og:image:width\" content=\"640\" \/>\n\t<meta property=\"og:image:height\" content=\"640\" \/>\n\t<meta property=\"og:image:type\" content=\"image\/jpeg\" \/>\n<meta name=\"twitter:card\" content=\"summary_large_image\" \/>\n<meta name=\"twitter:label1\" content=\"Ansl. lesetid\" \/>\n\t<meta name=\"twitter:data1\" content=\"2 minutter\" \/>\n<script type=\"application\/ld+json\" class=\"yoast-schema-graph\">{\"@context\":\"https:\\\/\\\/schema.org\",\"@graph\":[{\"@type\":\"WebPage\",\"@id\":\"https:\\\/\\\/boutique-one-piece.com\\\/vetements-one-piece\\\/vestes-one-piece\\\/veste-one-piece\\\/\",\"url\":\"https:\\\/\\\/boutique-one-piece.com\\\/vetements-one-piece\\\/vestes-one-piece\\\/veste-one-piece\\\/\",\"name\":\"Veste One Piece Jolly Roger Mugiwara | Boutique One Piece\",\"isPartOf\":{\"@id\":\"https:\\\/\\\/boutique-one-piece.com\\\/#website\"},\"primaryImageOfPage\":{\"@id\":\"https:\\\/\\\/boutique-one-piece.com\\\/vetements-one-piece\\\/vestes-one-piece\\\/veste-one-piece\\\/#primaryimage\"},\"image\":{\"@id\":\"https:\\\/\\\/boutique-one-piece.com\\\/vetements-one-piece\\\/vestes-one-piece\\\/veste-one-piece\\\/#primaryimage\"},\"thumbnailUrl\":\"https:\\\/\\\/boutique-one-piece.com\\\/wp-content\\\/uploads\\\/2022\\\/09\\\/Veste-One-Piece-Jolly-Roger-Mugiwara.jpg\",\"datePublished\":\"2022-09-27T20:58:00+00:00\",\"dateModified\":\"2024-09-16T13:03:03+00:00\",\"description\":\"Veste One Piece Bleue \u00e0 Manches Blanches avec le Logo de Luffy de Qualit\u00e9, Rejoins les Fans de la Licence du Manga de Pirates toi aussi et partage ta passion\",\"breadcrumb\":{\"@id\":\"https:\\\/\\\/boutique-one-piece.com\\\/vetements-one-piece\\\/vestes-one-piece\\\/veste-one-piece\\\/#breadcrumb\"},\"inLanguage\":\"nb-NO\",\"potentialAction\":[{\"@type\":\"ReadAction\",\"target\":[\"https:\\\/\\\/boutique-one-piece.com\\\/vetements-one-piece\\\/vestes-one-piece\\\/veste-one-piece\\\/\"]}]},{\"@type\":\"ImageObject\",\"inLanguage\":\"nb-NO\",\"@id\":\"https:\\\/\\\/boutique-one-piece.com\\\/vetements-one-piece\\\/vestes-one-piece\\\/veste-one-piece\\\/#primaryimage\",\"url\":\"https:\\\/\\\/boutique-one-piece.com\\\/wp-content\\\/uploads\\\/2022\\\/09\\\/Veste-One-Piece-Jolly-Roger-Mugiwara.jpg\",\"contentUrl\":\"https:\\\/\\\/boutique-one-piece.com\\\/wp-content\\\/uploads\\\/2022\\\/09\\\/Veste-One-Piece-Jolly-Roger-Mugiwara.jpg\",\"width\":640,\"height\":640,\"caption\":\"Veste One Piece Jolly Roger Mugiwara 4xl\"},{\"@type\":\"BreadcrumbList\",\"@id\":\"https:\\\/\\\/boutique-one-piece.com\\\/vetements-one-piece\\\/vestes-one-piece\\\/veste-one-piece\\\/#breadcrumb\",\"itemListElement\":[{\"@type\":\"ListItem\",\"position\":1,\"name\":\"Home\",\"item\":\"https:\\\/\\\/boutique-one-piece.com\\\/\"},{\"@type\":\"ListItem\",\"position\":2,\"name\":\"Shop\",\"item\":\"https:\\\/\\\/boutique-one-piece.com\\\/shop\\\/\"},{\"@type\":\"ListItem\",\"position\":3,\"name\":\"Veste One Piece Jolly Roger Mugiwara\"}]},{\"@type\":\"WebSite\",\"@id\":\"https:\\\/\\\/boutique-one-piece.com\\\/#website\",\"url\":\"https:\\\/\\\/boutique-one-piece.com\\\/\",\"name\":\"Boutique One Piece\",\"description\":\"Magasin Sp\u00e9cialis\u00e9 du Manga et l&#039;Anime One Piece\",\"publisher\":{\"@id\":\"https:\\\/\\\/boutique-one-piece.com\\\/#organization\"},\"potentialAction\":[{\"@type\":\"SearchAction\",\"target\":{\"@type\":\"EntryPoint\",\"urlTemplate\":\"https:\\\/\\\/boutique-one-piece.com\\\/?s={search_term_string}\"},\"query-input\":{\"@type\":\"PropertyValueSpecification\",\"valueRequired\":true,\"valueName\":\"search_term_string\"}}],\"inLanguage\":\"nb-NO\"},{\"@type\":\"Organization\",\"@id\":\"https:\\\/\\\/boutique-one-piece.com\\\/#organization\",\"name\":\"Boutique One Piece\",\"url\":\"https:\\\/\\\/boutique-one-piece.com\\\/\",\"logo\":{\"@type\":\"ImageObject\",\"inLanguage\":\"nb-NO\",\"@id\":\"https:\\\/\\\/boutique-one-piece.com\\\/#\\\/schema\\\/logo\\\/image\\\/\",\"url\":\"https:\\\/\\\/boutique-one-piece.com\\\/wp-content\\\/uploads\\\/2022\\\/09\\\/Logo-01.png\",\"contentUrl\":\"https:\\\/\\\/boutique-one-piece.com\\\/wp-content\\\/uploads\\\/2022\\\/09\\\/Logo-01.png\",\"width\":2318,\"height\":957,\"caption\":\"Boutique One Piece\"},\"image\":{\"@id\":\"https:\\\/\\\/boutique-one-piece.com\\\/#\\\/schema\\\/logo\\\/image\\\/\"}}]}<\/script>\n<!-- \/ Yoast SEO plugin. -->","yoast_head_json":{"title":"One Piece Jolly Roger Mugiwara-jakke | One Piece-butikken","description":"Bl\u00e5 One Piece-jakke av h\u00f8y kvalitet med hvite ermer og Luffy-logoen. Bli med fansen av denne piratmangaen og del lidenskapen din!","robots":{"index":"index","follow":"follow","max-snippet":"max-snippet:-1","max-image-preview":"max-image-preview:large","max-video-preview":"max-video-preview:-1"},"canonical":"https:\/\/boutique-one-piece.com\/nb\/one-piece-klaer\/jakker-i-ett-stykke\/one-piece-jakke\/","og_locale":"nb_NO","og_type":"article","og_title":"Veste One Piece Jolly Roger Mugiwara | Boutique One Piece","og_description":"Veste One Piece Bleue \u00e0 Manches Blanches avec le Logo de Luffy de Qualit\u00e9, Rejoins les Fans de la Licence du Manga de Pirates toi aussi et partage ta passion","og_url":"https:\/\/boutique-one-piece.com\/nb\/one-piece-klaer\/jakker-i-ett-stykke\/one-piece-jakke\/","og_site_name":"Boutique One Piece","article_modified_time":"2024-09-16T13:03:03+00:00","og_image":[{"width":640,"height":640,"url":"https:\/\/boutique-one-piece.com\/wp-content\/uploads\/2022\/09\/Veste-One-Piece-Jolly-Roger-Mugiwara.jpg","type":"image\/jpeg"}],"twitter_card":"summary_large_image","twitter_misc":{"Ansl. lesetid":"2 minutter"},"schema":{"@context":"https:\/\/schema.org","@graph":[{"@type":"WebPage","@id":"https:\/\/boutique-one-piece.com\/vetements-one-piece\/vestes-one-piece\/veste-one-piece\/","url":"https:\/\/boutique-one-piece.com\/vetements-one-piece\/vestes-one-piece\/veste-one-piece\/","name":"One Piece Jolly Roger Mugiwara-jakke | One Piece-butikken","isPartOf":{"@id":"https:\/\/boutique-one-piece.com\/#website"},"primaryImageOfPage":{"@id":"https:\/\/boutique-one-piece.com\/vetements-one-piece\/vestes-one-piece\/veste-one-piece\/#primaryimage"},"image":{"@id":"https:\/\/boutique-one-piece.com\/vetements-one-piece\/vestes-one-piece\/veste-one-piece\/#primaryimage"},"thumbnailUrl":"https:\/\/boutique-one-piece.com\/wp-content\/uploads\/2022\/09\/Veste-One-Piece-Jolly-Roger-Mugiwara.jpg","datePublished":"2022-09-27T20:58:00+00:00","dateModified":"2024-09-16T13:03:03+00:00","description":"Bl\u00e5 One Piece-jakke av h\u00f8y kvalitet med hvite ermer og Luffy-logoen. Bli med fansen av denne piratmangaen og del lidenskapen din!","breadcrumb":{"@id":"https:\/\/boutique-one-piece.com\/vetements-one-piece\/vestes-one-piece\/veste-one-piece\/#breadcrumb"},"inLanguage":"nb-NO","potentialAction":[{"@type":"ReadAction","target":["https:\/\/boutique-one-piece.com\/vetements-one-piece\/vestes-one-piece\/veste-one-piece\/"]}]},{"@type":"ImageObject","inLanguage":"nb-NO","@id":"https:\/\/boutique-one-piece.com\/vetements-one-piece\/vestes-one-piece\/veste-one-piece\/#primaryimage","url":"https:\/\/boutique-one-piece.com\/wp-content\/uploads\/2022\/09\/Veste-One-Piece-Jolly-Roger-Mugiwara.jpg","contentUrl":"https:\/\/boutique-one-piece.com\/wp-content\/uploads\/2022\/09\/Veste-One-Piece-Jolly-Roger-Mugiwara.jpg","width":640,"height":640,"caption":"Veste One Piece Jolly Roger Mugiwara 4xl"},{"@type":"BreadcrumbList","@id":"https:\/\/boutique-one-piece.com\/vetements-one-piece\/vestes-one-piece\/veste-one-piece\/#breadcrumb","itemListElement":[{"@type":"ListItem","position":1,"name":"Home","item":"https:\/\/boutique-one-piece.com\/"},{"@type":"ListItem","position":2,"name":"Shop","item":"https:\/\/boutique-one-piece.com\/shop\/"},{"@type":"ListItem","position":3,"name":"Veste One Piece Jolly Roger Mugiwara"}]},{"@type":"WebSite","@id":"https:\/\/boutique-one-piece.com\/#website","url":"https:\/\/boutique-one-piece.com\/","name":"One Piece-butikk","description":"Spesialbutikk for One Piece Manga og Anime","publisher":{"@id":"https:\/\/boutique-one-piece.com\/#organization"},"potentialAction":[{"@type":"SearchAction","target":{"@type":"EntryPoint","urlTemplate":"https:\/\/boutique-one-piece.com\/?s={search_term_string}"},"query-input":{"@type":"PropertyValueSpecification","valueRequired":true,"valueName":"search_term_string"}}],"inLanguage":"nb-NO"},{"@type":"Organization","@id":"https:\/\/boutique-one-piece.com\/#organization","name":"One Piece-butikk","url":"https:\/\/boutique-one-piece.com\/","logo":{"@type":"ImageObject","inLanguage":"nb-NO","@id":"https:\/\/boutique-one-piece.com\/#\/schema\/logo\/image\/","url":"https:\/\/boutique-one-piece.com\/wp-content\/uploads\/2022\/09\/Logo-01.png","contentUrl":"https:\/\/boutique-one-piece.com\/wp-content\/uploads\/2022\/09\/Logo-01.png","width":2318,"height":957,"caption":"Boutique One Piece"},"image":{"@id":"https:\/\/boutique-one-piece.com\/#\/schema\/logo\/image\/"}}]}},"_links":{"self":[{"href":"https:\/\/boutique-one-piece.com\/nb\/wp-json\/wp\/v2\/product\/12784","targetHints":{"allow":["GET"]}}],"collection":[{"href":"https:\/\/boutique-one-piece.com\/nb\/wp-json\/wp\/v2\/product"}],"about":[{"href":"https:\/\/boutique-one-piece.com\/nb\/wp-json\/wp\/v2\/types\/product"}],"replies":[{"embeddable":true,"href":"https:\/\/boutique-one-piece.com\/nb\/wp-json\/wp\/v2\/comments?post=12784"}],"wp:featuredmedia":[{"embeddable":true,"href":"https:\/\/boutique-one-piece.com\/nb\/wp-json\/wp\/v2\/media\/12786"}],"wp:attachment":[{"href":"https:\/\/boutique-one-piece.com\/nb\/wp-json\/wp\/v2\/media?parent=12784"}],"wp:term":[{"taxonomy":"product_brand","embeddable":true,"href":"https:\/\/boutique-one-piece.com\/nb\/wp-json\/wp\/v2\/product_brand?post=12784"},{"taxonomy":"product_cat","embeddable":true,"href":"https:\/\/boutique-one-piece.com\/nb\/wp-json\/wp\/v2\/product_cat?post=12784"},{"taxonomy":"product_tag","embeddable":true,"href":"https:\/\/boutique-one-piece.com\/nb\/wp-json\/wp\/v2\/product_tag?post=12784"}],"curies":[{"name":"wp","href":"https:\/\/api.w.org\/{rel}","templated":true}]}}