{"id":12938,"date":"2022-09-27T20:59:19","date_gmt":"2022-09-27T20:59:19","guid":{"rendered":"https:\/\/boutique-one-piece.com\/uncategorized\/sabre-one-piece-zoro-wado-ichimonji\/"},"modified":"2024-09-16T13:06:14","modified_gmt":"2024-09-16T13:06:14","slug":"sabel-i-ett-stykke-zoro-wado-ichimonji","status":"publish","type":"product","link":"https:\/\/boutique-one-piece.com\/nb\/one-piece-tilbehor\/one-piece-sverdreplikaer\/sabel-i-ett-stykke-zoro-wado-ichimonji\/","title":{"rendered":"One Piece Zoro Wado Ichimonji Saber"},"content":{"rendered":"<ul>\n<li><span><b><u>One Piece Sabre<\/u><\/b>\u00a0One Piece universsverd for ekte pirater, ideelt for \u00e5 fullf\u00f8re cosplayet ditt eller som dekorasjon<\/span><\/li>\n<\/ul>\n<ul>\n<li>\n<b>Materie<\/b><span>\u00a0<\/span>Metall<\/li>\n<\/ul>\n<ul>\n<li><span><strong>Dimensjon<\/strong>\u00a0: 108 cm<\/span><\/li>\n<\/ul>\n<ul>\n<li><span><strong>GRATIS LEVERING<\/strong><\/span><\/li>\n<\/ul>","protected":false},"excerpt":{"rendered":"<p>Sabre One Piece\u00a0:\u00a0 Sabre de l&rsquo;univers One Piece pour les vrais pirates, id\u00e9al pour compl\u00e9ment\u00e9 son cosplay ou comme d\u00e9coration Mati\u00e8re\u00a0: M\u00e9tal Dimension\u00a0: 108 cm LIVRAISON OFFERTE<\/p>","protected":false},"featured_media":12940,"comment_status":"open","ping_status":"open","template":"","meta":[],"product_brand":[],"product_cat":[311],"product_tag":[],"class_list":{"0":"post-12938","1":"product","2":"type-product","3":"status-publish","4":"has-post-thumbnail","6":"product_cat-repliques-de-sabres-one-piece","8":"first","9":"instock","10":"purchasable","11":"product-type-simple"},"yoast_head":"<!-- This site is optimized with the Yoast SEO plugin v27.5 - https:\/\/yoast.com\/product\/yoast-seo-wordpress\/ -->\n<title>Sabre One Piece Zoro Wado Ichimonji | Sabre One Piece \u2013 Boutique One Piece<\/title>\n<meta name=\"description\" content=\"Sabre One Piece\u00a0:\u00a0 Sabre de l&#039;univers One Piece pour les vrais pirates, id\u00e9al pour compl\u00e9ment\u00e9 son cosplay ou comme d\u00e9coration Mati\u00e8re\u00a0: M\u00e9tal Dimension\u00a0: 108 cm LIVRAISON OFFERTE\" \/>\n<meta name=\"robots\" content=\"index, follow, max-snippet:-1, max-image-preview:large, max-video-preview:-1\" \/>\n<link rel=\"canonical\" href=\"https:\/\/boutique-one-piece.com\/nb\/one-piece-tilbehor\/one-piece-sverdreplikaer\/sabel-i-ett-stykke-zoro-wado-ichimonji\/\" \/>\n<meta property=\"og:locale\" content=\"nb_NO\" \/>\n<meta property=\"og:type\" content=\"article\" \/>\n<meta property=\"og:title\" content=\"Sabre One Piece Zoro Wado Ichimonji | Sabre One Piece \u2013 Boutique One Piece\" \/>\n<meta property=\"og:description\" content=\"Sabre One Piece\u00a0:\u00a0 Sabre de l&#039;univers One Piece pour les vrais pirates, id\u00e9al pour compl\u00e9ment\u00e9 son cosplay ou comme d\u00e9coration Mati\u00e8re\u00a0: M\u00e9tal Dimension\u00a0: 108 cm LIVRAISON OFFERTE\" \/>\n<meta property=\"og:url\" content=\"https:\/\/boutique-one-piece.com\/nb\/one-piece-tilbehor\/one-piece-sverdreplikaer\/sabel-i-ett-stykke-zoro-wado-ichimonji\/\" \/>\n<meta property=\"og:site_name\" content=\"Boutique One Piece\" \/>\n<meta property=\"article:modified_time\" content=\"2024-09-16T13:06:14+00:00\" \/>\n<meta property=\"og:image\" content=\"https:\/\/boutique-one-piece.com\/wp-content\/uploads\/2022\/09\/Sabre-One-Piece-Zoro-Wado-Ichimonji-1.jpg\" \/>\n\t<meta property=\"og:image:width\" content=\"830\" \/>\n\t<meta property=\"og:image:height\" content=\"623\" \/>\n\t<meta property=\"og:image:type\" content=\"image\/jpeg\" \/>\n<meta name=\"twitter:card\" content=\"summary_large_image\" \/>\n<script type=\"application\/ld+json\" class=\"yoast-schema-graph\">{\"@context\":\"https:\\\/\\\/schema.org\",\"@graph\":[{\"@type\":\"WebPage\",\"@id\":\"https:\\\/\\\/boutique-one-piece.com\\\/accessoires-one-piece\\\/repliques-de-sabres-one-piece\\\/sabre-one-piece-zoro-wado-ichimonji\\\/\",\"url\":\"https:\\\/\\\/boutique-one-piece.com\\\/accessoires-one-piece\\\/repliques-de-sabres-one-piece\\\/sabre-one-piece-zoro-wado-ichimonji\\\/\",\"name\":\"Sabre One Piece Zoro Wado Ichimonji | Sabre One Piece \u2013 Boutique One Piece\",\"isPartOf\":{\"@id\":\"https:\\\/\\\/boutique-one-piece.com\\\/#website\"},\"primaryImageOfPage\":{\"@id\":\"https:\\\/\\\/boutique-one-piece.com\\\/accessoires-one-piece\\\/repliques-de-sabres-one-piece\\\/sabre-one-piece-zoro-wado-ichimonji\\\/#primaryimage\"},\"image\":{\"@id\":\"https:\\\/\\\/boutique-one-piece.com\\\/accessoires-one-piece\\\/repliques-de-sabres-one-piece\\\/sabre-one-piece-zoro-wado-ichimonji\\\/#primaryimage\"},\"thumbnailUrl\":\"https:\\\/\\\/boutique-one-piece.com\\\/wp-content\\\/uploads\\\/2022\\\/09\\\/Sabre-One-Piece-Zoro-Wado-Ichimonji-1.jpg\",\"datePublished\":\"2022-09-27T20:59:19+00:00\",\"dateModified\":\"2024-09-16T13:06:14+00:00\",\"description\":\"Sabre One Piece\u00a0:\u00a0 Sabre de l'univers One Piece pour les vrais pirates, id\u00e9al pour compl\u00e9ment\u00e9 son cosplay ou comme d\u00e9coration Mati\u00e8re\u00a0: M\u00e9tal Dimension\u00a0: 108 cm LIVRAISON OFFERTE\",\"breadcrumb\":{\"@id\":\"https:\\\/\\\/boutique-one-piece.com\\\/accessoires-one-piece\\\/repliques-de-sabres-one-piece\\\/sabre-one-piece-zoro-wado-ichimonji\\\/#breadcrumb\"},\"inLanguage\":\"nb-NO\",\"potentialAction\":[{\"@type\":\"ReadAction\",\"target\":[\"https:\\\/\\\/boutique-one-piece.com\\\/accessoires-one-piece\\\/repliques-de-sabres-one-piece\\\/sabre-one-piece-zoro-wado-ichimonji\\\/\"]}]},{\"@type\":\"ImageObject\",\"inLanguage\":\"nb-NO\",\"@id\":\"https:\\\/\\\/boutique-one-piece.com\\\/accessoires-one-piece\\\/repliques-de-sabres-one-piece\\\/sabre-one-piece-zoro-wado-ichimonji\\\/#primaryimage\",\"url\":\"https:\\\/\\\/boutique-one-piece.com\\\/wp-content\\\/uploads\\\/2022\\\/09\\\/Sabre-One-Piece-Zoro-Wado-Ichimonji-1.jpg\",\"contentUrl\":\"https:\\\/\\\/boutique-one-piece.com\\\/wp-content\\\/uploads\\\/2022\\\/09\\\/Sabre-One-Piece-Zoro-Wado-Ichimonji-1.jpg\",\"width\":830,\"height\":623},{\"@type\":\"BreadcrumbList\",\"@id\":\"https:\\\/\\\/boutique-one-piece.com\\\/accessoires-one-piece\\\/repliques-de-sabres-one-piece\\\/sabre-one-piece-zoro-wado-ichimonji\\\/#breadcrumb\",\"itemListElement\":[{\"@type\":\"ListItem\",\"position\":1,\"name\":\"Home\",\"item\":\"https:\\\/\\\/boutique-one-piece.com\\\/\"},{\"@type\":\"ListItem\",\"position\":2,\"name\":\"Shop\",\"item\":\"https:\\\/\\\/boutique-one-piece.com\\\/shop\\\/\"},{\"@type\":\"ListItem\",\"position\":3,\"name\":\"Sabre One Piece Zoro Wado Ichimonji\"}]},{\"@type\":\"WebSite\",\"@id\":\"https:\\\/\\\/boutique-one-piece.com\\\/#website\",\"url\":\"https:\\\/\\\/boutique-one-piece.com\\\/\",\"name\":\"Boutique One Piece\",\"description\":\"Magasin Sp\u00e9cialis\u00e9 du Manga et l&#039;Anime One Piece\",\"publisher\":{\"@id\":\"https:\\\/\\\/boutique-one-piece.com\\\/#organization\"},\"potentialAction\":[{\"@type\":\"SearchAction\",\"target\":{\"@type\":\"EntryPoint\",\"urlTemplate\":\"https:\\\/\\\/boutique-one-piece.com\\\/?s={search_term_string}\"},\"query-input\":{\"@type\":\"PropertyValueSpecification\",\"valueRequired\":true,\"valueName\":\"search_term_string\"}}],\"inLanguage\":\"nb-NO\"},{\"@type\":\"Organization\",\"@id\":\"https:\\\/\\\/boutique-one-piece.com\\\/#organization\",\"name\":\"Boutique One Piece\",\"url\":\"https:\\\/\\\/boutique-one-piece.com\\\/\",\"logo\":{\"@type\":\"ImageObject\",\"inLanguage\":\"nb-NO\",\"@id\":\"https:\\\/\\\/boutique-one-piece.com\\\/#\\\/schema\\\/logo\\\/image\\\/\",\"url\":\"https:\\\/\\\/boutique-one-piece.com\\\/wp-content\\\/uploads\\\/2022\\\/09\\\/Logo-01.png\",\"contentUrl\":\"https:\\\/\\\/boutique-one-piece.com\\\/wp-content\\\/uploads\\\/2022\\\/09\\\/Logo-01.png\",\"width\":2318,\"height\":957,\"caption\":\"Boutique One Piece\"},\"image\":{\"@id\":\"https:\\\/\\\/boutique-one-piece.com\\\/#\\\/schema\\\/logo\\\/image\\\/\"}}]}<\/script>\n<!-- \/ Yoast SEO plugin. -->","yoast_head_json":{"title":"One Piece Zoro Wado Ichimonji Saber | One Piece Saber \u2013 One Piece-butikken","description":"One Piece-sverd: Et sverd fra One Piece-universet for ekte pirater, ideelt for \u00e5 fullf\u00f8re cosplayet ditt eller som dekorasjon. Materiale: Metall. Lengde: 108 cm. GRATIS FRAKT","robots":{"index":"index","follow":"follow","max-snippet":"max-snippet:-1","max-image-preview":"max-image-preview:large","max-video-preview":"max-video-preview:-1"},"canonical":"https:\/\/boutique-one-piece.com\/nb\/one-piece-tilbehor\/one-piece-sverdreplikaer\/sabel-i-ett-stykke-zoro-wado-ichimonji\/","og_locale":"nb_NO","og_type":"article","og_title":"Sabre One Piece Zoro Wado Ichimonji | Sabre One Piece \u2013 Boutique One Piece","og_description":"Sabre One Piece\u00a0:\u00a0 Sabre de l'univers One Piece pour les vrais pirates, id\u00e9al pour compl\u00e9ment\u00e9 son cosplay ou comme d\u00e9coration Mati\u00e8re\u00a0: M\u00e9tal Dimension\u00a0: 108 cm LIVRAISON OFFERTE","og_url":"https:\/\/boutique-one-piece.com\/nb\/one-piece-tilbehor\/one-piece-sverdreplikaer\/sabel-i-ett-stykke-zoro-wado-ichimonji\/","og_site_name":"Boutique One Piece","article_modified_time":"2024-09-16T13:06:14+00:00","og_image":[{"width":830,"height":623,"url":"https:\/\/boutique-one-piece.com\/wp-content\/uploads\/2022\/09\/Sabre-One-Piece-Zoro-Wado-Ichimonji-1.jpg","type":"image\/jpeg"}],"twitter_card":"summary_large_image","schema":{"@context":"https:\/\/schema.org","@graph":[{"@type":"WebPage","@id":"https:\/\/boutique-one-piece.com\/accessoires-one-piece\/repliques-de-sabres-one-piece\/sabre-one-piece-zoro-wado-ichimonji\/","url":"https:\/\/boutique-one-piece.com\/accessoires-one-piece\/repliques-de-sabres-one-piece\/sabre-one-piece-zoro-wado-ichimonji\/","name":"One Piece Zoro Wado Ichimonji Saber | One Piece Saber \u2013 One Piece-butikken","isPartOf":{"@id":"https:\/\/boutique-one-piece.com\/#website"},"primaryImageOfPage":{"@id":"https:\/\/boutique-one-piece.com\/accessoires-one-piece\/repliques-de-sabres-one-piece\/sabre-one-piece-zoro-wado-ichimonji\/#primaryimage"},"image":{"@id":"https:\/\/boutique-one-piece.com\/accessoires-one-piece\/repliques-de-sabres-one-piece\/sabre-one-piece-zoro-wado-ichimonji\/#primaryimage"},"thumbnailUrl":"https:\/\/boutique-one-piece.com\/wp-content\/uploads\/2022\/09\/Sabre-One-Piece-Zoro-Wado-Ichimonji-1.jpg","datePublished":"2022-09-27T20:59:19+00:00","dateModified":"2024-09-16T13:06:14+00:00","description":"One Piece-sverd: Et sverd fra One Piece-universet for ekte pirater, ideelt for \u00e5 fullf\u00f8re cosplayet ditt eller som dekorasjon. Materiale: Metall. Lengde: 108 cm. GRATIS FRAKT","breadcrumb":{"@id":"https:\/\/boutique-one-piece.com\/accessoires-one-piece\/repliques-de-sabres-one-piece\/sabre-one-piece-zoro-wado-ichimonji\/#breadcrumb"},"inLanguage":"nb-NO","potentialAction":[{"@type":"ReadAction","target":["https:\/\/boutique-one-piece.com\/accessoires-one-piece\/repliques-de-sabres-one-piece\/sabre-one-piece-zoro-wado-ichimonji\/"]}]},{"@type":"ImageObject","inLanguage":"nb-NO","@id":"https:\/\/boutique-one-piece.com\/accessoires-one-piece\/repliques-de-sabres-one-piece\/sabre-one-piece-zoro-wado-ichimonji\/#primaryimage","url":"https:\/\/boutique-one-piece.com\/wp-content\/uploads\/2022\/09\/Sabre-One-Piece-Zoro-Wado-Ichimonji-1.jpg","contentUrl":"https:\/\/boutique-one-piece.com\/wp-content\/uploads\/2022\/09\/Sabre-One-Piece-Zoro-Wado-Ichimonji-1.jpg","width":830,"height":623},{"@type":"BreadcrumbList","@id":"https:\/\/boutique-one-piece.com\/accessoires-one-piece\/repliques-de-sabres-one-piece\/sabre-one-piece-zoro-wado-ichimonji\/#breadcrumb","itemListElement":[{"@type":"ListItem","position":1,"name":"Home","item":"https:\/\/boutique-one-piece.com\/"},{"@type":"ListItem","position":2,"name":"Shop","item":"https:\/\/boutique-one-piece.com\/shop\/"},{"@type":"ListItem","position":3,"name":"Sabre One Piece Zoro Wado Ichimonji"}]},{"@type":"WebSite","@id":"https:\/\/boutique-one-piece.com\/#website","url":"https:\/\/boutique-one-piece.com\/","name":"One Piece-butikk","description":"Spesialbutikk for One Piece Manga og Anime","publisher":{"@id":"https:\/\/boutique-one-piece.com\/#organization"},"potentialAction":[{"@type":"SearchAction","target":{"@type":"EntryPoint","urlTemplate":"https:\/\/boutique-one-piece.com\/?s={search_term_string}"},"query-input":{"@type":"PropertyValueSpecification","valueRequired":true,"valueName":"search_term_string"}}],"inLanguage":"nb-NO"},{"@type":"Organization","@id":"https:\/\/boutique-one-piece.com\/#organization","name":"One Piece-butikk","url":"https:\/\/boutique-one-piece.com\/","logo":{"@type":"ImageObject","inLanguage":"nb-NO","@id":"https:\/\/boutique-one-piece.com\/#\/schema\/logo\/image\/","url":"https:\/\/boutique-one-piece.com\/wp-content\/uploads\/2022\/09\/Logo-01.png","contentUrl":"https:\/\/boutique-one-piece.com\/wp-content\/uploads\/2022\/09\/Logo-01.png","width":2318,"height":957,"caption":"Boutique One Piece"},"image":{"@id":"https:\/\/boutique-one-piece.com\/#\/schema\/logo\/image\/"}}]}},"_links":{"self":[{"href":"https:\/\/boutique-one-piece.com\/nb\/wp-json\/wp\/v2\/product\/12938","targetHints":{"allow":["GET"]}}],"collection":[{"href":"https:\/\/boutique-one-piece.com\/nb\/wp-json\/wp\/v2\/product"}],"about":[{"href":"https:\/\/boutique-one-piece.com\/nb\/wp-json\/wp\/v2\/types\/product"}],"replies":[{"embeddable":true,"href":"https:\/\/boutique-one-piece.com\/nb\/wp-json\/wp\/v2\/comments?post=12938"}],"wp:featuredmedia":[{"embeddable":true,"href":"https:\/\/boutique-one-piece.com\/nb\/wp-json\/wp\/v2\/media\/12940"}],"wp:attachment":[{"href":"https:\/\/boutique-one-piece.com\/nb\/wp-json\/wp\/v2\/media?parent=12938"}],"wp:term":[{"taxonomy":"product_brand","embeddable":true,"href":"https:\/\/boutique-one-piece.com\/nb\/wp-json\/wp\/v2\/product_brand?post=12938"},{"taxonomy":"product_cat","embeddable":true,"href":"https:\/\/boutique-one-piece.com\/nb\/wp-json\/wp\/v2\/product_cat?post=12938"},{"taxonomy":"product_tag","embeddable":true,"href":"https:\/\/boutique-one-piece.com\/nb\/wp-json\/wp\/v2\/product_tag?post=12938"}],"curies":[{"name":"wp","href":"https:\/\/api.w.org\/{rel}","templated":true}]}}