{"id":13168,"date":"2022-09-27T21:01:12","date_gmt":"2022-09-27T21:01:12","guid":{"rendered":"https:\/\/boutique-one-piece.com\/uncategorized\/figurine-one-piece-den-den-mushi-jinbe\/"},"modified":"2024-09-16T13:11:12","modified_gmt":"2024-09-16T13:11:12","slug":"den-mushi-jinbe-figur-i-ett-stykke","status":"publish","type":"product","link":"https:\/\/boutique-one-piece.com\/nb\/one-piece-figurer-2\/den-den-mushi-figurer\/den-mushi-jinbe-figur-i-ett-stykke\/","title":{"rendered":"One Piece Den Den Mushi Jinbe-figur"},"content":{"rendered":"<h2>Unge pirat, tiden er inne for at du skal skaffe deg denne One Piece Den Den Mushi Jinbe-figuren.<\/h2>\n<p><strong>Snegletelefoner<\/strong>, Den Den Mushi, ogs\u00e5 kjent som Den Den Mushi, er snegler som vanligvis sees med telefoner og\/eller faksmaskiner festet til skallet sitt. De lar flere personer kommunisere selv over sv\u00e6rt lange avstander. De etterligner bevegelsene (spesielt munnens) til de som snakker.<\/p>\n<p>Til slutt, den<strong> Den Den Mushi<\/strong>, De ligner generelt p\u00e5 brukeren sin. Her er brukeren Jinbe, ogs\u00e5 kjent som \u00abHavenes Paladin\u00bb. Han er ogs\u00e5 styrmann for str\u00e5hattmannskapet. Han er offisielt det tiende medlemmet av str\u00e5hattmannskapet og det niende medlemmet av Luffys mannskap. Forresten, hvis du vil utvide figursamlingen din, er <a title=\"JINBE-FIGUR I GUL KIMONO\" href=\"https:\/\/boutique-one-piece.com\/nb\/gul-kimono-jinbe-figur\/\" target=\"_blank\" rel=\"noopener\">Jinbe-figur i Kimono<\/a> er innen rekkevidde.<\/p>\n<h3>S\u00e5, er du fascinert av Jinbes Den Den Mushi? I s\u00e5 fall vet du hva du skal gj\u00f8re videre. Oppdag hvilken beskjed som venter deg.<\/h3>\n<p><strong>Ung pirat<\/strong>, Ta skjebnen i egne hender og g\u00e5 om bord p\u00e5 <strong>Tusen solfylte<\/strong>. Mange eventyr venter deg der. Disse mytiske gjenstandene vil kaste deg tilbake inn i denne animeen med dens spennende eventyr. S\u00e5 hva venter du p\u00e5? Ikke n\u00f8l lenger og grip muligheten til \u00e5 utvide <strong>ditt One Piece-univers<\/strong>.<\/p>\n<h2>Informasjon om Den Den Mushi Jinbe Figurine\u00a0<\/h2>\n<ul data-mce-fragment=\"1\">\n<li data-mce-fragment=\"1\"><span data-mce-fragment=\"1\"><b data-mce-fragment=\"1\"><u data-mce-fragment=\"1\">One Piece-figur<\/u><\/b>\u00a0Premium One Piece-figur for ekte pirater<\/span><\/li>\n<\/ul>\n<ul data-mce-fragment=\"1\">\n<li data-mce-fragment=\"1\">\n<b data-mce-fragment=\"1\">Materie<\/b><span data-mce-fragment=\"1\">\u00a0<\/span>PVC<\/li>\n<\/ul>\n<ul data-mce-fragment=\"1\">\n<li data-mce-fragment=\"1\"><span data-mce-fragment=\"1\"><strong data-mce-fragment=\"1\">Dimensjon<\/strong>\u00a0: 12 cm<\/span><\/li>\n<\/ul>\n<ul data-mce-fragment=\"1\">\n<li data-mce-fragment=\"1\"><span data-mce-fragment=\"1\"><strong data-mce-fragment=\"1\">GRATIS LEVERING<\/strong><\/span><\/li>\n<\/ul>","protected":false},"excerpt":{"rendered":"<p>Unge pirat, tiden er inne for at du skal f\u00e5 tak i denne One Piece Den Den Mushi Jinbe-figuren. Den Den Mushi, ogs\u00e5 kjent som Den Den-telefoner, er snegler som vanligvis sees med telefoner og\/eller faksmaskiner festet til skallet sitt. De lar flere personer kommunisere selv over sv\u00e6rt lange avstander.<\/p>","protected":false},"featured_media":13170,"comment_status":"open","ping_status":"open","template":"","meta":[],"product_brand":[],"product_cat":[331,76],"product_tag":[386],"class_list":{"0":"post-13168","1":"product","2":"type-product","3":"status-publish","4":"has-post-thumbnail","6":"product_cat-figurines-den-den-mushi","7":"product_cat-figurines-one-piece","8":"product_tag-den-den-mushi","10":"first","11":"instock","12":"purchasable","13":"product-type-simple"},"yoast_head":"<!-- This site is optimized with the Yoast SEO plugin v27.5 - https:\/\/yoast.com\/product\/yoast-seo-wordpress\/ -->\n<title>Figurine One Piece Den Den Mushi Jinbe | Figurine One Piece \u2013 Boutique One Piece<\/title>\n<meta name=\"description\" content=\"Jeune pirate, le moment est venu pour toi de te procurer cette Figurine One Piece Den Den Mushi Jinbe. Les Escargophones, autrement appel\u00e9 Den Den Mushi, sont des escargots qui sont habituellement vus avec des t\u00e9l\u00e9phones et\/ou des machines fax attach\u00e9s \u00e0 leurs carapaces. Ils permettent \u00e0 plusieurs personnes de communiq\" \/>\n<meta name=\"robots\" content=\"index, follow, max-snippet:-1, max-image-preview:large, max-video-preview:-1\" \/>\n<link rel=\"canonical\" href=\"https:\/\/boutique-one-piece.com\/nb\/one-piece-figurer-2\/den-den-mushi-figurer\/den-mushi-jinbe-figur-i-ett-stykke\/\" \/>\n<meta property=\"og:locale\" content=\"nb_NO\" \/>\n<meta property=\"og:type\" content=\"article\" \/>\n<meta property=\"og:title\" content=\"Figurine One Piece Den Den Mushi Jinbe | Figurine One Piece \u2013 Boutique One Piece\" \/>\n<meta property=\"og:description\" content=\"Jeune pirate, le moment est venu pour toi de te procurer cette Figurine One Piece Den Den Mushi Jinbe. Les Escargophones, autrement appel\u00e9 Den Den Mushi, sont des escargots qui sont habituellement vus avec des t\u00e9l\u00e9phones et\/ou des machines fax attach\u00e9s \u00e0 leurs carapaces. Ils permettent \u00e0 plusieurs personnes de communiq\" \/>\n<meta property=\"og:url\" content=\"https:\/\/boutique-one-piece.com\/nb\/one-piece-figurer-2\/den-den-mushi-figurer\/den-mushi-jinbe-figur-i-ett-stykke\/\" \/>\n<meta property=\"og:site_name\" content=\"Boutique One Piece\" \/>\n<meta property=\"article:modified_time\" content=\"2024-09-16T13:11:12+00:00\" \/>\n<meta property=\"og:image\" content=\"https:\/\/boutique-one-piece.com\/wp-content\/uploads\/2022\/09\/Figurine-One-Piece-Den-Den-Mushi-Jinbe.jpg\" \/>\n\t<meta property=\"og:image:width\" content=\"640\" \/>\n\t<meta property=\"og:image:height\" content=\"640\" \/>\n\t<meta property=\"og:image:type\" content=\"image\/jpeg\" \/>\n<meta name=\"twitter:card\" content=\"summary_large_image\" \/>\n<meta name=\"twitter:label1\" content=\"Ansl. lesetid\" \/>\n\t<meta name=\"twitter:data1\" content=\"1 minutt\" \/>\n<script type=\"application\/ld+json\" class=\"yoast-schema-graph\">{\"@context\":\"https:\\\/\\\/schema.org\",\"@graph\":[{\"@type\":\"WebPage\",\"@id\":\"https:\\\/\\\/boutique-one-piece.com\\\/figurines-one-piece\\\/figurines-den-den-mushi\\\/figurine-one-piece-den-den-mushi-jinbe\\\/\",\"url\":\"https:\\\/\\\/boutique-one-piece.com\\\/figurines-one-piece\\\/figurines-den-den-mushi\\\/figurine-one-piece-den-den-mushi-jinbe\\\/\",\"name\":\"Figurine One Piece Den Den Mushi Jinbe | Figurine One Piece \u2013 Boutique One Piece\",\"isPartOf\":{\"@id\":\"https:\\\/\\\/boutique-one-piece.com\\\/#website\"},\"primaryImageOfPage\":{\"@id\":\"https:\\\/\\\/boutique-one-piece.com\\\/figurines-one-piece\\\/figurines-den-den-mushi\\\/figurine-one-piece-den-den-mushi-jinbe\\\/#primaryimage\"},\"image\":{\"@id\":\"https:\\\/\\\/boutique-one-piece.com\\\/figurines-one-piece\\\/figurines-den-den-mushi\\\/figurine-one-piece-den-den-mushi-jinbe\\\/#primaryimage\"},\"thumbnailUrl\":\"https:\\\/\\\/boutique-one-piece.com\\\/wp-content\\\/uploads\\\/2022\\\/09\\\/Figurine-One-Piece-Den-Den-Mushi-Jinbe.jpg\",\"datePublished\":\"2022-09-27T21:01:12+00:00\",\"dateModified\":\"2024-09-16T13:11:12+00:00\",\"description\":\"Jeune pirate, le moment est venu pour toi de te procurer cette Figurine One Piece Den Den Mushi Jinbe. Les Escargophones, autrement appel\u00e9 Den Den Mushi, sont des escargots qui sont habituellement vus avec des t\u00e9l\u00e9phones et\\\/ou des machines fax attach\u00e9s \u00e0 leurs carapaces. Ils permettent \u00e0 plusieurs personnes de communiq\",\"breadcrumb\":{\"@id\":\"https:\\\/\\\/boutique-one-piece.com\\\/figurines-one-piece\\\/figurines-den-den-mushi\\\/figurine-one-piece-den-den-mushi-jinbe\\\/#breadcrumb\"},\"inLanguage\":\"nb-NO\",\"potentialAction\":[{\"@type\":\"ReadAction\",\"target\":[\"https:\\\/\\\/boutique-one-piece.com\\\/figurines-one-piece\\\/figurines-den-den-mushi\\\/figurine-one-piece-den-den-mushi-jinbe\\\/\"]}]},{\"@type\":\"ImageObject\",\"inLanguage\":\"nb-NO\",\"@id\":\"https:\\\/\\\/boutique-one-piece.com\\\/figurines-one-piece\\\/figurines-den-den-mushi\\\/figurine-one-piece-den-den-mushi-jinbe\\\/#primaryimage\",\"url\":\"https:\\\/\\\/boutique-one-piece.com\\\/wp-content\\\/uploads\\\/2022\\\/09\\\/Figurine-One-Piece-Den-Den-Mushi-Jinbe.jpg\",\"contentUrl\":\"https:\\\/\\\/boutique-one-piece.com\\\/wp-content\\\/uploads\\\/2022\\\/09\\\/Figurine-One-Piece-Den-Den-Mushi-Jinbe.jpg\",\"width\":640,\"height\":640,\"caption\":\"Figurine One Piece Den Den Mushi Jinbe Default Title\"},{\"@type\":\"BreadcrumbList\",\"@id\":\"https:\\\/\\\/boutique-one-piece.com\\\/figurines-one-piece\\\/figurines-den-den-mushi\\\/figurine-one-piece-den-den-mushi-jinbe\\\/#breadcrumb\",\"itemListElement\":[{\"@type\":\"ListItem\",\"position\":1,\"name\":\"Home\",\"item\":\"https:\\\/\\\/boutique-one-piece.com\\\/\"},{\"@type\":\"ListItem\",\"position\":2,\"name\":\"Shop\",\"item\":\"https:\\\/\\\/boutique-one-piece.com\\\/shop\\\/\"},{\"@type\":\"ListItem\",\"position\":3,\"name\":\"Figurine One Piece Den Den Mushi Jinbe\"}]},{\"@type\":\"WebSite\",\"@id\":\"https:\\\/\\\/boutique-one-piece.com\\\/#website\",\"url\":\"https:\\\/\\\/boutique-one-piece.com\\\/\",\"name\":\"Boutique One Piece\",\"description\":\"Magasin Sp\u00e9cialis\u00e9 du Manga et l&#039;Anime One Piece\",\"publisher\":{\"@id\":\"https:\\\/\\\/boutique-one-piece.com\\\/#organization\"},\"potentialAction\":[{\"@type\":\"SearchAction\",\"target\":{\"@type\":\"EntryPoint\",\"urlTemplate\":\"https:\\\/\\\/boutique-one-piece.com\\\/?s={search_term_string}\"},\"query-input\":{\"@type\":\"PropertyValueSpecification\",\"valueRequired\":true,\"valueName\":\"search_term_string\"}}],\"inLanguage\":\"nb-NO\"},{\"@type\":\"Organization\",\"@id\":\"https:\\\/\\\/boutique-one-piece.com\\\/#organization\",\"name\":\"Boutique One Piece\",\"url\":\"https:\\\/\\\/boutique-one-piece.com\\\/\",\"logo\":{\"@type\":\"ImageObject\",\"inLanguage\":\"nb-NO\",\"@id\":\"https:\\\/\\\/boutique-one-piece.com\\\/#\\\/schema\\\/logo\\\/image\\\/\",\"url\":\"https:\\\/\\\/boutique-one-piece.com\\\/wp-content\\\/uploads\\\/2022\\\/09\\\/Logo-01.png\",\"contentUrl\":\"https:\\\/\\\/boutique-one-piece.com\\\/wp-content\\\/uploads\\\/2022\\\/09\\\/Logo-01.png\",\"width\":2318,\"height\":957,\"caption\":\"Boutique One Piece\"},\"image\":{\"@id\":\"https:\\\/\\\/boutique-one-piece.com\\\/#\\\/schema\\\/logo\\\/image\\\/\"}}]}<\/script>\n<!-- \/ Yoast SEO plugin. -->","yoast_head_json":{"title":"One Piece Den Den Mushi Jinbe-figur | One Piece-figur \u2013 One Piece-butikken","description":"Unge pirat, tiden er inne for at du skal f\u00e5 tak i denne One Piece Den Den Mushi Jinbe-figuren. Den Den Mushi, ogs\u00e5 kjent som Den Den-telefoner, er snegler som vanligvis sees med telefoner og\/eller faksmaskiner festet til skallet sitt. De lar flere personer kommunisere ...","robots":{"index":"index","follow":"follow","max-snippet":"max-snippet:-1","max-image-preview":"max-image-preview:large","max-video-preview":"max-video-preview:-1"},"canonical":"https:\/\/boutique-one-piece.com\/nb\/one-piece-figurer-2\/den-den-mushi-figurer\/den-mushi-jinbe-figur-i-ett-stykke\/","og_locale":"nb_NO","og_type":"article","og_title":"Figurine One Piece Den Den Mushi Jinbe | Figurine One Piece \u2013 Boutique One Piece","og_description":"Jeune pirate, le moment est venu pour toi de te procurer cette Figurine One Piece Den Den Mushi Jinbe. Les Escargophones, autrement appel\u00e9 Den Den Mushi, sont des escargots qui sont habituellement vus avec des t\u00e9l\u00e9phones et\/ou des machines fax attach\u00e9s \u00e0 leurs carapaces. Ils permettent \u00e0 plusieurs personnes de communiq","og_url":"https:\/\/boutique-one-piece.com\/nb\/one-piece-figurer-2\/den-den-mushi-figurer\/den-mushi-jinbe-figur-i-ett-stykke\/","og_site_name":"Boutique One Piece","article_modified_time":"2024-09-16T13:11:12+00:00","og_image":[{"width":640,"height":640,"url":"https:\/\/boutique-one-piece.com\/wp-content\/uploads\/2022\/09\/Figurine-One-Piece-Den-Den-Mushi-Jinbe.jpg","type":"image\/jpeg"}],"twitter_card":"summary_large_image","twitter_misc":{"Ansl. lesetid":"1 minutt"},"schema":{"@context":"https:\/\/schema.org","@graph":[{"@type":"WebPage","@id":"https:\/\/boutique-one-piece.com\/figurines-one-piece\/figurines-den-den-mushi\/figurine-one-piece-den-den-mushi-jinbe\/","url":"https:\/\/boutique-one-piece.com\/figurines-one-piece\/figurines-den-den-mushi\/figurine-one-piece-den-den-mushi-jinbe\/","name":"One Piece Den Den Mushi Jinbe-figur | One Piece-figur \u2013 One Piece-butikken","isPartOf":{"@id":"https:\/\/boutique-one-piece.com\/#website"},"primaryImageOfPage":{"@id":"https:\/\/boutique-one-piece.com\/figurines-one-piece\/figurines-den-den-mushi\/figurine-one-piece-den-den-mushi-jinbe\/#primaryimage"},"image":{"@id":"https:\/\/boutique-one-piece.com\/figurines-one-piece\/figurines-den-den-mushi\/figurine-one-piece-den-den-mushi-jinbe\/#primaryimage"},"thumbnailUrl":"https:\/\/boutique-one-piece.com\/wp-content\/uploads\/2022\/09\/Figurine-One-Piece-Den-Den-Mushi-Jinbe.jpg","datePublished":"2022-09-27T21:01:12+00:00","dateModified":"2024-09-16T13:11:12+00:00","description":"Unge pirat, tiden er inne for at du skal f\u00e5 tak i denne One Piece Den Den Mushi Jinbe-figuren. Den Den Mushi, ogs\u00e5 kjent som Den Den-telefoner, er snegler som vanligvis sees med telefoner og\/eller faksmaskiner festet til skallet sitt. De lar flere personer kommunisere ...","breadcrumb":{"@id":"https:\/\/boutique-one-piece.com\/figurines-one-piece\/figurines-den-den-mushi\/figurine-one-piece-den-den-mushi-jinbe\/#breadcrumb"},"inLanguage":"nb-NO","potentialAction":[{"@type":"ReadAction","target":["https:\/\/boutique-one-piece.com\/figurines-one-piece\/figurines-den-den-mushi\/figurine-one-piece-den-den-mushi-jinbe\/"]}]},{"@type":"ImageObject","inLanguage":"nb-NO","@id":"https:\/\/boutique-one-piece.com\/figurines-one-piece\/figurines-den-den-mushi\/figurine-one-piece-den-den-mushi-jinbe\/#primaryimage","url":"https:\/\/boutique-one-piece.com\/wp-content\/uploads\/2022\/09\/Figurine-One-Piece-Den-Den-Mushi-Jinbe.jpg","contentUrl":"https:\/\/boutique-one-piece.com\/wp-content\/uploads\/2022\/09\/Figurine-One-Piece-Den-Den-Mushi-Jinbe.jpg","width":640,"height":640,"caption":"Figurine One Piece Den Den Mushi Jinbe Default Title"},{"@type":"BreadcrumbList","@id":"https:\/\/boutique-one-piece.com\/figurines-one-piece\/figurines-den-den-mushi\/figurine-one-piece-den-den-mushi-jinbe\/#breadcrumb","itemListElement":[{"@type":"ListItem","position":1,"name":"Home","item":"https:\/\/boutique-one-piece.com\/"},{"@type":"ListItem","position":2,"name":"Shop","item":"https:\/\/boutique-one-piece.com\/shop\/"},{"@type":"ListItem","position":3,"name":"Figurine One Piece Den Den Mushi Jinbe"}]},{"@type":"WebSite","@id":"https:\/\/boutique-one-piece.com\/#website","url":"https:\/\/boutique-one-piece.com\/","name":"One Piece-butikk","description":"Spesialbutikk for One Piece Manga og Anime","publisher":{"@id":"https:\/\/boutique-one-piece.com\/#organization"},"potentialAction":[{"@type":"SearchAction","target":{"@type":"EntryPoint","urlTemplate":"https:\/\/boutique-one-piece.com\/?s={search_term_string}"},"query-input":{"@type":"PropertyValueSpecification","valueRequired":true,"valueName":"search_term_string"}}],"inLanguage":"nb-NO"},{"@type":"Organization","@id":"https:\/\/boutique-one-piece.com\/#organization","name":"One Piece-butikk","url":"https:\/\/boutique-one-piece.com\/","logo":{"@type":"ImageObject","inLanguage":"nb-NO","@id":"https:\/\/boutique-one-piece.com\/#\/schema\/logo\/image\/","url":"https:\/\/boutique-one-piece.com\/wp-content\/uploads\/2022\/09\/Logo-01.png","contentUrl":"https:\/\/boutique-one-piece.com\/wp-content\/uploads\/2022\/09\/Logo-01.png","width":2318,"height":957,"caption":"Boutique One Piece"},"image":{"@id":"https:\/\/boutique-one-piece.com\/#\/schema\/logo\/image\/"}}]}},"_links":{"self":[{"href":"https:\/\/boutique-one-piece.com\/nb\/wp-json\/wp\/v2\/product\/13168","targetHints":{"allow":["GET"]}}],"collection":[{"href":"https:\/\/boutique-one-piece.com\/nb\/wp-json\/wp\/v2\/product"}],"about":[{"href":"https:\/\/boutique-one-piece.com\/nb\/wp-json\/wp\/v2\/types\/product"}],"replies":[{"embeddable":true,"href":"https:\/\/boutique-one-piece.com\/nb\/wp-json\/wp\/v2\/comments?post=13168"}],"wp:featuredmedia":[{"embeddable":true,"href":"https:\/\/boutique-one-piece.com\/nb\/wp-json\/wp\/v2\/media\/13170"}],"wp:attachment":[{"href":"https:\/\/boutique-one-piece.com\/nb\/wp-json\/wp\/v2\/media?parent=13168"}],"wp:term":[{"taxonomy":"product_brand","embeddable":true,"href":"https:\/\/boutique-one-piece.com\/nb\/wp-json\/wp\/v2\/product_brand?post=13168"},{"taxonomy":"product_cat","embeddable":true,"href":"https:\/\/boutique-one-piece.com\/nb\/wp-json\/wp\/v2\/product_cat?post=13168"},{"taxonomy":"product_tag","embeddable":true,"href":"https:\/\/boutique-one-piece.com\/nb\/wp-json\/wp\/v2\/product_tag?post=13168"}],"curies":[{"name":"wp","href":"https:\/\/api.w.org\/{rel}","templated":true}]}}