{"id":13291,"date":"2022-09-27T21:02:01","date_gmt":"2022-09-27T21:02:01","guid":{"rendered":"https:\/\/boutique-one-piece.com\/uncategorized\/pull-a-capuche-one-piece-trafalgar-low\/"},"modified":"2024-09-16T15:23:39","modified_gmt":"2024-09-16T15:23:39","slug":"trafalgar-genser-med-lav-hette","status":"publish","type":"product","link":"https:\/\/boutique-one-piece.com\/nb\/one-piece-klaer\/one-piece-gensere\/trafalgar-genser-med-lav-hette\/","title":{"rendered":"One Piece Trafalgar Low Hettegenser"},"content":{"rendered":"<h2><b>H\u00f8ykvalitets One Piece Trafalgar D. Water Law Logo-hettegenser: Bli med hjertepiratene, bruk denne hettegenseren og bli Laws Nakama!<\/b><\/h2>\n<p><span><\/span><span><\/span><span><\/span><span><\/span><span><\/span><\/p>\n<ul><\/ul>\n<ul><\/ul>\n<ul>\n<li>\n<strong>H\u00f8ykvalitets One Piece-genser\u00a0<\/strong><span>:\u00a0<\/span>Den har h\u00f8y vekt og er laget av kvalitetsmaterialer.<\/li>\n<\/ul>\n<ul>\n<li><span><strong>Stor fleksibilitet\u00a0<\/strong>Takket v\u00e6re elastisiteten rynker den ikke.<\/span><\/li>\n<\/ul>\n<ul>\n<li>\n<strong>Veldig komfortabel<span>\u00a0<\/span><\/strong>Med disse supermyke bomullsfibrene er det ingen gnaging.<\/li>\n<\/ul>\n<ul>\n<li><span>3D digital utskrift, original design<\/span><\/li>\n<\/ul>\n<ul>\n<li><span><b>Bomull<\/b><strong>\u00a0organisk\u00a0<\/strong>H\u00f8ykvalitets bomull med ekstra lange fibre<\/span><\/li>\n<\/ul>\n<ul>\n<li><span><strong>Gratis levering\u00a0<\/strong>for ethvert kj\u00f8p<strong>\u00a0<\/strong><\/span><\/li>\n<\/ul>\n<p><span>Ikke glem \u00e5 kaste\u00a0<\/span>ta en titt p\u00e5 st\u00f8rrelsesguiden nedenfor.<\/p>\n<p><img decoding=\"async\" src=\"https:\/\/cdn.shopify.com\/s\/files\/1\/0087\/7556\/5348\/files\/boutque_one__piece__tableau__taille__pull_f532488a-6714-48f5-a98b-56bde6264406_large.jpg?v=1559838932\" alt=\"St\u00f8rrelsesguide for One Piece-butikken\"><\/p>\n<h3>Vaskeanvisning:<\/h3>\n<ul>\n<li>Maskinvask p\u00e5 30 \u00b0C, finvaskprogram<\/li>\n<\/ul>\n<ul>\n<li>Stryk p\u00e5 baksiden<\/li>\n<\/ul>\n<p>Til<span>\u00a0<\/span><strong>bevare kvaliteten<\/strong><span>\u00a0<\/span>av dette<span>\u00a0<strong>genser<\/strong><\/span><strong>\u00a0Ett stykke<\/strong>, anbefaler vi at du<span>\u00a0<\/span><strong>respekt<\/strong><span>\u00a0<\/span>DE<span>\u00a0<\/span><strong>vaskeanvisning<\/strong>.<\/p>","protected":false},"excerpt":{"rendered":"<p>Pull\u00a0\u00e0 Capuche One Piece Logo Trafalgar D. Water Law de Tr\u00e8s Haute Qualit\u00e9 : Rejoins l&rsquo;\u00c9quipage du Heart, Porte ce sweat et Deviens\u00a0le Nakama de Law ! Pull\u00a0One Piece\u00a0de qualit\u00e9 sup\u00e9rieur\u00a0:\u00a0poc\u00e8de un grammage \u00e9lev\u00e9 avec des mat\u00e9riaux de qualit\u00e9s Grande souplesse\u00a0: gr\u00e2ce \u00e0 son \u00e9lasticit\u00e9, il ne se froisse pas Tr\u00e8s confortable\u00a0: avec ces fibres [&hellip;]<\/p>","protected":false},"featured_media":13293,"comment_status":"open","ping_status":"open","template":"","meta":[],"product_brand":[],"product_cat":[81,54],"product_tag":[82,83,84,393,85,86,87,88,89,91,90,303,182,93,94,98,99,100,101,103,394],"class_list":{"0":"post-13291","1":"product","2":"type-product","3":"status-publish","4":"has-post-thumbnail","6":"product_cat-pulls-one-piece","7":"product_cat-vetements-one-piece","8":"product_tag-100-coton","9":"product_tag-blanc","10":"product_tag-capuche","11":"product_tag-embleme","12":"product_tag-femme","13":"product_tag-gris","14":"product_tag-haute-qualite","15":"product_tag-homme","16":"product_tag-hoodie","17":"product_tag-impression-3d-manga","18":"product_tag-impression-par-sublimation","19":"product_tag-jolly-roger","20":"product_tag-logo","21":"product_tag-manche-longue","22":"product_tag-manga","23":"product_tag-noir","24":"product_tag-one-piece","25":"product_tag-pas-chere","26":"product_tag-pull","27":"product_tag-sweat","28":"product_tag-trafalgar-d-water-law","30":"first","31":"instock","32":"purchasable","33":"product-type-variable"},"yoast_head":"<!-- This site is optimized with the Yoast SEO plugin v27.5 - https:\/\/yoast.com\/product\/yoast-seo-wordpress\/ -->\n<title>Pull \u00e0 Capuche One Piece Trafalgar Low | Boutique One Piece<\/title>\n<meta name=\"description\" content=\"Pull \u00e0 Capuche One Piece Logo Trafalgar D. Water Law de Tr\u00e8s Haute Qualit\u00e9 : Rejoins l&#039;\u00c9quipage du Heart, Porte ce sweat et Deviens le Nakama du Capitaine Law !\" \/>\n<meta name=\"robots\" content=\"index, follow, max-snippet:-1, max-image-preview:large, max-video-preview:-1\" \/>\n<link rel=\"canonical\" href=\"https:\/\/boutique-one-piece.com\/nb\/one-piece-klaer\/one-piece-gensere\/trafalgar-genser-med-lav-hette\/\" \/>\n<meta property=\"og:locale\" content=\"nb_NO\" \/>\n<meta property=\"og:type\" content=\"article\" \/>\n<meta property=\"og:title\" content=\"Pull \u00e0 Capuche One Piece Trafalgar Low | Boutique One Piece\" \/>\n<meta property=\"og:description\" content=\"Pull \u00e0 Capuche One Piece Logo Trafalgar D. Water Law de Tr\u00e8s Haute Qualit\u00e9 : Rejoins l&#039;\u00c9quipage du Heart, Porte ce sweat et Deviens le Nakama du Capitaine Law !\" \/>\n<meta property=\"og:url\" content=\"https:\/\/boutique-one-piece.com\/nb\/one-piece-klaer\/one-piece-gensere\/trafalgar-genser-med-lav-hette\/\" \/>\n<meta property=\"og:site_name\" content=\"Boutique One Piece\" \/>\n<meta property=\"article:modified_time\" content=\"2024-09-16T15:23:39+00:00\" \/>\n<meta property=\"og:image\" content=\"https:\/\/boutique-one-piece.com\/wp-content\/uploads\/2022\/09\/Pull-a-Capuche-One-Piece-Trafalgar-Low.jpg\" \/>\n\t<meta property=\"og:image:width\" content=\"600\" \/>\n\t<meta property=\"og:image:height\" content=\"600\" \/>\n\t<meta property=\"og:image:type\" content=\"image\/jpeg\" \/>\n<meta name=\"twitter:card\" content=\"summary_large_image\" \/>\n<meta name=\"twitter:label1\" content=\"Ansl. lesetid\" \/>\n\t<meta name=\"twitter:data1\" content=\"2 minutter\" \/>\n<script type=\"application\/ld+json\" class=\"yoast-schema-graph\">{\"@context\":\"https:\\\/\\\/schema.org\",\"@graph\":[{\"@type\":\"WebPage\",\"@id\":\"https:\\\/\\\/boutique-one-piece.com\\\/vetements-one-piece\\\/pulls-one-piece\\\/pull-a-capuche-one-piece-trafalgar-low\\\/\",\"url\":\"https:\\\/\\\/boutique-one-piece.com\\\/vetements-one-piece\\\/pulls-one-piece\\\/pull-a-capuche-one-piece-trafalgar-low\\\/\",\"name\":\"Pull \u00e0 Capuche One Piece Trafalgar Low | Boutique One Piece\",\"isPartOf\":{\"@id\":\"https:\\\/\\\/boutique-one-piece.com\\\/#website\"},\"primaryImageOfPage\":{\"@id\":\"https:\\\/\\\/boutique-one-piece.com\\\/vetements-one-piece\\\/pulls-one-piece\\\/pull-a-capuche-one-piece-trafalgar-low\\\/#primaryimage\"},\"image\":{\"@id\":\"https:\\\/\\\/boutique-one-piece.com\\\/vetements-one-piece\\\/pulls-one-piece\\\/pull-a-capuche-one-piece-trafalgar-low\\\/#primaryimage\"},\"thumbnailUrl\":\"https:\\\/\\\/boutique-one-piece.com\\\/wp-content\\\/uploads\\\/2022\\\/09\\\/Pull-a-Capuche-One-Piece-Trafalgar-Low.jpg\",\"datePublished\":\"2022-09-27T21:02:01+00:00\",\"dateModified\":\"2024-09-16T15:23:39+00:00\",\"description\":\"Pull \u00e0 Capuche One Piece Logo Trafalgar D. Water Law de Tr\u00e8s Haute Qualit\u00e9 : Rejoins l'\u00c9quipage du Heart, Porte ce sweat et Deviens le Nakama du Capitaine Law !\",\"breadcrumb\":{\"@id\":\"https:\\\/\\\/boutique-one-piece.com\\\/vetements-one-piece\\\/pulls-one-piece\\\/pull-a-capuche-one-piece-trafalgar-low\\\/#breadcrumb\"},\"inLanguage\":\"nb-NO\",\"potentialAction\":[{\"@type\":\"ReadAction\",\"target\":[\"https:\\\/\\\/boutique-one-piece.com\\\/vetements-one-piece\\\/pulls-one-piece\\\/pull-a-capuche-one-piece-trafalgar-low\\\/\"]}]},{\"@type\":\"ImageObject\",\"inLanguage\":\"nb-NO\",\"@id\":\"https:\\\/\\\/boutique-one-piece.com\\\/vetements-one-piece\\\/pulls-one-piece\\\/pull-a-capuche-one-piece-trafalgar-low\\\/#primaryimage\",\"url\":\"https:\\\/\\\/boutique-one-piece.com\\\/wp-content\\\/uploads\\\/2022\\\/09\\\/Pull-a-Capuche-One-Piece-Trafalgar-Low.jpg\",\"contentUrl\":\"https:\\\/\\\/boutique-one-piece.com\\\/wp-content\\\/uploads\\\/2022\\\/09\\\/Pull-a-Capuche-One-Piece-Trafalgar-Low.jpg\",\"width\":600,\"height\":600,\"caption\":\"Pull \u00e0 Capuche One Piece Trafalgar Low Noir xxl\"},{\"@type\":\"BreadcrumbList\",\"@id\":\"https:\\\/\\\/boutique-one-piece.com\\\/vetements-one-piece\\\/pulls-one-piece\\\/pull-a-capuche-one-piece-trafalgar-low\\\/#breadcrumb\",\"itemListElement\":[{\"@type\":\"ListItem\",\"position\":1,\"name\":\"Home\",\"item\":\"https:\\\/\\\/boutique-one-piece.com\\\/\"},{\"@type\":\"ListItem\",\"position\":2,\"name\":\"Shop\",\"item\":\"https:\\\/\\\/boutique-one-piece.com\\\/shop\\\/\"},{\"@type\":\"ListItem\",\"position\":3,\"name\":\"Pull \u00e0 Capuche One Piece Trafalgar Low\"}]},{\"@type\":\"WebSite\",\"@id\":\"https:\\\/\\\/boutique-one-piece.com\\\/#website\",\"url\":\"https:\\\/\\\/boutique-one-piece.com\\\/\",\"name\":\"Boutique One Piece\",\"description\":\"Magasin Sp\u00e9cialis\u00e9 du Manga et l&#039;Anime One Piece\",\"publisher\":{\"@id\":\"https:\\\/\\\/boutique-one-piece.com\\\/#organization\"},\"potentialAction\":[{\"@type\":\"SearchAction\",\"target\":{\"@type\":\"EntryPoint\",\"urlTemplate\":\"https:\\\/\\\/boutique-one-piece.com\\\/?s={search_term_string}\"},\"query-input\":{\"@type\":\"PropertyValueSpecification\",\"valueRequired\":true,\"valueName\":\"search_term_string\"}}],\"inLanguage\":\"nb-NO\"},{\"@type\":\"Organization\",\"@id\":\"https:\\\/\\\/boutique-one-piece.com\\\/#organization\",\"name\":\"Boutique One Piece\",\"url\":\"https:\\\/\\\/boutique-one-piece.com\\\/\",\"logo\":{\"@type\":\"ImageObject\",\"inLanguage\":\"nb-NO\",\"@id\":\"https:\\\/\\\/boutique-one-piece.com\\\/#\\\/schema\\\/logo\\\/image\\\/\",\"url\":\"https:\\\/\\\/boutique-one-piece.com\\\/wp-content\\\/uploads\\\/2022\\\/09\\\/Logo-01.png\",\"contentUrl\":\"https:\\\/\\\/boutique-one-piece.com\\\/wp-content\\\/uploads\\\/2022\\\/09\\\/Logo-01.png\",\"width\":2318,\"height\":957,\"caption\":\"Boutique One Piece\"},\"image\":{\"@id\":\"https:\\\/\\\/boutique-one-piece.com\\\/#\\\/schema\\\/logo\\\/image\\\/\"}}]}<\/script>\n<!-- \/ Yoast SEO plugin. -->","yoast_head_json":{"title":"One Piece Trafalgar Low Hettegenser | One Piece Shop","description":"One Piece Trafalgar D. Water Law Logo-hettegenser - H\u00f8y kvalitet: Bli med hjertepiratene, bruk denne hettegenseren og bli kaptein Laws Nakama!","robots":{"index":"index","follow":"follow","max-snippet":"max-snippet:-1","max-image-preview":"max-image-preview:large","max-video-preview":"max-video-preview:-1"},"canonical":"https:\/\/boutique-one-piece.com\/nb\/one-piece-klaer\/one-piece-gensere\/trafalgar-genser-med-lav-hette\/","og_locale":"nb_NO","og_type":"article","og_title":"Pull \u00e0 Capuche One Piece Trafalgar Low | Boutique One Piece","og_description":"Pull \u00e0 Capuche One Piece Logo Trafalgar D. Water Law de Tr\u00e8s Haute Qualit\u00e9 : Rejoins l'\u00c9quipage du Heart, Porte ce sweat et Deviens le Nakama du Capitaine Law !","og_url":"https:\/\/boutique-one-piece.com\/nb\/one-piece-klaer\/one-piece-gensere\/trafalgar-genser-med-lav-hette\/","og_site_name":"Boutique One Piece","article_modified_time":"2024-09-16T15:23:39+00:00","og_image":[{"width":600,"height":600,"url":"https:\/\/boutique-one-piece.com\/wp-content\/uploads\/2022\/09\/Pull-a-Capuche-One-Piece-Trafalgar-Low.jpg","type":"image\/jpeg"}],"twitter_card":"summary_large_image","twitter_misc":{"Ansl. lesetid":"2 minutter"},"schema":{"@context":"https:\/\/schema.org","@graph":[{"@type":"WebPage","@id":"https:\/\/boutique-one-piece.com\/vetements-one-piece\/pulls-one-piece\/pull-a-capuche-one-piece-trafalgar-low\/","url":"https:\/\/boutique-one-piece.com\/vetements-one-piece\/pulls-one-piece\/pull-a-capuche-one-piece-trafalgar-low\/","name":"One Piece Trafalgar Low Hettegenser | One Piece Shop","isPartOf":{"@id":"https:\/\/boutique-one-piece.com\/#website"},"primaryImageOfPage":{"@id":"https:\/\/boutique-one-piece.com\/vetements-one-piece\/pulls-one-piece\/pull-a-capuche-one-piece-trafalgar-low\/#primaryimage"},"image":{"@id":"https:\/\/boutique-one-piece.com\/vetements-one-piece\/pulls-one-piece\/pull-a-capuche-one-piece-trafalgar-low\/#primaryimage"},"thumbnailUrl":"https:\/\/boutique-one-piece.com\/wp-content\/uploads\/2022\/09\/Pull-a-Capuche-One-Piece-Trafalgar-Low.jpg","datePublished":"2022-09-27T21:02:01+00:00","dateModified":"2024-09-16T15:23:39+00:00","description":"One Piece Trafalgar D. Water Law Logo-hettegenser - H\u00f8y kvalitet: Bli med hjertepiratene, bruk denne hettegenseren og bli kaptein Laws Nakama!","breadcrumb":{"@id":"https:\/\/boutique-one-piece.com\/vetements-one-piece\/pulls-one-piece\/pull-a-capuche-one-piece-trafalgar-low\/#breadcrumb"},"inLanguage":"nb-NO","potentialAction":[{"@type":"ReadAction","target":["https:\/\/boutique-one-piece.com\/vetements-one-piece\/pulls-one-piece\/pull-a-capuche-one-piece-trafalgar-low\/"]}]},{"@type":"ImageObject","inLanguage":"nb-NO","@id":"https:\/\/boutique-one-piece.com\/vetements-one-piece\/pulls-one-piece\/pull-a-capuche-one-piece-trafalgar-low\/#primaryimage","url":"https:\/\/boutique-one-piece.com\/wp-content\/uploads\/2022\/09\/Pull-a-Capuche-One-Piece-Trafalgar-Low.jpg","contentUrl":"https:\/\/boutique-one-piece.com\/wp-content\/uploads\/2022\/09\/Pull-a-Capuche-One-Piece-Trafalgar-Low.jpg","width":600,"height":600,"caption":"Pull \u00e0 Capuche One Piece Trafalgar Low Noir xxl"},{"@type":"BreadcrumbList","@id":"https:\/\/boutique-one-piece.com\/vetements-one-piece\/pulls-one-piece\/pull-a-capuche-one-piece-trafalgar-low\/#breadcrumb","itemListElement":[{"@type":"ListItem","position":1,"name":"Home","item":"https:\/\/boutique-one-piece.com\/"},{"@type":"ListItem","position":2,"name":"Shop","item":"https:\/\/boutique-one-piece.com\/shop\/"},{"@type":"ListItem","position":3,"name":"Pull \u00e0 Capuche One Piece Trafalgar Low"}]},{"@type":"WebSite","@id":"https:\/\/boutique-one-piece.com\/#website","url":"https:\/\/boutique-one-piece.com\/","name":"One Piece-butikk","description":"Spesialbutikk for One Piece Manga og Anime","publisher":{"@id":"https:\/\/boutique-one-piece.com\/#organization"},"potentialAction":[{"@type":"SearchAction","target":{"@type":"EntryPoint","urlTemplate":"https:\/\/boutique-one-piece.com\/?s={search_term_string}"},"query-input":{"@type":"PropertyValueSpecification","valueRequired":true,"valueName":"search_term_string"}}],"inLanguage":"nb-NO"},{"@type":"Organization","@id":"https:\/\/boutique-one-piece.com\/#organization","name":"One Piece-butikk","url":"https:\/\/boutique-one-piece.com\/","logo":{"@type":"ImageObject","inLanguage":"nb-NO","@id":"https:\/\/boutique-one-piece.com\/#\/schema\/logo\/image\/","url":"https:\/\/boutique-one-piece.com\/wp-content\/uploads\/2022\/09\/Logo-01.png","contentUrl":"https:\/\/boutique-one-piece.com\/wp-content\/uploads\/2022\/09\/Logo-01.png","width":2318,"height":957,"caption":"Boutique One Piece"},"image":{"@id":"https:\/\/boutique-one-piece.com\/#\/schema\/logo\/image\/"}}]}},"_links":{"self":[{"href":"https:\/\/boutique-one-piece.com\/nb\/wp-json\/wp\/v2\/product\/13291","targetHints":{"allow":["GET"]}}],"collection":[{"href":"https:\/\/boutique-one-piece.com\/nb\/wp-json\/wp\/v2\/product"}],"about":[{"href":"https:\/\/boutique-one-piece.com\/nb\/wp-json\/wp\/v2\/types\/product"}],"replies":[{"embeddable":true,"href":"https:\/\/boutique-one-piece.com\/nb\/wp-json\/wp\/v2\/comments?post=13291"}],"wp:featuredmedia":[{"embeddable":true,"href":"https:\/\/boutique-one-piece.com\/nb\/wp-json\/wp\/v2\/media\/13293"}],"wp:attachment":[{"href":"https:\/\/boutique-one-piece.com\/nb\/wp-json\/wp\/v2\/media?parent=13291"}],"wp:term":[{"taxonomy":"product_brand","embeddable":true,"href":"https:\/\/boutique-one-piece.com\/nb\/wp-json\/wp\/v2\/product_brand?post=13291"},{"taxonomy":"product_cat","embeddable":true,"href":"https:\/\/boutique-one-piece.com\/nb\/wp-json\/wp\/v2\/product_cat?post=13291"},{"taxonomy":"product_tag","embeddable":true,"href":"https:\/\/boutique-one-piece.com\/nb\/wp-json\/wp\/v2\/product_tag?post=13291"}],"curies":[{"name":"wp","href":"https:\/\/api.w.org\/{rel}","templated":true}]}}