{"id":13366,"date":"2022-09-27T21:02:43","date_gmt":"2022-09-27T21:02:43","guid":{"rendered":"https:\/\/boutique-one-piece.com\/uncategorized\/figurine-one-piece-zoro-roronoa-film-z-edition\/"},"modified":"2024-09-16T13:15:13","modified_gmt":"2024-09-16T13:15:13","slug":"figur-i-ett-stykke-zoro-roronoa-film-z-edition","status":"publish","type":"product","link":"https:\/\/boutique-one-piece.com\/nb\/one-piece-godbiter\/roronoa-zoro-godbiter-i-ett-stykke\/figur-i-ett-stykke-zoro-roronoa-film-z-edition\/","title":{"rendered":"One Piece Zoro Roronoa Filmen Z-utgavefigur"},"content":{"rendered":"<h2>Unge pirat, tiden er inne for at du skal skaffe deg denne One Piece Zoro Roronoa Movie Z-utgaven-figuren.<\/h2>\n<p>Som en p\u00e5minnelse, <strong>One Piece: Z<\/strong> er en film regissert fra 2012 av Tatsuya Nagamine. I denne filmen m\u00e5 Luffy og mannskapet hans m\u00f8te <strong>en tidligere admiral av marinen<\/strong> ved navn Z, som \u00f8nsker \u00e5 eliminere alle pirater i den nye verden ved hjelp av steiner kalt Dyna Rocks, hvis destruktive kraft kan konkurrere med de gamle v\u00e5pnene. N\u00e5r det gjelder <strong>Zoro<\/strong>, Du er ikke uvitende om dette.<b> <\/b>at han er en karakter fra One Piece.<\/p>\n<p>Dette er en <strong>sverdmann<\/strong> hvis ambisjon er \u00e5 bli verdens beste sverdmann, og begir seg ut p\u00e5 Grand Line p\u00e5 jakt etter One Piece sammen med kapteinen og mannskapet. Hvis du \u00f8nsker \u00e5 utvide figursamlingen din, er <a title=\"ONE PIECE SANJI FILM Z-FIGUR\" href=\"https:\/\/boutique-one-piece.com\/nb\/one-piece-sanji-filmen-z-figur\/\" target=\"_blank\" rel=\"noopener\">Sanji-figur fra filmen Z<\/a> er innen rekkevidde.<\/p>\n<h3>S\u00e5, er du fascinert av Zoro Roronoa-figuren fra filmen Z? Bli med ham p\u00e5 dette spennende eventyret.<\/h3>\n<p>Enten du er en ihuga fan eller en erfaren samler, er disse legendariske gjenstandene definitivt noe for deg. S\u00e5 ikke n\u00f8l lenger og grip muligheten til \u00e5 utvide samlingen din.<strong> ditt One Piece-univers<\/strong>. Din skjebne ligger n\u00e5 i dine hender, unge pirat. G\u00e5 om bord p\u00e5 Thousand Sunny og bli medlem av mannskapet p\u00e5 <strong>Kaptein Ape D. Luffy<\/strong>.<\/p>\n<h2>Informasjon om Zoro Roronoa-filmen Z-utgavefigur\u00a0<\/h2>\n<ul>\n<li><span><b><u>One Piece-figur<\/u><\/b>\u00a0Premium One Piece-figur for ekte pirater<\/span><\/li>\n<\/ul>\n<ul>\n<li>\n<b>Materie<\/b><span>\u00a0<\/span>PVC<\/li>\n<\/ul>\n<ul>\n<li><span><strong>Dimensjon<\/strong>\u00a0: 23 cm<\/span><\/li>\n<\/ul>\n<ul>\n<li><span><strong>GRATIS LEVERING<\/strong><\/span><\/li>\n<\/ul>","protected":false},"excerpt":{"rendered":"<p>Jeune pirate, le moment est venu pour toi de te procurer cette Figurine One Piece Zoro Roronoa Film Z \u00c9dition. Pour rappel, One Piece : Z est un film r\u00e9alis\u00e9 en 2012 par Tatsuya Nagamine. Dans ce film, Luffy et son \u00e9quipage vont devoir affronter un ancien amiral de la Marine baptis\u00e9 Z qui veut [&hellip;]<\/p>","protected":false},"featured_media":13368,"comment_status":"open","ping_status":"open","template":"","meta":[],"product_brand":[],"product_cat":[76,162,151],"product_tag":[113],"class_list":{"0":"post-13366","1":"product","2":"type-product","3":"status-publish","4":"has-post-thumbnail","6":"product_cat-figurines-one-piece","7":"product_cat-figurines-roronoa-zoro","8":"product_cat-goodies-roronoa-zoro-one-piece","9":"product_tag-zoro","11":"first","12":"instock","13":"purchasable","14":"product-type-simple"},"yoast_head":"<!-- This site is optimized with the Yoast SEO plugin v27.5 - https:\/\/yoast.com\/product\/yoast-seo-wordpress\/ -->\n<title>Figurine One Piece Zoro Roronoa Film Z \u00c9dition | Figurine One Piece \u2013 Boutique One Piece<\/title>\n<meta name=\"description\" content=\"Jeune pirate, le moment est venu pour toi de te procurer cette Figurine One Piece Zoro Roronoa Film Z \u00c9dition. Pour rappel, One Piece : Z est un film r\u00e9alis\u00e9 en 2012 par Tatsuya Nagamine. Dans ce film, Luffy et son \u00e9quipage vont devoir affronter un ancien amiral de la Marine baptis\u00e9 Z qui veut \u00e9liminer tous les pirates\" \/>\n<meta name=\"robots\" content=\"index, follow, max-snippet:-1, max-image-preview:large, max-video-preview:-1\" \/>\n<link rel=\"canonical\" href=\"https:\/\/boutique-one-piece.com\/nb\/one-piece-figurer-2\/roronoa-zoro-figurer\/figur-i-ett-stykke-zoro-roronoa-film-z-edition\/\" \/>\n<meta property=\"og:locale\" content=\"nb_NO\" \/>\n<meta property=\"og:type\" content=\"article\" \/>\n<meta property=\"og:title\" content=\"Figurine One Piece Zoro Roronoa Film Z \u00c9dition | Figurine One Piece \u2013 Boutique One Piece\" \/>\n<meta property=\"og:description\" content=\"Jeune pirate, le moment est venu pour toi de te procurer cette Figurine One Piece Zoro Roronoa Film Z \u00c9dition. Pour rappel, One Piece : Z est un film r\u00e9alis\u00e9 en 2012 par Tatsuya Nagamine. Dans ce film, Luffy et son \u00e9quipage vont devoir affronter un ancien amiral de la Marine baptis\u00e9 Z qui veut \u00e9liminer tous les pirates\" \/>\n<meta property=\"og:url\" content=\"https:\/\/boutique-one-piece.com\/nb\/one-piece-figurer-2\/roronoa-zoro-figurer\/figur-i-ett-stykke-zoro-roronoa-film-z-edition\/\" \/>\n<meta property=\"og:site_name\" content=\"Boutique One Piece\" \/>\n<meta property=\"article:modified_time\" content=\"2024-09-16T13:15:13+00:00\" \/>\n<meta property=\"og:image\" content=\"https:\/\/boutique-one-piece.com\/wp-content\/uploads\/2022\/09\/Figurine-One-Piece-Zoro-Roronoa-Film-Z-Edition.jpg\" \/>\n\t<meta property=\"og:image:width\" content=\"400\" \/>\n\t<meta property=\"og:image:height\" content=\"400\" \/>\n\t<meta property=\"og:image:type\" content=\"image\/jpeg\" \/>\n<meta name=\"twitter:card\" content=\"summary_large_image\" \/>\n<meta name=\"twitter:label1\" content=\"Ansl. lesetid\" \/>\n\t<meta name=\"twitter:data1\" content=\"1 minutt\" \/>\n<script type=\"application\/ld+json\" class=\"yoast-schema-graph\">{\"@context\":\"https:\\\/\\\/schema.org\",\"@graph\":[{\"@type\":\"WebPage\",\"@id\":\"https:\\\/\\\/boutique-one-piece.com\\\/figurines-one-piece\\\/figurines-roronoa-zoro\\\/figurine-one-piece-zoro-roronoa-film-z-edition\\\/\",\"url\":\"https:\\\/\\\/boutique-one-piece.com\\\/figurines-one-piece\\\/figurines-roronoa-zoro\\\/figurine-one-piece-zoro-roronoa-film-z-edition\\\/\",\"name\":\"Figurine One Piece Zoro Roronoa Film Z \u00c9dition | Figurine One Piece \u2013 Boutique One Piece\",\"isPartOf\":{\"@id\":\"https:\\\/\\\/boutique-one-piece.com\\\/#website\"},\"primaryImageOfPage\":{\"@id\":\"https:\\\/\\\/boutique-one-piece.com\\\/figurines-one-piece\\\/figurines-roronoa-zoro\\\/figurine-one-piece-zoro-roronoa-film-z-edition\\\/#primaryimage\"},\"image\":{\"@id\":\"https:\\\/\\\/boutique-one-piece.com\\\/figurines-one-piece\\\/figurines-roronoa-zoro\\\/figurine-one-piece-zoro-roronoa-film-z-edition\\\/#primaryimage\"},\"thumbnailUrl\":\"https:\\\/\\\/boutique-one-piece.com\\\/wp-content\\\/uploads\\\/2022\\\/09\\\/Figurine-One-Piece-Zoro-Roronoa-Film-Z-Edition.jpg\",\"datePublished\":\"2022-09-27T21:02:43+00:00\",\"dateModified\":\"2024-09-16T13:15:13+00:00\",\"description\":\"Jeune pirate, le moment est venu pour toi de te procurer cette Figurine One Piece Zoro Roronoa Film Z \u00c9dition. Pour rappel, One Piece : Z est un film r\u00e9alis\u00e9 en 2012 par Tatsuya Nagamine. Dans ce film, Luffy et son \u00e9quipage vont devoir affronter un ancien amiral de la Marine baptis\u00e9 Z qui veut \u00e9liminer tous les pirates\",\"breadcrumb\":{\"@id\":\"https:\\\/\\\/boutique-one-piece.com\\\/figurines-one-piece\\\/figurines-roronoa-zoro\\\/figurine-one-piece-zoro-roronoa-film-z-edition\\\/#breadcrumb\"},\"inLanguage\":\"nb-NO\",\"potentialAction\":[{\"@type\":\"ReadAction\",\"target\":[\"https:\\\/\\\/boutique-one-piece.com\\\/figurines-one-piece\\\/figurines-roronoa-zoro\\\/figurine-one-piece-zoro-roronoa-film-z-edition\\\/\"]}]},{\"@type\":\"ImageObject\",\"inLanguage\":\"nb-NO\",\"@id\":\"https:\\\/\\\/boutique-one-piece.com\\\/figurines-one-piece\\\/figurines-roronoa-zoro\\\/figurine-one-piece-zoro-roronoa-film-z-edition\\\/#primaryimage\",\"url\":\"https:\\\/\\\/boutique-one-piece.com\\\/wp-content\\\/uploads\\\/2022\\\/09\\\/Figurine-One-Piece-Zoro-Roronoa-Film-Z-Edition.jpg\",\"contentUrl\":\"https:\\\/\\\/boutique-one-piece.com\\\/wp-content\\\/uploads\\\/2022\\\/09\\\/Figurine-One-Piece-Zoro-Roronoa-Film-Z-Edition.jpg\",\"width\":400,\"height\":400,\"caption\":\"Figurine One Piece Zoro Roronoa Film Z \u00c9dition Default Title\"},{\"@type\":\"BreadcrumbList\",\"@id\":\"https:\\\/\\\/boutique-one-piece.com\\\/figurines-one-piece\\\/figurines-roronoa-zoro\\\/figurine-one-piece-zoro-roronoa-film-z-edition\\\/#breadcrumb\",\"itemListElement\":[{\"@type\":\"ListItem\",\"position\":1,\"name\":\"Home\",\"item\":\"https:\\\/\\\/boutique-one-piece.com\\\/\"},{\"@type\":\"ListItem\",\"position\":2,\"name\":\"Shop\",\"item\":\"https:\\\/\\\/boutique-one-piece.com\\\/shop\\\/\"},{\"@type\":\"ListItem\",\"position\":3,\"name\":\"Figurine One Piece Zoro Roronoa Film Z \u00c9dition\"}]},{\"@type\":\"WebSite\",\"@id\":\"https:\\\/\\\/boutique-one-piece.com\\\/#website\",\"url\":\"https:\\\/\\\/boutique-one-piece.com\\\/\",\"name\":\"Boutique One Piece\",\"description\":\"Magasin Sp\u00e9cialis\u00e9 du Manga et l&#039;Anime One Piece\",\"publisher\":{\"@id\":\"https:\\\/\\\/boutique-one-piece.com\\\/#organization\"},\"potentialAction\":[{\"@type\":\"SearchAction\",\"target\":{\"@type\":\"EntryPoint\",\"urlTemplate\":\"https:\\\/\\\/boutique-one-piece.com\\\/?s={search_term_string}\"},\"query-input\":{\"@type\":\"PropertyValueSpecification\",\"valueRequired\":true,\"valueName\":\"search_term_string\"}}],\"inLanguage\":\"nb-NO\"},{\"@type\":\"Organization\",\"@id\":\"https:\\\/\\\/boutique-one-piece.com\\\/#organization\",\"name\":\"Boutique One Piece\",\"url\":\"https:\\\/\\\/boutique-one-piece.com\\\/\",\"logo\":{\"@type\":\"ImageObject\",\"inLanguage\":\"nb-NO\",\"@id\":\"https:\\\/\\\/boutique-one-piece.com\\\/#\\\/schema\\\/logo\\\/image\\\/\",\"url\":\"https:\\\/\\\/boutique-one-piece.com\\\/wp-content\\\/uploads\\\/2022\\\/09\\\/Logo-01.png\",\"contentUrl\":\"https:\\\/\\\/boutique-one-piece.com\\\/wp-content\\\/uploads\\\/2022\\\/09\\\/Logo-01.png\",\"width\":2318,\"height\":957,\"caption\":\"Boutique One Piece\"},\"image\":{\"@id\":\"https:\\\/\\\/boutique-one-piece.com\\\/#\\\/schema\\\/logo\\\/image\\\/\"}}]}<\/script>\n<!-- \/ Yoast SEO plugin. -->","yoast_head_json":{"title":"One Piece Zoro Roronoa Filmen Z-utgavefigur | One Piece-figur \u2013 One Piece-butikk","description":"Unge pirat, tiden er inne for at du skal f\u00e5 tak i denne One Piece Zoro Roronoa Movie Z Edition-figuren. Som en p\u00e5minnelse er One Piece: Z en film fra 2012 regissert av Tatsuya Nagamine. I denne filmen m\u00e5 Luffy og mannskapet hans konfrontere en tidligere marineadmiral ved navn Z som vil eliminere alle pirater.","robots":{"index":"index","follow":"follow","max-snippet":"max-snippet:-1","max-image-preview":"max-image-preview:large","max-video-preview":"max-video-preview:-1"},"canonical":"https:\/\/boutique-one-piece.com\/nb\/one-piece-figurer-2\/roronoa-zoro-figurer\/figur-i-ett-stykke-zoro-roronoa-film-z-edition\/","og_locale":"nb_NO","og_type":"article","og_title":"Figurine One Piece Zoro Roronoa Film Z \u00c9dition | Figurine One Piece \u2013 Boutique One Piece","og_description":"Jeune pirate, le moment est venu pour toi de te procurer cette Figurine One Piece Zoro Roronoa Film Z \u00c9dition. Pour rappel, One Piece : Z est un film r\u00e9alis\u00e9 en 2012 par Tatsuya Nagamine. Dans ce film, Luffy et son \u00e9quipage vont devoir affronter un ancien amiral de la Marine baptis\u00e9 Z qui veut \u00e9liminer tous les pirates","og_url":"https:\/\/boutique-one-piece.com\/nb\/one-piece-figurer-2\/roronoa-zoro-figurer\/figur-i-ett-stykke-zoro-roronoa-film-z-edition\/","og_site_name":"Boutique One Piece","article_modified_time":"2024-09-16T13:15:13+00:00","og_image":[{"width":400,"height":400,"url":"https:\/\/boutique-one-piece.com\/wp-content\/uploads\/2022\/09\/Figurine-One-Piece-Zoro-Roronoa-Film-Z-Edition.jpg","type":"image\/jpeg"}],"twitter_card":"summary_large_image","twitter_misc":{"Ansl. lesetid":"1 minutt"},"schema":{"@context":"https:\/\/schema.org","@graph":[{"@type":"WebPage","@id":"https:\/\/boutique-one-piece.com\/figurines-one-piece\/figurines-roronoa-zoro\/figurine-one-piece-zoro-roronoa-film-z-edition\/","url":"https:\/\/boutique-one-piece.com\/figurines-one-piece\/figurines-roronoa-zoro\/figurine-one-piece-zoro-roronoa-film-z-edition\/","name":"One Piece Zoro Roronoa Filmen Z-utgavefigur | One Piece-figur \u2013 One Piece-butikk","isPartOf":{"@id":"https:\/\/boutique-one-piece.com\/#website"},"primaryImageOfPage":{"@id":"https:\/\/boutique-one-piece.com\/figurines-one-piece\/figurines-roronoa-zoro\/figurine-one-piece-zoro-roronoa-film-z-edition\/#primaryimage"},"image":{"@id":"https:\/\/boutique-one-piece.com\/figurines-one-piece\/figurines-roronoa-zoro\/figurine-one-piece-zoro-roronoa-film-z-edition\/#primaryimage"},"thumbnailUrl":"https:\/\/boutique-one-piece.com\/wp-content\/uploads\/2022\/09\/Figurine-One-Piece-Zoro-Roronoa-Film-Z-Edition.jpg","datePublished":"2022-09-27T21:02:43+00:00","dateModified":"2024-09-16T13:15:13+00:00","description":"Unge pirat, tiden er inne for at du skal f\u00e5 tak i denne One Piece Zoro Roronoa Movie Z Edition-figuren. Som en p\u00e5minnelse er One Piece: Z en film fra 2012 regissert av Tatsuya Nagamine. I denne filmen m\u00e5 Luffy og mannskapet hans konfrontere en tidligere marineadmiral ved navn Z som vil eliminere alle pirater.","breadcrumb":{"@id":"https:\/\/boutique-one-piece.com\/figurines-one-piece\/figurines-roronoa-zoro\/figurine-one-piece-zoro-roronoa-film-z-edition\/#breadcrumb"},"inLanguage":"nb-NO","potentialAction":[{"@type":"ReadAction","target":["https:\/\/boutique-one-piece.com\/figurines-one-piece\/figurines-roronoa-zoro\/figurine-one-piece-zoro-roronoa-film-z-edition\/"]}]},{"@type":"ImageObject","inLanguage":"nb-NO","@id":"https:\/\/boutique-one-piece.com\/figurines-one-piece\/figurines-roronoa-zoro\/figurine-one-piece-zoro-roronoa-film-z-edition\/#primaryimage","url":"https:\/\/boutique-one-piece.com\/wp-content\/uploads\/2022\/09\/Figurine-One-Piece-Zoro-Roronoa-Film-Z-Edition.jpg","contentUrl":"https:\/\/boutique-one-piece.com\/wp-content\/uploads\/2022\/09\/Figurine-One-Piece-Zoro-Roronoa-Film-Z-Edition.jpg","width":400,"height":400,"caption":"Figurine One Piece Zoro Roronoa Film Z \u00c9dition Default Title"},{"@type":"BreadcrumbList","@id":"https:\/\/boutique-one-piece.com\/figurines-one-piece\/figurines-roronoa-zoro\/figurine-one-piece-zoro-roronoa-film-z-edition\/#breadcrumb","itemListElement":[{"@type":"ListItem","position":1,"name":"Home","item":"https:\/\/boutique-one-piece.com\/"},{"@type":"ListItem","position":2,"name":"Shop","item":"https:\/\/boutique-one-piece.com\/shop\/"},{"@type":"ListItem","position":3,"name":"Figurine One Piece Zoro Roronoa Film Z \u00c9dition"}]},{"@type":"WebSite","@id":"https:\/\/boutique-one-piece.com\/#website","url":"https:\/\/boutique-one-piece.com\/","name":"One Piece-butikk","description":"Spesialbutikk for One Piece Manga og Anime","publisher":{"@id":"https:\/\/boutique-one-piece.com\/#organization"},"potentialAction":[{"@type":"SearchAction","target":{"@type":"EntryPoint","urlTemplate":"https:\/\/boutique-one-piece.com\/?s={search_term_string}"},"query-input":{"@type":"PropertyValueSpecification","valueRequired":true,"valueName":"search_term_string"}}],"inLanguage":"nb-NO"},{"@type":"Organization","@id":"https:\/\/boutique-one-piece.com\/#organization","name":"One Piece-butikk","url":"https:\/\/boutique-one-piece.com\/","logo":{"@type":"ImageObject","inLanguage":"nb-NO","@id":"https:\/\/boutique-one-piece.com\/#\/schema\/logo\/image\/","url":"https:\/\/boutique-one-piece.com\/wp-content\/uploads\/2022\/09\/Logo-01.png","contentUrl":"https:\/\/boutique-one-piece.com\/wp-content\/uploads\/2022\/09\/Logo-01.png","width":2318,"height":957,"caption":"Boutique One Piece"},"image":{"@id":"https:\/\/boutique-one-piece.com\/#\/schema\/logo\/image\/"}}]}},"_links":{"self":[{"href":"https:\/\/boutique-one-piece.com\/nb\/wp-json\/wp\/v2\/product\/13366","targetHints":{"allow":["GET"]}}],"collection":[{"href":"https:\/\/boutique-one-piece.com\/nb\/wp-json\/wp\/v2\/product"}],"about":[{"href":"https:\/\/boutique-one-piece.com\/nb\/wp-json\/wp\/v2\/types\/product"}],"replies":[{"embeddable":true,"href":"https:\/\/boutique-one-piece.com\/nb\/wp-json\/wp\/v2\/comments?post=13366"}],"wp:featuredmedia":[{"embeddable":true,"href":"https:\/\/boutique-one-piece.com\/nb\/wp-json\/wp\/v2\/media\/13368"}],"wp:attachment":[{"href":"https:\/\/boutique-one-piece.com\/nb\/wp-json\/wp\/v2\/media?parent=13366"}],"wp:term":[{"taxonomy":"product_brand","embeddable":true,"href":"https:\/\/boutique-one-piece.com\/nb\/wp-json\/wp\/v2\/product_brand?post=13366"},{"taxonomy":"product_cat","embeddable":true,"href":"https:\/\/boutique-one-piece.com\/nb\/wp-json\/wp\/v2\/product_cat?post=13366"},{"taxonomy":"product_tag","embeddable":true,"href":"https:\/\/boutique-one-piece.com\/nb\/wp-json\/wp\/v2\/product_tag?post=13366"}],"curies":[{"name":"wp","href":"https:\/\/api.w.org\/{rel}","templated":true}]}}