{"id":13477,"date":"2022-09-27T21:20:34","date_gmt":"2022-09-27T21:20:34","guid":{"rendered":"https:\/\/boutique-one-piece.com\/uncategorized\/figurine-one-piece-sanji-la-jambe-noire\/"},"modified":"2024-09-16T13:17:10","modified_gmt":"2024-09-16T13:17:10","slug":"one-piece-sanji-black-leg-figur","status":"publish","type":"product","link":"https:\/\/boutique-one-piece.com\/nb\/one-piece-godbiter\/godbiter-vinsmoke-sanji-ett-stykke\/one-piece-sanji-black-leg-figur\/","title":{"rendered":"One Piece Sanji Black Leg-figur"},"content":{"rendered":"<h2>Unge pirat, tiden er inne for at du skal f\u00e5 tak i denne One Piece Sanji Black Leg-figuren.<\/h2>\n<p>Sanji, f\u00f8dt Vinsmoke Sanji f\u00f8r han ga avkall p\u00e5 etternavnet sitt, har kallenavnet <strong>Sanji det svarte beinet<\/strong>. Det er ogs\u00e5<strong> kokken<\/strong> av Straw Hat Crew. Han er arvingen til en kampsport med den s\u00e6regenheten at den bare bruker beina, som Zeff antar er skaperen av.<\/p>\n<p>N\u00e5r vi snakker om Zeff, b\u00f8r du vite at han er en tidligere pirat kjent som Red-Leg Zeff. Han er ogs\u00e5 kokk p\u00e5 restaurantskipet Baratie. Han er ogs\u00e5 Sanjis mentor og ser ut til \u00e5 ha l\u00e6rt ham teknikkene hans. Forresten, hvis du er en fan av denne duoen, <a title=\"ONE PIECE ZEFF OG SANJI-FIGUR\" href=\"https:\/\/boutique-one-piece.com\/nb\/one-piece-zeff-og-sanji-figur\/\" target=\"_blank\" rel=\"noopener\">Sanji og Zelf-figur<\/a> er innen rekkevidde.<\/p>\n<h3>S\u00e5, er du fascinert av Sanji-figuren? I s\u00e5 fall, ikke n\u00f8l lenger og grip denne muligheten til \u00e5 l\u00e6re denne spesielle kampsporten sammen med ham.<\/h3>\n<p>Unge pirat, tiden er inne for deg \u00e5 legge ut p\u00e5 Thousand Sunny og legge ut p\u00e5 leting etter <strong>One Piece-skatten<\/strong> For \u00e5 gj\u00f8re det, f\u00e5 tak i disse legendariske gjenstandene n\u00e5. Perfekt til \u00e5 gi bort i gave, pynte opp eller samle p\u00e5, disse gjenstandene vil utvide One Piece-universet ditt. Ta skjebnen i egne hender. <strong>ung pirat,<\/strong> Mange eventyr venter deg!<\/p>\n<h2>Informasjon om Sanji Black Leg-figuren\u00a0<\/h2>\n<ul>\n<li><span><b><u>One Piece-figur<\/u><\/b>\u00a0Premium One Piece-figur for ekte pirater<\/span><\/li>\n<\/ul>\n<ul>\n<li>\n<b>Materie<\/b><span>\u00a0<\/span>PVC<\/li>\n<\/ul>\n<ul>\n<li><span><strong>Dimensjon<\/strong>\u00a0: 16 cm<\/span><\/li>\n<\/ul>\n<ul>\n<li><span><strong>GRATIS LEVERING<\/strong><\/span><\/li>\n<\/ul>","protected":false},"excerpt":{"rendered":"<p>Jeune pirate, le moment est venu pour toi de te procurer cette Figurine One Piece Sanji la Jambe Noire. Sanji, n\u00e9 Vinsmoke Sanji avant de renoncer \u00e0 son nom de famille, est surnomm\u00e9 Sanji la Jambe Noire. C&rsquo;est aussi le cuisinier de l&rsquo;\u00c9quipage de Chapeau de Paille. Il est l&rsquo;h\u00e9ritier d&rsquo;un art martial pr\u00e9sentant la [&hellip;]<\/p>","protected":false},"featured_media":13479,"comment_status":"open","ping_status":"open","template":"","meta":[],"product_brand":[],"product_cat":[76,275,164],"product_tag":[112],"class_list":{"0":"post-13477","1":"product","2":"type-product","3":"status-publish","4":"has-post-thumbnail","6":"product_cat-figurines-one-piece","7":"product_cat-figurines-vinsmoke-sanji","8":"product_cat-goodies-vinsmoke-sanji-one-piece","9":"product_tag-sanji","11":"first","12":"instock","13":"purchasable","14":"product-type-simple"},"yoast_head":"<!-- This site is optimized with the Yoast SEO plugin v27.5 - https:\/\/yoast.com\/product\/yoast-seo-wordpress\/ -->\n<title>Figurine One Piece Sanji la Jambe Noire | Figurine One Piece \u2013 Boutique One Piece<\/title>\n<meta name=\"description\" content=\"Jeune pirate, le moment est venu pour toi de te procurer cette Figurine One Piece Sanji la Jambe Noire. Sanji, n\u00e9 Vinsmoke Sanji avant de renoncer \u00e0 son nom de famille, est surnomm\u00e9 Sanji la Jambe Noire. C&#039;est aussi le cuisinier de l&#039;\u00c9quipage de Chapeau de Paille. Il est l&#039;h\u00e9ritier d&#039;un art martial pr\u00e9sentant la partic\" \/>\n<meta name=\"robots\" content=\"index, follow, max-snippet:-1, max-image-preview:large, max-video-preview:-1\" \/>\n<link rel=\"canonical\" href=\"https:\/\/boutique-one-piece.com\/nb\/one-piece-figurer-2\/vinsmoke-sanji-figurer\/one-piece-sanji-black-leg-figur\/\" \/>\n<meta property=\"og:locale\" content=\"nb_NO\" \/>\n<meta property=\"og:type\" content=\"article\" \/>\n<meta property=\"og:title\" content=\"Figurine One Piece Sanji la Jambe Noire | Figurine One Piece \u2013 Boutique One Piece\" \/>\n<meta property=\"og:description\" content=\"Jeune pirate, le moment est venu pour toi de te procurer cette Figurine One Piece Sanji la Jambe Noire. Sanji, n\u00e9 Vinsmoke Sanji avant de renoncer \u00e0 son nom de famille, est surnomm\u00e9 Sanji la Jambe Noire. C&#039;est aussi le cuisinier de l&#039;\u00c9quipage de Chapeau de Paille. Il est l&#039;h\u00e9ritier d&#039;un art martial pr\u00e9sentant la partic\" \/>\n<meta property=\"og:url\" content=\"https:\/\/boutique-one-piece.com\/nb\/one-piece-figurer-2\/vinsmoke-sanji-figurer\/one-piece-sanji-black-leg-figur\/\" \/>\n<meta property=\"og:site_name\" content=\"Boutique One Piece\" \/>\n<meta property=\"article:modified_time\" content=\"2024-09-16T13:17:10+00:00\" \/>\n<meta property=\"og:image\" content=\"https:\/\/boutique-one-piece.com\/wp-content\/uploads\/2022\/09\/Figurine-One-Piece-Sanji-la-Jambe-Noire-1.jpg\" \/>\n\t<meta property=\"og:image:width\" content=\"800\" \/>\n\t<meta property=\"og:image:height\" content=\"800\" \/>\n\t<meta property=\"og:image:type\" content=\"image\/jpeg\" \/>\n<meta name=\"twitter:card\" content=\"summary_large_image\" \/>\n<meta name=\"twitter:label1\" content=\"Ansl. lesetid\" \/>\n\t<meta name=\"twitter:data1\" content=\"1 minutt\" \/>\n<script type=\"application\/ld+json\" class=\"yoast-schema-graph\">{\"@context\":\"https:\\\/\\\/schema.org\",\"@graph\":[{\"@type\":\"WebPage\",\"@id\":\"https:\\\/\\\/boutique-one-piece.com\\\/figurines-one-piece\\\/figurines-vinsmoke-sanji\\\/figurine-one-piece-sanji-la-jambe-noire\\\/\",\"url\":\"https:\\\/\\\/boutique-one-piece.com\\\/figurines-one-piece\\\/figurines-vinsmoke-sanji\\\/figurine-one-piece-sanji-la-jambe-noire\\\/\",\"name\":\"Figurine One Piece Sanji la Jambe Noire | Figurine One Piece \u2013 Boutique One Piece\",\"isPartOf\":{\"@id\":\"https:\\\/\\\/boutique-one-piece.com\\\/#website\"},\"primaryImageOfPage\":{\"@id\":\"https:\\\/\\\/boutique-one-piece.com\\\/figurines-one-piece\\\/figurines-vinsmoke-sanji\\\/figurine-one-piece-sanji-la-jambe-noire\\\/#primaryimage\"},\"image\":{\"@id\":\"https:\\\/\\\/boutique-one-piece.com\\\/figurines-one-piece\\\/figurines-vinsmoke-sanji\\\/figurine-one-piece-sanji-la-jambe-noire\\\/#primaryimage\"},\"thumbnailUrl\":\"https:\\\/\\\/boutique-one-piece.com\\\/wp-content\\\/uploads\\\/2022\\\/09\\\/Figurine-One-Piece-Sanji-la-Jambe-Noire-1.jpg\",\"datePublished\":\"2022-09-27T21:20:34+00:00\",\"dateModified\":\"2024-09-16T13:17:10+00:00\",\"description\":\"Jeune pirate, le moment est venu pour toi de te procurer cette Figurine One Piece Sanji la Jambe Noire. Sanji, n\u00e9 Vinsmoke Sanji avant de renoncer \u00e0 son nom de famille, est surnomm\u00e9 Sanji la Jambe Noire. C'est aussi le cuisinier de l'\u00c9quipage de Chapeau de Paille. Il est l'h\u00e9ritier d'un art martial pr\u00e9sentant la partic\",\"breadcrumb\":{\"@id\":\"https:\\\/\\\/boutique-one-piece.com\\\/figurines-one-piece\\\/figurines-vinsmoke-sanji\\\/figurine-one-piece-sanji-la-jambe-noire\\\/#breadcrumb\"},\"inLanguage\":\"nb-NO\",\"potentialAction\":[{\"@type\":\"ReadAction\",\"target\":[\"https:\\\/\\\/boutique-one-piece.com\\\/figurines-one-piece\\\/figurines-vinsmoke-sanji\\\/figurine-one-piece-sanji-la-jambe-noire\\\/\"]}]},{\"@type\":\"ImageObject\",\"inLanguage\":\"nb-NO\",\"@id\":\"https:\\\/\\\/boutique-one-piece.com\\\/figurines-one-piece\\\/figurines-vinsmoke-sanji\\\/figurine-one-piece-sanji-la-jambe-noire\\\/#primaryimage\",\"url\":\"https:\\\/\\\/boutique-one-piece.com\\\/wp-content\\\/uploads\\\/2022\\\/09\\\/Figurine-One-Piece-Sanji-la-Jambe-Noire-1.jpg\",\"contentUrl\":\"https:\\\/\\\/boutique-one-piece.com\\\/wp-content\\\/uploads\\\/2022\\\/09\\\/Figurine-One-Piece-Sanji-la-Jambe-Noire-1.jpg\",\"width\":800,\"height\":800},{\"@type\":\"BreadcrumbList\",\"@id\":\"https:\\\/\\\/boutique-one-piece.com\\\/figurines-one-piece\\\/figurines-vinsmoke-sanji\\\/figurine-one-piece-sanji-la-jambe-noire\\\/#breadcrumb\",\"itemListElement\":[{\"@type\":\"ListItem\",\"position\":1,\"name\":\"Home\",\"item\":\"https:\\\/\\\/boutique-one-piece.com\\\/\"},{\"@type\":\"ListItem\",\"position\":2,\"name\":\"Shop\",\"item\":\"https:\\\/\\\/boutique-one-piece.com\\\/shop\\\/\"},{\"@type\":\"ListItem\",\"position\":3,\"name\":\"Figurine One Piece Sanji la Jambe Noire\"}]},{\"@type\":\"WebSite\",\"@id\":\"https:\\\/\\\/boutique-one-piece.com\\\/#website\",\"url\":\"https:\\\/\\\/boutique-one-piece.com\\\/\",\"name\":\"Boutique One Piece\",\"description\":\"Magasin Sp\u00e9cialis\u00e9 du Manga et l&#039;Anime One Piece\",\"publisher\":{\"@id\":\"https:\\\/\\\/boutique-one-piece.com\\\/#organization\"},\"potentialAction\":[{\"@type\":\"SearchAction\",\"target\":{\"@type\":\"EntryPoint\",\"urlTemplate\":\"https:\\\/\\\/boutique-one-piece.com\\\/?s={search_term_string}\"},\"query-input\":{\"@type\":\"PropertyValueSpecification\",\"valueRequired\":true,\"valueName\":\"search_term_string\"}}],\"inLanguage\":\"nb-NO\"},{\"@type\":\"Organization\",\"@id\":\"https:\\\/\\\/boutique-one-piece.com\\\/#organization\",\"name\":\"Boutique One Piece\",\"url\":\"https:\\\/\\\/boutique-one-piece.com\\\/\",\"logo\":{\"@type\":\"ImageObject\",\"inLanguage\":\"nb-NO\",\"@id\":\"https:\\\/\\\/boutique-one-piece.com\\\/#\\\/schema\\\/logo\\\/image\\\/\",\"url\":\"https:\\\/\\\/boutique-one-piece.com\\\/wp-content\\\/uploads\\\/2022\\\/09\\\/Logo-01.png\",\"contentUrl\":\"https:\\\/\\\/boutique-one-piece.com\\\/wp-content\\\/uploads\\\/2022\\\/09\\\/Logo-01.png\",\"width\":2318,\"height\":957,\"caption\":\"Boutique One Piece\"},\"image\":{\"@id\":\"https:\\\/\\\/boutique-one-piece.com\\\/#\\\/schema\\\/logo\\\/image\\\/\"}}]}<\/script>\n<!-- \/ Yoast SEO plugin. -->","yoast_head_json":{"title":"One Piece Sanji den svarte benfiguren | One Piece-figur \u2013 One Piece-butikken","description":"Unge pirat, tiden er inne for at du skal f\u00e5 tak i denne One Piece Black Leg Sanji-figuren. Sanji, f\u00f8dt Vinsmoke Sanji f\u00f8r han ga avkall p\u00e5 etternavnet sitt, har kallenavnet Black Leg Sanji. Han er ogs\u00e5 kokken til Straw Hat Crew. Han er arvingen til en kampsport som involverer ut\u00f8velsen av...","robots":{"index":"index","follow":"follow","max-snippet":"max-snippet:-1","max-image-preview":"max-image-preview:large","max-video-preview":"max-video-preview:-1"},"canonical":"https:\/\/boutique-one-piece.com\/nb\/one-piece-figurer-2\/vinsmoke-sanji-figurer\/one-piece-sanji-black-leg-figur\/","og_locale":"nb_NO","og_type":"article","og_title":"Figurine One Piece Sanji la Jambe Noire | Figurine One Piece \u2013 Boutique One Piece","og_description":"Jeune pirate, le moment est venu pour toi de te procurer cette Figurine One Piece Sanji la Jambe Noire. Sanji, n\u00e9 Vinsmoke Sanji avant de renoncer \u00e0 son nom de famille, est surnomm\u00e9 Sanji la Jambe Noire. C'est aussi le cuisinier de l'\u00c9quipage de Chapeau de Paille. Il est l'h\u00e9ritier d'un art martial pr\u00e9sentant la partic","og_url":"https:\/\/boutique-one-piece.com\/nb\/one-piece-figurer-2\/vinsmoke-sanji-figurer\/one-piece-sanji-black-leg-figur\/","og_site_name":"Boutique One Piece","article_modified_time":"2024-09-16T13:17:10+00:00","og_image":[{"width":800,"height":800,"url":"https:\/\/boutique-one-piece.com\/wp-content\/uploads\/2022\/09\/Figurine-One-Piece-Sanji-la-Jambe-Noire-1.jpg","type":"image\/jpeg"}],"twitter_card":"summary_large_image","twitter_misc":{"Ansl. lesetid":"1 minutt"},"schema":{"@context":"https:\/\/schema.org","@graph":[{"@type":"WebPage","@id":"https:\/\/boutique-one-piece.com\/figurines-one-piece\/figurines-vinsmoke-sanji\/figurine-one-piece-sanji-la-jambe-noire\/","url":"https:\/\/boutique-one-piece.com\/figurines-one-piece\/figurines-vinsmoke-sanji\/figurine-one-piece-sanji-la-jambe-noire\/","name":"One Piece Sanji den svarte benfiguren | One Piece-figur \u2013 One Piece-butikken","isPartOf":{"@id":"https:\/\/boutique-one-piece.com\/#website"},"primaryImageOfPage":{"@id":"https:\/\/boutique-one-piece.com\/figurines-one-piece\/figurines-vinsmoke-sanji\/figurine-one-piece-sanji-la-jambe-noire\/#primaryimage"},"image":{"@id":"https:\/\/boutique-one-piece.com\/figurines-one-piece\/figurines-vinsmoke-sanji\/figurine-one-piece-sanji-la-jambe-noire\/#primaryimage"},"thumbnailUrl":"https:\/\/boutique-one-piece.com\/wp-content\/uploads\/2022\/09\/Figurine-One-Piece-Sanji-la-Jambe-Noire-1.jpg","datePublished":"2022-09-27T21:20:34+00:00","dateModified":"2024-09-16T13:17:10+00:00","description":"Unge pirat, tiden er inne for at du skal f\u00e5 tak i denne One Piece Black Leg Sanji-figuren. Sanji, f\u00f8dt Vinsmoke Sanji f\u00f8r han ga avkall p\u00e5 etternavnet sitt, har kallenavnet Black Leg Sanji. Han er ogs\u00e5 kokken til Straw Hat Crew. Han er arvingen til en kampsport som involverer ut\u00f8velsen av...","breadcrumb":{"@id":"https:\/\/boutique-one-piece.com\/figurines-one-piece\/figurines-vinsmoke-sanji\/figurine-one-piece-sanji-la-jambe-noire\/#breadcrumb"},"inLanguage":"nb-NO","potentialAction":[{"@type":"ReadAction","target":["https:\/\/boutique-one-piece.com\/figurines-one-piece\/figurines-vinsmoke-sanji\/figurine-one-piece-sanji-la-jambe-noire\/"]}]},{"@type":"ImageObject","inLanguage":"nb-NO","@id":"https:\/\/boutique-one-piece.com\/figurines-one-piece\/figurines-vinsmoke-sanji\/figurine-one-piece-sanji-la-jambe-noire\/#primaryimage","url":"https:\/\/boutique-one-piece.com\/wp-content\/uploads\/2022\/09\/Figurine-One-Piece-Sanji-la-Jambe-Noire-1.jpg","contentUrl":"https:\/\/boutique-one-piece.com\/wp-content\/uploads\/2022\/09\/Figurine-One-Piece-Sanji-la-Jambe-Noire-1.jpg","width":800,"height":800},{"@type":"BreadcrumbList","@id":"https:\/\/boutique-one-piece.com\/figurines-one-piece\/figurines-vinsmoke-sanji\/figurine-one-piece-sanji-la-jambe-noire\/#breadcrumb","itemListElement":[{"@type":"ListItem","position":1,"name":"Home","item":"https:\/\/boutique-one-piece.com\/"},{"@type":"ListItem","position":2,"name":"Shop","item":"https:\/\/boutique-one-piece.com\/shop\/"},{"@type":"ListItem","position":3,"name":"Figurine One Piece Sanji la Jambe Noire"}]},{"@type":"WebSite","@id":"https:\/\/boutique-one-piece.com\/#website","url":"https:\/\/boutique-one-piece.com\/","name":"One Piece-butikk","description":"Spesialbutikk for One Piece Manga og Anime","publisher":{"@id":"https:\/\/boutique-one-piece.com\/#organization"},"potentialAction":[{"@type":"SearchAction","target":{"@type":"EntryPoint","urlTemplate":"https:\/\/boutique-one-piece.com\/?s={search_term_string}"},"query-input":{"@type":"PropertyValueSpecification","valueRequired":true,"valueName":"search_term_string"}}],"inLanguage":"nb-NO"},{"@type":"Organization","@id":"https:\/\/boutique-one-piece.com\/#organization","name":"One Piece-butikk","url":"https:\/\/boutique-one-piece.com\/","logo":{"@type":"ImageObject","inLanguage":"nb-NO","@id":"https:\/\/boutique-one-piece.com\/#\/schema\/logo\/image\/","url":"https:\/\/boutique-one-piece.com\/wp-content\/uploads\/2022\/09\/Logo-01.png","contentUrl":"https:\/\/boutique-one-piece.com\/wp-content\/uploads\/2022\/09\/Logo-01.png","width":2318,"height":957,"caption":"Boutique One Piece"},"image":{"@id":"https:\/\/boutique-one-piece.com\/#\/schema\/logo\/image\/"}}]}},"_links":{"self":[{"href":"https:\/\/boutique-one-piece.com\/nb\/wp-json\/wp\/v2\/product\/13477","targetHints":{"allow":["GET"]}}],"collection":[{"href":"https:\/\/boutique-one-piece.com\/nb\/wp-json\/wp\/v2\/product"}],"about":[{"href":"https:\/\/boutique-one-piece.com\/nb\/wp-json\/wp\/v2\/types\/product"}],"replies":[{"embeddable":true,"href":"https:\/\/boutique-one-piece.com\/nb\/wp-json\/wp\/v2\/comments?post=13477"}],"wp:featuredmedia":[{"embeddable":true,"href":"https:\/\/boutique-one-piece.com\/nb\/wp-json\/wp\/v2\/media\/13479"}],"wp:attachment":[{"href":"https:\/\/boutique-one-piece.com\/nb\/wp-json\/wp\/v2\/media?parent=13477"}],"wp:term":[{"taxonomy":"product_brand","embeddable":true,"href":"https:\/\/boutique-one-piece.com\/nb\/wp-json\/wp\/v2\/product_brand?post=13477"},{"taxonomy":"product_cat","embeddable":true,"href":"https:\/\/boutique-one-piece.com\/nb\/wp-json\/wp\/v2\/product_cat?post=13477"},{"taxonomy":"product_tag","embeddable":true,"href":"https:\/\/boutique-one-piece.com\/nb\/wp-json\/wp\/v2\/product_tag?post=13477"}],"curies":[{"name":"wp","href":"https:\/\/api.w.org\/{rel}","templated":true}]}}