{"id":13605,"date":"2022-09-27T21:21:39","date_gmt":"2022-09-27T21:21:39","guid":{"rendered":"https:\/\/boutique-one-piece.com\/uncategorized\/figurine-one-piece-nico-robin-attaque\/"},"modified":"2024-09-16T13:19:32","modified_gmt":"2024-09-16T13:19:32","slug":"one-piece-figur-nico-robin-attack","status":"publish","type":"product","link":"https:\/\/boutique-one-piece.com\/nb\/one-piece-godbiter\/nico-robin-one-piece-varer\/one-piece-figur-nico-robin-attack\/","title":{"rendered":"One Piece-figur Nico Robin Attack"},"content":{"rendered":"<h2>Unge pirat, ikke vent lenger og grip sjansen til \u00e5 f\u00e5 tak i denne One Piece Nico Robin Attack-figuren.<\/h2>\n<p>Her er hva du trenger \u00e5 vite om denne karakteren; ; <strong>Nico Robin, ogs\u00e5 kjent som Demonbarnet<\/strong>, Hun er arkeologen bak str\u00e5hattgjengen. Hun spiste <strong>Hana Hana no Mi<\/strong> (frukten av klekkingen) i veldig ung alder siden vi ser henne bruke kreftene sine i en alder av \u00e5tte i et av tilbakeblikkene hennes i Enies Lobby.<\/p>\n<p>Det er en djevelfrukt av Paramecia-typen som lar henne f\u00e5 hvilken som helst del av kroppen sin til \u00e5 vokse p\u00e5 enhver overflate. N\u00e5r hun bruker kreftene sine, krysser hun armene i en &quot;X&quot;-form. Noen av angrepene hennes fanger fienden og stopper all bevegelse med hendene hennes mens hun multipliserer dem.<\/p>\n<p>Selv om den er veldig kraftig, kan de utstrakte delene bli sl\u00e5tt eller strukket, noe som for\u00e5rsaker skade p\u00e5 den virkelige kroppen, som er dens svake punkt. Hvis du \u00f8nsker \u00e5 utvide figursamlingen din, kan <a title=\"ONE PIECE NAMI THE NAVIGATOR-FIGUR\" href=\"https:\/\/boutique-one-piece.com\/nb\/one-piece-figur-nami-navigatoren\/\" target=\"_blank\" rel=\"noopener\">Nami Navigator-figuren<\/a> er innen rekkevidde.<\/p>\n<h3>S\u00e5, er du trollbundet av Nico Robin-figuren midt i et angrep? I s\u00e5 fall, bli med henne om bord p\u00e5 Thousand Suny. Mange eventyr venter deg der.<\/h3>\n<p>Enten du er en ihuga fan eller en erfaren samler, er disse gjenstandene definitivt noe for deg. Perfekt til \u00e5 gi bort i gave, til pynting eller til \u00e5 legge til i samlingen din, disse ikoniske gjenstandene vil forbedre samlingen din. <strong>ditt One Piece-univers<\/strong>. S\u00e5 ikke vent lenger og grip sjansen til \u00e5 oppleve mange eventyr! <strong>ung pirat<\/strong>.<\/p>\n<h2>Informasjon om Nico Robin angrepsfigur\u00a0<\/h2>\n<ul>\n<li><span><b><u>One Piece-figur<\/u><\/b>\u00a0Premium One Piece-figur for ekte pirater<\/span><\/li>\n<\/ul>\n<ul>\n<li>\n<b>Materie<\/b><span>\u00a0<\/span>PVC<\/li>\n<\/ul>\n<ul>\n<li><span><strong>Dimensjon<\/strong>\u00a0: 15 cm<\/span><\/li>\n<\/ul>\n<ul>\n<li><span><strong>GRATIS LEVERING<\/strong><\/span><\/li>\n<\/ul>","protected":false},"excerpt":{"rendered":"<p>Jeune pirate, n&rsquo;attends plus et saute sur l&rsquo;occasion de mettre la main sur cette Figurine One Piece Nico Robin Attaque. Voici ce que tu dois savoir sur ce personnage ; Nico Robin alias l&rsquo;Enfant D\u00e9moniaque, est l&rsquo;Arch\u00e9ologue de L&rsquo;\u00c9quipage du Chapeau de Paille. Elle a mang\u00e9 le Hana Hana no Mi (fruit de l&rsquo;\u00e9closion) \u00e0 [&hellip;]<\/p>","protected":false},"featured_media":13607,"comment_status":"open","ping_status":"open","template":"","meta":[],"product_brand":[],"product_cat":[309,76,198],"product_tag":[205],"class_list":{"0":"post-13605","1":"product","2":"type-product","3":"status-publish","4":"has-post-thumbnail","6":"product_cat-figurines-nico-robin","7":"product_cat-figurines-one-piece","8":"product_cat-goodies-nico-robin-one-piece","9":"product_tag-robin","11":"first","12":"instock","13":"purchasable","14":"product-type-simple"},"yoast_head":"<!-- This site is optimized with the Yoast SEO plugin v27.5 - https:\/\/yoast.com\/product\/yoast-seo-wordpress\/ -->\n<title>Figurine One Piece Nico Robin Attaque | Figurine One Piece \u2013 Boutique One Piece<\/title>\n<meta name=\"description\" content=\"Jeune pirate, n&#039;attends plus et saute sur l&#039;occasion de mettre la main sur cette Figurine One Piece Nico Robin Attaque. Voici ce que tu dois savoir sur ce personnage ; Nico Robin alias l&#039;Enfant D\u00e9moniaque, est l&#039;Arch\u00e9ologue de L&#039;\u00c9quipage du Chapeau de Paille. Elle a mang\u00e9 le Hana Hana no Mi (fruit de l&#039;\u00e9closion) \u00e0 un t\" \/>\n<meta name=\"robots\" content=\"index, follow, max-snippet:-1, max-image-preview:large, max-video-preview:-1\" \/>\n<link rel=\"canonical\" href=\"https:\/\/boutique-one-piece.com\/nb\/one-piece-figurer-2\/nico-robin-figurer\/one-piece-figur-nico-robin-attack\/\" \/>\n<meta property=\"og:locale\" content=\"nb_NO\" \/>\n<meta property=\"og:type\" content=\"article\" \/>\n<meta property=\"og:title\" content=\"Figurine One Piece Nico Robin Attaque | Figurine One Piece \u2013 Boutique One Piece\" \/>\n<meta property=\"og:description\" content=\"Jeune pirate, n&#039;attends plus et saute sur l&#039;occasion de mettre la main sur cette Figurine One Piece Nico Robin Attaque. Voici ce que tu dois savoir sur ce personnage ; Nico Robin alias l&#039;Enfant D\u00e9moniaque, est l&#039;Arch\u00e9ologue de L&#039;\u00c9quipage du Chapeau de Paille. Elle a mang\u00e9 le Hana Hana no Mi (fruit de l&#039;\u00e9closion) \u00e0 un t\" \/>\n<meta property=\"og:url\" content=\"https:\/\/boutique-one-piece.com\/nb\/one-piece-figurer-2\/nico-robin-figurer\/one-piece-figur-nico-robin-attack\/\" \/>\n<meta property=\"og:site_name\" content=\"Boutique One Piece\" \/>\n<meta property=\"article:modified_time\" content=\"2024-09-16T13:19:32+00:00\" \/>\n<meta property=\"og:image\" content=\"https:\/\/boutique-one-piece.com\/wp-content\/uploads\/2022\/09\/Figurine-One-Piece-Nico-Robin-Attaque-1.jpg\" \/>\n\t<meta property=\"og:image:width\" content=\"1080\" \/>\n\t<meta property=\"og:image:height\" content=\"1080\" \/>\n\t<meta property=\"og:image:type\" content=\"image\/jpeg\" \/>\n<meta name=\"twitter:card\" content=\"summary_large_image\" \/>\n<meta name=\"twitter:label1\" content=\"Ansl. lesetid\" \/>\n\t<meta name=\"twitter:data1\" content=\"1 minutt\" \/>\n<script type=\"application\/ld+json\" class=\"yoast-schema-graph\">{\"@context\":\"https:\\\/\\\/schema.org\",\"@graph\":[{\"@type\":\"WebPage\",\"@id\":\"https:\\\/\\\/boutique-one-piece.com\\\/figurines-one-piece\\\/figurines-nico-robin\\\/figurine-one-piece-nico-robin-attaque\\\/\",\"url\":\"https:\\\/\\\/boutique-one-piece.com\\\/figurines-one-piece\\\/figurines-nico-robin\\\/figurine-one-piece-nico-robin-attaque\\\/\",\"name\":\"Figurine One Piece Nico Robin Attaque | Figurine One Piece \u2013 Boutique One Piece\",\"isPartOf\":{\"@id\":\"https:\\\/\\\/boutique-one-piece.com\\\/#website\"},\"primaryImageOfPage\":{\"@id\":\"https:\\\/\\\/boutique-one-piece.com\\\/figurines-one-piece\\\/figurines-nico-robin\\\/figurine-one-piece-nico-robin-attaque\\\/#primaryimage\"},\"image\":{\"@id\":\"https:\\\/\\\/boutique-one-piece.com\\\/figurines-one-piece\\\/figurines-nico-robin\\\/figurine-one-piece-nico-robin-attaque\\\/#primaryimage\"},\"thumbnailUrl\":\"https:\\\/\\\/boutique-one-piece.com\\\/wp-content\\\/uploads\\\/2022\\\/09\\\/Figurine-One-Piece-Nico-Robin-Attaque-1.jpg\",\"datePublished\":\"2022-09-27T21:21:39+00:00\",\"dateModified\":\"2024-09-16T13:19:32+00:00\",\"description\":\"Jeune pirate, n'attends plus et saute sur l'occasion de mettre la main sur cette Figurine One Piece Nico Robin Attaque. Voici ce que tu dois savoir sur ce personnage ; Nico Robin alias l'Enfant D\u00e9moniaque, est l'Arch\u00e9ologue de L'\u00c9quipage du Chapeau de Paille. Elle a mang\u00e9 le Hana Hana no Mi (fruit de l'\u00e9closion) \u00e0 un t\",\"breadcrumb\":{\"@id\":\"https:\\\/\\\/boutique-one-piece.com\\\/figurines-one-piece\\\/figurines-nico-robin\\\/figurine-one-piece-nico-robin-attaque\\\/#breadcrumb\"},\"inLanguage\":\"nb-NO\",\"potentialAction\":[{\"@type\":\"ReadAction\",\"target\":[\"https:\\\/\\\/boutique-one-piece.com\\\/figurines-one-piece\\\/figurines-nico-robin\\\/figurine-one-piece-nico-robin-attaque\\\/\"]}]},{\"@type\":\"ImageObject\",\"inLanguage\":\"nb-NO\",\"@id\":\"https:\\\/\\\/boutique-one-piece.com\\\/figurines-one-piece\\\/figurines-nico-robin\\\/figurine-one-piece-nico-robin-attaque\\\/#primaryimage\",\"url\":\"https:\\\/\\\/boutique-one-piece.com\\\/wp-content\\\/uploads\\\/2022\\\/09\\\/Figurine-One-Piece-Nico-Robin-Attaque-1.jpg\",\"contentUrl\":\"https:\\\/\\\/boutique-one-piece.com\\\/wp-content\\\/uploads\\\/2022\\\/09\\\/Figurine-One-Piece-Nico-Robin-Attaque-1.jpg\",\"width\":1080,\"height\":1080},{\"@type\":\"BreadcrumbList\",\"@id\":\"https:\\\/\\\/boutique-one-piece.com\\\/figurines-one-piece\\\/figurines-nico-robin\\\/figurine-one-piece-nico-robin-attaque\\\/#breadcrumb\",\"itemListElement\":[{\"@type\":\"ListItem\",\"position\":1,\"name\":\"Home\",\"item\":\"https:\\\/\\\/boutique-one-piece.com\\\/\"},{\"@type\":\"ListItem\",\"position\":2,\"name\":\"Shop\",\"item\":\"https:\\\/\\\/boutique-one-piece.com\\\/shop\\\/\"},{\"@type\":\"ListItem\",\"position\":3,\"name\":\"Figurine One Piece Nico Robin Attaque\"}]},{\"@type\":\"WebSite\",\"@id\":\"https:\\\/\\\/boutique-one-piece.com\\\/#website\",\"url\":\"https:\\\/\\\/boutique-one-piece.com\\\/\",\"name\":\"Boutique One Piece\",\"description\":\"Magasin Sp\u00e9cialis\u00e9 du Manga et l&#039;Anime One Piece\",\"publisher\":{\"@id\":\"https:\\\/\\\/boutique-one-piece.com\\\/#organization\"},\"potentialAction\":[{\"@type\":\"SearchAction\",\"target\":{\"@type\":\"EntryPoint\",\"urlTemplate\":\"https:\\\/\\\/boutique-one-piece.com\\\/?s={search_term_string}\"},\"query-input\":{\"@type\":\"PropertyValueSpecification\",\"valueRequired\":true,\"valueName\":\"search_term_string\"}}],\"inLanguage\":\"nb-NO\"},{\"@type\":\"Organization\",\"@id\":\"https:\\\/\\\/boutique-one-piece.com\\\/#organization\",\"name\":\"Boutique One Piece\",\"url\":\"https:\\\/\\\/boutique-one-piece.com\\\/\",\"logo\":{\"@type\":\"ImageObject\",\"inLanguage\":\"nb-NO\",\"@id\":\"https:\\\/\\\/boutique-one-piece.com\\\/#\\\/schema\\\/logo\\\/image\\\/\",\"url\":\"https:\\\/\\\/boutique-one-piece.com\\\/wp-content\\\/uploads\\\/2022\\\/09\\\/Logo-01.png\",\"contentUrl\":\"https:\\\/\\\/boutique-one-piece.com\\\/wp-content\\\/uploads\\\/2022\\\/09\\\/Logo-01.png\",\"width\":2318,\"height\":957,\"caption\":\"Boutique One Piece\"},\"image\":{\"@id\":\"https:\\\/\\\/boutique-one-piece.com\\\/#\\\/schema\\\/logo\\\/image\\\/\"}}]}<\/script>\n<!-- \/ Yoast SEO plugin. -->","yoast_head_json":{"title":"One Piece-figur Nico Robin Attack | One Piece-figur \u2013 One Piece-butikken","description":"Unge pirat, ikke vent lenger og grip sjansen til \u00e5 f\u00e5 tak i denne One Piece Nico Robin Attack-figuren. Her er hva du trenger \u00e5 vite om denne karakteren: Nico Robin, ogs\u00e5 kjent som Demonbarnet, er arkeologen i str\u00e5hattgjengen. Hun spiste Hana Hana no Mi (blomst-blomstfrukt) i veldig ung alder.","robots":{"index":"index","follow":"follow","max-snippet":"max-snippet:-1","max-image-preview":"max-image-preview:large","max-video-preview":"max-video-preview:-1"},"canonical":"https:\/\/boutique-one-piece.com\/nb\/one-piece-figurer-2\/nico-robin-figurer\/one-piece-figur-nico-robin-attack\/","og_locale":"nb_NO","og_type":"article","og_title":"Figurine One Piece Nico Robin Attaque | Figurine One Piece \u2013 Boutique One Piece","og_description":"Jeune pirate, n'attends plus et saute sur l'occasion de mettre la main sur cette Figurine One Piece Nico Robin Attaque. Voici ce que tu dois savoir sur ce personnage ; Nico Robin alias l'Enfant D\u00e9moniaque, est l'Arch\u00e9ologue de L'\u00c9quipage du Chapeau de Paille. Elle a mang\u00e9 le Hana Hana no Mi (fruit de l'\u00e9closion) \u00e0 un t","og_url":"https:\/\/boutique-one-piece.com\/nb\/one-piece-figurer-2\/nico-robin-figurer\/one-piece-figur-nico-robin-attack\/","og_site_name":"Boutique One Piece","article_modified_time":"2024-09-16T13:19:32+00:00","og_image":[{"width":1080,"height":1080,"url":"https:\/\/boutique-one-piece.com\/wp-content\/uploads\/2022\/09\/Figurine-One-Piece-Nico-Robin-Attaque-1.jpg","type":"image\/jpeg"}],"twitter_card":"summary_large_image","twitter_misc":{"Ansl. lesetid":"1 minutt"},"schema":{"@context":"https:\/\/schema.org","@graph":[{"@type":"WebPage","@id":"https:\/\/boutique-one-piece.com\/figurines-one-piece\/figurines-nico-robin\/figurine-one-piece-nico-robin-attaque\/","url":"https:\/\/boutique-one-piece.com\/figurines-one-piece\/figurines-nico-robin\/figurine-one-piece-nico-robin-attaque\/","name":"One Piece-figur Nico Robin Attack | One Piece-figur \u2013 One Piece-butikken","isPartOf":{"@id":"https:\/\/boutique-one-piece.com\/#website"},"primaryImageOfPage":{"@id":"https:\/\/boutique-one-piece.com\/figurines-one-piece\/figurines-nico-robin\/figurine-one-piece-nico-robin-attaque\/#primaryimage"},"image":{"@id":"https:\/\/boutique-one-piece.com\/figurines-one-piece\/figurines-nico-robin\/figurine-one-piece-nico-robin-attaque\/#primaryimage"},"thumbnailUrl":"https:\/\/boutique-one-piece.com\/wp-content\/uploads\/2022\/09\/Figurine-One-Piece-Nico-Robin-Attaque-1.jpg","datePublished":"2022-09-27T21:21:39+00:00","dateModified":"2024-09-16T13:19:32+00:00","description":"Unge pirat, ikke vent lenger og grip sjansen til \u00e5 f\u00e5 tak i denne One Piece Nico Robin Attack-figuren. Her er hva du trenger \u00e5 vite om denne karakteren: Nico Robin, ogs\u00e5 kjent som Demonbarnet, er arkeologen i str\u00e5hattgjengen. Hun spiste Hana Hana no Mi (blomst-blomstfrukt) i veldig ung alder.","breadcrumb":{"@id":"https:\/\/boutique-one-piece.com\/figurines-one-piece\/figurines-nico-robin\/figurine-one-piece-nico-robin-attaque\/#breadcrumb"},"inLanguage":"nb-NO","potentialAction":[{"@type":"ReadAction","target":["https:\/\/boutique-one-piece.com\/figurines-one-piece\/figurines-nico-robin\/figurine-one-piece-nico-robin-attaque\/"]}]},{"@type":"ImageObject","inLanguage":"nb-NO","@id":"https:\/\/boutique-one-piece.com\/figurines-one-piece\/figurines-nico-robin\/figurine-one-piece-nico-robin-attaque\/#primaryimage","url":"https:\/\/boutique-one-piece.com\/wp-content\/uploads\/2022\/09\/Figurine-One-Piece-Nico-Robin-Attaque-1.jpg","contentUrl":"https:\/\/boutique-one-piece.com\/wp-content\/uploads\/2022\/09\/Figurine-One-Piece-Nico-Robin-Attaque-1.jpg","width":1080,"height":1080},{"@type":"BreadcrumbList","@id":"https:\/\/boutique-one-piece.com\/figurines-one-piece\/figurines-nico-robin\/figurine-one-piece-nico-robin-attaque\/#breadcrumb","itemListElement":[{"@type":"ListItem","position":1,"name":"Home","item":"https:\/\/boutique-one-piece.com\/"},{"@type":"ListItem","position":2,"name":"Shop","item":"https:\/\/boutique-one-piece.com\/shop\/"},{"@type":"ListItem","position":3,"name":"Figurine One Piece Nico Robin Attaque"}]},{"@type":"WebSite","@id":"https:\/\/boutique-one-piece.com\/#website","url":"https:\/\/boutique-one-piece.com\/","name":"One Piece-butikk","description":"Spesialbutikk for One Piece Manga og Anime","publisher":{"@id":"https:\/\/boutique-one-piece.com\/#organization"},"potentialAction":[{"@type":"SearchAction","target":{"@type":"EntryPoint","urlTemplate":"https:\/\/boutique-one-piece.com\/?s={search_term_string}"},"query-input":{"@type":"PropertyValueSpecification","valueRequired":true,"valueName":"search_term_string"}}],"inLanguage":"nb-NO"},{"@type":"Organization","@id":"https:\/\/boutique-one-piece.com\/#organization","name":"One Piece-butikk","url":"https:\/\/boutique-one-piece.com\/","logo":{"@type":"ImageObject","inLanguage":"nb-NO","@id":"https:\/\/boutique-one-piece.com\/#\/schema\/logo\/image\/","url":"https:\/\/boutique-one-piece.com\/wp-content\/uploads\/2022\/09\/Logo-01.png","contentUrl":"https:\/\/boutique-one-piece.com\/wp-content\/uploads\/2022\/09\/Logo-01.png","width":2318,"height":957,"caption":"Boutique One Piece"},"image":{"@id":"https:\/\/boutique-one-piece.com\/#\/schema\/logo\/image\/"}}]}},"_links":{"self":[{"href":"https:\/\/boutique-one-piece.com\/nb\/wp-json\/wp\/v2\/product\/13605","targetHints":{"allow":["GET"]}}],"collection":[{"href":"https:\/\/boutique-one-piece.com\/nb\/wp-json\/wp\/v2\/product"}],"about":[{"href":"https:\/\/boutique-one-piece.com\/nb\/wp-json\/wp\/v2\/types\/product"}],"replies":[{"embeddable":true,"href":"https:\/\/boutique-one-piece.com\/nb\/wp-json\/wp\/v2\/comments?post=13605"}],"wp:featuredmedia":[{"embeddable":true,"href":"https:\/\/boutique-one-piece.com\/nb\/wp-json\/wp\/v2\/media\/13607"}],"wp:attachment":[{"href":"https:\/\/boutique-one-piece.com\/nb\/wp-json\/wp\/v2\/media?parent=13605"}],"wp:term":[{"taxonomy":"product_brand","embeddable":true,"href":"https:\/\/boutique-one-piece.com\/nb\/wp-json\/wp\/v2\/product_brand?post=13605"},{"taxonomy":"product_cat","embeddable":true,"href":"https:\/\/boutique-one-piece.com\/nb\/wp-json\/wp\/v2\/product_cat?post=13605"},{"taxonomy":"product_tag","embeddable":true,"href":"https:\/\/boutique-one-piece.com\/nb\/wp-json\/wp\/v2\/product_tag?post=13605"}],"curies":[{"name":"wp","href":"https:\/\/api.w.org\/{rel}","templated":true}]}}