{"id":13978,"date":"2022-09-27T21:24:01","date_gmt":"2022-09-27T21:24:01","guid":{"rendered":"https:\/\/boutique-one-piece.com\/uncategorized\/figurine-one-piece-frere-de-sanji\/"},"modified":"2024-09-16T13:27:56","modified_gmt":"2024-09-16T13:27:56","slug":"one-piece-figur-broren-til-sanji","status":"publish","type":"product","link":"https:\/\/boutique-one-piece.com\/nb\/one-piece-figurer-2\/one-piece-figur-broren-til-sanji\/","title":{"rendered":"One Piece Ichiji-figur"},"content":{"rendered":"<h2>Unge pirat, tiden er inne for at du skal skaffe deg denne One Piece Ichiji-figuren.<\/h2>\n<p><strong>Vinsmoke Ichiji<\/strong> Ogs\u00e5 kjent som Sparking Red, som betyr \u00abSparkling Red\u00bb, er han kommand\u00f8r av Germa 66 og den eldste s\u00f8nnen i Vinsmoke-familien, noe som gj\u00f8r ham til en prins. Han er et menneske genetisk modifisert av faren sin.<\/p>\n<p>En kort sidebemerkning ang\u00e5ende <strong>Tyskland 66<\/strong>, Germa 66, uttales Germa Double Six, er en paramilit\u00e6r organisasjon ogs\u00e5 kjent som Bellicistene. Den ledes av Vinsmoke Judge. P\u00e5 grunn av deres handlinger er Germa 66 den sekund\u00e6re antagonistgruppen i Whole Cake Island Arc. Denne organisasjonen erobret North Blue tidligere. Til slutt b\u00f8r du vite at til tross for sin grusomhet og apati, er Ichiji i stand til \u00e5 vise takknemlighet.<\/p>\n<p>Da Oven pr\u00f8vde \u00e5 drepe Sanji og Luffy, reddet Ichiji dem ved \u00e5 angripe Oven, som en gjengjeldelse for at han reddet ham p\u00e5 Big Moms teselskap. Dessuten <a title=\"ONE PIECE BIG MOM ON HER THRONE-FIGUREN\" href=\"https:\/\/boutique-one-piece.com\/nb\/one-piece-figurer-2\/produkter\/one-piece-big-mom-figur-pa-tronen-sin-26-cm\/\" target=\"_blank\" rel=\"noopener\">Big Mom-figur p\u00e5 tronen sin<\/a> er innen rekkevidde.<\/p>\n<h3>S\u00e5, er du fascinert av Vinsmoke Ichiji-figuren? I s\u00e5 fall, bli med i hans paramilit\u00e6re organisasjon.<\/h3>\n<p>One Piece er <strong>den bestselgende mangaen<\/strong> til verden. V\u00e6r stolt av \u00e5 v\u00e6re en del av denne fanbasen og fortsett \u00e5 vise din lidenskap for dette universet. Disse legendariske gjenstandene vil ta deg tilbake til <strong>Luffys univers<\/strong> og hans s\u00f8ken etter One Piece. N\u00e5 ligger skjebnen din i dine hender. S\u00e5 ikke vent lenger og grip muligheten til \u00e5 oppleve mange eventyr i dette universet der piratkopiering aldri tar slutt.<\/p>\n<h2>Informasjon om Ichili-figurer\u00a0<\/h2>\n<ul>\n<li><span><b><u>One Piece-figur<\/u><\/b>\u00a0Premium One Piece-figur for ekte pirater<\/span><\/li>\n<\/ul>\n<ul>\n<li>\n<b>Materie<\/b><span>\u00a0<\/span>PVC<\/li>\n<\/ul>\n<ul>\n<li><span><strong>Dimensjon<\/strong>\u00a0: 11 cm<\/span><\/li>\n<\/ul>\n<ul>\n<li><span><strong>GRATIS LEVERING<\/strong><\/span><\/li>\n<\/ul>","protected":false},"excerpt":{"rendered":"<p>Jeune pirate, le moment est venu pour toi de te procurer cette Figurine One Piece Ichiji. Vinsmoke Ichiji alias Sparking Red, signifiant le \u00ab\u00a0Rouge \u00c9tincelant\u00a0\u00bb, est un Commandant du Germa 66 et le fils a\u00een\u00e9 de la Famille Vinsmoke, faisant de lui un prince. C&rsquo;est un humain g\u00e9n\u00e9tiquement modifi\u00e9 par son p\u00e8re. Petite parenth\u00e8se concernant [&hellip;]<\/p>","protected":false},"featured_media":13980,"comment_status":"open","ping_status":"open","template":"","meta":[],"product_brand":[],"product_cat":[76],"product_tag":[406],"class_list":{"0":"post-13978","1":"product","2":"type-product","3":"status-publish","4":"has-post-thumbnail","6":"product_cat-figurines-one-piece","7":"product_tag-ichiji","9":"first","10":"instock","11":"purchasable","12":"product-type-simple"},"yoast_head":"<!-- This site is optimized with the Yoast SEO plugin v27.5 - https:\/\/yoast.com\/product\/yoast-seo-wordpress\/ -->\n<title>Figurine One Piece Ichiji Vinsmoke | Boutique One Piece<\/title>\n<meta name=\"description\" content=\"Jeune pirate, le moment est venu pour toi de te procurer cette Figurine One Piece Ichiji. Vinsmoke Ichiji alias Sparking Red, signifiant le &quot;Rouge \u00c9tincelant&quot;, est un Commandant du Germa 66 et le fils a\u00een\u00e9 de la Famille Vinsmoke, faisant de lui un prince. C&#039;est un humain g\u00e9n\u00e9tiquement modifi\u00e9 par son p\u00e8re. Petite paren\" \/>\n<meta name=\"robots\" content=\"index, follow, max-snippet:-1, max-image-preview:large, max-video-preview:-1\" \/>\n<link rel=\"canonical\" href=\"https:\/\/boutique-one-piece.com\/nb\/one-piece-figurer-2\/one-piece-figur-broren-til-sanji\/\" \/>\n<meta property=\"og:locale\" content=\"nb_NO\" \/>\n<meta property=\"og:type\" content=\"article\" \/>\n<meta property=\"og:title\" content=\"Figurine One Piece Ichiji Vinsmoke | Boutique One Piece\" \/>\n<meta property=\"og:description\" content=\"Jeune pirate, le moment est venu pour toi de te procurer cette Figurine One Piece Ichiji. Vinsmoke Ichiji alias Sparking Red, signifiant le &quot;Rouge \u00c9tincelant&quot;, est un Commandant du Germa 66 et le fils a\u00een\u00e9 de la Famille Vinsmoke, faisant de lui un prince. C&#039;est un humain g\u00e9n\u00e9tiquement modifi\u00e9 par son p\u00e8re. Petite paren\" \/>\n<meta property=\"og:url\" content=\"https:\/\/boutique-one-piece.com\/nb\/one-piece-figurer-2\/one-piece-figur-broren-til-sanji\/\" \/>\n<meta property=\"og:site_name\" content=\"Boutique One Piece\" \/>\n<meta property=\"article:modified_time\" content=\"2024-09-16T13:27:56+00:00\" \/>\n<meta property=\"og:image\" content=\"https:\/\/boutique-one-piece.com\/wp-content\/uploads\/2022\/09\/Figurine-One-Piece-Ichiji.jpg\" \/>\n\t<meta property=\"og:image:width\" content=\"565\" \/>\n\t<meta property=\"og:image:height\" content=\"552\" \/>\n\t<meta property=\"og:image:type\" content=\"image\/jpeg\" \/>\n<meta name=\"twitter:card\" content=\"summary_large_image\" \/>\n<meta name=\"twitter:label1\" content=\"Ansl. lesetid\" \/>\n\t<meta name=\"twitter:data1\" content=\"1 minutt\" \/>\n<script type=\"application\/ld+json\" class=\"yoast-schema-graph\">{\"@context\":\"https:\\\/\\\/schema.org\",\"@graph\":[{\"@type\":\"WebPage\",\"@id\":\"https:\\\/\\\/boutique-one-piece.com\\\/figurines-one-piece\\\/figurine-one-piece-frere-de-sanji\\\/\",\"url\":\"https:\\\/\\\/boutique-one-piece.com\\\/figurines-one-piece\\\/figurine-one-piece-frere-de-sanji\\\/\",\"name\":\"Figurine One Piece Ichiji Vinsmoke | Boutique One Piece\",\"isPartOf\":{\"@id\":\"https:\\\/\\\/boutique-one-piece.com\\\/#website\"},\"primaryImageOfPage\":{\"@id\":\"https:\\\/\\\/boutique-one-piece.com\\\/figurines-one-piece\\\/figurine-one-piece-frere-de-sanji\\\/#primaryimage\"},\"image\":{\"@id\":\"https:\\\/\\\/boutique-one-piece.com\\\/figurines-one-piece\\\/figurine-one-piece-frere-de-sanji\\\/#primaryimage\"},\"thumbnailUrl\":\"https:\\\/\\\/boutique-one-piece.com\\\/wp-content\\\/uploads\\\/2022\\\/09\\\/Figurine-One-Piece-Ichiji.jpg\",\"datePublished\":\"2022-09-27T21:24:01+00:00\",\"dateModified\":\"2024-09-16T13:27:56+00:00\",\"description\":\"Jeune pirate, le moment est venu pour toi de te procurer cette Figurine One Piece Ichiji. Vinsmoke Ichiji alias Sparking Red, signifiant le \\\"Rouge \u00c9tincelant\\\", est un Commandant du Germa 66 et le fils a\u00een\u00e9 de la Famille Vinsmoke, faisant de lui un prince. C'est un humain g\u00e9n\u00e9tiquement modifi\u00e9 par son p\u00e8re. Petite paren\",\"breadcrumb\":{\"@id\":\"https:\\\/\\\/boutique-one-piece.com\\\/figurines-one-piece\\\/figurine-one-piece-frere-de-sanji\\\/#breadcrumb\"},\"inLanguage\":\"nb-NO\",\"potentialAction\":[{\"@type\":\"ReadAction\",\"target\":[\"https:\\\/\\\/boutique-one-piece.com\\\/figurines-one-piece\\\/figurine-one-piece-frere-de-sanji\\\/\"]}]},{\"@type\":\"ImageObject\",\"inLanguage\":\"nb-NO\",\"@id\":\"https:\\\/\\\/boutique-one-piece.com\\\/figurines-one-piece\\\/figurine-one-piece-frere-de-sanji\\\/#primaryimage\",\"url\":\"https:\\\/\\\/boutique-one-piece.com\\\/wp-content\\\/uploads\\\/2022\\\/09\\\/Figurine-One-Piece-Ichiji.jpg\",\"contentUrl\":\"https:\\\/\\\/boutique-one-piece.com\\\/wp-content\\\/uploads\\\/2022\\\/09\\\/Figurine-One-Piece-Ichiji.jpg\",\"width\":565,\"height\":552,\"caption\":\"Figurine One Piece Ichiji Default Title\"},{\"@type\":\"BreadcrumbList\",\"@id\":\"https:\\\/\\\/boutique-one-piece.com\\\/figurines-one-piece\\\/figurine-one-piece-frere-de-sanji\\\/#breadcrumb\",\"itemListElement\":[{\"@type\":\"ListItem\",\"position\":1,\"name\":\"Home\",\"item\":\"https:\\\/\\\/boutique-one-piece.com\\\/\"},{\"@type\":\"ListItem\",\"position\":2,\"name\":\"Shop\",\"item\":\"https:\\\/\\\/boutique-one-piece.com\\\/shop\\\/\"},{\"@type\":\"ListItem\",\"position\":3,\"name\":\"Figurine One Piece Ichiji\"}]},{\"@type\":\"WebSite\",\"@id\":\"https:\\\/\\\/boutique-one-piece.com\\\/#website\",\"url\":\"https:\\\/\\\/boutique-one-piece.com\\\/\",\"name\":\"Boutique One Piece\",\"description\":\"Magasin Sp\u00e9cialis\u00e9 du Manga et l&#039;Anime One Piece\",\"publisher\":{\"@id\":\"https:\\\/\\\/boutique-one-piece.com\\\/#organization\"},\"potentialAction\":[{\"@type\":\"SearchAction\",\"target\":{\"@type\":\"EntryPoint\",\"urlTemplate\":\"https:\\\/\\\/boutique-one-piece.com\\\/?s={search_term_string}\"},\"query-input\":{\"@type\":\"PropertyValueSpecification\",\"valueRequired\":true,\"valueName\":\"search_term_string\"}}],\"inLanguage\":\"nb-NO\"},{\"@type\":\"Organization\",\"@id\":\"https:\\\/\\\/boutique-one-piece.com\\\/#organization\",\"name\":\"Boutique One Piece\",\"url\":\"https:\\\/\\\/boutique-one-piece.com\\\/\",\"logo\":{\"@type\":\"ImageObject\",\"inLanguage\":\"nb-NO\",\"@id\":\"https:\\\/\\\/boutique-one-piece.com\\\/#\\\/schema\\\/logo\\\/image\\\/\",\"url\":\"https:\\\/\\\/boutique-one-piece.com\\\/wp-content\\\/uploads\\\/2022\\\/09\\\/Logo-01.png\",\"contentUrl\":\"https:\\\/\\\/boutique-one-piece.com\\\/wp-content\\\/uploads\\\/2022\\\/09\\\/Logo-01.png\",\"width\":2318,\"height\":957,\"caption\":\"Boutique One Piece\"},\"image\":{\"@id\":\"https:\\\/\\\/boutique-one-piece.com\\\/#\\\/schema\\\/logo\\\/image\\\/\"}}]}<\/script>\n<!-- \/ Yoast SEO plugin. -->","yoast_head_json":{"title":"One Piece Ichiji Vinsmoke-figur | One Piece-butikk","description":"Unge pirat, tiden er inne for at du skal f\u00e5 tak i denne One Piece Ichiji-figuren. Vinsmoke Ichiji, ogs\u00e5 kjent som Sparking Red, er en kommand\u00f8r av Germa 66 og den eldste s\u00f8nnen i Vinsmoke-familien, noe som gj\u00f8r ham til en prins. Han er et genetisk modifisert menneske, skapt av faren sin. (Liten familie)","robots":{"index":"index","follow":"follow","max-snippet":"max-snippet:-1","max-image-preview":"max-image-preview:large","max-video-preview":"max-video-preview:-1"},"canonical":"https:\/\/boutique-one-piece.com\/nb\/one-piece-figurer-2\/one-piece-figur-broren-til-sanji\/","og_locale":"nb_NO","og_type":"article","og_title":"Figurine One Piece Ichiji Vinsmoke | Boutique One Piece","og_description":"Jeune pirate, le moment est venu pour toi de te procurer cette Figurine One Piece Ichiji. Vinsmoke Ichiji alias Sparking Red, signifiant le \"Rouge \u00c9tincelant\", est un Commandant du Germa 66 et le fils a\u00een\u00e9 de la Famille Vinsmoke, faisant de lui un prince. C'est un humain g\u00e9n\u00e9tiquement modifi\u00e9 par son p\u00e8re. Petite paren","og_url":"https:\/\/boutique-one-piece.com\/nb\/one-piece-figurer-2\/one-piece-figur-broren-til-sanji\/","og_site_name":"Boutique One Piece","article_modified_time":"2024-09-16T13:27:56+00:00","og_image":[{"width":565,"height":552,"url":"https:\/\/boutique-one-piece.com\/wp-content\/uploads\/2022\/09\/Figurine-One-Piece-Ichiji.jpg","type":"image\/jpeg"}],"twitter_card":"summary_large_image","twitter_misc":{"Ansl. lesetid":"1 minutt"},"schema":{"@context":"https:\/\/schema.org","@graph":[{"@type":"WebPage","@id":"https:\/\/boutique-one-piece.com\/figurines-one-piece\/figurine-one-piece-frere-de-sanji\/","url":"https:\/\/boutique-one-piece.com\/figurines-one-piece\/figurine-one-piece-frere-de-sanji\/","name":"One Piece Ichiji Vinsmoke-figur | One Piece-butikk","isPartOf":{"@id":"https:\/\/boutique-one-piece.com\/#website"},"primaryImageOfPage":{"@id":"https:\/\/boutique-one-piece.com\/figurines-one-piece\/figurine-one-piece-frere-de-sanji\/#primaryimage"},"image":{"@id":"https:\/\/boutique-one-piece.com\/figurines-one-piece\/figurine-one-piece-frere-de-sanji\/#primaryimage"},"thumbnailUrl":"https:\/\/boutique-one-piece.com\/wp-content\/uploads\/2022\/09\/Figurine-One-Piece-Ichiji.jpg","datePublished":"2022-09-27T21:24:01+00:00","dateModified":"2024-09-16T13:27:56+00:00","description":"Unge pirat, tiden er inne for at du skal f\u00e5 tak i denne One Piece Ichiji-figuren. Vinsmoke Ichiji, ogs\u00e5 kjent som Sparking Red, er en kommand\u00f8r av Germa 66 og den eldste s\u00f8nnen i Vinsmoke-familien, noe som gj\u00f8r ham til en prins. Han er et genetisk modifisert menneske, skapt av faren sin. (Liten familie)","breadcrumb":{"@id":"https:\/\/boutique-one-piece.com\/figurines-one-piece\/figurine-one-piece-frere-de-sanji\/#breadcrumb"},"inLanguage":"nb-NO","potentialAction":[{"@type":"ReadAction","target":["https:\/\/boutique-one-piece.com\/figurines-one-piece\/figurine-one-piece-frere-de-sanji\/"]}]},{"@type":"ImageObject","inLanguage":"nb-NO","@id":"https:\/\/boutique-one-piece.com\/figurines-one-piece\/figurine-one-piece-frere-de-sanji\/#primaryimage","url":"https:\/\/boutique-one-piece.com\/wp-content\/uploads\/2022\/09\/Figurine-One-Piece-Ichiji.jpg","contentUrl":"https:\/\/boutique-one-piece.com\/wp-content\/uploads\/2022\/09\/Figurine-One-Piece-Ichiji.jpg","width":565,"height":552,"caption":"Figurine One Piece Ichiji Default Title"},{"@type":"BreadcrumbList","@id":"https:\/\/boutique-one-piece.com\/figurines-one-piece\/figurine-one-piece-frere-de-sanji\/#breadcrumb","itemListElement":[{"@type":"ListItem","position":1,"name":"Home","item":"https:\/\/boutique-one-piece.com\/"},{"@type":"ListItem","position":2,"name":"Shop","item":"https:\/\/boutique-one-piece.com\/shop\/"},{"@type":"ListItem","position":3,"name":"Figurine One Piece Ichiji"}]},{"@type":"WebSite","@id":"https:\/\/boutique-one-piece.com\/#website","url":"https:\/\/boutique-one-piece.com\/","name":"One Piece-butikk","description":"Spesialbutikk for One Piece Manga og Anime","publisher":{"@id":"https:\/\/boutique-one-piece.com\/#organization"},"potentialAction":[{"@type":"SearchAction","target":{"@type":"EntryPoint","urlTemplate":"https:\/\/boutique-one-piece.com\/?s={search_term_string}"},"query-input":{"@type":"PropertyValueSpecification","valueRequired":true,"valueName":"search_term_string"}}],"inLanguage":"nb-NO"},{"@type":"Organization","@id":"https:\/\/boutique-one-piece.com\/#organization","name":"One Piece-butikk","url":"https:\/\/boutique-one-piece.com\/","logo":{"@type":"ImageObject","inLanguage":"nb-NO","@id":"https:\/\/boutique-one-piece.com\/#\/schema\/logo\/image\/","url":"https:\/\/boutique-one-piece.com\/wp-content\/uploads\/2022\/09\/Logo-01.png","contentUrl":"https:\/\/boutique-one-piece.com\/wp-content\/uploads\/2022\/09\/Logo-01.png","width":2318,"height":957,"caption":"Boutique One Piece"},"image":{"@id":"https:\/\/boutique-one-piece.com\/#\/schema\/logo\/image\/"}}]}},"_links":{"self":[{"href":"https:\/\/boutique-one-piece.com\/nb\/wp-json\/wp\/v2\/product\/13978","targetHints":{"allow":["GET"]}}],"collection":[{"href":"https:\/\/boutique-one-piece.com\/nb\/wp-json\/wp\/v2\/product"}],"about":[{"href":"https:\/\/boutique-one-piece.com\/nb\/wp-json\/wp\/v2\/types\/product"}],"replies":[{"embeddable":true,"href":"https:\/\/boutique-one-piece.com\/nb\/wp-json\/wp\/v2\/comments?post=13978"}],"wp:featuredmedia":[{"embeddable":true,"href":"https:\/\/boutique-one-piece.com\/nb\/wp-json\/wp\/v2\/media\/13980"}],"wp:attachment":[{"href":"https:\/\/boutique-one-piece.com\/nb\/wp-json\/wp\/v2\/media?parent=13978"}],"wp:term":[{"taxonomy":"product_brand","embeddable":true,"href":"https:\/\/boutique-one-piece.com\/nb\/wp-json\/wp\/v2\/product_brand?post=13978"},{"taxonomy":"product_cat","embeddable":true,"href":"https:\/\/boutique-one-piece.com\/nb\/wp-json\/wp\/v2\/product_cat?post=13978"},{"taxonomy":"product_tag","embeddable":true,"href":"https:\/\/boutique-one-piece.com\/nb\/wp-json\/wp\/v2\/product_tag?post=13978"}],"curies":[{"name":"wp","href":"https:\/\/api.w.org\/{rel}","templated":true}]}}