{"id":14132,"date":"2022-09-27T21:25:04","date_gmt":"2022-09-27T21:25:04","guid":{"rendered":"https:\/\/boutique-one-piece.com\/uncategorized\/tableau-one-piece-franky-2\/"},"modified":"2024-09-16T13:32:27","modified_gmt":"2024-09-16T13:32:27","slug":"one-piece-franky-2-maleri","status":"publish","type":"product","link":"https:\/\/boutique-one-piece.com\/nb\/one-piece-dekorasjoner\/one-piece-franky-2-maleri\/","title":{"rendered":"One Piece Franky-maleri"},"content":{"rendered":"<p><meta charset=\"utf-8\"><\/p>\n<h2>One Piece-lerretsbilde med fem paneler av inspirasjon fra cyborgen Franky, tidligere leder av Franky-familien. Et kvalitetslerretsbilde for en pirat som deg!<\/h2>\n<p>Hvis du er en\u00a0<strong>ekte pirat<\/strong>, Du vil sette pris p\u00e5\u00a0<strong>kvalitet<\/strong>\u00a0lerret, maling og en ramme til deres\u00a0<strong>design\u00a0<\/strong>Og\u00a0<strong>3D-lerretsutskrift<\/strong>\u00a0av dette\u00a0<strong>One Piece 5-panelsmaleri<\/strong>\u00a0Men viktigst av alt, med dette diagrammet vil du v\u00e6re en del av\u00a0<strong>fanteamet<\/strong>\u00a0av\u00a0<strong>piratmanga<\/strong>\u00a0og du vil f\u00e5:<\/p>\n<ul>\n<li>\u00a0<strong>Beundring<\/strong>\u00a0av alle fansen av\u00a0<strong>mugiwara<\/strong>\u00a0som du vil invitere hjem til deg<\/li>\n<\/ul>\n<ul>\n<li>En ekte\u00a0<strong>5-delers trykt diagram<\/strong>\u00a0som du kan bruke<strong>\u00a0\u00e5 forestille seg\u00a0<\/strong>\u00e5 kjempe med <strong>Franky<\/strong>\n<\/li>\n<\/ul>\n<p>S\u00e5, klar til \u00e5 vise frem\u00a0<strong>farger <\/strong>av<strong><\/strong>s<b>\u00a0Mugiwaras<\/b>\u00a0?<\/p>\n<h2>Er du en fan av One Piece manga eller anime? Vis det frem med dette 5-delte One Piece lerretsbildet!<\/h2>\n<p>Hvis du\u00a0<strong>lese<\/strong>\u00a0eller hvor enn du ser\u00a0<strong>animeen\u00a0<\/strong><strong>japansk<\/strong>, Det er stor sjanse for at du har blitt\u00a0<strong>gal etter One Piece<\/strong>\u00a0Med dette!\u00a0<strong>Franky 5-panelsmaleri<\/strong>, bli med i\u2019<strong>en gjeng med fans av franchisen<\/strong><\/p>\n<p>Dette\u00a0<strong>maleri<\/strong>\u00a0er tilgjengelig med en\u00a0<strong>treramme<\/strong>\u00a0varianten &quot;\u00ab\u00a0<strong>Med ramme<\/strong>\u00ab&quot;Det er ogs\u00e5 mulig \u00e5 bare ha\u00a0<strong>klut<\/strong>\u00a0med varianten &quot;\u00ab\u00a0<strong>Rammel\u00f8s<\/strong>\u00ab&quot;Du finner bordet i st\u00f8rrelsene\u00a0<strong>Liten<\/strong>,<strong>\u00a0GJENNOMSNITTLIG<\/strong>,<strong>\u00a0Stor<\/strong>,<strong>\u00a0XL<\/strong>, Den passer for alle typer pirater, selv om du ikke har\u00a0<strong>sverd<\/strong>\u00a0eller\u00a0<strong>djevelfrukt<\/strong>\u00a0du kan fortsatt stolt henge den opp hjemme<\/p>\n<p><strong>Franky<\/strong>, hans virkelige navn <strong>Cutty Flam<\/strong>, er snekkeren til <strong>mannskapet<\/strong>\u00a0av <strong>Str\u00e5hatt<\/strong>. Franky er en super <strong>cyborg<\/strong>, <strong>Ape D. Luffy<\/strong> rekrutterte ham p\u00e5 \u00f8ya\u00a0<strong>Vann syv<\/strong>, under buen <strong>Enies lobby.\u00a0<\/strong>Franky trodde p\u00e5 Luffy, selv da han fortsatt var med <strong>Franky-familien<\/strong><\/p>\n<h2>Informasjon om maleriet:<\/h2>\n<ul>\n<li>\n<strong>H\u00f8ykvalitets trykt lerret\u00a0<\/strong>vegglerret laget av <strong>bomull<\/strong> og <strong>senget\u00f8y<\/strong>, for \u00e5 f\u00e5 en <strong>klut<\/strong> verdig navnet<\/li>\n<\/ul>\n<ul>\n<li>\n<strong>Ultra Design-maleri<\/strong>\u00a0Den femdelte tabellen gir mye <strong>stil<\/strong> til en <strong>stykke<\/strong>, Fans kan ikke annet enn \u00e5 elske det<\/li>\n<\/ul>\n<ul style=\"font-weight: 400;\">\n<li>\n<strong>Farge og utskrift\u00a0<\/strong>One Piece-maleri med trykk <strong>Canva<\/strong> standarden innen lerretstrykk<\/li>\n<\/ul>\n<ul style=\"font-weight: 400;\">\n<li>\n<strong>Lett veggkunst<\/strong>\u00a0flotte omgivelser <strong>lys,<\/strong> alt som trengs er \u00e9n <strong>spiker<\/strong> eller av <strong>fast ben<\/strong> for <strong>holde<\/strong> P\u00e5 <strong>vegg<\/strong>\n<\/li>\n<\/ul>\n<ul style=\"font-weight: 400;\">\n<li>\n<strong>Treramme<\/strong>\u00a0: varianten &quot;\u00ab\u00a0<strong>Med ramme<\/strong>\u00a0\u00bb er ledsaget av en <strong>treramme<\/strong> og versjonen&quot;\u00ab\u00a0<strong>Rammel\u00f8s<\/strong>\u00a0\u00bb er levert <strong>uten trerammen<\/strong>\n<\/li>\n<\/ul>\n<ul style=\"font-weight: 400;\">\n<li>\n<strong>Gratis levering\u00a0<\/strong>for ethvert kj\u00f8p<strong>\u00a0<\/strong>\n<\/li>\n<\/ul>\n<h3>Ikke glem \u00e5 ta en titt p\u00e5 st\u00f8rrelsesguiden nedenfor.<\/h3>\n<h2>\n<strong style=\"font-size: 15px;\">One Piece 5-delers maleri<\/strong><span style=\"font-size: 15px;\">,<\/span><strong style=\"font-size: 15px;\"> <\/strong><span style=\"font-size: 15px;\">St\u00f8rrelse<\/span><strong style=\"font-size: 15px;\"> <\/strong><span style=\"font-size: 15px;\">: <\/span><strong style=\"font-size: 15px;\">Liten<\/strong><br \/>\n<\/h2>\n<p>\u00a0<img decoding=\"async\" src=\"https:\/\/cdn.shopify.com\/s\/files\/1\/0087\/7556\/5348\/files\/guide_taille_tableau_one_piece_petit_boutique_one_piece_large.jpg?v=1560247451\" alt=\"St\u00f8rrelsesguide for 5 deler (liten)\"><\/p>\n<p><strong>One Piece 5-delers maleri<\/strong>, St\u00f8rrelse<strong> <\/strong>:<strong> GJENNOMSNITTLIG<\/strong><\/p>\n<p>\u00a0<img decoding=\"async\" src=\"https:\/\/cdn.shopify.com\/s\/files\/1\/0087\/7556\/5348\/files\/guide_taille_tableau_one_piece_moyen_boutique_one_piece_large.jpg?v=1560247519\" alt=\"st\u00f8rrelsesguide ett stykke 5 stykker Medium\"><\/p>\n<p><strong>One Piece 5-delers maleri<\/strong>, St\u00f8rrelse<strong> <\/strong>: <strong>Stor<\/strong><\/p>\n<p>\u00a0<img decoding=\"async\" src=\"https:\/\/cdn.shopify.com\/s\/files\/1\/0087\/7556\/5348\/files\/guide_taille_tableau_one_piece_grand_boutique_one_piece_large.jpg?v=1560247582\" alt=\"St\u00f8rrelsesguide for 5 deler (stor)\"><\/p>\n<p><strong>One Piece 5-delers maleri<\/strong>, St\u00f8rrelse: <strong>XL<\/strong><\/p>\n<p><img decoding=\"async\" src=\"https:\/\/cdn.shopify.com\/s\/files\/1\/0087\/7556\/5348\/files\/guide_taille_tableau_one_piece_xl_boutique_one_piece_large.jpg?v=1560247610\" alt=\"One Piece 5-delt XL st\u00f8rrelsestabell\"><\/p>","protected":false},"excerpt":{"rendered":"<p>Tableau One Piece 5 Panneaux avec Franky le Cyborg l&rsquo;ancien Chef de la Franky Familly,Un Tableau de qualit\u00e9 pour un pirate comme\u00a0toi\u00a0! Si tu es un\u00a0v\u00e9ritable pirate, tu sauras appr\u00e9cier la\u00a0qualit\u00e9\u00a0de la toile, de la peinture et du cadre\u00a0pour leurs\u00a0conceptions\u00a0et\u00a0l&rsquo;impression 3D Canvas\u00a0de ce\u00a0tableau 5 panneaux\u00a0One Piece\u00a0!\u00a0Mais le plus important, avec ce\u00a0tableau\u00a0c\u2019est que tu\u00a0feras partie de\u00a0l&rsquo;\u00e9quipage\u00a0des [&hellip;]<\/p>","protected":false},"featured_media":9448,"comment_status":"open","ping_status":"open","template":"","meta":[],"product_brand":[],"product_cat":[150],"product_tag":[129,142,143],"class_list":{"0":"post-14132","1":"product","2":"type-product","3":"status-publish","4":"has-post-thumbnail","6":"product_cat-decorations-one-piece","7":"product_tag-franky","8":"product_tag-tableau-5-pieces","9":"product_tag-toile","11":"first","12":"instock","13":"purchasable","14":"product-type-variable","15":"has-default-attributes"},"yoast_head":"<!-- This site is optimized with the Yoast SEO plugin v27.5 - https:\/\/yoast.com\/product\/yoast-seo-wordpress\/ -->\n<title>Tableau One Piece Franky | Boutique One Piece<\/title>\n<meta name=\"description\" content=\"Tableau 5 Pi\u00e8ces One Piece avec Franky le Charpentier des Mugiwara de Tr\u00e8s Haute Qualit\u00e9 Fan de l&#039;Univers des Pirates ce Tableau 5 Panneaux est Fait Pour Vous !\" \/>\n<meta name=\"robots\" content=\"index, follow, max-snippet:-1, max-image-preview:large, max-video-preview:-1\" \/>\n<link rel=\"canonical\" href=\"https:\/\/boutique-one-piece.com\/nb\/one-piece-dekorasjoner\/one-piece-franky-2-maleri\/\" \/>\n<meta property=\"og:locale\" content=\"nb_NO\" \/>\n<meta property=\"og:type\" content=\"article\" \/>\n<meta property=\"og:title\" content=\"Tableau One Piece Franky | Boutique One Piece\" \/>\n<meta property=\"og:description\" content=\"Tableau 5 Pi\u00e8ces One Piece avec Franky le Charpentier des Mugiwara de Tr\u00e8s Haute Qualit\u00e9 Fan de l&#039;Univers des Pirates ce Tableau 5 Panneaux est Fait Pour Vous !\" \/>\n<meta property=\"og:url\" content=\"https:\/\/boutique-one-piece.com\/nb\/one-piece-dekorasjoner\/one-piece-franky-2-maleri\/\" \/>\n<meta property=\"og:site_name\" content=\"Boutique One Piece\" \/>\n<meta property=\"article:modified_time\" content=\"2024-09-16T13:32:27+00:00\" \/>\n<meta property=\"og:image\" content=\"https:\/\/boutique-one-piece.com\/wp-content\/uploads\/2022\/09\/Tableau-One-Piece-Franky.jpg\" \/>\n\t<meta property=\"og:image:width\" content=\"600\" \/>\n\t<meta property=\"og:image:height\" content=\"600\" \/>\n\t<meta property=\"og:image:type\" content=\"image\/jpeg\" \/>\n<meta name=\"twitter:card\" content=\"summary_large_image\" \/>\n<meta name=\"twitter:label1\" content=\"Ansl. lesetid\" \/>\n\t<meta name=\"twitter:data1\" content=\"2 minutter\" \/>\n<script type=\"application\/ld+json\" class=\"yoast-schema-graph\">{\"@context\":\"https:\\\/\\\/schema.org\",\"@graph\":[{\"@type\":\"WebPage\",\"@id\":\"https:\\\/\\\/boutique-one-piece.com\\\/decorations-one-piece\\\/tableau-one-piece-franky-2\\\/\",\"url\":\"https:\\\/\\\/boutique-one-piece.com\\\/decorations-one-piece\\\/tableau-one-piece-franky-2\\\/\",\"name\":\"Tableau One Piece Franky | Boutique One Piece\",\"isPartOf\":{\"@id\":\"https:\\\/\\\/boutique-one-piece.com\\\/#website\"},\"primaryImageOfPage\":{\"@id\":\"https:\\\/\\\/boutique-one-piece.com\\\/decorations-one-piece\\\/tableau-one-piece-franky-2\\\/#primaryimage\"},\"image\":{\"@id\":\"https:\\\/\\\/boutique-one-piece.com\\\/decorations-one-piece\\\/tableau-one-piece-franky-2\\\/#primaryimage\"},\"thumbnailUrl\":\"https:\\\/\\\/boutique-one-piece.com\\\/wp-content\\\/uploads\\\/2022\\\/09\\\/Tableau-One-Piece-Franky.jpg\",\"datePublished\":\"2022-09-27T21:25:04+00:00\",\"dateModified\":\"2024-09-16T13:32:27+00:00\",\"description\":\"Tableau 5 Pi\u00e8ces One Piece avec Franky le Charpentier des Mugiwara de Tr\u00e8s Haute Qualit\u00e9 Fan de l'Univers des Pirates ce Tableau 5 Panneaux est Fait Pour Vous !\",\"breadcrumb\":{\"@id\":\"https:\\\/\\\/boutique-one-piece.com\\\/decorations-one-piece\\\/tableau-one-piece-franky-2\\\/#breadcrumb\"},\"inLanguage\":\"nb-NO\",\"potentialAction\":[{\"@type\":\"ReadAction\",\"target\":[\"https:\\\/\\\/boutique-one-piece.com\\\/decorations-one-piece\\\/tableau-one-piece-franky-2\\\/\"]}]},{\"@type\":\"ImageObject\",\"inLanguage\":\"nb-NO\",\"@id\":\"https:\\\/\\\/boutique-one-piece.com\\\/decorations-one-piece\\\/tableau-one-piece-franky-2\\\/#primaryimage\",\"url\":\"https:\\\/\\\/boutique-one-piece.com\\\/wp-content\\\/uploads\\\/2022\\\/09\\\/Tableau-One-Piece-Franky.jpg\",\"contentUrl\":\"https:\\\/\\\/boutique-one-piece.com\\\/wp-content\\\/uploads\\\/2022\\\/09\\\/Tableau-One-Piece-Franky.jpg\",\"width\":600,\"height\":600,\"caption\":\"Tableau One Piece Franky XL Avec Cadre\"},{\"@type\":\"BreadcrumbList\",\"@id\":\"https:\\\/\\\/boutique-one-piece.com\\\/decorations-one-piece\\\/tableau-one-piece-franky-2\\\/#breadcrumb\",\"itemListElement\":[{\"@type\":\"ListItem\",\"position\":1,\"name\":\"Home\",\"item\":\"https:\\\/\\\/boutique-one-piece.com\\\/\"},{\"@type\":\"ListItem\",\"position\":2,\"name\":\"Shop\",\"item\":\"https:\\\/\\\/boutique-one-piece.com\\\/shop\\\/\"},{\"@type\":\"ListItem\",\"position\":3,\"name\":\"Tableau One Piece Franky\"}]},{\"@type\":\"WebSite\",\"@id\":\"https:\\\/\\\/boutique-one-piece.com\\\/#website\",\"url\":\"https:\\\/\\\/boutique-one-piece.com\\\/\",\"name\":\"Boutique One Piece\",\"description\":\"Magasin Sp\u00e9cialis\u00e9 du Manga et l&#039;Anime One Piece\",\"publisher\":{\"@id\":\"https:\\\/\\\/boutique-one-piece.com\\\/#organization\"},\"potentialAction\":[{\"@type\":\"SearchAction\",\"target\":{\"@type\":\"EntryPoint\",\"urlTemplate\":\"https:\\\/\\\/boutique-one-piece.com\\\/?s={search_term_string}\"},\"query-input\":{\"@type\":\"PropertyValueSpecification\",\"valueRequired\":true,\"valueName\":\"search_term_string\"}}],\"inLanguage\":\"nb-NO\"},{\"@type\":\"Organization\",\"@id\":\"https:\\\/\\\/boutique-one-piece.com\\\/#organization\",\"name\":\"Boutique One Piece\",\"url\":\"https:\\\/\\\/boutique-one-piece.com\\\/\",\"logo\":{\"@type\":\"ImageObject\",\"inLanguage\":\"nb-NO\",\"@id\":\"https:\\\/\\\/boutique-one-piece.com\\\/#\\\/schema\\\/logo\\\/image\\\/\",\"url\":\"https:\\\/\\\/boutique-one-piece.com\\\/wp-content\\\/uploads\\\/2022\\\/09\\\/Logo-01.png\",\"contentUrl\":\"https:\\\/\\\/boutique-one-piece.com\\\/wp-content\\\/uploads\\\/2022\\\/09\\\/Logo-01.png\",\"width\":2318,\"height\":957,\"caption\":\"Boutique One Piece\"},\"image\":{\"@id\":\"https:\\\/\\\/boutique-one-piece.com\\\/#\\\/schema\\\/logo\\\/image\\\/\"}}]}<\/script>\n<!-- \/ Yoast SEO plugin. -->","yoast_head_json":{"title":"One Piece Franky-maleri | One Piece-butikk","description":"5-delt lerretsbilde med inspirasjon fra str\u00e5hattbyggeren Franky \u2013 sv\u00e6rt h\u00f8y kvalitet! Fans av piratuniverset, dette 5-panels lerretsbildet er noe for deg!","robots":{"index":"index","follow":"follow","max-snippet":"max-snippet:-1","max-image-preview":"max-image-preview:large","max-video-preview":"max-video-preview:-1"},"canonical":"https:\/\/boutique-one-piece.com\/nb\/one-piece-dekorasjoner\/one-piece-franky-2-maleri\/","og_locale":"nb_NO","og_type":"article","og_title":"Tableau One Piece Franky | Boutique One Piece","og_description":"Tableau 5 Pi\u00e8ces One Piece avec Franky le Charpentier des Mugiwara de Tr\u00e8s Haute Qualit\u00e9 Fan de l'Univers des Pirates ce Tableau 5 Panneaux est Fait Pour Vous !","og_url":"https:\/\/boutique-one-piece.com\/nb\/one-piece-dekorasjoner\/one-piece-franky-2-maleri\/","og_site_name":"Boutique One Piece","article_modified_time":"2024-09-16T13:32:27+00:00","og_image":[{"width":600,"height":600,"url":"https:\/\/boutique-one-piece.com\/wp-content\/uploads\/2022\/09\/Tableau-One-Piece-Franky.jpg","type":"image\/jpeg"}],"twitter_card":"summary_large_image","twitter_misc":{"Ansl. lesetid":"2 minutter"},"schema":{"@context":"https:\/\/schema.org","@graph":[{"@type":"WebPage","@id":"https:\/\/boutique-one-piece.com\/decorations-one-piece\/tableau-one-piece-franky-2\/","url":"https:\/\/boutique-one-piece.com\/decorations-one-piece\/tableau-one-piece-franky-2\/","name":"One Piece Franky-maleri | One Piece-butikk","isPartOf":{"@id":"https:\/\/boutique-one-piece.com\/#website"},"primaryImageOfPage":{"@id":"https:\/\/boutique-one-piece.com\/decorations-one-piece\/tableau-one-piece-franky-2\/#primaryimage"},"image":{"@id":"https:\/\/boutique-one-piece.com\/decorations-one-piece\/tableau-one-piece-franky-2\/#primaryimage"},"thumbnailUrl":"https:\/\/boutique-one-piece.com\/wp-content\/uploads\/2022\/09\/Tableau-One-Piece-Franky.jpg","datePublished":"2022-09-27T21:25:04+00:00","dateModified":"2024-09-16T13:32:27+00:00","description":"5-delt lerretsbilde med inspirasjon fra str\u00e5hattbyggeren Franky \u2013 sv\u00e6rt h\u00f8y kvalitet! Fans av piratuniverset, dette 5-panels lerretsbildet er noe for deg!","breadcrumb":{"@id":"https:\/\/boutique-one-piece.com\/decorations-one-piece\/tableau-one-piece-franky-2\/#breadcrumb"},"inLanguage":"nb-NO","potentialAction":[{"@type":"ReadAction","target":["https:\/\/boutique-one-piece.com\/decorations-one-piece\/tableau-one-piece-franky-2\/"]}]},{"@type":"ImageObject","inLanguage":"nb-NO","@id":"https:\/\/boutique-one-piece.com\/decorations-one-piece\/tableau-one-piece-franky-2\/#primaryimage","url":"https:\/\/boutique-one-piece.com\/wp-content\/uploads\/2022\/09\/Tableau-One-Piece-Franky.jpg","contentUrl":"https:\/\/boutique-one-piece.com\/wp-content\/uploads\/2022\/09\/Tableau-One-Piece-Franky.jpg","width":600,"height":600,"caption":"Tableau One Piece Franky XL Avec Cadre"},{"@type":"BreadcrumbList","@id":"https:\/\/boutique-one-piece.com\/decorations-one-piece\/tableau-one-piece-franky-2\/#breadcrumb","itemListElement":[{"@type":"ListItem","position":1,"name":"Home","item":"https:\/\/boutique-one-piece.com\/"},{"@type":"ListItem","position":2,"name":"Shop","item":"https:\/\/boutique-one-piece.com\/shop\/"},{"@type":"ListItem","position":3,"name":"Tableau One Piece Franky"}]},{"@type":"WebSite","@id":"https:\/\/boutique-one-piece.com\/#website","url":"https:\/\/boutique-one-piece.com\/","name":"One Piece-butikk","description":"Spesialbutikk for One Piece Manga og Anime","publisher":{"@id":"https:\/\/boutique-one-piece.com\/#organization"},"potentialAction":[{"@type":"SearchAction","target":{"@type":"EntryPoint","urlTemplate":"https:\/\/boutique-one-piece.com\/?s={search_term_string}"},"query-input":{"@type":"PropertyValueSpecification","valueRequired":true,"valueName":"search_term_string"}}],"inLanguage":"nb-NO"},{"@type":"Organization","@id":"https:\/\/boutique-one-piece.com\/#organization","name":"One Piece-butikk","url":"https:\/\/boutique-one-piece.com\/","logo":{"@type":"ImageObject","inLanguage":"nb-NO","@id":"https:\/\/boutique-one-piece.com\/#\/schema\/logo\/image\/","url":"https:\/\/boutique-one-piece.com\/wp-content\/uploads\/2022\/09\/Logo-01.png","contentUrl":"https:\/\/boutique-one-piece.com\/wp-content\/uploads\/2022\/09\/Logo-01.png","width":2318,"height":957,"caption":"Boutique One Piece"},"image":{"@id":"https:\/\/boutique-one-piece.com\/#\/schema\/logo\/image\/"}}]}},"_links":{"self":[{"href":"https:\/\/boutique-one-piece.com\/nb\/wp-json\/wp\/v2\/product\/14132","targetHints":{"allow":["GET"]}}],"collection":[{"href":"https:\/\/boutique-one-piece.com\/nb\/wp-json\/wp\/v2\/product"}],"about":[{"href":"https:\/\/boutique-one-piece.com\/nb\/wp-json\/wp\/v2\/types\/product"}],"replies":[{"embeddable":true,"href":"https:\/\/boutique-one-piece.com\/nb\/wp-json\/wp\/v2\/comments?post=14132"}],"wp:featuredmedia":[{"embeddable":true,"href":"https:\/\/boutique-one-piece.com\/nb\/wp-json\/wp\/v2\/media\/9448"}],"wp:attachment":[{"href":"https:\/\/boutique-one-piece.com\/nb\/wp-json\/wp\/v2\/media?parent=14132"}],"wp:term":[{"taxonomy":"product_brand","embeddable":true,"href":"https:\/\/boutique-one-piece.com\/nb\/wp-json\/wp\/v2\/product_brand?post=14132"},{"taxonomy":"product_cat","embeddable":true,"href":"https:\/\/boutique-one-piece.com\/nb\/wp-json\/wp\/v2\/product_cat?post=14132"},{"taxonomy":"product_tag","embeddable":true,"href":"https:\/\/boutique-one-piece.com\/nb\/wp-json\/wp\/v2\/product_tag?post=14132"}],"curies":[{"name":"wp","href":"https:\/\/api.w.org\/{rel}","templated":true}]}}