{"id":14476,"date":"2022-09-27T21:27:04","date_gmt":"2022-09-27T21:27:04","guid":{"rendered":"https:\/\/boutique-one-piece.com\/uncategorized\/puzzle-1000-pieeces-one-piece-roi-des-pirates-2\/"},"modified":"2024-09-16T13:41:39","modified_gmt":"2024-09-16T13:41:39","slug":"puslespill-1000-brikker-ett-stykke-piratenes-konge-2","status":"publish","type":"product","link":"https:\/\/boutique-one-piece.com\/nb\/one-piece-godbiter\/roronoa-zoro-godbiter-i-ett-stykke\/puslespill-1000-brikker-ett-stykke-piratenes-konge-2\/","title":{"rendered":"One Piece King of the Pirates 1000-brikkers puslespill"},"content":{"rendered":"<p><meta charset=\"utf-8\"><\/p>\n<h2>\n<b>One Piece 1000-brikkers trykt puslespill med forskjellige viktige karakterer fra Monkey D. Luffys historie\u00a0<\/b><b>,\u00a0<\/b>Et supert spill for en pirat som deg!<\/h2>\n<p>Hvis du er en\u00a0<strong>ekte pirat<\/strong>,\u00a0<strong>liten<\/strong>\u00a0Eller\u00a0<strong>stor<\/strong>,Du vil sette pris p\u00e5 det<span>\u00a0<\/span>der\u00a0<strong>kvalitet<\/strong>\u00a0av\u00a0<strong>trebiter<\/strong>, av\u00a0<strong>maling<\/strong>\u00a0Og\u00a0<strong>3D-utskrift<\/strong>\u00a0av dette\u00a0<strong>One Piece 1000-brikkers puslespill<\/strong>\u00a0Men viktigst av alt, med dette puslespillet vil du v\u00e6re en del av\u00a0<strong>fanteamet<\/strong>\u00a0av\u00a0<strong>piratmanga<\/strong>\u00a0og du vil f\u00e5:<\/p>\n<ul>\n<li>\u00a0<strong>Beundring<\/strong>\u00a0av alle fansen av\u00a0<strong>mugiwara<\/strong>\u00a0som du vil invitere til \u00e5 spille hjemme hos deg<\/li>\n<\/ul>\n<ul>\n<li>En ekte\u00a0<strong>trykt puslespill<\/strong>\u00a0som du kan bruke<strong>\u00a0ha det g\u00f8y<\/strong><span>\u00a0<\/span>\u00e5 samle alle bitene til<strong>\u00a0avsl\u00f8re\u00a0<\/strong>de <strong>karakterer<\/strong> av <strong>manga<\/strong>\n<\/li>\n<\/ul>\n<p>\u00a0S\u00e5, klar til<span>\u00a0<\/span><strong>spille<\/strong><span>\u00a0<\/span>med et spill<span>\u00a0<\/span><strong>Ett stykke<\/strong>\u00a0?<\/p>\n<h2>Er du en fan av One Piece manga eller anime? Vis det med denne!<span>\u00a0<\/span>One Piece-puslespill med 1000 brikker!<\/h2>\n<p>Hvis du\u00a0<strong>lese<\/strong>\u00a0eller hvor enn du ser\u00a0<strong>animeen\u00a0<\/strong><strong>japansk<\/strong>, Det er stor sjanse for at du har blitt\u00a0<strong>gal etter One Piece<\/strong>\u00a0Med dette!\u00a0<strong>1000-brikkers One Piece King of the Pirates-puslespill<\/strong>, bli med i\u2019<strong>en gjeng med fans av franchisen<\/strong><\/p>\n<h2><strong>Informasjon om puslespill:<\/strong><\/h2>\n<ul>\n<li>\n<strong>H\u00f8ykvalitets trykt puslespill\u00a0<\/strong>Brikkene er laget av tre.<\/li>\n<\/ul>\n<ul>\n<li>\n<strong>Ultra Design-puslespill<\/strong>\u00a0Dette puslespillet med 1000 brikker er helt nydelig n\u00e5r det er ferdig.\u00a0<strong>ferdig<\/strong>\u00a0du kan bruke den som\u00a0<strong>maleri<\/strong>, Fans kan ikke annet enn \u00e5 elske det<\/li>\n<\/ul>\n<ul>\n<li>\n<strong>Farge og utskrift\u00a0<\/strong>One Piece-puslespill med trykk\u00a0<strong>Lerret<\/strong>\u00a0standarden innen trykking<\/li>\n<\/ul>\n<ul>\n<li>\n<strong>Middels vanskelighetsgrad<\/strong>\u00a0perfekt egnet for barn fra\u00a0<strong>6 \u00e5r<\/strong>. F\u00f8r den alderen, den\u00a0<strong>overv\u00e5king<\/strong>\u00a0av en\u00a0<strong>voksen<\/strong>\u00a0\u00d8st\u00a0<strong>anbefalt<\/strong>\n<\/li>\n<\/ul>\n<ul>\n<li>\n<strong>For barn og voksne<\/strong>\u00a0Dette er en god mulighet til \u00e5 gj\u00f8re en\u00a0<strong>morsom aktivitet<\/strong>\u00a0Og\u00a0<strong>spennende<\/strong>\u00a0med din\u00a0<strong>barn<\/strong>\u00a0eller med din\u00a0<strong>foreldre<\/strong>\n<\/li>\n<\/ul>\n<ul>\n<li>\n<strong>Dimensjon\u00a0<\/strong>h\u00f8yde\u00a0<strong>50 cm<\/strong>, bredde\u00a0<strong>75 cm<\/strong>, tykkelse\u00a0<strong>2 mm<\/strong>\n<\/li>\n<\/ul>\n<ul>\n<li>\n<strong>Gratis levering\u00a0<\/strong>for ethvert kj\u00f8p<\/li>\n<\/ul>\n<h2><b><img fetchpriority=\"high\" decoding=\"async\" src=\"https:\/\/cdn.shopify.com\/s\/files\/1\/0087\/7556\/5348\/files\/puzzle_one_piece_1000_pieces_en_bois_large.jpg?v=1561382263\" alt=\"One Piece trespill\" width=\"287\" height=\"283\"><\/b><\/h2>\n<ul><\/ul>","protected":false},"excerpt":{"rendered":"<p>Puzzle Imprim\u00e9 1000 Pi\u00e8ces\u00a0One Piece\u00a0avec Diff\u00e9rents Personnages Importants dans l&rsquo;Histoire de Monkey D. Luffy\u00a0,\u00a0Un Super Jeu pour un Pirate Comme Toi\u00a0! Si tu es un\u00a0v\u00e9ritable pirate,\u00a0petit\u00a0ou\u00a0grand,\u00a0tu sauras appr\u00e9cier\u00a0la\u00a0qualit\u00e9\u00a0des\u00a0pi\u00e8ces en bois,\u00a0de la\u00a0peinture\u00a0et\u00a0l&rsquo;impression 3D\u00a0de ce\u00a0Puzzle 1000 pi\u00e8ces\u00a0One Piece\u00a0!\u00a0Mais le plus important, avec ce jeu de r\u00e9flexion ou casse t\u00eate,\u00a0tu\u00a0feras partie de\u00a0l&rsquo;\u00e9quipage\u00a0des fans\u00a0du\u00a0manga de pirates\u00a0et tu obtiendras\u00a0: \u00a0L&rsquo;admiration\u00a0de [&hellip;]<\/p>","protected":false},"featured_media":8507,"comment_status":"open","ping_status":"open","template":"","meta":[],"product_brand":[],"product_cat":[151],"product_tag":[176,68,199,158,200,129,201,202,92,154,203,204,205,127,206,144,113],"class_list":{"0":"post-14476","1":"product","2":"type-product","3":"status-publish","4":"has-post-thumbnail","6":"product_cat-goodies-roronoa-zoro-one-piece","7":"product_tag-ace","8":"product_tag-aokiji","9":"product_tag-barbe-blanche","10":"product_tag-brook","11":"product_tag-doflamingo","12":"product_tag-franky","13":"product_tag-kid","14":"product_tag-law","15":"product_tag-luffy","16":"product_tag-nami","17":"product_tag-puzzle-1000-pieces","18":"product_tag-rayleigh","19":"product_tag-robin","20":"product_tag-shanks","21":"product_tag-smoker","22":"product_tag-usopp","23":"product_tag-zoro","25":"first","26":"instock","27":"purchasable","28":"product-type-simple"},"yoast_head":"<!-- This site is optimized with the Yoast SEO plugin v27.5 - https:\/\/yoast.com\/product\/yoast-seo-wordpress\/ -->\n<title>Puzzle 1000 Pi\u00e8eces One Piece Roi Des Pirates<\/title>\n<meta name=\"description\" content=\"Puzzle Imprim\u00e9 1000 Pi\u00e8ces One Piece avec Diff\u00e9rents Personnages Importants dans l&#039;Histoire de Monkey D. Luffy Jeux Puzzle Imrpim\u00e9 Sur Bois Tr\u00e8s Haute Qualit\u00e9\" \/>\n<meta name=\"robots\" content=\"index, follow, max-snippet:-1, max-image-preview:large, max-video-preview:-1\" \/>\n<link rel=\"canonical\" href=\"https:\/\/boutique-one-piece.com\/nb\/one-piece-godbiter\/roronoa-zoro-godbiter-i-ett-stykke\/puslespill-1000-brikker-ett-stykke-piratenes-konge-2\/\" \/>\n<meta property=\"og:locale\" content=\"nb_NO\" \/>\n<meta property=\"og:type\" content=\"article\" \/>\n<meta property=\"og:title\" content=\"Puzzle 1000 Pi\u00e8eces One Piece Roi Des Pirates\" \/>\n<meta property=\"og:description\" content=\"Puzzle Imprim\u00e9 1000 Pi\u00e8ces One Piece avec Diff\u00e9rents Personnages Importants dans l&#039;Histoire de Monkey D. Luffy Jeux Puzzle Imrpim\u00e9 Sur Bois Tr\u00e8s Haute Qualit\u00e9\" \/>\n<meta property=\"og:url\" content=\"https:\/\/boutique-one-piece.com\/nb\/one-piece-godbiter\/roronoa-zoro-godbiter-i-ett-stykke\/puslespill-1000-brikker-ett-stykke-piratenes-konge-2\/\" \/>\n<meta property=\"og:site_name\" content=\"Boutique One Piece\" \/>\n<meta property=\"article:modified_time\" content=\"2024-09-16T13:41:39+00:00\" \/>\n<meta property=\"og:image\" content=\"https:\/\/boutique-one-piece.com\/wp-content\/uploads\/2022\/09\/Puzzle-1000-Pieeces-One-Piece-Roi-Des-Pirates-1.jpg\" \/>\n\t<meta property=\"og:image:width\" content=\"600\" \/>\n\t<meta property=\"og:image:height\" content=\"402\" \/>\n\t<meta property=\"og:image:type\" content=\"image\/jpeg\" \/>\n<meta name=\"twitter:card\" content=\"summary_large_image\" \/>\n<meta name=\"twitter:label1\" content=\"Ansl. lesetid\" \/>\n\t<meta name=\"twitter:data1\" content=\"2 minutter\" \/>\n<script type=\"application\/ld+json\" class=\"yoast-schema-graph\">{\"@context\":\"https:\\\/\\\/schema.org\",\"@graph\":[{\"@type\":\"WebPage\",\"@id\":\"https:\\\/\\\/boutique-one-piece.com\\\/goodies-one-piece\\\/goodies-roronoa-zoro-one-piece\\\/puzzle-1000-pieeces-one-piece-roi-des-pirates-2\\\/\",\"url\":\"https:\\\/\\\/boutique-one-piece.com\\\/goodies-one-piece\\\/goodies-roronoa-zoro-one-piece\\\/puzzle-1000-pieeces-one-piece-roi-des-pirates-2\\\/\",\"name\":\"Puzzle 1000 Pi\u00e8eces One Piece Roi Des Pirates\",\"isPartOf\":{\"@id\":\"https:\\\/\\\/boutique-one-piece.com\\\/#website\"},\"primaryImageOfPage\":{\"@id\":\"https:\\\/\\\/boutique-one-piece.com\\\/goodies-one-piece\\\/goodies-roronoa-zoro-one-piece\\\/puzzle-1000-pieeces-one-piece-roi-des-pirates-2\\\/#primaryimage\"},\"image\":{\"@id\":\"https:\\\/\\\/boutique-one-piece.com\\\/goodies-one-piece\\\/goodies-roronoa-zoro-one-piece\\\/puzzle-1000-pieeces-one-piece-roi-des-pirates-2\\\/#primaryimage\"},\"thumbnailUrl\":\"https:\\\/\\\/boutique-one-piece.com\\\/wp-content\\\/uploads\\\/2022\\\/09\\\/Puzzle-1000-Pieeces-One-Piece-Roi-Des-Pirates-1.jpg\",\"datePublished\":\"2022-09-27T21:27:04+00:00\",\"dateModified\":\"2024-09-16T13:41:39+00:00\",\"description\":\"Puzzle Imprim\u00e9 1000 Pi\u00e8ces One Piece avec Diff\u00e9rents Personnages Importants dans l'Histoire de Monkey D. Luffy Jeux Puzzle Imrpim\u00e9 Sur Bois Tr\u00e8s Haute Qualit\u00e9\",\"breadcrumb\":{\"@id\":\"https:\\\/\\\/boutique-one-piece.com\\\/goodies-one-piece\\\/goodies-roronoa-zoro-one-piece\\\/puzzle-1000-pieeces-one-piece-roi-des-pirates-2\\\/#breadcrumb\"},\"inLanguage\":\"nb-NO\",\"potentialAction\":[{\"@type\":\"ReadAction\",\"target\":[\"https:\\\/\\\/boutique-one-piece.com\\\/goodies-one-piece\\\/goodies-roronoa-zoro-one-piece\\\/puzzle-1000-pieeces-one-piece-roi-des-pirates-2\\\/\"]}]},{\"@type\":\"ImageObject\",\"inLanguage\":\"nb-NO\",\"@id\":\"https:\\\/\\\/boutique-one-piece.com\\\/goodies-one-piece\\\/goodies-roronoa-zoro-one-piece\\\/puzzle-1000-pieeces-one-piece-roi-des-pirates-2\\\/#primaryimage\",\"url\":\"https:\\\/\\\/boutique-one-piece.com\\\/wp-content\\\/uploads\\\/2022\\\/09\\\/Puzzle-1000-Pieeces-One-Piece-Roi-Des-Pirates-1.jpg\",\"contentUrl\":\"https:\\\/\\\/boutique-one-piece.com\\\/wp-content\\\/uploads\\\/2022\\\/09\\\/Puzzle-1000-Pieeces-One-Piece-Roi-Des-Pirates-1.jpg\",\"width\":600,\"height\":402},{\"@type\":\"BreadcrumbList\",\"@id\":\"https:\\\/\\\/boutique-one-piece.com\\\/goodies-one-piece\\\/goodies-roronoa-zoro-one-piece\\\/puzzle-1000-pieeces-one-piece-roi-des-pirates-2\\\/#breadcrumb\",\"itemListElement\":[{\"@type\":\"ListItem\",\"position\":1,\"name\":\"Home\",\"item\":\"https:\\\/\\\/boutique-one-piece.com\\\/\"},{\"@type\":\"ListItem\",\"position\":2,\"name\":\"Shop\",\"item\":\"https:\\\/\\\/boutique-one-piece.com\\\/shop\\\/\"},{\"@type\":\"ListItem\",\"position\":3,\"name\":\"Puzzle 1000 Pi\u00e8eces One Piece Roi Des Pirates\"}]},{\"@type\":\"WebSite\",\"@id\":\"https:\\\/\\\/boutique-one-piece.com\\\/#website\",\"url\":\"https:\\\/\\\/boutique-one-piece.com\\\/\",\"name\":\"Boutique One Piece\",\"description\":\"Magasin Sp\u00e9cialis\u00e9 du Manga et l&#039;Anime One Piece\",\"publisher\":{\"@id\":\"https:\\\/\\\/boutique-one-piece.com\\\/#organization\"},\"potentialAction\":[{\"@type\":\"SearchAction\",\"target\":{\"@type\":\"EntryPoint\",\"urlTemplate\":\"https:\\\/\\\/boutique-one-piece.com\\\/?s={search_term_string}\"},\"query-input\":{\"@type\":\"PropertyValueSpecification\",\"valueRequired\":true,\"valueName\":\"search_term_string\"}}],\"inLanguage\":\"nb-NO\"},{\"@type\":\"Organization\",\"@id\":\"https:\\\/\\\/boutique-one-piece.com\\\/#organization\",\"name\":\"Boutique One Piece\",\"url\":\"https:\\\/\\\/boutique-one-piece.com\\\/\",\"logo\":{\"@type\":\"ImageObject\",\"inLanguage\":\"nb-NO\",\"@id\":\"https:\\\/\\\/boutique-one-piece.com\\\/#\\\/schema\\\/logo\\\/image\\\/\",\"url\":\"https:\\\/\\\/boutique-one-piece.com\\\/wp-content\\\/uploads\\\/2022\\\/09\\\/Logo-01.png\",\"contentUrl\":\"https:\\\/\\\/boutique-one-piece.com\\\/wp-content\\\/uploads\\\/2022\\\/09\\\/Logo-01.png\",\"width\":2318,\"height\":957,\"caption\":\"Boutique One Piece\"},\"image\":{\"@id\":\"https:\\\/\\\/boutique-one-piece.com\\\/#\\\/schema\\\/logo\\\/image\\\/\"}}]}<\/script>\n<!-- \/ Yoast SEO plugin. -->","yoast_head_json":{"title":"One Piece King of the Pirates 1000-brikkers puslespill","description":"One Piece 1000-brikkers puslespill med forskjellige viktige karakterer fra historien om Monkey D. Luffy. Trepuslespill av h\u00f8y kvalitet.","robots":{"index":"index","follow":"follow","max-snippet":"max-snippet:-1","max-image-preview":"max-image-preview:large","max-video-preview":"max-video-preview:-1"},"canonical":"https:\/\/boutique-one-piece.com\/nb\/one-piece-godbiter\/roronoa-zoro-godbiter-i-ett-stykke\/puslespill-1000-brikker-ett-stykke-piratenes-konge-2\/","og_locale":"nb_NO","og_type":"article","og_title":"Puzzle 1000 Pi\u00e8eces One Piece Roi Des Pirates","og_description":"Puzzle Imprim\u00e9 1000 Pi\u00e8ces One Piece avec Diff\u00e9rents Personnages Importants dans l'Histoire de Monkey D. Luffy Jeux Puzzle Imrpim\u00e9 Sur Bois Tr\u00e8s Haute Qualit\u00e9","og_url":"https:\/\/boutique-one-piece.com\/nb\/one-piece-godbiter\/roronoa-zoro-godbiter-i-ett-stykke\/puslespill-1000-brikker-ett-stykke-piratenes-konge-2\/","og_site_name":"Boutique One Piece","article_modified_time":"2024-09-16T13:41:39+00:00","og_image":[{"width":600,"height":402,"url":"https:\/\/boutique-one-piece.com\/wp-content\/uploads\/2022\/09\/Puzzle-1000-Pieeces-One-Piece-Roi-Des-Pirates-1.jpg","type":"image\/jpeg"}],"twitter_card":"summary_large_image","twitter_misc":{"Ansl. lesetid":"2 minutter"},"schema":{"@context":"https:\/\/schema.org","@graph":[{"@type":"WebPage","@id":"https:\/\/boutique-one-piece.com\/goodies-one-piece\/goodies-roronoa-zoro-one-piece\/puzzle-1000-pieeces-one-piece-roi-des-pirates-2\/","url":"https:\/\/boutique-one-piece.com\/goodies-one-piece\/goodies-roronoa-zoro-one-piece\/puzzle-1000-pieeces-one-piece-roi-des-pirates-2\/","name":"One Piece King of the Pirates 1000-brikkers puslespill","isPartOf":{"@id":"https:\/\/boutique-one-piece.com\/#website"},"primaryImageOfPage":{"@id":"https:\/\/boutique-one-piece.com\/goodies-one-piece\/goodies-roronoa-zoro-one-piece\/puzzle-1000-pieeces-one-piece-roi-des-pirates-2\/#primaryimage"},"image":{"@id":"https:\/\/boutique-one-piece.com\/goodies-one-piece\/goodies-roronoa-zoro-one-piece\/puzzle-1000-pieeces-one-piece-roi-des-pirates-2\/#primaryimage"},"thumbnailUrl":"https:\/\/boutique-one-piece.com\/wp-content\/uploads\/2022\/09\/Puzzle-1000-Pieeces-One-Piece-Roi-Des-Pirates-1.jpg","datePublished":"2022-09-27T21:27:04+00:00","dateModified":"2024-09-16T13:41:39+00:00","description":"One Piece 1000-brikkers puslespill med forskjellige viktige karakterer fra historien om Monkey D. Luffy. Trepuslespill av h\u00f8y kvalitet.","breadcrumb":{"@id":"https:\/\/boutique-one-piece.com\/goodies-one-piece\/goodies-roronoa-zoro-one-piece\/puzzle-1000-pieeces-one-piece-roi-des-pirates-2\/#breadcrumb"},"inLanguage":"nb-NO","potentialAction":[{"@type":"ReadAction","target":["https:\/\/boutique-one-piece.com\/goodies-one-piece\/goodies-roronoa-zoro-one-piece\/puzzle-1000-pieeces-one-piece-roi-des-pirates-2\/"]}]},{"@type":"ImageObject","inLanguage":"nb-NO","@id":"https:\/\/boutique-one-piece.com\/goodies-one-piece\/goodies-roronoa-zoro-one-piece\/puzzle-1000-pieeces-one-piece-roi-des-pirates-2\/#primaryimage","url":"https:\/\/boutique-one-piece.com\/wp-content\/uploads\/2022\/09\/Puzzle-1000-Pieeces-One-Piece-Roi-Des-Pirates-1.jpg","contentUrl":"https:\/\/boutique-one-piece.com\/wp-content\/uploads\/2022\/09\/Puzzle-1000-Pieeces-One-Piece-Roi-Des-Pirates-1.jpg","width":600,"height":402},{"@type":"BreadcrumbList","@id":"https:\/\/boutique-one-piece.com\/goodies-one-piece\/goodies-roronoa-zoro-one-piece\/puzzle-1000-pieeces-one-piece-roi-des-pirates-2\/#breadcrumb","itemListElement":[{"@type":"ListItem","position":1,"name":"Home","item":"https:\/\/boutique-one-piece.com\/"},{"@type":"ListItem","position":2,"name":"Shop","item":"https:\/\/boutique-one-piece.com\/shop\/"},{"@type":"ListItem","position":3,"name":"Puzzle 1000 Pi\u00e8eces One Piece Roi Des Pirates"}]},{"@type":"WebSite","@id":"https:\/\/boutique-one-piece.com\/#website","url":"https:\/\/boutique-one-piece.com\/","name":"One Piece-butikk","description":"Spesialbutikk for One Piece Manga og Anime","publisher":{"@id":"https:\/\/boutique-one-piece.com\/#organization"},"potentialAction":[{"@type":"SearchAction","target":{"@type":"EntryPoint","urlTemplate":"https:\/\/boutique-one-piece.com\/?s={search_term_string}"},"query-input":{"@type":"PropertyValueSpecification","valueRequired":true,"valueName":"search_term_string"}}],"inLanguage":"nb-NO"},{"@type":"Organization","@id":"https:\/\/boutique-one-piece.com\/#organization","name":"One Piece-butikk","url":"https:\/\/boutique-one-piece.com\/","logo":{"@type":"ImageObject","inLanguage":"nb-NO","@id":"https:\/\/boutique-one-piece.com\/#\/schema\/logo\/image\/","url":"https:\/\/boutique-one-piece.com\/wp-content\/uploads\/2022\/09\/Logo-01.png","contentUrl":"https:\/\/boutique-one-piece.com\/wp-content\/uploads\/2022\/09\/Logo-01.png","width":2318,"height":957,"caption":"Boutique One Piece"},"image":{"@id":"https:\/\/boutique-one-piece.com\/#\/schema\/logo\/image\/"}}]}},"_links":{"self":[{"href":"https:\/\/boutique-one-piece.com\/nb\/wp-json\/wp\/v2\/product\/14476","targetHints":{"allow":["GET"]}}],"collection":[{"href":"https:\/\/boutique-one-piece.com\/nb\/wp-json\/wp\/v2\/product"}],"about":[{"href":"https:\/\/boutique-one-piece.com\/nb\/wp-json\/wp\/v2\/types\/product"}],"replies":[{"embeddable":true,"href":"https:\/\/boutique-one-piece.com\/nb\/wp-json\/wp\/v2\/comments?post=14476"}],"wp:featuredmedia":[{"embeddable":true,"href":"https:\/\/boutique-one-piece.com\/nb\/wp-json\/wp\/v2\/media\/8507"}],"wp:attachment":[{"href":"https:\/\/boutique-one-piece.com\/nb\/wp-json\/wp\/v2\/media?parent=14476"}],"wp:term":[{"taxonomy":"product_brand","embeddable":true,"href":"https:\/\/boutique-one-piece.com\/nb\/wp-json\/wp\/v2\/product_brand?post=14476"},{"taxonomy":"product_cat","embeddable":true,"href":"https:\/\/boutique-one-piece.com\/nb\/wp-json\/wp\/v2\/product_cat?post=14476"},{"taxonomy":"product_tag","embeddable":true,"href":"https:\/\/boutique-one-piece.com\/nb\/wp-json\/wp\/v2\/product_tag?post=14476"}],"curies":[{"name":"wp","href":"https:\/\/api.w.org\/{rel}","templated":true}]}}