{"id":14600,"date":"2022-09-27T21:33:15","date_gmt":"2022-09-27T21:33:15","guid":{"rendered":"https:\/\/boutique-one-piece.com\/uncategorized\/avis-de-recherche-alvida-wanted\/"},"modified":"2024-09-16T13:45:06","modified_gmt":"2024-09-16T13:45:06","slug":"alvida-onsket-plakat","status":"publish","type":"product","link":"https:\/\/boutique-one-piece.com\/nb\/one-piece-onsket-plakat\/alvida-onsket-plakat\/","title":{"rendered":"Alvida \u00f8nsket beskjed"},"content":{"rendered":"<h2>Unn deg en plakat som kombinerer en vakker kvinne og piratvirksomhet. Denne Alvida Wanted-plakaten vil v\u00e6re en flott dekorasjon p\u00e5 veggene dine.<\/h2>\n<p>Alvida er den <strong>f\u00f8rste kaptein<\/strong> En pirat Luffy m\u00f8ter i starten av eventyret sitt. Hun er en overvektig kvinne som kjemper mot en stor<strong> klubb<\/strong>, Alvida er ogs\u00e5 en kresen kvinne som ikke t\u00e5ler st\u00f8v eller noe som er relatert til skitt. Det var ogs\u00e5 p\u00e5 skipet hennes at Coby endte opp, der hun jobbet som hushjelp og i hovedsak Alvidas slave. Hun og mesteparten av mannskapet hennes vil bli beseiret av Luffy, som vil r\u00f8mme fra skipet sitt med Coby.<\/p>\n<h3>Er du klar til \u00e5 starte en plakatsamling med denne Alvida Wanted-plakaten?<\/h3>\n<p>Senere i eventyret spiser Alvida djevelens frukt <strong>Sube Sube ikke meg<\/strong>, noe som vil endre utseendet hennes. Hun vil bli mye slankere, og mannskapet hennes vil falle for hennes sjarm. Det lar henne f\u00e5 alt til \u00e5 gli av huden hennes, inkludert fysiske angrep. Hun bruker det ogs\u00e5 til \u00e5 bevege seg ved \u00e5 gli, og dermed oppn\u00e5 fart. Hun allierer seg med <strong>Baggy klovnen<\/strong> og vil til og med ta kommandoen over mannskapet sitt n\u00e5r de blir fengslet i Impel Down. Hodet hans er verdt 5 millioner b\u00e6r.<\/p>\n<p>Gir ogs\u00e5 etter for dette <a href=\"https:\/\/boutique-one-piece.com\/nb\/one-piece-onsket-plakat-nico-robin-onsket\/\" target=\"_blank\" title=\"Nico Robin \u00f8nsket plakat\" rel=\"noopener noreferrer\">\u00f8nsket beskjed om Nico Robin<\/a>.<\/p>\n<p>\u00a0<\/p>\n<h2>Informasjon om One Piece Wanted Alvida-plakaten<\/h2>\n<ul>\n<li><span><b><u>One Piece Wanted-plakat<\/u><\/b>\u00a0En ekte One Piece-plakat for ekte pirater<\/span><\/li>\n<\/ul>\n<ul>\n<li>\n<b><u>Alvidas bonus<\/u><\/b>\u00a05 000 000 b\u00e6r<\/li>\n<\/ul>\n<ul>\n<li><span><strong>Utskrift av h\u00f8y kvalitet<\/strong>\u00a0n\u00f8yaktige farger<\/span><\/li>\n<\/ul>\n<ul>\n<li>\n<strong>Dimensjon<\/strong>\u00a0: 51 cm x 36 cm<\/li>\n<\/ul>\n<ul>\n<li><span><strong>GRATIS LEVERING<\/strong><\/span><\/li>\n<\/ul>","protected":false},"excerpt":{"rendered":"<p>Laisse-toi tenter par une affiche qui allie jolie femme et piraterie. Cet avis de Recherche Alvida Wanted fera office de d\u00e9cor sur tes murs. Alvida est la premi\u00e8re capitaine pirate que rencontre Luffy lorsqu&rsquo;il d\u00e9bute son aventure. C&rsquo;est une femme ob\u00e8se qui se bat avec une grosse massue, et qui force son \u00e9quipage \u00e0 dire [&hellip;]<\/p>","protected":false},"featured_media":14602,"comment_status":"open","ping_status":"open","template":"","meta":[],"product_brand":[],"product_cat":[171],"product_tag":[],"class_list":{"0":"post-14600","1":"product","2":"type-product","3":"status-publish","4":"has-post-thumbnail","6":"product_cat-avis-de-recherche-one-piece","8":"first","9":"instock","10":"purchasable","11":"product-type-simple"},"yoast_head":"<!-- This site is optimized with the Yoast SEO plugin v27.5 - https:\/\/yoast.com\/product\/yoast-seo-wordpress\/ -->\n<title>Avis De Recherche Alvida Wanted | D\u00e9coration One Piece \u2013 Boutique One Piece<\/title>\n<meta name=\"description\" content=\"Laisse-toi tenter par une affiche qui allie jolie femme et piraterie. Cet avis de Recherche Alvida Wanted fera office de d\u00e9cor sur tes murs. Alvida est la premi\u00e8re capitaine pirate que rencontre Luffy lorsqu&#039;il d\u00e9bute son aventure. C&#039;est une femme ob\u00e8se qui se bat avec une grosse massue, et qui force son \u00e9quipage \u00e0 dir\" \/>\n<meta name=\"robots\" content=\"index, follow, max-snippet:-1, max-image-preview:large, max-video-preview:-1\" \/>\n<link rel=\"canonical\" href=\"https:\/\/boutique-one-piece.com\/nb\/one-piece-onsket-plakat\/alvida-onsket-plakat\/\" \/>\n<meta property=\"og:locale\" content=\"nb_NO\" \/>\n<meta property=\"og:type\" content=\"article\" \/>\n<meta property=\"og:title\" content=\"Avis De Recherche Alvida Wanted | D\u00e9coration One Piece \u2013 Boutique One Piece\" \/>\n<meta property=\"og:description\" content=\"Laisse-toi tenter par une affiche qui allie jolie femme et piraterie. Cet avis de Recherche Alvida Wanted fera office de d\u00e9cor sur tes murs. Alvida est la premi\u00e8re capitaine pirate que rencontre Luffy lorsqu&#039;il d\u00e9bute son aventure. C&#039;est une femme ob\u00e8se qui se bat avec une grosse massue, et qui force son \u00e9quipage \u00e0 dir\" \/>\n<meta property=\"og:url\" content=\"https:\/\/boutique-one-piece.com\/nb\/one-piece-onsket-plakat\/alvida-onsket-plakat\/\" \/>\n<meta property=\"og:site_name\" content=\"Boutique One Piece\" \/>\n<meta property=\"article:modified_time\" content=\"2024-09-16T13:45:06+00:00\" \/>\n<meta property=\"og:image\" content=\"https:\/\/boutique-one-piece.com\/wp-content\/uploads\/2022\/09\/Avis-De-Recherche-Alvida-Wanted-1.jpg\" \/>\n\t<meta property=\"og:image:width\" content=\"797\" \/>\n\t<meta property=\"og:image:height\" content=\"798\" \/>\n\t<meta property=\"og:image:type\" content=\"image\/jpeg\" \/>\n<meta name=\"twitter:card\" content=\"summary_large_image\" \/>\n<meta name=\"twitter:label1\" content=\"Ansl. lesetid\" \/>\n\t<meta name=\"twitter:data1\" content=\"1 minutt\" \/>\n<script type=\"application\/ld+json\" class=\"yoast-schema-graph\">{\"@context\":\"https:\\\/\\\/schema.org\",\"@graph\":[{\"@type\":\"WebPage\",\"@id\":\"https:\\\/\\\/boutique-one-piece.com\\\/avis-de-recherche-one-piece\\\/avis-de-recherche-alvida-wanted\\\/\",\"url\":\"https:\\\/\\\/boutique-one-piece.com\\\/avis-de-recherche-one-piece\\\/avis-de-recherche-alvida-wanted\\\/\",\"name\":\"Avis De Recherche Alvida Wanted | D\u00e9coration One Piece \u2013 Boutique One Piece\",\"isPartOf\":{\"@id\":\"https:\\\/\\\/boutique-one-piece.com\\\/#website\"},\"primaryImageOfPage\":{\"@id\":\"https:\\\/\\\/boutique-one-piece.com\\\/avis-de-recherche-one-piece\\\/avis-de-recherche-alvida-wanted\\\/#primaryimage\"},\"image\":{\"@id\":\"https:\\\/\\\/boutique-one-piece.com\\\/avis-de-recherche-one-piece\\\/avis-de-recherche-alvida-wanted\\\/#primaryimage\"},\"thumbnailUrl\":\"https:\\\/\\\/boutique-one-piece.com\\\/wp-content\\\/uploads\\\/2022\\\/09\\\/Avis-De-Recherche-Alvida-Wanted-1.jpg\",\"datePublished\":\"2022-09-27T21:33:15+00:00\",\"dateModified\":\"2024-09-16T13:45:06+00:00\",\"description\":\"Laisse-toi tenter par une affiche qui allie jolie femme et piraterie. Cet avis de Recherche Alvida Wanted fera office de d\u00e9cor sur tes murs. Alvida est la premi\u00e8re capitaine pirate que rencontre Luffy lorsqu'il d\u00e9bute son aventure. C'est une femme ob\u00e8se qui se bat avec une grosse massue, et qui force son \u00e9quipage \u00e0 dir\",\"breadcrumb\":{\"@id\":\"https:\\\/\\\/boutique-one-piece.com\\\/avis-de-recherche-one-piece\\\/avis-de-recherche-alvida-wanted\\\/#breadcrumb\"},\"inLanguage\":\"nb-NO\",\"potentialAction\":[{\"@type\":\"ReadAction\",\"target\":[\"https:\\\/\\\/boutique-one-piece.com\\\/avis-de-recherche-one-piece\\\/avis-de-recherche-alvida-wanted\\\/\"]}]},{\"@type\":\"ImageObject\",\"inLanguage\":\"nb-NO\",\"@id\":\"https:\\\/\\\/boutique-one-piece.com\\\/avis-de-recherche-one-piece\\\/avis-de-recherche-alvida-wanted\\\/#primaryimage\",\"url\":\"https:\\\/\\\/boutique-one-piece.com\\\/wp-content\\\/uploads\\\/2022\\\/09\\\/Avis-De-Recherche-Alvida-Wanted-1.jpg\",\"contentUrl\":\"https:\\\/\\\/boutique-one-piece.com\\\/wp-content\\\/uploads\\\/2022\\\/09\\\/Avis-De-Recherche-Alvida-Wanted-1.jpg\",\"width\":797,\"height\":798},{\"@type\":\"BreadcrumbList\",\"@id\":\"https:\\\/\\\/boutique-one-piece.com\\\/avis-de-recherche-one-piece\\\/avis-de-recherche-alvida-wanted\\\/#breadcrumb\",\"itemListElement\":[{\"@type\":\"ListItem\",\"position\":1,\"name\":\"Home\",\"item\":\"https:\\\/\\\/boutique-one-piece.com\\\/\"},{\"@type\":\"ListItem\",\"position\":2,\"name\":\"Shop\",\"item\":\"https:\\\/\\\/boutique-one-piece.com\\\/shop\\\/\"},{\"@type\":\"ListItem\",\"position\":3,\"name\":\"Avis De Recherche Alvida Wanted\"}]},{\"@type\":\"WebSite\",\"@id\":\"https:\\\/\\\/boutique-one-piece.com\\\/#website\",\"url\":\"https:\\\/\\\/boutique-one-piece.com\\\/\",\"name\":\"Boutique One Piece\",\"description\":\"Magasin Sp\u00e9cialis\u00e9 du Manga et l&#039;Anime One Piece\",\"publisher\":{\"@id\":\"https:\\\/\\\/boutique-one-piece.com\\\/#organization\"},\"potentialAction\":[{\"@type\":\"SearchAction\",\"target\":{\"@type\":\"EntryPoint\",\"urlTemplate\":\"https:\\\/\\\/boutique-one-piece.com\\\/?s={search_term_string}\"},\"query-input\":{\"@type\":\"PropertyValueSpecification\",\"valueRequired\":true,\"valueName\":\"search_term_string\"}}],\"inLanguage\":\"nb-NO\"},{\"@type\":\"Organization\",\"@id\":\"https:\\\/\\\/boutique-one-piece.com\\\/#organization\",\"name\":\"Boutique One Piece\",\"url\":\"https:\\\/\\\/boutique-one-piece.com\\\/\",\"logo\":{\"@type\":\"ImageObject\",\"inLanguage\":\"nb-NO\",\"@id\":\"https:\\\/\\\/boutique-one-piece.com\\\/#\\\/schema\\\/logo\\\/image\\\/\",\"url\":\"https:\\\/\\\/boutique-one-piece.com\\\/wp-content\\\/uploads\\\/2022\\\/09\\\/Logo-01.png\",\"contentUrl\":\"https:\\\/\\\/boutique-one-piece.com\\\/wp-content\\\/uploads\\\/2022\\\/09\\\/Logo-01.png\",\"width\":2318,\"height\":957,\"caption\":\"Boutique One Piece\"},\"image\":{\"@id\":\"https:\\\/\\\/boutique-one-piece.com\\\/#\\\/schema\\\/logo\\\/image\\\/\"}}]}<\/script>\n<!-- \/ Yoast SEO plugin. -->","yoast_head_json":{"title":"Alvida \u00f8nsker beskjed | One Piece-dekorasjoner \u2013 One Piece-butikken","description":"Unn deg en plakat som kombinerer en vakker kvinne og piratvirksomhet. Denne plakaten \u00abAlvida Wanted\u00bb vil v\u00e6re en flott dekorasjon p\u00e5 veggene dine. Alvida er den f\u00f8rste piratkapteinen Luffy m\u00f8ter n\u00e5r han starter eventyret sitt. Hun er en overvektig kvinne som sl\u00e5ss med en stor k\u00f8lle og tvinger mannskapet sitt til \u00e5...","robots":{"index":"index","follow":"follow","max-snippet":"max-snippet:-1","max-image-preview":"max-image-preview:large","max-video-preview":"max-video-preview:-1"},"canonical":"https:\/\/boutique-one-piece.com\/nb\/one-piece-onsket-plakat\/alvida-onsket-plakat\/","og_locale":"nb_NO","og_type":"article","og_title":"Avis De Recherche Alvida Wanted | D\u00e9coration One Piece \u2013 Boutique One Piece","og_description":"Laisse-toi tenter par une affiche qui allie jolie femme et piraterie. Cet avis de Recherche Alvida Wanted fera office de d\u00e9cor sur tes murs. Alvida est la premi\u00e8re capitaine pirate que rencontre Luffy lorsqu'il d\u00e9bute son aventure. C'est une femme ob\u00e8se qui se bat avec une grosse massue, et qui force son \u00e9quipage \u00e0 dir","og_url":"https:\/\/boutique-one-piece.com\/nb\/one-piece-onsket-plakat\/alvida-onsket-plakat\/","og_site_name":"Boutique One Piece","article_modified_time":"2024-09-16T13:45:06+00:00","og_image":[{"width":797,"height":798,"url":"https:\/\/boutique-one-piece.com\/wp-content\/uploads\/2022\/09\/Avis-De-Recherche-Alvida-Wanted-1.jpg","type":"image\/jpeg"}],"twitter_card":"summary_large_image","twitter_misc":{"Ansl. lesetid":"1 minutt"},"schema":{"@context":"https:\/\/schema.org","@graph":[{"@type":"WebPage","@id":"https:\/\/boutique-one-piece.com\/avis-de-recherche-one-piece\/avis-de-recherche-alvida-wanted\/","url":"https:\/\/boutique-one-piece.com\/avis-de-recherche-one-piece\/avis-de-recherche-alvida-wanted\/","name":"Alvida \u00f8nsker beskjed | One Piece-dekorasjoner \u2013 One Piece-butikken","isPartOf":{"@id":"https:\/\/boutique-one-piece.com\/#website"},"primaryImageOfPage":{"@id":"https:\/\/boutique-one-piece.com\/avis-de-recherche-one-piece\/avis-de-recherche-alvida-wanted\/#primaryimage"},"image":{"@id":"https:\/\/boutique-one-piece.com\/avis-de-recherche-one-piece\/avis-de-recherche-alvida-wanted\/#primaryimage"},"thumbnailUrl":"https:\/\/boutique-one-piece.com\/wp-content\/uploads\/2022\/09\/Avis-De-Recherche-Alvida-Wanted-1.jpg","datePublished":"2022-09-27T21:33:15+00:00","dateModified":"2024-09-16T13:45:06+00:00","description":"Unn deg en plakat som kombinerer en vakker kvinne og piratvirksomhet. Denne plakaten \u00abAlvida Wanted\u00bb vil v\u00e6re en flott dekorasjon p\u00e5 veggene dine. Alvida er den f\u00f8rste piratkapteinen Luffy m\u00f8ter n\u00e5r han starter eventyret sitt. Hun er en overvektig kvinne som sl\u00e5ss med en stor k\u00f8lle og tvinger mannskapet sitt til \u00e5...","breadcrumb":{"@id":"https:\/\/boutique-one-piece.com\/avis-de-recherche-one-piece\/avis-de-recherche-alvida-wanted\/#breadcrumb"},"inLanguage":"nb-NO","potentialAction":[{"@type":"ReadAction","target":["https:\/\/boutique-one-piece.com\/avis-de-recherche-one-piece\/avis-de-recherche-alvida-wanted\/"]}]},{"@type":"ImageObject","inLanguage":"nb-NO","@id":"https:\/\/boutique-one-piece.com\/avis-de-recherche-one-piece\/avis-de-recherche-alvida-wanted\/#primaryimage","url":"https:\/\/boutique-one-piece.com\/wp-content\/uploads\/2022\/09\/Avis-De-Recherche-Alvida-Wanted-1.jpg","contentUrl":"https:\/\/boutique-one-piece.com\/wp-content\/uploads\/2022\/09\/Avis-De-Recherche-Alvida-Wanted-1.jpg","width":797,"height":798},{"@type":"BreadcrumbList","@id":"https:\/\/boutique-one-piece.com\/avis-de-recherche-one-piece\/avis-de-recherche-alvida-wanted\/#breadcrumb","itemListElement":[{"@type":"ListItem","position":1,"name":"Home","item":"https:\/\/boutique-one-piece.com\/"},{"@type":"ListItem","position":2,"name":"Shop","item":"https:\/\/boutique-one-piece.com\/shop\/"},{"@type":"ListItem","position":3,"name":"Avis De Recherche Alvida Wanted"}]},{"@type":"WebSite","@id":"https:\/\/boutique-one-piece.com\/#website","url":"https:\/\/boutique-one-piece.com\/","name":"One Piece-butikk","description":"Spesialbutikk for One Piece Manga og Anime","publisher":{"@id":"https:\/\/boutique-one-piece.com\/#organization"},"potentialAction":[{"@type":"SearchAction","target":{"@type":"EntryPoint","urlTemplate":"https:\/\/boutique-one-piece.com\/?s={search_term_string}"},"query-input":{"@type":"PropertyValueSpecification","valueRequired":true,"valueName":"search_term_string"}}],"inLanguage":"nb-NO"},{"@type":"Organization","@id":"https:\/\/boutique-one-piece.com\/#organization","name":"One Piece-butikk","url":"https:\/\/boutique-one-piece.com\/","logo":{"@type":"ImageObject","inLanguage":"nb-NO","@id":"https:\/\/boutique-one-piece.com\/#\/schema\/logo\/image\/","url":"https:\/\/boutique-one-piece.com\/wp-content\/uploads\/2022\/09\/Logo-01.png","contentUrl":"https:\/\/boutique-one-piece.com\/wp-content\/uploads\/2022\/09\/Logo-01.png","width":2318,"height":957,"caption":"Boutique One Piece"},"image":{"@id":"https:\/\/boutique-one-piece.com\/#\/schema\/logo\/image\/"}}]}},"_links":{"self":[{"href":"https:\/\/boutique-one-piece.com\/nb\/wp-json\/wp\/v2\/product\/14600","targetHints":{"allow":["GET"]}}],"collection":[{"href":"https:\/\/boutique-one-piece.com\/nb\/wp-json\/wp\/v2\/product"}],"about":[{"href":"https:\/\/boutique-one-piece.com\/nb\/wp-json\/wp\/v2\/types\/product"}],"replies":[{"embeddable":true,"href":"https:\/\/boutique-one-piece.com\/nb\/wp-json\/wp\/v2\/comments?post=14600"}],"wp:featuredmedia":[{"embeddable":true,"href":"https:\/\/boutique-one-piece.com\/nb\/wp-json\/wp\/v2\/media\/14602"}],"wp:attachment":[{"href":"https:\/\/boutique-one-piece.com\/nb\/wp-json\/wp\/v2\/media?parent=14600"}],"wp:term":[{"taxonomy":"product_brand","embeddable":true,"href":"https:\/\/boutique-one-piece.com\/nb\/wp-json\/wp\/v2\/product_brand?post=14600"},{"taxonomy":"product_cat","embeddable":true,"href":"https:\/\/boutique-one-piece.com\/nb\/wp-json\/wp\/v2\/product_cat?post=14600"},{"taxonomy":"product_tag","embeddable":true,"href":"https:\/\/boutique-one-piece.com\/nb\/wp-json\/wp\/v2\/product_tag?post=14600"}],"curies":[{"name":"wp","href":"https:\/\/api.w.org\/{rel}","templated":true}]}}