{"id":15265,"date":"2022-09-27T21:37:24","date_gmt":"2022-09-27T21:37:24","guid":{"rendered":"https:\/\/boutique-one-piece.com\/uncategorized\/coque-one-piece-le-visage-de-roronoa-zoro\/"},"modified":"2024-09-16T14:05:11","modified_gmt":"2024-09-16T14:05:11","slug":"one-piece-telefondeksel-med-roronoa-zoros-ansikt","status":"publish","type":"product","link":"https:\/\/boutique-one-piece.com\/nb\/one-piece-tilbehor\/one-piece-telefondeksel-med-roronoa-zoros-ansikt\/","title":{"rendered":"One Piece-sak: Roronoa Zoros ansikt"},"content":{"rendered":"<p><span><strong>Type:<\/strong> Tilpasset etui<\/span><br \/><span><strong>Detaljhandelspakke:<\/strong> Ingen<\/span><br \/><span><strong>Design:<\/strong> M\u00f8nstret<\/span><br \/><span><strong>Design:<\/strong> s\u00f8t<\/span><br \/><span><strong>Funksjon:<\/strong> Anti-banking<\/span><br \/><span><strong>Funksjon:<\/strong> St\u00f8tteben<\/span><br \/><span><strong>Kompatibelt merke:<\/strong> Apple iPhones<\/span><br \/><span><strong>Kompatibel iPhone-modell:<\/strong> iPhone XS<\/span><br \/><span><strong>Kompatibel iPhone-modell:<\/strong> iPhone 6S<\/span><br \/><span><strong>Kompatibel iPhone-modell:<\/strong> iPhone 7<\/span><br \/><span><strong>Kompatibel iPhone-modell:<\/strong> iPhone XS Max<\/span><br \/><span><strong>Kompatibel iPhone-modell:<\/strong> iPhone 7 Plus<\/span><br \/><span><strong>Kompatibel iPhone-modell:<\/strong> iPhone X<\/span><br \/><span><strong>Kompatibel iPhone-modell:<\/strong> iPhone XR<\/span><br \/><span><strong>Kompatibel iPhone-modell:<\/strong> iPhone 8<\/span><br \/><span><strong>Kompatibel iPhone-modell:<\/strong> iPhone 6 Pluss<\/span><br \/><span><strong>Kompatibel iPhone-modell:<\/strong> iPhone 6<\/span><br \/><span><strong>Kompatibel iPhone-modell:<\/strong> iPhone 6s Plus<\/span><br \/><span><strong>Kompatibel iPhone-modell:<\/strong> iPhone 8 Plus<\/span><\/p>","protected":false},"excerpt":{"rendered":"<p>Type: Fitted CaseRetail Package: NoDesign: PatternedDesign: cuteFunction: Anti-knockFunction: KickstandCompatible Brand: Apple iPhonesCompatible iPhone Model: iphone xsCompatible iPhone Model: IPHONE 6SCompatible iPhone Model: iPhone 7Compatible iPhone Model: IPHONE XS MAXCompatible iPhone Model: iPhone 7 PlusCompatible iPhone Model: IPHONE XCompatible iPhone Model: IPHONE XRCompatible iPhone Model: IPHONE 8Compatible iPhone Model: iPhone 6 PlusCompatible iPhone Model: iPhone 6Compatible [&hellip;]<\/p>","protected":false},"featured_media":18187,"comment_status":"open","ping_status":"open","template":"","meta":[],"product_brand":[],"product_cat":[409],"product_tag":[],"class_list":{"0":"post-15265","1":"product","2":"type-product","3":"status-publish","4":"has-post-thumbnail","6":"product_cat-accessoires-one-piece","8":"first","9":"instock","10":"purchasable","11":"product-type-variable","12":"has-default-attributes"},"yoast_head":"<!-- This site is optimized with the Yoast SEO plugin v27.5 - https:\/\/yoast.com\/product\/yoast-seo-wordpress\/ -->\n<title>Coque One Piece Le Visage De Roronoa Zoro \u2013 Boutique One Piece<\/title>\n<meta name=\"description\" content=\"Type: Fitted CaseRetail Package: NoDesign: PatternedDesign: cuteFunction: Anti-knockFunction: KickstandCompatible Brand: Apple iPhonesCompatible iPhone Model: iphone xsCompatible iPhone Model: IPHONE 6SCompatible iPhone Model: iPhone 7Compatible iPhone Model: IPHONE XS MAXCompatible iPhone Model: iPhone 7 PlusCompatibl\" \/>\n<meta name=\"robots\" content=\"index, follow, max-snippet:-1, max-image-preview:large, max-video-preview:-1\" \/>\n<link rel=\"canonical\" href=\"https:\/\/boutique-one-piece.com\/nb\/one-piece-tilbehor\/one-piece-telefondeksel-med-roronoa-zoros-ansikt\/\" \/>\n<meta property=\"og:locale\" content=\"nb_NO\" \/>\n<meta property=\"og:type\" content=\"article\" \/>\n<meta property=\"og:title\" content=\"Coque One Piece Le Visage De Roronoa Zoro \u2013 Boutique One Piece\" \/>\n<meta property=\"og:description\" content=\"Type: Fitted CaseRetail Package: NoDesign: PatternedDesign: cuteFunction: Anti-knockFunction: KickstandCompatible Brand: Apple iPhonesCompatible iPhone Model: iphone xsCompatible iPhone Model: IPHONE 6SCompatible iPhone Model: iPhone 7Compatible iPhone Model: IPHONE XS MAXCompatible iPhone Model: iPhone 7 PlusCompatibl\" \/>\n<meta property=\"og:url\" content=\"https:\/\/boutique-one-piece.com\/nb\/one-piece-tilbehor\/one-piece-telefondeksel-med-roronoa-zoros-ansikt\/\" \/>\n<meta property=\"og:site_name\" content=\"Boutique One Piece\" \/>\n<meta property=\"article:modified_time\" content=\"2024-09-16T14:05:11+00:00\" \/>\n<meta property=\"og:image\" content=\"https:\/\/boutique-one-piece.com\/wp-content\/uploads\/2022\/09\/coque-one-piece-le-visage-de-roronoa-zoro-15033965117476.jpg\" \/>\n\t<meta property=\"og:image:width\" content=\"640\" \/>\n\t<meta property=\"og:image:height\" content=\"640\" \/>\n\t<meta property=\"og:image:type\" content=\"image\/jpeg\" \/>\n<meta name=\"twitter:card\" content=\"summary_large_image\" \/>\n<meta name=\"twitter:label1\" content=\"Ansl. lesetid\" \/>\n\t<meta name=\"twitter:data1\" content=\"1 minutt\" \/>\n<script type=\"application\/ld+json\" class=\"yoast-schema-graph\">{\"@context\":\"https:\\\/\\\/schema.org\",\"@graph\":[{\"@type\":\"WebPage\",\"@id\":\"https:\\\/\\\/boutique-one-piece.com\\\/accessoires-one-piece\\\/coque-one-piece-le-visage-de-roronoa-zoro\\\/\",\"url\":\"https:\\\/\\\/boutique-one-piece.com\\\/accessoires-one-piece\\\/coque-one-piece-le-visage-de-roronoa-zoro\\\/\",\"name\":\"Coque One Piece Le Visage De Roronoa Zoro \u2013 Boutique One Piece\",\"isPartOf\":{\"@id\":\"https:\\\/\\\/boutique-one-piece.com\\\/#website\"},\"primaryImageOfPage\":{\"@id\":\"https:\\\/\\\/boutique-one-piece.com\\\/accessoires-one-piece\\\/coque-one-piece-le-visage-de-roronoa-zoro\\\/#primaryimage\"},\"image\":{\"@id\":\"https:\\\/\\\/boutique-one-piece.com\\\/accessoires-one-piece\\\/coque-one-piece-le-visage-de-roronoa-zoro\\\/#primaryimage\"},\"thumbnailUrl\":\"https:\\\/\\\/boutique-one-piece.com\\\/wp-content\\\/uploads\\\/2022\\\/09\\\/coque-one-piece-le-visage-de-roronoa-zoro-15033965117476.jpg\",\"datePublished\":\"2022-09-27T21:37:24+00:00\",\"dateModified\":\"2024-09-16T14:05:11+00:00\",\"description\":\"Type: Fitted CaseRetail Package: NoDesign: PatternedDesign: cuteFunction: Anti-knockFunction: KickstandCompatible Brand: Apple iPhonesCompatible iPhone Model: iphone xsCompatible iPhone Model: IPHONE 6SCompatible iPhone Model: iPhone 7Compatible iPhone Model: IPHONE XS MAXCompatible iPhone Model: iPhone 7 PlusCompatibl\",\"breadcrumb\":{\"@id\":\"https:\\\/\\\/boutique-one-piece.com\\\/accessoires-one-piece\\\/coque-one-piece-le-visage-de-roronoa-zoro\\\/#breadcrumb\"},\"inLanguage\":\"nb-NO\",\"potentialAction\":[{\"@type\":\"ReadAction\",\"target\":[\"https:\\\/\\\/boutique-one-piece.com\\\/accessoires-one-piece\\\/coque-one-piece-le-visage-de-roronoa-zoro\\\/\"]}]},{\"@type\":\"ImageObject\",\"inLanguage\":\"nb-NO\",\"@id\":\"https:\\\/\\\/boutique-one-piece.com\\\/accessoires-one-piece\\\/coque-one-piece-le-visage-de-roronoa-zoro\\\/#primaryimage\",\"url\":\"https:\\\/\\\/boutique-one-piece.com\\\/wp-content\\\/uploads\\\/2022\\\/09\\\/coque-one-piece-le-visage-de-roronoa-zoro-15033965117476.jpg\",\"contentUrl\":\"https:\\\/\\\/boutique-one-piece.com\\\/wp-content\\\/uploads\\\/2022\\\/09\\\/coque-one-piece-le-visage-de-roronoa-zoro-15033965117476.jpg\",\"width\":640,\"height\":640},{\"@type\":\"BreadcrumbList\",\"@id\":\"https:\\\/\\\/boutique-one-piece.com\\\/accessoires-one-piece\\\/coque-one-piece-le-visage-de-roronoa-zoro\\\/#breadcrumb\",\"itemListElement\":[{\"@type\":\"ListItem\",\"position\":1,\"name\":\"Home\",\"item\":\"https:\\\/\\\/boutique-one-piece.com\\\/\"},{\"@type\":\"ListItem\",\"position\":2,\"name\":\"Shop\",\"item\":\"https:\\\/\\\/boutique-one-piece.com\\\/shop\\\/\"},{\"@type\":\"ListItem\",\"position\":3,\"name\":\"Coque One Piece Le Visage De Roronoa Zoro\"}]},{\"@type\":\"WebSite\",\"@id\":\"https:\\\/\\\/boutique-one-piece.com\\\/#website\",\"url\":\"https:\\\/\\\/boutique-one-piece.com\\\/\",\"name\":\"Boutique One Piece\",\"description\":\"Magasin Sp\u00e9cialis\u00e9 du Manga et l&#039;Anime One Piece\",\"publisher\":{\"@id\":\"https:\\\/\\\/boutique-one-piece.com\\\/#organization\"},\"potentialAction\":[{\"@type\":\"SearchAction\",\"target\":{\"@type\":\"EntryPoint\",\"urlTemplate\":\"https:\\\/\\\/boutique-one-piece.com\\\/?s={search_term_string}\"},\"query-input\":{\"@type\":\"PropertyValueSpecification\",\"valueRequired\":true,\"valueName\":\"search_term_string\"}}],\"inLanguage\":\"nb-NO\"},{\"@type\":\"Organization\",\"@id\":\"https:\\\/\\\/boutique-one-piece.com\\\/#organization\",\"name\":\"Boutique One Piece\",\"url\":\"https:\\\/\\\/boutique-one-piece.com\\\/\",\"logo\":{\"@type\":\"ImageObject\",\"inLanguage\":\"nb-NO\",\"@id\":\"https:\\\/\\\/boutique-one-piece.com\\\/#\\\/schema\\\/logo\\\/image\\\/\",\"url\":\"https:\\\/\\\/boutique-one-piece.com\\\/wp-content\\\/uploads\\\/2022\\\/09\\\/Logo-01.png\",\"contentUrl\":\"https:\\\/\\\/boutique-one-piece.com\\\/wp-content\\\/uploads\\\/2022\\\/09\\\/Logo-01.png\",\"width\":2318,\"height\":957,\"caption\":\"Boutique One Piece\"},\"image\":{\"@id\":\"https:\\\/\\\/boutique-one-piece.com\\\/#\\\/schema\\\/logo\\\/image\\\/\"}}]}<\/script>\n<!-- \/ Yoast SEO plugin. -->","yoast_head_json":{"title":"One Piece-deksel: Roronoa Zoros ansikt \u2013 One Piece-butikk","description":"Type: Tilpasset dekselVeilig pakke: NeiDesign: M\u00f8nstretDesign: s\u00f8tFunksjon: Anti-bankFunksjon: St\u00f8tteKompatibelt merke: Apple iPhonesKompatibel iPhone-modell: iPhone xsKompatibel iPhone-modell: IPHONE 6SKompatibel iPhone-modell: iPhone 7Kompatibel iPhone-modell: IPHONE XS MAXKompatibel iPhone-modell: iPhone 7 PlusKompatibel","robots":{"index":"index","follow":"follow","max-snippet":"max-snippet:-1","max-image-preview":"max-image-preview:large","max-video-preview":"max-video-preview:-1"},"canonical":"https:\/\/boutique-one-piece.com\/nb\/one-piece-tilbehor\/one-piece-telefondeksel-med-roronoa-zoros-ansikt\/","og_locale":"nb_NO","og_type":"article","og_title":"Coque One Piece Le Visage De Roronoa Zoro \u2013 Boutique One Piece","og_description":"Type: Fitted CaseRetail Package: NoDesign: PatternedDesign: cuteFunction: Anti-knockFunction: KickstandCompatible Brand: Apple iPhonesCompatible iPhone Model: iphone xsCompatible iPhone Model: IPHONE 6SCompatible iPhone Model: iPhone 7Compatible iPhone Model: IPHONE XS MAXCompatible iPhone Model: iPhone 7 PlusCompatibl","og_url":"https:\/\/boutique-one-piece.com\/nb\/one-piece-tilbehor\/one-piece-telefondeksel-med-roronoa-zoros-ansikt\/","og_site_name":"Boutique One Piece","article_modified_time":"2024-09-16T14:05:11+00:00","og_image":[{"width":640,"height":640,"url":"https:\/\/boutique-one-piece.com\/wp-content\/uploads\/2022\/09\/coque-one-piece-le-visage-de-roronoa-zoro-15033965117476.jpg","type":"image\/jpeg"}],"twitter_card":"summary_large_image","twitter_misc":{"Ansl. lesetid":"1 minutt"},"schema":{"@context":"https:\/\/schema.org","@graph":[{"@type":"WebPage","@id":"https:\/\/boutique-one-piece.com\/accessoires-one-piece\/coque-one-piece-le-visage-de-roronoa-zoro\/","url":"https:\/\/boutique-one-piece.com\/accessoires-one-piece\/coque-one-piece-le-visage-de-roronoa-zoro\/","name":"One Piece-deksel: Roronoa Zoros ansikt \u2013 One Piece-butikk","isPartOf":{"@id":"https:\/\/boutique-one-piece.com\/#website"},"primaryImageOfPage":{"@id":"https:\/\/boutique-one-piece.com\/accessoires-one-piece\/coque-one-piece-le-visage-de-roronoa-zoro\/#primaryimage"},"image":{"@id":"https:\/\/boutique-one-piece.com\/accessoires-one-piece\/coque-one-piece-le-visage-de-roronoa-zoro\/#primaryimage"},"thumbnailUrl":"https:\/\/boutique-one-piece.com\/wp-content\/uploads\/2022\/09\/coque-one-piece-le-visage-de-roronoa-zoro-15033965117476.jpg","datePublished":"2022-09-27T21:37:24+00:00","dateModified":"2024-09-16T14:05:11+00:00","description":"Type: Tilpasset dekselVeilig pakke: NeiDesign: M\u00f8nstretDesign: s\u00f8tFunksjon: Anti-bankFunksjon: St\u00f8tteKompatibelt merke: Apple iPhonesKompatibel iPhone-modell: iPhone xsKompatibel iPhone-modell: IPHONE 6SKompatibel iPhone-modell: iPhone 7Kompatibel iPhone-modell: IPHONE XS MAXKompatibel iPhone-modell: iPhone 7 PlusKompatibel","breadcrumb":{"@id":"https:\/\/boutique-one-piece.com\/accessoires-one-piece\/coque-one-piece-le-visage-de-roronoa-zoro\/#breadcrumb"},"inLanguage":"nb-NO","potentialAction":[{"@type":"ReadAction","target":["https:\/\/boutique-one-piece.com\/accessoires-one-piece\/coque-one-piece-le-visage-de-roronoa-zoro\/"]}]},{"@type":"ImageObject","inLanguage":"nb-NO","@id":"https:\/\/boutique-one-piece.com\/accessoires-one-piece\/coque-one-piece-le-visage-de-roronoa-zoro\/#primaryimage","url":"https:\/\/boutique-one-piece.com\/wp-content\/uploads\/2022\/09\/coque-one-piece-le-visage-de-roronoa-zoro-15033965117476.jpg","contentUrl":"https:\/\/boutique-one-piece.com\/wp-content\/uploads\/2022\/09\/coque-one-piece-le-visage-de-roronoa-zoro-15033965117476.jpg","width":640,"height":640},{"@type":"BreadcrumbList","@id":"https:\/\/boutique-one-piece.com\/accessoires-one-piece\/coque-one-piece-le-visage-de-roronoa-zoro\/#breadcrumb","itemListElement":[{"@type":"ListItem","position":1,"name":"Home","item":"https:\/\/boutique-one-piece.com\/"},{"@type":"ListItem","position":2,"name":"Shop","item":"https:\/\/boutique-one-piece.com\/shop\/"},{"@type":"ListItem","position":3,"name":"Coque One Piece Le Visage De Roronoa Zoro"}]},{"@type":"WebSite","@id":"https:\/\/boutique-one-piece.com\/#website","url":"https:\/\/boutique-one-piece.com\/","name":"One Piece-butikk","description":"Spesialbutikk for One Piece Manga og Anime","publisher":{"@id":"https:\/\/boutique-one-piece.com\/#organization"},"potentialAction":[{"@type":"SearchAction","target":{"@type":"EntryPoint","urlTemplate":"https:\/\/boutique-one-piece.com\/?s={search_term_string}"},"query-input":{"@type":"PropertyValueSpecification","valueRequired":true,"valueName":"search_term_string"}}],"inLanguage":"nb-NO"},{"@type":"Organization","@id":"https:\/\/boutique-one-piece.com\/#organization","name":"One Piece-butikk","url":"https:\/\/boutique-one-piece.com\/","logo":{"@type":"ImageObject","inLanguage":"nb-NO","@id":"https:\/\/boutique-one-piece.com\/#\/schema\/logo\/image\/","url":"https:\/\/boutique-one-piece.com\/wp-content\/uploads\/2022\/09\/Logo-01.png","contentUrl":"https:\/\/boutique-one-piece.com\/wp-content\/uploads\/2022\/09\/Logo-01.png","width":2318,"height":957,"caption":"Boutique One Piece"},"image":{"@id":"https:\/\/boutique-one-piece.com\/#\/schema\/logo\/image\/"}}]}},"_links":{"self":[{"href":"https:\/\/boutique-one-piece.com\/nb\/wp-json\/wp\/v2\/product\/15265","targetHints":{"allow":["GET"]}}],"collection":[{"href":"https:\/\/boutique-one-piece.com\/nb\/wp-json\/wp\/v2\/product"}],"about":[{"href":"https:\/\/boutique-one-piece.com\/nb\/wp-json\/wp\/v2\/types\/product"}],"replies":[{"embeddable":true,"href":"https:\/\/boutique-one-piece.com\/nb\/wp-json\/wp\/v2\/comments?post=15265"}],"wp:featuredmedia":[{"embeddable":true,"href":"https:\/\/boutique-one-piece.com\/nb\/wp-json\/wp\/v2\/media\/18187"}],"wp:attachment":[{"href":"https:\/\/boutique-one-piece.com\/nb\/wp-json\/wp\/v2\/media?parent=15265"}],"wp:term":[{"taxonomy":"product_brand","embeddable":true,"href":"https:\/\/boutique-one-piece.com\/nb\/wp-json\/wp\/v2\/product_brand?post=15265"},{"taxonomy":"product_cat","embeddable":true,"href":"https:\/\/boutique-one-piece.com\/nb\/wp-json\/wp\/v2\/product_cat?post=15265"},{"taxonomy":"product_tag","embeddable":true,"href":"https:\/\/boutique-one-piece.com\/nb\/wp-json\/wp\/v2\/product_tag?post=15265"}],"curies":[{"name":"wp","href":"https:\/\/api.w.org\/{rel}","templated":true}]}}