{"id":15862,"date":"2022-09-27T21:41:20","date_gmt":"2022-09-27T21:41:20","guid":{"rendered":"https:\/\/boutique-one-piece.com\/uncategorized\/veste-one-piece-kawaii-robin-2\/"},"modified":"2024-09-16T14:23:01","modified_gmt":"2024-09-16T14:23:01","slug":"one-piece-kawaii-robin-2-jakke","status":"publish","type":"product","link":"https:\/\/boutique-one-piece.com\/nb\/one-piece-klaer\/jakker-i-ett-stykke\/one-piece-kawaii-robin-2-jakke\/","title":{"rendered":"One Piece Kawaii Robin-jakke"},"content":{"rendered":"<p><meta charset=\"utf-8\"><\/p>\n<h2>Jakkeinformasjon:\u00a0<\/h2>\n<ul>\n<li>\u00a0<strong>Jakke av premiumkvalitet\u00a0<\/strong>Laget med kvalitetsmaterialer<\/li>\n<\/ul>\n<ul>\n<li>\n<strong>Veldig komfortabel\u00a0<\/strong>med<span>\u00a0<\/span>hans\u00a0<strong>fibre<\/strong>\u00a0av <strong>bomull<\/strong> og\u00a0<strong>polyester<\/strong>\u00a0Supermyk, ingen gnaging.<\/li>\n<\/ul>\n<ul>\n<li>\n<strong>3D digital utskrift<\/strong>\u00a0:\u00a0<strong>trykt jakke<\/strong>\u00a0med et originalt design,\u00a0<strong>Lerretsbilde<\/strong>\n<\/li>\n<\/ul>\n<ul>\n<li>\n<strong>Gratis levering\u00a0<\/strong>for ethvert kj\u00f8p<\/li>\n<\/ul>\n<h2><strong>Ikke glem \u00e5 sjekke ut st\u00f8rrelsesguiden nedenfor.<\/strong><\/h2>\n<style><!--\n.content-table {\n  border-collapse: collapse;\n  margin: 25px 0;\n  font-size: 0.9em;\n  min-width: 400px;\n  border-radius: 5px 5px 0 0;\n  overflow: hidden;\n  box-shadow: 0 0 20px rgba(0, 0, 0, 0.15);\n  text-align: center;\n}\n.content-table thead tr {\n  background-color: #E6B96E;\n  color: #ffffff;\n  text-align: left;\n  font-weight: bold;\n}\n.content-table th,\n.content-table td {\n  padding: 12px 15px;\n}\n.content-table tbody tr {\n  border-bottom: 1px solid #dddddd;\n}\n.content-table tbody tr:nth-of-type(even) {\n  background-color: #f3f3f3;\n}\n.content-table tbody tr:last-of-type {\n  border-bottom: 2px solid #E6B96E;\n}\n--><\/style>\n<table class=\"content-table\">\n<thead>\n<tr>\n<th colspan=\"4\">ST\u00d8RRELSESGUIDE \u2013 VELG DIN ST\u00d8RRELSE<\/th>\n<\/tr>\n<tr>\n<th style=\"text-align: center;\">St\u00f8rrelse<\/th>\n<th style=\"text-align: center;\">Byste<\/th>\n<th style=\"text-align: center;\">Lengde<\/th>\n<th style=\"text-align: center;\">Ermer<\/th>\n<\/tr>\n<\/thead>\n<tbody>\n<tr>\n<td style=\"text-align: center;\"><strong>XXS<\/strong><\/td>\n<td style=\"text-align: center;\">44<\/td>\n<td style=\"text-align: center;\">59<\/td>\n<td style=\"text-align: center;\">66<\/td>\n<\/tr>\n<tr class=\"active-row\">\n<td style=\"text-align: center;\"><strong>XS<\/strong><\/td>\n<td style=\"text-align: center;\">47\n<\/td>\n<td style=\"text-align: center;\">61\n<\/td>\n<td style=\"text-align: center;\">68<\/td>\n<\/tr>\n<tr>\n<td style=\"text-align: center;\"><strong>S<\/strong><\/td>\n<td style=\"text-align: center;\">50<\/td>\n<td style=\"text-align: center;\">63\n<\/td>\n<td style=\"text-align: center;\">70<\/td>\n<\/tr>\n<tr class=\"active-row\">\n<td style=\"text-align: center;\"><strong>M<\/strong><\/td>\n<td style=\"text-align: center;\">53\n<\/td>\n<td style=\"text-align: center;\">66\n<\/td>\n<td style=\"text-align: center;\">73<\/td>\n<\/tr>\n<tr>\n<td style=\"text-align: center;\"><strong>L<\/strong><\/td>\n<td style=\"text-align: center;\">56\n<\/td>\n<td style=\"text-align: center;\">69\n<\/td>\n<td style=\"text-align: center;\">76<\/td>\n<\/tr>\n<tr class=\"active-row\">\n<td style=\"text-align: center;\"><strong>XL<\/strong><\/td>\n<td style=\"text-align: center;\">59<\/td>\n<td style=\"text-align: center;\">72\n<\/td>\n<td style=\"text-align: center;\">78\n<\/td>\n<\/tr>\n<tr>\n<td style=\"text-align: center;\"><strong>XXL<\/strong><\/td>\n<td style=\"text-align: center;\">62<\/td>\n<td style=\"text-align: center;\">75\n<\/td>\n<td style=\"text-align: center;\">83\n<\/td>\n<\/tr>\n<tr class=\"active-row\">\n<td style=\"text-align: center;\"><strong>3XL<\/strong><\/td>\n<td style=\"text-align: center;\">65\n<\/td>\n<td style=\"text-align: center;\">78<\/td>\n<td style=\"text-align: center;\">85\n<\/td>\n<\/tr>\n<tr>\n<td style=\"text-align: center;\"><strong>4XL<\/strong><\/td>\n<td style=\"text-align: center;\">68<\/td>\n<td style=\"text-align: center;\">80<\/td>\n<td style=\"text-align: center;\">88<\/td>\n<\/tr>\n<\/tbody>\n<\/table>\n<p><\/p>\n<h3>Vaskeanvisning:<\/h3>\n<ul>\n<li>Maskinvask p\u00e5 30 \u00b0C, finvaskprogram<\/li>\n<\/ul>\n<ul>\n<li>Stryk p\u00e5 baksiden<\/li>\n<\/ul>\n<p>Til<span>\u00a0<\/span>bevare kvaliteten<span>\u00a0<\/span>av dette<span>\u00a0<\/span><strong>One Piece-jakke<\/strong>, anbefaler vi at du<span>\u00a0<\/span>respekt<span>\u00a0<\/span>DE<span>\u00a0<\/span>vaskeanvisninger.<\/p>","protected":false},"excerpt":{"rendered":"<p>Jakkeinformasjon: Jakke av f\u00f8rsteklasses kvalitet: laget av materialer av h\u00f8y kvalitet. Sv\u00e6rt komfortabel: med supermyke bomulls- og polyesterfibre gnager den ikke. 3D digitaltrykk: jakke trykt med et originalt design, lerretstrykk. Gratis frakt p\u00e5 alle kj\u00f8p. Ikke glem \u00e5 sjekke st\u00f8rrelsesguiden nedenfor. ST\u00d8RRELSESGUIDE \u2013 VELG DIN ST\u00d8RRELSE St\u00f8rrelse Brystlengde Ermer [\u2026]<\/p>","protected":false},"featured_media":10713,"comment_status":"open","ping_status":"open","template":"","meta":[],"product_brand":[],"product_cat":[183],"product_tag":[],"class_list":{"0":"post-15862","1":"product","2":"type-product","3":"status-publish","4":"has-post-thumbnail","6":"product_cat-vestes-one-piece","8":"first","9":"instock","10":"purchasable","11":"product-type-variable","12":"has-default-attributes"},"yoast_head":"<!-- This site is optimized with the Yoast SEO plugin v27.5 - https:\/\/yoast.com\/product\/yoast-seo-wordpress\/ -->\n<title>Veste One Piece Kawaii Robin | V\u00eatement One Piece<\/title>\n<meta name=\"description\" content=\"Informations sur la Veste :\u00a0 \u00a0Veste de qualit\u00e9 sup\u00e9rieure\u00a0:\u00a0fabriqu\u00e9 avec des mat\u00e9riaux de qualit\u00e9s Tr\u00e8s confortable\u00a0: avec\u00a0ses\u00a0fibres\u00a0de coton et de\u00a0polyester\u00a0super\u00a0doux, il n&#039;y a pas\u00a0de\u00a0frottements Impression digitale 3D\u00a0:\u00a0veste\u00a0imprim\u00e9e\u00a0avec un design original,\u00a0Impression Canvas Livraison\u00a0Offerte\u00a0pour tout achat N&#039;o\" \/>\n<meta name=\"robots\" content=\"index, follow, max-snippet:-1, max-image-preview:large, max-video-preview:-1\" \/>\n<link rel=\"canonical\" href=\"https:\/\/boutique-one-piece.com\/nb\/one-piece-klaer\/jakker-i-ett-stykke\/one-piece-kawaii-robin-2-jakke\/\" \/>\n<meta property=\"og:locale\" content=\"nb_NO\" \/>\n<meta property=\"og:type\" content=\"article\" \/>\n<meta property=\"og:title\" content=\"Veste One Piece Kawaii Robin | V\u00eatement One Piece\" \/>\n<meta property=\"og:description\" content=\"Informations sur la Veste :\u00a0 \u00a0Veste de qualit\u00e9 sup\u00e9rieure\u00a0:\u00a0fabriqu\u00e9 avec des mat\u00e9riaux de qualit\u00e9s Tr\u00e8s confortable\u00a0: avec\u00a0ses\u00a0fibres\u00a0de coton et de\u00a0polyester\u00a0super\u00a0doux, il n&#039;y a pas\u00a0de\u00a0frottements Impression digitale 3D\u00a0:\u00a0veste\u00a0imprim\u00e9e\u00a0avec un design original,\u00a0Impression Canvas Livraison\u00a0Offerte\u00a0pour tout achat N&#039;o\" \/>\n<meta property=\"og:url\" content=\"https:\/\/boutique-one-piece.com\/nb\/one-piece-klaer\/jakker-i-ett-stykke\/one-piece-kawaii-robin-2-jakke\/\" \/>\n<meta property=\"og:site_name\" content=\"Boutique One Piece\" \/>\n<meta property=\"article:modified_time\" content=\"2024-09-16T14:23:01+00:00\" \/>\n<meta property=\"og:image\" content=\"https:\/\/boutique-one-piece.com\/wp-content\/uploads\/2022\/09\/Veste-One-Piece-Kawaii-Robin.jpg\" \/>\n\t<meta property=\"og:image:width\" content=\"640\" \/>\n\t<meta property=\"og:image:height\" content=\"640\" \/>\n\t<meta property=\"og:image:type\" content=\"image\/jpeg\" \/>\n<meta name=\"twitter:card\" content=\"summary_large_image\" \/>\n<meta name=\"twitter:label1\" content=\"Ansl. lesetid\" \/>\n\t<meta name=\"twitter:data1\" content=\"1 minutt\" \/>\n<script type=\"application\/ld+json\" class=\"yoast-schema-graph\">{\"@context\":\"https:\\\/\\\/schema.org\",\"@graph\":[{\"@type\":\"WebPage\",\"@id\":\"https:\\\/\\\/boutique-one-piece.com\\\/vetements-one-piece\\\/vestes-one-piece\\\/veste-one-piece-kawaii-robin-2\\\/\",\"url\":\"https:\\\/\\\/boutique-one-piece.com\\\/vetements-one-piece\\\/vestes-one-piece\\\/veste-one-piece-kawaii-robin-2\\\/\",\"name\":\"Veste One Piece Kawaii Robin | V\u00eatement One Piece\",\"isPartOf\":{\"@id\":\"https:\\\/\\\/boutique-one-piece.com\\\/#website\"},\"primaryImageOfPage\":{\"@id\":\"https:\\\/\\\/boutique-one-piece.com\\\/vetements-one-piece\\\/vestes-one-piece\\\/veste-one-piece-kawaii-robin-2\\\/#primaryimage\"},\"image\":{\"@id\":\"https:\\\/\\\/boutique-one-piece.com\\\/vetements-one-piece\\\/vestes-one-piece\\\/veste-one-piece-kawaii-robin-2\\\/#primaryimage\"},\"thumbnailUrl\":\"https:\\\/\\\/boutique-one-piece.com\\\/wp-content\\\/uploads\\\/2022\\\/09\\\/Veste-One-Piece-Kawaii-Robin.jpg\",\"datePublished\":\"2022-09-27T21:41:20+00:00\",\"dateModified\":\"2024-09-16T14:23:01+00:00\",\"description\":\"Informations sur la Veste :\u00a0 \u00a0Veste de qualit\u00e9 sup\u00e9rieure\u00a0:\u00a0fabriqu\u00e9 avec des mat\u00e9riaux de qualit\u00e9s Tr\u00e8s confortable\u00a0: avec\u00a0ses\u00a0fibres\u00a0de coton et de\u00a0polyester\u00a0super\u00a0doux, il n'y a pas\u00a0de\u00a0frottements Impression digitale 3D\u00a0:\u00a0veste\u00a0imprim\u00e9e\u00a0avec un design original,\u00a0Impression Canvas Livraison\u00a0Offerte\u00a0pour tout achat N'o\",\"breadcrumb\":{\"@id\":\"https:\\\/\\\/boutique-one-piece.com\\\/vetements-one-piece\\\/vestes-one-piece\\\/veste-one-piece-kawaii-robin-2\\\/#breadcrumb\"},\"inLanguage\":\"nb-NO\",\"potentialAction\":[{\"@type\":\"ReadAction\",\"target\":[\"https:\\\/\\\/boutique-one-piece.com\\\/vetements-one-piece\\\/vestes-one-piece\\\/veste-one-piece-kawaii-robin-2\\\/\"]}]},{\"@type\":\"ImageObject\",\"inLanguage\":\"nb-NO\",\"@id\":\"https:\\\/\\\/boutique-one-piece.com\\\/vetements-one-piece\\\/vestes-one-piece\\\/veste-one-piece-kawaii-robin-2\\\/#primaryimage\",\"url\":\"https:\\\/\\\/boutique-one-piece.com\\\/wp-content\\\/uploads\\\/2022\\\/09\\\/Veste-One-Piece-Kawaii-Robin.jpg\",\"contentUrl\":\"https:\\\/\\\/boutique-one-piece.com\\\/wp-content\\\/uploads\\\/2022\\\/09\\\/Veste-One-Piece-Kawaii-Robin.jpg\",\"width\":640,\"height\":640,\"caption\":\"Veste One Piece Kawaii Robin 4XL\"},{\"@type\":\"BreadcrumbList\",\"@id\":\"https:\\\/\\\/boutique-one-piece.com\\\/vetements-one-piece\\\/vestes-one-piece\\\/veste-one-piece-kawaii-robin-2\\\/#breadcrumb\",\"itemListElement\":[{\"@type\":\"ListItem\",\"position\":1,\"name\":\"Home\",\"item\":\"https:\\\/\\\/boutique-one-piece.com\\\/\"},{\"@type\":\"ListItem\",\"position\":2,\"name\":\"Shop\",\"item\":\"https:\\\/\\\/boutique-one-piece.com\\\/shop\\\/\"},{\"@type\":\"ListItem\",\"position\":3,\"name\":\"Veste One Piece Kawaii Robin\"}]},{\"@type\":\"WebSite\",\"@id\":\"https:\\\/\\\/boutique-one-piece.com\\\/#website\",\"url\":\"https:\\\/\\\/boutique-one-piece.com\\\/\",\"name\":\"Boutique One Piece\",\"description\":\"Magasin Sp\u00e9cialis\u00e9 du Manga et l&#039;Anime One Piece\",\"publisher\":{\"@id\":\"https:\\\/\\\/boutique-one-piece.com\\\/#organization\"},\"potentialAction\":[{\"@type\":\"SearchAction\",\"target\":{\"@type\":\"EntryPoint\",\"urlTemplate\":\"https:\\\/\\\/boutique-one-piece.com\\\/?s={search_term_string}\"},\"query-input\":{\"@type\":\"PropertyValueSpecification\",\"valueRequired\":true,\"valueName\":\"search_term_string\"}}],\"inLanguage\":\"nb-NO\"},{\"@type\":\"Organization\",\"@id\":\"https:\\\/\\\/boutique-one-piece.com\\\/#organization\",\"name\":\"Boutique One Piece\",\"url\":\"https:\\\/\\\/boutique-one-piece.com\\\/\",\"logo\":{\"@type\":\"ImageObject\",\"inLanguage\":\"nb-NO\",\"@id\":\"https:\\\/\\\/boutique-one-piece.com\\\/#\\\/schema\\\/logo\\\/image\\\/\",\"url\":\"https:\\\/\\\/boutique-one-piece.com\\\/wp-content\\\/uploads\\\/2022\\\/09\\\/Logo-01.png\",\"contentUrl\":\"https:\\\/\\\/boutique-one-piece.com\\\/wp-content\\\/uploads\\\/2022\\\/09\\\/Logo-01.png\",\"width\":2318,\"height\":957,\"caption\":\"Boutique One Piece\"},\"image\":{\"@id\":\"https:\\\/\\\/boutique-one-piece.com\\\/#\\\/schema\\\/logo\\\/image\\\/\"}}]}<\/script>\n<!-- \/ Yoast SEO plugin. -->","yoast_head_json":{"title":"One Piece Kawaii Robin-jakke | One Piece-kl\u00e6r","description":"Jakkeinformasjon: Jakke av f\u00f8rsteklasses kvalitet: Laget av materialer av h\u00f8y kvalitet. Sv\u00e6rt komfortabel: Med supermyke bomulls- og polyesterfibre gnager den ikke. Digitalt 3D-trykk: Jakke trykt med originalt design, lerretstrykk. Gratis frakt p\u00e5 alle kj\u00f8p fra N&#039;o.","robots":{"index":"index","follow":"follow","max-snippet":"max-snippet:-1","max-image-preview":"max-image-preview:large","max-video-preview":"max-video-preview:-1"},"canonical":"https:\/\/boutique-one-piece.com\/nb\/one-piece-klaer\/jakker-i-ett-stykke\/one-piece-kawaii-robin-2-jakke\/","og_locale":"nb_NO","og_type":"article","og_title":"Veste One Piece Kawaii Robin | V\u00eatement One Piece","og_description":"Informations sur la Veste :\u00a0 \u00a0Veste de qualit\u00e9 sup\u00e9rieure\u00a0:\u00a0fabriqu\u00e9 avec des mat\u00e9riaux de qualit\u00e9s Tr\u00e8s confortable\u00a0: avec\u00a0ses\u00a0fibres\u00a0de coton et de\u00a0polyester\u00a0super\u00a0doux, il n'y a pas\u00a0de\u00a0frottements Impression digitale 3D\u00a0:\u00a0veste\u00a0imprim\u00e9e\u00a0avec un design original,\u00a0Impression Canvas Livraison\u00a0Offerte\u00a0pour tout achat N'o","og_url":"https:\/\/boutique-one-piece.com\/nb\/one-piece-klaer\/jakker-i-ett-stykke\/one-piece-kawaii-robin-2-jakke\/","og_site_name":"Boutique One Piece","article_modified_time":"2024-09-16T14:23:01+00:00","og_image":[{"width":640,"height":640,"url":"https:\/\/boutique-one-piece.com\/wp-content\/uploads\/2022\/09\/Veste-One-Piece-Kawaii-Robin.jpg","type":"image\/jpeg"}],"twitter_card":"summary_large_image","twitter_misc":{"Ansl. lesetid":"1 minutt"},"schema":{"@context":"https:\/\/schema.org","@graph":[{"@type":"WebPage","@id":"https:\/\/boutique-one-piece.com\/vetements-one-piece\/vestes-one-piece\/veste-one-piece-kawaii-robin-2\/","url":"https:\/\/boutique-one-piece.com\/vetements-one-piece\/vestes-one-piece\/veste-one-piece-kawaii-robin-2\/","name":"One Piece Kawaii Robin-jakke | One Piece-kl\u00e6r","isPartOf":{"@id":"https:\/\/boutique-one-piece.com\/#website"},"primaryImageOfPage":{"@id":"https:\/\/boutique-one-piece.com\/vetements-one-piece\/vestes-one-piece\/veste-one-piece-kawaii-robin-2\/#primaryimage"},"image":{"@id":"https:\/\/boutique-one-piece.com\/vetements-one-piece\/vestes-one-piece\/veste-one-piece-kawaii-robin-2\/#primaryimage"},"thumbnailUrl":"https:\/\/boutique-one-piece.com\/wp-content\/uploads\/2022\/09\/Veste-One-Piece-Kawaii-Robin.jpg","datePublished":"2022-09-27T21:41:20+00:00","dateModified":"2024-09-16T14:23:01+00:00","description":"Jakkeinformasjon: Jakke av f\u00f8rsteklasses kvalitet: Laget av materialer av h\u00f8y kvalitet. Sv\u00e6rt komfortabel: Med supermyke bomulls- og polyesterfibre gnager den ikke. Digitalt 3D-trykk: Jakke trykt med originalt design, lerretstrykk. Gratis frakt p\u00e5 alle kj\u00f8p fra N&#039;o.","breadcrumb":{"@id":"https:\/\/boutique-one-piece.com\/vetements-one-piece\/vestes-one-piece\/veste-one-piece-kawaii-robin-2\/#breadcrumb"},"inLanguage":"nb-NO","potentialAction":[{"@type":"ReadAction","target":["https:\/\/boutique-one-piece.com\/vetements-one-piece\/vestes-one-piece\/veste-one-piece-kawaii-robin-2\/"]}]},{"@type":"ImageObject","inLanguage":"nb-NO","@id":"https:\/\/boutique-one-piece.com\/vetements-one-piece\/vestes-one-piece\/veste-one-piece-kawaii-robin-2\/#primaryimage","url":"https:\/\/boutique-one-piece.com\/wp-content\/uploads\/2022\/09\/Veste-One-Piece-Kawaii-Robin.jpg","contentUrl":"https:\/\/boutique-one-piece.com\/wp-content\/uploads\/2022\/09\/Veste-One-Piece-Kawaii-Robin.jpg","width":640,"height":640,"caption":"Veste One Piece Kawaii Robin 4XL"},{"@type":"BreadcrumbList","@id":"https:\/\/boutique-one-piece.com\/vetements-one-piece\/vestes-one-piece\/veste-one-piece-kawaii-robin-2\/#breadcrumb","itemListElement":[{"@type":"ListItem","position":1,"name":"Home","item":"https:\/\/boutique-one-piece.com\/"},{"@type":"ListItem","position":2,"name":"Shop","item":"https:\/\/boutique-one-piece.com\/shop\/"},{"@type":"ListItem","position":3,"name":"Veste One Piece Kawaii Robin"}]},{"@type":"WebSite","@id":"https:\/\/boutique-one-piece.com\/#website","url":"https:\/\/boutique-one-piece.com\/","name":"One Piece-butikk","description":"Spesialbutikk for One Piece Manga og Anime","publisher":{"@id":"https:\/\/boutique-one-piece.com\/#organization"},"potentialAction":[{"@type":"SearchAction","target":{"@type":"EntryPoint","urlTemplate":"https:\/\/boutique-one-piece.com\/?s={search_term_string}"},"query-input":{"@type":"PropertyValueSpecification","valueRequired":true,"valueName":"search_term_string"}}],"inLanguage":"nb-NO"},{"@type":"Organization","@id":"https:\/\/boutique-one-piece.com\/#organization","name":"One Piece-butikk","url":"https:\/\/boutique-one-piece.com\/","logo":{"@type":"ImageObject","inLanguage":"nb-NO","@id":"https:\/\/boutique-one-piece.com\/#\/schema\/logo\/image\/","url":"https:\/\/boutique-one-piece.com\/wp-content\/uploads\/2022\/09\/Logo-01.png","contentUrl":"https:\/\/boutique-one-piece.com\/wp-content\/uploads\/2022\/09\/Logo-01.png","width":2318,"height":957,"caption":"Boutique One Piece"},"image":{"@id":"https:\/\/boutique-one-piece.com\/#\/schema\/logo\/image\/"}}]}},"_links":{"self":[{"href":"https:\/\/boutique-one-piece.com\/nb\/wp-json\/wp\/v2\/product\/15862","targetHints":{"allow":["GET"]}}],"collection":[{"href":"https:\/\/boutique-one-piece.com\/nb\/wp-json\/wp\/v2\/product"}],"about":[{"href":"https:\/\/boutique-one-piece.com\/nb\/wp-json\/wp\/v2\/types\/product"}],"replies":[{"embeddable":true,"href":"https:\/\/boutique-one-piece.com\/nb\/wp-json\/wp\/v2\/comments?post=15862"}],"wp:featuredmedia":[{"embeddable":true,"href":"https:\/\/boutique-one-piece.com\/nb\/wp-json\/wp\/v2\/media\/10713"}],"wp:attachment":[{"href":"https:\/\/boutique-one-piece.com\/nb\/wp-json\/wp\/v2\/media?parent=15862"}],"wp:term":[{"taxonomy":"product_brand","embeddable":true,"href":"https:\/\/boutique-one-piece.com\/nb\/wp-json\/wp\/v2\/product_brand?post=15862"},{"taxonomy":"product_cat","embeddable":true,"href":"https:\/\/boutique-one-piece.com\/nb\/wp-json\/wp\/v2\/product_cat?post=15862"},{"taxonomy":"product_tag","embeddable":true,"href":"https:\/\/boutique-one-piece.com\/nb\/wp-json\/wp\/v2\/product_tag?post=15862"}],"curies":[{"name":"wp","href":"https:\/\/api.w.org\/{rel}","templated":true}]}}