{"id":15936,"date":"2022-09-27T21:41:48","date_gmt":"2022-09-27T21:41:48","guid":{"rendered":"https:\/\/boutique-one-piece.com\/uncategorized\/porte-clef-one-piece-le-chapeau-de-ace-2\/"},"modified":"2024-09-16T14:24:51","modified_gmt":"2024-09-16T14:24:51","slug":"one-piece-aces-hat-nokkelring-2","status":"publish","type":"product","link":"https:\/\/boutique-one-piece.com\/nb\/one-piece-tilbehor\/one-piece-nokkelringer\/one-piece-aces-hat-nokkelring-2\/","title":{"rendered":"One Piece Ace&#039;s Hat-n\u00f8kkelring"},"content":{"rendered":"<ul>\n<li><span><b><u>One Piece n\u00f8kkelring<\/u><\/b>\u00a0One Piece universn\u00f8kkelring for ekte pirater<\/span><\/li>\n<\/ul>\n<ul>\n<li>\n<b>Materialer<\/b><span>\u00a0<\/span>Metall\u00a0<\/li>\n<\/ul>\n<ul>\n<li><span><strong>GRATIS LEVERING<\/strong><\/span><\/li>\n<\/ul>","protected":false},"excerpt":{"rendered":"<p>One Piece-n\u00f8kkelring: One Piece-universn\u00f8kkelring for ekte pirater. Materiale: Metall. GRATIS FRAKT<\/p>","protected":false},"featured_media":9589,"comment_status":"open","ping_status":"open","template":"","meta":[],"product_brand":[],"product_cat":[128],"product_tag":[],"class_list":{"0":"post-15936","1":"product","2":"type-product","3":"status-publish","4":"has-post-thumbnail","6":"product_cat-portes-cles-one-piece","8":"first","9":"instock","10":"purchasable","11":"product-type-simple"},"yoast_head":"<!-- This site is optimized with the Yoast SEO plugin v27.5 - https:\/\/yoast.com\/product\/yoast-seo-wordpress\/ -->\n<title>Porte Clef One Piece Le Chapeau De Ace | accessoire One Piece<\/title>\n<meta name=\"description\" content=\"Porte Clef One Piece\u00a0: Porte clef de l&#039;univers One Piece pour les vrais pirates Mati\u00e8res\u00a0: M\u00e9tal\u00a0 LIVRAISON OFFERTE\" \/>\n<meta name=\"robots\" content=\"index, follow, max-snippet:-1, max-image-preview:large, max-video-preview:-1\" \/>\n<link rel=\"canonical\" href=\"https:\/\/boutique-one-piece.com\/nb\/one-piece-tilbehor\/one-piece-nokkelringer\/one-piece-aces-hat-nokkelring-2\/\" \/>\n<meta property=\"og:locale\" content=\"nb_NO\" \/>\n<meta property=\"og:type\" content=\"article\" \/>\n<meta property=\"og:title\" content=\"Porte Clef One Piece Le Chapeau De Ace | accessoire One Piece\" \/>\n<meta property=\"og:description\" content=\"Porte Clef One Piece\u00a0: Porte clef de l&#039;univers One Piece pour les vrais pirates Mati\u00e8res\u00a0: M\u00e9tal\u00a0 LIVRAISON OFFERTE\" \/>\n<meta property=\"og:url\" content=\"https:\/\/boutique-one-piece.com\/nb\/one-piece-tilbehor\/one-piece-nokkelringer\/one-piece-aces-hat-nokkelring-2\/\" \/>\n<meta property=\"og:site_name\" content=\"Boutique One Piece\" \/>\n<meta property=\"article:modified_time\" content=\"2024-09-16T14:24:51+00:00\" \/>\n<meta property=\"og:image\" content=\"https:\/\/boutique-one-piece.com\/wp-content\/uploads\/2022\/09\/Porte-Clef-One-Piece-Le-Chapeau-De-Ace.jpg\" \/>\n\t<meta property=\"og:image:width\" content=\"640\" \/>\n\t<meta property=\"og:image:height\" content=\"640\" \/>\n\t<meta property=\"og:image:type\" content=\"image\/jpeg\" \/>\n<meta name=\"twitter:card\" content=\"summary_large_image\" \/>\n<script type=\"application\/ld+json\" class=\"yoast-schema-graph\">{\"@context\":\"https:\\\/\\\/schema.org\",\"@graph\":[{\"@type\":\"WebPage\",\"@id\":\"https:\\\/\\\/boutique-one-piece.com\\\/accessoires-one-piece\\\/portes-cles-one-piece\\\/porte-clef-one-piece-le-chapeau-de-ace-2\\\/\",\"url\":\"https:\\\/\\\/boutique-one-piece.com\\\/accessoires-one-piece\\\/portes-cles-one-piece\\\/porte-clef-one-piece-le-chapeau-de-ace-2\\\/\",\"name\":\"Porte Clef One Piece Le Chapeau De Ace | accessoire One Piece\",\"isPartOf\":{\"@id\":\"https:\\\/\\\/boutique-one-piece.com\\\/#website\"},\"primaryImageOfPage\":{\"@id\":\"https:\\\/\\\/boutique-one-piece.com\\\/accessoires-one-piece\\\/portes-cles-one-piece\\\/porte-clef-one-piece-le-chapeau-de-ace-2\\\/#primaryimage\"},\"image\":{\"@id\":\"https:\\\/\\\/boutique-one-piece.com\\\/accessoires-one-piece\\\/portes-cles-one-piece\\\/porte-clef-one-piece-le-chapeau-de-ace-2\\\/#primaryimage\"},\"thumbnailUrl\":\"https:\\\/\\\/boutique-one-piece.com\\\/wp-content\\\/uploads\\\/2022\\\/09\\\/Porte-Clef-One-Piece-Le-Chapeau-De-Ace.jpg\",\"datePublished\":\"2022-09-27T21:41:48+00:00\",\"dateModified\":\"2024-09-16T14:24:51+00:00\",\"description\":\"Porte Clef One Piece\u00a0: Porte clef de l'univers One Piece pour les vrais pirates Mati\u00e8res\u00a0: M\u00e9tal\u00a0 LIVRAISON OFFERTE\",\"breadcrumb\":{\"@id\":\"https:\\\/\\\/boutique-one-piece.com\\\/accessoires-one-piece\\\/portes-cles-one-piece\\\/porte-clef-one-piece-le-chapeau-de-ace-2\\\/#breadcrumb\"},\"inLanguage\":\"nb-NO\",\"potentialAction\":[{\"@type\":\"ReadAction\",\"target\":[\"https:\\\/\\\/boutique-one-piece.com\\\/accessoires-one-piece\\\/portes-cles-one-piece\\\/porte-clef-one-piece-le-chapeau-de-ace-2\\\/\"]}]},{\"@type\":\"ImageObject\",\"inLanguage\":\"nb-NO\",\"@id\":\"https:\\\/\\\/boutique-one-piece.com\\\/accessoires-one-piece\\\/portes-cles-one-piece\\\/porte-clef-one-piece-le-chapeau-de-ace-2\\\/#primaryimage\",\"url\":\"https:\\\/\\\/boutique-one-piece.com\\\/wp-content\\\/uploads\\\/2022\\\/09\\\/Porte-Clef-One-Piece-Le-Chapeau-De-Ace.jpg\",\"contentUrl\":\"https:\\\/\\\/boutique-one-piece.com\\\/wp-content\\\/uploads\\\/2022\\\/09\\\/Porte-Clef-One-Piece-Le-Chapeau-De-Ace.jpg\",\"width\":640,\"height\":640,\"caption\":\"Porte Clef One Piece Le Chapeau De Ace Default Title\"},{\"@type\":\"BreadcrumbList\",\"@id\":\"https:\\\/\\\/boutique-one-piece.com\\\/accessoires-one-piece\\\/portes-cles-one-piece\\\/porte-clef-one-piece-le-chapeau-de-ace-2\\\/#breadcrumb\",\"itemListElement\":[{\"@type\":\"ListItem\",\"position\":1,\"name\":\"Home\",\"item\":\"https:\\\/\\\/boutique-one-piece.com\\\/\"},{\"@type\":\"ListItem\",\"position\":2,\"name\":\"Shop\",\"item\":\"https:\\\/\\\/boutique-one-piece.com\\\/shop\\\/\"},{\"@type\":\"ListItem\",\"position\":3,\"name\":\"Porte Clef One Piece Le Chapeau De Ace\"}]},{\"@type\":\"WebSite\",\"@id\":\"https:\\\/\\\/boutique-one-piece.com\\\/#website\",\"url\":\"https:\\\/\\\/boutique-one-piece.com\\\/\",\"name\":\"Boutique One Piece\",\"description\":\"Magasin Sp\u00e9cialis\u00e9 du Manga et l&#039;Anime One Piece\",\"publisher\":{\"@id\":\"https:\\\/\\\/boutique-one-piece.com\\\/#organization\"},\"potentialAction\":[{\"@type\":\"SearchAction\",\"target\":{\"@type\":\"EntryPoint\",\"urlTemplate\":\"https:\\\/\\\/boutique-one-piece.com\\\/?s={search_term_string}\"},\"query-input\":{\"@type\":\"PropertyValueSpecification\",\"valueRequired\":true,\"valueName\":\"search_term_string\"}}],\"inLanguage\":\"nb-NO\"},{\"@type\":\"Organization\",\"@id\":\"https:\\\/\\\/boutique-one-piece.com\\\/#organization\",\"name\":\"Boutique One Piece\",\"url\":\"https:\\\/\\\/boutique-one-piece.com\\\/\",\"logo\":{\"@type\":\"ImageObject\",\"inLanguage\":\"nb-NO\",\"@id\":\"https:\\\/\\\/boutique-one-piece.com\\\/#\\\/schema\\\/logo\\\/image\\\/\",\"url\":\"https:\\\/\\\/boutique-one-piece.com\\\/wp-content\\\/uploads\\\/2022\\\/09\\\/Logo-01.png\",\"contentUrl\":\"https:\\\/\\\/boutique-one-piece.com\\\/wp-content\\\/uploads\\\/2022\\\/09\\\/Logo-01.png\",\"width\":2318,\"height\":957,\"caption\":\"Boutique One Piece\"},\"image\":{\"@id\":\"https:\\\/\\\/boutique-one-piece.com\\\/#\\\/schema\\\/logo\\\/image\\\/\"}}]}<\/script>\n<!-- \/ Yoast SEO plugin. -->","yoast_head_json":{"title":"One Piece Ace&#039;s Hat-n\u00f8kkelring | One Piece-tilbeh\u00f8r","description":"One Piece-n\u00f8kkelring: One Piece-universn\u00f8kkelring for ekte pirater. Materiale: Metall. GRATIS FRAKT","robots":{"index":"index","follow":"follow","max-snippet":"max-snippet:-1","max-image-preview":"max-image-preview:large","max-video-preview":"max-video-preview:-1"},"canonical":"https:\/\/boutique-one-piece.com\/nb\/one-piece-tilbehor\/one-piece-nokkelringer\/one-piece-aces-hat-nokkelring-2\/","og_locale":"nb_NO","og_type":"article","og_title":"Porte Clef One Piece Le Chapeau De Ace | accessoire One Piece","og_description":"Porte Clef One Piece\u00a0: Porte clef de l'univers One Piece pour les vrais pirates Mati\u00e8res\u00a0: M\u00e9tal\u00a0 LIVRAISON OFFERTE","og_url":"https:\/\/boutique-one-piece.com\/nb\/one-piece-tilbehor\/one-piece-nokkelringer\/one-piece-aces-hat-nokkelring-2\/","og_site_name":"Boutique One Piece","article_modified_time":"2024-09-16T14:24:51+00:00","og_image":[{"width":640,"height":640,"url":"https:\/\/boutique-one-piece.com\/wp-content\/uploads\/2022\/09\/Porte-Clef-One-Piece-Le-Chapeau-De-Ace.jpg","type":"image\/jpeg"}],"twitter_card":"summary_large_image","schema":{"@context":"https:\/\/schema.org","@graph":[{"@type":"WebPage","@id":"https:\/\/boutique-one-piece.com\/accessoires-one-piece\/portes-cles-one-piece\/porte-clef-one-piece-le-chapeau-de-ace-2\/","url":"https:\/\/boutique-one-piece.com\/accessoires-one-piece\/portes-cles-one-piece\/porte-clef-one-piece-le-chapeau-de-ace-2\/","name":"One Piece Ace&#039;s Hat-n\u00f8kkelring | One Piece-tilbeh\u00f8r","isPartOf":{"@id":"https:\/\/boutique-one-piece.com\/#website"},"primaryImageOfPage":{"@id":"https:\/\/boutique-one-piece.com\/accessoires-one-piece\/portes-cles-one-piece\/porte-clef-one-piece-le-chapeau-de-ace-2\/#primaryimage"},"image":{"@id":"https:\/\/boutique-one-piece.com\/accessoires-one-piece\/portes-cles-one-piece\/porte-clef-one-piece-le-chapeau-de-ace-2\/#primaryimage"},"thumbnailUrl":"https:\/\/boutique-one-piece.com\/wp-content\/uploads\/2022\/09\/Porte-Clef-One-Piece-Le-Chapeau-De-Ace.jpg","datePublished":"2022-09-27T21:41:48+00:00","dateModified":"2024-09-16T14:24:51+00:00","description":"One Piece-n\u00f8kkelring: One Piece-universn\u00f8kkelring for ekte pirater. Materiale: Metall. GRATIS FRAKT","breadcrumb":{"@id":"https:\/\/boutique-one-piece.com\/accessoires-one-piece\/portes-cles-one-piece\/porte-clef-one-piece-le-chapeau-de-ace-2\/#breadcrumb"},"inLanguage":"nb-NO","potentialAction":[{"@type":"ReadAction","target":["https:\/\/boutique-one-piece.com\/accessoires-one-piece\/portes-cles-one-piece\/porte-clef-one-piece-le-chapeau-de-ace-2\/"]}]},{"@type":"ImageObject","inLanguage":"nb-NO","@id":"https:\/\/boutique-one-piece.com\/accessoires-one-piece\/portes-cles-one-piece\/porte-clef-one-piece-le-chapeau-de-ace-2\/#primaryimage","url":"https:\/\/boutique-one-piece.com\/wp-content\/uploads\/2022\/09\/Porte-Clef-One-Piece-Le-Chapeau-De-Ace.jpg","contentUrl":"https:\/\/boutique-one-piece.com\/wp-content\/uploads\/2022\/09\/Porte-Clef-One-Piece-Le-Chapeau-De-Ace.jpg","width":640,"height":640,"caption":"Porte Clef One Piece Le Chapeau De Ace Default Title"},{"@type":"BreadcrumbList","@id":"https:\/\/boutique-one-piece.com\/accessoires-one-piece\/portes-cles-one-piece\/porte-clef-one-piece-le-chapeau-de-ace-2\/#breadcrumb","itemListElement":[{"@type":"ListItem","position":1,"name":"Home","item":"https:\/\/boutique-one-piece.com\/"},{"@type":"ListItem","position":2,"name":"Shop","item":"https:\/\/boutique-one-piece.com\/shop\/"},{"@type":"ListItem","position":3,"name":"Porte Clef One Piece Le Chapeau De Ace"}]},{"@type":"WebSite","@id":"https:\/\/boutique-one-piece.com\/#website","url":"https:\/\/boutique-one-piece.com\/","name":"One Piece-butikk","description":"Spesialbutikk for One Piece Manga og Anime","publisher":{"@id":"https:\/\/boutique-one-piece.com\/#organization"},"potentialAction":[{"@type":"SearchAction","target":{"@type":"EntryPoint","urlTemplate":"https:\/\/boutique-one-piece.com\/?s={search_term_string}"},"query-input":{"@type":"PropertyValueSpecification","valueRequired":true,"valueName":"search_term_string"}}],"inLanguage":"nb-NO"},{"@type":"Organization","@id":"https:\/\/boutique-one-piece.com\/#organization","name":"One Piece-butikk","url":"https:\/\/boutique-one-piece.com\/","logo":{"@type":"ImageObject","inLanguage":"nb-NO","@id":"https:\/\/boutique-one-piece.com\/#\/schema\/logo\/image\/","url":"https:\/\/boutique-one-piece.com\/wp-content\/uploads\/2022\/09\/Logo-01.png","contentUrl":"https:\/\/boutique-one-piece.com\/wp-content\/uploads\/2022\/09\/Logo-01.png","width":2318,"height":957,"caption":"Boutique One Piece"},"image":{"@id":"https:\/\/boutique-one-piece.com\/#\/schema\/logo\/image\/"}}]}},"_links":{"self":[{"href":"https:\/\/boutique-one-piece.com\/nb\/wp-json\/wp\/v2\/product\/15936","targetHints":{"allow":["GET"]}}],"collection":[{"href":"https:\/\/boutique-one-piece.com\/nb\/wp-json\/wp\/v2\/product"}],"about":[{"href":"https:\/\/boutique-one-piece.com\/nb\/wp-json\/wp\/v2\/types\/product"}],"replies":[{"embeddable":true,"href":"https:\/\/boutique-one-piece.com\/nb\/wp-json\/wp\/v2\/comments?post=15936"}],"wp:featuredmedia":[{"embeddable":true,"href":"https:\/\/boutique-one-piece.com\/nb\/wp-json\/wp\/v2\/media\/9589"}],"wp:attachment":[{"href":"https:\/\/boutique-one-piece.com\/nb\/wp-json\/wp\/v2\/media?parent=15936"}],"wp:term":[{"taxonomy":"product_brand","embeddable":true,"href":"https:\/\/boutique-one-piece.com\/nb\/wp-json\/wp\/v2\/product_brand?post=15936"},{"taxonomy":"product_cat","embeddable":true,"href":"https:\/\/boutique-one-piece.com\/nb\/wp-json\/wp\/v2\/product_cat?post=15936"},{"taxonomy":"product_tag","embeddable":true,"href":"https:\/\/boutique-one-piece.com\/nb\/wp-json\/wp\/v2\/product_tag?post=15936"}],"curies":[{"name":"wp","href":"https:\/\/api.w.org\/{rel}","templated":true}]}}