{"id":16097,"date":"2022-09-27T21:42:40","date_gmt":"2022-09-27T21:42:40","guid":{"rendered":"https:\/\/boutique-one-piece.com\/uncategorized\/sweat-one-piece-luffy-au-chapeau-de-paille-bad-ass\/"},"modified":"2025-02-26T07:17:26","modified_gmt":"2025-02-26T07:17:26","slug":"one-piece-luffy-genser-med-strahatt-toff","status":"publish","type":"product","link":"https:\/\/boutique-one-piece.com\/nb\/one-piece-klaer\/ett-stykke-genser\/one-piece-luffy-genser-med-strahatt-toff\/","title":{"rendered":"One Piece Luffy str\u00e5hatten Bad Ass-genser"},"content":{"rendered":"<h2 >Informasjon om genser:\u00a0<\/h2>\n<ul >\n<li >\n<strong >Premium kvalitets ett stykke genser\u00a0<\/strong>har en<span >\u00a0<\/span><strong >h\u00f8y gramvekt<\/strong><span >\u00a0<\/span>med kvalitetsmaterialer<\/li>\n<\/ul>\n<ul >\n<li >\n<strong >Stor fleksibilitet\u00a0<\/strong>: takket v\u00e6re sammensetningen gj\u00f8r den det ikke<span >\u00a0<\/span><strong >kr\u00f8llete<\/strong><span >\u00a0<\/span>ikke<\/li>\n<\/ul>\n<ul >\n<li >\n<strong >Veldig komfortabel\u00a0<\/strong>med<span >\u00a0<\/span>hans<span >\u00a0<\/span><strong >fibre<\/strong><span >\u00a0<\/span>av<span >\u00a0<\/span><strong >bomull<\/strong><span >\u00a0<\/span>stor<span >\u00a0<\/span><strong >myk<\/strong>, det finnes ingen<span >\u00a0<\/span><strong >friksjon<\/strong>\n<\/li>\n<\/ul>\n<ul >\n<li >3D digital utskrift, original design<\/li>\n<\/ul>\n<ul >\n<li >\n<strong >\u00d8kologisk bomull\u00a0<\/strong>bomull<span >\u00a0<\/span><strong >h\u00f8y kvalitet<\/strong>\u00a0med<span >\u00a0<\/span><strong >fibre<\/strong><span >\u00a0<\/span>ekstra<span >\u00a0<\/span><strong >lang<\/strong>\n<\/li>\n<\/ul>\n<ul >\n<li >\n<strong >Gratis levering\u00a0<\/strong>for ethvert kj\u00f8p<strong >\u00a0<\/strong>\n<\/li>\n<\/ul>","protected":false},"excerpt":{"rendered":"<p>Informasjon om genser: Premium genser i ett stykke: H\u00f8ykvalitetsstoff med h\u00f8y gramvekt og f\u00f8rsteklasses materialer. Sv\u00e6rt fleksibel: Takket v\u00e6re sammensetningen kr\u00f8ller den ikke. Sv\u00e6rt komfortabel: Med sine supermyke bomullsfibre gnager den ikke. Digitalt 3D-trykk, originalt design. \u00d8kologisk bomull: H\u00f8ykvalitets bomull med ekstra lange fibre. Gratis frakt p\u00e5 alle kj\u00f8p.\u00a0<\/p>","protected":false},"featured_media":16099,"comment_status":"open","ping_status":"open","template":"","meta":[],"product_brand":[],"product_cat":[149],"product_tag":[],"class_list":{"0":"post-16097","1":"product","2":"type-product","3":"status-publish","4":"has-post-thumbnail","6":"product_cat-sweats-one-piece","8":"first","9":"instock","10":"purchasable","11":"product-type-variable","12":"has-default-attributes"},"yoast_head":"<!-- This site is optimized with the Yoast SEO plugin v27.5 - https:\/\/yoast.com\/product\/yoast-seo-wordpress\/ -->\n<title>Sweat One Piece Luffy au Chapeau de Paille Bad Ass | Boutique One Piece<\/title>\n<meta name=\"description\" content=\"Informations sur le Sweat :\u00a0 Sweat\u00a0One Piece\u00a0de qualit\u00e9 sup\u00e9rieur\u00a0:\u00a0poss\u00e8de un\u00a0grammage \u00e9lev\u00e9\u00a0avec des mat\u00e9riaux de qualit\u00e9s Grande souplesse\u00a0: gr\u00e2ce \u00e0 sa composition, il ne se\u00a0froisse\u00a0pas Tr\u00e8s confortable\u00a0: avec\u00a0ses\u00a0fibres\u00a0de\u00a0coton\u00a0super\u00a0doux, il n&#039;y a pas\u00a0de\u00a0frottements Impression digitale 3D, design original Coton\u00a0o\" \/>\n<meta name=\"robots\" content=\"index, follow, max-snippet:-1, max-image-preview:large, max-video-preview:-1\" \/>\n<link rel=\"canonical\" href=\"https:\/\/boutique-one-piece.com\/nb\/one-piece-klaer\/ett-stykke-genser\/one-piece-luffy-genser-med-strahatt-toff\/\" \/>\n<meta property=\"og:locale\" content=\"nb_NO\" \/>\n<meta property=\"og:type\" content=\"article\" \/>\n<meta property=\"og:title\" content=\"Sweat One Piece Luffy au Chapeau de Paille Bad Ass | Boutique One Piece\" \/>\n<meta property=\"og:description\" content=\"Informations sur le Sweat :\u00a0 Sweat\u00a0One Piece\u00a0de qualit\u00e9 sup\u00e9rieur\u00a0:\u00a0poss\u00e8de un\u00a0grammage \u00e9lev\u00e9\u00a0avec des mat\u00e9riaux de qualit\u00e9s Grande souplesse\u00a0: gr\u00e2ce \u00e0 sa composition, il ne se\u00a0froisse\u00a0pas Tr\u00e8s confortable\u00a0: avec\u00a0ses\u00a0fibres\u00a0de\u00a0coton\u00a0super\u00a0doux, il n&#039;y a pas\u00a0de\u00a0frottements Impression digitale 3D, design original Coton\u00a0o\" \/>\n<meta property=\"og:url\" content=\"https:\/\/boutique-one-piece.com\/nb\/one-piece-klaer\/ett-stykke-genser\/one-piece-luffy-genser-med-strahatt-toff\/\" \/>\n<meta property=\"og:site_name\" content=\"Boutique One Piece\" \/>\n<meta property=\"article:modified_time\" content=\"2025-02-26T07:17:26+00:00\" \/>\n<meta property=\"og:image\" content=\"https:\/\/boutique-one-piece.com\/wp-content\/uploads\/2022\/09\/Sweat-One-Piece-Luffy-au-Chapeau-de-Paille-Bad-Ass.jpg\" \/>\n\t<meta property=\"og:image:width\" content=\"624\" \/>\n\t<meta property=\"og:image:height\" content=\"640\" \/>\n\t<meta property=\"og:image:type\" content=\"image\/jpeg\" \/>\n<meta name=\"twitter:card\" content=\"summary_large_image\" \/>\n<script type=\"application\/ld+json\" class=\"yoast-schema-graph\">{\"@context\":\"https:\\\/\\\/schema.org\",\"@graph\":[{\"@type\":\"WebPage\",\"@id\":\"https:\\\/\\\/boutique-one-piece.com\\\/vetements-one-piece\\\/sweats-one-piece\\\/sweat-one-piece-luffy-au-chapeau-de-paille-bad-ass\\\/\",\"url\":\"https:\\\/\\\/boutique-one-piece.com\\\/vetements-one-piece\\\/sweats-one-piece\\\/sweat-one-piece-luffy-au-chapeau-de-paille-bad-ass\\\/\",\"name\":\"Sweat One Piece Luffy au Chapeau de Paille Bad Ass | Boutique One Piece\",\"isPartOf\":{\"@id\":\"https:\\\/\\\/boutique-one-piece.com\\\/#website\"},\"primaryImageOfPage\":{\"@id\":\"https:\\\/\\\/boutique-one-piece.com\\\/vetements-one-piece\\\/sweats-one-piece\\\/sweat-one-piece-luffy-au-chapeau-de-paille-bad-ass\\\/#primaryimage\"},\"image\":{\"@id\":\"https:\\\/\\\/boutique-one-piece.com\\\/vetements-one-piece\\\/sweats-one-piece\\\/sweat-one-piece-luffy-au-chapeau-de-paille-bad-ass\\\/#primaryimage\"},\"thumbnailUrl\":\"https:\\\/\\\/boutique-one-piece.com\\\/wp-content\\\/uploads\\\/2022\\\/09\\\/Sweat-One-Piece-Luffy-au-Chapeau-de-Paille-Bad-Ass.jpg\",\"datePublished\":\"2022-09-27T21:42:40+00:00\",\"dateModified\":\"2025-02-26T07:17:26+00:00\",\"description\":\"Informations sur le Sweat :\u00a0 Sweat\u00a0One Piece\u00a0de qualit\u00e9 sup\u00e9rieur\u00a0:\u00a0poss\u00e8de un\u00a0grammage \u00e9lev\u00e9\u00a0avec des mat\u00e9riaux de qualit\u00e9s Grande souplesse\u00a0: gr\u00e2ce \u00e0 sa composition, il ne se\u00a0froisse\u00a0pas Tr\u00e8s confortable\u00a0: avec\u00a0ses\u00a0fibres\u00a0de\u00a0coton\u00a0super\u00a0doux, il n'y a pas\u00a0de\u00a0frottements Impression digitale 3D, design original Coton\u00a0o\",\"breadcrumb\":{\"@id\":\"https:\\\/\\\/boutique-one-piece.com\\\/vetements-one-piece\\\/sweats-one-piece\\\/sweat-one-piece-luffy-au-chapeau-de-paille-bad-ass\\\/#breadcrumb\"},\"inLanguage\":\"nb-NO\",\"potentialAction\":[{\"@type\":\"ReadAction\",\"target\":[\"https:\\\/\\\/boutique-one-piece.com\\\/vetements-one-piece\\\/sweats-one-piece\\\/sweat-one-piece-luffy-au-chapeau-de-paille-bad-ass\\\/\"]}]},{\"@type\":\"ImageObject\",\"inLanguage\":\"nb-NO\",\"@id\":\"https:\\\/\\\/boutique-one-piece.com\\\/vetements-one-piece\\\/sweats-one-piece\\\/sweat-one-piece-luffy-au-chapeau-de-paille-bad-ass\\\/#primaryimage\",\"url\":\"https:\\\/\\\/boutique-one-piece.com\\\/wp-content\\\/uploads\\\/2022\\\/09\\\/Sweat-One-Piece-Luffy-au-Chapeau-de-Paille-Bad-Ass.jpg\",\"contentUrl\":\"https:\\\/\\\/boutique-one-piece.com\\\/wp-content\\\/uploads\\\/2022\\\/09\\\/Sweat-One-Piece-Luffy-au-Chapeau-de-Paille-Bad-Ass.jpg\",\"width\":624,\"height\":640,\"caption\":\"Sweat One Piece Luffy au Chapeau de Paille Bad Ass XXXL\"},{\"@type\":\"BreadcrumbList\",\"@id\":\"https:\\\/\\\/boutique-one-piece.com\\\/vetements-one-piece\\\/sweats-one-piece\\\/sweat-one-piece-luffy-au-chapeau-de-paille-bad-ass\\\/#breadcrumb\",\"itemListElement\":[{\"@type\":\"ListItem\",\"position\":1,\"name\":\"Home\",\"item\":\"https:\\\/\\\/boutique-one-piece.com\\\/\"},{\"@type\":\"ListItem\",\"position\":2,\"name\":\"Shop\",\"item\":\"https:\\\/\\\/boutique-one-piece.com\\\/shop\\\/\"},{\"@type\":\"ListItem\",\"position\":3,\"name\":\"Sweat One Piece Luffy au Chapeau de Paille Bad Ass\"}]},{\"@type\":\"WebSite\",\"@id\":\"https:\\\/\\\/boutique-one-piece.com\\\/#website\",\"url\":\"https:\\\/\\\/boutique-one-piece.com\\\/\",\"name\":\"Boutique One Piece\",\"description\":\"Magasin Sp\u00e9cialis\u00e9 du Manga et l&#039;Anime One Piece\",\"publisher\":{\"@id\":\"https:\\\/\\\/boutique-one-piece.com\\\/#organization\"},\"potentialAction\":[{\"@type\":\"SearchAction\",\"target\":{\"@type\":\"EntryPoint\",\"urlTemplate\":\"https:\\\/\\\/boutique-one-piece.com\\\/?s={search_term_string}\"},\"query-input\":{\"@type\":\"PropertyValueSpecification\",\"valueRequired\":true,\"valueName\":\"search_term_string\"}}],\"inLanguage\":\"nb-NO\"},{\"@type\":\"Organization\",\"@id\":\"https:\\\/\\\/boutique-one-piece.com\\\/#organization\",\"name\":\"Boutique One Piece\",\"url\":\"https:\\\/\\\/boutique-one-piece.com\\\/\",\"logo\":{\"@type\":\"ImageObject\",\"inLanguage\":\"nb-NO\",\"@id\":\"https:\\\/\\\/boutique-one-piece.com\\\/#\\\/schema\\\/logo\\\/image\\\/\",\"url\":\"https:\\\/\\\/boutique-one-piece.com\\\/wp-content\\\/uploads\\\/2022\\\/09\\\/Logo-01.png\",\"contentUrl\":\"https:\\\/\\\/boutique-one-piece.com\\\/wp-content\\\/uploads\\\/2022\\\/09\\\/Logo-01.png\",\"width\":2318,\"height\":957,\"caption\":\"Boutique One Piece\"},\"image\":{\"@id\":\"https:\\\/\\\/boutique-one-piece.com\\\/#\\\/schema\\\/logo\\\/image\\\/\"}}]}<\/script>\n<!-- \/ Yoast SEO plugin. -->","yoast_head_json":{"title":"One Piece str\u00e5hatt Luffy Bad Ass-genser | One Piece-butikk","description":"Informasjon om genser: Premium genser i ett stykke: Stoff av h\u00f8y kvalitet med h\u00f8y gramvekt og kvalitetsmaterialer. Sv\u00e6rt fleksibel: Takket v\u00e6re sammensetningen kr\u00f8ller den ikke. Sv\u00e6rt komfortabel: Med sine supermyke bomullsfibre gnager den ikke. Digitalt 3D-trykk, originalt design. Bomull.","robots":{"index":"index","follow":"follow","max-snippet":"max-snippet:-1","max-image-preview":"max-image-preview:large","max-video-preview":"max-video-preview:-1"},"canonical":"https:\/\/boutique-one-piece.com\/nb\/one-piece-klaer\/ett-stykke-genser\/one-piece-luffy-genser-med-strahatt-toff\/","og_locale":"nb_NO","og_type":"article","og_title":"Sweat One Piece Luffy au Chapeau de Paille Bad Ass | Boutique One Piece","og_description":"Informations sur le Sweat :\u00a0 Sweat\u00a0One Piece\u00a0de qualit\u00e9 sup\u00e9rieur\u00a0:\u00a0poss\u00e8de un\u00a0grammage \u00e9lev\u00e9\u00a0avec des mat\u00e9riaux de qualit\u00e9s Grande souplesse\u00a0: gr\u00e2ce \u00e0 sa composition, il ne se\u00a0froisse\u00a0pas Tr\u00e8s confortable\u00a0: avec\u00a0ses\u00a0fibres\u00a0de\u00a0coton\u00a0super\u00a0doux, il n'y a pas\u00a0de\u00a0frottements Impression digitale 3D, design original Coton\u00a0o","og_url":"https:\/\/boutique-one-piece.com\/nb\/one-piece-klaer\/ett-stykke-genser\/one-piece-luffy-genser-med-strahatt-toff\/","og_site_name":"Boutique One Piece","article_modified_time":"2025-02-26T07:17:26+00:00","og_image":[{"width":624,"height":640,"url":"https:\/\/boutique-one-piece.com\/wp-content\/uploads\/2022\/09\/Sweat-One-Piece-Luffy-au-Chapeau-de-Paille-Bad-Ass.jpg","type":"image\/jpeg"}],"twitter_card":"summary_large_image","schema":{"@context":"https:\/\/schema.org","@graph":[{"@type":"WebPage","@id":"https:\/\/boutique-one-piece.com\/vetements-one-piece\/sweats-one-piece\/sweat-one-piece-luffy-au-chapeau-de-paille-bad-ass\/","url":"https:\/\/boutique-one-piece.com\/vetements-one-piece\/sweats-one-piece\/sweat-one-piece-luffy-au-chapeau-de-paille-bad-ass\/","name":"One Piece str\u00e5hatt Luffy Bad Ass-genser | One Piece-butikk","isPartOf":{"@id":"https:\/\/boutique-one-piece.com\/#website"},"primaryImageOfPage":{"@id":"https:\/\/boutique-one-piece.com\/vetements-one-piece\/sweats-one-piece\/sweat-one-piece-luffy-au-chapeau-de-paille-bad-ass\/#primaryimage"},"image":{"@id":"https:\/\/boutique-one-piece.com\/vetements-one-piece\/sweats-one-piece\/sweat-one-piece-luffy-au-chapeau-de-paille-bad-ass\/#primaryimage"},"thumbnailUrl":"https:\/\/boutique-one-piece.com\/wp-content\/uploads\/2022\/09\/Sweat-One-Piece-Luffy-au-Chapeau-de-Paille-Bad-Ass.jpg","datePublished":"2022-09-27T21:42:40+00:00","dateModified":"2025-02-26T07:17:26+00:00","description":"Informasjon om genser: Premium genser i ett stykke: Stoff av h\u00f8y kvalitet med h\u00f8y gramvekt og kvalitetsmaterialer. Sv\u00e6rt fleksibel: Takket v\u00e6re sammensetningen kr\u00f8ller den ikke. Sv\u00e6rt komfortabel: Med sine supermyke bomullsfibre gnager den ikke. Digitalt 3D-trykk, originalt design. Bomull.","breadcrumb":{"@id":"https:\/\/boutique-one-piece.com\/vetements-one-piece\/sweats-one-piece\/sweat-one-piece-luffy-au-chapeau-de-paille-bad-ass\/#breadcrumb"},"inLanguage":"nb-NO","potentialAction":[{"@type":"ReadAction","target":["https:\/\/boutique-one-piece.com\/vetements-one-piece\/sweats-one-piece\/sweat-one-piece-luffy-au-chapeau-de-paille-bad-ass\/"]}]},{"@type":"ImageObject","inLanguage":"nb-NO","@id":"https:\/\/boutique-one-piece.com\/vetements-one-piece\/sweats-one-piece\/sweat-one-piece-luffy-au-chapeau-de-paille-bad-ass\/#primaryimage","url":"https:\/\/boutique-one-piece.com\/wp-content\/uploads\/2022\/09\/Sweat-One-Piece-Luffy-au-Chapeau-de-Paille-Bad-Ass.jpg","contentUrl":"https:\/\/boutique-one-piece.com\/wp-content\/uploads\/2022\/09\/Sweat-One-Piece-Luffy-au-Chapeau-de-Paille-Bad-Ass.jpg","width":624,"height":640,"caption":"Sweat One Piece Luffy au Chapeau de Paille Bad Ass XXXL"},{"@type":"BreadcrumbList","@id":"https:\/\/boutique-one-piece.com\/vetements-one-piece\/sweats-one-piece\/sweat-one-piece-luffy-au-chapeau-de-paille-bad-ass\/#breadcrumb","itemListElement":[{"@type":"ListItem","position":1,"name":"Home","item":"https:\/\/boutique-one-piece.com\/"},{"@type":"ListItem","position":2,"name":"Shop","item":"https:\/\/boutique-one-piece.com\/shop\/"},{"@type":"ListItem","position":3,"name":"Sweat One Piece Luffy au Chapeau de Paille Bad Ass"}]},{"@type":"WebSite","@id":"https:\/\/boutique-one-piece.com\/#website","url":"https:\/\/boutique-one-piece.com\/","name":"One Piece-butikk","description":"Spesialbutikk for One Piece Manga og Anime","publisher":{"@id":"https:\/\/boutique-one-piece.com\/#organization"},"potentialAction":[{"@type":"SearchAction","target":{"@type":"EntryPoint","urlTemplate":"https:\/\/boutique-one-piece.com\/?s={search_term_string}"},"query-input":{"@type":"PropertyValueSpecification","valueRequired":true,"valueName":"search_term_string"}}],"inLanguage":"nb-NO"},{"@type":"Organization","@id":"https:\/\/boutique-one-piece.com\/#organization","name":"One Piece-butikk","url":"https:\/\/boutique-one-piece.com\/","logo":{"@type":"ImageObject","inLanguage":"nb-NO","@id":"https:\/\/boutique-one-piece.com\/#\/schema\/logo\/image\/","url":"https:\/\/boutique-one-piece.com\/wp-content\/uploads\/2022\/09\/Logo-01.png","contentUrl":"https:\/\/boutique-one-piece.com\/wp-content\/uploads\/2022\/09\/Logo-01.png","width":2318,"height":957,"caption":"Boutique One Piece"},"image":{"@id":"https:\/\/boutique-one-piece.com\/#\/schema\/logo\/image\/"}}]}},"_links":{"self":[{"href":"https:\/\/boutique-one-piece.com\/nb\/wp-json\/wp\/v2\/product\/16097","targetHints":{"allow":["GET"]}}],"collection":[{"href":"https:\/\/boutique-one-piece.com\/nb\/wp-json\/wp\/v2\/product"}],"about":[{"href":"https:\/\/boutique-one-piece.com\/nb\/wp-json\/wp\/v2\/types\/product"}],"replies":[{"embeddable":true,"href":"https:\/\/boutique-one-piece.com\/nb\/wp-json\/wp\/v2\/comments?post=16097"}],"wp:featuredmedia":[{"embeddable":true,"href":"https:\/\/boutique-one-piece.com\/nb\/wp-json\/wp\/v2\/media\/16099"}],"wp:attachment":[{"href":"https:\/\/boutique-one-piece.com\/nb\/wp-json\/wp\/v2\/media?parent=16097"}],"wp:term":[{"taxonomy":"product_brand","embeddable":true,"href":"https:\/\/boutique-one-piece.com\/nb\/wp-json\/wp\/v2\/product_brand?post=16097"},{"taxonomy":"product_cat","embeddable":true,"href":"https:\/\/boutique-one-piece.com\/nb\/wp-json\/wp\/v2\/product_cat?post=16097"},{"taxonomy":"product_tag","embeddable":true,"href":"https:\/\/boutique-one-piece.com\/nb\/wp-json\/wp\/v2\/product_tag?post=16097"}],"curies":[{"name":"wp","href":"https:\/\/api.w.org\/{rel}","templated":true}]}}