{"id":16308,"date":"2022-09-27T21:43:57","date_gmt":"2022-09-27T21:43:57","guid":{"rendered":"https:\/\/boutique-one-piece.com\/uncategorized\/tableau-one-piece-nami-la-chatte-voleuse\/"},"modified":"2024-09-16T14:35:39","modified_gmt":"2024-09-16T14:35:39","slug":"one-piece-maleri-av-kattetyven-nami","status":"publish","type":"product","link":"https:\/\/boutique-one-piece.com\/nb\/one-piece-dekorasjoner\/one-piece-malerier\/one-piece-maleri-av-kattetyven-nami\/","title":{"rendered":"One Piece Nami katten innbruddstyv maleri"},"content":{"rendered":"<p><span><strong>Type:<\/strong> Lerretstrykk<\/span><br \/><span><strong>Emner:<\/strong> Animasjon<\/span><br \/><span><strong>Rammemodus:<\/strong> Uten ramme<\/span><br \/><span><strong>Materiale:<\/strong> Lerret<\/span><br \/><span><strong>Stil:<\/strong> Klassisk<\/span><br \/><span><strong>Ramme:<\/strong> Ja<\/span><br \/><span><strong>Medium:<\/strong> Olje<\/span><br \/><span><strong>Grunnst\u00f8tte:<\/strong> Lerret<\/span><br \/><span><strong>Skjema:<\/strong> Kombinert<\/span><br \/><span><strong>Teknikk:<\/strong> Spraymaling<\/span><br \/><span><strong>Modellnummer:<\/strong> Maleri<\/span><br \/><span><strong>Form:<\/strong> Uregelmessig<\/span><br \/><span><strong>Opprinnelig:<\/strong> Ja<\/span><br \/><span><strong>Materiale:<\/strong> H\u00f8y kvalitet p\u00e5 lerret<\/span><br \/><span><strong>Oljemaleri stil:<\/strong> Moderne veggkunst Gicl\u00e9e-trykk<\/span><br \/><span><strong>Bildemateriale:<\/strong> Gr\u00f8nt blekktrykk p\u00e5 lerret<\/span><br \/><span><strong>Med eller uten ramme:<\/strong> Kun lerret (kontakt oss for innrammede)<\/span><br \/><span><strong>Malestil og teknikk:<\/strong> Moderne dekorative lerretstrykk<\/span><br \/><span><strong>Belegg:<\/strong> UV, vanntett, fuktsikker<\/span><br \/><span><strong>Dekorasjon:<\/strong> Stuer, soverom, barnerom, kontorer, kafeer, hoteller, restauranter<\/span><br \/><span><strong>Moderne maleri:<\/strong> Trykt oljemaleri<\/span><br \/><span><strong>Form:<\/strong> Rektangel<\/span><br \/><span><strong>Kunstverk:<\/strong> Lerretsbilder<\/span><\/p>","protected":false},"excerpt":{"rendered":"<p>Type: LerretstrykkEmner: AnimasjonRammemodus: UinnrammetMateriale: LerretStil: KlassiskRamme: JaMedium: OljeSt\u00f8ttebase: LerretForm: KombinertTeknikk: SpraymalingModellnummer: MaleriForm: UregelmessigOriginal: JaMateriale: H\u00f8ykvalitetslerretOljemaleristil: Moderne veggkunst Gicl\u00e9e-trykkBildemateriale: Gr\u00f8nt blekktrykk p\u00e5 lerretMed ramme eller ikke: Kun lerret (kontakt oss for innrammede)Malestil og teknikk: Moderne dekorative lerretstrykkBelegg: UV, vanntett, fukttettDekorasjon: Stuer, [\u2026]<\/p>","protected":false},"featured_media":16310,"comment_status":"open","ping_status":"closed","template":"","meta":[],"product_brand":[],"product_cat":[141],"product_tag":[],"class_list":{"0":"post-16308","1":"product","2":"type-product","3":"status-publish","4":"has-post-thumbnail","6":"product_cat-tableaux-one-piece","8":"first","9":"instock","10":"purchasable","11":"product-type-variable","12":"has-default-attributes"},"yoast_head":"<!-- This site is optimized with the Yoast SEO plugin v27.5 - https:\/\/yoast.com\/product\/yoast-seo-wordpress\/ -->\n<title>Tableau One Piece Nami La Chatte Voleuse<\/title>\n<meta name=\"description\" content=\"Type: Canvas PrintingsSubjects: AnimationFrame mode: UnframedMaterial: CanvasStyle: ClassicalFrame: YesMedium: OilSupport Base: CanvasForm: CombinedTechnics: Spray PaintingModel Number: PaintingShape: IrregularOriginal: YesMeterial: High Quality CanvasOil Painting Style: Modern Wall Art Giclee PrintsPicure Material: Gr\" \/>\n<meta name=\"robots\" content=\"index, follow, max-snippet:-1, max-image-preview:large, max-video-preview:-1\" \/>\n<link rel=\"canonical\" href=\"https:\/\/boutique-one-piece.com\/nb\/one-piece-dekorasjoner\/one-piece-malerier\/one-piece-maleri-av-kattetyven-nami\/\" \/>\n<meta property=\"og:locale\" content=\"nb_NO\" \/>\n<meta property=\"og:type\" content=\"article\" \/>\n<meta property=\"og:title\" content=\"Tableau One Piece Nami La Chatte Voleuse\" \/>\n<meta property=\"og:description\" content=\"Type: Canvas PrintingsSubjects: AnimationFrame mode: UnframedMaterial: CanvasStyle: ClassicalFrame: YesMedium: OilSupport Base: CanvasForm: CombinedTechnics: Spray PaintingModel Number: PaintingShape: IrregularOriginal: YesMeterial: High Quality CanvasOil Painting Style: Modern Wall Art Giclee PrintsPicure Material: Gr\" \/>\n<meta property=\"og:url\" content=\"https:\/\/boutique-one-piece.com\/nb\/one-piece-dekorasjoner\/one-piece-malerier\/one-piece-maleri-av-kattetyven-nami\/\" \/>\n<meta property=\"og:site_name\" content=\"Boutique One Piece\" \/>\n<meta property=\"article:modified_time\" content=\"2024-09-16T14:35:39+00:00\" \/>\n<meta property=\"og:image\" content=\"https:\/\/boutique-one-piece.com\/wp-content\/uploads\/2022\/09\/Tableau-One-Piece-Nami-La-Chatte-Voleuse.jpg\" \/>\n\t<meta property=\"og:image:width\" content=\"640\" \/>\n\t<meta property=\"og:image:height\" content=\"640\" \/>\n\t<meta property=\"og:image:type\" content=\"image\/jpeg\" \/>\n<meta name=\"twitter:card\" content=\"summary_large_image\" \/>\n<script type=\"application\/ld+json\" class=\"yoast-schema-graph\">{\"@context\":\"https:\\\/\\\/schema.org\",\"@graph\":[{\"@type\":\"WebPage\",\"@id\":\"https:\\\/\\\/boutique-one-piece.com\\\/decorations-one-piece\\\/tableaux-one-piece\\\/tableau-one-piece-nami-la-chatte-voleuse\\\/\",\"url\":\"https:\\\/\\\/boutique-one-piece.com\\\/decorations-one-piece\\\/tableaux-one-piece\\\/tableau-one-piece-nami-la-chatte-voleuse\\\/\",\"name\":\"Tableau One Piece Nami La Chatte Voleuse\",\"isPartOf\":{\"@id\":\"https:\\\/\\\/boutique-one-piece.com\\\/#website\"},\"primaryImageOfPage\":{\"@id\":\"https:\\\/\\\/boutique-one-piece.com\\\/decorations-one-piece\\\/tableaux-one-piece\\\/tableau-one-piece-nami-la-chatte-voleuse\\\/#primaryimage\"},\"image\":{\"@id\":\"https:\\\/\\\/boutique-one-piece.com\\\/decorations-one-piece\\\/tableaux-one-piece\\\/tableau-one-piece-nami-la-chatte-voleuse\\\/#primaryimage\"},\"thumbnailUrl\":\"https:\\\/\\\/boutique-one-piece.com\\\/wp-content\\\/uploads\\\/2022\\\/09\\\/Tableau-One-Piece-Nami-La-Chatte-Voleuse.jpg\",\"datePublished\":\"2022-09-27T21:43:57+00:00\",\"dateModified\":\"2024-09-16T14:35:39+00:00\",\"description\":\"Type: Canvas PrintingsSubjects: AnimationFrame mode: UnframedMaterial: CanvasStyle: ClassicalFrame: YesMedium: OilSupport Base: CanvasForm: CombinedTechnics: Spray PaintingModel Number: PaintingShape: IrregularOriginal: YesMeterial: High Quality CanvasOil Painting Style: Modern Wall Art Giclee PrintsPicure Material: Gr\",\"breadcrumb\":{\"@id\":\"https:\\\/\\\/boutique-one-piece.com\\\/decorations-one-piece\\\/tableaux-one-piece\\\/tableau-one-piece-nami-la-chatte-voleuse\\\/#breadcrumb\"},\"inLanguage\":\"nb-NO\",\"potentialAction\":[{\"@type\":\"ReadAction\",\"target\":[\"https:\\\/\\\/boutique-one-piece.com\\\/decorations-one-piece\\\/tableaux-one-piece\\\/tableau-one-piece-nami-la-chatte-voleuse\\\/\"]}]},{\"@type\":\"ImageObject\",\"inLanguage\":\"nb-NO\",\"@id\":\"https:\\\/\\\/boutique-one-piece.com\\\/decorations-one-piece\\\/tableaux-one-piece\\\/tableau-one-piece-nami-la-chatte-voleuse\\\/#primaryimage\",\"url\":\"https:\\\/\\\/boutique-one-piece.com\\\/wp-content\\\/uploads\\\/2022\\\/09\\\/Tableau-One-Piece-Nami-La-Chatte-Voleuse.jpg\",\"contentUrl\":\"https:\\\/\\\/boutique-one-piece.com\\\/wp-content\\\/uploads\\\/2022\\\/09\\\/Tableau-One-Piece-Nami-La-Chatte-Voleuse.jpg\",\"width\":640,\"height\":640,\"caption\":\"Tableau One Piece Nami La Chatte Voleuse 60x85cm Frame HE2981-03\"},{\"@type\":\"BreadcrumbList\",\"@id\":\"https:\\\/\\\/boutique-one-piece.com\\\/decorations-one-piece\\\/tableaux-one-piece\\\/tableau-one-piece-nami-la-chatte-voleuse\\\/#breadcrumb\",\"itemListElement\":[{\"@type\":\"ListItem\",\"position\":1,\"name\":\"Home\",\"item\":\"https:\\\/\\\/boutique-one-piece.com\\\/\"},{\"@type\":\"ListItem\",\"position\":2,\"name\":\"Shop\",\"item\":\"https:\\\/\\\/boutique-one-piece.com\\\/shop\\\/\"},{\"@type\":\"ListItem\",\"position\":3,\"name\":\"Tableau One Piece Nami La Chatte Voleuse\"}]},{\"@type\":\"WebSite\",\"@id\":\"https:\\\/\\\/boutique-one-piece.com\\\/#website\",\"url\":\"https:\\\/\\\/boutique-one-piece.com\\\/\",\"name\":\"Boutique One Piece\",\"description\":\"Magasin Sp\u00e9cialis\u00e9 du Manga et l&#039;Anime One Piece\",\"publisher\":{\"@id\":\"https:\\\/\\\/boutique-one-piece.com\\\/#organization\"},\"potentialAction\":[{\"@type\":\"SearchAction\",\"target\":{\"@type\":\"EntryPoint\",\"urlTemplate\":\"https:\\\/\\\/boutique-one-piece.com\\\/?s={search_term_string}\"},\"query-input\":{\"@type\":\"PropertyValueSpecification\",\"valueRequired\":true,\"valueName\":\"search_term_string\"}}],\"inLanguage\":\"nb-NO\"},{\"@type\":\"Organization\",\"@id\":\"https:\\\/\\\/boutique-one-piece.com\\\/#organization\",\"name\":\"Boutique One Piece\",\"url\":\"https:\\\/\\\/boutique-one-piece.com\\\/\",\"logo\":{\"@type\":\"ImageObject\",\"inLanguage\":\"nb-NO\",\"@id\":\"https:\\\/\\\/boutique-one-piece.com\\\/#\\\/schema\\\/logo\\\/image\\\/\",\"url\":\"https:\\\/\\\/boutique-one-piece.com\\\/wp-content\\\/uploads\\\/2022\\\/09\\\/Logo-01.png\",\"contentUrl\":\"https:\\\/\\\/boutique-one-piece.com\\\/wp-content\\\/uploads\\\/2022\\\/09\\\/Logo-01.png\",\"width\":2318,\"height\":957,\"caption\":\"Boutique One Piece\"},\"image\":{\"@id\":\"https:\\\/\\\/boutique-one-piece.com\\\/#\\\/schema\\\/logo\\\/image\\\/\"}}]}<\/script>\n<!-- \/ Yoast SEO plugin. -->","yoast_head_json":{"title":"One Piece Nami katten innbruddstyv maleri","description":"Type: LerretstrykkEmner: AnimasjonRammemodus: UinnrammetMateriale: LerretStil: KlassiskRamme: JaMedium: OljeSt\u00f8ttebase: LerretForm: KombinertTeknikk: SpraymalingModellnummer: MalingForm: UregelmessigOriginal: JaMateriale: H\u00f8ykvalitetslerretOljemaleristil: Moderne veggkunstGicl\u00e9e-trykkBildemateriale: Gr","robots":{"index":"index","follow":"follow","max-snippet":"max-snippet:-1","max-image-preview":"max-image-preview:large","max-video-preview":"max-video-preview:-1"},"canonical":"https:\/\/boutique-one-piece.com\/nb\/one-piece-dekorasjoner\/one-piece-malerier\/one-piece-maleri-av-kattetyven-nami\/","og_locale":"nb_NO","og_type":"article","og_title":"Tableau One Piece Nami La Chatte Voleuse","og_description":"Type: Canvas PrintingsSubjects: AnimationFrame mode: UnframedMaterial: CanvasStyle: ClassicalFrame: YesMedium: OilSupport Base: CanvasForm: CombinedTechnics: Spray PaintingModel Number: PaintingShape: IrregularOriginal: YesMeterial: High Quality CanvasOil Painting Style: Modern Wall Art Giclee PrintsPicure Material: Gr","og_url":"https:\/\/boutique-one-piece.com\/nb\/one-piece-dekorasjoner\/one-piece-malerier\/one-piece-maleri-av-kattetyven-nami\/","og_site_name":"Boutique One Piece","article_modified_time":"2024-09-16T14:35:39+00:00","og_image":[{"width":640,"height":640,"url":"https:\/\/boutique-one-piece.com\/wp-content\/uploads\/2022\/09\/Tableau-One-Piece-Nami-La-Chatte-Voleuse.jpg","type":"image\/jpeg"}],"twitter_card":"summary_large_image","schema":{"@context":"https:\/\/schema.org","@graph":[{"@type":"WebPage","@id":"https:\/\/boutique-one-piece.com\/decorations-one-piece\/tableaux-one-piece\/tableau-one-piece-nami-la-chatte-voleuse\/","url":"https:\/\/boutique-one-piece.com\/decorations-one-piece\/tableaux-one-piece\/tableau-one-piece-nami-la-chatte-voleuse\/","name":"One Piece Nami katten innbruddstyv maleri","isPartOf":{"@id":"https:\/\/boutique-one-piece.com\/#website"},"primaryImageOfPage":{"@id":"https:\/\/boutique-one-piece.com\/decorations-one-piece\/tableaux-one-piece\/tableau-one-piece-nami-la-chatte-voleuse\/#primaryimage"},"image":{"@id":"https:\/\/boutique-one-piece.com\/decorations-one-piece\/tableaux-one-piece\/tableau-one-piece-nami-la-chatte-voleuse\/#primaryimage"},"thumbnailUrl":"https:\/\/boutique-one-piece.com\/wp-content\/uploads\/2022\/09\/Tableau-One-Piece-Nami-La-Chatte-Voleuse.jpg","datePublished":"2022-09-27T21:43:57+00:00","dateModified":"2024-09-16T14:35:39+00:00","description":"Type: LerretstrykkEmner: AnimasjonRammemodus: UinnrammetMateriale: LerretStil: KlassiskRamme: JaMedium: OljeSt\u00f8ttebase: LerretForm: KombinertTeknikk: SpraymalingModellnummer: MalingForm: UregelmessigOriginal: JaMateriale: H\u00f8ykvalitetslerretOljemaleristil: Moderne veggkunstGicl\u00e9e-trykkBildemateriale: Gr","breadcrumb":{"@id":"https:\/\/boutique-one-piece.com\/decorations-one-piece\/tableaux-one-piece\/tableau-one-piece-nami-la-chatte-voleuse\/#breadcrumb"},"inLanguage":"nb-NO","potentialAction":[{"@type":"ReadAction","target":["https:\/\/boutique-one-piece.com\/decorations-one-piece\/tableaux-one-piece\/tableau-one-piece-nami-la-chatte-voleuse\/"]}]},{"@type":"ImageObject","inLanguage":"nb-NO","@id":"https:\/\/boutique-one-piece.com\/decorations-one-piece\/tableaux-one-piece\/tableau-one-piece-nami-la-chatte-voleuse\/#primaryimage","url":"https:\/\/boutique-one-piece.com\/wp-content\/uploads\/2022\/09\/Tableau-One-Piece-Nami-La-Chatte-Voleuse.jpg","contentUrl":"https:\/\/boutique-one-piece.com\/wp-content\/uploads\/2022\/09\/Tableau-One-Piece-Nami-La-Chatte-Voleuse.jpg","width":640,"height":640,"caption":"Tableau One Piece Nami La Chatte Voleuse 60x85cm Frame HE2981-03"},{"@type":"BreadcrumbList","@id":"https:\/\/boutique-one-piece.com\/decorations-one-piece\/tableaux-one-piece\/tableau-one-piece-nami-la-chatte-voleuse\/#breadcrumb","itemListElement":[{"@type":"ListItem","position":1,"name":"Home","item":"https:\/\/boutique-one-piece.com\/"},{"@type":"ListItem","position":2,"name":"Shop","item":"https:\/\/boutique-one-piece.com\/shop\/"},{"@type":"ListItem","position":3,"name":"Tableau One Piece Nami La Chatte Voleuse"}]},{"@type":"WebSite","@id":"https:\/\/boutique-one-piece.com\/#website","url":"https:\/\/boutique-one-piece.com\/","name":"One Piece-butikk","description":"Spesialbutikk for One Piece Manga og Anime","publisher":{"@id":"https:\/\/boutique-one-piece.com\/#organization"},"potentialAction":[{"@type":"SearchAction","target":{"@type":"EntryPoint","urlTemplate":"https:\/\/boutique-one-piece.com\/?s={search_term_string}"},"query-input":{"@type":"PropertyValueSpecification","valueRequired":true,"valueName":"search_term_string"}}],"inLanguage":"nb-NO"},{"@type":"Organization","@id":"https:\/\/boutique-one-piece.com\/#organization","name":"One Piece-butikk","url":"https:\/\/boutique-one-piece.com\/","logo":{"@type":"ImageObject","inLanguage":"nb-NO","@id":"https:\/\/boutique-one-piece.com\/#\/schema\/logo\/image\/","url":"https:\/\/boutique-one-piece.com\/wp-content\/uploads\/2022\/09\/Logo-01.png","contentUrl":"https:\/\/boutique-one-piece.com\/wp-content\/uploads\/2022\/09\/Logo-01.png","width":2318,"height":957,"caption":"Boutique One Piece"},"image":{"@id":"https:\/\/boutique-one-piece.com\/#\/schema\/logo\/image\/"}}]}},"_links":{"self":[{"href":"https:\/\/boutique-one-piece.com\/nb\/wp-json\/wp\/v2\/product\/16308","targetHints":{"allow":["GET"]}}],"collection":[{"href":"https:\/\/boutique-one-piece.com\/nb\/wp-json\/wp\/v2\/product"}],"about":[{"href":"https:\/\/boutique-one-piece.com\/nb\/wp-json\/wp\/v2\/types\/product"}],"replies":[{"embeddable":true,"href":"https:\/\/boutique-one-piece.com\/nb\/wp-json\/wp\/v2\/comments?post=16308"}],"wp:featuredmedia":[{"embeddable":true,"href":"https:\/\/boutique-one-piece.com\/nb\/wp-json\/wp\/v2\/media\/16310"}],"wp:attachment":[{"href":"https:\/\/boutique-one-piece.com\/nb\/wp-json\/wp\/v2\/media?parent=16308"}],"wp:term":[{"taxonomy":"product_brand","embeddable":true,"href":"https:\/\/boutique-one-piece.com\/nb\/wp-json\/wp\/v2\/product_brand?post=16308"},{"taxonomy":"product_cat","embeddable":true,"href":"https:\/\/boutique-one-piece.com\/nb\/wp-json\/wp\/v2\/product_cat?post=16308"},{"taxonomy":"product_tag","embeddable":true,"href":"https:\/\/boutique-one-piece.com\/nb\/wp-json\/wp\/v2\/product_tag?post=16308"}],"curies":[{"name":"wp","href":"https:\/\/api.w.org\/{rel}","templated":true}]}}