{"id":16551,"date":"2022-09-27T21:54:12","date_gmt":"2022-09-27T21:54:12","guid":{"rendered":"https:\/\/boutique-one-piece.com\/uncategorized\/porte-feuille-one-piece-drapeau-des-mugiwara\/"},"modified":"2024-09-16T14:42:16","modified_gmt":"2024-09-16T14:42:16","slug":"one-piece-lommebok-med-strahattflagg","status":"publish","type":"product","link":"https:\/\/boutique-one-piece.com\/nb\/one-piece-tilbehor\/one-piece-lommebok-med-strahattflagg\/","title":{"rendered":"Lommebok med str\u00e5hattflagg i ett stykke"},"content":{"rendered":"<p><span><strong>Varetype:<\/strong> Lommebok<\/span><br \/><span><strong>Modellnummer:<\/strong> 01 SAO Harry Potter Death Note Pok\u00e9mon Totoro Attack on Titan<\/span><br \/><span><strong>H\u00f8yde p\u00e5 element:<\/strong> 12 cm<\/span><br \/><span><strong>Materialsammensetning:<\/strong> L\u00e6r<\/span><br \/><span><strong>F\u00f4rmateriale:<\/strong> Nylon<\/span><br \/><span><strong>Hovedmateriale:<\/strong> Splittet l\u00e6r<\/span><br \/><span><strong>Lommeb\u00f8ker:<\/strong> Standard lommeb\u00f8ker<\/span><br \/><span><strong>Kj\u00f8nn:<\/strong> Unisex<\/span><br \/><span><strong>Interi\u00f8r:<\/strong> Myntlomme, innvendig rom, fotoholder, notatrom, kortholder<\/span><br \/><span><strong>Lengde p\u00e5 element:<\/strong> 10 cm<\/span><br \/><span><strong>Merkenavn:<\/strong> XAXBXC<\/span><br \/><span><strong>Vekt av element:<\/strong> 150 g<\/span><br \/><span><strong>Lukketype<\/strong> Ingen glidel\u00e5s<\/span><br \/><span><strong>Stil:<\/strong> Mote<\/span><br \/><span><strong>Lommeboklengde:<\/strong> Shorts<\/span><br \/><span><strong>M\u00f8nstertype<\/strong> Karikatur<\/span><br \/><span><strong>Dekorasjon:<\/strong> Brev<\/span><br \/><span><strong>Bredde p\u00e5 element:<\/strong> 2<\/span><\/p>","protected":false},"excerpt":{"rendered":"<p>Varetype: Lommebok Modellnummer: 01 SAO Harry Potter Death Note Pokemon Totoro Attack on Titan Vareh\u00f8yde: 12 cm Materialesammensetning: L\u00e6r F\u00f4rmateriale: Nylon Hovedmateriale: Splittl\u00e6r Lommeb\u00f8ker: Standard lommeb\u00f8ker Kj\u00f8nn: Unisex Interi\u00f8r: Myntlomme, innvendig rom, fotoholder, notatrom, kortholder Varelengde: 10 cm Merkenavn: XAXBXCI Varevekt: 150 g Lukketype: Ingen glidel\u00e5s Stil: Mote Lommeboklengde: Kort M\u00f8nstertype: Tegneserie Dekorasjon: Bokstav Varebredde: 2<\/p>","protected":false},"featured_media":16553,"comment_status":"open","ping_status":"closed","template":"","meta":[],"product_brand":[],"product_cat":[409],"product_tag":[],"class_list":{"0":"post-16551","1":"product","2":"type-product","3":"status-publish","4":"has-post-thumbnail","6":"product_cat-accessoires-one-piece","8":"first","9":"instock","10":"purchasable","11":"product-type-simple"},"yoast_head":"<!-- This site is optimized with the Yoast SEO plugin v27.5 - https:\/\/yoast.com\/product\/yoast-seo-wordpress\/ -->\n<title>Porte Feuille One Piece Drapeau Des Mugiwara<\/title>\n<meta name=\"description\" content=\"Item Type: WalletModel Number: 01 SAO Harry Potter Death Note Pokemon Totoro Attack on TitanItem Height: 12cmMaterial Composition: LeatherLining Material: NylonMain Material: Split LeatherWallets: Standard WalletsGender: UnisexInterior: Coin Pocket,Interior Compartment,Photo Holder,Note Compartment,Card HolderItem Leng\" \/>\n<meta name=\"robots\" content=\"index, follow, max-snippet:-1, max-image-preview:large, max-video-preview:-1\" \/>\n<link rel=\"canonical\" href=\"https:\/\/boutique-one-piece.com\/nb\/one-piece-tilbehor\/one-piece-lommebok-med-strahattflagg\/\" \/>\n<meta property=\"og:locale\" content=\"nb_NO\" \/>\n<meta property=\"og:type\" content=\"article\" \/>\n<meta property=\"og:title\" content=\"Porte Feuille One Piece Drapeau Des Mugiwara\" \/>\n<meta property=\"og:description\" content=\"Item Type: WalletModel Number: 01 SAO Harry Potter Death Note Pokemon Totoro Attack on TitanItem Height: 12cmMaterial Composition: LeatherLining Material: NylonMain Material: Split LeatherWallets: Standard WalletsGender: UnisexInterior: Coin Pocket,Interior Compartment,Photo Holder,Note Compartment,Card HolderItem Leng\" \/>\n<meta property=\"og:url\" content=\"https:\/\/boutique-one-piece.com\/nb\/one-piece-tilbehor\/one-piece-lommebok-med-strahattflagg\/\" \/>\n<meta property=\"og:site_name\" content=\"Boutique One Piece\" \/>\n<meta property=\"article:modified_time\" content=\"2024-09-16T14:42:16+00:00\" \/>\n<meta property=\"og:image\" content=\"https:\/\/boutique-one-piece.com\/wp-content\/uploads\/2022\/09\/Porte-Feuille-One-Piece-Drapeau-Des-Mugiwara-1.jpg\" \/>\n\t<meta property=\"og:image:width\" content=\"780\" \/>\n\t<meta property=\"og:image:height\" content=\"780\" \/>\n\t<meta property=\"og:image:type\" content=\"image\/jpeg\" \/>\n<meta name=\"twitter:card\" content=\"summary_large_image\" \/>\n<meta name=\"twitter:label1\" content=\"Ansl. lesetid\" \/>\n\t<meta name=\"twitter:data1\" content=\"1 minutt\" \/>\n<script type=\"application\/ld+json\" class=\"yoast-schema-graph\">{\"@context\":\"https:\\\/\\\/schema.org\",\"@graph\":[{\"@type\":\"WebPage\",\"@id\":\"https:\\\/\\\/boutique-one-piece.com\\\/accessoires-one-piece\\\/porte-feuille-one-piece-drapeau-des-mugiwara\\\/\",\"url\":\"https:\\\/\\\/boutique-one-piece.com\\\/accessoires-one-piece\\\/porte-feuille-one-piece-drapeau-des-mugiwara\\\/\",\"name\":\"Porte Feuille One Piece Drapeau Des Mugiwara\",\"isPartOf\":{\"@id\":\"https:\\\/\\\/boutique-one-piece.com\\\/#website\"},\"primaryImageOfPage\":{\"@id\":\"https:\\\/\\\/boutique-one-piece.com\\\/accessoires-one-piece\\\/porte-feuille-one-piece-drapeau-des-mugiwara\\\/#primaryimage\"},\"image\":{\"@id\":\"https:\\\/\\\/boutique-one-piece.com\\\/accessoires-one-piece\\\/porte-feuille-one-piece-drapeau-des-mugiwara\\\/#primaryimage\"},\"thumbnailUrl\":\"https:\\\/\\\/boutique-one-piece.com\\\/wp-content\\\/uploads\\\/2022\\\/09\\\/Porte-Feuille-One-Piece-Drapeau-Des-Mugiwara-1.jpg\",\"datePublished\":\"2022-09-27T21:54:12+00:00\",\"dateModified\":\"2024-09-16T14:42:16+00:00\",\"description\":\"Item Type: WalletModel Number: 01 SAO Harry Potter Death Note Pokemon Totoro Attack on TitanItem Height: 12cmMaterial Composition: LeatherLining Material: NylonMain Material: Split LeatherWallets: Standard WalletsGender: UnisexInterior: Coin Pocket,Interior Compartment,Photo Holder,Note Compartment,Card HolderItem Leng\",\"breadcrumb\":{\"@id\":\"https:\\\/\\\/boutique-one-piece.com\\\/accessoires-one-piece\\\/porte-feuille-one-piece-drapeau-des-mugiwara\\\/#breadcrumb\"},\"inLanguage\":\"nb-NO\",\"potentialAction\":[{\"@type\":\"ReadAction\",\"target\":[\"https:\\\/\\\/boutique-one-piece.com\\\/accessoires-one-piece\\\/porte-feuille-one-piece-drapeau-des-mugiwara\\\/\"]}]},{\"@type\":\"ImageObject\",\"inLanguage\":\"nb-NO\",\"@id\":\"https:\\\/\\\/boutique-one-piece.com\\\/accessoires-one-piece\\\/porte-feuille-one-piece-drapeau-des-mugiwara\\\/#primaryimage\",\"url\":\"https:\\\/\\\/boutique-one-piece.com\\\/wp-content\\\/uploads\\\/2022\\\/09\\\/Porte-Feuille-One-Piece-Drapeau-Des-Mugiwara-1.jpg\",\"contentUrl\":\"https:\\\/\\\/boutique-one-piece.com\\\/wp-content\\\/uploads\\\/2022\\\/09\\\/Porte-Feuille-One-Piece-Drapeau-Des-Mugiwara-1.jpg\",\"width\":780,\"height\":780},{\"@type\":\"BreadcrumbList\",\"@id\":\"https:\\\/\\\/boutique-one-piece.com\\\/accessoires-one-piece\\\/porte-feuille-one-piece-drapeau-des-mugiwara\\\/#breadcrumb\",\"itemListElement\":[{\"@type\":\"ListItem\",\"position\":1,\"name\":\"Home\",\"item\":\"https:\\\/\\\/boutique-one-piece.com\\\/\"},{\"@type\":\"ListItem\",\"position\":2,\"name\":\"Shop\",\"item\":\"https:\\\/\\\/boutique-one-piece.com\\\/shop\\\/\"},{\"@type\":\"ListItem\",\"position\":3,\"name\":\"Porte Feuille One Piece Drapeau Des Mugiwara\"}]},{\"@type\":\"WebSite\",\"@id\":\"https:\\\/\\\/boutique-one-piece.com\\\/#website\",\"url\":\"https:\\\/\\\/boutique-one-piece.com\\\/\",\"name\":\"Boutique One Piece\",\"description\":\"Magasin Sp\u00e9cialis\u00e9 du Manga et l&#039;Anime One Piece\",\"publisher\":{\"@id\":\"https:\\\/\\\/boutique-one-piece.com\\\/#organization\"},\"potentialAction\":[{\"@type\":\"SearchAction\",\"target\":{\"@type\":\"EntryPoint\",\"urlTemplate\":\"https:\\\/\\\/boutique-one-piece.com\\\/?s={search_term_string}\"},\"query-input\":{\"@type\":\"PropertyValueSpecification\",\"valueRequired\":true,\"valueName\":\"search_term_string\"}}],\"inLanguage\":\"nb-NO\"},{\"@type\":\"Organization\",\"@id\":\"https:\\\/\\\/boutique-one-piece.com\\\/#organization\",\"name\":\"Boutique One Piece\",\"url\":\"https:\\\/\\\/boutique-one-piece.com\\\/\",\"logo\":{\"@type\":\"ImageObject\",\"inLanguage\":\"nb-NO\",\"@id\":\"https:\\\/\\\/boutique-one-piece.com\\\/#\\\/schema\\\/logo\\\/image\\\/\",\"url\":\"https:\\\/\\\/boutique-one-piece.com\\\/wp-content\\\/uploads\\\/2022\\\/09\\\/Logo-01.png\",\"contentUrl\":\"https:\\\/\\\/boutique-one-piece.com\\\/wp-content\\\/uploads\\\/2022\\\/09\\\/Logo-01.png\",\"width\":2318,\"height\":957,\"caption\":\"Boutique One Piece\"},\"image\":{\"@id\":\"https:\\\/\\\/boutique-one-piece.com\\\/#\\\/schema\\\/logo\\\/image\\\/\"}}]}<\/script>\n<!-- \/ Yoast SEO plugin. -->","yoast_head_json":{"title":"Lommebok med str\u00e5hattflagg i ett stykke","description":"Varetype: LommebokModellnummer: 01 SAO Harry Potter Death Note Pokemon Totoro Attack on TitanVareh\u00f8yde: 12 cmMaterialesammensetning: L\u00e6rF\u00f4rmateriale: NylonHovedmateriale: SplittskinnLommeb\u00f8ker: Standard lommeb\u00f8kerKj\u00f8nn: UnisexInteri\u00f8r: Myntlomme, innvendig rom, fotoholder, notatrom, kortholderVarelengde","robots":{"index":"index","follow":"follow","max-snippet":"max-snippet:-1","max-image-preview":"max-image-preview:large","max-video-preview":"max-video-preview:-1"},"canonical":"https:\/\/boutique-one-piece.com\/nb\/one-piece-tilbehor\/one-piece-lommebok-med-strahattflagg\/","og_locale":"nb_NO","og_type":"article","og_title":"Porte Feuille One Piece Drapeau Des Mugiwara","og_description":"Item Type: WalletModel Number: 01 SAO Harry Potter Death Note Pokemon Totoro Attack on TitanItem Height: 12cmMaterial Composition: LeatherLining Material: NylonMain Material: Split LeatherWallets: Standard WalletsGender: UnisexInterior: Coin Pocket,Interior Compartment,Photo Holder,Note Compartment,Card HolderItem Leng","og_url":"https:\/\/boutique-one-piece.com\/nb\/one-piece-tilbehor\/one-piece-lommebok-med-strahattflagg\/","og_site_name":"Boutique One Piece","article_modified_time":"2024-09-16T14:42:16+00:00","og_image":[{"width":780,"height":780,"url":"https:\/\/boutique-one-piece.com\/wp-content\/uploads\/2022\/09\/Porte-Feuille-One-Piece-Drapeau-Des-Mugiwara-1.jpg","type":"image\/jpeg"}],"twitter_card":"summary_large_image","twitter_misc":{"Ansl. lesetid":"1 minutt"},"schema":{"@context":"https:\/\/schema.org","@graph":[{"@type":"WebPage","@id":"https:\/\/boutique-one-piece.com\/accessoires-one-piece\/porte-feuille-one-piece-drapeau-des-mugiwara\/","url":"https:\/\/boutique-one-piece.com\/accessoires-one-piece\/porte-feuille-one-piece-drapeau-des-mugiwara\/","name":"Lommebok med str\u00e5hattflagg i ett stykke","isPartOf":{"@id":"https:\/\/boutique-one-piece.com\/#website"},"primaryImageOfPage":{"@id":"https:\/\/boutique-one-piece.com\/accessoires-one-piece\/porte-feuille-one-piece-drapeau-des-mugiwara\/#primaryimage"},"image":{"@id":"https:\/\/boutique-one-piece.com\/accessoires-one-piece\/porte-feuille-one-piece-drapeau-des-mugiwara\/#primaryimage"},"thumbnailUrl":"https:\/\/boutique-one-piece.com\/wp-content\/uploads\/2022\/09\/Porte-Feuille-One-Piece-Drapeau-Des-Mugiwara-1.jpg","datePublished":"2022-09-27T21:54:12+00:00","dateModified":"2024-09-16T14:42:16+00:00","description":"Varetype: LommebokModellnummer: 01 SAO Harry Potter Death Note Pokemon Totoro Attack on TitanVareh\u00f8yde: 12 cmMaterialesammensetning: L\u00e6rF\u00f4rmateriale: NylonHovedmateriale: SplittskinnLommeb\u00f8ker: Standard lommeb\u00f8kerKj\u00f8nn: UnisexInteri\u00f8r: Myntlomme, innvendig rom, fotoholder, notatrom, kortholderVarelengde","breadcrumb":{"@id":"https:\/\/boutique-one-piece.com\/accessoires-one-piece\/porte-feuille-one-piece-drapeau-des-mugiwara\/#breadcrumb"},"inLanguage":"nb-NO","potentialAction":[{"@type":"ReadAction","target":["https:\/\/boutique-one-piece.com\/accessoires-one-piece\/porte-feuille-one-piece-drapeau-des-mugiwara\/"]}]},{"@type":"ImageObject","inLanguage":"nb-NO","@id":"https:\/\/boutique-one-piece.com\/accessoires-one-piece\/porte-feuille-one-piece-drapeau-des-mugiwara\/#primaryimage","url":"https:\/\/boutique-one-piece.com\/wp-content\/uploads\/2022\/09\/Porte-Feuille-One-Piece-Drapeau-Des-Mugiwara-1.jpg","contentUrl":"https:\/\/boutique-one-piece.com\/wp-content\/uploads\/2022\/09\/Porte-Feuille-One-Piece-Drapeau-Des-Mugiwara-1.jpg","width":780,"height":780},{"@type":"BreadcrumbList","@id":"https:\/\/boutique-one-piece.com\/accessoires-one-piece\/porte-feuille-one-piece-drapeau-des-mugiwara\/#breadcrumb","itemListElement":[{"@type":"ListItem","position":1,"name":"Home","item":"https:\/\/boutique-one-piece.com\/"},{"@type":"ListItem","position":2,"name":"Shop","item":"https:\/\/boutique-one-piece.com\/shop\/"},{"@type":"ListItem","position":3,"name":"Porte Feuille One Piece Drapeau Des Mugiwara"}]},{"@type":"WebSite","@id":"https:\/\/boutique-one-piece.com\/#website","url":"https:\/\/boutique-one-piece.com\/","name":"One Piece-butikk","description":"Spesialbutikk for One Piece Manga og Anime","publisher":{"@id":"https:\/\/boutique-one-piece.com\/#organization"},"potentialAction":[{"@type":"SearchAction","target":{"@type":"EntryPoint","urlTemplate":"https:\/\/boutique-one-piece.com\/?s={search_term_string}"},"query-input":{"@type":"PropertyValueSpecification","valueRequired":true,"valueName":"search_term_string"}}],"inLanguage":"nb-NO"},{"@type":"Organization","@id":"https:\/\/boutique-one-piece.com\/#organization","name":"One Piece-butikk","url":"https:\/\/boutique-one-piece.com\/","logo":{"@type":"ImageObject","inLanguage":"nb-NO","@id":"https:\/\/boutique-one-piece.com\/#\/schema\/logo\/image\/","url":"https:\/\/boutique-one-piece.com\/wp-content\/uploads\/2022\/09\/Logo-01.png","contentUrl":"https:\/\/boutique-one-piece.com\/wp-content\/uploads\/2022\/09\/Logo-01.png","width":2318,"height":957,"caption":"Boutique One Piece"},"image":{"@id":"https:\/\/boutique-one-piece.com\/#\/schema\/logo\/image\/"}}]}},"_links":{"self":[{"href":"https:\/\/boutique-one-piece.com\/nb\/wp-json\/wp\/v2\/product\/16551","targetHints":{"allow":["GET"]}}],"collection":[{"href":"https:\/\/boutique-one-piece.com\/nb\/wp-json\/wp\/v2\/product"}],"about":[{"href":"https:\/\/boutique-one-piece.com\/nb\/wp-json\/wp\/v2\/types\/product"}],"replies":[{"embeddable":true,"href":"https:\/\/boutique-one-piece.com\/nb\/wp-json\/wp\/v2\/comments?post=16551"}],"wp:featuredmedia":[{"embeddable":true,"href":"https:\/\/boutique-one-piece.com\/nb\/wp-json\/wp\/v2\/media\/16553"}],"wp:attachment":[{"href":"https:\/\/boutique-one-piece.com\/nb\/wp-json\/wp\/v2\/media?parent=16551"}],"wp:term":[{"taxonomy":"product_brand","embeddable":true,"href":"https:\/\/boutique-one-piece.com\/nb\/wp-json\/wp\/v2\/product_brand?post=16551"},{"taxonomy":"product_cat","embeddable":true,"href":"https:\/\/boutique-one-piece.com\/nb\/wp-json\/wp\/v2\/product_cat?post=16551"},{"taxonomy":"product_tag","embeddable":true,"href":"https:\/\/boutique-one-piece.com\/nb\/wp-json\/wp\/v2\/product_tag?post=16551"}],"curies":[{"name":"wp","href":"https:\/\/api.w.org\/{rel}","templated":true}]}}