{"id":16585,"date":"2022-09-27T21:54:22","date_gmt":"2022-09-27T21:54:22","guid":{"rendered":"https:\/\/boutique-one-piece.com\/uncategorized\/avis-de-recherche-dracule-mihawk-wanted\/"},"modified":"2024-09-16T14:42:59","modified_gmt":"2024-09-16T14:42:59","slug":"dracule-mihawk-onsket-plakat","status":"publish","type":"product","link":"https:\/\/boutique-one-piece.com\/nb\/one-piece-onsket-plakat\/dracule-mihawk-onsket-plakat\/","title":{"rendered":"Dracule Mihawk \u00f8nsket beskjed"},"content":{"rendered":"<h2>Er du klar til \u00e5 se et av de mest popul\u00e6re samleobjektene til One Pieces st\u00f8rste sverdmann? Ta en n\u00e6rmere titt p\u00e5 denne Dracule Mihawk Wanted-plakaten.<\/h2>\n<p>Dracule Mihawk, ogs\u00e5 kjent som \u00ab\u00a0<strong>Hauks\u00f8ye<\/strong>\u00a0\u00bber utvilsomt <strong>den st\u00f8rste sverdmannen i One Piece-universet<\/strong>. Han er respektert av alle sverdmenn, og alle \u00f8nsker \u00e5 teste seg mot ham minst \u00e9n gang i livet. Mihawk er en av antagonistene under Baratie-buen, hvor han beseirer Zoro, men han er overrasket over Zoros tapperhet og \u00e6resf\u00f8lelse.<\/p>\n<p>Han vil ogs\u00e5 v\u00e6re en av antagonistene under slaget ved Marineford, siden han er en <strong>Shichibukai<\/strong>. Han kjemper derfor sammen med marinesoldatene. I l\u00f8pet av tidshoppet trener han Zoro i to \u00e5r.<\/p>\n<h3>Lag en samling etterlysningsplakater for dine favorittmangafigurer, og start med Hawkeye.<\/h3>\n<p>Dracule Mihawk er en sv\u00e6rt karismatisk karakter i One Piece-universet, og opptredenene hans resulterer alltid i minneverdige scener p\u00e5 grunn av hans imponerende kraft. Dette skyldes ogs\u00e5 det faktum at han er en enslig figur som driver p\u00e5 en liten b\u00e5t for \u00e5 n\u00e5 havet, og at han kan dele et skip i to med sitt karakteristiske krusifiksformede sverd., <strong>Kokuto Yoru<\/strong>. Dracule Mihawks dus\u00f8r er 600 millioner b\u00e6r.<\/p>\n<p>Hvis du liker gode bonuser, hva synes du om...\u2019<a href=\"https:\/\/boutique-one-piece.com\/nb\/avis-de-recherche-van-augur-wanted\/\" target=\"_blank\" title=\"Van Augur \u00f8nsket\" rel=\"noopener noreferrer\">Van Augur \u00f8nsket beskjed<\/a> ?<\/p>\n<h2>Informasjon om One Piece Wanted Dracule Mihawk-plakaten<\/h2>\n<ul>\n<li><span><b><u>One Piece Wanted-plakat<\/u><\/b>\u00a0En ekte One Piece-plakat for ekte pirater<\/span><\/li>\n<\/ul>\n<ul>\n<li>\n<b><u>Dracule Mihawks dus\u00f8r<\/u><\/b>\u00a0600 000 000 b\u00e6r<\/li>\n<\/ul>\n<ul>\n<li><span><strong>Utskrift av h\u00f8y kvalitet<\/strong>\u00a0n\u00f8yaktige farger<\/span><\/li>\n<\/ul>\n<ul>\n<li>\n<strong>Dimensjon<\/strong>\u00a0: 51 cm x 36 cm<\/li>\n<\/ul>\n<ul>\n<li><span><strong>GRATIS LEVERING<\/strong><\/span><\/li>\n<\/ul>","protected":false},"excerpt":{"rendered":"<p>Es-tu pr\u00eat \u00e0 voir un des goodies les plus appr\u00e9cies du plus grand Sabreur de One Piece ? Viens voir de plus pr\u00e8s cet Avis de Recherche Dracule Mihawk Wanted. Dracule Mihawk, aussi appel\u00e9 \u00ab\u00a0Oeil de Faucon\u00a0\u00bb est sans conteste le plus grand \u00e9p\u00e9iste de l&rsquo;univers de One Piece. Il est respect\u00e9 par tous les [&hellip;]<\/p>","protected":false},"featured_media":16587,"comment_status":"open","ping_status":"open","template":"","meta":[],"product_brand":[],"product_cat":[171],"product_tag":[325],"class_list":{"0":"post-16585","1":"product","2":"type-product","3":"status-publish","4":"has-post-thumbnail","6":"product_cat-avis-de-recherche-one-piece","7":"product_tag-avalo-pizarro","9":"first","10":"instock","11":"purchasable","12":"product-type-simple"},"yoast_head":"<!-- This site is optimized with the Yoast SEO plugin v27.5 - https:\/\/yoast.com\/product\/yoast-seo-wordpress\/ -->\n<title>Avis De Recherche Dracule Mihawk Wanted | Boutique One Piece<\/title>\n<meta name=\"description\" content=\"Es-tu pr\u00eat \u00e0 voir un des goodies les plus appr\u00e9cies du plus grand Sabreur de One Piece ? Viens voir de plus pr\u00e8s cet Avis de Recherche Dracule Mihawk Wanted. Dracule Mihawk, aussi appel\u00e9 &quot;Oeil de Faucon&quot; est sans conteste le plus grand \u00e9p\u00e9iste de l&#039;univers de One Piece. Il est respect\u00e9 par tous les escrimeurs et tous v\" \/>\n<meta name=\"robots\" content=\"index, follow, max-snippet:-1, max-image-preview:large, max-video-preview:-1\" \/>\n<link rel=\"canonical\" href=\"https:\/\/boutique-one-piece.com\/nb\/one-piece-onsket-plakat\/dracule-mihawk-onsket-plakat\/\" \/>\n<meta property=\"og:locale\" content=\"nb_NO\" \/>\n<meta property=\"og:type\" content=\"article\" \/>\n<meta property=\"og:title\" content=\"Avis De Recherche Dracule Mihawk Wanted | Boutique One Piece\" \/>\n<meta property=\"og:description\" content=\"Es-tu pr\u00eat \u00e0 voir un des goodies les plus appr\u00e9cies du plus grand Sabreur de One Piece ? Viens voir de plus pr\u00e8s cet Avis de Recherche Dracule Mihawk Wanted. Dracule Mihawk, aussi appel\u00e9 &quot;Oeil de Faucon&quot; est sans conteste le plus grand \u00e9p\u00e9iste de l&#039;univers de One Piece. Il est respect\u00e9 par tous les escrimeurs et tous v\" \/>\n<meta property=\"og:url\" content=\"https:\/\/boutique-one-piece.com\/nb\/one-piece-onsket-plakat\/dracule-mihawk-onsket-plakat\/\" \/>\n<meta property=\"og:site_name\" content=\"Boutique One Piece\" \/>\n<meta property=\"article:modified_time\" content=\"2024-09-16T14:42:59+00:00\" \/>\n<meta property=\"og:image\" content=\"https:\/\/boutique-one-piece.com\/wp-content\/uploads\/2022\/09\/Avis-De-Recherche-Dracule-Mihawk-Wanted-1.jpg\" \/>\n\t<meta property=\"og:image:width\" content=\"800\" \/>\n\t<meta property=\"og:image:height\" content=\"800\" \/>\n\t<meta property=\"og:image:type\" content=\"image\/jpeg\" \/>\n<meta name=\"twitter:card\" content=\"summary_large_image\" \/>\n<meta name=\"twitter:label1\" content=\"Ansl. lesetid\" \/>\n\t<meta name=\"twitter:data1\" content=\"2 minutter\" \/>\n<script type=\"application\/ld+json\" class=\"yoast-schema-graph\">{\"@context\":\"https:\\\/\\\/schema.org\",\"@graph\":[{\"@type\":\"WebPage\",\"@id\":\"https:\\\/\\\/boutique-one-piece.com\\\/avis-de-recherche-one-piece\\\/avis-de-recherche-dracule-mihawk-wanted\\\/\",\"url\":\"https:\\\/\\\/boutique-one-piece.com\\\/avis-de-recherche-one-piece\\\/avis-de-recherche-dracule-mihawk-wanted\\\/\",\"name\":\"Avis De Recherche Dracule Mihawk Wanted | Boutique One Piece\",\"isPartOf\":{\"@id\":\"https:\\\/\\\/boutique-one-piece.com\\\/#website\"},\"primaryImageOfPage\":{\"@id\":\"https:\\\/\\\/boutique-one-piece.com\\\/avis-de-recherche-one-piece\\\/avis-de-recherche-dracule-mihawk-wanted\\\/#primaryimage\"},\"image\":{\"@id\":\"https:\\\/\\\/boutique-one-piece.com\\\/avis-de-recherche-one-piece\\\/avis-de-recherche-dracule-mihawk-wanted\\\/#primaryimage\"},\"thumbnailUrl\":\"https:\\\/\\\/boutique-one-piece.com\\\/wp-content\\\/uploads\\\/2022\\\/09\\\/Avis-De-Recherche-Dracule-Mihawk-Wanted-1.jpg\",\"datePublished\":\"2022-09-27T21:54:22+00:00\",\"dateModified\":\"2024-09-16T14:42:59+00:00\",\"description\":\"Es-tu pr\u00eat \u00e0 voir un des goodies les plus appr\u00e9cies du plus grand Sabreur de One Piece ? Viens voir de plus pr\u00e8s cet Avis de Recherche Dracule Mihawk Wanted. Dracule Mihawk, aussi appel\u00e9 \\\"Oeil de Faucon\\\" est sans conteste le plus grand \u00e9p\u00e9iste de l'univers de One Piece. Il est respect\u00e9 par tous les escrimeurs et tous v\",\"breadcrumb\":{\"@id\":\"https:\\\/\\\/boutique-one-piece.com\\\/avis-de-recherche-one-piece\\\/avis-de-recherche-dracule-mihawk-wanted\\\/#breadcrumb\"},\"inLanguage\":\"nb-NO\",\"potentialAction\":[{\"@type\":\"ReadAction\",\"target\":[\"https:\\\/\\\/boutique-one-piece.com\\\/avis-de-recherche-one-piece\\\/avis-de-recherche-dracule-mihawk-wanted\\\/\"]}]},{\"@type\":\"ImageObject\",\"inLanguage\":\"nb-NO\",\"@id\":\"https:\\\/\\\/boutique-one-piece.com\\\/avis-de-recherche-one-piece\\\/avis-de-recherche-dracule-mihawk-wanted\\\/#primaryimage\",\"url\":\"https:\\\/\\\/boutique-one-piece.com\\\/wp-content\\\/uploads\\\/2022\\\/09\\\/Avis-De-Recherche-Dracule-Mihawk-Wanted-1.jpg\",\"contentUrl\":\"https:\\\/\\\/boutique-one-piece.com\\\/wp-content\\\/uploads\\\/2022\\\/09\\\/Avis-De-Recherche-Dracule-Mihawk-Wanted-1.jpg\",\"width\":800,\"height\":800},{\"@type\":\"BreadcrumbList\",\"@id\":\"https:\\\/\\\/boutique-one-piece.com\\\/avis-de-recherche-one-piece\\\/avis-de-recherche-dracule-mihawk-wanted\\\/#breadcrumb\",\"itemListElement\":[{\"@type\":\"ListItem\",\"position\":1,\"name\":\"Home\",\"item\":\"https:\\\/\\\/boutique-one-piece.com\\\/\"},{\"@type\":\"ListItem\",\"position\":2,\"name\":\"Shop\",\"item\":\"https:\\\/\\\/boutique-one-piece.com\\\/shop\\\/\"},{\"@type\":\"ListItem\",\"position\":3,\"name\":\"Avis De Recherche Dracule Mihawk Wanted\"}]},{\"@type\":\"WebSite\",\"@id\":\"https:\\\/\\\/boutique-one-piece.com\\\/#website\",\"url\":\"https:\\\/\\\/boutique-one-piece.com\\\/\",\"name\":\"Boutique One Piece\",\"description\":\"Magasin Sp\u00e9cialis\u00e9 du Manga et l&#039;Anime One Piece\",\"publisher\":{\"@id\":\"https:\\\/\\\/boutique-one-piece.com\\\/#organization\"},\"potentialAction\":[{\"@type\":\"SearchAction\",\"target\":{\"@type\":\"EntryPoint\",\"urlTemplate\":\"https:\\\/\\\/boutique-one-piece.com\\\/?s={search_term_string}\"},\"query-input\":{\"@type\":\"PropertyValueSpecification\",\"valueRequired\":true,\"valueName\":\"search_term_string\"}}],\"inLanguage\":\"nb-NO\"},{\"@type\":\"Organization\",\"@id\":\"https:\\\/\\\/boutique-one-piece.com\\\/#organization\",\"name\":\"Boutique One Piece\",\"url\":\"https:\\\/\\\/boutique-one-piece.com\\\/\",\"logo\":{\"@type\":\"ImageObject\",\"inLanguage\":\"nb-NO\",\"@id\":\"https:\\\/\\\/boutique-one-piece.com\\\/#\\\/schema\\\/logo\\\/image\\\/\",\"url\":\"https:\\\/\\\/boutique-one-piece.com\\\/wp-content\\\/uploads\\\/2022\\\/09\\\/Logo-01.png\",\"contentUrl\":\"https:\\\/\\\/boutique-one-piece.com\\\/wp-content\\\/uploads\\\/2022\\\/09\\\/Logo-01.png\",\"width\":2318,\"height\":957,\"caption\":\"Boutique One Piece\"},\"image\":{\"@id\":\"https:\\\/\\\/boutique-one-piece.com\\\/#\\\/schema\\\/logo\\\/image\\\/\"}}]}<\/script>\n<!-- \/ Yoast SEO plugin. -->","yoast_head_json":{"title":"Dracule Mihawk \u00d8nskes annonsert | One Piece Shop","description":"Er du klar til \u00e5 se et av de mest popul\u00e6re samleobjektene til One Pieces st\u00f8rste sverdmann? Ta en n\u00e6rmere titt p\u00e5 denne Dracule Mihawk Wanted-plakaten. Dracule Mihawk, ogs\u00e5 kjent som \"Hawkeye\", er utvilsomt den st\u00f8rste sverdmannen i One Piece-universet. Han er respektert av alle sverdmenn og alle...","robots":{"index":"index","follow":"follow","max-snippet":"max-snippet:-1","max-image-preview":"max-image-preview:large","max-video-preview":"max-video-preview:-1"},"canonical":"https:\/\/boutique-one-piece.com\/nb\/one-piece-onsket-plakat\/dracule-mihawk-onsket-plakat\/","og_locale":"nb_NO","og_type":"article","og_title":"Avis De Recherche Dracule Mihawk Wanted | Boutique One Piece","og_description":"Es-tu pr\u00eat \u00e0 voir un des goodies les plus appr\u00e9cies du plus grand Sabreur de One Piece ? Viens voir de plus pr\u00e8s cet Avis de Recherche Dracule Mihawk Wanted. Dracule Mihawk, aussi appel\u00e9 \"Oeil de Faucon\" est sans conteste le plus grand \u00e9p\u00e9iste de l'univers de One Piece. Il est respect\u00e9 par tous les escrimeurs et tous v","og_url":"https:\/\/boutique-one-piece.com\/nb\/one-piece-onsket-plakat\/dracule-mihawk-onsket-plakat\/","og_site_name":"Boutique One Piece","article_modified_time":"2024-09-16T14:42:59+00:00","og_image":[{"width":800,"height":800,"url":"https:\/\/boutique-one-piece.com\/wp-content\/uploads\/2022\/09\/Avis-De-Recherche-Dracule-Mihawk-Wanted-1.jpg","type":"image\/jpeg"}],"twitter_card":"summary_large_image","twitter_misc":{"Ansl. lesetid":"2 minutter"},"schema":{"@context":"https:\/\/schema.org","@graph":[{"@type":"WebPage","@id":"https:\/\/boutique-one-piece.com\/avis-de-recherche-one-piece\/avis-de-recherche-dracule-mihawk-wanted\/","url":"https:\/\/boutique-one-piece.com\/avis-de-recherche-one-piece\/avis-de-recherche-dracule-mihawk-wanted\/","name":"Dracule Mihawk \u00d8nskes annonsert | One Piece Shop","isPartOf":{"@id":"https:\/\/boutique-one-piece.com\/#website"},"primaryImageOfPage":{"@id":"https:\/\/boutique-one-piece.com\/avis-de-recherche-one-piece\/avis-de-recherche-dracule-mihawk-wanted\/#primaryimage"},"image":{"@id":"https:\/\/boutique-one-piece.com\/avis-de-recherche-one-piece\/avis-de-recherche-dracule-mihawk-wanted\/#primaryimage"},"thumbnailUrl":"https:\/\/boutique-one-piece.com\/wp-content\/uploads\/2022\/09\/Avis-De-Recherche-Dracule-Mihawk-Wanted-1.jpg","datePublished":"2022-09-27T21:54:22+00:00","dateModified":"2024-09-16T14:42:59+00:00","description":"Er du klar til \u00e5 se et av de mest popul\u00e6re samleobjektene til One Pieces st\u00f8rste sverdmann? Ta en n\u00e6rmere titt p\u00e5 denne Dracule Mihawk Wanted-plakaten. Dracule Mihawk, ogs\u00e5 kjent som \"Hawkeye\", er utvilsomt den st\u00f8rste sverdmannen i One Piece-universet. Han er respektert av alle sverdmenn og alle...","breadcrumb":{"@id":"https:\/\/boutique-one-piece.com\/avis-de-recherche-one-piece\/avis-de-recherche-dracule-mihawk-wanted\/#breadcrumb"},"inLanguage":"nb-NO","potentialAction":[{"@type":"ReadAction","target":["https:\/\/boutique-one-piece.com\/avis-de-recherche-one-piece\/avis-de-recherche-dracule-mihawk-wanted\/"]}]},{"@type":"ImageObject","inLanguage":"nb-NO","@id":"https:\/\/boutique-one-piece.com\/avis-de-recherche-one-piece\/avis-de-recherche-dracule-mihawk-wanted\/#primaryimage","url":"https:\/\/boutique-one-piece.com\/wp-content\/uploads\/2022\/09\/Avis-De-Recherche-Dracule-Mihawk-Wanted-1.jpg","contentUrl":"https:\/\/boutique-one-piece.com\/wp-content\/uploads\/2022\/09\/Avis-De-Recherche-Dracule-Mihawk-Wanted-1.jpg","width":800,"height":800},{"@type":"BreadcrumbList","@id":"https:\/\/boutique-one-piece.com\/avis-de-recherche-one-piece\/avis-de-recherche-dracule-mihawk-wanted\/#breadcrumb","itemListElement":[{"@type":"ListItem","position":1,"name":"Home","item":"https:\/\/boutique-one-piece.com\/"},{"@type":"ListItem","position":2,"name":"Shop","item":"https:\/\/boutique-one-piece.com\/shop\/"},{"@type":"ListItem","position":3,"name":"Avis De Recherche Dracule Mihawk Wanted"}]},{"@type":"WebSite","@id":"https:\/\/boutique-one-piece.com\/#website","url":"https:\/\/boutique-one-piece.com\/","name":"One Piece-butikk","description":"Spesialbutikk for One Piece Manga og Anime","publisher":{"@id":"https:\/\/boutique-one-piece.com\/#organization"},"potentialAction":[{"@type":"SearchAction","target":{"@type":"EntryPoint","urlTemplate":"https:\/\/boutique-one-piece.com\/?s={search_term_string}"},"query-input":{"@type":"PropertyValueSpecification","valueRequired":true,"valueName":"search_term_string"}}],"inLanguage":"nb-NO"},{"@type":"Organization","@id":"https:\/\/boutique-one-piece.com\/#organization","name":"One Piece-butikk","url":"https:\/\/boutique-one-piece.com\/","logo":{"@type":"ImageObject","inLanguage":"nb-NO","@id":"https:\/\/boutique-one-piece.com\/#\/schema\/logo\/image\/","url":"https:\/\/boutique-one-piece.com\/wp-content\/uploads\/2022\/09\/Logo-01.png","contentUrl":"https:\/\/boutique-one-piece.com\/wp-content\/uploads\/2022\/09\/Logo-01.png","width":2318,"height":957,"caption":"Boutique One Piece"},"image":{"@id":"https:\/\/boutique-one-piece.com\/#\/schema\/logo\/image\/"}}]}},"_links":{"self":[{"href":"https:\/\/boutique-one-piece.com\/nb\/wp-json\/wp\/v2\/product\/16585","targetHints":{"allow":["GET"]}}],"collection":[{"href":"https:\/\/boutique-one-piece.com\/nb\/wp-json\/wp\/v2\/product"}],"about":[{"href":"https:\/\/boutique-one-piece.com\/nb\/wp-json\/wp\/v2\/types\/product"}],"replies":[{"embeddable":true,"href":"https:\/\/boutique-one-piece.com\/nb\/wp-json\/wp\/v2\/comments?post=16585"}],"wp:featuredmedia":[{"embeddable":true,"href":"https:\/\/boutique-one-piece.com\/nb\/wp-json\/wp\/v2\/media\/16587"}],"wp:attachment":[{"href":"https:\/\/boutique-one-piece.com\/nb\/wp-json\/wp\/v2\/media?parent=16585"}],"wp:term":[{"taxonomy":"product_brand","embeddable":true,"href":"https:\/\/boutique-one-piece.com\/nb\/wp-json\/wp\/v2\/product_brand?post=16585"},{"taxonomy":"product_cat","embeddable":true,"href":"https:\/\/boutique-one-piece.com\/nb\/wp-json\/wp\/v2\/product_cat?post=16585"},{"taxonomy":"product_tag","embeddable":true,"href":"https:\/\/boutique-one-piece.com\/nb\/wp-json\/wp\/v2\/product_tag?post=16585"}],"curies":[{"name":"wp","href":"https:\/\/api.w.org\/{rel}","templated":true}]}}