{"id":17152,"date":"2022-09-27T21:57:58","date_gmt":"2022-09-27T21:57:58","guid":{"rendered":"https:\/\/boutique-one-piece.com\/uncategorized\/figurine-one-piece-kid-de-la-pire-generation\/"},"modified":"2024-09-16T14:59:49","modified_gmt":"2024-09-16T14:59:49","slug":"one-piece-barnefigur-fra-den-verste-generasjonen","status":"publish","type":"product","link":"https:\/\/boutique-one-piece.com\/nb\/one-piece-figurer-2\/one-piece-barnefigur-fra-den-verste-generasjonen\/","title":{"rendered":"One Piece Kid-figur fra den verste generasjonen"},"content":{"rendered":"<h2>Unge pirat, tiden er inne for at du skal skaffe deg denne One Piece Kid of the Worst Generation-figuren.<\/h2>\n<p>Her er hva du trenger \u00e5 vite om denne karakteren; ; <strong>Eustass eller \u00abKaptein\u00bb Kid<\/strong> er en beryktet pirat, opprinnelig fra South Blue, og kapteinen p\u00e5 Kid&#039;s Pirates. Han er en av de elleve <strong>Supernovaer<\/strong> s\u00e5 vel som den \u00abverste generasjonen\u00bb. Hans f\u00f8rste dus\u00f8r var 315 000 000 b\u00e6r, p\u00e5 den tiden str\u00e5hattmannskapet ankom Sabaody-\u00f8ygruppen, den h\u00f8yeste blant supernovaene.<\/p>\n<p>Grunnen til at dus\u00f8ren hans var h\u00f8yere enn Luffys da de ankom Sabaody-\u00f8ygruppen, var de mange sivile tapene som ble for\u00e5rsaket av mannskapet hans under aktivitetene deres. Etter det to \u00e5r lange tidshoppet er dus\u00f8ren hans p\u00e5 470 000 000 b\u00e6r. Merk til slutt at Eustass anser Luffy som en stor rival. <strong>tittelen til den fremtidige piratkongen<\/strong>. Dessuten, den <a title=\"ONE PIECE MONKEY D. LUFFY PIRATEKINGENS FIGUR\" href=\"https:\/\/boutique-one-piece.com\/nb\/one-piece-figurer-2\/produkter\/one-piece-figur-monkey-d-luffy-piratenes-konge\/\" target=\"_blank\" rel=\"noopener\">Luffy-figur \u00abPiratenes konge\u00bb<\/a> er innen rekkevidde.<\/p>\n<h3>S\u00e5, er du overbevist av Kid-figuren? I s\u00e5 fall, bli med Kid-gjengen. Mange eventyr venter deg.<\/h3>\n<p>Enten du er en ihuga fan eller en erfaren samler, er disse gjenstandene definitivt noe for deg. Perfekt til gave, dekorasjon eller samling, disse gjenstandene vil forbedre samlingen din.<strong> ditt One Piece-univers<\/strong>. Ta skjebnen i egne hender, unge pirat., <strong>One Piece-skatten<\/strong> Den venter bare p\u00e5 deg!<\/p>\n<h2>Informasjon om Kid-figuren fra The Worst Generation\u00a0<\/h2>\n<ul>\n<li><span><b><u>One Piece-figur<\/u><\/b>\u00a0Premium One Piece-figur for ekte pirater<\/span><\/li>\n<\/ul>\n<ul>\n<li>\n<b>Materie<\/b><span>\u00a0<\/span>PVC<\/li>\n<\/ul>\n<ul>\n<li><span><strong>Dimensjon<\/strong>\u00a0: 17 cm<\/span><\/li>\n<\/ul>\n<ul>\n<li><span><strong>GRATIS LEVERING<\/strong><\/span><\/li>\n<\/ul>","protected":false},"excerpt":{"rendered":"<p>Unge pirat, tiden er inne for at du skal f\u00e5 tak i denne One Piece Kid Worst Generation-figuren. Her er hva du trenger \u00e5 vite om denne karakteren: Eustass, eller \u00abKaptein\u00bb Kid, er en beryktet pirat fra South Blue og kapteinen for Kid Pirates. Han er en del av [\u2026]<\/p>","protected":false},"featured_media":17154,"comment_status":"open","ping_status":"open","template":"","meta":[],"product_brand":[],"product_cat":[76],"product_tag":[201],"class_list":{"0":"post-17152","1":"product","2":"type-product","3":"status-publish","4":"has-post-thumbnail","6":"product_cat-figurines-one-piece","7":"product_tag-kid","9":"first","10":"instock","11":"purchasable","12":"product-type-simple"},"yoast_head":"<!-- This site is optimized with the Yoast SEO plugin v27.5 - https:\/\/yoast.com\/product\/yoast-seo-wordpress\/ -->\n<title>Figurine One Piece Kid De La Pire G\u00e9n\u00e9ration \u2013 Boutique One Piece<\/title>\n<meta name=\"description\" content=\"Jeune pirate, le moment est venu pour toi de te procurer cette Figurine One Piece Kid De La Pire G\u00e9n\u00e9ration. Voici ce que tu dois savoir au sujet de ce personnage ; Eustass ou &quot;Capitaine&quot; Kid est un pirate notoire, originaire de South Blue ainsi que le capitaine de L&#039;\u00c9quipage de Kid. Il fait partie des Onze Supernovae\" \/>\n<meta name=\"robots\" content=\"index, follow, max-snippet:-1, max-image-preview:large, max-video-preview:-1\" \/>\n<link rel=\"canonical\" href=\"https:\/\/boutique-one-piece.com\/nb\/one-piece-figurer-2\/one-piece-barnefigur-fra-den-verste-generasjonen\/\" \/>\n<meta property=\"og:locale\" content=\"nb_NO\" \/>\n<meta property=\"og:type\" content=\"article\" \/>\n<meta property=\"og:title\" content=\"Figurine One Piece Kid De La Pire G\u00e9n\u00e9ration \u2013 Boutique One Piece\" \/>\n<meta property=\"og:description\" content=\"Jeune pirate, le moment est venu pour toi de te procurer cette Figurine One Piece Kid De La Pire G\u00e9n\u00e9ration. Voici ce que tu dois savoir au sujet de ce personnage ; Eustass ou &quot;Capitaine&quot; Kid est un pirate notoire, originaire de South Blue ainsi que le capitaine de L&#039;\u00c9quipage de Kid. Il fait partie des Onze Supernovae\" \/>\n<meta property=\"og:url\" content=\"https:\/\/boutique-one-piece.com\/nb\/one-piece-figurer-2\/one-piece-barnefigur-fra-den-verste-generasjonen\/\" \/>\n<meta property=\"og:site_name\" content=\"Boutique One Piece\" \/>\n<meta property=\"article:modified_time\" content=\"2024-09-16T14:59:49+00:00\" \/>\n<meta property=\"og:image\" content=\"https:\/\/boutique-one-piece.com\/wp-content\/uploads\/2022\/09\/Figurine-One-Piece-Kid-De-La-Pire-Generation-1.jpg\" \/>\n\t<meta property=\"og:image:width\" content=\"786\" \/>\n\t<meta property=\"og:image:height\" content=\"786\" \/>\n\t<meta property=\"og:image:type\" content=\"image\/jpeg\" \/>\n<meta name=\"twitter:card\" content=\"summary_large_image\" \/>\n<meta name=\"twitter:label1\" content=\"Ansl. lesetid\" \/>\n\t<meta name=\"twitter:data1\" content=\"1 minutt\" \/>\n<script type=\"application\/ld+json\" class=\"yoast-schema-graph\">{\"@context\":\"https:\\\/\\\/schema.org\",\"@graph\":[{\"@type\":\"WebPage\",\"@id\":\"https:\\\/\\\/boutique-one-piece.com\\\/figurines-one-piece\\\/figurine-one-piece-kid-de-la-pire-generation\\\/\",\"url\":\"https:\\\/\\\/boutique-one-piece.com\\\/figurines-one-piece\\\/figurine-one-piece-kid-de-la-pire-generation\\\/\",\"name\":\"Figurine One Piece Kid De La Pire G\u00e9n\u00e9ration \u2013 Boutique One Piece\",\"isPartOf\":{\"@id\":\"https:\\\/\\\/boutique-one-piece.com\\\/#website\"},\"primaryImageOfPage\":{\"@id\":\"https:\\\/\\\/boutique-one-piece.com\\\/figurines-one-piece\\\/figurine-one-piece-kid-de-la-pire-generation\\\/#primaryimage\"},\"image\":{\"@id\":\"https:\\\/\\\/boutique-one-piece.com\\\/figurines-one-piece\\\/figurine-one-piece-kid-de-la-pire-generation\\\/#primaryimage\"},\"thumbnailUrl\":\"https:\\\/\\\/boutique-one-piece.com\\\/wp-content\\\/uploads\\\/2022\\\/09\\\/Figurine-One-Piece-Kid-De-La-Pire-Generation-1.jpg\",\"datePublished\":\"2022-09-27T21:57:58+00:00\",\"dateModified\":\"2024-09-16T14:59:49+00:00\",\"description\":\"Jeune pirate, le moment est venu pour toi de te procurer cette Figurine One Piece Kid De La Pire G\u00e9n\u00e9ration. Voici ce que tu dois savoir au sujet de ce personnage ; Eustass ou \\\"Capitaine\\\" Kid est un pirate notoire, originaire de South Blue ainsi que le capitaine de L'\u00c9quipage de Kid. Il fait partie des Onze Supernovae\",\"breadcrumb\":{\"@id\":\"https:\\\/\\\/boutique-one-piece.com\\\/figurines-one-piece\\\/figurine-one-piece-kid-de-la-pire-generation\\\/#breadcrumb\"},\"inLanguage\":\"nb-NO\",\"potentialAction\":[{\"@type\":\"ReadAction\",\"target\":[\"https:\\\/\\\/boutique-one-piece.com\\\/figurines-one-piece\\\/figurine-one-piece-kid-de-la-pire-generation\\\/\"]}]},{\"@type\":\"ImageObject\",\"inLanguage\":\"nb-NO\",\"@id\":\"https:\\\/\\\/boutique-one-piece.com\\\/figurines-one-piece\\\/figurine-one-piece-kid-de-la-pire-generation\\\/#primaryimage\",\"url\":\"https:\\\/\\\/boutique-one-piece.com\\\/wp-content\\\/uploads\\\/2022\\\/09\\\/Figurine-One-Piece-Kid-De-La-Pire-Generation-1.jpg\",\"contentUrl\":\"https:\\\/\\\/boutique-one-piece.com\\\/wp-content\\\/uploads\\\/2022\\\/09\\\/Figurine-One-Piece-Kid-De-La-Pire-Generation-1.jpg\",\"width\":786,\"height\":786},{\"@type\":\"BreadcrumbList\",\"@id\":\"https:\\\/\\\/boutique-one-piece.com\\\/figurines-one-piece\\\/figurine-one-piece-kid-de-la-pire-generation\\\/#breadcrumb\",\"itemListElement\":[{\"@type\":\"ListItem\",\"position\":1,\"name\":\"Home\",\"item\":\"https:\\\/\\\/boutique-one-piece.com\\\/\"},{\"@type\":\"ListItem\",\"position\":2,\"name\":\"Shop\",\"item\":\"https:\\\/\\\/boutique-one-piece.com\\\/shop\\\/\"},{\"@type\":\"ListItem\",\"position\":3,\"name\":\"Figurine One Piece Kid De La Pire G\u00e9n\u00e9ration\"}]},{\"@type\":\"WebSite\",\"@id\":\"https:\\\/\\\/boutique-one-piece.com\\\/#website\",\"url\":\"https:\\\/\\\/boutique-one-piece.com\\\/\",\"name\":\"Boutique One Piece\",\"description\":\"Magasin Sp\u00e9cialis\u00e9 du Manga et l&#039;Anime One Piece\",\"publisher\":{\"@id\":\"https:\\\/\\\/boutique-one-piece.com\\\/#organization\"},\"potentialAction\":[{\"@type\":\"SearchAction\",\"target\":{\"@type\":\"EntryPoint\",\"urlTemplate\":\"https:\\\/\\\/boutique-one-piece.com\\\/?s={search_term_string}\"},\"query-input\":{\"@type\":\"PropertyValueSpecification\",\"valueRequired\":true,\"valueName\":\"search_term_string\"}}],\"inLanguage\":\"nb-NO\"},{\"@type\":\"Organization\",\"@id\":\"https:\\\/\\\/boutique-one-piece.com\\\/#organization\",\"name\":\"Boutique One Piece\",\"url\":\"https:\\\/\\\/boutique-one-piece.com\\\/\",\"logo\":{\"@type\":\"ImageObject\",\"inLanguage\":\"nb-NO\",\"@id\":\"https:\\\/\\\/boutique-one-piece.com\\\/#\\\/schema\\\/logo\\\/image\\\/\",\"url\":\"https:\\\/\\\/boutique-one-piece.com\\\/wp-content\\\/uploads\\\/2022\\\/09\\\/Logo-01.png\",\"contentUrl\":\"https:\\\/\\\/boutique-one-piece.com\\\/wp-content\\\/uploads\\\/2022\\\/09\\\/Logo-01.png\",\"width\":2318,\"height\":957,\"caption\":\"Boutique One Piece\"},\"image\":{\"@id\":\"https:\\\/\\\/boutique-one-piece.com\\\/#\\\/schema\\\/logo\\\/image\\\/\"}}]}<\/script>\n<!-- \/ Yoast SEO plugin. -->","yoast_head_json":{"title":"One Piece Kid of the Worst Generation-figur \u2013 One Piece Shop","description":"Unge pirat, tiden er inne for at du skal f\u00e5 tak i denne One Piece Kid Worst Generation-figuren. Her er hva du trenger \u00e5 vite om denne karakteren: Eustass, eller \"Kaptein\" Kid, er en beryktet pirat fra South Blue og kapteinen for Kid Pirates. Han er en av de elleve supernovaene.","robots":{"index":"index","follow":"follow","max-snippet":"max-snippet:-1","max-image-preview":"max-image-preview:large","max-video-preview":"max-video-preview:-1"},"canonical":"https:\/\/boutique-one-piece.com\/nb\/one-piece-figurer-2\/one-piece-barnefigur-fra-den-verste-generasjonen\/","og_locale":"nb_NO","og_type":"article","og_title":"Figurine One Piece Kid De La Pire G\u00e9n\u00e9ration \u2013 Boutique One Piece","og_description":"Jeune pirate, le moment est venu pour toi de te procurer cette Figurine One Piece Kid De La Pire G\u00e9n\u00e9ration. Voici ce que tu dois savoir au sujet de ce personnage ; Eustass ou \"Capitaine\" Kid est un pirate notoire, originaire de South Blue ainsi que le capitaine de L'\u00c9quipage de Kid. Il fait partie des Onze Supernovae","og_url":"https:\/\/boutique-one-piece.com\/nb\/one-piece-figurer-2\/one-piece-barnefigur-fra-den-verste-generasjonen\/","og_site_name":"Boutique One Piece","article_modified_time":"2024-09-16T14:59:49+00:00","og_image":[{"width":786,"height":786,"url":"https:\/\/boutique-one-piece.com\/wp-content\/uploads\/2022\/09\/Figurine-One-Piece-Kid-De-La-Pire-Generation-1.jpg","type":"image\/jpeg"}],"twitter_card":"summary_large_image","twitter_misc":{"Ansl. lesetid":"1 minutt"},"schema":{"@context":"https:\/\/schema.org","@graph":[{"@type":"WebPage","@id":"https:\/\/boutique-one-piece.com\/figurines-one-piece\/figurine-one-piece-kid-de-la-pire-generation\/","url":"https:\/\/boutique-one-piece.com\/figurines-one-piece\/figurine-one-piece-kid-de-la-pire-generation\/","name":"One Piece Kid of the Worst Generation-figur \u2013 One Piece Shop","isPartOf":{"@id":"https:\/\/boutique-one-piece.com\/#website"},"primaryImageOfPage":{"@id":"https:\/\/boutique-one-piece.com\/figurines-one-piece\/figurine-one-piece-kid-de-la-pire-generation\/#primaryimage"},"image":{"@id":"https:\/\/boutique-one-piece.com\/figurines-one-piece\/figurine-one-piece-kid-de-la-pire-generation\/#primaryimage"},"thumbnailUrl":"https:\/\/boutique-one-piece.com\/wp-content\/uploads\/2022\/09\/Figurine-One-Piece-Kid-De-La-Pire-Generation-1.jpg","datePublished":"2022-09-27T21:57:58+00:00","dateModified":"2024-09-16T14:59:49+00:00","description":"Unge pirat, tiden er inne for at du skal f\u00e5 tak i denne One Piece Kid Worst Generation-figuren. Her er hva du trenger \u00e5 vite om denne karakteren: Eustass, eller \"Kaptein\" Kid, er en beryktet pirat fra South Blue og kapteinen for Kid Pirates. Han er en av de elleve supernovaene.","breadcrumb":{"@id":"https:\/\/boutique-one-piece.com\/figurines-one-piece\/figurine-one-piece-kid-de-la-pire-generation\/#breadcrumb"},"inLanguage":"nb-NO","potentialAction":[{"@type":"ReadAction","target":["https:\/\/boutique-one-piece.com\/figurines-one-piece\/figurine-one-piece-kid-de-la-pire-generation\/"]}]},{"@type":"ImageObject","inLanguage":"nb-NO","@id":"https:\/\/boutique-one-piece.com\/figurines-one-piece\/figurine-one-piece-kid-de-la-pire-generation\/#primaryimage","url":"https:\/\/boutique-one-piece.com\/wp-content\/uploads\/2022\/09\/Figurine-One-Piece-Kid-De-La-Pire-Generation-1.jpg","contentUrl":"https:\/\/boutique-one-piece.com\/wp-content\/uploads\/2022\/09\/Figurine-One-Piece-Kid-De-La-Pire-Generation-1.jpg","width":786,"height":786},{"@type":"BreadcrumbList","@id":"https:\/\/boutique-one-piece.com\/figurines-one-piece\/figurine-one-piece-kid-de-la-pire-generation\/#breadcrumb","itemListElement":[{"@type":"ListItem","position":1,"name":"Home","item":"https:\/\/boutique-one-piece.com\/"},{"@type":"ListItem","position":2,"name":"Shop","item":"https:\/\/boutique-one-piece.com\/shop\/"},{"@type":"ListItem","position":3,"name":"Figurine One Piece Kid De La Pire G\u00e9n\u00e9ration"}]},{"@type":"WebSite","@id":"https:\/\/boutique-one-piece.com\/#website","url":"https:\/\/boutique-one-piece.com\/","name":"One Piece-butikk","description":"Spesialbutikk for One Piece Manga og Anime","publisher":{"@id":"https:\/\/boutique-one-piece.com\/#organization"},"potentialAction":[{"@type":"SearchAction","target":{"@type":"EntryPoint","urlTemplate":"https:\/\/boutique-one-piece.com\/?s={search_term_string}"},"query-input":{"@type":"PropertyValueSpecification","valueRequired":true,"valueName":"search_term_string"}}],"inLanguage":"nb-NO"},{"@type":"Organization","@id":"https:\/\/boutique-one-piece.com\/#organization","name":"One Piece-butikk","url":"https:\/\/boutique-one-piece.com\/","logo":{"@type":"ImageObject","inLanguage":"nb-NO","@id":"https:\/\/boutique-one-piece.com\/#\/schema\/logo\/image\/","url":"https:\/\/boutique-one-piece.com\/wp-content\/uploads\/2022\/09\/Logo-01.png","contentUrl":"https:\/\/boutique-one-piece.com\/wp-content\/uploads\/2022\/09\/Logo-01.png","width":2318,"height":957,"caption":"Boutique One Piece"},"image":{"@id":"https:\/\/boutique-one-piece.com\/#\/schema\/logo\/image\/"}}]}},"_links":{"self":[{"href":"https:\/\/boutique-one-piece.com\/nb\/wp-json\/wp\/v2\/product\/17152","targetHints":{"allow":["GET"]}}],"collection":[{"href":"https:\/\/boutique-one-piece.com\/nb\/wp-json\/wp\/v2\/product"}],"about":[{"href":"https:\/\/boutique-one-piece.com\/nb\/wp-json\/wp\/v2\/types\/product"}],"replies":[{"embeddable":true,"href":"https:\/\/boutique-one-piece.com\/nb\/wp-json\/wp\/v2\/comments?post=17152"}],"wp:featuredmedia":[{"embeddable":true,"href":"https:\/\/boutique-one-piece.com\/nb\/wp-json\/wp\/v2\/media\/17154"}],"wp:attachment":[{"href":"https:\/\/boutique-one-piece.com\/nb\/wp-json\/wp\/v2\/media?parent=17152"}],"wp:term":[{"taxonomy":"product_brand","embeddable":true,"href":"https:\/\/boutique-one-piece.com\/nb\/wp-json\/wp\/v2\/product_brand?post=17152"},{"taxonomy":"product_cat","embeddable":true,"href":"https:\/\/boutique-one-piece.com\/nb\/wp-json\/wp\/v2\/product_cat?post=17152"},{"taxonomy":"product_tag","embeddable":true,"href":"https:\/\/boutique-one-piece.com\/nb\/wp-json\/wp\/v2\/product_tag?post=17152"}],"curies":[{"name":"wp","href":"https:\/\/api.w.org\/{rel}","templated":true}]}}