{"id":17539,"date":"2022-09-27T22:02:16","date_gmt":"2022-09-27T22:02:16","guid":{"rendered":"https:\/\/boutique-one-piece.com\/uncategorized\/avis-de-recherche-urouge-wanted\/"},"modified":"2024-09-16T15:11:00","modified_gmt":"2024-09-16T15:11:00","slug":"onsket-varsel-urouge-onsket","status":"publish","type":"product","link":"https:\/\/boutique-one-piece.com\/nb\/one-piece-onsket-plakat\/onsket-varsel-urouge-onsket\/","title":{"rendered":"Urouge \u00f8nsket varsel"},"content":{"rendered":"<h2>Setter du pris p\u00e5 pirater som er utenom det vanlige, selv i One Piece? I s\u00e5 fall er denne Urouge Wanted-plakaten akkurat det du trenger for \u00e5 fullf\u00f8re dekorasjonen din.<\/h2>\n<p>Urouge, som har kallenavnet &quot;\u00ab\u00a0<strong>den gale munken<\/strong>\u00a0\u00bber en av piratenes verste generasjon og kapteinen p\u00e5 sitt eget mannskap. Han er en ganske atypisk karakter fysisk, ettersom han har vinger p\u00e5 ryggen, noe som beviser at han har r\u00f8tter i folket i <strong>himmel\u00f8yene<\/strong>, Men han er ogs\u00e5 veldig h\u00f8y og veldig muskul\u00f8s. Han er en <strong>Supernova<\/strong> Han frykter ingenting og elsker \u00e5 sl\u00e5ss. Motivasjonene hans forblir mystiske siden vi ikke egentlig vet hva han gjorde under Luffys eventyr f\u00f8r tidshoppet, selv om vi ser ham p\u00e5 Sabaody.<\/p>\n<h3>Heng denne etterlysningsplakaten fra Urouge p\u00e5 veggen, slik at du kan ha et verdifullt tilbeh\u00f8r fra favorittmangaen din i sikte.<\/h3>\n<p>Vi vet imidlertid at Urouge i l\u00f8pet av tidshoppet fors\u00f8kte \u00e5 invadere Big Moms territorium, Whole Cake Island, og at han beseiret en av de s\u00f8te kommand\u00f8rene f\u00f8r han ble beseiret av Charlotte Cracker, noe som demonstrerer hans selvtillit og betydelige makt. Etterp\u00e5 trakk han seg tilbake til en himmel\u00f8y hvor han leget s\u00e5rene sine, og ventet p\u00e5 \u00e5 komme tilbake til aksjon. <strong>f\u00f8rsteklasses<\/strong> er 108 millioner b\u00e6r.<\/p>\n<p>Hvis du er en fan av bonuser, dette <a href=\"https:\/\/boutique-one-piece.com\/nb\/one-piece-onsket-plakat\/produkter\/one-piece-plakat-etterlyst-vinsmoke-sanji\/\" target=\"_blank\" title=\"\u00d8nsket beskjed: Sanji Vinsmoke\" rel=\"noopener noreferrer\">Vinsmoke Sanji \u00f8nsket plakat<\/a> Du burde like det.<\/p>\n<h2>Informasjon om One Piece Wanted Urouge-plakaten<\/h2>\n<ul>\n<li><span><b><u>One Piece Wanted-plakat<\/u><\/b>\u00a0En ekte One Piece-plakat for ekte pirater<\/span><\/li>\n<\/ul>\n<ul>\n<li>\n<b><u>Urouge Prime<\/u><\/b>\u00a0108 000 000 b\u00e6r<\/li>\n<\/ul>\n<ul>\n<li><span><strong>Utskrift av h\u00f8y kvalitet<\/strong>\u00a0n\u00f8yaktige farger<\/span><\/li>\n<\/ul>\n<ul>\n<li>\n<strong>Dimensjon<\/strong>\u00a0: 51 cm x 36 cm<\/li>\n<\/ul>\n<ul>\n<li><span><strong>GRATIS LEVERING<\/strong><\/span><\/li>\n<\/ul>","protected":false},"excerpt":{"rendered":"<p>Appr\u00e9cies-tu les pirates qui sortent de l&rsquo;ordinaire, m\u00eame dans One Piece ? Si tel est le cas, cet Avis de Recherche Urouge Wanted est ce qu&rsquo;il te faut pour parfaire ta d\u00e9coration. Urouge, qui est surnomm\u00e9 \u00ab\u00a0le moine fou\u00a0\u00bb est un des pirates de la pire g\u00e9n\u00e9ration et le capitaine de son propre \u00e9quipage. C&rsquo;est [&hellip;]<\/p>","protected":false},"featured_media":17541,"comment_status":"open","ping_status":"open","template":"","meta":[],"product_brand":[],"product_cat":[171],"product_tag":[],"class_list":{"0":"post-17539","1":"product","2":"type-product","3":"status-publish","4":"has-post-thumbnail","6":"product_cat-avis-de-recherche-one-piece","8":"first","9":"instock","10":"purchasable","11":"product-type-simple"},"yoast_head":"<!-- This site is optimized with the Yoast SEO plugin v27.5 - https:\/\/yoast.com\/product\/yoast-seo-wordpress\/ -->\n<title>Avis De Recherche Urouge Wanted | D\u00e9coration One Piece \u2013 Boutique One Piece<\/title>\n<meta name=\"description\" content=\"Appr\u00e9cies-tu les pirates qui sortent de l&#039;ordinaire, m\u00eame dans One Piece ? Si tel est le cas, cet Avis de Recherche Urouge Wanted est ce qu&#039;il te faut pour parfaire ta d\u00e9coration. Urouge, qui est surnomm\u00e9 &quot;le moine fou&quot; est un des pirates de la pire g\u00e9n\u00e9ration et le capitaine de son propre \u00e9quipage. C&#039;est un personnage\" \/>\n<meta name=\"robots\" content=\"index, follow, max-snippet:-1, max-image-preview:large, max-video-preview:-1\" \/>\n<link rel=\"canonical\" href=\"https:\/\/boutique-one-piece.com\/nb\/one-piece-onsket-plakat\/onsket-varsel-urouge-onsket\/\" \/>\n<meta property=\"og:locale\" content=\"nb_NO\" \/>\n<meta property=\"og:type\" content=\"article\" \/>\n<meta property=\"og:title\" content=\"Avis De Recherche Urouge Wanted | D\u00e9coration One Piece \u2013 Boutique One Piece\" \/>\n<meta property=\"og:description\" content=\"Appr\u00e9cies-tu les pirates qui sortent de l&#039;ordinaire, m\u00eame dans One Piece ? Si tel est le cas, cet Avis de Recherche Urouge Wanted est ce qu&#039;il te faut pour parfaire ta d\u00e9coration. Urouge, qui est surnomm\u00e9 &quot;le moine fou&quot; est un des pirates de la pire g\u00e9n\u00e9ration et le capitaine de son propre \u00e9quipage. C&#039;est un personnage\" \/>\n<meta property=\"og:url\" content=\"https:\/\/boutique-one-piece.com\/nb\/one-piece-onsket-plakat\/onsket-varsel-urouge-onsket\/\" \/>\n<meta property=\"og:site_name\" content=\"Boutique One Piece\" \/>\n<meta property=\"article:modified_time\" content=\"2024-09-16T15:11:00+00:00\" \/>\n<meta property=\"og:image\" content=\"https:\/\/boutique-one-piece.com\/wp-content\/uploads\/2022\/09\/Avis-De-Recherche-Urouge-Wanted-1.jpg\" \/>\n\t<meta property=\"og:image:width\" content=\"640\" \/>\n\t<meta property=\"og:image:height\" content=\"640\" \/>\n\t<meta property=\"og:image:type\" content=\"image\/jpeg\" \/>\n<meta name=\"twitter:card\" content=\"summary_large_image\" \/>\n<meta name=\"twitter:label1\" content=\"Ansl. lesetid\" \/>\n\t<meta name=\"twitter:data1\" content=\"1 minutt\" \/>\n<script type=\"application\/ld+json\" class=\"yoast-schema-graph\">{\"@context\":\"https:\\\/\\\/schema.org\",\"@graph\":[{\"@type\":\"WebPage\",\"@id\":\"https:\\\/\\\/boutique-one-piece.com\\\/avis-de-recherche-one-piece\\\/avis-de-recherche-urouge-wanted\\\/\",\"url\":\"https:\\\/\\\/boutique-one-piece.com\\\/avis-de-recherche-one-piece\\\/avis-de-recherche-urouge-wanted\\\/\",\"name\":\"Avis De Recherche Urouge Wanted | D\u00e9coration One Piece \u2013 Boutique One Piece\",\"isPartOf\":{\"@id\":\"https:\\\/\\\/boutique-one-piece.com\\\/#website\"},\"primaryImageOfPage\":{\"@id\":\"https:\\\/\\\/boutique-one-piece.com\\\/avis-de-recherche-one-piece\\\/avis-de-recherche-urouge-wanted\\\/#primaryimage\"},\"image\":{\"@id\":\"https:\\\/\\\/boutique-one-piece.com\\\/avis-de-recherche-one-piece\\\/avis-de-recherche-urouge-wanted\\\/#primaryimage\"},\"thumbnailUrl\":\"https:\\\/\\\/boutique-one-piece.com\\\/wp-content\\\/uploads\\\/2022\\\/09\\\/Avis-De-Recherche-Urouge-Wanted-1.jpg\",\"datePublished\":\"2022-09-27T22:02:16+00:00\",\"dateModified\":\"2024-09-16T15:11:00+00:00\",\"description\":\"Appr\u00e9cies-tu les pirates qui sortent de l'ordinaire, m\u00eame dans One Piece ? Si tel est le cas, cet Avis de Recherche Urouge Wanted est ce qu'il te faut pour parfaire ta d\u00e9coration. Urouge, qui est surnomm\u00e9 \\\"le moine fou\\\" est un des pirates de la pire g\u00e9n\u00e9ration et le capitaine de son propre \u00e9quipage. C'est un personnage\",\"breadcrumb\":{\"@id\":\"https:\\\/\\\/boutique-one-piece.com\\\/avis-de-recherche-one-piece\\\/avis-de-recherche-urouge-wanted\\\/#breadcrumb\"},\"inLanguage\":\"nb-NO\",\"potentialAction\":[{\"@type\":\"ReadAction\",\"target\":[\"https:\\\/\\\/boutique-one-piece.com\\\/avis-de-recherche-one-piece\\\/avis-de-recherche-urouge-wanted\\\/\"]}]},{\"@type\":\"ImageObject\",\"inLanguage\":\"nb-NO\",\"@id\":\"https:\\\/\\\/boutique-one-piece.com\\\/avis-de-recherche-one-piece\\\/avis-de-recherche-urouge-wanted\\\/#primaryimage\",\"url\":\"https:\\\/\\\/boutique-one-piece.com\\\/wp-content\\\/uploads\\\/2022\\\/09\\\/Avis-De-Recherche-Urouge-Wanted-1.jpg\",\"contentUrl\":\"https:\\\/\\\/boutique-one-piece.com\\\/wp-content\\\/uploads\\\/2022\\\/09\\\/Avis-De-Recherche-Urouge-Wanted-1.jpg\",\"width\":640,\"height\":640},{\"@type\":\"BreadcrumbList\",\"@id\":\"https:\\\/\\\/boutique-one-piece.com\\\/avis-de-recherche-one-piece\\\/avis-de-recherche-urouge-wanted\\\/#breadcrumb\",\"itemListElement\":[{\"@type\":\"ListItem\",\"position\":1,\"name\":\"Home\",\"item\":\"https:\\\/\\\/boutique-one-piece.com\\\/\"},{\"@type\":\"ListItem\",\"position\":2,\"name\":\"Shop\",\"item\":\"https:\\\/\\\/boutique-one-piece.com\\\/shop\\\/\"},{\"@type\":\"ListItem\",\"position\":3,\"name\":\"Avis De Recherche Urouge Wanted\"}]},{\"@type\":\"WebSite\",\"@id\":\"https:\\\/\\\/boutique-one-piece.com\\\/#website\",\"url\":\"https:\\\/\\\/boutique-one-piece.com\\\/\",\"name\":\"Boutique One Piece\",\"description\":\"Magasin Sp\u00e9cialis\u00e9 du Manga et l&#039;Anime One Piece\",\"publisher\":{\"@id\":\"https:\\\/\\\/boutique-one-piece.com\\\/#organization\"},\"potentialAction\":[{\"@type\":\"SearchAction\",\"target\":{\"@type\":\"EntryPoint\",\"urlTemplate\":\"https:\\\/\\\/boutique-one-piece.com\\\/?s={search_term_string}\"},\"query-input\":{\"@type\":\"PropertyValueSpecification\",\"valueRequired\":true,\"valueName\":\"search_term_string\"}}],\"inLanguage\":\"nb-NO\"},{\"@type\":\"Organization\",\"@id\":\"https:\\\/\\\/boutique-one-piece.com\\\/#organization\",\"name\":\"Boutique One Piece\",\"url\":\"https:\\\/\\\/boutique-one-piece.com\\\/\",\"logo\":{\"@type\":\"ImageObject\",\"inLanguage\":\"nb-NO\",\"@id\":\"https:\\\/\\\/boutique-one-piece.com\\\/#\\\/schema\\\/logo\\\/image\\\/\",\"url\":\"https:\\\/\\\/boutique-one-piece.com\\\/wp-content\\\/uploads\\\/2022\\\/09\\\/Logo-01.png\",\"contentUrl\":\"https:\\\/\\\/boutique-one-piece.com\\\/wp-content\\\/uploads\\\/2022\\\/09\\\/Logo-01.png\",\"width\":2318,\"height\":957,\"caption\":\"Boutique One Piece\"},\"image\":{\"@id\":\"https:\\\/\\\/boutique-one-piece.com\\\/#\\\/schema\\\/logo\\\/image\\\/\"}}]}<\/script>\n<!-- \/ Yoast SEO plugin. -->","yoast_head_json":{"title":"\u00d8nsket varsel: Urouge | One Piece-dekorasjoner \u2013 One Piece-butikken","description":"Setter du pris p\u00e5 pirater som er utenom det vanlige, selv i One Piece? I s\u00e5 fall er denne Urouge Wanted-plakaten akkurat det du trenger for \u00e5 fullf\u00f8re dekorasjonen din. Urouge, med kallenavnet \"den gale munken\", er en av piratene fra den verste generasjonen og kapteinen p\u00e5 sitt eget mannskap. Han er en karakter","robots":{"index":"index","follow":"follow","max-snippet":"max-snippet:-1","max-image-preview":"max-image-preview:large","max-video-preview":"max-video-preview:-1"},"canonical":"https:\/\/boutique-one-piece.com\/nb\/one-piece-onsket-plakat\/onsket-varsel-urouge-onsket\/","og_locale":"nb_NO","og_type":"article","og_title":"Avis De Recherche Urouge Wanted | D\u00e9coration One Piece \u2013 Boutique One Piece","og_description":"Appr\u00e9cies-tu les pirates qui sortent de l'ordinaire, m\u00eame dans One Piece ? Si tel est le cas, cet Avis de Recherche Urouge Wanted est ce qu'il te faut pour parfaire ta d\u00e9coration. Urouge, qui est surnomm\u00e9 \"le moine fou\" est un des pirates de la pire g\u00e9n\u00e9ration et le capitaine de son propre \u00e9quipage. C'est un personnage","og_url":"https:\/\/boutique-one-piece.com\/nb\/one-piece-onsket-plakat\/onsket-varsel-urouge-onsket\/","og_site_name":"Boutique One Piece","article_modified_time":"2024-09-16T15:11:00+00:00","og_image":[{"width":640,"height":640,"url":"https:\/\/boutique-one-piece.com\/wp-content\/uploads\/2022\/09\/Avis-De-Recherche-Urouge-Wanted-1.jpg","type":"image\/jpeg"}],"twitter_card":"summary_large_image","twitter_misc":{"Ansl. lesetid":"1 minutt"},"schema":{"@context":"https:\/\/schema.org","@graph":[{"@type":"WebPage","@id":"https:\/\/boutique-one-piece.com\/avis-de-recherche-one-piece\/avis-de-recherche-urouge-wanted\/","url":"https:\/\/boutique-one-piece.com\/avis-de-recherche-one-piece\/avis-de-recherche-urouge-wanted\/","name":"\u00d8nsket varsel: Urouge | One Piece-dekorasjoner \u2013 One Piece-butikken","isPartOf":{"@id":"https:\/\/boutique-one-piece.com\/#website"},"primaryImageOfPage":{"@id":"https:\/\/boutique-one-piece.com\/avis-de-recherche-one-piece\/avis-de-recherche-urouge-wanted\/#primaryimage"},"image":{"@id":"https:\/\/boutique-one-piece.com\/avis-de-recherche-one-piece\/avis-de-recherche-urouge-wanted\/#primaryimage"},"thumbnailUrl":"https:\/\/boutique-one-piece.com\/wp-content\/uploads\/2022\/09\/Avis-De-Recherche-Urouge-Wanted-1.jpg","datePublished":"2022-09-27T22:02:16+00:00","dateModified":"2024-09-16T15:11:00+00:00","description":"Setter du pris p\u00e5 pirater som er utenom det vanlige, selv i One Piece? I s\u00e5 fall er denne Urouge Wanted-plakaten akkurat det du trenger for \u00e5 fullf\u00f8re dekorasjonen din. Urouge, med kallenavnet \"den gale munken\", er en av piratene fra den verste generasjonen og kapteinen p\u00e5 sitt eget mannskap. Han er en karakter","breadcrumb":{"@id":"https:\/\/boutique-one-piece.com\/avis-de-recherche-one-piece\/avis-de-recherche-urouge-wanted\/#breadcrumb"},"inLanguage":"nb-NO","potentialAction":[{"@type":"ReadAction","target":["https:\/\/boutique-one-piece.com\/avis-de-recherche-one-piece\/avis-de-recherche-urouge-wanted\/"]}]},{"@type":"ImageObject","inLanguage":"nb-NO","@id":"https:\/\/boutique-one-piece.com\/avis-de-recherche-one-piece\/avis-de-recherche-urouge-wanted\/#primaryimage","url":"https:\/\/boutique-one-piece.com\/wp-content\/uploads\/2022\/09\/Avis-De-Recherche-Urouge-Wanted-1.jpg","contentUrl":"https:\/\/boutique-one-piece.com\/wp-content\/uploads\/2022\/09\/Avis-De-Recherche-Urouge-Wanted-1.jpg","width":640,"height":640},{"@type":"BreadcrumbList","@id":"https:\/\/boutique-one-piece.com\/avis-de-recherche-one-piece\/avis-de-recherche-urouge-wanted\/#breadcrumb","itemListElement":[{"@type":"ListItem","position":1,"name":"Home","item":"https:\/\/boutique-one-piece.com\/"},{"@type":"ListItem","position":2,"name":"Shop","item":"https:\/\/boutique-one-piece.com\/shop\/"},{"@type":"ListItem","position":3,"name":"Avis De Recherche Urouge Wanted"}]},{"@type":"WebSite","@id":"https:\/\/boutique-one-piece.com\/#website","url":"https:\/\/boutique-one-piece.com\/","name":"One Piece-butikk","description":"Spesialbutikk for One Piece Manga og Anime","publisher":{"@id":"https:\/\/boutique-one-piece.com\/#organization"},"potentialAction":[{"@type":"SearchAction","target":{"@type":"EntryPoint","urlTemplate":"https:\/\/boutique-one-piece.com\/?s={search_term_string}"},"query-input":{"@type":"PropertyValueSpecification","valueRequired":true,"valueName":"search_term_string"}}],"inLanguage":"nb-NO"},{"@type":"Organization","@id":"https:\/\/boutique-one-piece.com\/#organization","name":"One Piece-butikk","url":"https:\/\/boutique-one-piece.com\/","logo":{"@type":"ImageObject","inLanguage":"nb-NO","@id":"https:\/\/boutique-one-piece.com\/#\/schema\/logo\/image\/","url":"https:\/\/boutique-one-piece.com\/wp-content\/uploads\/2022\/09\/Logo-01.png","contentUrl":"https:\/\/boutique-one-piece.com\/wp-content\/uploads\/2022\/09\/Logo-01.png","width":2318,"height":957,"caption":"Boutique One Piece"},"image":{"@id":"https:\/\/boutique-one-piece.com\/#\/schema\/logo\/image\/"}}]}},"_links":{"self":[{"href":"https:\/\/boutique-one-piece.com\/nb\/wp-json\/wp\/v2\/product\/17539","targetHints":{"allow":["GET"]}}],"collection":[{"href":"https:\/\/boutique-one-piece.com\/nb\/wp-json\/wp\/v2\/product"}],"about":[{"href":"https:\/\/boutique-one-piece.com\/nb\/wp-json\/wp\/v2\/types\/product"}],"replies":[{"embeddable":true,"href":"https:\/\/boutique-one-piece.com\/nb\/wp-json\/wp\/v2\/comments?post=17539"}],"wp:featuredmedia":[{"embeddable":true,"href":"https:\/\/boutique-one-piece.com\/nb\/wp-json\/wp\/v2\/media\/17541"}],"wp:attachment":[{"href":"https:\/\/boutique-one-piece.com\/nb\/wp-json\/wp\/v2\/media?parent=17539"}],"wp:term":[{"taxonomy":"product_brand","embeddable":true,"href":"https:\/\/boutique-one-piece.com\/nb\/wp-json\/wp\/v2\/product_brand?post=17539"},{"taxonomy":"product_cat","embeddable":true,"href":"https:\/\/boutique-one-piece.com\/nb\/wp-json\/wp\/v2\/product_cat?post=17539"},{"taxonomy":"product_tag","embeddable":true,"href":"https:\/\/boutique-one-piece.com\/nb\/wp-json\/wp\/v2\/product_tag?post=17539"}],"curies":[{"name":"wp","href":"https:\/\/api.w.org\/{rel}","templated":true}]}}