{"id":17878,"date":"2022-09-27T22:04:39","date_gmt":"2022-09-27T22:04:39","guid":{"rendered":"https:\/\/boutique-one-piece.com\/uncategorized\/avis-de-recherche-kuma-wanted\/"},"modified":"2024-09-16T15:20:40","modified_gmt":"2024-09-16T15:20:40","slug":"kuma-onsket-plakat","status":"publish","type":"product","link":"https:\/\/boutique-one-piece.com\/nb\/one-piece-onsket-plakat\/kuma-onsket-plakat\/","title":{"rendered":"Kuma \u00f8nsket varsel"},"content":{"rendered":"<h2>Gi rominnredningen et friskt nytt utseende med denne Kuma Wanted-plakaten.<\/h2>\n<p>Bruk denne plakaten om dus\u00f8ren p\u00e5 Kumas tilfangetakelse eller d\u00f8d for \u00e5 gi rommet eller kontoret ditt et friskt utseende. Kuma er en karakter som spesielt skilte seg ut i den f\u00f8rste delen av One Piece, ettersom han er en <strong>Shichibukai<\/strong>, en spesiell status fordi det betyr at han er en pirat som har plikter overfor marinen og verdensregjeringen.<\/p>\n<p>Kuma gj\u00f8r flere bemerkelsesverdige opptredener under Luffys eventyr, spesielt i <strong>Sabaody<\/strong>, hvor han lett beseirer alle str\u00e5hattene. Han er en karakter hvis motivasjoner er vanskelige \u00e5 vite, siden han er en tidligere revolusjon\u00e6r som gikk med p\u00e5 \u00e5 bli forvandlet til en cyborg av den st\u00f8rste vitenskapsmannen under ordre fra marinesoldatene, Vegapunk, for \u00e5 bli forvandlet til et krigsv\u00e5pen som vil bli brukt mot andre pirater.<\/p>\n<h3>Vis stolt frem den flotte gaven til den tidligere revolusjon\u00e6ren Kuma hjemme.<\/h3>\n<p>Bartholomew Kumas hode er faktisk verdt 296 millioner Berries, noe som er en pen sum i One Piece-mangaens verden. Innehaveren av <strong>Nikyu Nikyu<\/strong> No Mi er en mystisk og sv\u00e6rt mektig karakter hvis sanne motivasjoner alle gjerne vil vite.<\/p>\n<p>Hvis du liker plakatene v\u00e5re, liker du kanskje \u00abEfterlysning\u00bb-plakaten fra <a href=\"https:\/\/boutique-one-piece.com\/nb\/one-piece-onsket-plakat\/produkter\/onsket-varsel-ett-stykke-roronoa-zoro-onsket\/\" target=\"_blank\" title=\"Roronoa Zoro etterlyst\" rel=\"noopener noreferrer\">Roronoa Zoro<\/a>.<\/p>\n<p>\u00a0<\/p>\n<h2>Informasjon om One Piece Wanted Bartholomew Kuma-plakaten<\/h2>\n<ul>\n<li><span><b><u>One Piece Wanted-plakat<\/u><\/b>\u00a0En ekte One Piece-plakat for ekte pirater<\/span><\/li>\n<\/ul>\n<ul>\n<li>\n<b><u>Bartholomew Kumas dus\u00f8r<\/u><\/b>\u00a0296 000 000 b\u00e6r<\/li>\n<\/ul>\n<ul>\n<li><span><strong>Utskrift av h\u00f8y kvalitet<\/strong>\u00a0n\u00f8yaktige farger<\/span><\/li>\n<\/ul>\n<ul>\n<li>\n<strong>Dimensjon<\/strong>\u00a0: 51 cm x 36 cm<\/li>\n<\/ul>\n<ul>\n<li><span><strong>GRATIS LEVERING<\/strong><\/span><\/li>\n<\/ul>","protected":false},"excerpt":{"rendered":"<p>Donne un nouveau souffle \u00e0 la d\u00e9coration de ta pi\u00e8ce gr\u00e2ce \u00e0 cet Avis de Recherche Kuma Wanted. Profite de cette affiche \u00e0 propos de la prime attribu\u00e9e pour la capture ou la mort de Kuma pour donner un nouvel \u00e9lan \u00e0 la d\u00e9coration de ta chambre ou de ton bureau. Kuma est un personnage [&hellip;]<\/p>","protected":false},"featured_media":17880,"comment_status":"open","ping_status":"open","template":"","meta":[],"product_brand":[],"product_cat":[171],"product_tag":[],"class_list":{"0":"post-17878","1":"product","2":"type-product","3":"status-publish","4":"has-post-thumbnail","6":"product_cat-avis-de-recherche-one-piece","8":"first","9":"instock","10":"purchasable","11":"product-type-simple"},"yoast_head":"<!-- This site is optimized with the Yoast SEO plugin v27.5 - https:\/\/yoast.com\/product\/yoast-seo-wordpress\/ -->\n<title>Avis De Recherche Kuma Wanted | D\u00e9coration One Piece \u2013 Boutique One Piece<\/title>\n<meta name=\"description\" content=\"Donne un nouveau souffle \u00e0 la d\u00e9coration de ta pi\u00e8ce gr\u00e2ce \u00e0 cet Avis de Recherche Kuma Wanted. Profite de cette affiche \u00e0 propos de la prime attribu\u00e9e pour la capture ou la mort de Kuma pour donner un nouvel \u00e9lan \u00e0 la d\u00e9coration de ta chambre ou de ton bureau. Kuma est un personnage qui a surtout marqu\u00e9 la premi\u00e8re pa\" \/>\n<meta name=\"robots\" content=\"index, follow, max-snippet:-1, max-image-preview:large, max-video-preview:-1\" \/>\n<link rel=\"canonical\" href=\"https:\/\/boutique-one-piece.com\/nb\/one-piece-onsket-plakat\/kuma-onsket-plakat\/\" \/>\n<meta property=\"og:locale\" content=\"nb_NO\" \/>\n<meta property=\"og:type\" content=\"article\" \/>\n<meta property=\"og:title\" content=\"Avis De Recherche Kuma Wanted | D\u00e9coration One Piece \u2013 Boutique One Piece\" \/>\n<meta property=\"og:description\" content=\"Donne un nouveau souffle \u00e0 la d\u00e9coration de ta pi\u00e8ce gr\u00e2ce \u00e0 cet Avis de Recherche Kuma Wanted. Profite de cette affiche \u00e0 propos de la prime attribu\u00e9e pour la capture ou la mort de Kuma pour donner un nouvel \u00e9lan \u00e0 la d\u00e9coration de ta chambre ou de ton bureau. Kuma est un personnage qui a surtout marqu\u00e9 la premi\u00e8re pa\" \/>\n<meta property=\"og:url\" content=\"https:\/\/boutique-one-piece.com\/nb\/one-piece-onsket-plakat\/kuma-onsket-plakat\/\" \/>\n<meta property=\"og:site_name\" content=\"Boutique One Piece\" \/>\n<meta property=\"article:modified_time\" content=\"2024-09-16T15:20:40+00:00\" \/>\n<meta property=\"og:image\" content=\"https:\/\/boutique-one-piece.com\/wp-content\/uploads\/2022\/09\/Avis-De-Recherche-Kuma-Wanted-1.jpg\" \/>\n\t<meta property=\"og:image:width\" content=\"800\" \/>\n\t<meta property=\"og:image:height\" content=\"800\" \/>\n\t<meta property=\"og:image:type\" content=\"image\/jpeg\" \/>\n<meta name=\"twitter:card\" content=\"summary_large_image\" \/>\n<meta name=\"twitter:label1\" content=\"Ansl. lesetid\" \/>\n\t<meta name=\"twitter:data1\" content=\"1 minutt\" \/>\n<script type=\"application\/ld+json\" class=\"yoast-schema-graph\">{\"@context\":\"https:\\\/\\\/schema.org\",\"@graph\":[{\"@type\":\"WebPage\",\"@id\":\"https:\\\/\\\/boutique-one-piece.com\\\/avis-de-recherche-one-piece\\\/avis-de-recherche-kuma-wanted\\\/\",\"url\":\"https:\\\/\\\/boutique-one-piece.com\\\/avis-de-recherche-one-piece\\\/avis-de-recherche-kuma-wanted\\\/\",\"name\":\"Avis De Recherche Kuma Wanted | D\u00e9coration One Piece \u2013 Boutique One Piece\",\"isPartOf\":{\"@id\":\"https:\\\/\\\/boutique-one-piece.com\\\/#website\"},\"primaryImageOfPage\":{\"@id\":\"https:\\\/\\\/boutique-one-piece.com\\\/avis-de-recherche-one-piece\\\/avis-de-recherche-kuma-wanted\\\/#primaryimage\"},\"image\":{\"@id\":\"https:\\\/\\\/boutique-one-piece.com\\\/avis-de-recherche-one-piece\\\/avis-de-recherche-kuma-wanted\\\/#primaryimage\"},\"thumbnailUrl\":\"https:\\\/\\\/boutique-one-piece.com\\\/wp-content\\\/uploads\\\/2022\\\/09\\\/Avis-De-Recherche-Kuma-Wanted-1.jpg\",\"datePublished\":\"2022-09-27T22:04:39+00:00\",\"dateModified\":\"2024-09-16T15:20:40+00:00\",\"description\":\"Donne un nouveau souffle \u00e0 la d\u00e9coration de ta pi\u00e8ce gr\u00e2ce \u00e0 cet Avis de Recherche Kuma Wanted. Profite de cette affiche \u00e0 propos de la prime attribu\u00e9e pour la capture ou la mort de Kuma pour donner un nouvel \u00e9lan \u00e0 la d\u00e9coration de ta chambre ou de ton bureau. Kuma est un personnage qui a surtout marqu\u00e9 la premi\u00e8re pa\",\"breadcrumb\":{\"@id\":\"https:\\\/\\\/boutique-one-piece.com\\\/avis-de-recherche-one-piece\\\/avis-de-recherche-kuma-wanted\\\/#breadcrumb\"},\"inLanguage\":\"nb-NO\",\"potentialAction\":[{\"@type\":\"ReadAction\",\"target\":[\"https:\\\/\\\/boutique-one-piece.com\\\/avis-de-recherche-one-piece\\\/avis-de-recherche-kuma-wanted\\\/\"]}]},{\"@type\":\"ImageObject\",\"inLanguage\":\"nb-NO\",\"@id\":\"https:\\\/\\\/boutique-one-piece.com\\\/avis-de-recherche-one-piece\\\/avis-de-recherche-kuma-wanted\\\/#primaryimage\",\"url\":\"https:\\\/\\\/boutique-one-piece.com\\\/wp-content\\\/uploads\\\/2022\\\/09\\\/Avis-De-Recherche-Kuma-Wanted-1.jpg\",\"contentUrl\":\"https:\\\/\\\/boutique-one-piece.com\\\/wp-content\\\/uploads\\\/2022\\\/09\\\/Avis-De-Recherche-Kuma-Wanted-1.jpg\",\"width\":800,\"height\":800},{\"@type\":\"BreadcrumbList\",\"@id\":\"https:\\\/\\\/boutique-one-piece.com\\\/avis-de-recherche-one-piece\\\/avis-de-recherche-kuma-wanted\\\/#breadcrumb\",\"itemListElement\":[{\"@type\":\"ListItem\",\"position\":1,\"name\":\"Home\",\"item\":\"https:\\\/\\\/boutique-one-piece.com\\\/\"},{\"@type\":\"ListItem\",\"position\":2,\"name\":\"Shop\",\"item\":\"https:\\\/\\\/boutique-one-piece.com\\\/shop\\\/\"},{\"@type\":\"ListItem\",\"position\":3,\"name\":\"Avis De Recherche Kuma Wanted\"}]},{\"@type\":\"WebSite\",\"@id\":\"https:\\\/\\\/boutique-one-piece.com\\\/#website\",\"url\":\"https:\\\/\\\/boutique-one-piece.com\\\/\",\"name\":\"Boutique One Piece\",\"description\":\"Magasin Sp\u00e9cialis\u00e9 du Manga et l&#039;Anime One Piece\",\"publisher\":{\"@id\":\"https:\\\/\\\/boutique-one-piece.com\\\/#organization\"},\"potentialAction\":[{\"@type\":\"SearchAction\",\"target\":{\"@type\":\"EntryPoint\",\"urlTemplate\":\"https:\\\/\\\/boutique-one-piece.com\\\/?s={search_term_string}\"},\"query-input\":{\"@type\":\"PropertyValueSpecification\",\"valueRequired\":true,\"valueName\":\"search_term_string\"}}],\"inLanguage\":\"nb-NO\"},{\"@type\":\"Organization\",\"@id\":\"https:\\\/\\\/boutique-one-piece.com\\\/#organization\",\"name\":\"Boutique One Piece\",\"url\":\"https:\\\/\\\/boutique-one-piece.com\\\/\",\"logo\":{\"@type\":\"ImageObject\",\"inLanguage\":\"nb-NO\",\"@id\":\"https:\\\/\\\/boutique-one-piece.com\\\/#\\\/schema\\\/logo\\\/image\\\/\",\"url\":\"https:\\\/\\\/boutique-one-piece.com\\\/wp-content\\\/uploads\\\/2022\\\/09\\\/Logo-01.png\",\"contentUrl\":\"https:\\\/\\\/boutique-one-piece.com\\\/wp-content\\\/uploads\\\/2022\\\/09\\\/Logo-01.png\",\"width\":2318,\"height\":957,\"caption\":\"Boutique One Piece\"},\"image\":{\"@id\":\"https:\\\/\\\/boutique-one-piece.com\\\/#\\\/schema\\\/logo\\\/image\\\/\"}}]}<\/script>\n<!-- \/ Yoast SEO plugin. -->","yoast_head_json":{"title":"Kuma \u00f8nsker beskjed | One Piece-dekorasjoner \u2013 One Piece-butikken","description":"Gi rommet ditt et friskt utseende med denne Kuma Wanted-plakaten. Bruk denne plakaten som annonserer dus\u00f8ren p\u00e5 Kumas fangst eller d\u00f8d for \u00e5 gi soverommet eller kontoret et nytt preg. Kuma er en karakter som gjorde et betydelig inntrykk, spesielt i den f\u00f8rste delen av serien.","robots":{"index":"index","follow":"follow","max-snippet":"max-snippet:-1","max-image-preview":"max-image-preview:large","max-video-preview":"max-video-preview:-1"},"canonical":"https:\/\/boutique-one-piece.com\/nb\/one-piece-onsket-plakat\/kuma-onsket-plakat\/","og_locale":"nb_NO","og_type":"article","og_title":"Avis De Recherche Kuma Wanted | D\u00e9coration One Piece \u2013 Boutique One Piece","og_description":"Donne un nouveau souffle \u00e0 la d\u00e9coration de ta pi\u00e8ce gr\u00e2ce \u00e0 cet Avis de Recherche Kuma Wanted. Profite de cette affiche \u00e0 propos de la prime attribu\u00e9e pour la capture ou la mort de Kuma pour donner un nouvel \u00e9lan \u00e0 la d\u00e9coration de ta chambre ou de ton bureau. Kuma est un personnage qui a surtout marqu\u00e9 la premi\u00e8re pa","og_url":"https:\/\/boutique-one-piece.com\/nb\/one-piece-onsket-plakat\/kuma-onsket-plakat\/","og_site_name":"Boutique One Piece","article_modified_time":"2024-09-16T15:20:40+00:00","og_image":[{"width":800,"height":800,"url":"https:\/\/boutique-one-piece.com\/wp-content\/uploads\/2022\/09\/Avis-De-Recherche-Kuma-Wanted-1.jpg","type":"image\/jpeg"}],"twitter_card":"summary_large_image","twitter_misc":{"Ansl. lesetid":"1 minutt"},"schema":{"@context":"https:\/\/schema.org","@graph":[{"@type":"WebPage","@id":"https:\/\/boutique-one-piece.com\/avis-de-recherche-one-piece\/avis-de-recherche-kuma-wanted\/","url":"https:\/\/boutique-one-piece.com\/avis-de-recherche-one-piece\/avis-de-recherche-kuma-wanted\/","name":"Kuma \u00f8nsker beskjed | One Piece-dekorasjoner \u2013 One Piece-butikken","isPartOf":{"@id":"https:\/\/boutique-one-piece.com\/#website"},"primaryImageOfPage":{"@id":"https:\/\/boutique-one-piece.com\/avis-de-recherche-one-piece\/avis-de-recherche-kuma-wanted\/#primaryimage"},"image":{"@id":"https:\/\/boutique-one-piece.com\/avis-de-recherche-one-piece\/avis-de-recherche-kuma-wanted\/#primaryimage"},"thumbnailUrl":"https:\/\/boutique-one-piece.com\/wp-content\/uploads\/2022\/09\/Avis-De-Recherche-Kuma-Wanted-1.jpg","datePublished":"2022-09-27T22:04:39+00:00","dateModified":"2024-09-16T15:20:40+00:00","description":"Gi rommet ditt et friskt utseende med denne Kuma Wanted-plakaten. Bruk denne plakaten som annonserer dus\u00f8ren p\u00e5 Kumas fangst eller d\u00f8d for \u00e5 gi soverommet eller kontoret et nytt preg. Kuma er en karakter som gjorde et betydelig inntrykk, spesielt i den f\u00f8rste delen av serien.","breadcrumb":{"@id":"https:\/\/boutique-one-piece.com\/avis-de-recherche-one-piece\/avis-de-recherche-kuma-wanted\/#breadcrumb"},"inLanguage":"nb-NO","potentialAction":[{"@type":"ReadAction","target":["https:\/\/boutique-one-piece.com\/avis-de-recherche-one-piece\/avis-de-recherche-kuma-wanted\/"]}]},{"@type":"ImageObject","inLanguage":"nb-NO","@id":"https:\/\/boutique-one-piece.com\/avis-de-recherche-one-piece\/avis-de-recherche-kuma-wanted\/#primaryimage","url":"https:\/\/boutique-one-piece.com\/wp-content\/uploads\/2022\/09\/Avis-De-Recherche-Kuma-Wanted-1.jpg","contentUrl":"https:\/\/boutique-one-piece.com\/wp-content\/uploads\/2022\/09\/Avis-De-Recherche-Kuma-Wanted-1.jpg","width":800,"height":800},{"@type":"BreadcrumbList","@id":"https:\/\/boutique-one-piece.com\/avis-de-recherche-one-piece\/avis-de-recherche-kuma-wanted\/#breadcrumb","itemListElement":[{"@type":"ListItem","position":1,"name":"Home","item":"https:\/\/boutique-one-piece.com\/"},{"@type":"ListItem","position":2,"name":"Shop","item":"https:\/\/boutique-one-piece.com\/shop\/"},{"@type":"ListItem","position":3,"name":"Avis De Recherche Kuma Wanted"}]},{"@type":"WebSite","@id":"https:\/\/boutique-one-piece.com\/#website","url":"https:\/\/boutique-one-piece.com\/","name":"One Piece-butikk","description":"Spesialbutikk for One Piece Manga og Anime","publisher":{"@id":"https:\/\/boutique-one-piece.com\/#organization"},"potentialAction":[{"@type":"SearchAction","target":{"@type":"EntryPoint","urlTemplate":"https:\/\/boutique-one-piece.com\/?s={search_term_string}"},"query-input":{"@type":"PropertyValueSpecification","valueRequired":true,"valueName":"search_term_string"}}],"inLanguage":"nb-NO"},{"@type":"Organization","@id":"https:\/\/boutique-one-piece.com\/#organization","name":"One Piece-butikk","url":"https:\/\/boutique-one-piece.com\/","logo":{"@type":"ImageObject","inLanguage":"nb-NO","@id":"https:\/\/boutique-one-piece.com\/#\/schema\/logo\/image\/","url":"https:\/\/boutique-one-piece.com\/wp-content\/uploads\/2022\/09\/Logo-01.png","contentUrl":"https:\/\/boutique-one-piece.com\/wp-content\/uploads\/2022\/09\/Logo-01.png","width":2318,"height":957,"caption":"Boutique One Piece"},"image":{"@id":"https:\/\/boutique-one-piece.com\/#\/schema\/logo\/image\/"}}]}},"_links":{"self":[{"href":"https:\/\/boutique-one-piece.com\/nb\/wp-json\/wp\/v2\/product\/17878","targetHints":{"allow":["GET"]}}],"collection":[{"href":"https:\/\/boutique-one-piece.com\/nb\/wp-json\/wp\/v2\/product"}],"about":[{"href":"https:\/\/boutique-one-piece.com\/nb\/wp-json\/wp\/v2\/types\/product"}],"replies":[{"embeddable":true,"href":"https:\/\/boutique-one-piece.com\/nb\/wp-json\/wp\/v2\/comments?post=17878"}],"wp:featuredmedia":[{"embeddable":true,"href":"https:\/\/boutique-one-piece.com\/nb\/wp-json\/wp\/v2\/media\/17880"}],"wp:attachment":[{"href":"https:\/\/boutique-one-piece.com\/nb\/wp-json\/wp\/v2\/media?parent=17878"}],"wp:term":[{"taxonomy":"product_brand","embeddable":true,"href":"https:\/\/boutique-one-piece.com\/nb\/wp-json\/wp\/v2\/product_brand?post=17878"},{"taxonomy":"product_cat","embeddable":true,"href":"https:\/\/boutique-one-piece.com\/nb\/wp-json\/wp\/v2\/product_cat?post=17878"},{"taxonomy":"product_tag","embeddable":true,"href":"https:\/\/boutique-one-piece.com\/nb\/wp-json\/wp\/v2\/product_tag?post=17878"}],"curies":[{"name":"wp","href":"https:\/\/api.w.org\/{rel}","templated":true}]}}