{"id":8204,"date":"2022-09-27T18:53:36","date_gmt":"2022-09-27T18:53:36","guid":{"rendered":"https:\/\/boutique-one-piece.com\/uncategorized\/figurine-one-piece-shanks-le-yonko\/"},"modified":"2024-09-16T11:13:28","modified_gmt":"2024-09-16T11:13:28","slug":"one-piece-figur-shanks-og-yonko","status":"publish","type":"product","link":"https:\/\/boutique-one-piece.com\/nb\/one-piece-figurer-2\/shanks-figurer\/one-piece-figur-shanks-og-yonko\/","title":{"rendered":"One Piece-figur Shanks The Yonko"},"content":{"rendered":"<h2>Unge pirat, tiden er inne for at du skal skaffe deg denne One Piece Shanks The Yonko-figuren.<\/h2>\n<p>Her er hva du trenger \u00e5 vite om <strong>Shanks<\/strong>, \u00abHan er kaptein for de r\u00f8dh\u00e5rede piratene og en av de fire keiserne. Han er ogs\u00e5 et tidligere medlem av de legendariske Roger-piratene, den eneste gruppen som har erobret Grand Line.\u00bb.<\/p>\n<p>Han var ogs\u00e5 den som inspirerte<strong> Luffy<\/strong> under reisen sin som pirat. Faktisk var det han som fant Gomu Gomu no Mi, som Luffy ved et uhell spiste. Til slutt er Shanks den nest siste keiseren som har sluttet seg til gruppen. Han er den yngste av de fire. Forresten, hvis du vil utvide figursamlingen din, er <a title=\"POK\u00c9MON-FIGUR KAPTEIN STR\u00c5HATT LUFFY\" href=\"https:\/\/boutique-one-piece.com\/nb\/pokemon-figur-av-kaptein-luffy-med-strahatten\/\" target=\"_blank\" rel=\"noopener\">Luffy-figur, str\u00e5hattkapteinen<\/a> er innen rekkevidde.<\/p>\n<h3>S\u00e5, er du overbevist av Shanks-figuren? I s\u00e5 fall, ikke n\u00f8l lenger og bli med de r\u00f8dh\u00e5rede piratene. Mange eventyr venter deg.<\/h3>\n<p>Enten du er en ihuga fan eller en erfaren samler, er disse gjenstandene definitivt noe for deg. Perfekt til dekorasjon, samling eller gave, disse gjenstandene vil forbedre samlingen din.<strong> ditt One Piece-univers<\/strong>. Ta skjebnen i egne hender, unge pirat., <strong>skatten<\/strong> One Piece venter p\u00e5 deg.<\/p>\n<h2>Informasjon om Shanks Yonko-figuren\u00a0<\/h2>\n<ul>\n<li><span><b><u>One Piece-figur<\/u><\/b>\u00a0Premium One Piece-figur for ekte pirater<\/span><\/li>\n<\/ul>\n<ul>\n<li>\n<b>Materie<\/b><span>\u00a0<\/span>PVC<\/li>\n<\/ul>\n<ul>\n<li><span><strong>Dimensjon<\/strong>\u00a0: 20 cm<\/span><\/li>\n<\/ul>\n<ul>\n<li><span><strong>GRATIS LEVERING<\/strong><\/span><\/li>\n<\/ul>","protected":false},"excerpt":{"rendered":"<p>Jeune pirate, le moment est venu pour toi de te procurer cette Figurine One Piece Shanks Le Yonko. Voici ce que tu dois savoir \u00e0 propos de Shanks, dit Le Roux ; c&rsquo;est le capitaine de l&rsquo;\u00c9quipage du Roux et l&rsquo;un des Quatre Empereurs. Il est \u00e9galement un ancien membre du l\u00e9gendaire \u00e9quipage des Pirates [&hellip;]<\/p>","protected":false},"featured_media":8206,"comment_status":"open","ping_status":"open","template":"","meta":[],"product_brand":[],"product_cat":[76,126],"product_tag":[127],"class_list":{"0":"post-8204","1":"product","2":"type-product","3":"status-publish","4":"has-post-thumbnail","6":"product_cat-figurines-one-piece","7":"product_cat-figurines-shanks","8":"product_tag-shanks","10":"first","11":"instock","12":"purchasable","13":"product-type-simple"},"yoast_head":"<!-- This site is optimized with the Yoast SEO plugin v27.5 - https:\/\/yoast.com\/product\/yoast-seo-wordpress\/ -->\n<title>Figurine One Piece Shanks Le Yonko | Figurine One Piece \u2013 Boutique One Piece<\/title>\n<meta name=\"description\" content=\"Jeune pirate, le moment est venu pour toi de te procurer cette Figurine One Piece Shanks Le Yonko. Voici ce que tu dois savoir \u00e0 propos de Shanks, dit Le Roux ; c&#039;est le capitaine de l&#039;\u00c9quipage du Roux et l&#039;un des Quatre Empereurs. Il est \u00e9galement un ancien membre du l\u00e9gendaire \u00e9quipage des Pirates Roger, le seul grou\" \/>\n<meta name=\"robots\" content=\"index, follow, max-snippet:-1, max-image-preview:large, max-video-preview:-1\" \/>\n<link rel=\"canonical\" href=\"https:\/\/boutique-one-piece.com\/nb\/one-piece-figurer-2\/shanks-figurer\/one-piece-figur-shanks-og-yonko\/\" \/>\n<meta property=\"og:locale\" content=\"nb_NO\" \/>\n<meta property=\"og:type\" content=\"article\" \/>\n<meta property=\"og:title\" content=\"Figurine One Piece Shanks Le Yonko | Figurine One Piece \u2013 Boutique One Piece\" \/>\n<meta property=\"og:description\" content=\"Jeune pirate, le moment est venu pour toi de te procurer cette Figurine One Piece Shanks Le Yonko. Voici ce que tu dois savoir \u00e0 propos de Shanks, dit Le Roux ; c&#039;est le capitaine de l&#039;\u00c9quipage du Roux et l&#039;un des Quatre Empereurs. Il est \u00e9galement un ancien membre du l\u00e9gendaire \u00e9quipage des Pirates Roger, le seul grou\" \/>\n<meta property=\"og:url\" content=\"https:\/\/boutique-one-piece.com\/nb\/one-piece-figurer-2\/shanks-figurer\/one-piece-figur-shanks-og-yonko\/\" \/>\n<meta property=\"og:site_name\" content=\"Boutique One Piece\" \/>\n<meta property=\"article:modified_time\" content=\"2024-09-16T11:13:28+00:00\" \/>\n<meta property=\"og:image\" content=\"https:\/\/boutique-one-piece.com\/wp-content\/uploads\/2022\/09\/Figurine-One-Piece-Shanks-Le-Yonko-1.jpg\" \/>\n\t<meta property=\"og:image:width\" content=\"1080\" \/>\n\t<meta property=\"og:image:height\" content=\"1080\" \/>\n\t<meta property=\"og:image:type\" content=\"image\/jpeg\" \/>\n<meta name=\"twitter:card\" content=\"summary_large_image\" \/>\n<meta name=\"twitter:label1\" content=\"Ansl. lesetid\" \/>\n\t<meta name=\"twitter:data1\" content=\"1 minutt\" \/>\n<script type=\"application\/ld+json\" class=\"yoast-schema-graph\">{\"@context\":\"https:\\\/\\\/schema.org\",\"@graph\":[{\"@type\":\"WebPage\",\"@id\":\"https:\\\/\\\/boutique-one-piece.com\\\/figurines-one-piece\\\/figurines-shanks\\\/figurine-one-piece-shanks-le-yonko\\\/\",\"url\":\"https:\\\/\\\/boutique-one-piece.com\\\/figurines-one-piece\\\/figurines-shanks\\\/figurine-one-piece-shanks-le-yonko\\\/\",\"name\":\"Figurine One Piece Shanks Le Yonko | Figurine One Piece \u2013 Boutique One Piece\",\"isPartOf\":{\"@id\":\"https:\\\/\\\/boutique-one-piece.com\\\/#website\"},\"primaryImageOfPage\":{\"@id\":\"https:\\\/\\\/boutique-one-piece.com\\\/figurines-one-piece\\\/figurines-shanks\\\/figurine-one-piece-shanks-le-yonko\\\/#primaryimage\"},\"image\":{\"@id\":\"https:\\\/\\\/boutique-one-piece.com\\\/figurines-one-piece\\\/figurines-shanks\\\/figurine-one-piece-shanks-le-yonko\\\/#primaryimage\"},\"thumbnailUrl\":\"https:\\\/\\\/boutique-one-piece.com\\\/wp-content\\\/uploads\\\/2022\\\/09\\\/Figurine-One-Piece-Shanks-Le-Yonko-1.jpg\",\"datePublished\":\"2022-09-27T18:53:36+00:00\",\"dateModified\":\"2024-09-16T11:13:28+00:00\",\"description\":\"Jeune pirate, le moment est venu pour toi de te procurer cette Figurine One Piece Shanks Le Yonko. Voici ce que tu dois savoir \u00e0 propos de Shanks, dit Le Roux ; c'est le capitaine de l'\u00c9quipage du Roux et l'un des Quatre Empereurs. Il est \u00e9galement un ancien membre du l\u00e9gendaire \u00e9quipage des Pirates Roger, le seul grou\",\"breadcrumb\":{\"@id\":\"https:\\\/\\\/boutique-one-piece.com\\\/figurines-one-piece\\\/figurines-shanks\\\/figurine-one-piece-shanks-le-yonko\\\/#breadcrumb\"},\"inLanguage\":\"nb-NO\",\"potentialAction\":[{\"@type\":\"ReadAction\",\"target\":[\"https:\\\/\\\/boutique-one-piece.com\\\/figurines-one-piece\\\/figurines-shanks\\\/figurine-one-piece-shanks-le-yonko\\\/\"]}]},{\"@type\":\"ImageObject\",\"inLanguage\":\"nb-NO\",\"@id\":\"https:\\\/\\\/boutique-one-piece.com\\\/figurines-one-piece\\\/figurines-shanks\\\/figurine-one-piece-shanks-le-yonko\\\/#primaryimage\",\"url\":\"https:\\\/\\\/boutique-one-piece.com\\\/wp-content\\\/uploads\\\/2022\\\/09\\\/Figurine-One-Piece-Shanks-Le-Yonko-1.jpg\",\"contentUrl\":\"https:\\\/\\\/boutique-one-piece.com\\\/wp-content\\\/uploads\\\/2022\\\/09\\\/Figurine-One-Piece-Shanks-Le-Yonko-1.jpg\",\"width\":1080,\"height\":1080},{\"@type\":\"BreadcrumbList\",\"@id\":\"https:\\\/\\\/boutique-one-piece.com\\\/figurines-one-piece\\\/figurines-shanks\\\/figurine-one-piece-shanks-le-yonko\\\/#breadcrumb\",\"itemListElement\":[{\"@type\":\"ListItem\",\"position\":1,\"name\":\"Home\",\"item\":\"https:\\\/\\\/boutique-one-piece.com\\\/\"},{\"@type\":\"ListItem\",\"position\":2,\"name\":\"Shop\",\"item\":\"https:\\\/\\\/boutique-one-piece.com\\\/shop\\\/\"},{\"@type\":\"ListItem\",\"position\":3,\"name\":\"Figurine One Piece Shanks Le Yonko\"}]},{\"@type\":\"WebSite\",\"@id\":\"https:\\\/\\\/boutique-one-piece.com\\\/#website\",\"url\":\"https:\\\/\\\/boutique-one-piece.com\\\/\",\"name\":\"Boutique One Piece\",\"description\":\"Magasin Sp\u00e9cialis\u00e9 du Manga et l&#039;Anime One Piece\",\"publisher\":{\"@id\":\"https:\\\/\\\/boutique-one-piece.com\\\/#organization\"},\"potentialAction\":[{\"@type\":\"SearchAction\",\"target\":{\"@type\":\"EntryPoint\",\"urlTemplate\":\"https:\\\/\\\/boutique-one-piece.com\\\/?s={search_term_string}\"},\"query-input\":{\"@type\":\"PropertyValueSpecification\",\"valueRequired\":true,\"valueName\":\"search_term_string\"}}],\"inLanguage\":\"nb-NO\"},{\"@type\":\"Organization\",\"@id\":\"https:\\\/\\\/boutique-one-piece.com\\\/#organization\",\"name\":\"Boutique One Piece\",\"url\":\"https:\\\/\\\/boutique-one-piece.com\\\/\",\"logo\":{\"@type\":\"ImageObject\",\"inLanguage\":\"nb-NO\",\"@id\":\"https:\\\/\\\/boutique-one-piece.com\\\/#\\\/schema\\\/logo\\\/image\\\/\",\"url\":\"https:\\\/\\\/boutique-one-piece.com\\\/wp-content\\\/uploads\\\/2022\\\/09\\\/Logo-01.png\",\"contentUrl\":\"https:\\\/\\\/boutique-one-piece.com\\\/wp-content\\\/uploads\\\/2022\\\/09\\\/Logo-01.png\",\"width\":2318,\"height\":957,\"caption\":\"Boutique One Piece\"},\"image\":{\"@id\":\"https:\\\/\\\/boutique-one-piece.com\\\/#\\\/schema\\\/logo\\\/image\\\/\"}}]}<\/script>\n<!-- \/ Yoast SEO plugin. -->","yoast_head_json":{"title":"One Piece-figur Shanks The Yonko | One Piece-figur \u2013 One Piece-butikken","description":"Unge pirat, tiden er inne for at du skal f\u00e5 tak i denne One Piece Shanks Yonko-figuren. Her er hva du trenger \u00e5 vite om Shanks, ogs\u00e5 kjent som Red-Haired Shanks; han er kapteinen for Red-Haired Pirates og en av de fire keiserne. Han er ogs\u00e5 et tidligere medlem av den legendariske Roger Pirates, den eneste gruppen...","robots":{"index":"index","follow":"follow","max-snippet":"max-snippet:-1","max-image-preview":"max-image-preview:large","max-video-preview":"max-video-preview:-1"},"canonical":"https:\/\/boutique-one-piece.com\/nb\/one-piece-figurer-2\/shanks-figurer\/one-piece-figur-shanks-og-yonko\/","og_locale":"nb_NO","og_type":"article","og_title":"Figurine One Piece Shanks Le Yonko | Figurine One Piece \u2013 Boutique One Piece","og_description":"Jeune pirate, le moment est venu pour toi de te procurer cette Figurine One Piece Shanks Le Yonko. Voici ce que tu dois savoir \u00e0 propos de Shanks, dit Le Roux ; c'est le capitaine de l'\u00c9quipage du Roux et l'un des Quatre Empereurs. Il est \u00e9galement un ancien membre du l\u00e9gendaire \u00e9quipage des Pirates Roger, le seul grou","og_url":"https:\/\/boutique-one-piece.com\/nb\/one-piece-figurer-2\/shanks-figurer\/one-piece-figur-shanks-og-yonko\/","og_site_name":"Boutique One Piece","article_modified_time":"2024-09-16T11:13:28+00:00","og_image":[{"width":1080,"height":1080,"url":"https:\/\/boutique-one-piece.com\/wp-content\/uploads\/2022\/09\/Figurine-One-Piece-Shanks-Le-Yonko-1.jpg","type":"image\/jpeg"}],"twitter_card":"summary_large_image","twitter_misc":{"Ansl. lesetid":"1 minutt"},"schema":{"@context":"https:\/\/schema.org","@graph":[{"@type":"WebPage","@id":"https:\/\/boutique-one-piece.com\/figurines-one-piece\/figurines-shanks\/figurine-one-piece-shanks-le-yonko\/","url":"https:\/\/boutique-one-piece.com\/figurines-one-piece\/figurines-shanks\/figurine-one-piece-shanks-le-yonko\/","name":"One Piece-figur Shanks The Yonko | One Piece-figur \u2013 One Piece-butikken","isPartOf":{"@id":"https:\/\/boutique-one-piece.com\/#website"},"primaryImageOfPage":{"@id":"https:\/\/boutique-one-piece.com\/figurines-one-piece\/figurines-shanks\/figurine-one-piece-shanks-le-yonko\/#primaryimage"},"image":{"@id":"https:\/\/boutique-one-piece.com\/figurines-one-piece\/figurines-shanks\/figurine-one-piece-shanks-le-yonko\/#primaryimage"},"thumbnailUrl":"https:\/\/boutique-one-piece.com\/wp-content\/uploads\/2022\/09\/Figurine-One-Piece-Shanks-Le-Yonko-1.jpg","datePublished":"2022-09-27T18:53:36+00:00","dateModified":"2024-09-16T11:13:28+00:00","description":"Unge pirat, tiden er inne for at du skal f\u00e5 tak i denne One Piece Shanks Yonko-figuren. Her er hva du trenger \u00e5 vite om Shanks, ogs\u00e5 kjent som Red-Haired Shanks; han er kapteinen for Red-Haired Pirates og en av de fire keiserne. Han er ogs\u00e5 et tidligere medlem av den legendariske Roger Pirates, den eneste gruppen...","breadcrumb":{"@id":"https:\/\/boutique-one-piece.com\/figurines-one-piece\/figurines-shanks\/figurine-one-piece-shanks-le-yonko\/#breadcrumb"},"inLanguage":"nb-NO","potentialAction":[{"@type":"ReadAction","target":["https:\/\/boutique-one-piece.com\/figurines-one-piece\/figurines-shanks\/figurine-one-piece-shanks-le-yonko\/"]}]},{"@type":"ImageObject","inLanguage":"nb-NO","@id":"https:\/\/boutique-one-piece.com\/figurines-one-piece\/figurines-shanks\/figurine-one-piece-shanks-le-yonko\/#primaryimage","url":"https:\/\/boutique-one-piece.com\/wp-content\/uploads\/2022\/09\/Figurine-One-Piece-Shanks-Le-Yonko-1.jpg","contentUrl":"https:\/\/boutique-one-piece.com\/wp-content\/uploads\/2022\/09\/Figurine-One-Piece-Shanks-Le-Yonko-1.jpg","width":1080,"height":1080},{"@type":"BreadcrumbList","@id":"https:\/\/boutique-one-piece.com\/figurines-one-piece\/figurines-shanks\/figurine-one-piece-shanks-le-yonko\/#breadcrumb","itemListElement":[{"@type":"ListItem","position":1,"name":"Home","item":"https:\/\/boutique-one-piece.com\/"},{"@type":"ListItem","position":2,"name":"Shop","item":"https:\/\/boutique-one-piece.com\/shop\/"},{"@type":"ListItem","position":3,"name":"Figurine One Piece Shanks Le Yonko"}]},{"@type":"WebSite","@id":"https:\/\/boutique-one-piece.com\/#website","url":"https:\/\/boutique-one-piece.com\/","name":"One Piece-butikk","description":"Spesialbutikk for One Piece Manga og Anime","publisher":{"@id":"https:\/\/boutique-one-piece.com\/#organization"},"potentialAction":[{"@type":"SearchAction","target":{"@type":"EntryPoint","urlTemplate":"https:\/\/boutique-one-piece.com\/?s={search_term_string}"},"query-input":{"@type":"PropertyValueSpecification","valueRequired":true,"valueName":"search_term_string"}}],"inLanguage":"nb-NO"},{"@type":"Organization","@id":"https:\/\/boutique-one-piece.com\/#organization","name":"One Piece-butikk","url":"https:\/\/boutique-one-piece.com\/","logo":{"@type":"ImageObject","inLanguage":"nb-NO","@id":"https:\/\/boutique-one-piece.com\/#\/schema\/logo\/image\/","url":"https:\/\/boutique-one-piece.com\/wp-content\/uploads\/2022\/09\/Logo-01.png","contentUrl":"https:\/\/boutique-one-piece.com\/wp-content\/uploads\/2022\/09\/Logo-01.png","width":2318,"height":957,"caption":"Boutique One Piece"},"image":{"@id":"https:\/\/boutique-one-piece.com\/#\/schema\/logo\/image\/"}}]}},"_links":{"self":[{"href":"https:\/\/boutique-one-piece.com\/nb\/wp-json\/wp\/v2\/product\/8204","targetHints":{"allow":["GET"]}}],"collection":[{"href":"https:\/\/boutique-one-piece.com\/nb\/wp-json\/wp\/v2\/product"}],"about":[{"href":"https:\/\/boutique-one-piece.com\/nb\/wp-json\/wp\/v2\/types\/product"}],"replies":[{"embeddable":true,"href":"https:\/\/boutique-one-piece.com\/nb\/wp-json\/wp\/v2\/comments?post=8204"}],"wp:featuredmedia":[{"embeddable":true,"href":"https:\/\/boutique-one-piece.com\/nb\/wp-json\/wp\/v2\/media\/8206"}],"wp:attachment":[{"href":"https:\/\/boutique-one-piece.com\/nb\/wp-json\/wp\/v2\/media?parent=8204"}],"wp:term":[{"taxonomy":"product_brand","embeddable":true,"href":"https:\/\/boutique-one-piece.com\/nb\/wp-json\/wp\/v2\/product_brand?post=8204"},{"taxonomy":"product_cat","embeddable":true,"href":"https:\/\/boutique-one-piece.com\/nb\/wp-json\/wp\/v2\/product_cat?post=8204"},{"taxonomy":"product_tag","embeddable":true,"href":"https:\/\/boutique-one-piece.com\/nb\/wp-json\/wp\/v2\/product_tag?post=8204"}],"curies":[{"name":"wp","href":"https:\/\/api.w.org\/{rel}","templated":true}]}}