{"id":8312,"date":"2022-09-27T18:54:00","date_gmt":"2022-09-27T18:54:00","guid":{"rendered":"https:\/\/boutique-one-piece.com\/uncategorized\/figurine-one-piece-dead-or-alive-brook-et-sa-guitare\/"},"modified":"2026-04-21T08:22:29","modified_gmt":"2026-04-21T08:22:29","slug":"one-piece-dead-or-alive-figur-brook-og-gitaren-hans","status":"publish","type":"product","link":"https:\/\/boutique-one-piece.com\/nb\/one-piece-godbiter\/brook-one-piece-godbiter\/one-piece-dead-or-alive-figur-brook-og-gitaren-hans\/","title":{"rendered":"One Piece Dead or Alive Brook og gitaren hans-figur"},"content":{"rendered":"<h2>Unge pirat, tiden er inne for at du skal skaffe deg denne One Piece Dead or Alive Brook and His Guitar-figuren.<\/h2>\n<p>Du er uten tvil klar over at Brook, med kallenavnet <strong>Brook the Humming<\/strong> Han er musikeren og den andre sverdmannen (etter Zoro) i Straw Hat-mannskapet. Han er et levende skjelett de m\u00f8tte om bord p\u00e5 et sp\u00f8kelsesskip etter \u00e5 ha funnet en mystisk t\u00f8nne som var drivende p\u00e5 havet.<\/p>\n<p>Han bruker ogs\u00e5 Devil Fruit; han har kreftene til <strong>Oppstandelsens frukt<\/strong>. Dette er en ud\u00f8d vesen som blir brakt tilbake til livet i en tilstand av pseudo-ud\u00f8delighet takket v\u00e6re kreftene til denne frukten, selv om denne frukten ikke er \u00e5rsaken til hans n\u00e5v\u00e6rende utseende.<\/p>\n<p>Han er det niende medlemmet av Straw Hat-gjengen og det \u00e5ttende som blir med i Luffys gjeng. Brook er musikeren Luffy har \u00f8nsket seg siden starten av eventyrene sine. Hans n\u00e5v\u00e6rende dus\u00f8r er <strong>83 000 000 b\u00e6r<\/strong>. Dessuten, <a title=\"ONE PIECE DEAD OR ALIVE ZORO NY VERDENSFIGUR\" href=\"https:\/\/boutique-one-piece.com\/nb\/one-piece-dead-or-alive-zoro-new-world-figur\/\" target=\"_blank\" rel=\"noopener\">Zoro-figur \u00abD\u00f8d eller levende\u00bb<\/a> er innen rekkevidde.<\/p>\n<h3>S\u00e5, er du fascinert av Brook the Humming-figuren? I s\u00e5 fall, ikke vent lenger og bli med ham om bord p\u00e5 Thousand Sunny. Mange eventyr venter p\u00e5 deg.<\/h3>\n<p><strong>Ung pirat<\/strong>, Se ikke lenger etter den mest verdifulle skatten etter One Piece; den er rett her. Kom og oppdag disse mytiske gjenstandene som vil transportere deg tilbake til din favoritt anime-serie. Disse gjenstandene er perfekte for gave, dekorasjon eller samlerobjekter. S\u00e5 ikke n\u00f8l lenger og opplev mange eventyr sammen med ... <strong>Luffy<\/strong> og mannskapet hans.<\/p>\n<h2>Informasjon om Dead or Alive Brook-figuren og gitaren hans&nbsp;<\/h2>\n<ul>\n<li><span><b><u>One Piece-figur<\/u><\/b>&nbsp;Premium One Piece-figur for ekte pirater<\/span><\/li>\n<\/ul>\n<ul>\n<li>\n<b>Materie<\/b><span>&nbsp;<\/span>PVC<\/li>\n<\/ul>\n<ul>\n<li><span><strong>Dimensjon<\/strong>&nbsp;: 13 cm<\/span><\/li>\n<\/ul>\n<ul>\n<li><span><strong>GRATIS LEVERING<\/strong><\/span><\/li>\n<\/ul>","protected":false},"excerpt":{"rendered":"<p>Jeune pirate, le moment est venu pour toi de te procurer cette Figurine One Piece Dead or Alive Brook Et Sa Guitare. Tu n&rsquo;es pas sans savoir que Brook, surnomm\u00e9 Brook le fredonneur est le musicien ainsi que le second \u00e9p\u00e9iste (apr\u00e8s Zoro) de L&rsquo;\u00c9quipage du Chapeau de Paille. C&rsquo;est un squelette vivant qu&rsquo;ils ont [&hellip;]<\/p>","protected":false},"featured_media":18453,"comment_status":"open","ping_status":"open","template":"","meta":[],"product_brand":[],"product_cat":[156,76,157],"product_tag":[158],"class_list":{"0":"post-8312","1":"product","2":"type-product","3":"status-publish","4":"has-post-thumbnail","6":"product_cat-figurines-brook","7":"product_cat-figurines-one-piece","8":"product_cat-goodies-brook-one-piece","9":"product_tag-brook","11":"first","12":"outofstock","13":"purchasable","14":"product-type-simple"},"yoast_head":"<!-- This site is optimized with the Yoast SEO plugin v27.5 - https:\/\/yoast.com\/product\/yoast-seo-wordpress\/ -->\n<title>Figurine One Piece Dead or Alive Brook Et Sa Guitare | Figurine One Piece \u2013 Boutique One Piece<\/title>\n<meta name=\"description\" content=\"Jeune pirate, le moment est venu pour toi de te procurer cette Figurine One Piece Dead or Alive Brook Et Sa Guitare. Tu n&#039;es pas sans savoir que Brook, surnomm\u00e9 Brook le fredonneur est le musicien ainsi que le second \u00e9p\u00e9iste (apr\u00e8s Zoro) de L&#039;\u00c9quipage du Chapeau de Paille. C&#039;est un squelette vivant qu&#039;ils ont rencontr\u00e9\" \/>\n<meta name=\"robots\" content=\"index, follow, max-snippet:-1, max-image-preview:large, max-video-preview:-1\" \/>\n<link rel=\"canonical\" href=\"https:\/\/boutique-one-piece.com\/nb\/one-piece-godbiter\/brook-one-piece-godbiter\/one-piece-dead-or-alive-figur-brook-og-gitaren-hans\/\" \/>\n<meta property=\"og:locale\" content=\"nb_NO\" \/>\n<meta property=\"og:type\" content=\"article\" \/>\n<meta property=\"og:title\" content=\"Figurine One Piece Dead or Alive Brook Et Sa Guitare | Figurine One Piece \u2013 Boutique One Piece\" \/>\n<meta property=\"og:description\" content=\"Jeune pirate, le moment est venu pour toi de te procurer cette Figurine One Piece Dead or Alive Brook Et Sa Guitare. Tu n&#039;es pas sans savoir que Brook, surnomm\u00e9 Brook le fredonneur est le musicien ainsi que le second \u00e9p\u00e9iste (apr\u00e8s Zoro) de L&#039;\u00c9quipage du Chapeau de Paille. C&#039;est un squelette vivant qu&#039;ils ont rencontr\u00e9\" \/>\n<meta property=\"og:url\" content=\"https:\/\/boutique-one-piece.com\/nb\/one-piece-godbiter\/brook-one-piece-godbiter\/one-piece-dead-or-alive-figur-brook-og-gitaren-hans\/\" \/>\n<meta property=\"og:site_name\" content=\"Boutique One Piece\" \/>\n<meta property=\"article:modified_time\" content=\"2026-04-21T08:22:29+00:00\" \/>\n<meta property=\"og:image\" content=\"https:\/\/boutique-one-piece.com\/wp-content\/uploads\/2022\/09\/figurine-one-piece-dead-or-alive-brook-et-sa-guitare-15022031175716_20aa4772-bed8-4ec1-82cc-7f0e80e6e0c6.jpg\" \/>\n\t<meta property=\"og:image:width\" content=\"640\" \/>\n\t<meta property=\"og:image:height\" content=\"640\" \/>\n\t<meta property=\"og:image:type\" content=\"image\/jpeg\" \/>\n<meta name=\"twitter:card\" content=\"summary_large_image\" \/>\n<meta name=\"twitter:label1\" content=\"Ansl. lesetid\" \/>\n\t<meta name=\"twitter:data1\" content=\"2 minutter\" \/>\n<script type=\"application\/ld+json\" class=\"yoast-schema-graph\">{\"@context\":\"https:\\\/\\\/schema.org\",\"@graph\":[{\"@type\":\"WebPage\",\"@id\":\"https:\\\/\\\/boutique-one-piece.com\\\/goodies-one-piece\\\/goodies-brook-one-piece\\\/figurine-one-piece-dead-or-alive-brook-et-sa-guitare\\\/\",\"url\":\"https:\\\/\\\/boutique-one-piece.com\\\/goodies-one-piece\\\/goodies-brook-one-piece\\\/figurine-one-piece-dead-or-alive-brook-et-sa-guitare\\\/\",\"name\":\"Figurine One Piece Dead or Alive Brook Et Sa Guitare | Figurine One Piece \u2013 Boutique One Piece\",\"isPartOf\":{\"@id\":\"https:\\\/\\\/boutique-one-piece.com\\\/#website\"},\"primaryImageOfPage\":{\"@id\":\"https:\\\/\\\/boutique-one-piece.com\\\/goodies-one-piece\\\/goodies-brook-one-piece\\\/figurine-one-piece-dead-or-alive-brook-et-sa-guitare\\\/#primaryimage\"},\"image\":{\"@id\":\"https:\\\/\\\/boutique-one-piece.com\\\/goodies-one-piece\\\/goodies-brook-one-piece\\\/figurine-one-piece-dead-or-alive-brook-et-sa-guitare\\\/#primaryimage\"},\"thumbnailUrl\":\"https:\\\/\\\/boutique-one-piece.com\\\/wp-content\\\/uploads\\\/2022\\\/09\\\/figurine-one-piece-dead-or-alive-brook-et-sa-guitare-15022031175716_20aa4772-bed8-4ec1-82cc-7f0e80e6e0c6.jpg\",\"datePublished\":\"2022-09-27T18:54:00+00:00\",\"dateModified\":\"2026-04-21T08:22:29+00:00\",\"description\":\"Jeune pirate, le moment est venu pour toi de te procurer cette Figurine One Piece Dead or Alive Brook Et Sa Guitare. Tu n'es pas sans savoir que Brook, surnomm\u00e9 Brook le fredonneur est le musicien ainsi que le second \u00e9p\u00e9iste (apr\u00e8s Zoro) de L'\u00c9quipage du Chapeau de Paille. C'est un squelette vivant qu'ils ont rencontr\u00e9\",\"breadcrumb\":{\"@id\":\"https:\\\/\\\/boutique-one-piece.com\\\/goodies-one-piece\\\/goodies-brook-one-piece\\\/figurine-one-piece-dead-or-alive-brook-et-sa-guitare\\\/#breadcrumb\"},\"inLanguage\":\"nb-NO\",\"potentialAction\":[{\"@type\":\"ReadAction\",\"target\":[\"https:\\\/\\\/boutique-one-piece.com\\\/goodies-one-piece\\\/goodies-brook-one-piece\\\/figurine-one-piece-dead-or-alive-brook-et-sa-guitare\\\/\"]}]},{\"@type\":\"ImageObject\",\"inLanguage\":\"nb-NO\",\"@id\":\"https:\\\/\\\/boutique-one-piece.com\\\/goodies-one-piece\\\/goodies-brook-one-piece\\\/figurine-one-piece-dead-or-alive-brook-et-sa-guitare\\\/#primaryimage\",\"url\":\"https:\\\/\\\/boutique-one-piece.com\\\/wp-content\\\/uploads\\\/2022\\\/09\\\/figurine-one-piece-dead-or-alive-brook-et-sa-guitare-15022031175716_20aa4772-bed8-4ec1-82cc-7f0e80e6e0c6.jpg\",\"contentUrl\":\"https:\\\/\\\/boutique-one-piece.com\\\/wp-content\\\/uploads\\\/2022\\\/09\\\/figurine-one-piece-dead-or-alive-brook-et-sa-guitare-15022031175716_20aa4772-bed8-4ec1-82cc-7f0e80e6e0c6.jpg\",\"width\":640,\"height\":640},{\"@type\":\"BreadcrumbList\",\"@id\":\"https:\\\/\\\/boutique-one-piece.com\\\/goodies-one-piece\\\/goodies-brook-one-piece\\\/figurine-one-piece-dead-or-alive-brook-et-sa-guitare\\\/#breadcrumb\",\"itemListElement\":[{\"@type\":\"ListItem\",\"position\":1,\"name\":\"Home\",\"item\":\"https:\\\/\\\/boutique-one-piece.com\\\/\"},{\"@type\":\"ListItem\",\"position\":2,\"name\":\"Shop\",\"item\":\"https:\\\/\\\/boutique-one-piece.com\\\/shop\\\/\"},{\"@type\":\"ListItem\",\"position\":3,\"name\":\"Figurine One Piece Dead or Alive Brook Et Sa Guitare\"}]},{\"@type\":\"WebSite\",\"@id\":\"https:\\\/\\\/boutique-one-piece.com\\\/#website\",\"url\":\"https:\\\/\\\/boutique-one-piece.com\\\/\",\"name\":\"Boutique One Piece\",\"description\":\"Magasin Sp\u00e9cialis\u00e9 du Manga et l&#039;Anime One Piece\",\"publisher\":{\"@id\":\"https:\\\/\\\/boutique-one-piece.com\\\/#organization\"},\"potentialAction\":[{\"@type\":\"SearchAction\",\"target\":{\"@type\":\"EntryPoint\",\"urlTemplate\":\"https:\\\/\\\/boutique-one-piece.com\\\/?s={search_term_string}\"},\"query-input\":{\"@type\":\"PropertyValueSpecification\",\"valueRequired\":true,\"valueName\":\"search_term_string\"}}],\"inLanguage\":\"nb-NO\"},{\"@type\":\"Organization\",\"@id\":\"https:\\\/\\\/boutique-one-piece.com\\\/#organization\",\"name\":\"Boutique One Piece\",\"url\":\"https:\\\/\\\/boutique-one-piece.com\\\/\",\"logo\":{\"@type\":\"ImageObject\",\"inLanguage\":\"nb-NO\",\"@id\":\"https:\\\/\\\/boutique-one-piece.com\\\/#\\\/schema\\\/logo\\\/image\\\/\",\"url\":\"https:\\\/\\\/boutique-one-piece.com\\\/wp-content\\\/uploads\\\/2022\\\/09\\\/Logo-01.png\",\"contentUrl\":\"https:\\\/\\\/boutique-one-piece.com\\\/wp-content\\\/uploads\\\/2022\\\/09\\\/Logo-01.png\",\"width\":2318,\"height\":957,\"caption\":\"Boutique One Piece\"},\"image\":{\"@id\":\"https:\\\/\\\/boutique-one-piece.com\\\/#\\\/schema\\\/logo\\\/image\\\/\"}}]}<\/script>\n<!-- \/ Yoast SEO plugin. -->","yoast_head_json":{"title":"One Piece Dead or Alive Brook og gitaren hans-figur | One Piece-figur \u2013 One Piece-butikk","description":"Unge pirat, tiden er inne for at du skal f\u00e5 tak i denne One Piece Dead or Alive Brook and His Guitar-figuren. Du vet sikkert at Brook, med kallenavnet Humming Brook, er musikeren og den andre sverdmannen (etter Zoro) i Straw Hat-gjengen. Han er et levende skjelett de m\u00f8tte.","robots":{"index":"index","follow":"follow","max-snippet":"max-snippet:-1","max-image-preview":"max-image-preview:large","max-video-preview":"max-video-preview:-1"},"canonical":"https:\/\/boutique-one-piece.com\/nb\/one-piece-godbiter\/brook-one-piece-godbiter\/one-piece-dead-or-alive-figur-brook-og-gitaren-hans\/","og_locale":"nb_NO","og_type":"article","og_title":"Figurine One Piece Dead or Alive Brook Et Sa Guitare | Figurine One Piece \u2013 Boutique One Piece","og_description":"Jeune pirate, le moment est venu pour toi de te procurer cette Figurine One Piece Dead or Alive Brook Et Sa Guitare. Tu n'es pas sans savoir que Brook, surnomm\u00e9 Brook le fredonneur est le musicien ainsi que le second \u00e9p\u00e9iste (apr\u00e8s Zoro) de L'\u00c9quipage du Chapeau de Paille. C'est un squelette vivant qu'ils ont rencontr\u00e9","og_url":"https:\/\/boutique-one-piece.com\/nb\/one-piece-godbiter\/brook-one-piece-godbiter\/one-piece-dead-or-alive-figur-brook-og-gitaren-hans\/","og_site_name":"Boutique One Piece","article_modified_time":"2026-04-21T08:22:29+00:00","og_image":[{"width":640,"height":640,"url":"https:\/\/boutique-one-piece.com\/wp-content\/uploads\/2022\/09\/figurine-one-piece-dead-or-alive-brook-et-sa-guitare-15022031175716_20aa4772-bed8-4ec1-82cc-7f0e80e6e0c6.jpg","type":"image\/jpeg"}],"twitter_card":"summary_large_image","twitter_misc":{"Ansl. lesetid":"2 minutter"},"schema":{"@context":"https:\/\/schema.org","@graph":[{"@type":"WebPage","@id":"https:\/\/boutique-one-piece.com\/goodies-one-piece\/goodies-brook-one-piece\/figurine-one-piece-dead-or-alive-brook-et-sa-guitare\/","url":"https:\/\/boutique-one-piece.com\/goodies-one-piece\/goodies-brook-one-piece\/figurine-one-piece-dead-or-alive-brook-et-sa-guitare\/","name":"One Piece Dead or Alive Brook og gitaren hans-figur | One Piece-figur \u2013 One Piece-butikk","isPartOf":{"@id":"https:\/\/boutique-one-piece.com\/#website"},"primaryImageOfPage":{"@id":"https:\/\/boutique-one-piece.com\/goodies-one-piece\/goodies-brook-one-piece\/figurine-one-piece-dead-or-alive-brook-et-sa-guitare\/#primaryimage"},"image":{"@id":"https:\/\/boutique-one-piece.com\/goodies-one-piece\/goodies-brook-one-piece\/figurine-one-piece-dead-or-alive-brook-et-sa-guitare\/#primaryimage"},"thumbnailUrl":"https:\/\/boutique-one-piece.com\/wp-content\/uploads\/2022\/09\/figurine-one-piece-dead-or-alive-brook-et-sa-guitare-15022031175716_20aa4772-bed8-4ec1-82cc-7f0e80e6e0c6.jpg","datePublished":"2022-09-27T18:54:00+00:00","dateModified":"2026-04-21T08:22:29+00:00","description":"Unge pirat, tiden er inne for at du skal f\u00e5 tak i denne One Piece Dead or Alive Brook and His Guitar-figuren. Du vet sikkert at Brook, med kallenavnet Humming Brook, er musikeren og den andre sverdmannen (etter Zoro) i Straw Hat-gjengen. Han er et levende skjelett de m\u00f8tte.","breadcrumb":{"@id":"https:\/\/boutique-one-piece.com\/goodies-one-piece\/goodies-brook-one-piece\/figurine-one-piece-dead-or-alive-brook-et-sa-guitare\/#breadcrumb"},"inLanguage":"nb-NO","potentialAction":[{"@type":"ReadAction","target":["https:\/\/boutique-one-piece.com\/goodies-one-piece\/goodies-brook-one-piece\/figurine-one-piece-dead-or-alive-brook-et-sa-guitare\/"]}]},{"@type":"ImageObject","inLanguage":"nb-NO","@id":"https:\/\/boutique-one-piece.com\/goodies-one-piece\/goodies-brook-one-piece\/figurine-one-piece-dead-or-alive-brook-et-sa-guitare\/#primaryimage","url":"https:\/\/boutique-one-piece.com\/wp-content\/uploads\/2022\/09\/figurine-one-piece-dead-or-alive-brook-et-sa-guitare-15022031175716_20aa4772-bed8-4ec1-82cc-7f0e80e6e0c6.jpg","contentUrl":"https:\/\/boutique-one-piece.com\/wp-content\/uploads\/2022\/09\/figurine-one-piece-dead-or-alive-brook-et-sa-guitare-15022031175716_20aa4772-bed8-4ec1-82cc-7f0e80e6e0c6.jpg","width":640,"height":640},{"@type":"BreadcrumbList","@id":"https:\/\/boutique-one-piece.com\/goodies-one-piece\/goodies-brook-one-piece\/figurine-one-piece-dead-or-alive-brook-et-sa-guitare\/#breadcrumb","itemListElement":[{"@type":"ListItem","position":1,"name":"Home","item":"https:\/\/boutique-one-piece.com\/"},{"@type":"ListItem","position":2,"name":"Shop","item":"https:\/\/boutique-one-piece.com\/shop\/"},{"@type":"ListItem","position":3,"name":"Figurine One Piece Dead or Alive Brook Et Sa Guitare"}]},{"@type":"WebSite","@id":"https:\/\/boutique-one-piece.com\/#website","url":"https:\/\/boutique-one-piece.com\/","name":"One Piece-butikk","description":"Spesialbutikk for One Piece Manga og Anime","publisher":{"@id":"https:\/\/boutique-one-piece.com\/#organization"},"potentialAction":[{"@type":"SearchAction","target":{"@type":"EntryPoint","urlTemplate":"https:\/\/boutique-one-piece.com\/?s={search_term_string}"},"query-input":{"@type":"PropertyValueSpecification","valueRequired":true,"valueName":"search_term_string"}}],"inLanguage":"nb-NO"},{"@type":"Organization","@id":"https:\/\/boutique-one-piece.com\/#organization","name":"One Piece-butikk","url":"https:\/\/boutique-one-piece.com\/","logo":{"@type":"ImageObject","inLanguage":"nb-NO","@id":"https:\/\/boutique-one-piece.com\/#\/schema\/logo\/image\/","url":"https:\/\/boutique-one-piece.com\/wp-content\/uploads\/2022\/09\/Logo-01.png","contentUrl":"https:\/\/boutique-one-piece.com\/wp-content\/uploads\/2022\/09\/Logo-01.png","width":2318,"height":957,"caption":"Boutique One Piece"},"image":{"@id":"https:\/\/boutique-one-piece.com\/#\/schema\/logo\/image\/"}}]}},"_links":{"self":[{"href":"https:\/\/boutique-one-piece.com\/nb\/wp-json\/wp\/v2\/product\/8312","targetHints":{"allow":["GET"]}}],"collection":[{"href":"https:\/\/boutique-one-piece.com\/nb\/wp-json\/wp\/v2\/product"}],"about":[{"href":"https:\/\/boutique-one-piece.com\/nb\/wp-json\/wp\/v2\/types\/product"}],"replies":[{"embeddable":true,"href":"https:\/\/boutique-one-piece.com\/nb\/wp-json\/wp\/v2\/comments?post=8312"}],"wp:featuredmedia":[{"embeddable":true,"href":"https:\/\/boutique-one-piece.com\/nb\/wp-json\/wp\/v2\/media\/18453"}],"wp:attachment":[{"href":"https:\/\/boutique-one-piece.com\/nb\/wp-json\/wp\/v2\/media?parent=8312"}],"wp:term":[{"taxonomy":"product_brand","embeddable":true,"href":"https:\/\/boutique-one-piece.com\/nb\/wp-json\/wp\/v2\/product_brand?post=8312"},{"taxonomy":"product_cat","embeddable":true,"href":"https:\/\/boutique-one-piece.com\/nb\/wp-json\/wp\/v2\/product_cat?post=8312"},{"taxonomy":"product_tag","embeddable":true,"href":"https:\/\/boutique-one-piece.com\/nb\/wp-json\/wp\/v2\/product_tag?post=8312"}],"curies":[{"name":"wp","href":"https:\/\/api.w.org\/{rel}","templated":true}]}}