{"id":8318,"date":"2022-09-27T18:54:00","date_gmt":"2022-09-27T18:54:00","guid":{"rendered":"https:\/\/boutique-one-piece.com\/uncategorized\/figurine-one-piece-zoro-roronoa-technique-a-3-sabres\/"},"modified":"2024-09-16T11:16:13","modified_gmt":"2024-09-16T11:16:13","slug":"one-piece-figur-zoro-roronoa-teknikk-med-3-sabler","status":"publish","type":"product","link":"https:\/\/boutique-one-piece.com\/nb\/one-piece-godbiter\/roronoa-zoro-godbiter-i-ett-stykke\/one-piece-figur-zoro-roronoa-teknikk-med-3-sabler\/","title":{"rendered":"One Piece Zoro Roronoa Tre-sverd-stilfigur"},"content":{"rendered":"<h2>Unge pirat, tiden er inne for deg \u00e5 skaffe deg denne One Piece Zoro Roronoa 3-sverdteknikk-figuren.<\/h2>\n<p>Her er hva du trenger \u00e5 vite om ham; ; <strong>Roronoa Zoro<\/strong> Han var det f\u00f8rste medlemmet som ble med i Straw Hat Crew. Han er ogs\u00e5 den f\u00f8rste og viktigste sverdmannen. Hans ambisjon er \u00e5 bli <strong>den beste sverdmannen<\/strong> til verden, og han har ogs\u00e5 vist en jernvilje for \u00e5 oppn\u00e5 det.<\/p>\n<p>Han er en mesterlig sverdmann som kan bruke flere kampstiler, hvorav den mest karakteristiske er antallet sverd han bruker. Kampferdighetene hans er slike at han noen ganger gir de utenfor mannskapet inntrykk av at han er den virkelige kapteinen. Faktisk, hvis du er spesielt glad i denne karakteren, <a title=\"ETT STK ZORO HAKI V\u00c5PNINGSFIGUR\" href=\"https:\/\/boutique-one-piece.com\/nb\/one-piece-%20zoro-haki-de-larmement\/\" target=\"_blank\" rel=\"noopener\">Zoro Haki figur av bev\u00e6pning<\/a> er innen rekkevidde.<\/p>\n<h3>S\u00e5, er du fascinert av denne figuren av en ber\u00f8mt sverdmann? I s\u00e5 fall, ikke n\u00f8l lenger og kjemp sammen med ham. Mange eventyr venter deg.<\/h3>\n<p><strong>Ett stykke<\/strong> er verdens mestselgende manga. V\u00e6r stolt av \u00e5 v\u00e6re en del av eventyret og fortsett \u00e5 uttrykke din lidenskap for dette universet. Disse gjenstandene er perfekte for gave, samling eller dekorasjon. Ikke vent lenger!<strong> ung pirat<\/strong>, Ta skjebnen i egne hender og g\u00e5 om bord p\u00e5 Thousand Sunny.<\/p>\n<h2>Informasjon om Zoro Roronoa-figur med tre sverd\u00a0<\/h2>\n<ul>\n<li><span><b><u>One Piece-figur<\/u><\/b>\u00a0Premium One Piece-figur for ekte pirater<\/span><\/li>\n<\/ul>\n<ul>\n<li>\n<b>Materie<\/b><span>\u00a0<\/span>PVC<\/li>\n<\/ul>\n<ul>\n<li><span><strong>Dimensjon<\/strong>\u00a0: 20 cm<\/span><\/li>\n<\/ul>\n<ul>\n<li><span><strong>GRATIS LEVERING<\/strong><\/span><\/li>\n<\/ul>","protected":false},"excerpt":{"rendered":"<p>Jeune pirate, le moment est venu pour toi d&rsquo;acqu\u00e9rir cette Figurine One Piece Zoro Roronoa Technique \u00e0 3 Sabres. Voici ce que tu dois savoir \u00e0 son sujet ; Roronoa Zoro fut le premier membre \u00e0 rejoindre l&rsquo;\u00c9quipage du Chapeau de Paille. Il en est d&rsquo;ailleurs le premier et principal \u00e9p\u00e9iste. Son ambition est de [&hellip;]<\/p>","protected":false},"featured_media":8320,"comment_status":"open","ping_status":"open","template":"","meta":[],"product_brand":[],"product_cat":[76,162,151],"product_tag":[113],"class_list":{"0":"post-8318","1":"product","2":"type-product","3":"status-publish","4":"has-post-thumbnail","6":"product_cat-figurines-one-piece","7":"product_cat-figurines-roronoa-zoro","8":"product_cat-goodies-roronoa-zoro-one-piece","9":"product_tag-zoro","11":"first","12":"instock","13":"purchasable","14":"product-type-simple"},"yoast_head":"<!-- This site is optimized with the Yoast SEO plugin v27.5 - https:\/\/yoast.com\/product\/yoast-seo-wordpress\/ -->\n<title>Figurine One Piece Zoro Roronoa Technique \u00e0 3 Sabres | Figurine One Piece \u2013 Boutique One Piece<\/title>\n<meta name=\"description\" content=\"Jeune pirate, le moment est venu pour toi d&#039;acqu\u00e9rir cette Figurine One Piece Zoro Roronoa Technique \u00e0 3 Sabres. Voici ce que tu dois savoir \u00e0 son sujet ; Roronoa Zoro fut le premier membre \u00e0 rejoindre l&#039;\u00c9quipage du Chapeau de Paille. Il en est d&#039;ailleurs le premier et principal \u00e9p\u00e9iste. Son ambition est de devenir le\" \/>\n<meta name=\"robots\" content=\"index, follow, max-snippet:-1, max-image-preview:large, max-video-preview:-1\" \/>\n<link rel=\"canonical\" href=\"https:\/\/boutique-one-piece.com\/nb\/one-piece-figurer-2\/roronoa-zoro-figurer\/one-piece-figur-zoro-roronoa-teknikk-med-3-sabler\/\" \/>\n<meta property=\"og:locale\" content=\"nb_NO\" \/>\n<meta property=\"og:type\" content=\"article\" \/>\n<meta property=\"og:title\" content=\"Figurine One Piece Zoro Roronoa Technique \u00e0 3 Sabres | Figurine One Piece \u2013 Boutique One Piece\" \/>\n<meta property=\"og:description\" content=\"Jeune pirate, le moment est venu pour toi d&#039;acqu\u00e9rir cette Figurine One Piece Zoro Roronoa Technique \u00e0 3 Sabres. Voici ce que tu dois savoir \u00e0 son sujet ; Roronoa Zoro fut le premier membre \u00e0 rejoindre l&#039;\u00c9quipage du Chapeau de Paille. Il en est d&#039;ailleurs le premier et principal \u00e9p\u00e9iste. Son ambition est de devenir le\" \/>\n<meta property=\"og:url\" content=\"https:\/\/boutique-one-piece.com\/nb\/one-piece-figurer-2\/roronoa-zoro-figurer\/one-piece-figur-zoro-roronoa-teknikk-med-3-sabler\/\" \/>\n<meta property=\"og:site_name\" content=\"Boutique One Piece\" \/>\n<meta property=\"article:modified_time\" content=\"2024-09-16T11:16:13+00:00\" \/>\n<meta property=\"og:image\" content=\"https:\/\/boutique-one-piece.com\/wp-content\/uploads\/2022\/09\/Figurine-One-Piece-Zoro-Roronoa-Technique-a-3-Sabres-1.jpg\" \/>\n\t<meta property=\"og:image:width\" content=\"960\" \/>\n\t<meta property=\"og:image:height\" content=\"960\" \/>\n\t<meta property=\"og:image:type\" content=\"image\/jpeg\" \/>\n<meta name=\"twitter:card\" content=\"summary_large_image\" \/>\n<meta name=\"twitter:label1\" content=\"Ansl. lesetid\" \/>\n\t<meta name=\"twitter:data1\" content=\"1 minutt\" \/>\n<script type=\"application\/ld+json\" class=\"yoast-schema-graph\">{\"@context\":\"https:\\\/\\\/schema.org\",\"@graph\":[{\"@type\":\"WebPage\",\"@id\":\"https:\\\/\\\/boutique-one-piece.com\\\/figurines-one-piece\\\/figurines-roronoa-zoro\\\/figurine-one-piece-zoro-roronoa-technique-a-3-sabres\\\/\",\"url\":\"https:\\\/\\\/boutique-one-piece.com\\\/figurines-one-piece\\\/figurines-roronoa-zoro\\\/figurine-one-piece-zoro-roronoa-technique-a-3-sabres\\\/\",\"name\":\"Figurine One Piece Zoro Roronoa Technique \u00e0 3 Sabres | Figurine One Piece \u2013 Boutique One Piece\",\"isPartOf\":{\"@id\":\"https:\\\/\\\/boutique-one-piece.com\\\/#website\"},\"primaryImageOfPage\":{\"@id\":\"https:\\\/\\\/boutique-one-piece.com\\\/figurines-one-piece\\\/figurines-roronoa-zoro\\\/figurine-one-piece-zoro-roronoa-technique-a-3-sabres\\\/#primaryimage\"},\"image\":{\"@id\":\"https:\\\/\\\/boutique-one-piece.com\\\/figurines-one-piece\\\/figurines-roronoa-zoro\\\/figurine-one-piece-zoro-roronoa-technique-a-3-sabres\\\/#primaryimage\"},\"thumbnailUrl\":\"https:\\\/\\\/boutique-one-piece.com\\\/wp-content\\\/uploads\\\/2022\\\/09\\\/Figurine-One-Piece-Zoro-Roronoa-Technique-a-3-Sabres-1.jpg\",\"datePublished\":\"2022-09-27T18:54:00+00:00\",\"dateModified\":\"2024-09-16T11:16:13+00:00\",\"description\":\"Jeune pirate, le moment est venu pour toi d'acqu\u00e9rir cette Figurine One Piece Zoro Roronoa Technique \u00e0 3 Sabres. Voici ce que tu dois savoir \u00e0 son sujet ; Roronoa Zoro fut le premier membre \u00e0 rejoindre l'\u00c9quipage du Chapeau de Paille. Il en est d'ailleurs le premier et principal \u00e9p\u00e9iste. Son ambition est de devenir le\",\"breadcrumb\":{\"@id\":\"https:\\\/\\\/boutique-one-piece.com\\\/figurines-one-piece\\\/figurines-roronoa-zoro\\\/figurine-one-piece-zoro-roronoa-technique-a-3-sabres\\\/#breadcrumb\"},\"inLanguage\":\"nb-NO\",\"potentialAction\":[{\"@type\":\"ReadAction\",\"target\":[\"https:\\\/\\\/boutique-one-piece.com\\\/figurines-one-piece\\\/figurines-roronoa-zoro\\\/figurine-one-piece-zoro-roronoa-technique-a-3-sabres\\\/\"]}]},{\"@type\":\"ImageObject\",\"inLanguage\":\"nb-NO\",\"@id\":\"https:\\\/\\\/boutique-one-piece.com\\\/figurines-one-piece\\\/figurines-roronoa-zoro\\\/figurine-one-piece-zoro-roronoa-technique-a-3-sabres\\\/#primaryimage\",\"url\":\"https:\\\/\\\/boutique-one-piece.com\\\/wp-content\\\/uploads\\\/2022\\\/09\\\/Figurine-One-Piece-Zoro-Roronoa-Technique-a-3-Sabres-1.jpg\",\"contentUrl\":\"https:\\\/\\\/boutique-one-piece.com\\\/wp-content\\\/uploads\\\/2022\\\/09\\\/Figurine-One-Piece-Zoro-Roronoa-Technique-a-3-Sabres-1.jpg\",\"width\":960,\"height\":960},{\"@type\":\"BreadcrumbList\",\"@id\":\"https:\\\/\\\/boutique-one-piece.com\\\/figurines-one-piece\\\/figurines-roronoa-zoro\\\/figurine-one-piece-zoro-roronoa-technique-a-3-sabres\\\/#breadcrumb\",\"itemListElement\":[{\"@type\":\"ListItem\",\"position\":1,\"name\":\"Home\",\"item\":\"https:\\\/\\\/boutique-one-piece.com\\\/\"},{\"@type\":\"ListItem\",\"position\":2,\"name\":\"Shop\",\"item\":\"https:\\\/\\\/boutique-one-piece.com\\\/shop\\\/\"},{\"@type\":\"ListItem\",\"position\":3,\"name\":\"Figurine One Piece Zoro Roronoa Technique \u00e0 3 Sabres\"}]},{\"@type\":\"WebSite\",\"@id\":\"https:\\\/\\\/boutique-one-piece.com\\\/#website\",\"url\":\"https:\\\/\\\/boutique-one-piece.com\\\/\",\"name\":\"Boutique One Piece\",\"description\":\"Magasin Sp\u00e9cialis\u00e9 du Manga et l&#039;Anime One Piece\",\"publisher\":{\"@id\":\"https:\\\/\\\/boutique-one-piece.com\\\/#organization\"},\"potentialAction\":[{\"@type\":\"SearchAction\",\"target\":{\"@type\":\"EntryPoint\",\"urlTemplate\":\"https:\\\/\\\/boutique-one-piece.com\\\/?s={search_term_string}\"},\"query-input\":{\"@type\":\"PropertyValueSpecification\",\"valueRequired\":true,\"valueName\":\"search_term_string\"}}],\"inLanguage\":\"nb-NO\"},{\"@type\":\"Organization\",\"@id\":\"https:\\\/\\\/boutique-one-piece.com\\\/#organization\",\"name\":\"Boutique One Piece\",\"url\":\"https:\\\/\\\/boutique-one-piece.com\\\/\",\"logo\":{\"@type\":\"ImageObject\",\"inLanguage\":\"nb-NO\",\"@id\":\"https:\\\/\\\/boutique-one-piece.com\\\/#\\\/schema\\\/logo\\\/image\\\/\",\"url\":\"https:\\\/\\\/boutique-one-piece.com\\\/wp-content\\\/uploads\\\/2022\\\/09\\\/Logo-01.png\",\"contentUrl\":\"https:\\\/\\\/boutique-one-piece.com\\\/wp-content\\\/uploads\\\/2022\\\/09\\\/Logo-01.png\",\"width\":2318,\"height\":957,\"caption\":\"Boutique One Piece\"},\"image\":{\"@id\":\"https:\\\/\\\/boutique-one-piece.com\\\/#\\\/schema\\\/logo\\\/image\\\/\"}}]}<\/script>\n<!-- \/ Yoast SEO plugin. -->","yoast_head_json":{"title":"One Piece Zoro Roronoa 3-sverdteknikkfigur | One Piece-figur \u2013 One Piece-butikk","description":"Unge pirat, tiden er inne for at du skal skaffe deg denne One Piece Zoro Roronoa Three-Sword Technique-figuren. Her er hva du trenger \u00e5 vite om ham: Roronoa Zoro var det f\u00f8rste medlemmet som ble med i Straw Hat-mannskapet. Han er ogs\u00e5 den f\u00f8rste og viktigste sverdmannen. Hans ambisjon er \u00e5 bli den","robots":{"index":"index","follow":"follow","max-snippet":"max-snippet:-1","max-image-preview":"max-image-preview:large","max-video-preview":"max-video-preview:-1"},"canonical":"https:\/\/boutique-one-piece.com\/nb\/one-piece-figurer-2\/roronoa-zoro-figurer\/one-piece-figur-zoro-roronoa-teknikk-med-3-sabler\/","og_locale":"nb_NO","og_type":"article","og_title":"Figurine One Piece Zoro Roronoa Technique \u00e0 3 Sabres | Figurine One Piece \u2013 Boutique One Piece","og_description":"Jeune pirate, le moment est venu pour toi d'acqu\u00e9rir cette Figurine One Piece Zoro Roronoa Technique \u00e0 3 Sabres. Voici ce que tu dois savoir \u00e0 son sujet ; Roronoa Zoro fut le premier membre \u00e0 rejoindre l'\u00c9quipage du Chapeau de Paille. Il en est d'ailleurs le premier et principal \u00e9p\u00e9iste. Son ambition est de devenir le","og_url":"https:\/\/boutique-one-piece.com\/nb\/one-piece-figurer-2\/roronoa-zoro-figurer\/one-piece-figur-zoro-roronoa-teknikk-med-3-sabler\/","og_site_name":"Boutique One Piece","article_modified_time":"2024-09-16T11:16:13+00:00","og_image":[{"width":960,"height":960,"url":"https:\/\/boutique-one-piece.com\/wp-content\/uploads\/2022\/09\/Figurine-One-Piece-Zoro-Roronoa-Technique-a-3-Sabres-1.jpg","type":"image\/jpeg"}],"twitter_card":"summary_large_image","twitter_misc":{"Ansl. lesetid":"1 minutt"},"schema":{"@context":"https:\/\/schema.org","@graph":[{"@type":"WebPage","@id":"https:\/\/boutique-one-piece.com\/figurines-one-piece\/figurines-roronoa-zoro\/figurine-one-piece-zoro-roronoa-technique-a-3-sabres\/","url":"https:\/\/boutique-one-piece.com\/figurines-one-piece\/figurines-roronoa-zoro\/figurine-one-piece-zoro-roronoa-technique-a-3-sabres\/","name":"One Piece Zoro Roronoa 3-sverdteknikkfigur | One Piece-figur \u2013 One Piece-butikk","isPartOf":{"@id":"https:\/\/boutique-one-piece.com\/#website"},"primaryImageOfPage":{"@id":"https:\/\/boutique-one-piece.com\/figurines-one-piece\/figurines-roronoa-zoro\/figurine-one-piece-zoro-roronoa-technique-a-3-sabres\/#primaryimage"},"image":{"@id":"https:\/\/boutique-one-piece.com\/figurines-one-piece\/figurines-roronoa-zoro\/figurine-one-piece-zoro-roronoa-technique-a-3-sabres\/#primaryimage"},"thumbnailUrl":"https:\/\/boutique-one-piece.com\/wp-content\/uploads\/2022\/09\/Figurine-One-Piece-Zoro-Roronoa-Technique-a-3-Sabres-1.jpg","datePublished":"2022-09-27T18:54:00+00:00","dateModified":"2024-09-16T11:16:13+00:00","description":"Unge pirat, tiden er inne for at du skal skaffe deg denne One Piece Zoro Roronoa Three-Sword Technique-figuren. Her er hva du trenger \u00e5 vite om ham: Roronoa Zoro var det f\u00f8rste medlemmet som ble med i Straw Hat-mannskapet. Han er ogs\u00e5 den f\u00f8rste og viktigste sverdmannen. Hans ambisjon er \u00e5 bli den","breadcrumb":{"@id":"https:\/\/boutique-one-piece.com\/figurines-one-piece\/figurines-roronoa-zoro\/figurine-one-piece-zoro-roronoa-technique-a-3-sabres\/#breadcrumb"},"inLanguage":"nb-NO","potentialAction":[{"@type":"ReadAction","target":["https:\/\/boutique-one-piece.com\/figurines-one-piece\/figurines-roronoa-zoro\/figurine-one-piece-zoro-roronoa-technique-a-3-sabres\/"]}]},{"@type":"ImageObject","inLanguage":"nb-NO","@id":"https:\/\/boutique-one-piece.com\/figurines-one-piece\/figurines-roronoa-zoro\/figurine-one-piece-zoro-roronoa-technique-a-3-sabres\/#primaryimage","url":"https:\/\/boutique-one-piece.com\/wp-content\/uploads\/2022\/09\/Figurine-One-Piece-Zoro-Roronoa-Technique-a-3-Sabres-1.jpg","contentUrl":"https:\/\/boutique-one-piece.com\/wp-content\/uploads\/2022\/09\/Figurine-One-Piece-Zoro-Roronoa-Technique-a-3-Sabres-1.jpg","width":960,"height":960},{"@type":"BreadcrumbList","@id":"https:\/\/boutique-one-piece.com\/figurines-one-piece\/figurines-roronoa-zoro\/figurine-one-piece-zoro-roronoa-technique-a-3-sabres\/#breadcrumb","itemListElement":[{"@type":"ListItem","position":1,"name":"Home","item":"https:\/\/boutique-one-piece.com\/"},{"@type":"ListItem","position":2,"name":"Shop","item":"https:\/\/boutique-one-piece.com\/shop\/"},{"@type":"ListItem","position":3,"name":"Figurine One Piece Zoro Roronoa Technique \u00e0 3 Sabres"}]},{"@type":"WebSite","@id":"https:\/\/boutique-one-piece.com\/#website","url":"https:\/\/boutique-one-piece.com\/","name":"One Piece-butikk","description":"Spesialbutikk for One Piece Manga og Anime","publisher":{"@id":"https:\/\/boutique-one-piece.com\/#organization"},"potentialAction":[{"@type":"SearchAction","target":{"@type":"EntryPoint","urlTemplate":"https:\/\/boutique-one-piece.com\/?s={search_term_string}"},"query-input":{"@type":"PropertyValueSpecification","valueRequired":true,"valueName":"search_term_string"}}],"inLanguage":"nb-NO"},{"@type":"Organization","@id":"https:\/\/boutique-one-piece.com\/#organization","name":"One Piece-butikk","url":"https:\/\/boutique-one-piece.com\/","logo":{"@type":"ImageObject","inLanguage":"nb-NO","@id":"https:\/\/boutique-one-piece.com\/#\/schema\/logo\/image\/","url":"https:\/\/boutique-one-piece.com\/wp-content\/uploads\/2022\/09\/Logo-01.png","contentUrl":"https:\/\/boutique-one-piece.com\/wp-content\/uploads\/2022\/09\/Logo-01.png","width":2318,"height":957,"caption":"Boutique One Piece"},"image":{"@id":"https:\/\/boutique-one-piece.com\/#\/schema\/logo\/image\/"}}]}},"_links":{"self":[{"href":"https:\/\/boutique-one-piece.com\/nb\/wp-json\/wp\/v2\/product\/8318","targetHints":{"allow":["GET"]}}],"collection":[{"href":"https:\/\/boutique-one-piece.com\/nb\/wp-json\/wp\/v2\/product"}],"about":[{"href":"https:\/\/boutique-one-piece.com\/nb\/wp-json\/wp\/v2\/types\/product"}],"replies":[{"embeddable":true,"href":"https:\/\/boutique-one-piece.com\/nb\/wp-json\/wp\/v2\/comments?post=8318"}],"wp:featuredmedia":[{"embeddable":true,"href":"https:\/\/boutique-one-piece.com\/nb\/wp-json\/wp\/v2\/media\/8320"}],"wp:attachment":[{"href":"https:\/\/boutique-one-piece.com\/nb\/wp-json\/wp\/v2\/media?parent=8318"}],"wp:term":[{"taxonomy":"product_brand","embeddable":true,"href":"https:\/\/boutique-one-piece.com\/nb\/wp-json\/wp\/v2\/product_brand?post=8318"},{"taxonomy":"product_cat","embeddable":true,"href":"https:\/\/boutique-one-piece.com\/nb\/wp-json\/wp\/v2\/product_cat?post=8318"},{"taxonomy":"product_tag","embeddable":true,"href":"https:\/\/boutique-one-piece.com\/nb\/wp-json\/wp\/v2\/product_tag?post=8318"}],"curies":[{"name":"wp","href":"https:\/\/api.w.org\/{rel}","templated":true}]}}