{"id":8359,"date":"2022-09-27T18:54:22","date_gmt":"2022-09-27T18:54:22","guid":{"rendered":"https:\/\/boutique-one-piece.com\/uncategorized\/figurine-one-piece-sexy-cowboy-nami\/"},"modified":"2024-09-16T11:17:13","modified_gmt":"2024-09-16T11:17:13","slug":"one-piece-figur-sexy-cowboy-nami","status":"publish","type":"product","link":"https:\/\/boutique-one-piece.com\/nb\/one-piece-godbiter\/nami-one-piece-godbiter\/one-piece-figur-sexy-cowboy-nami\/","title":{"rendered":"One Piece Sexy Cowboy Nami-figur"},"content":{"rendered":"<h2>Unge pirat, tiden er inne for at du skal skaffe deg denne One Piece Sexy Cowboy Nami-figuren.<\/h2>\n<p>Kom og m\u00f8t <strong>Nami<\/strong>, utkledd som en cowboy. Her er hva du trenger \u00e5 vite om henne; Nami, ogs\u00e5 kjent som \u00abKattetyven\u00bb, er den<strong> navigat\u00f8ren til mannskapet<\/strong> av Str\u00e5hatten. Hun er den andre personen som blir med i mannskapet etter Zoro. Hun &quot;forr\u00e5dte&quot; kortvarig Str\u00e5hatte-mannskapet under Baratie-buen og ble offisielt med dem p\u00e5 slutten av Arlong-buen etter at fortiden og intensjonene hennes ble avsl\u00f8rt.<\/p>\n<p>Dr\u00f8mmen hans er \u00e5 tegne et komplett verdenskart. Hans n\u00e5v\u00e6rende dus\u00f8r er 66 000 000 b\u00e6r. Forresten, hvis du \u00f8nsker \u00e5 utvide figursamlingen din, <a title=\"ONE PIECE LUFFY COWBOY-FIGUR\" href=\"https:\/\/boutique-one-piece.com\/nb\/one-piece-luffy-cowboy-figur\/\" target=\"_blank\" rel=\"noopener\">Luffy-figur utkledd som en cowboy<\/a> er innen rekkevidde.<\/p>\n<h3>S\u00e5, er du fascinert av figuren av den vakre Nami? I s\u00e5 fall, ikke n\u00f8l med \u00e5 gripe muligheten til \u00e5 bli med i gjengen p\u00e5 \u00abMugiwara no Luffy\u00bb.<\/h3>\n<p><strong>Ett stykke<\/strong> er verdens mestselgende manga. V\u00e6r stolt av \u00e5 v\u00e6re en del av dette eventyret og fortsett \u00e5 vise din entusiasme for denne animeen. Disse gjenstandene er perfekte for gave, dekorasjon eller samling. S\u00e5 hva venter du p\u00e5? Grip muligheten til \u00e5 bli pirat ved siden av. <strong>Luffy<\/strong> og mannskapet hans.<\/p>\n<h2>Informasjon om den sexy cowboy-figuren Nami\u00a0<\/h2>\n<ul>\n<li><span><b><u>One Piece-figur<\/u><\/b>\u00a0Premium One Piece-figur for ekte pirater<\/span><\/li>\n<\/ul>\n<ul>\n<li>\n<b>Materie<\/b><span>\u00a0<\/span>PVC<\/li>\n<\/ul>\n<ul>\n<li><span><strong>Dimensjon<\/strong>\u00a0: 19 cm<\/span><\/li>\n<\/ul>\n<ul>\n<li><span><strong>GRATIS LEVERING<\/strong><\/span><\/li>\n<\/ul>","protected":false},"excerpt":{"rendered":"<p>Jeune pirate, le moment est venu pour toi de te procurer cette Figurine One Piece Sexy Cowboy Nami. Viens donc faire la rencontre de Nami, habill\u00e9e en Cowboy. Voici ce que tu dois savoir \u00e0 son sujet ; Nami, alias \u00ab\u00a0La Chatte Voleuse\u00a0\u00bb est la navigatrice de L&rsquo;\u00c9quipage du Chapeau de Paille. Elle est la [&hellip;]<\/p>","protected":false},"featured_media":8361,"comment_status":"open","ping_status":"open","template":"","meta":[],"product_brand":[],"product_cat":[152,76,153],"product_tag":[154],"class_list":{"0":"post-8359","1":"product","2":"type-product","3":"status-publish","4":"has-post-thumbnail","6":"product_cat-figurines-nami","7":"product_cat-figurines-one-piece","8":"product_cat-goodies-nami-one-piece","9":"product_tag-nami","11":"first","12":"instock","13":"purchasable","14":"product-type-simple"},"yoast_head":"<!-- This site is optimized with the Yoast SEO plugin v27.5 - https:\/\/yoast.com\/product\/yoast-seo-wordpress\/ -->\n<title>Figurine One Piece Sexy Cowboy Nami | Figurine One Piece \u2013 Boutique One Piece<\/title>\n<meta name=\"description\" content=\"Jeune pirate, le moment est venu pour toi de te procurer cette Figurine One Piece Sexy Cowboy Nami. Viens donc faire la rencontre de Nami, habill\u00e9e en Cowboy. Voici ce que tu dois savoir \u00e0 son sujet ; Nami, alias &quot;La Chatte Voleuse&quot; est la navigatrice de L&#039;\u00c9quipage du Chapeau de Paille. Elle est la deuxi\u00e8me personne \u00e0\" \/>\n<meta name=\"robots\" content=\"index, follow, max-snippet:-1, max-image-preview:large, max-video-preview:-1\" \/>\n<link rel=\"canonical\" href=\"https:\/\/boutique-one-piece.com\/nb\/one-piece-godbiter\/nami-one-piece-godbiter\/one-piece-figur-sexy-cowboy-nami\/\" \/>\n<meta property=\"og:locale\" content=\"nb_NO\" \/>\n<meta property=\"og:type\" content=\"article\" \/>\n<meta property=\"og:title\" content=\"Figurine One Piece Sexy Cowboy Nami | Figurine One Piece \u2013 Boutique One Piece\" \/>\n<meta property=\"og:description\" content=\"Jeune pirate, le moment est venu pour toi de te procurer cette Figurine One Piece Sexy Cowboy Nami. Viens donc faire la rencontre de Nami, habill\u00e9e en Cowboy. Voici ce que tu dois savoir \u00e0 son sujet ; Nami, alias &quot;La Chatte Voleuse&quot; est la navigatrice de L&#039;\u00c9quipage du Chapeau de Paille. Elle est la deuxi\u00e8me personne \u00e0\" \/>\n<meta property=\"og:url\" content=\"https:\/\/boutique-one-piece.com\/nb\/one-piece-godbiter\/nami-one-piece-godbiter\/one-piece-figur-sexy-cowboy-nami\/\" \/>\n<meta property=\"og:site_name\" content=\"Boutique One Piece\" \/>\n<meta property=\"article:modified_time\" content=\"2024-09-16T11:17:13+00:00\" \/>\n<meta property=\"og:image\" content=\"https:\/\/boutique-one-piece.com\/wp-content\/uploads\/2022\/09\/Figurine-One-Piece-Sexy-Cowboy-Nami.jpg\" \/>\n\t<meta property=\"og:image:width\" content=\"640\" \/>\n\t<meta property=\"og:image:height\" content=\"640\" \/>\n\t<meta property=\"og:image:type\" content=\"image\/jpeg\" \/>\n<meta name=\"twitter:card\" content=\"summary_large_image\" \/>\n<meta name=\"twitter:label1\" content=\"Ansl. lesetid\" \/>\n\t<meta name=\"twitter:data1\" content=\"2 minutter\" \/>\n<script type=\"application\/ld+json\" class=\"yoast-schema-graph\">{\"@context\":\"https:\\\/\\\/schema.org\",\"@graph\":[{\"@type\":\"WebPage\",\"@id\":\"https:\\\/\\\/boutique-one-piece.com\\\/goodies-one-piece\\\/goodies-nami-one-piece\\\/figurine-one-piece-sexy-cowboy-nami\\\/\",\"url\":\"https:\\\/\\\/boutique-one-piece.com\\\/goodies-one-piece\\\/goodies-nami-one-piece\\\/figurine-one-piece-sexy-cowboy-nami\\\/\",\"name\":\"Figurine One Piece Sexy Cowboy Nami | Figurine One Piece \u2013 Boutique One Piece\",\"isPartOf\":{\"@id\":\"https:\\\/\\\/boutique-one-piece.com\\\/#website\"},\"primaryImageOfPage\":{\"@id\":\"https:\\\/\\\/boutique-one-piece.com\\\/goodies-one-piece\\\/goodies-nami-one-piece\\\/figurine-one-piece-sexy-cowboy-nami\\\/#primaryimage\"},\"image\":{\"@id\":\"https:\\\/\\\/boutique-one-piece.com\\\/goodies-one-piece\\\/goodies-nami-one-piece\\\/figurine-one-piece-sexy-cowboy-nami\\\/#primaryimage\"},\"thumbnailUrl\":\"https:\\\/\\\/boutique-one-piece.com\\\/wp-content\\\/uploads\\\/2022\\\/09\\\/Figurine-One-Piece-Sexy-Cowboy-Nami.jpg\",\"datePublished\":\"2022-09-27T18:54:22+00:00\",\"dateModified\":\"2024-09-16T11:17:13+00:00\",\"description\":\"Jeune pirate, le moment est venu pour toi de te procurer cette Figurine One Piece Sexy Cowboy Nami. Viens donc faire la rencontre de Nami, habill\u00e9e en Cowboy. Voici ce que tu dois savoir \u00e0 son sujet ; Nami, alias \\\"La Chatte Voleuse\\\" est la navigatrice de L'\u00c9quipage du Chapeau de Paille. Elle est la deuxi\u00e8me personne \u00e0\",\"breadcrumb\":{\"@id\":\"https:\\\/\\\/boutique-one-piece.com\\\/goodies-one-piece\\\/goodies-nami-one-piece\\\/figurine-one-piece-sexy-cowboy-nami\\\/#breadcrumb\"},\"inLanguage\":\"nb-NO\",\"potentialAction\":[{\"@type\":\"ReadAction\",\"target\":[\"https:\\\/\\\/boutique-one-piece.com\\\/goodies-one-piece\\\/goodies-nami-one-piece\\\/figurine-one-piece-sexy-cowboy-nami\\\/\"]}]},{\"@type\":\"ImageObject\",\"inLanguage\":\"nb-NO\",\"@id\":\"https:\\\/\\\/boutique-one-piece.com\\\/goodies-one-piece\\\/goodies-nami-one-piece\\\/figurine-one-piece-sexy-cowboy-nami\\\/#primaryimage\",\"url\":\"https:\\\/\\\/boutique-one-piece.com\\\/wp-content\\\/uploads\\\/2022\\\/09\\\/Figurine-One-Piece-Sexy-Cowboy-Nami.jpg\",\"contentUrl\":\"https:\\\/\\\/boutique-one-piece.com\\\/wp-content\\\/uploads\\\/2022\\\/09\\\/Figurine-One-Piece-Sexy-Cowboy-Nami.jpg\",\"width\":640,\"height\":640,\"caption\":\"Figurine One Piece Sexy Cowboy NamiDefault Title\"},{\"@type\":\"BreadcrumbList\",\"@id\":\"https:\\\/\\\/boutique-one-piece.com\\\/goodies-one-piece\\\/goodies-nami-one-piece\\\/figurine-one-piece-sexy-cowboy-nami\\\/#breadcrumb\",\"itemListElement\":[{\"@type\":\"ListItem\",\"position\":1,\"name\":\"Home\",\"item\":\"https:\\\/\\\/boutique-one-piece.com\\\/\"},{\"@type\":\"ListItem\",\"position\":2,\"name\":\"Shop\",\"item\":\"https:\\\/\\\/boutique-one-piece.com\\\/shop\\\/\"},{\"@type\":\"ListItem\",\"position\":3,\"name\":\"Figurine One Piece Sexy Cowboy Nami\"}]},{\"@type\":\"WebSite\",\"@id\":\"https:\\\/\\\/boutique-one-piece.com\\\/#website\",\"url\":\"https:\\\/\\\/boutique-one-piece.com\\\/\",\"name\":\"Boutique One Piece\",\"description\":\"Magasin Sp\u00e9cialis\u00e9 du Manga et l&#039;Anime One Piece\",\"publisher\":{\"@id\":\"https:\\\/\\\/boutique-one-piece.com\\\/#organization\"},\"potentialAction\":[{\"@type\":\"SearchAction\",\"target\":{\"@type\":\"EntryPoint\",\"urlTemplate\":\"https:\\\/\\\/boutique-one-piece.com\\\/?s={search_term_string}\"},\"query-input\":{\"@type\":\"PropertyValueSpecification\",\"valueRequired\":true,\"valueName\":\"search_term_string\"}}],\"inLanguage\":\"nb-NO\"},{\"@type\":\"Organization\",\"@id\":\"https:\\\/\\\/boutique-one-piece.com\\\/#organization\",\"name\":\"Boutique One Piece\",\"url\":\"https:\\\/\\\/boutique-one-piece.com\\\/\",\"logo\":{\"@type\":\"ImageObject\",\"inLanguage\":\"nb-NO\",\"@id\":\"https:\\\/\\\/boutique-one-piece.com\\\/#\\\/schema\\\/logo\\\/image\\\/\",\"url\":\"https:\\\/\\\/boutique-one-piece.com\\\/wp-content\\\/uploads\\\/2022\\\/09\\\/Logo-01.png\",\"contentUrl\":\"https:\\\/\\\/boutique-one-piece.com\\\/wp-content\\\/uploads\\\/2022\\\/09\\\/Logo-01.png\",\"width\":2318,\"height\":957,\"caption\":\"Boutique One Piece\"},\"image\":{\"@id\":\"https:\\\/\\\/boutique-one-piece.com\\\/#\\\/schema\\\/logo\\\/image\\\/\"}}]}<\/script>\n<!-- \/ Yoast SEO plugin. -->","yoast_head_json":{"title":"One Piece Sexy Cowboy Nami-figur | One Piece-figur \u2013 One Piece-butikk","description":"Unge pirat, tiden er inne for at du skal f\u00e5 tak i denne One Piece Sexy Cowboy Nami-figuren. Kom og m\u00f8t Nami, utkledd som en cowboy. Her er hva du trenger \u00e5 vite om henne: Nami, ogs\u00e5 kjent som \"Katten Innbruddstyven\", er navigat\u00f8ren i str\u00e5hattmannskapet. Hun er den andre personen som ...","robots":{"index":"index","follow":"follow","max-snippet":"max-snippet:-1","max-image-preview":"max-image-preview:large","max-video-preview":"max-video-preview:-1"},"canonical":"https:\/\/boutique-one-piece.com\/nb\/one-piece-godbiter\/nami-one-piece-godbiter\/one-piece-figur-sexy-cowboy-nami\/","og_locale":"nb_NO","og_type":"article","og_title":"Figurine One Piece Sexy Cowboy Nami | Figurine One Piece \u2013 Boutique One Piece","og_description":"Jeune pirate, le moment est venu pour toi de te procurer cette Figurine One Piece Sexy Cowboy Nami. Viens donc faire la rencontre de Nami, habill\u00e9e en Cowboy. Voici ce que tu dois savoir \u00e0 son sujet ; Nami, alias \"La Chatte Voleuse\" est la navigatrice de L'\u00c9quipage du Chapeau de Paille. Elle est la deuxi\u00e8me personne \u00e0","og_url":"https:\/\/boutique-one-piece.com\/nb\/one-piece-godbiter\/nami-one-piece-godbiter\/one-piece-figur-sexy-cowboy-nami\/","og_site_name":"Boutique One Piece","article_modified_time":"2024-09-16T11:17:13+00:00","og_image":[{"width":640,"height":640,"url":"https:\/\/boutique-one-piece.com\/wp-content\/uploads\/2022\/09\/Figurine-One-Piece-Sexy-Cowboy-Nami.jpg","type":"image\/jpeg"}],"twitter_card":"summary_large_image","twitter_misc":{"Ansl. lesetid":"2 minutter"},"schema":{"@context":"https:\/\/schema.org","@graph":[{"@type":"WebPage","@id":"https:\/\/boutique-one-piece.com\/goodies-one-piece\/goodies-nami-one-piece\/figurine-one-piece-sexy-cowboy-nami\/","url":"https:\/\/boutique-one-piece.com\/goodies-one-piece\/goodies-nami-one-piece\/figurine-one-piece-sexy-cowboy-nami\/","name":"One Piece Sexy Cowboy Nami-figur | One Piece-figur \u2013 One Piece-butikk","isPartOf":{"@id":"https:\/\/boutique-one-piece.com\/#website"},"primaryImageOfPage":{"@id":"https:\/\/boutique-one-piece.com\/goodies-one-piece\/goodies-nami-one-piece\/figurine-one-piece-sexy-cowboy-nami\/#primaryimage"},"image":{"@id":"https:\/\/boutique-one-piece.com\/goodies-one-piece\/goodies-nami-one-piece\/figurine-one-piece-sexy-cowboy-nami\/#primaryimage"},"thumbnailUrl":"https:\/\/boutique-one-piece.com\/wp-content\/uploads\/2022\/09\/Figurine-One-Piece-Sexy-Cowboy-Nami.jpg","datePublished":"2022-09-27T18:54:22+00:00","dateModified":"2024-09-16T11:17:13+00:00","description":"Unge pirat, tiden er inne for at du skal f\u00e5 tak i denne One Piece Sexy Cowboy Nami-figuren. Kom og m\u00f8t Nami, utkledd som en cowboy. Her er hva du trenger \u00e5 vite om henne: Nami, ogs\u00e5 kjent som \"Katten Innbruddstyven\", er navigat\u00f8ren i str\u00e5hattmannskapet. Hun er den andre personen som ...","breadcrumb":{"@id":"https:\/\/boutique-one-piece.com\/goodies-one-piece\/goodies-nami-one-piece\/figurine-one-piece-sexy-cowboy-nami\/#breadcrumb"},"inLanguage":"nb-NO","potentialAction":[{"@type":"ReadAction","target":["https:\/\/boutique-one-piece.com\/goodies-one-piece\/goodies-nami-one-piece\/figurine-one-piece-sexy-cowboy-nami\/"]}]},{"@type":"ImageObject","inLanguage":"nb-NO","@id":"https:\/\/boutique-one-piece.com\/goodies-one-piece\/goodies-nami-one-piece\/figurine-one-piece-sexy-cowboy-nami\/#primaryimage","url":"https:\/\/boutique-one-piece.com\/wp-content\/uploads\/2022\/09\/Figurine-One-Piece-Sexy-Cowboy-Nami.jpg","contentUrl":"https:\/\/boutique-one-piece.com\/wp-content\/uploads\/2022\/09\/Figurine-One-Piece-Sexy-Cowboy-Nami.jpg","width":640,"height":640,"caption":"Figurine One Piece Sexy Cowboy NamiDefault Title"},{"@type":"BreadcrumbList","@id":"https:\/\/boutique-one-piece.com\/goodies-one-piece\/goodies-nami-one-piece\/figurine-one-piece-sexy-cowboy-nami\/#breadcrumb","itemListElement":[{"@type":"ListItem","position":1,"name":"Home","item":"https:\/\/boutique-one-piece.com\/"},{"@type":"ListItem","position":2,"name":"Shop","item":"https:\/\/boutique-one-piece.com\/shop\/"},{"@type":"ListItem","position":3,"name":"Figurine One Piece Sexy Cowboy Nami"}]},{"@type":"WebSite","@id":"https:\/\/boutique-one-piece.com\/#website","url":"https:\/\/boutique-one-piece.com\/","name":"One Piece-butikk","description":"Spesialbutikk for One Piece Manga og Anime","publisher":{"@id":"https:\/\/boutique-one-piece.com\/#organization"},"potentialAction":[{"@type":"SearchAction","target":{"@type":"EntryPoint","urlTemplate":"https:\/\/boutique-one-piece.com\/?s={search_term_string}"},"query-input":{"@type":"PropertyValueSpecification","valueRequired":true,"valueName":"search_term_string"}}],"inLanguage":"nb-NO"},{"@type":"Organization","@id":"https:\/\/boutique-one-piece.com\/#organization","name":"One Piece-butikk","url":"https:\/\/boutique-one-piece.com\/","logo":{"@type":"ImageObject","inLanguage":"nb-NO","@id":"https:\/\/boutique-one-piece.com\/#\/schema\/logo\/image\/","url":"https:\/\/boutique-one-piece.com\/wp-content\/uploads\/2022\/09\/Logo-01.png","contentUrl":"https:\/\/boutique-one-piece.com\/wp-content\/uploads\/2022\/09\/Logo-01.png","width":2318,"height":957,"caption":"Boutique One Piece"},"image":{"@id":"https:\/\/boutique-one-piece.com\/#\/schema\/logo\/image\/"}}]}},"_links":{"self":[{"href":"https:\/\/boutique-one-piece.com\/nb\/wp-json\/wp\/v2\/product\/8359","targetHints":{"allow":["GET"]}}],"collection":[{"href":"https:\/\/boutique-one-piece.com\/nb\/wp-json\/wp\/v2\/product"}],"about":[{"href":"https:\/\/boutique-one-piece.com\/nb\/wp-json\/wp\/v2\/types\/product"}],"replies":[{"embeddable":true,"href":"https:\/\/boutique-one-piece.com\/nb\/wp-json\/wp\/v2\/comments?post=8359"}],"wp:featuredmedia":[{"embeddable":true,"href":"https:\/\/boutique-one-piece.com\/nb\/wp-json\/wp\/v2\/media\/8361"}],"wp:attachment":[{"href":"https:\/\/boutique-one-piece.com\/nb\/wp-json\/wp\/v2\/media?parent=8359"}],"wp:term":[{"taxonomy":"product_brand","embeddable":true,"href":"https:\/\/boutique-one-piece.com\/nb\/wp-json\/wp\/v2\/product_brand?post=8359"},{"taxonomy":"product_cat","embeddable":true,"href":"https:\/\/boutique-one-piece.com\/nb\/wp-json\/wp\/v2\/product_cat?post=8359"},{"taxonomy":"product_tag","embeddable":true,"href":"https:\/\/boutique-one-piece.com\/nb\/wp-json\/wp\/v2\/product_tag?post=8359"}],"curies":[{"name":"wp","href":"https:\/\/api.w.org\/{rel}","templated":true}]}}