{"id":8568,"date":"2022-09-27T20:13:41","date_gmt":"2022-09-27T20:13:41","guid":{"rendered":"https:\/\/boutique-one-piece.com\/uncategorized\/avis-de-recherche-one-piece-sabo-wanted\/"},"modified":"2024-09-16T11:21:44","modified_gmt":"2024-09-16T11:21:44","slug":"one-piece-onsket-plakat-sabo-onsket","status":"publish","type":"product","link":"https:\/\/boutique-one-piece.com\/nb\/one-piece-dekorasjoner\/one-piece-onsket-plakat-sabo-onsket\/","title":{"rendered":"Sabo \u00f8nsket varsel"},"content":{"rendered":"<h2>Hvis du liker pirater i n\u00e6rheten av Luffy, b\u00f8r du vurdere \u00e5 dekorere rommet ditt med denne Sabo Wanted-plakaten.<\/h2>\n<p>Sabo er en pirat i Monkey D. Dragons mannskap; han er <strong>den andre av de revolusjon\u00e6re<\/strong>. Sabo er ogs\u00e5 <strong>Luffys bror<\/strong>, med Ace. Han antas d\u00f8d, fordi Sabo ble skutt av en himmelsk drage i l\u00f8pet av de tre br\u00f8drenes barndom, og skipet han var p\u00e5 kan sees brennende.<\/p>\n<p>Etter denne hendelsen mister han hukommelsen og husker bare minnene sine n\u00e5r han leser nyhetene der han f\u00e5r vite om Aces d\u00f8d, med Luffy til stede under slaget ved Marineford.<\/p>\n<h3>Unn deg denne etterlysningsplakaten av Luffys bror.<\/h3>\n<p>Sabo dukker opp igjen som voksen for f\u00f8rste gang etter tiden. <strong>Dressrosa<\/strong>, hvor Luffy sliter med \u00e5 gjenkjenne henne, og s\u00e5 gr\u00e5ter han n\u00e5r han innser at broren hans fortsatt er i live. Han spiser den Devil Fruit Ace hadde, <strong>Mera Mera no mi<\/strong> som Doflamingo hadde satt p\u00e5 spill under Dressrosa-lekene. Deretter st\u00e5r han stand i kamp mot Issho, en marineadmiral.<\/p>\n<p>Dus\u00f8ren p\u00e5 Sabos hode er 602 millioner b\u00e6r.<\/p>\n<p>Dette <a href=\"https:\/\/boutique-one-piece.com\/nb\/onsket-varsel-ett-stykke-marshall-d-teach-onsket\/\" target=\"_blank\" title=\"Marshall D. Teach \u00f8nskes\" rel=\"noopener noreferrer\">Svartskjegg \u00f8nsket plakat<\/a> Dette kan ogs\u00e5 interessere deg.<\/p>\n<h2>Informasjon om One Piece Wanted-plakaten: Sabo the Revolutionary<\/h2>\n<ul>\n<li><span><b><u>One Piece Wanted-plakat<\/u><\/b>\u00a0En ekte One Piece-plakat for ekte pirater<\/span><\/li>\n<\/ul>\n<ul>\n<li>\n<b><u>Sabos Prime<\/u><\/b>\u00a0602 000 000 b\u00e6r<\/li>\n<\/ul>\n<ul>\n<li><span><strong>Utskrift av h\u00f8y kvalitet<\/strong>\u00a0n\u00f8yaktige farger<\/span><\/li>\n<\/ul>\n<ul>\n<li>\n<strong>Dimensjon<\/strong>\u00a0: 51 cm x 36 cm<\/li>\n<\/ul>\n<ul>\n<li><span><strong>GRATIS LEVERING<\/strong><\/span><\/li>\n<\/ul>","protected":false},"excerpt":{"rendered":"<p>Hvis du er en fan av pirater som st\u00e5r Luffy n\u00e6r, b\u00f8r du vurdere \u00e5 dekorere rommet ditt med denne Sabo Wanted-plakaten. Sabo er en pirat i Monkey D. Dragons mannskap, og han er nestkommanderende for revolusjon\u00e6rene. Sabo er ogs\u00e5 Luffys bror, sammen med Ace. Han antas \u00e5 v\u00e6re d\u00f8d fordi i l\u00f8pet av de tre br\u00f8drenes barndom, [\u2026]<\/p>","protected":false},"featured_media":8570,"comment_status":"open","ping_status":"open","template":"","meta":[],"product_brand":[],"product_cat":[171,150],"product_tag":[],"class_list":{"0":"post-8568","1":"product","2":"type-product","3":"status-publish","4":"has-post-thumbnail","6":"product_cat-avis-de-recherche-one-piece","7":"product_cat-decorations-one-piece","9":"first","10":"instock","11":"purchasable","12":"product-type-simple"},"yoast_head":"<!-- This site is optimized with the Yoast SEO plugin v27.4 - https:\/\/yoast.com\/product\/yoast-seo-wordpress\/ -->\n<title>Avis de Recherche One Piece Sabo Wanted | D\u00e9coration One Piece \u2013 Boutique One Piece<\/title>\n<meta name=\"description\" content=\"Si tu appr\u00e9cies les pirates proches de Luffy, pense \u00e0 d\u00e9corer ta chambre avec cet Avis de Recherche Sabo Wanted. Sabo est un pirate dans l&#039;\u00e9quipage de Monkey D. Dragon, il est le second des r\u00e9volutionnaires. Sabo est aussi le fr\u00e8re de Luffy, avec Ace. Il est pr\u00e9sum\u00e9 mort, car durant l&#039;enfance des trois fr\u00e8res, Sabo se\" \/>\n<meta name=\"robots\" content=\"index, follow, max-snippet:-1, max-image-preview:large, max-video-preview:-1\" \/>\n<link rel=\"canonical\" href=\"https:\/\/boutique-one-piece.com\/nb\/one-piece-onsket-plakat\/one-piece-onsket-plakat-sabo-onsket\/\" \/>\n<meta property=\"og:locale\" content=\"nb_NO\" \/>\n<meta property=\"og:type\" content=\"article\" \/>\n<meta property=\"og:title\" content=\"Avis de Recherche One Piece Sabo Wanted | D\u00e9coration One Piece \u2013 Boutique One Piece\" \/>\n<meta property=\"og:description\" content=\"Si tu appr\u00e9cies les pirates proches de Luffy, pense \u00e0 d\u00e9corer ta chambre avec cet Avis de Recherche Sabo Wanted. Sabo est un pirate dans l&#039;\u00e9quipage de Monkey D. Dragon, il est le second des r\u00e9volutionnaires. Sabo est aussi le fr\u00e8re de Luffy, avec Ace. Il est pr\u00e9sum\u00e9 mort, car durant l&#039;enfance des trois fr\u00e8res, Sabo se\" \/>\n<meta property=\"og:url\" content=\"https:\/\/boutique-one-piece.com\/nb\/one-piece-onsket-plakat\/one-piece-onsket-plakat-sabo-onsket\/\" \/>\n<meta property=\"og:site_name\" content=\"Boutique One Piece\" \/>\n<meta property=\"article:modified_time\" content=\"2024-09-16T11:21:44+00:00\" \/>\n<meta property=\"og:image\" content=\"https:\/\/boutique-one-piece.com\/wp-content\/uploads\/2022\/09\/Avis-de-Recherche-Sabo-Wanted-1.jpg\" \/>\n\t<meta property=\"og:image:width\" content=\"798\" \/>\n\t<meta property=\"og:image:height\" content=\"797\" \/>\n\t<meta property=\"og:image:type\" content=\"image\/jpeg\" \/>\n<meta name=\"twitter:card\" content=\"summary_large_image\" \/>\n<meta name=\"twitter:label1\" content=\"Ansl. lesetid\" \/>\n\t<meta name=\"twitter:data1\" content=\"1 minutt\" \/>\n<script type=\"application\/ld+json\" class=\"yoast-schema-graph\">{\"@context\":\"https:\\\/\\\/schema.org\",\"@graph\":[{\"@type\":\"WebPage\",\"@id\":\"https:\\\/\\\/boutique-one-piece.com\\\/avis-de-recherche-one-piece\\\/avis-de-recherche-one-piece-sabo-wanted\\\/\",\"url\":\"https:\\\/\\\/boutique-one-piece.com\\\/avis-de-recherche-one-piece\\\/avis-de-recherche-one-piece-sabo-wanted\\\/\",\"name\":\"Avis de Recherche One Piece Sabo Wanted | D\u00e9coration One Piece \u2013 Boutique One Piece\",\"isPartOf\":{\"@id\":\"https:\\\/\\\/boutique-one-piece.com\\\/#website\"},\"primaryImageOfPage\":{\"@id\":\"https:\\\/\\\/boutique-one-piece.com\\\/avis-de-recherche-one-piece\\\/avis-de-recherche-one-piece-sabo-wanted\\\/#primaryimage\"},\"image\":{\"@id\":\"https:\\\/\\\/boutique-one-piece.com\\\/avis-de-recherche-one-piece\\\/avis-de-recherche-one-piece-sabo-wanted\\\/#primaryimage\"},\"thumbnailUrl\":\"https:\\\/\\\/boutique-one-piece.com\\\/wp-content\\\/uploads\\\/2022\\\/09\\\/Avis-de-Recherche-Sabo-Wanted-1.jpg\",\"datePublished\":\"2022-09-27T20:13:41+00:00\",\"dateModified\":\"2024-09-16T11:21:44+00:00\",\"description\":\"Si tu appr\u00e9cies les pirates proches de Luffy, pense \u00e0 d\u00e9corer ta chambre avec cet Avis de Recherche Sabo Wanted. Sabo est un pirate dans l'\u00e9quipage de Monkey D. Dragon, il est le second des r\u00e9volutionnaires. Sabo est aussi le fr\u00e8re de Luffy, avec Ace. Il est pr\u00e9sum\u00e9 mort, car durant l'enfance des trois fr\u00e8res, Sabo se\",\"breadcrumb\":{\"@id\":\"https:\\\/\\\/boutique-one-piece.com\\\/avis-de-recherche-one-piece\\\/avis-de-recherche-one-piece-sabo-wanted\\\/#breadcrumb\"},\"inLanguage\":\"nb-NO\",\"potentialAction\":[{\"@type\":\"ReadAction\",\"target\":[\"https:\\\/\\\/boutique-one-piece.com\\\/avis-de-recherche-one-piece\\\/avis-de-recherche-one-piece-sabo-wanted\\\/\"]}]},{\"@type\":\"ImageObject\",\"inLanguage\":\"nb-NO\",\"@id\":\"https:\\\/\\\/boutique-one-piece.com\\\/avis-de-recherche-one-piece\\\/avis-de-recherche-one-piece-sabo-wanted\\\/#primaryimage\",\"url\":\"https:\\\/\\\/boutique-one-piece.com\\\/wp-content\\\/uploads\\\/2022\\\/09\\\/Avis-de-Recherche-Sabo-Wanted-1.jpg\",\"contentUrl\":\"https:\\\/\\\/boutique-one-piece.com\\\/wp-content\\\/uploads\\\/2022\\\/09\\\/Avis-de-Recherche-Sabo-Wanted-1.jpg\",\"width\":798,\"height\":797},{\"@type\":\"BreadcrumbList\",\"@id\":\"https:\\\/\\\/boutique-one-piece.com\\\/avis-de-recherche-one-piece\\\/avis-de-recherche-one-piece-sabo-wanted\\\/#breadcrumb\",\"itemListElement\":[{\"@type\":\"ListItem\",\"position\":1,\"name\":\"Home\",\"item\":\"https:\\\/\\\/boutique-one-piece.com\\\/\"},{\"@type\":\"ListItem\",\"position\":2,\"name\":\"Shop\",\"item\":\"https:\\\/\\\/boutique-one-piece.com\\\/shop\\\/\"},{\"@type\":\"ListItem\",\"position\":3,\"name\":\"Avis de Recherche Sabo Wanted\"}]},{\"@type\":\"WebSite\",\"@id\":\"https:\\\/\\\/boutique-one-piece.com\\\/#website\",\"url\":\"https:\\\/\\\/boutique-one-piece.com\\\/\",\"name\":\"Boutique One Piece\",\"description\":\"Magasin Sp\u00e9cialis\u00e9 du Manga et l&#039;Anime One Piece\",\"publisher\":{\"@id\":\"https:\\\/\\\/boutique-one-piece.com\\\/#organization\"},\"potentialAction\":[{\"@type\":\"SearchAction\",\"target\":{\"@type\":\"EntryPoint\",\"urlTemplate\":\"https:\\\/\\\/boutique-one-piece.com\\\/?s={search_term_string}\"},\"query-input\":{\"@type\":\"PropertyValueSpecification\",\"valueRequired\":true,\"valueName\":\"search_term_string\"}}],\"inLanguage\":\"nb-NO\"},{\"@type\":\"Organization\",\"@id\":\"https:\\\/\\\/boutique-one-piece.com\\\/#organization\",\"name\":\"Boutique One Piece\",\"url\":\"https:\\\/\\\/boutique-one-piece.com\\\/\",\"logo\":{\"@type\":\"ImageObject\",\"inLanguage\":\"nb-NO\",\"@id\":\"https:\\\/\\\/boutique-one-piece.com\\\/#\\\/schema\\\/logo\\\/image\\\/\",\"url\":\"https:\\\/\\\/boutique-one-piece.com\\\/wp-content\\\/uploads\\\/2022\\\/09\\\/Logo-01.png\",\"contentUrl\":\"https:\\\/\\\/boutique-one-piece.com\\\/wp-content\\\/uploads\\\/2022\\\/09\\\/Logo-01.png\",\"width\":2318,\"height\":957,\"caption\":\"Boutique One Piece\"},\"image\":{\"@id\":\"https:\\\/\\\/boutique-one-piece.com\\\/#\\\/schema\\\/logo\\\/image\\\/\"}}]}<\/script>\n<!-- \/ Yoast SEO plugin. -->","yoast_head_json":{"title":"One Piece Wanted-plakat: Sabo | One Piece-dekorasjoner \u2013 One Piece-butikken","description":"Hvis du er en fan av pirater som st\u00e5r Luffy n\u00e6r, b\u00f8r du vurdere \u00e5 dekorere rommet ditt med denne Sabo Wanted-plakaten. Sabo er en pirat i Monkey D. Dragons mannskap, og han er nestkommanderende for revolusjon\u00e6rene. Sabo er ogs\u00e5 Luffys bror, sammen med Ace. Han antas \u00e5 v\u00e6re d\u00f8d fordi Sabo i l\u00f8pet av de tre br\u00f8drenes barndom...","robots":{"index":"index","follow":"follow","max-snippet":"max-snippet:-1","max-image-preview":"max-image-preview:large","max-video-preview":"max-video-preview:-1"},"canonical":"https:\/\/boutique-one-piece.com\/nb\/one-piece-onsket-plakat\/one-piece-onsket-plakat-sabo-onsket\/","og_locale":"nb_NO","og_type":"article","og_title":"Avis de Recherche One Piece Sabo Wanted | D\u00e9coration One Piece \u2013 Boutique One Piece","og_description":"Si tu appr\u00e9cies les pirates proches de Luffy, pense \u00e0 d\u00e9corer ta chambre avec cet Avis de Recherche Sabo Wanted. Sabo est un pirate dans l'\u00e9quipage de Monkey D. Dragon, il est le second des r\u00e9volutionnaires. Sabo est aussi le fr\u00e8re de Luffy, avec Ace. Il est pr\u00e9sum\u00e9 mort, car durant l'enfance des trois fr\u00e8res, Sabo se","og_url":"https:\/\/boutique-one-piece.com\/nb\/one-piece-onsket-plakat\/one-piece-onsket-plakat-sabo-onsket\/","og_site_name":"Boutique One Piece","article_modified_time":"2024-09-16T11:21:44+00:00","og_image":[{"width":798,"height":797,"url":"https:\/\/boutique-one-piece.com\/wp-content\/uploads\/2022\/09\/Avis-de-Recherche-Sabo-Wanted-1.jpg","type":"image\/jpeg"}],"twitter_card":"summary_large_image","twitter_misc":{"Ansl. lesetid":"1 minutt"},"schema":{"@context":"https:\/\/schema.org","@graph":[{"@type":"WebPage","@id":"https:\/\/boutique-one-piece.com\/avis-de-recherche-one-piece\/avis-de-recherche-one-piece-sabo-wanted\/","url":"https:\/\/boutique-one-piece.com\/avis-de-recherche-one-piece\/avis-de-recherche-one-piece-sabo-wanted\/","name":"One Piece Wanted-plakat: Sabo | One Piece-dekorasjoner \u2013 One Piece-butikken","isPartOf":{"@id":"https:\/\/boutique-one-piece.com\/#website"},"primaryImageOfPage":{"@id":"https:\/\/boutique-one-piece.com\/avis-de-recherche-one-piece\/avis-de-recherche-one-piece-sabo-wanted\/#primaryimage"},"image":{"@id":"https:\/\/boutique-one-piece.com\/avis-de-recherche-one-piece\/avis-de-recherche-one-piece-sabo-wanted\/#primaryimage"},"thumbnailUrl":"https:\/\/boutique-one-piece.com\/wp-content\/uploads\/2022\/09\/Avis-de-Recherche-Sabo-Wanted-1.jpg","datePublished":"2022-09-27T20:13:41+00:00","dateModified":"2024-09-16T11:21:44+00:00","description":"Hvis du er en fan av pirater som st\u00e5r Luffy n\u00e6r, b\u00f8r du vurdere \u00e5 dekorere rommet ditt med denne Sabo Wanted-plakaten. Sabo er en pirat i Monkey D. Dragons mannskap, og han er nestkommanderende for revolusjon\u00e6rene. Sabo er ogs\u00e5 Luffys bror, sammen med Ace. Han antas \u00e5 v\u00e6re d\u00f8d fordi Sabo i l\u00f8pet av de tre br\u00f8drenes barndom...","breadcrumb":{"@id":"https:\/\/boutique-one-piece.com\/avis-de-recherche-one-piece\/avis-de-recherche-one-piece-sabo-wanted\/#breadcrumb"},"inLanguage":"nb-NO","potentialAction":[{"@type":"ReadAction","target":["https:\/\/boutique-one-piece.com\/avis-de-recherche-one-piece\/avis-de-recherche-one-piece-sabo-wanted\/"]}]},{"@type":"ImageObject","inLanguage":"nb-NO","@id":"https:\/\/boutique-one-piece.com\/avis-de-recherche-one-piece\/avis-de-recherche-one-piece-sabo-wanted\/#primaryimage","url":"https:\/\/boutique-one-piece.com\/wp-content\/uploads\/2022\/09\/Avis-de-Recherche-Sabo-Wanted-1.jpg","contentUrl":"https:\/\/boutique-one-piece.com\/wp-content\/uploads\/2022\/09\/Avis-de-Recherche-Sabo-Wanted-1.jpg","width":798,"height":797},{"@type":"BreadcrumbList","@id":"https:\/\/boutique-one-piece.com\/avis-de-recherche-one-piece\/avis-de-recherche-one-piece-sabo-wanted\/#breadcrumb","itemListElement":[{"@type":"ListItem","position":1,"name":"Home","item":"https:\/\/boutique-one-piece.com\/"},{"@type":"ListItem","position":2,"name":"Shop","item":"https:\/\/boutique-one-piece.com\/shop\/"},{"@type":"ListItem","position":3,"name":"Avis de Recherche Sabo Wanted"}]},{"@type":"WebSite","@id":"https:\/\/boutique-one-piece.com\/#website","url":"https:\/\/boutique-one-piece.com\/","name":"One Piece-butikk","description":"Spesialbutikk for One Piece Manga og Anime","publisher":{"@id":"https:\/\/boutique-one-piece.com\/#organization"},"potentialAction":[{"@type":"SearchAction","target":{"@type":"EntryPoint","urlTemplate":"https:\/\/boutique-one-piece.com\/?s={search_term_string}"},"query-input":{"@type":"PropertyValueSpecification","valueRequired":true,"valueName":"search_term_string"}}],"inLanguage":"nb-NO"},{"@type":"Organization","@id":"https:\/\/boutique-one-piece.com\/#organization","name":"One Piece-butikk","url":"https:\/\/boutique-one-piece.com\/","logo":{"@type":"ImageObject","inLanguage":"nb-NO","@id":"https:\/\/boutique-one-piece.com\/#\/schema\/logo\/image\/","url":"https:\/\/boutique-one-piece.com\/wp-content\/uploads\/2022\/09\/Logo-01.png","contentUrl":"https:\/\/boutique-one-piece.com\/wp-content\/uploads\/2022\/09\/Logo-01.png","width":2318,"height":957,"caption":"Boutique One Piece"},"image":{"@id":"https:\/\/boutique-one-piece.com\/#\/schema\/logo\/image\/"}}]}},"_links":{"self":[{"href":"https:\/\/boutique-one-piece.com\/nb\/wp-json\/wp\/v2\/product\/8568","targetHints":{"allow":["GET"]}}],"collection":[{"href":"https:\/\/boutique-one-piece.com\/nb\/wp-json\/wp\/v2\/product"}],"about":[{"href":"https:\/\/boutique-one-piece.com\/nb\/wp-json\/wp\/v2\/types\/product"}],"replies":[{"embeddable":true,"href":"https:\/\/boutique-one-piece.com\/nb\/wp-json\/wp\/v2\/comments?post=8568"}],"wp:featuredmedia":[{"embeddable":true,"href":"https:\/\/boutique-one-piece.com\/nb\/wp-json\/wp\/v2\/media\/8570"}],"wp:attachment":[{"href":"https:\/\/boutique-one-piece.com\/nb\/wp-json\/wp\/v2\/media?parent=8568"}],"wp:term":[{"taxonomy":"product_brand","embeddable":true,"href":"https:\/\/boutique-one-piece.com\/nb\/wp-json\/wp\/v2\/product_brand?post=8568"},{"taxonomy":"product_cat","embeddable":true,"href":"https:\/\/boutique-one-piece.com\/nb\/wp-json\/wp\/v2\/product_cat?post=8568"},{"taxonomy":"product_tag","embeddable":true,"href":"https:\/\/boutique-one-piece.com\/nb\/wp-json\/wp\/v2\/product_tag?post=8568"}],"curies":[{"name":"wp","href":"https:\/\/api.w.org\/{rel}","templated":true}]}}