{"id":8590,"date":"2022-09-27T20:13:41","date_gmt":"2022-09-27T20:13:41","guid":{"rendered":"https:\/\/boutique-one-piece.com\/uncategorized\/avis-de-recherche-one-piece-portgas-d-ace-wanted\/"},"modified":"2024-10-12T18:24:17","modified_gmt":"2024-10-12T18:24:17","slug":"one-piece-plakat-etterlyst-portgas-d-ace","status":"publish","type":"product","link":"https:\/\/boutique-one-piece.com\/nb\/one-piece-dekorasjoner\/one-piece-plakat-etterlyst-portgas-d-ace\/","title":{"rendered":"Portgas D. Ace \u00f8nskes"},"content":{"rendered":"<h2>Unge Nakama, tiden er inne for at du skal f\u00e5 tak i denne Portgas D. Ace-s\u00f8kemeldingen.<\/h2>\n<p>Som en p\u00e5minnelse, Portgas D. Ace, kjent som<strong>\u00abEss med brennende never\u00bb<\/strong>\u00a0er den \u00e5ndelige broren til Monkey D. Luffy og Sabo. Han er den eneste s\u00f8nnen til den avd\u00f8de piratkongen Gol D. Roger og hans kone Portgas D. Rouge. Dessuten,\u2019<a title=\"\u00d8NSKES: GULL ROGER\" href=\"https:\/\/boutique-one-piece.com\/nb\/one-piece-dekorasjon\/produkter\/one-piece-gold-roger-onsket-plakat\/\" target=\"_blank\" rel=\"noopener\">Gull Roger \u00f8nsket plakat<\/a> er innen rekkevidde. N\u00e5r det gjelder Ace, b\u00f8r du vite at han var p\u00e5 god fot med brorens mannskap etter \u00e5 ha reddet dem fra \u00e5 bli tatt til fange av Smoker i Alabasta.<\/p>\n<p>I animeen fulgte han dem gjennom \u00f8rkenen til en oase hvor han h\u00e5pet \u00e5 finne Svartskjegg. Luffys mannskap ble ogs\u00e5 p\u00e5virket av<strong> nyheten om hans d\u00f8d<\/strong>. Som du kan se, var dus\u00f8ren hans 550 000 000 b\u00e6r.<\/p>\n<h3>S\u00e5, er du fascinert av Portgas D. Aces etterlysningsplakat? I s\u00e5 fall vet du hva du skal gj\u00f8re. Skaff deg denne plakaten og heng den p\u00e5 veggen; du vil gi en passende hyllest til Ace.<\/h3>\n<p><strong>Ett stykke<\/strong> Denne mangaen finner sted i en fiktiv verden dominert av hav, hvor pirater lengter etter en \u00e6ra med frihet og eventyr kjent som \u00abpiratkopieringens gullalder\u00bb. Hvis du ogs\u00e5 elsker denne verdenen, b\u00f8r du f\u00e5 tak i disse legendariske gjenstandene n\u00e5. Perfekt for gave, dekorasjon eller samlerobjekter, disse gjenstandene vil bli et ledd i samlingen din.<strong> ditt One Piece-univers<\/strong>.<\/p>\n<h2>Informasjon om One Piece Wanted-plakaten: Ace of the Fiery Fists<\/h2>\n<ul>\n<li><b><u>One Piece Wanted-plakat<\/u><\/b>\u00a0En ekte One Piece-plakat for ekte pirater<\/li>\n<\/ul>\n<ul>\n<li><b><u>Portgas D. Aces dus\u00f8r<\/u><\/b>\u00a0550 000 000 b\u00e6r<\/li>\n<\/ul>\n<ul>\n<li><strong>Utskrift av h\u00f8y kvalitet<\/strong>\u00a0n\u00f8yaktige farger<\/li>\n<\/ul>\n<ul>\n<li><strong>Dimensjon<\/strong> : 52 cm x 36 cm<\/li>\n<\/ul>\n<ul>\n<li><strong>GRATIS LEVERING<\/strong><\/li>\n<\/ul>\n<div id=\"gtx-trans\" style=\"position: absolute;left: 715px;top: 49px\">\n<div class=\"gtx-trans-icon\"><\/div>\n<\/div>","protected":false},"excerpt":{"rendered":"<p>Jeune Nakama, le moment est venu pour toi de te procurer cet Avis de Recherche Portgas D. Ace Wanted. Pour rappel, Portgas D. Ace, connu sous le nom d\u0092Ace aux Poings Ardents\u00a0est le fr\u00e8re spirituel de Monkey D. Luffy et de Sabo. Il est le seul fils du d\u00e9funt Roi des Pirates Gol D. Roger [&hellip;]<\/p>","protected":false},"featured_media":19964,"comment_status":"open","ping_status":"open","template":"","meta":[],"product_brand":[],"product_cat":[171,150],"product_tag":[],"class_list":{"0":"post-8590","1":"product","2":"type-product","3":"status-publish","4":"has-post-thumbnail","6":"product_cat-avis-de-recherche-one-piece","7":"product_cat-decorations-one-piece","9":"first","10":"instock","11":"purchasable","12":"product-type-simple"},"yoast_head":"<!-- This site is optimized with the Yoast SEO plugin v27.5 - https:\/\/yoast.com\/product\/yoast-seo-wordpress\/ -->\n<title>Avis de Recherche One Piece Portgas D. Ace Wanted | D\u00e9coration One Piece \u2013 Boutique One Piece<\/title>\n<meta name=\"description\" content=\"Jeune Nakama, le moment est venu pour toi de te procurer cet Avis de Recherche Portgas D. Ace Wanted. Pour rappel, Portgas D. Ace, connu sous le nom d\u2019Ace aux Poings Ardents\u00a0est le fr\u00e8re spirituel de Monkey D. Luffy et de Sabo. Il est le seul fils du d\u00e9funt Roi des Pirates Gol D. Roger et de son \u00e9pouse Portgas D. Rouge\" \/>\n<meta name=\"robots\" content=\"index, follow, max-snippet:-1, max-image-preview:large, max-video-preview:-1\" \/>\n<link rel=\"canonical\" href=\"https:\/\/boutique-one-piece.com\/nb\/one-piece-onsket-plakat\/one-piece-plakat-etterlyst-portgas-d-ace\/\" \/>\n<meta property=\"og:locale\" content=\"nb_NO\" \/>\n<meta property=\"og:type\" content=\"article\" \/>\n<meta property=\"og:title\" content=\"Avis de Recherche One Piece Portgas D. Ace Wanted | D\u00e9coration One Piece \u2013 Boutique One Piece\" \/>\n<meta property=\"og:description\" content=\"Jeune Nakama, le moment est venu pour toi de te procurer cet Avis de Recherche Portgas D. Ace Wanted. Pour rappel, Portgas D. Ace, connu sous le nom d\u2019Ace aux Poings Ardents\u00a0est le fr\u00e8re spirituel de Monkey D. Luffy et de Sabo. Il est le seul fils du d\u00e9funt Roi des Pirates Gol D. Roger et de son \u00e9pouse Portgas D. Rouge\" \/>\n<meta property=\"og:url\" content=\"https:\/\/boutique-one-piece.com\/nb\/one-piece-onsket-plakat\/one-piece-plakat-etterlyst-portgas-d-ace\/\" \/>\n<meta property=\"og:site_name\" content=\"Boutique One Piece\" \/>\n<meta property=\"article:modified_time\" content=\"2024-10-12T18:24:17+00:00\" \/>\n<meta property=\"og:image\" content=\"https:\/\/boutique-one-piece.com\/wp-content\/uploads\/2022\/09\/S688b1fc4fbae4f928a007dafefa00167r.jpg_640x640.webp\" \/>\n\t<meta property=\"og:image:width\" content=\"640\" \/>\n\t<meta property=\"og:image:height\" content=\"640\" \/>\n\t<meta property=\"og:image:type\" content=\"image\/webp\" \/>\n<meta name=\"twitter:card\" content=\"summary_large_image\" \/>\n<meta name=\"twitter:label1\" content=\"Ansl. lesetid\" \/>\n\t<meta name=\"twitter:data1\" content=\"2 minutter\" \/>\n<script type=\"application\/ld+json\" class=\"yoast-schema-graph\">{\"@context\":\"https:\\\/\\\/schema.org\",\"@graph\":[{\"@type\":\"WebPage\",\"@id\":\"https:\\\/\\\/boutique-one-piece.com\\\/avis-de-recherche-one-piece\\\/avis-de-recherche-one-piece-portgas-d-ace-wanted\\\/\",\"url\":\"https:\\\/\\\/boutique-one-piece.com\\\/avis-de-recherche-one-piece\\\/avis-de-recherche-one-piece-portgas-d-ace-wanted\\\/\",\"name\":\"Avis de Recherche One Piece Portgas D. Ace Wanted | D\u00e9coration One Piece \u2013 Boutique One Piece\",\"isPartOf\":{\"@id\":\"https:\\\/\\\/boutique-one-piece.com\\\/#website\"},\"primaryImageOfPage\":{\"@id\":\"https:\\\/\\\/boutique-one-piece.com\\\/avis-de-recherche-one-piece\\\/avis-de-recherche-one-piece-portgas-d-ace-wanted\\\/#primaryimage\"},\"image\":{\"@id\":\"https:\\\/\\\/boutique-one-piece.com\\\/avis-de-recherche-one-piece\\\/avis-de-recherche-one-piece-portgas-d-ace-wanted\\\/#primaryimage\"},\"thumbnailUrl\":\"https:\\\/\\\/boutique-one-piece.com\\\/wp-content\\\/uploads\\\/2022\\\/09\\\/S688b1fc4fbae4f928a007dafefa00167r.jpg_640x640.webp\",\"datePublished\":\"2022-09-27T20:13:41+00:00\",\"dateModified\":\"2024-10-12T18:24:17+00:00\",\"description\":\"Jeune Nakama, le moment est venu pour toi de te procurer cet Avis de Recherche Portgas D. Ace Wanted. Pour rappel, Portgas D. Ace, connu sous le nom d\u2019Ace aux Poings Ardents\u00a0est le fr\u00e8re spirituel de Monkey D. Luffy et de Sabo. Il est le seul fils du d\u00e9funt Roi des Pirates Gol D. Roger et de son \u00e9pouse Portgas D. Rouge\",\"breadcrumb\":{\"@id\":\"https:\\\/\\\/boutique-one-piece.com\\\/avis-de-recherche-one-piece\\\/avis-de-recherche-one-piece-portgas-d-ace-wanted\\\/#breadcrumb\"},\"inLanguage\":\"nb-NO\",\"potentialAction\":[{\"@type\":\"ReadAction\",\"target\":[\"https:\\\/\\\/boutique-one-piece.com\\\/avis-de-recherche-one-piece\\\/avis-de-recherche-one-piece-portgas-d-ace-wanted\\\/\"]}]},{\"@type\":\"ImageObject\",\"inLanguage\":\"nb-NO\",\"@id\":\"https:\\\/\\\/boutique-one-piece.com\\\/avis-de-recherche-one-piece\\\/avis-de-recherche-one-piece-portgas-d-ace-wanted\\\/#primaryimage\",\"url\":\"https:\\\/\\\/boutique-one-piece.com\\\/wp-content\\\/uploads\\\/2022\\\/09\\\/S688b1fc4fbae4f928a007dafefa00167r.jpg_640x640.webp\",\"contentUrl\":\"https:\\\/\\\/boutique-one-piece.com\\\/wp-content\\\/uploads\\\/2022\\\/09\\\/S688b1fc4fbae4f928a007dafefa00167r.jpg_640x640.webp\",\"width\":640,\"height\":640},{\"@type\":\"BreadcrumbList\",\"@id\":\"https:\\\/\\\/boutique-one-piece.com\\\/avis-de-recherche-one-piece\\\/avis-de-recherche-one-piece-portgas-d-ace-wanted\\\/#breadcrumb\",\"itemListElement\":[{\"@type\":\"ListItem\",\"position\":1,\"name\":\"Home\",\"item\":\"https:\\\/\\\/boutique-one-piece.com\\\/\"},{\"@type\":\"ListItem\",\"position\":2,\"name\":\"Shop\",\"item\":\"https:\\\/\\\/boutique-one-piece.com\\\/shop\\\/\"},{\"@type\":\"ListItem\",\"position\":3,\"name\":\"Avis de Recherche Portgas D. Ace Wanted\"}]},{\"@type\":\"WebSite\",\"@id\":\"https:\\\/\\\/boutique-one-piece.com\\\/#website\",\"url\":\"https:\\\/\\\/boutique-one-piece.com\\\/\",\"name\":\"Boutique One Piece\",\"description\":\"Magasin Sp\u00e9cialis\u00e9 du Manga et l&#039;Anime One Piece\",\"publisher\":{\"@id\":\"https:\\\/\\\/boutique-one-piece.com\\\/#organization\"},\"potentialAction\":[{\"@type\":\"SearchAction\",\"target\":{\"@type\":\"EntryPoint\",\"urlTemplate\":\"https:\\\/\\\/boutique-one-piece.com\\\/?s={search_term_string}\"},\"query-input\":{\"@type\":\"PropertyValueSpecification\",\"valueRequired\":true,\"valueName\":\"search_term_string\"}}],\"inLanguage\":\"nb-NO\"},{\"@type\":\"Organization\",\"@id\":\"https:\\\/\\\/boutique-one-piece.com\\\/#organization\",\"name\":\"Boutique One Piece\",\"url\":\"https:\\\/\\\/boutique-one-piece.com\\\/\",\"logo\":{\"@type\":\"ImageObject\",\"inLanguage\":\"nb-NO\",\"@id\":\"https:\\\/\\\/boutique-one-piece.com\\\/#\\\/schema\\\/logo\\\/image\\\/\",\"url\":\"https:\\\/\\\/boutique-one-piece.com\\\/wp-content\\\/uploads\\\/2022\\\/09\\\/Logo-01.png\",\"contentUrl\":\"https:\\\/\\\/boutique-one-piece.com\\\/wp-content\\\/uploads\\\/2022\\\/09\\\/Logo-01.png\",\"width\":2318,\"height\":957,\"caption\":\"Boutique One Piece\"},\"image\":{\"@id\":\"https:\\\/\\\/boutique-one-piece.com\\\/#\\\/schema\\\/logo\\\/image\\\/\"}}]}<\/script>\n<!-- \/ Yoast SEO plugin. -->","yoast_head_json":{"title":"One Piece Wanted-plakat: Portgas D. Ace | One Piece-dekorasjoner \u2013 One Piece-butikken","description":"Unge Nakama, tiden er inne for at du skal f\u00e5 tak i denne Portgas D. Ace-plakaten. Som en p\u00e5minnelse er Portgas D. Ace, kjent som Ildneven-Assen, den svorne broren til Monkey D. Luffy og Sabo. Han er den eneste s\u00f8nnen til den avd\u00f8de piratkongen Gol D. Roger og hans kone, Portgas D. Rouge.","robots":{"index":"index","follow":"follow","max-snippet":"max-snippet:-1","max-image-preview":"max-image-preview:large","max-video-preview":"max-video-preview:-1"},"canonical":"https:\/\/boutique-one-piece.com\/nb\/one-piece-onsket-plakat\/one-piece-plakat-etterlyst-portgas-d-ace\/","og_locale":"nb_NO","og_type":"article","og_title":"Avis de Recherche One Piece Portgas D. Ace Wanted | D\u00e9coration One Piece \u2013 Boutique One Piece","og_description":"Jeune Nakama, le moment est venu pour toi de te procurer cet Avis de Recherche Portgas D. Ace Wanted. Pour rappel, Portgas D. Ace, connu sous le nom d\u2019Ace aux Poings Ardents\u00a0est le fr\u00e8re spirituel de Monkey D. Luffy et de Sabo. Il est le seul fils du d\u00e9funt Roi des Pirates Gol D. Roger et de son \u00e9pouse Portgas D. Rouge","og_url":"https:\/\/boutique-one-piece.com\/nb\/one-piece-onsket-plakat\/one-piece-plakat-etterlyst-portgas-d-ace\/","og_site_name":"Boutique One Piece","article_modified_time":"2024-10-12T18:24:17+00:00","og_image":[{"width":640,"height":640,"url":"https:\/\/boutique-one-piece.com\/wp-content\/uploads\/2022\/09\/S688b1fc4fbae4f928a007dafefa00167r.jpg_640x640.webp","type":"image\/webp"}],"twitter_card":"summary_large_image","twitter_misc":{"Ansl. lesetid":"2 minutter"},"schema":{"@context":"https:\/\/schema.org","@graph":[{"@type":"WebPage","@id":"https:\/\/boutique-one-piece.com\/avis-de-recherche-one-piece\/avis-de-recherche-one-piece-portgas-d-ace-wanted\/","url":"https:\/\/boutique-one-piece.com\/avis-de-recherche-one-piece\/avis-de-recherche-one-piece-portgas-d-ace-wanted\/","name":"One Piece Wanted-plakat: Portgas D. Ace | One Piece-dekorasjoner \u2013 One Piece-butikken","isPartOf":{"@id":"https:\/\/boutique-one-piece.com\/#website"},"primaryImageOfPage":{"@id":"https:\/\/boutique-one-piece.com\/avis-de-recherche-one-piece\/avis-de-recherche-one-piece-portgas-d-ace-wanted\/#primaryimage"},"image":{"@id":"https:\/\/boutique-one-piece.com\/avis-de-recherche-one-piece\/avis-de-recherche-one-piece-portgas-d-ace-wanted\/#primaryimage"},"thumbnailUrl":"https:\/\/boutique-one-piece.com\/wp-content\/uploads\/2022\/09\/S688b1fc4fbae4f928a007dafefa00167r.jpg_640x640.webp","datePublished":"2022-09-27T20:13:41+00:00","dateModified":"2024-10-12T18:24:17+00:00","description":"Unge Nakama, tiden er inne for at du skal f\u00e5 tak i denne Portgas D. Ace-plakaten. Som en p\u00e5minnelse er Portgas D. Ace, kjent som Ildneven-Assen, den svorne broren til Monkey D. Luffy og Sabo. Han er den eneste s\u00f8nnen til den avd\u00f8de piratkongen Gol D. Roger og hans kone, Portgas D. Rouge.","breadcrumb":{"@id":"https:\/\/boutique-one-piece.com\/avis-de-recherche-one-piece\/avis-de-recherche-one-piece-portgas-d-ace-wanted\/#breadcrumb"},"inLanguage":"nb-NO","potentialAction":[{"@type":"ReadAction","target":["https:\/\/boutique-one-piece.com\/avis-de-recherche-one-piece\/avis-de-recherche-one-piece-portgas-d-ace-wanted\/"]}]},{"@type":"ImageObject","inLanguage":"nb-NO","@id":"https:\/\/boutique-one-piece.com\/avis-de-recherche-one-piece\/avis-de-recherche-one-piece-portgas-d-ace-wanted\/#primaryimage","url":"https:\/\/boutique-one-piece.com\/wp-content\/uploads\/2022\/09\/S688b1fc4fbae4f928a007dafefa00167r.jpg_640x640.webp","contentUrl":"https:\/\/boutique-one-piece.com\/wp-content\/uploads\/2022\/09\/S688b1fc4fbae4f928a007dafefa00167r.jpg_640x640.webp","width":640,"height":640},{"@type":"BreadcrumbList","@id":"https:\/\/boutique-one-piece.com\/avis-de-recherche-one-piece\/avis-de-recherche-one-piece-portgas-d-ace-wanted\/#breadcrumb","itemListElement":[{"@type":"ListItem","position":1,"name":"Home","item":"https:\/\/boutique-one-piece.com\/"},{"@type":"ListItem","position":2,"name":"Shop","item":"https:\/\/boutique-one-piece.com\/shop\/"},{"@type":"ListItem","position":3,"name":"Avis de Recherche Portgas D. Ace Wanted"}]},{"@type":"WebSite","@id":"https:\/\/boutique-one-piece.com\/#website","url":"https:\/\/boutique-one-piece.com\/","name":"One Piece-butikk","description":"Spesialbutikk for One Piece Manga og Anime","publisher":{"@id":"https:\/\/boutique-one-piece.com\/#organization"},"potentialAction":[{"@type":"SearchAction","target":{"@type":"EntryPoint","urlTemplate":"https:\/\/boutique-one-piece.com\/?s={search_term_string}"},"query-input":{"@type":"PropertyValueSpecification","valueRequired":true,"valueName":"search_term_string"}}],"inLanguage":"nb-NO"},{"@type":"Organization","@id":"https:\/\/boutique-one-piece.com\/#organization","name":"One Piece-butikk","url":"https:\/\/boutique-one-piece.com\/","logo":{"@type":"ImageObject","inLanguage":"nb-NO","@id":"https:\/\/boutique-one-piece.com\/#\/schema\/logo\/image\/","url":"https:\/\/boutique-one-piece.com\/wp-content\/uploads\/2022\/09\/Logo-01.png","contentUrl":"https:\/\/boutique-one-piece.com\/wp-content\/uploads\/2022\/09\/Logo-01.png","width":2318,"height":957,"caption":"Boutique One Piece"},"image":{"@id":"https:\/\/boutique-one-piece.com\/#\/schema\/logo\/image\/"}}]}},"_links":{"self":[{"href":"https:\/\/boutique-one-piece.com\/nb\/wp-json\/wp\/v2\/product\/8590","targetHints":{"allow":["GET"]}}],"collection":[{"href":"https:\/\/boutique-one-piece.com\/nb\/wp-json\/wp\/v2\/product"}],"about":[{"href":"https:\/\/boutique-one-piece.com\/nb\/wp-json\/wp\/v2\/types\/product"}],"replies":[{"embeddable":true,"href":"https:\/\/boutique-one-piece.com\/nb\/wp-json\/wp\/v2\/comments?post=8590"}],"wp:featuredmedia":[{"embeddable":true,"href":"https:\/\/boutique-one-piece.com\/nb\/wp-json\/wp\/v2\/media\/19964"}],"wp:attachment":[{"href":"https:\/\/boutique-one-piece.com\/nb\/wp-json\/wp\/v2\/media?parent=8590"}],"wp:term":[{"taxonomy":"product_brand","embeddable":true,"href":"https:\/\/boutique-one-piece.com\/nb\/wp-json\/wp\/v2\/product_brand?post=8590"},{"taxonomy":"product_cat","embeddable":true,"href":"https:\/\/boutique-one-piece.com\/nb\/wp-json\/wp\/v2\/product_cat?post=8590"},{"taxonomy":"product_tag","embeddable":true,"href":"https:\/\/boutique-one-piece.com\/nb\/wp-json\/wp\/v2\/product_tag?post=8590"}],"curies":[{"name":"wp","href":"https:\/\/api.w.org\/{rel}","templated":true}]}}