{"id":8720,"date":"2022-09-27T20:14:52","date_gmt":"2022-09-27T20:14:52","guid":{"rendered":"https:\/\/boutique-one-piece.com\/uncategorized\/sweat-one-piece-luffy-wanted\/"},"modified":"2024-09-16T11:25:55","modified_gmt":"2024-09-16T11:25:55","slug":"luffy-ville-ha-et-ettdelt-genser","status":"publish","type":"product","link":"https:\/\/boutique-one-piece.com\/nb\/one-piece-klaer\/ett-stykke-genser\/luffy-ville-ha-et-ettdelt-genser\/","title":{"rendered":"One Piece Luffy Wanted-genser"},"content":{"rendered":"<p><meta charset=\"utf-8\"><\/p>\n<h2>One Piece langermet hettegenser med Mini Luffy<span>\u00a0<\/span>Str\u00e5hatt \u00f8nskes! En kvalitetsgenser til en pirat som deg!<\/h2>\n<p>Hvis du er en\u00a0<strong>ekte pirat<\/strong>, Du vil sette pris p\u00e5\u00a0<strong>kvalitet<\/strong>\u00a0stoff og\u00a0<strong>3D-lerretsutskrift<\/strong>\u00a0av dette<span>\u00a0<\/span><strong>One Piece-genser<\/strong>\u00a0Men aller viktigst, med dette\u00a0<strong>genser med trykk<\/strong>\u00a0det er fordi du vil v\u00e6re en del av\u00a0<strong>fanteamet<\/strong>\u00a0av\u00a0<strong>piratmanga<\/strong>\u00a0og du vil f\u00e5:<\/p>\n<ul>\n<li>\u00a0<strong>Beundring<\/strong>\u00a0av alle fansen av\u00a0<strong>universet<\/strong>\u00a0av\u00a0<strong>tillatelse<\/strong>\u00a0av\u00a0<strong>manga<\/strong>\u00a0som du vil m\u00f8te<\/li>\n<\/ul>\n<ul>\n<li>En ekte\u00a0<strong>hettegenser<\/strong>\u00a0som du kan bruke\u00a0<strong>dele<\/strong>\u00a0din\u00a0<strong>lidenskap<\/strong>\u00a0Til\u00a0<strong>Ett stykke<\/strong>\n<\/li>\n<\/ul>\n<p>S\u00e5, klar til \u00e5 bruke\u00a0<strong>farger\u00a0<\/strong>av<strong>\u00a0<\/strong>din<strong>\u00a0favorittmanga<\/strong>\u00a0?<\/p>\n<h2>Er du en fan av One Piece manga eller anime? Vis det frem med denne One Piece-genseren!<\/h2>\n<p>Hvis du\u00a0<strong>lese<\/strong>\u00a0eller hvor enn du ser\u00a0\u00a0<strong>Japansk anime<\/strong>, Det er stor sjanse for at du har blitt\u00a0<strong>gal etter One Piece<\/strong>\u00a0Med dette!\u00a0<strong>One Piece-genser<span>\u00a0Mini Luffy \u00f8nskes<\/span><\/strong>, bli med i\u2019<strong>en gjeng med fans av franchisen<\/strong><\/p>\n<p>Dette\u00a0<strong>Genser\u00a0<\/strong>\u00a0er tilgjengelig i\u00a0<strong>Svart<\/strong>,\u00a0<strong>Hvit<\/strong>\u00a0Og\u00a0<b>Milit\u00e6r<\/b>\u00a0og i st\u00f8rrelser\u00a0<strong>XXS<\/strong>,\u00a0<strong>XS<\/strong>,\u00a0<strong>S<\/strong>,<strong>\u00a0M<\/strong>,<strong>\u00a0L<\/strong>,\u00a0<strong>XL<\/strong>,\u00a0<strong>XXL<\/strong>,\u00a0<strong>3XL<\/strong>,\u00a0<strong>4XL<\/strong>\u00a0Det vil passe alle kategorier av pirater.,\u00a0<strong>mann<\/strong>\u00a0Eller\u00a0<strong>kvinner<\/strong>, selv om du ikke har\u00a0<strong>sverd<\/strong>\u00a0eller\u00a0<strong>djevelfrukt<\/strong>\u00a0Du kan fortsatt b\u00e6re den med stolthet.<\/p>\n<h2>Informasjon om genser:\u00a0<\/h2>\n<ul>\n<li>\n<strong>Premium kvalitets ett stykke genser\u00a0<\/strong>har en<span>\u00a0<\/span><strong>h\u00f8y gramvekt<\/strong><span>\u00a0<\/span>med kvalitetsmaterialer<\/li>\n<\/ul>\n<ul>\n<li>\n<strong>Stor fleksibilitet\u00a0<\/strong>: takket v\u00e6re sammensetningen gj\u00f8r den det ikke<span>\u00a0<\/span><strong>kr\u00f8llete<\/strong><span>\u00a0<\/span>ikke<\/li>\n<\/ul>\n<ul>\n<li>\n<strong>Veldig komfortabel\u00a0<\/strong>med<span>\u00a0<\/span>hans<span>\u00a0<\/span><strong>fibre<\/strong><span>\u00a0<\/span>av<span>\u00a0<\/span><strong>bomull<\/strong><span>\u00a0<\/span>stor<span>\u00a0<\/span><strong>myk<\/strong>, det finnes ingen<span>\u00a0<\/span><strong>friksjon<\/strong>\n<\/li>\n<\/ul>\n<ul>\n<li>3D digital utskrift, original design<\/li>\n<\/ul>\n<ul>\n<li>\n<strong>\u00d8kologisk bomull\u00a0<\/strong>bomull<span>\u00a0<\/span><strong>h\u00f8y kvalitet<\/strong>\u00a0med<span>\u00a0<\/span><strong>fibre<\/strong><span>\u00a0<\/span>ekstra<span>\u00a0<\/span><strong>lang<\/strong>\n<\/li>\n<\/ul>\n<ul>\n<li>\n<strong>Gratis levering\u00a0<\/strong>for ethvert kj\u00f8p<strong>\u00a0<\/strong>\n<\/li>\n<\/ul>\n<p><strong>Ikke glem \u00e5 ta en titt p\u00e5 st\u00f8rrelsesguiden nedenfor.<\/strong><\/p>\n<h2><img decoding=\"async\" src=\"https:\/\/cdn.shopify.com\/s\/files\/1\/0087\/7556\/5348\/files\/boutque_one_piece_tableau__taille_sweat_large.jpg?v=1559846386\" alt=\"St\u00f8rrelsesguide for One Piece-gensere\"><\/h2>\n<h3>Vaskeanvisning:<\/h3>\n<ul>\n<li>Maskinvask p\u00e5 30 \u00b0C, finvaskprogram<\/li>\n<\/ul>\n<ul>\n<li>Stryk p\u00e5 baksiden<\/li>\n<\/ul>\n<p>Til<span>\u00a0<\/span><strong>bevare kvaliteten<\/strong><span>\u00a0<\/span>av dette<span>\u00a0<strong>genser<\/strong><\/span><strong>\u00a0Ett stykke<\/strong>, anbefaler vi at du<span>\u00a0<\/span><strong>respekt<\/strong><span>\u00a0<\/span>DE<span>\u00a0<\/span><strong>vaskeanvisning<\/strong>.<\/p>","protected":false},"excerpt":{"rendered":"<p>Sweat\u00a0\u00e0 Capuche \u00e0 Manches Longues One Piece avec Mini Luffy au\u00a0Chapeau de Paille Recherch\u00e9\u00a0 !\u00a0Un\u00a0Sweat\u00a0de Qualit\u00e9 pour un Pirate Comme Toi\u00a0! Si tu es un\u00a0v\u00e9ritable pirate, tu sauras appr\u00e9cier la\u00a0qualit\u00e9\u00a0du tissu et de\u00a0l&rsquo;impression 3D Canvas\u00a0de ce\u00a0sweat\u00a0One Piece\u00a0!\u00a0Mais le plus important, avec ce\u00a0sweat\u00a0imprim\u00e9\u00a0c\u0092est que tu\u00a0feras partie de\u00a0l&rsquo;\u00e9quipage\u00a0des fans\u00a0du\u00a0manga de pirates\u00a0et tu obtiendras\u00a0: \u00a0L&rsquo;admiration\u00a0de tous les fans [&hellip;]<\/p>","protected":false},"featured_media":8722,"comment_status":"open","ping_status":"open","template":"","meta":[],"product_brand":[],"product_cat":[149],"product_tag":[92],"class_list":{"0":"post-8720","1":"product","2":"type-product","3":"status-publish","4":"has-post-thumbnail","6":"product_cat-sweats-one-piece","7":"product_tag-luffy","9":"first","10":"instock","11":"purchasable","12":"product-type-variable","13":"has-default-attributes"},"yoast_head":"<!-- This site is optimized with the Yoast SEO plugin v27.5 - https:\/\/yoast.com\/product\/yoast-seo-wordpress\/ -->\n<title>Sweat One Piece Luffy Wanted | Boutique One Piece<\/title>\n<meta name=\"description\" content=\"Sweat \u00e0 Capuche One Piece Luffy au Chapeau de Paille Recherch\u00e9 en Noir, Blanc et Militaire de Haute Qualit\u00e9 Porte les couleurs de la Licence de ton Mange pr\u00e9f\u00e9r\u00e9\" \/>\n<meta name=\"robots\" content=\"index, follow, max-snippet:-1, max-image-preview:large, max-video-preview:-1\" \/>\n<link rel=\"canonical\" href=\"https:\/\/boutique-one-piece.com\/nb\/one-piece-klaer\/ett-stykke-genser\/luffy-ville-ha-et-ettdelt-genser\/\" \/>\n<meta property=\"og:locale\" content=\"nb_NO\" \/>\n<meta property=\"og:type\" content=\"article\" \/>\n<meta property=\"og:title\" content=\"Sweat One Piece Luffy Wanted | Boutique One Piece\" \/>\n<meta property=\"og:description\" content=\"Sweat \u00e0 Capuche One Piece Luffy au Chapeau de Paille Recherch\u00e9 en Noir, Blanc et Militaire de Haute Qualit\u00e9 Porte les couleurs de la Licence de ton Mange pr\u00e9f\u00e9r\u00e9\" \/>\n<meta property=\"og:url\" content=\"https:\/\/boutique-one-piece.com\/nb\/one-piece-klaer\/ett-stykke-genser\/luffy-ville-ha-et-ettdelt-genser\/\" \/>\n<meta property=\"og:site_name\" content=\"Boutique One Piece\" \/>\n<meta property=\"article:modified_time\" content=\"2024-09-16T11:25:55+00:00\" \/>\n<meta property=\"og:image\" content=\"https:\/\/boutique-one-piece.com\/wp-content\/uploads\/2022\/09\/Sweat-One-Piece-Luffy-Wanted.jpg\" \/>\n\t<meta property=\"og:image:width\" content=\"640\" \/>\n\t<meta property=\"og:image:height\" content=\"640\" \/>\n\t<meta property=\"og:image:type\" content=\"image\/jpeg\" \/>\n<meta name=\"twitter:card\" content=\"summary_large_image\" \/>\n<meta name=\"twitter:label1\" content=\"Ansl. lesetid\" \/>\n\t<meta name=\"twitter:data1\" content=\"2 minutter\" \/>\n<script type=\"application\/ld+json\" class=\"yoast-schema-graph\">{\"@context\":\"https:\\\/\\\/schema.org\",\"@graph\":[{\"@type\":\"WebPage\",\"@id\":\"https:\\\/\\\/boutique-one-piece.com\\\/vetements-one-piece\\\/sweats-one-piece\\\/sweat-one-piece-luffy-wanted\\\/\",\"url\":\"https:\\\/\\\/boutique-one-piece.com\\\/vetements-one-piece\\\/sweats-one-piece\\\/sweat-one-piece-luffy-wanted\\\/\",\"name\":\"Sweat One Piece Luffy Wanted | Boutique One Piece\",\"isPartOf\":{\"@id\":\"https:\\\/\\\/boutique-one-piece.com\\\/#website\"},\"primaryImageOfPage\":{\"@id\":\"https:\\\/\\\/boutique-one-piece.com\\\/vetements-one-piece\\\/sweats-one-piece\\\/sweat-one-piece-luffy-wanted\\\/#primaryimage\"},\"image\":{\"@id\":\"https:\\\/\\\/boutique-one-piece.com\\\/vetements-one-piece\\\/sweats-one-piece\\\/sweat-one-piece-luffy-wanted\\\/#primaryimage\"},\"thumbnailUrl\":\"https:\\\/\\\/boutique-one-piece.com\\\/wp-content\\\/uploads\\\/2022\\\/09\\\/Sweat-One-Piece-Luffy-Wanted.jpg\",\"datePublished\":\"2022-09-27T20:14:52+00:00\",\"dateModified\":\"2024-09-16T11:25:55+00:00\",\"description\":\"Sweat \u00e0 Capuche One Piece Luffy au Chapeau de Paille Recherch\u00e9 en Noir, Blanc et Militaire de Haute Qualit\u00e9 Porte les couleurs de la Licence de ton Mange pr\u00e9f\u00e9r\u00e9\",\"breadcrumb\":{\"@id\":\"https:\\\/\\\/boutique-one-piece.com\\\/vetements-one-piece\\\/sweats-one-piece\\\/sweat-one-piece-luffy-wanted\\\/#breadcrumb\"},\"inLanguage\":\"nb-NO\",\"potentialAction\":[{\"@type\":\"ReadAction\",\"target\":[\"https:\\\/\\\/boutique-one-piece.com\\\/vetements-one-piece\\\/sweats-one-piece\\\/sweat-one-piece-luffy-wanted\\\/\"]}]},{\"@type\":\"ImageObject\",\"inLanguage\":\"nb-NO\",\"@id\":\"https:\\\/\\\/boutique-one-piece.com\\\/vetements-one-piece\\\/sweats-one-piece\\\/sweat-one-piece-luffy-wanted\\\/#primaryimage\",\"url\":\"https:\\\/\\\/boutique-one-piece.com\\\/wp-content\\\/uploads\\\/2022\\\/09\\\/Sweat-One-Piece-Luffy-Wanted.jpg\",\"contentUrl\":\"https:\\\/\\\/boutique-one-piece.com\\\/wp-content\\\/uploads\\\/2022\\\/09\\\/Sweat-One-Piece-Luffy-Wanted.jpg\",\"width\":640,\"height\":640,\"caption\":\"Sweat One Piece Luffy Wanted Noir 4XL\"},{\"@type\":\"BreadcrumbList\",\"@id\":\"https:\\\/\\\/boutique-one-piece.com\\\/vetements-one-piece\\\/sweats-one-piece\\\/sweat-one-piece-luffy-wanted\\\/#breadcrumb\",\"itemListElement\":[{\"@type\":\"ListItem\",\"position\":1,\"name\":\"Home\",\"item\":\"https:\\\/\\\/boutique-one-piece.com\\\/\"},{\"@type\":\"ListItem\",\"position\":2,\"name\":\"Shop\",\"item\":\"https:\\\/\\\/boutique-one-piece.com\\\/shop\\\/\"},{\"@type\":\"ListItem\",\"position\":3,\"name\":\"Sweat One Piece Luffy Wanted\"}]},{\"@type\":\"WebSite\",\"@id\":\"https:\\\/\\\/boutique-one-piece.com\\\/#website\",\"url\":\"https:\\\/\\\/boutique-one-piece.com\\\/\",\"name\":\"Boutique One Piece\",\"description\":\"Magasin Sp\u00e9cialis\u00e9 du Manga et l&#039;Anime One Piece\",\"publisher\":{\"@id\":\"https:\\\/\\\/boutique-one-piece.com\\\/#organization\"},\"potentialAction\":[{\"@type\":\"SearchAction\",\"target\":{\"@type\":\"EntryPoint\",\"urlTemplate\":\"https:\\\/\\\/boutique-one-piece.com\\\/?s={search_term_string}\"},\"query-input\":{\"@type\":\"PropertyValueSpecification\",\"valueRequired\":true,\"valueName\":\"search_term_string\"}}],\"inLanguage\":\"nb-NO\"},{\"@type\":\"Organization\",\"@id\":\"https:\\\/\\\/boutique-one-piece.com\\\/#organization\",\"name\":\"Boutique One Piece\",\"url\":\"https:\\\/\\\/boutique-one-piece.com\\\/\",\"logo\":{\"@type\":\"ImageObject\",\"inLanguage\":\"nb-NO\",\"@id\":\"https:\\\/\\\/boutique-one-piece.com\\\/#\\\/schema\\\/logo\\\/image\\\/\",\"url\":\"https:\\\/\\\/boutique-one-piece.com\\\/wp-content\\\/uploads\\\/2022\\\/09\\\/Logo-01.png\",\"contentUrl\":\"https:\\\/\\\/boutique-one-piece.com\\\/wp-content\\\/uploads\\\/2022\\\/09\\\/Logo-01.png\",\"width\":2318,\"height\":957,\"caption\":\"Boutique One Piece\"},\"image\":{\"@id\":\"https:\\\/\\\/boutique-one-piece.com\\\/#\\\/schema\\\/logo\\\/image\\\/\"}}]}<\/script>\n<!-- \/ Yoast SEO plugin. -->","yoast_head_json":{"title":"One Piece Luffy Wanted-genser | One Piece-butikk","description":"One Piece Luffy str\u00e5hatt-hettegenser i svart, hvitt og milit\u00e6rstil - h\u00f8y kvalitet - Vis din st\u00f8tte til din favorittmanga!","robots":{"index":"index","follow":"follow","max-snippet":"max-snippet:-1","max-image-preview":"max-image-preview:large","max-video-preview":"max-video-preview:-1"},"canonical":"https:\/\/boutique-one-piece.com\/nb\/one-piece-klaer\/ett-stykke-genser\/luffy-ville-ha-et-ettdelt-genser\/","og_locale":"nb_NO","og_type":"article","og_title":"Sweat One Piece Luffy Wanted | Boutique One Piece","og_description":"Sweat \u00e0 Capuche One Piece Luffy au Chapeau de Paille Recherch\u00e9 en Noir, Blanc et Militaire de Haute Qualit\u00e9 Porte les couleurs de la Licence de ton Mange pr\u00e9f\u00e9r\u00e9","og_url":"https:\/\/boutique-one-piece.com\/nb\/one-piece-klaer\/ett-stykke-genser\/luffy-ville-ha-et-ettdelt-genser\/","og_site_name":"Boutique One Piece","article_modified_time":"2024-09-16T11:25:55+00:00","og_image":[{"width":640,"height":640,"url":"https:\/\/boutique-one-piece.com\/wp-content\/uploads\/2022\/09\/Sweat-One-Piece-Luffy-Wanted.jpg","type":"image\/jpeg"}],"twitter_card":"summary_large_image","twitter_misc":{"Ansl. lesetid":"2 minutter"},"schema":{"@context":"https:\/\/schema.org","@graph":[{"@type":"WebPage","@id":"https:\/\/boutique-one-piece.com\/vetements-one-piece\/sweats-one-piece\/sweat-one-piece-luffy-wanted\/","url":"https:\/\/boutique-one-piece.com\/vetements-one-piece\/sweats-one-piece\/sweat-one-piece-luffy-wanted\/","name":"One Piece Luffy Wanted-genser | One Piece-butikk","isPartOf":{"@id":"https:\/\/boutique-one-piece.com\/#website"},"primaryImageOfPage":{"@id":"https:\/\/boutique-one-piece.com\/vetements-one-piece\/sweats-one-piece\/sweat-one-piece-luffy-wanted\/#primaryimage"},"image":{"@id":"https:\/\/boutique-one-piece.com\/vetements-one-piece\/sweats-one-piece\/sweat-one-piece-luffy-wanted\/#primaryimage"},"thumbnailUrl":"https:\/\/boutique-one-piece.com\/wp-content\/uploads\/2022\/09\/Sweat-One-Piece-Luffy-Wanted.jpg","datePublished":"2022-09-27T20:14:52+00:00","dateModified":"2024-09-16T11:25:55+00:00","description":"One Piece Luffy str\u00e5hatt-hettegenser i svart, hvitt og milit\u00e6rstil - h\u00f8y kvalitet - Vis din st\u00f8tte til din favorittmanga!","breadcrumb":{"@id":"https:\/\/boutique-one-piece.com\/vetements-one-piece\/sweats-one-piece\/sweat-one-piece-luffy-wanted\/#breadcrumb"},"inLanguage":"nb-NO","potentialAction":[{"@type":"ReadAction","target":["https:\/\/boutique-one-piece.com\/vetements-one-piece\/sweats-one-piece\/sweat-one-piece-luffy-wanted\/"]}]},{"@type":"ImageObject","inLanguage":"nb-NO","@id":"https:\/\/boutique-one-piece.com\/vetements-one-piece\/sweats-one-piece\/sweat-one-piece-luffy-wanted\/#primaryimage","url":"https:\/\/boutique-one-piece.com\/wp-content\/uploads\/2022\/09\/Sweat-One-Piece-Luffy-Wanted.jpg","contentUrl":"https:\/\/boutique-one-piece.com\/wp-content\/uploads\/2022\/09\/Sweat-One-Piece-Luffy-Wanted.jpg","width":640,"height":640,"caption":"Sweat One Piece Luffy Wanted Noir 4XL"},{"@type":"BreadcrumbList","@id":"https:\/\/boutique-one-piece.com\/vetements-one-piece\/sweats-one-piece\/sweat-one-piece-luffy-wanted\/#breadcrumb","itemListElement":[{"@type":"ListItem","position":1,"name":"Home","item":"https:\/\/boutique-one-piece.com\/"},{"@type":"ListItem","position":2,"name":"Shop","item":"https:\/\/boutique-one-piece.com\/shop\/"},{"@type":"ListItem","position":3,"name":"Sweat One Piece Luffy Wanted"}]},{"@type":"WebSite","@id":"https:\/\/boutique-one-piece.com\/#website","url":"https:\/\/boutique-one-piece.com\/","name":"One Piece-butikk","description":"Spesialbutikk for One Piece Manga og Anime","publisher":{"@id":"https:\/\/boutique-one-piece.com\/#organization"},"potentialAction":[{"@type":"SearchAction","target":{"@type":"EntryPoint","urlTemplate":"https:\/\/boutique-one-piece.com\/?s={search_term_string}"},"query-input":{"@type":"PropertyValueSpecification","valueRequired":true,"valueName":"search_term_string"}}],"inLanguage":"nb-NO"},{"@type":"Organization","@id":"https:\/\/boutique-one-piece.com\/#organization","name":"One Piece-butikk","url":"https:\/\/boutique-one-piece.com\/","logo":{"@type":"ImageObject","inLanguage":"nb-NO","@id":"https:\/\/boutique-one-piece.com\/#\/schema\/logo\/image\/","url":"https:\/\/boutique-one-piece.com\/wp-content\/uploads\/2022\/09\/Logo-01.png","contentUrl":"https:\/\/boutique-one-piece.com\/wp-content\/uploads\/2022\/09\/Logo-01.png","width":2318,"height":957,"caption":"Boutique One Piece"},"image":{"@id":"https:\/\/boutique-one-piece.com\/#\/schema\/logo\/image\/"}}]}},"_links":{"self":[{"href":"https:\/\/boutique-one-piece.com\/nb\/wp-json\/wp\/v2\/product\/8720","targetHints":{"allow":["GET"]}}],"collection":[{"href":"https:\/\/boutique-one-piece.com\/nb\/wp-json\/wp\/v2\/product"}],"about":[{"href":"https:\/\/boutique-one-piece.com\/nb\/wp-json\/wp\/v2\/types\/product"}],"replies":[{"embeddable":true,"href":"https:\/\/boutique-one-piece.com\/nb\/wp-json\/wp\/v2\/comments?post=8720"}],"wp:featuredmedia":[{"embeddable":true,"href":"https:\/\/boutique-one-piece.com\/nb\/wp-json\/wp\/v2\/media\/8722"}],"wp:attachment":[{"href":"https:\/\/boutique-one-piece.com\/nb\/wp-json\/wp\/v2\/media?parent=8720"}],"wp:term":[{"taxonomy":"product_brand","embeddable":true,"href":"https:\/\/boutique-one-piece.com\/nb\/wp-json\/wp\/v2\/product_brand?post=8720"},{"taxonomy":"product_cat","embeddable":true,"href":"https:\/\/boutique-one-piece.com\/nb\/wp-json\/wp\/v2\/product_cat?post=8720"},{"taxonomy":"product_tag","embeddable":true,"href":"https:\/\/boutique-one-piece.com\/nb\/wp-json\/wp\/v2\/product_tag?post=8720"}],"curies":[{"name":"wp","href":"https:\/\/api.w.org\/{rel}","templated":true}]}}