{"id":8794,"date":"2022-09-27T20:15:13","date_gmt":"2022-09-27T20:15:13","guid":{"rendered":"https:\/\/boutique-one-piece.com\/uncategorized\/figurine-one-piece-law-position-interchangeable\/"},"modified":"2024-09-16T11:27:27","modified_gmt":"2024-09-16T11:27:27","slug":"one-piece-law-figur-med-utskiftbar-posisjon","status":"publish","type":"product","link":"https:\/\/boutique-one-piece.com\/nb\/one-piece-figurer-2\/trafalgar-law-figurer\/one-piece-law-figur-med-utskiftbar-posisjon\/","title":{"rendered":"One Piece Law Position Utskiftbar Figur"},"content":{"rendered":"<h2>Unge pirat, tiden er inne for at du skal skaffe deg denne utskiftbare One Piece Law Position-figuren.<\/h2>\n<p>Du er uten tvil klar over det <strong>Trafalgar Law<\/strong>, hvis egentlige navn er Trafalgar D. Water Law, er kaptein og doktor i<strong> Hjertemannskapet<\/strong> ; Et piratmannskap som hovedsakelig bestod av leger. Litt mer informasjon om mannskapet deres: Hjertepiratene er et kjent mannskap av bemerkelsesverdige pirater som ble oppdaget p\u00e5 Sabaody-\u00f8ygruppen i den tiden da... <strong>Str\u00e5hatt-gjengen<\/strong> var bare p\u00e5 gjennomreise.<\/p>\n<p>Potensialet deres ble ytterligere demonstrert med utgivelsen av Silvers Rayleighs Haki, som nesten alle besetningsmedlemmene klarte \u00e5 motst\u00e5. Forresten, hvis du \u00f8nsker \u00e5 utvide figursamlingen din, er <a title=\"POK\u00c9MON-FIGUR KAPTEIN STR\u00c5HATT LUFFY\" href=\"https:\/\/boutique-one-piece.com\/nb\/pokemon-figur-av-kaptein-luffy-med-strahatten\/\" target=\"_blank\" rel=\"noopener\">Kaptein med str\u00e5hatten-figuren<\/a> (Luffy) er innen rekkevidde.<\/p>\n<h3>S\u00e5, fascinert av kaptein Trafalgar Law? I s\u00e5 fall, ikke n\u00f8l lenger og bli med mannskapet hans; mange eventyr venter deg i Heart-mannskapet.<\/h3>\n<p><strong>Ett stykke<\/strong> er verdens mestselgende manga. V\u00e6r stolt av \u00e5 v\u00e6re en del av dette eventyret! Fordyp deg i dette universet eller gjenoppdag det med disse <strong>mytiske gjenstander<\/strong>. Disse varene er perfekte for gave, dekorasjon eller samlerobjekter. Ikke vent lenger, og grip muligheten til \u00e5 utvide. <strong>ditt One Piece-univers<\/strong>.<\/p>\n<h2>Informasjon om utskiftbar figur for lovposisjon\u00a0<\/h2>\n<ul>\n<li><span><b><u>One Piece-figur<\/u><\/b>\u00a0Premium One Piece-figur for ekte pirater<\/span><\/li>\n<\/ul>\n<ul>\n<li>\n<b>Materie<\/b><span>\u00a0<\/span>PVC<\/li>\n<\/ul>\n<ul>\n<li><span><strong>Dimensjon<\/strong>\u00a0: 23 cm<\/span><\/li>\n<\/ul>\n<ul>\n<li><span><strong>GRATIS LEVERING<\/strong><\/span><\/li>\n<\/ul>","protected":false},"excerpt":{"rendered":"<p>Unge pirat, tiden er inne for at du skal f\u00e5 tak i denne One Piece Law-figuren med utskiftbar posisjon. Du er sikkert klar over at Trafalgar Law, hvis egentlige navn er Trafalgar D. Water Law, er kaptein og doktor for hjertepiratene; et piratmannskap som hovedsakelig best\u00e5r av leger. Litt mer informasjon om hans\u2026<\/p>","protected":false},"featured_media":8796,"comment_status":"open","ping_status":"open","template":"","meta":[],"product_brand":[],"product_cat":[76,214],"product_tag":[202],"class_list":{"0":"post-8794","1":"product","2":"type-product","3":"status-publish","4":"has-post-thumbnail","6":"product_cat-figurines-one-piece","7":"product_cat-figurines-trafalgar-law","8":"product_tag-law","10":"first","11":"instock","12":"purchasable","13":"product-type-simple"},"yoast_head":"<!-- This site is optimized with the Yoast SEO plugin v27.5 - https:\/\/yoast.com\/product\/yoast-seo-wordpress\/ -->\n<title>Figurine One Piece Law Position Interchangeable | Figurine One Piece \u2013 Boutique One Piece<\/title>\n<meta name=\"description\" content=\"Jeune pirate, le moment est venu pour toi de te procurer cette Figurine One Piece Law Position Interchangeable. Tu n&#039;es pas sans savoir que Trafalgar Law, de son vrai nom Trafalgar D. Water Law, est le Capitaine et Docteur de L&#039;\u00c9quipage du Heart ; un \u00e9quipage pirate constitu\u00e9 surtout de docteurs. Petite pr\u00e9cision conce\" \/>\n<meta name=\"robots\" content=\"index, follow, max-snippet:-1, max-image-preview:large, max-video-preview:-1\" \/>\n<link rel=\"canonical\" href=\"https:\/\/boutique-one-piece.com\/nb\/one-piece-figurer-2\/trafalgar-law-figurer\/one-piece-law-figur-med-utskiftbar-posisjon\/\" \/>\n<meta property=\"og:locale\" content=\"nb_NO\" \/>\n<meta property=\"og:type\" content=\"article\" \/>\n<meta property=\"og:title\" content=\"Figurine One Piece Law Position Interchangeable | Figurine One Piece \u2013 Boutique One Piece\" \/>\n<meta property=\"og:description\" content=\"Jeune pirate, le moment est venu pour toi de te procurer cette Figurine One Piece Law Position Interchangeable. Tu n&#039;es pas sans savoir que Trafalgar Law, de son vrai nom Trafalgar D. Water Law, est le Capitaine et Docteur de L&#039;\u00c9quipage du Heart ; un \u00e9quipage pirate constitu\u00e9 surtout de docteurs. Petite pr\u00e9cision conce\" \/>\n<meta property=\"og:url\" content=\"https:\/\/boutique-one-piece.com\/nb\/one-piece-figurer-2\/trafalgar-law-figurer\/one-piece-law-figur-med-utskiftbar-posisjon\/\" \/>\n<meta property=\"og:site_name\" content=\"Boutique One Piece\" \/>\n<meta property=\"article:modified_time\" content=\"2024-09-16T11:27:27+00:00\" \/>\n<meta property=\"og:image\" content=\"https:\/\/boutique-one-piece.com\/wp-content\/uploads\/2022\/09\/Figurine-One-Piece-Law-Position-Interchangeable-1.jpg\" \/>\n\t<meta property=\"og:image:width\" content=\"586\" \/>\n\t<meta property=\"og:image:height\" content=\"800\" \/>\n\t<meta property=\"og:image:type\" content=\"image\/jpeg\" \/>\n<meta name=\"twitter:card\" content=\"summary_large_image\" \/>\n<meta name=\"twitter:label1\" content=\"Ansl. lesetid\" \/>\n\t<meta name=\"twitter:data1\" content=\"1 minutt\" \/>\n<script type=\"application\/ld+json\" class=\"yoast-schema-graph\">{\"@context\":\"https:\\\/\\\/schema.org\",\"@graph\":[{\"@type\":\"WebPage\",\"@id\":\"https:\\\/\\\/boutique-one-piece.com\\\/figurines-one-piece\\\/figurines-trafalgar-law\\\/figurine-one-piece-law-position-interchangeable\\\/\",\"url\":\"https:\\\/\\\/boutique-one-piece.com\\\/figurines-one-piece\\\/figurines-trafalgar-law\\\/figurine-one-piece-law-position-interchangeable\\\/\",\"name\":\"Figurine One Piece Law Position Interchangeable | Figurine One Piece \u2013 Boutique One Piece\",\"isPartOf\":{\"@id\":\"https:\\\/\\\/boutique-one-piece.com\\\/#website\"},\"primaryImageOfPage\":{\"@id\":\"https:\\\/\\\/boutique-one-piece.com\\\/figurines-one-piece\\\/figurines-trafalgar-law\\\/figurine-one-piece-law-position-interchangeable\\\/#primaryimage\"},\"image\":{\"@id\":\"https:\\\/\\\/boutique-one-piece.com\\\/figurines-one-piece\\\/figurines-trafalgar-law\\\/figurine-one-piece-law-position-interchangeable\\\/#primaryimage\"},\"thumbnailUrl\":\"https:\\\/\\\/boutique-one-piece.com\\\/wp-content\\\/uploads\\\/2022\\\/09\\\/Figurine-One-Piece-Law-Position-Interchangeable-1.jpg\",\"datePublished\":\"2022-09-27T20:15:13+00:00\",\"dateModified\":\"2024-09-16T11:27:27+00:00\",\"description\":\"Jeune pirate, le moment est venu pour toi de te procurer cette Figurine One Piece Law Position Interchangeable. Tu n'es pas sans savoir que Trafalgar Law, de son vrai nom Trafalgar D. Water Law, est le Capitaine et Docteur de L'\u00c9quipage du Heart ; un \u00e9quipage pirate constitu\u00e9 surtout de docteurs. Petite pr\u00e9cision conce\",\"breadcrumb\":{\"@id\":\"https:\\\/\\\/boutique-one-piece.com\\\/figurines-one-piece\\\/figurines-trafalgar-law\\\/figurine-one-piece-law-position-interchangeable\\\/#breadcrumb\"},\"inLanguage\":\"nb-NO\",\"potentialAction\":[{\"@type\":\"ReadAction\",\"target\":[\"https:\\\/\\\/boutique-one-piece.com\\\/figurines-one-piece\\\/figurines-trafalgar-law\\\/figurine-one-piece-law-position-interchangeable\\\/\"]}]},{\"@type\":\"ImageObject\",\"inLanguage\":\"nb-NO\",\"@id\":\"https:\\\/\\\/boutique-one-piece.com\\\/figurines-one-piece\\\/figurines-trafalgar-law\\\/figurine-one-piece-law-position-interchangeable\\\/#primaryimage\",\"url\":\"https:\\\/\\\/boutique-one-piece.com\\\/wp-content\\\/uploads\\\/2022\\\/09\\\/Figurine-One-Piece-Law-Position-Interchangeable-1.jpg\",\"contentUrl\":\"https:\\\/\\\/boutique-one-piece.com\\\/wp-content\\\/uploads\\\/2022\\\/09\\\/Figurine-One-Piece-Law-Position-Interchangeable-1.jpg\",\"width\":586,\"height\":800},{\"@type\":\"BreadcrumbList\",\"@id\":\"https:\\\/\\\/boutique-one-piece.com\\\/figurines-one-piece\\\/figurines-trafalgar-law\\\/figurine-one-piece-law-position-interchangeable\\\/#breadcrumb\",\"itemListElement\":[{\"@type\":\"ListItem\",\"position\":1,\"name\":\"Home\",\"item\":\"https:\\\/\\\/boutique-one-piece.com\\\/\"},{\"@type\":\"ListItem\",\"position\":2,\"name\":\"Shop\",\"item\":\"https:\\\/\\\/boutique-one-piece.com\\\/shop\\\/\"},{\"@type\":\"ListItem\",\"position\":3,\"name\":\"Figurine One Piece Law Position Interchangeable\"}]},{\"@type\":\"WebSite\",\"@id\":\"https:\\\/\\\/boutique-one-piece.com\\\/#website\",\"url\":\"https:\\\/\\\/boutique-one-piece.com\\\/\",\"name\":\"Boutique One Piece\",\"description\":\"Magasin Sp\u00e9cialis\u00e9 du Manga et l&#039;Anime One Piece\",\"publisher\":{\"@id\":\"https:\\\/\\\/boutique-one-piece.com\\\/#organization\"},\"potentialAction\":[{\"@type\":\"SearchAction\",\"target\":{\"@type\":\"EntryPoint\",\"urlTemplate\":\"https:\\\/\\\/boutique-one-piece.com\\\/?s={search_term_string}\"},\"query-input\":{\"@type\":\"PropertyValueSpecification\",\"valueRequired\":true,\"valueName\":\"search_term_string\"}}],\"inLanguage\":\"nb-NO\"},{\"@type\":\"Organization\",\"@id\":\"https:\\\/\\\/boutique-one-piece.com\\\/#organization\",\"name\":\"Boutique One Piece\",\"url\":\"https:\\\/\\\/boutique-one-piece.com\\\/\",\"logo\":{\"@type\":\"ImageObject\",\"inLanguage\":\"nb-NO\",\"@id\":\"https:\\\/\\\/boutique-one-piece.com\\\/#\\\/schema\\\/logo\\\/image\\\/\",\"url\":\"https:\\\/\\\/boutique-one-piece.com\\\/wp-content\\\/uploads\\\/2022\\\/09\\\/Logo-01.png\",\"contentUrl\":\"https:\\\/\\\/boutique-one-piece.com\\\/wp-content\\\/uploads\\\/2022\\\/09\\\/Logo-01.png\",\"width\":2318,\"height\":957,\"caption\":\"Boutique One Piece\"},\"image\":{\"@id\":\"https:\\\/\\\/boutique-one-piece.com\\\/#\\\/schema\\\/logo\\\/image\\\/\"}}]}<\/script>\n<!-- \/ Yoast SEO plugin. -->","yoast_head_json":{"title":"One Piece Law Position Utskiftbar Figur | One Piece Figur \u2013 One Piece Shop","description":"Unge pirat, tiden er inne for at du skal f\u00e5 tak i denne One Piece Law-figuren med utskiftbar posisjon. Du er sikkert klar over at Trafalgar Law, hvis egentlige navn er Trafalgar D. Water Law, er kaptein og doktor for Hjertepiratene; et piratmannskap som hovedsakelig best\u00e5r av leger. En liten detalj ang\u00e5ende","robots":{"index":"index","follow":"follow","max-snippet":"max-snippet:-1","max-image-preview":"max-image-preview:large","max-video-preview":"max-video-preview:-1"},"canonical":"https:\/\/boutique-one-piece.com\/nb\/one-piece-figurer-2\/trafalgar-law-figurer\/one-piece-law-figur-med-utskiftbar-posisjon\/","og_locale":"nb_NO","og_type":"article","og_title":"Figurine One Piece Law Position Interchangeable | Figurine One Piece \u2013 Boutique One Piece","og_description":"Jeune pirate, le moment est venu pour toi de te procurer cette Figurine One Piece Law Position Interchangeable. Tu n'es pas sans savoir que Trafalgar Law, de son vrai nom Trafalgar D. Water Law, est le Capitaine et Docteur de L'\u00c9quipage du Heart ; un \u00e9quipage pirate constitu\u00e9 surtout de docteurs. Petite pr\u00e9cision conce","og_url":"https:\/\/boutique-one-piece.com\/nb\/one-piece-figurer-2\/trafalgar-law-figurer\/one-piece-law-figur-med-utskiftbar-posisjon\/","og_site_name":"Boutique One Piece","article_modified_time":"2024-09-16T11:27:27+00:00","og_image":[{"width":586,"height":800,"url":"https:\/\/boutique-one-piece.com\/wp-content\/uploads\/2022\/09\/Figurine-One-Piece-Law-Position-Interchangeable-1.jpg","type":"image\/jpeg"}],"twitter_card":"summary_large_image","twitter_misc":{"Ansl. lesetid":"1 minutt"},"schema":{"@context":"https:\/\/schema.org","@graph":[{"@type":"WebPage","@id":"https:\/\/boutique-one-piece.com\/figurines-one-piece\/figurines-trafalgar-law\/figurine-one-piece-law-position-interchangeable\/","url":"https:\/\/boutique-one-piece.com\/figurines-one-piece\/figurines-trafalgar-law\/figurine-one-piece-law-position-interchangeable\/","name":"One Piece Law Position Utskiftbar Figur | One Piece Figur \u2013 One Piece Shop","isPartOf":{"@id":"https:\/\/boutique-one-piece.com\/#website"},"primaryImageOfPage":{"@id":"https:\/\/boutique-one-piece.com\/figurines-one-piece\/figurines-trafalgar-law\/figurine-one-piece-law-position-interchangeable\/#primaryimage"},"image":{"@id":"https:\/\/boutique-one-piece.com\/figurines-one-piece\/figurines-trafalgar-law\/figurine-one-piece-law-position-interchangeable\/#primaryimage"},"thumbnailUrl":"https:\/\/boutique-one-piece.com\/wp-content\/uploads\/2022\/09\/Figurine-One-Piece-Law-Position-Interchangeable-1.jpg","datePublished":"2022-09-27T20:15:13+00:00","dateModified":"2024-09-16T11:27:27+00:00","description":"Unge pirat, tiden er inne for at du skal f\u00e5 tak i denne One Piece Law-figuren med utskiftbar posisjon. Du er sikkert klar over at Trafalgar Law, hvis egentlige navn er Trafalgar D. Water Law, er kaptein og doktor for Hjertepiratene; et piratmannskap som hovedsakelig best\u00e5r av leger. En liten detalj ang\u00e5ende","breadcrumb":{"@id":"https:\/\/boutique-one-piece.com\/figurines-one-piece\/figurines-trafalgar-law\/figurine-one-piece-law-position-interchangeable\/#breadcrumb"},"inLanguage":"nb-NO","potentialAction":[{"@type":"ReadAction","target":["https:\/\/boutique-one-piece.com\/figurines-one-piece\/figurines-trafalgar-law\/figurine-one-piece-law-position-interchangeable\/"]}]},{"@type":"ImageObject","inLanguage":"nb-NO","@id":"https:\/\/boutique-one-piece.com\/figurines-one-piece\/figurines-trafalgar-law\/figurine-one-piece-law-position-interchangeable\/#primaryimage","url":"https:\/\/boutique-one-piece.com\/wp-content\/uploads\/2022\/09\/Figurine-One-Piece-Law-Position-Interchangeable-1.jpg","contentUrl":"https:\/\/boutique-one-piece.com\/wp-content\/uploads\/2022\/09\/Figurine-One-Piece-Law-Position-Interchangeable-1.jpg","width":586,"height":800},{"@type":"BreadcrumbList","@id":"https:\/\/boutique-one-piece.com\/figurines-one-piece\/figurines-trafalgar-law\/figurine-one-piece-law-position-interchangeable\/#breadcrumb","itemListElement":[{"@type":"ListItem","position":1,"name":"Home","item":"https:\/\/boutique-one-piece.com\/"},{"@type":"ListItem","position":2,"name":"Shop","item":"https:\/\/boutique-one-piece.com\/shop\/"},{"@type":"ListItem","position":3,"name":"Figurine One Piece Law Position Interchangeable"}]},{"@type":"WebSite","@id":"https:\/\/boutique-one-piece.com\/#website","url":"https:\/\/boutique-one-piece.com\/","name":"One Piece-butikk","description":"Spesialbutikk for One Piece Manga og Anime","publisher":{"@id":"https:\/\/boutique-one-piece.com\/#organization"},"potentialAction":[{"@type":"SearchAction","target":{"@type":"EntryPoint","urlTemplate":"https:\/\/boutique-one-piece.com\/?s={search_term_string}"},"query-input":{"@type":"PropertyValueSpecification","valueRequired":true,"valueName":"search_term_string"}}],"inLanguage":"nb-NO"},{"@type":"Organization","@id":"https:\/\/boutique-one-piece.com\/#organization","name":"One Piece-butikk","url":"https:\/\/boutique-one-piece.com\/","logo":{"@type":"ImageObject","inLanguage":"nb-NO","@id":"https:\/\/boutique-one-piece.com\/#\/schema\/logo\/image\/","url":"https:\/\/boutique-one-piece.com\/wp-content\/uploads\/2022\/09\/Logo-01.png","contentUrl":"https:\/\/boutique-one-piece.com\/wp-content\/uploads\/2022\/09\/Logo-01.png","width":2318,"height":957,"caption":"Boutique One Piece"},"image":{"@id":"https:\/\/boutique-one-piece.com\/#\/schema\/logo\/image\/"}}]}},"_links":{"self":[{"href":"https:\/\/boutique-one-piece.com\/nb\/wp-json\/wp\/v2\/product\/8794","targetHints":{"allow":["GET"]}}],"collection":[{"href":"https:\/\/boutique-one-piece.com\/nb\/wp-json\/wp\/v2\/product"}],"about":[{"href":"https:\/\/boutique-one-piece.com\/nb\/wp-json\/wp\/v2\/types\/product"}],"replies":[{"embeddable":true,"href":"https:\/\/boutique-one-piece.com\/nb\/wp-json\/wp\/v2\/comments?post=8794"}],"wp:featuredmedia":[{"embeddable":true,"href":"https:\/\/boutique-one-piece.com\/nb\/wp-json\/wp\/v2\/media\/8796"}],"wp:attachment":[{"href":"https:\/\/boutique-one-piece.com\/nb\/wp-json\/wp\/v2\/media?parent=8794"}],"wp:term":[{"taxonomy":"product_brand","embeddable":true,"href":"https:\/\/boutique-one-piece.com\/nb\/wp-json\/wp\/v2\/product_brand?post=8794"},{"taxonomy":"product_cat","embeddable":true,"href":"https:\/\/boutique-one-piece.com\/nb\/wp-json\/wp\/v2\/product_cat?post=8794"},{"taxonomy":"product_tag","embeddable":true,"href":"https:\/\/boutique-one-piece.com\/nb\/wp-json\/wp\/v2\/product_tag?post=8794"}],"curies":[{"name":"wp","href":"https:\/\/api.w.org\/{rel}","templated":true}]}}