{"id":8835,"date":"2022-09-27T20:15:48","date_gmt":"2022-09-27T20:15:48","guid":{"rendered":"https:\/\/boutique-one-piece.com\/uncategorized\/lot-de-2-figurine-one-piece-marco-et-gol-d-roger\/"},"modified":"2024-09-16T11:28:24","modified_gmt":"2024-09-16T11:28:24","slug":"sett-med-2-one-piece-figurer-marco-og-gol-d-roger","status":"publish","type":"product","link":"https:\/\/boutique-one-piece.com\/nb\/one-piece-figurer-2\/sett-med-2-one-piece-figurer-marco-og-gol-d-roger\/","title":{"rendered":"Sett med 2 One Piece Marco og Gol D. Roger-figurer"},"content":{"rendered":"<h2>Unge pirat, tiden er inne for at du setter seil og m\u00f8ter piratkongen. For \u00e5 gj\u00f8re det, f\u00e5 tak i dette One Piece Marco og Gol D. Roger 2-figursettet n\u00e5.<\/h2>\n<p>Du er uten tvil klar over det<strong> Gol D. Roger<\/strong>, bedre kjent som Gull-Roger, var den forrige og eneste piratkongen og den tidligere eieren av den legendariske skatten, <strong>One Piece<\/strong>. Roger var kaptein p\u00e5 Roger Pirates, det eneste mannskapet som hadde seilt hele Grand Line. Han var ogs\u00e5 far til Portgas D. Ace, s\u00f8nnen hans med Portgas D. Rouge. Han ble henrettet for over 20 \u00e5r siden i Loguetown, hjembyen hans.<\/p>\n<p>N\u00e5r det gjelder<strong> Marco<\/strong>, Han var kommand\u00f8r for den f\u00f8rste divisjonen av Hvitskjeggpiratene. Han er ogs\u00e5 kjent som \u00abMarco F\u00f8niksen\u00bb og skylder kallenavnet sitt kraften til den mytiske Zoan-lignende djevelfrukten som lar ham forvandle seg til en f\u00f8niks og regenerere seg etter eget \u00f8nske. Marco var <strong>Hvitskjeggs h\u00f8yre h\u00e5nd<\/strong> s\u00e5 vel som hans n\u00e6rmeste fortrolige. Han pr\u00f8vde til og med \u00e5 hjelpe kapteinen sin i kampen mot Svartskjegg, men ble til slutt beordret til \u00e5 trekke seg tilbake. Dessuten, <a title=\"ONE PIECE EDWARD NEWGATE KEISEREN HVITSKJEGG\" href=\"https:\/\/boutique-one-piece.com\/nb\/one-piece-edward-newgate-den-hvite-skjeggkeiseren\/\" target=\"_blank\" rel=\"noopener\">hvitskjeggfigur<\/a> er innen rekkevidde.<\/p>\n<h3>S\u00e5, er du fascinert av Blackbeard- og Marco-figurene? I s\u00e5 fall, dykk ned i One Pieces verden; mange eventyr venter deg. Det er opp til deg \u00e5 velge mannskap og kamper.<\/h3>\n<p>Ung pirat, skaff deg disse <strong>mytiske gjenstander<\/strong> Og kom og utvid ditt One Piece-univers. Disse varene er utmerkede gaveideer, s\u00e5 skjem bort deg selv eller noen andre. \u00c9n ting er sikkert, <strong>One Piece-skatten<\/strong>, har fortsatt ikke blitt funnet.<\/p>\n<h2>Informasjon om Marco og Gol D. Roger-figurer\u00a0<\/h2>\n<ul>\n<li><span><b><u>One Piece-figur<\/u><\/b>\u00a0Premium One Piece-figur for ekte pirater<\/span><\/li>\n<\/ul>\n<ul>\n<li>\n<b>Materie<\/b><span>\u00a0<\/span>PVC<\/li>\n<\/ul>\n<ul>\n<li><span><strong>Dimensjon<\/strong>\u00a0: 18 cm<\/span><\/li>\n<\/ul>\n<ul>\n<li><span><strong>GRATIS LEVERING<\/strong><\/span><\/li>\n<\/ul>","protected":false},"excerpt":{"rendered":"<p>Jeune pirate, le moment est venu pour toi de partir \u00e0 la rencontre du Seigneur des pirates. Pour ce faire, procure-toi d\u00e8s maintenant ce Lot De 2 Figurines One Piece Marco Et Gol D Roger. Tu n&rsquo;es pas sans savoir que Gol D. Roger, plus connu sous le nom de Gold Roger, fut le pr\u00e9c\u00e9dent [&hellip;]<\/p>","protected":false},"featured_media":8837,"comment_status":"open","ping_status":"open","template":"","meta":[],"product_brand":[],"product_cat":[76],"product_tag":[261,210],"class_list":{"0":"post-8835","1":"product","2":"type-product","3":"status-publish","4":"has-post-thumbnail","6":"product_cat-figurines-one-piece","7":"product_tag-gol-d-roger","8":"product_tag-marco","10":"first","11":"instock","12":"purchasable","13":"product-type-simple"},"yoast_head":"<!-- This site is optimized with the Yoast SEO plugin v27.5 - https:\/\/yoast.com\/product\/yoast-seo-wordpress\/ -->\n<title>Lot De 2 Figurine One Piece Marco Et Gol D Roger | Figurine One Piece \u2013 Boutique One Piece<\/title>\n<meta name=\"description\" content=\"Jeune pirate, le moment est venu pour toi de partir \u00e0 la rencontre du Seigneur des pirates. Pour ce faire, procure-toi d\u00e8s maintenant ce Lot De 2 Figurines One Piece Marco Et Gol D Roger. Tu n&#039;es pas sans savoir que Gol D. Roger, plus connu sous le nom de Gold Roger, fut le pr\u00e9c\u00e9dent et unique Seigneur des pirates et l\" \/>\n<meta name=\"robots\" content=\"index, follow, max-snippet:-1, max-image-preview:large, max-video-preview:-1\" \/>\n<link rel=\"canonical\" href=\"https:\/\/boutique-one-piece.com\/nb\/one-piece-figurer-2\/sett-med-2-one-piece-figurer-marco-og-gol-d-roger\/\" \/>\n<meta property=\"og:locale\" content=\"nb_NO\" \/>\n<meta property=\"og:type\" content=\"article\" \/>\n<meta property=\"og:title\" content=\"Lot De 2 Figurine One Piece Marco Et Gol D Roger | Figurine One Piece \u2013 Boutique One Piece\" \/>\n<meta property=\"og:description\" content=\"Jeune pirate, le moment est venu pour toi de partir \u00e0 la rencontre du Seigneur des pirates. Pour ce faire, procure-toi d\u00e8s maintenant ce Lot De 2 Figurines One Piece Marco Et Gol D Roger. Tu n&#039;es pas sans savoir que Gol D. Roger, plus connu sous le nom de Gold Roger, fut le pr\u00e9c\u00e9dent et unique Seigneur des pirates et l\" \/>\n<meta property=\"og:url\" content=\"https:\/\/boutique-one-piece.com\/nb\/one-piece-figurer-2\/sett-med-2-one-piece-figurer-marco-og-gol-d-roger\/\" \/>\n<meta property=\"og:site_name\" content=\"Boutique One Piece\" \/>\n<meta property=\"article:modified_time\" content=\"2024-09-16T11:28:24+00:00\" \/>\n<meta property=\"og:image\" content=\"https:\/\/boutique-one-piece.com\/wp-content\/uploads\/2022\/09\/Lot-De-2-Figurine-One-Piece-Marco-Et-Gol-D-Roger.jpg\" \/>\n\t<meta property=\"og:image:width\" content=\"640\" \/>\n\t<meta property=\"og:image:height\" content=\"640\" \/>\n\t<meta property=\"og:image:type\" content=\"image\/jpeg\" \/>\n<meta name=\"twitter:card\" content=\"summary_large_image\" \/>\n<meta name=\"twitter:label1\" content=\"Ansl. lesetid\" \/>\n\t<meta name=\"twitter:data1\" content=\"2 minutter\" \/>\n<script type=\"application\/ld+json\" class=\"yoast-schema-graph\">{\"@context\":\"https:\\\/\\\/schema.org\",\"@graph\":[{\"@type\":\"WebPage\",\"@id\":\"https:\\\/\\\/boutique-one-piece.com\\\/figurines-one-piece\\\/lot-de-2-figurine-one-piece-marco-et-gol-d-roger\\\/\",\"url\":\"https:\\\/\\\/boutique-one-piece.com\\\/figurines-one-piece\\\/lot-de-2-figurine-one-piece-marco-et-gol-d-roger\\\/\",\"name\":\"Lot De 2 Figurine One Piece Marco Et Gol D Roger | Figurine One Piece \u2013 Boutique One Piece\",\"isPartOf\":{\"@id\":\"https:\\\/\\\/boutique-one-piece.com\\\/#website\"},\"primaryImageOfPage\":{\"@id\":\"https:\\\/\\\/boutique-one-piece.com\\\/figurines-one-piece\\\/lot-de-2-figurine-one-piece-marco-et-gol-d-roger\\\/#primaryimage\"},\"image\":{\"@id\":\"https:\\\/\\\/boutique-one-piece.com\\\/figurines-one-piece\\\/lot-de-2-figurine-one-piece-marco-et-gol-d-roger\\\/#primaryimage\"},\"thumbnailUrl\":\"https:\\\/\\\/boutique-one-piece.com\\\/wp-content\\\/uploads\\\/2022\\\/09\\\/Lot-De-2-Figurine-One-Piece-Marco-Et-Gol-D-Roger.jpg\",\"datePublished\":\"2022-09-27T20:15:48+00:00\",\"dateModified\":\"2024-09-16T11:28:24+00:00\",\"description\":\"Jeune pirate, le moment est venu pour toi de partir \u00e0 la rencontre du Seigneur des pirates. Pour ce faire, procure-toi d\u00e8s maintenant ce Lot De 2 Figurines One Piece Marco Et Gol D Roger. Tu n'es pas sans savoir que Gol D. Roger, plus connu sous le nom de Gold Roger, fut le pr\u00e9c\u00e9dent et unique Seigneur des pirates et l\",\"breadcrumb\":{\"@id\":\"https:\\\/\\\/boutique-one-piece.com\\\/figurines-one-piece\\\/lot-de-2-figurine-one-piece-marco-et-gol-d-roger\\\/#breadcrumb\"},\"inLanguage\":\"nb-NO\",\"potentialAction\":[{\"@type\":\"ReadAction\",\"target\":[\"https:\\\/\\\/boutique-one-piece.com\\\/figurines-one-piece\\\/lot-de-2-figurine-one-piece-marco-et-gol-d-roger\\\/\"]}]},{\"@type\":\"ImageObject\",\"inLanguage\":\"nb-NO\",\"@id\":\"https:\\\/\\\/boutique-one-piece.com\\\/figurines-one-piece\\\/lot-de-2-figurine-one-piece-marco-et-gol-d-roger\\\/#primaryimage\",\"url\":\"https:\\\/\\\/boutique-one-piece.com\\\/wp-content\\\/uploads\\\/2022\\\/09\\\/Lot-De-2-Figurine-One-Piece-Marco-Et-Gol-D-Roger.jpg\",\"contentUrl\":\"https:\\\/\\\/boutique-one-piece.com\\\/wp-content\\\/uploads\\\/2022\\\/09\\\/Lot-De-2-Figurine-One-Piece-Marco-Et-Gol-D-Roger.jpg\",\"width\":640,\"height\":640,\"caption\":\"Lot De 2 Figurine One Piece Marco Et Gol D Roger Default Title\"},{\"@type\":\"BreadcrumbList\",\"@id\":\"https:\\\/\\\/boutique-one-piece.com\\\/figurines-one-piece\\\/lot-de-2-figurine-one-piece-marco-et-gol-d-roger\\\/#breadcrumb\",\"itemListElement\":[{\"@type\":\"ListItem\",\"position\":1,\"name\":\"Home\",\"item\":\"https:\\\/\\\/boutique-one-piece.com\\\/\"},{\"@type\":\"ListItem\",\"position\":2,\"name\":\"Shop\",\"item\":\"https:\\\/\\\/boutique-one-piece.com\\\/shop\\\/\"},{\"@type\":\"ListItem\",\"position\":3,\"name\":\"Lot De 2 Figurine One Piece Marco Et Gol D Roger\"}]},{\"@type\":\"WebSite\",\"@id\":\"https:\\\/\\\/boutique-one-piece.com\\\/#website\",\"url\":\"https:\\\/\\\/boutique-one-piece.com\\\/\",\"name\":\"Boutique One Piece\",\"description\":\"Magasin Sp\u00e9cialis\u00e9 du Manga et l&#039;Anime One Piece\",\"publisher\":{\"@id\":\"https:\\\/\\\/boutique-one-piece.com\\\/#organization\"},\"potentialAction\":[{\"@type\":\"SearchAction\",\"target\":{\"@type\":\"EntryPoint\",\"urlTemplate\":\"https:\\\/\\\/boutique-one-piece.com\\\/?s={search_term_string}\"},\"query-input\":{\"@type\":\"PropertyValueSpecification\",\"valueRequired\":true,\"valueName\":\"search_term_string\"}}],\"inLanguage\":\"nb-NO\"},{\"@type\":\"Organization\",\"@id\":\"https:\\\/\\\/boutique-one-piece.com\\\/#organization\",\"name\":\"Boutique One Piece\",\"url\":\"https:\\\/\\\/boutique-one-piece.com\\\/\",\"logo\":{\"@type\":\"ImageObject\",\"inLanguage\":\"nb-NO\",\"@id\":\"https:\\\/\\\/boutique-one-piece.com\\\/#\\\/schema\\\/logo\\\/image\\\/\",\"url\":\"https:\\\/\\\/boutique-one-piece.com\\\/wp-content\\\/uploads\\\/2022\\\/09\\\/Logo-01.png\",\"contentUrl\":\"https:\\\/\\\/boutique-one-piece.com\\\/wp-content\\\/uploads\\\/2022\\\/09\\\/Logo-01.png\",\"width\":2318,\"height\":957,\"caption\":\"Boutique One Piece\"},\"image\":{\"@id\":\"https:\\\/\\\/boutique-one-piece.com\\\/#\\\/schema\\\/logo\\\/image\\\/\"}}]}<\/script>\n<!-- \/ Yoast SEO plugin. -->","yoast_head_json":{"title":"Lott med 2 One Piece Marco og Gol D Roger-figurer | One Piece-figur \u2013 One Piece-butikk","description":"Unge pirat, tiden er inne for at du setter seil og m\u00f8ter piratkongen. For \u00e5 gj\u00f8re det, f\u00e5 tak i dette One Piece Marco og Gol D. Roger 2-figursettet n\u00e5. Du vet sikkert at Gol D. Roger, bedre kjent som Gol Roger, var den forrige og eneste piratkongen og...","robots":{"index":"index","follow":"follow","max-snippet":"max-snippet:-1","max-image-preview":"max-image-preview:large","max-video-preview":"max-video-preview:-1"},"canonical":"https:\/\/boutique-one-piece.com\/nb\/one-piece-figurer-2\/sett-med-2-one-piece-figurer-marco-og-gol-d-roger\/","og_locale":"nb_NO","og_type":"article","og_title":"Lot De 2 Figurine One Piece Marco Et Gol D Roger | Figurine One Piece \u2013 Boutique One Piece","og_description":"Jeune pirate, le moment est venu pour toi de partir \u00e0 la rencontre du Seigneur des pirates. Pour ce faire, procure-toi d\u00e8s maintenant ce Lot De 2 Figurines One Piece Marco Et Gol D Roger. Tu n'es pas sans savoir que Gol D. Roger, plus connu sous le nom de Gold Roger, fut le pr\u00e9c\u00e9dent et unique Seigneur des pirates et l","og_url":"https:\/\/boutique-one-piece.com\/nb\/one-piece-figurer-2\/sett-med-2-one-piece-figurer-marco-og-gol-d-roger\/","og_site_name":"Boutique One Piece","article_modified_time":"2024-09-16T11:28:24+00:00","og_image":[{"width":640,"height":640,"url":"https:\/\/boutique-one-piece.com\/wp-content\/uploads\/2022\/09\/Lot-De-2-Figurine-One-Piece-Marco-Et-Gol-D-Roger.jpg","type":"image\/jpeg"}],"twitter_card":"summary_large_image","twitter_misc":{"Ansl. lesetid":"2 minutter"},"schema":{"@context":"https:\/\/schema.org","@graph":[{"@type":"WebPage","@id":"https:\/\/boutique-one-piece.com\/figurines-one-piece\/lot-de-2-figurine-one-piece-marco-et-gol-d-roger\/","url":"https:\/\/boutique-one-piece.com\/figurines-one-piece\/lot-de-2-figurine-one-piece-marco-et-gol-d-roger\/","name":"Lott med 2 One Piece Marco og Gol D Roger-figurer | One Piece-figur \u2013 One Piece-butikk","isPartOf":{"@id":"https:\/\/boutique-one-piece.com\/#website"},"primaryImageOfPage":{"@id":"https:\/\/boutique-one-piece.com\/figurines-one-piece\/lot-de-2-figurine-one-piece-marco-et-gol-d-roger\/#primaryimage"},"image":{"@id":"https:\/\/boutique-one-piece.com\/figurines-one-piece\/lot-de-2-figurine-one-piece-marco-et-gol-d-roger\/#primaryimage"},"thumbnailUrl":"https:\/\/boutique-one-piece.com\/wp-content\/uploads\/2022\/09\/Lot-De-2-Figurine-One-Piece-Marco-Et-Gol-D-Roger.jpg","datePublished":"2022-09-27T20:15:48+00:00","dateModified":"2024-09-16T11:28:24+00:00","description":"Unge pirat, tiden er inne for at du setter seil og m\u00f8ter piratkongen. For \u00e5 gj\u00f8re det, f\u00e5 tak i dette One Piece Marco og Gol D. Roger 2-figursettet n\u00e5. Du vet sikkert at Gol D. Roger, bedre kjent som Gol Roger, var den forrige og eneste piratkongen og...","breadcrumb":{"@id":"https:\/\/boutique-one-piece.com\/figurines-one-piece\/lot-de-2-figurine-one-piece-marco-et-gol-d-roger\/#breadcrumb"},"inLanguage":"nb-NO","potentialAction":[{"@type":"ReadAction","target":["https:\/\/boutique-one-piece.com\/figurines-one-piece\/lot-de-2-figurine-one-piece-marco-et-gol-d-roger\/"]}]},{"@type":"ImageObject","inLanguage":"nb-NO","@id":"https:\/\/boutique-one-piece.com\/figurines-one-piece\/lot-de-2-figurine-one-piece-marco-et-gol-d-roger\/#primaryimage","url":"https:\/\/boutique-one-piece.com\/wp-content\/uploads\/2022\/09\/Lot-De-2-Figurine-One-Piece-Marco-Et-Gol-D-Roger.jpg","contentUrl":"https:\/\/boutique-one-piece.com\/wp-content\/uploads\/2022\/09\/Lot-De-2-Figurine-One-Piece-Marco-Et-Gol-D-Roger.jpg","width":640,"height":640,"caption":"Lot De 2 Figurine One Piece Marco Et Gol D Roger Default Title"},{"@type":"BreadcrumbList","@id":"https:\/\/boutique-one-piece.com\/figurines-one-piece\/lot-de-2-figurine-one-piece-marco-et-gol-d-roger\/#breadcrumb","itemListElement":[{"@type":"ListItem","position":1,"name":"Home","item":"https:\/\/boutique-one-piece.com\/"},{"@type":"ListItem","position":2,"name":"Shop","item":"https:\/\/boutique-one-piece.com\/shop\/"},{"@type":"ListItem","position":3,"name":"Lot De 2 Figurine One Piece Marco Et Gol D Roger"}]},{"@type":"WebSite","@id":"https:\/\/boutique-one-piece.com\/#website","url":"https:\/\/boutique-one-piece.com\/","name":"One Piece-butikk","description":"Spesialbutikk for One Piece Manga og Anime","publisher":{"@id":"https:\/\/boutique-one-piece.com\/#organization"},"potentialAction":[{"@type":"SearchAction","target":{"@type":"EntryPoint","urlTemplate":"https:\/\/boutique-one-piece.com\/?s={search_term_string}"},"query-input":{"@type":"PropertyValueSpecification","valueRequired":true,"valueName":"search_term_string"}}],"inLanguage":"nb-NO"},{"@type":"Organization","@id":"https:\/\/boutique-one-piece.com\/#organization","name":"One Piece-butikk","url":"https:\/\/boutique-one-piece.com\/","logo":{"@type":"ImageObject","inLanguage":"nb-NO","@id":"https:\/\/boutique-one-piece.com\/#\/schema\/logo\/image\/","url":"https:\/\/boutique-one-piece.com\/wp-content\/uploads\/2022\/09\/Logo-01.png","contentUrl":"https:\/\/boutique-one-piece.com\/wp-content\/uploads\/2022\/09\/Logo-01.png","width":2318,"height":957,"caption":"Boutique One Piece"},"image":{"@id":"https:\/\/boutique-one-piece.com\/#\/schema\/logo\/image\/"}}]}},"_links":{"self":[{"href":"https:\/\/boutique-one-piece.com\/nb\/wp-json\/wp\/v2\/product\/8835","targetHints":{"allow":["GET"]}}],"collection":[{"href":"https:\/\/boutique-one-piece.com\/nb\/wp-json\/wp\/v2\/product"}],"about":[{"href":"https:\/\/boutique-one-piece.com\/nb\/wp-json\/wp\/v2\/types\/product"}],"replies":[{"embeddable":true,"href":"https:\/\/boutique-one-piece.com\/nb\/wp-json\/wp\/v2\/comments?post=8835"}],"wp:featuredmedia":[{"embeddable":true,"href":"https:\/\/boutique-one-piece.com\/nb\/wp-json\/wp\/v2\/media\/8837"}],"wp:attachment":[{"href":"https:\/\/boutique-one-piece.com\/nb\/wp-json\/wp\/v2\/media?parent=8835"}],"wp:term":[{"taxonomy":"product_brand","embeddable":true,"href":"https:\/\/boutique-one-piece.com\/nb\/wp-json\/wp\/v2\/product_brand?post=8835"},{"taxonomy":"product_cat","embeddable":true,"href":"https:\/\/boutique-one-piece.com\/nb\/wp-json\/wp\/v2\/product_cat?post=8835"},{"taxonomy":"product_tag","embeddable":true,"href":"https:\/\/boutique-one-piece.com\/nb\/wp-json\/wp\/v2\/product_tag?post=8835"}],"curies":[{"name":"wp","href":"https:\/\/api.w.org\/{rel}","templated":true}]}}