{"id":8917,"date":"2022-09-27T20:16:21","date_gmt":"2022-09-27T20:16:21","guid":{"rendered":"https:\/\/boutique-one-piece.com\/uncategorized\/pull-one-piece-mugiwara-no-luffy-futur-roi-des-pirates\/"},"modified":"2024-12-01T09:25:31","modified_gmt":"2024-12-01T09:25:31","slug":"one-piece-genser-mugiwara-no-luffy-future-king-of-the-pirates","status":"publish","type":"product","link":"https:\/\/boutique-one-piece.com\/nb\/one-piece-klaer\/one-piece-gensere\/one-piece-genser-mugiwara-no-luffy-future-king-of-the-pirates\/","title":{"rendered":"One Piece Genser Mugiwara No Luffy Future Pirate King"},"content":{"rendered":"<h2>Informasjon om genseren:<\/h2>\n<ul>\n<li>\n<strong>H\u00f8ykvalitets One Piece-genser\u00a0<\/strong><span>:\u00a0<\/span>Den har h\u00f8y vekt og er laget av kvalitetsmaterialer.<\/li>\n<\/ul>\n<ul>\n<li>\n<strong>Stor fleksibilitet\u00a0<\/strong>Takket v\u00e6re elastisiteten rynker den ikke.<\/li>\n<\/ul>\n<ul>\n<li>\n<strong>Veldig komfortabel <\/strong>Med disse ultramyke bomullsfibrene er det ingen friksjon.<\/li>\n<\/ul>\n<ul>\n<li>3D digital utskrift, original design<\/li>\n<\/ul>\n<ul>\n<li>\n<strong>Gratis levering\u00a0<\/strong>for ethvert kj\u00f8p<strong>\u00a0<\/strong>\n<\/li>\n<\/ul>\n<p>Ikke glem \u00e5 ta en titt p\u00e5 st\u00f8rrelsesguiden nedenfor.<\/p>\n<h2><strong>Ikke glem \u00e5 sjekke ut st\u00f8rrelsesguiden nedenfor.<\/strong><\/h2>\n<p><!--\n.content-table {\n  border-collapse: collapse;\n  margin: 25px 0;\n  font-size: 0.9em;\n  min-width: 400px;\n  border-radius: 5px 5px 0 0;\n  overflow: hidden;\n  box-shadow: 0 0 20px rgba(0, 0, 0, 0.15);\n  text-align: center;\n}\n.content-table thead tr {\n  background-color: #E6B96E;\n  color: #ffffff;\n  text-align: left;\n  font-weight: bold;\n}\n.content-table th,\n.content-table td {\n  padding: 12px 15px;\n}\n.content-table tbody tr {\n  border-bottom: 1px solid #dddddd;\n}\n.content-table tbody tr:nth-of-type(even) {\n  background-color: #f3f3f3;\n}\n.content-table tbody tr:last-of-type {\n  border-bottom: 2px solid #E6B96E;\n}\n--><\/p>\n<table class=\"content-table\">\n<thead>\n<tr>\n<th colspan=\"3\" style=\"text-align: center\">ST\u00d8RRELSESGUIDE \u2013 VELG DIN ST\u00d8RRELSE<\/th>\n<\/tr>\n<tr style=\"text-align: center\">\n<th style=\"text-align: center\">St\u00f8rrelse<\/th>\n<th style=\"text-align: center\">Byste<\/th>\n<th style=\"text-align: center\">Lengde<\/th>\n<\/tr>\n<\/thead>\n<tbody>\n<tr>\n<td style=\"text-align: center\"><strong>XXS<\/strong><\/td>\n<td style=\"text-align: center\">43<\/td>\n<td style=\"text-align: center\">63\n<\/td>\n<\/tr>\n<tr class=\"active-row\">\n<td style=\"text-align: center\"><strong>XS<\/strong><\/td>\n<td style=\"text-align: center\">46\n<\/td>\n<td style=\"text-align: center\">65\n<\/td>\n<\/tr>\n<tr>\n<td style=\"text-align: center\"><strong>S<\/strong><\/td>\n<td style=\"text-align: center\">49<\/td>\n<td style=\"text-align: center\">67\n<\/td>\n<\/tr>\n<tr class=\"active-row\">\n<td style=\"text-align: center\"><strong>M<\/strong><\/td>\n<td style=\"text-align: center\">52\n<\/td>\n<td style=\"text-align: center\">70\n<\/td>\n<\/tr>\n<tr>\n<td style=\"text-align: center\"><strong>L<\/strong><\/td>\n<td style=\"text-align: center\">55\n<\/td>\n<td style=\"text-align: center\">73\n<\/td>\n<\/tr>\n<tr class=\"active-row\">\n<td style=\"text-align: center\"><strong>XL<\/strong><\/td>\n<td style=\"text-align: center\">58<\/td>\n<td style=\"text-align: center\">76\n<\/td>\n<\/tr>\n<tr>\n<td style=\"text-align: center\"><strong>XXL<\/strong><\/td>\n<td style=\"text-align: center\">61<\/td>\n<td style=\"text-align: center\">79\n<\/td>\n<\/tr>\n<tr class=\"active-row\">\n<td style=\"text-align: center\"><strong>3XL<\/strong><\/td>\n<td style=\"text-align: center\">64\n<\/td>\n<td style=\"text-align: center\">81<\/td>\n<\/tr>\n<tr>\n<td style=\"text-align: center\"><strong>4XL<\/strong><\/td>\n<td style=\"text-align: center\">67<\/td>\n<td style=\"text-align: center\">83<\/td>\n<\/tr>\n<\/tbody>\n<\/table>\n<p><\/p>\n<h3>Vaskeanvisning:<\/h3>\n<ul>\n<li>Maskinvask p\u00e5 30 \u00b0C, finvaskprogram<\/li>\n<\/ul>\n<ul>\n<li>Stryk p\u00e5 baksiden<\/li>\n<\/ul>\n<p>For \u00e5 bevare kvaliteten p\u00e5 dette <strong>genser<\/strong><strong>\u00a0Ett stykke<\/strong>, Vi anbefaler at du f\u00f8lger vaskeanvisningene.<\/p>","protected":false},"excerpt":{"rendered":"<p>Informations sur le Pull : Pull\u00a0One Piece\u00a0de qualit\u00e9 sup\u00e9rieur\u00a0:\u00a0poc\u00e8de un grammage \u00e9lev\u00e9 avec des mat\u00e9riaux de qualit\u00e9s Grande souplesse\u00a0: gr\u00e2ce \u00e0 son \u00e9lasticit\u00e9, il ne se froisse pas Tr\u00e8s confortable : avec ces fibres de coton ultra\u00a0doux, il n&rsquo;y a pas\u00a0de frottements Impression digitale 3D, design original Livraison\u00a0Offerte\u00a0pour tout achat\u00a0 N&rsquo;oubliez pas de jeter\u00a0un oeil [&hellip;]<\/p>","protected":false},"featured_media":8919,"comment_status":"open","ping_status":"open","template":"","meta":[],"product_brand":[],"product_cat":[81],"product_tag":[],"class_list":{"0":"post-8917","1":"product","2":"type-product","3":"status-publish","4":"has-post-thumbnail","6":"product_cat-pulls-one-piece","8":"first","9":"instock","10":"purchasable","11":"product-type-variable","12":"has-default-attributes"},"yoast_head":"<!-- This site is optimized with the Yoast SEO plugin v27.5 - https:\/\/yoast.com\/product\/yoast-seo-wordpress\/ -->\n<title>Pull One Piece Mugiwara No Luffy Futur Roi Des Pirates | V\u00eatement One Piece<\/title>\n<meta name=\"description\" content=\"Informations sur le Pull : Pull\u00a0One Piece\u00a0de qualit\u00e9 sup\u00e9rieur\u00a0:\u00a0poc\u00e8de un grammage \u00e9lev\u00e9 avec des mat\u00e9riaux de qualit\u00e9s Grande souplesse\u00a0: gr\u00e2ce \u00e0 son \u00e9lasticit\u00e9, il ne se froisse pas Tr\u00e8s confortable : avec ces fibres de coton ultra\u00a0doux, il n&#039;y a pas\u00a0de frottements Impression digitale 3D, design original Livraison\u00a0O\" \/>\n<meta name=\"robots\" content=\"index, follow, max-snippet:-1, max-image-preview:large, max-video-preview:-1\" \/>\n<link rel=\"canonical\" href=\"https:\/\/boutique-one-piece.com\/nb\/one-piece-klaer\/one-piece-gensere\/one-piece-genser-mugiwara-no-luffy-future-king-of-the-pirates\/\" \/>\n<meta property=\"og:locale\" content=\"nb_NO\" \/>\n<meta property=\"og:type\" content=\"article\" \/>\n<meta property=\"og:title\" content=\"Pull One Piece Mugiwara No Luffy Futur Roi Des Pirates | V\u00eatement One Piece\" \/>\n<meta property=\"og:description\" content=\"Informations sur le Pull : Pull\u00a0One Piece\u00a0de qualit\u00e9 sup\u00e9rieur\u00a0:\u00a0poc\u00e8de un grammage \u00e9lev\u00e9 avec des mat\u00e9riaux de qualit\u00e9s Grande souplesse\u00a0: gr\u00e2ce \u00e0 son \u00e9lasticit\u00e9, il ne se froisse pas Tr\u00e8s confortable : avec ces fibres de coton ultra\u00a0doux, il n&#039;y a pas\u00a0de frottements Impression digitale 3D, design original Livraison\u00a0O\" \/>\n<meta property=\"og:url\" content=\"https:\/\/boutique-one-piece.com\/nb\/one-piece-klaer\/one-piece-gensere\/one-piece-genser-mugiwara-no-luffy-future-king-of-the-pirates\/\" \/>\n<meta property=\"og:site_name\" content=\"Boutique One Piece\" \/>\n<meta property=\"article:modified_time\" content=\"2024-12-01T09:25:31+00:00\" \/>\n<meta property=\"og:image\" content=\"https:\/\/boutique-one-piece.com\/wp-content\/uploads\/2022\/09\/Pull-One-Piece-Mugiwara-No-Luffy-Futur-Roi-Des-Pirates.jpg\" \/>\n\t<meta property=\"og:image:width\" content=\"640\" \/>\n\t<meta property=\"og:image:height\" content=\"640\" \/>\n\t<meta property=\"og:image:type\" content=\"image\/jpeg\" \/>\n<meta name=\"twitter:card\" content=\"summary_large_image\" \/>\n<meta name=\"twitter:label1\" content=\"Ansl. lesetid\" \/>\n\t<meta name=\"twitter:data1\" content=\"1 minutt\" \/>\n<script type=\"application\/ld+json\" class=\"yoast-schema-graph\">{\"@context\":\"https:\\\/\\\/schema.org\",\"@graph\":[{\"@type\":\"WebPage\",\"@id\":\"https:\\\/\\\/boutique-one-piece.com\\\/vetements-one-piece\\\/pulls-one-piece\\\/pull-one-piece-mugiwara-no-luffy-futur-roi-des-pirates\\\/\",\"url\":\"https:\\\/\\\/boutique-one-piece.com\\\/vetements-one-piece\\\/pulls-one-piece\\\/pull-one-piece-mugiwara-no-luffy-futur-roi-des-pirates\\\/\",\"name\":\"Pull One Piece Mugiwara No Luffy Futur Roi Des Pirates | V\u00eatement One Piece\",\"isPartOf\":{\"@id\":\"https:\\\/\\\/boutique-one-piece.com\\\/#website\"},\"primaryImageOfPage\":{\"@id\":\"https:\\\/\\\/boutique-one-piece.com\\\/vetements-one-piece\\\/pulls-one-piece\\\/pull-one-piece-mugiwara-no-luffy-futur-roi-des-pirates\\\/#primaryimage\"},\"image\":{\"@id\":\"https:\\\/\\\/boutique-one-piece.com\\\/vetements-one-piece\\\/pulls-one-piece\\\/pull-one-piece-mugiwara-no-luffy-futur-roi-des-pirates\\\/#primaryimage\"},\"thumbnailUrl\":\"https:\\\/\\\/boutique-one-piece.com\\\/wp-content\\\/uploads\\\/2022\\\/09\\\/Pull-One-Piece-Mugiwara-No-Luffy-Futur-Roi-Des-Pirates.jpg\",\"datePublished\":\"2022-09-27T20:16:21+00:00\",\"dateModified\":\"2024-12-01T09:25:31+00:00\",\"description\":\"Informations sur le Pull : Pull\u00a0One Piece\u00a0de qualit\u00e9 sup\u00e9rieur\u00a0:\u00a0poc\u00e8de un grammage \u00e9lev\u00e9 avec des mat\u00e9riaux de qualit\u00e9s Grande souplesse\u00a0: gr\u00e2ce \u00e0 son \u00e9lasticit\u00e9, il ne se froisse pas Tr\u00e8s confortable : avec ces fibres de coton ultra\u00a0doux, il n'y a pas\u00a0de frottements Impression digitale 3D, design original Livraison\u00a0O\",\"breadcrumb\":{\"@id\":\"https:\\\/\\\/boutique-one-piece.com\\\/vetements-one-piece\\\/pulls-one-piece\\\/pull-one-piece-mugiwara-no-luffy-futur-roi-des-pirates\\\/#breadcrumb\"},\"inLanguage\":\"nb-NO\",\"potentialAction\":[{\"@type\":\"ReadAction\",\"target\":[\"https:\\\/\\\/boutique-one-piece.com\\\/vetements-one-piece\\\/pulls-one-piece\\\/pull-one-piece-mugiwara-no-luffy-futur-roi-des-pirates\\\/\"]}]},{\"@type\":\"ImageObject\",\"inLanguage\":\"nb-NO\",\"@id\":\"https:\\\/\\\/boutique-one-piece.com\\\/vetements-one-piece\\\/pulls-one-piece\\\/pull-one-piece-mugiwara-no-luffy-futur-roi-des-pirates\\\/#primaryimage\",\"url\":\"https:\\\/\\\/boutique-one-piece.com\\\/wp-content\\\/uploads\\\/2022\\\/09\\\/Pull-One-Piece-Mugiwara-No-Luffy-Futur-Roi-Des-Pirates.jpg\",\"contentUrl\":\"https:\\\/\\\/boutique-one-piece.com\\\/wp-content\\\/uploads\\\/2022\\\/09\\\/Pull-One-Piece-Mugiwara-No-Luffy-Futur-Roi-Des-Pirates.jpg\",\"width\":640,\"height\":640,\"caption\":\"Pull One Piece Mugiwara No Luffy Futur Roi Des Pirates 4XL\"},{\"@type\":\"BreadcrumbList\",\"@id\":\"https:\\\/\\\/boutique-one-piece.com\\\/vetements-one-piece\\\/pulls-one-piece\\\/pull-one-piece-mugiwara-no-luffy-futur-roi-des-pirates\\\/#breadcrumb\",\"itemListElement\":[{\"@type\":\"ListItem\",\"position\":1,\"name\":\"Home\",\"item\":\"https:\\\/\\\/boutique-one-piece.com\\\/\"},{\"@type\":\"ListItem\",\"position\":2,\"name\":\"Shop\",\"item\":\"https:\\\/\\\/boutique-one-piece.com\\\/shop\\\/\"},{\"@type\":\"ListItem\",\"position\":3,\"name\":\"Pull One Piece Mugiwara No Luffy Futur Roi Des Pirates\"}]},{\"@type\":\"WebSite\",\"@id\":\"https:\\\/\\\/boutique-one-piece.com\\\/#website\",\"url\":\"https:\\\/\\\/boutique-one-piece.com\\\/\",\"name\":\"Boutique One Piece\",\"description\":\"Magasin Sp\u00e9cialis\u00e9 du Manga et l&#039;Anime One Piece\",\"publisher\":{\"@id\":\"https:\\\/\\\/boutique-one-piece.com\\\/#organization\"},\"potentialAction\":[{\"@type\":\"SearchAction\",\"target\":{\"@type\":\"EntryPoint\",\"urlTemplate\":\"https:\\\/\\\/boutique-one-piece.com\\\/?s={search_term_string}\"},\"query-input\":{\"@type\":\"PropertyValueSpecification\",\"valueRequired\":true,\"valueName\":\"search_term_string\"}}],\"inLanguage\":\"nb-NO\"},{\"@type\":\"Organization\",\"@id\":\"https:\\\/\\\/boutique-one-piece.com\\\/#organization\",\"name\":\"Boutique One Piece\",\"url\":\"https:\\\/\\\/boutique-one-piece.com\\\/\",\"logo\":{\"@type\":\"ImageObject\",\"inLanguage\":\"nb-NO\",\"@id\":\"https:\\\/\\\/boutique-one-piece.com\\\/#\\\/schema\\\/logo\\\/image\\\/\",\"url\":\"https:\\\/\\\/boutique-one-piece.com\\\/wp-content\\\/uploads\\\/2022\\\/09\\\/Logo-01.png\",\"contentUrl\":\"https:\\\/\\\/boutique-one-piece.com\\\/wp-content\\\/uploads\\\/2022\\\/09\\\/Logo-01.png\",\"width\":2318,\"height\":957,\"caption\":\"Boutique One Piece\"},\"image\":{\"@id\":\"https:\\\/\\\/boutique-one-piece.com\\\/#\\\/schema\\\/logo\\\/image\\\/\"}}]}<\/script>\n<!-- \/ Yoast SEO plugin. -->","yoast_head_json":{"title":"One Piece Mugiwara No Luffy Future King of the Pirates-genser | One Piece-kl\u00e6r","description":"Genserinformasjon: Premium One Piece-genser: h\u00f8ykvalitetsstoff med betydelig vekt og f\u00f8rsteklasses materialer. Sv\u00e6rt fleksibel: takket v\u00e6re elastisiteten kr\u00f8ller den ikke. Sv\u00e6rt komfortabel: med sine ultramyke bomullsfibre gnager den ikke. 3D digitaltrykk, originalt design. Levering O","robots":{"index":"index","follow":"follow","max-snippet":"max-snippet:-1","max-image-preview":"max-image-preview:large","max-video-preview":"max-video-preview:-1"},"canonical":"https:\/\/boutique-one-piece.com\/nb\/one-piece-klaer\/one-piece-gensere\/one-piece-genser-mugiwara-no-luffy-future-king-of-the-pirates\/","og_locale":"nb_NO","og_type":"article","og_title":"Pull One Piece Mugiwara No Luffy Futur Roi Des Pirates | V\u00eatement One Piece","og_description":"Informations sur le Pull : Pull\u00a0One Piece\u00a0de qualit\u00e9 sup\u00e9rieur\u00a0:\u00a0poc\u00e8de un grammage \u00e9lev\u00e9 avec des mat\u00e9riaux de qualit\u00e9s Grande souplesse\u00a0: gr\u00e2ce \u00e0 son \u00e9lasticit\u00e9, il ne se froisse pas Tr\u00e8s confortable : avec ces fibres de coton ultra\u00a0doux, il n'y a pas\u00a0de frottements Impression digitale 3D, design original Livraison\u00a0O","og_url":"https:\/\/boutique-one-piece.com\/nb\/one-piece-klaer\/one-piece-gensere\/one-piece-genser-mugiwara-no-luffy-future-king-of-the-pirates\/","og_site_name":"Boutique One Piece","article_modified_time":"2024-12-01T09:25:31+00:00","og_image":[{"width":640,"height":640,"url":"https:\/\/boutique-one-piece.com\/wp-content\/uploads\/2022\/09\/Pull-One-Piece-Mugiwara-No-Luffy-Futur-Roi-Des-Pirates.jpg","type":"image\/jpeg"}],"twitter_card":"summary_large_image","twitter_misc":{"Ansl. lesetid":"1 minutt"},"schema":{"@context":"https:\/\/schema.org","@graph":[{"@type":"WebPage","@id":"https:\/\/boutique-one-piece.com\/vetements-one-piece\/pulls-one-piece\/pull-one-piece-mugiwara-no-luffy-futur-roi-des-pirates\/","url":"https:\/\/boutique-one-piece.com\/vetements-one-piece\/pulls-one-piece\/pull-one-piece-mugiwara-no-luffy-futur-roi-des-pirates\/","name":"One Piece Mugiwara No Luffy Future King of the Pirates-genser | One Piece-kl\u00e6r","isPartOf":{"@id":"https:\/\/boutique-one-piece.com\/#website"},"primaryImageOfPage":{"@id":"https:\/\/boutique-one-piece.com\/vetements-one-piece\/pulls-one-piece\/pull-one-piece-mugiwara-no-luffy-futur-roi-des-pirates\/#primaryimage"},"image":{"@id":"https:\/\/boutique-one-piece.com\/vetements-one-piece\/pulls-one-piece\/pull-one-piece-mugiwara-no-luffy-futur-roi-des-pirates\/#primaryimage"},"thumbnailUrl":"https:\/\/boutique-one-piece.com\/wp-content\/uploads\/2022\/09\/Pull-One-Piece-Mugiwara-No-Luffy-Futur-Roi-Des-Pirates.jpg","datePublished":"2022-09-27T20:16:21+00:00","dateModified":"2024-12-01T09:25:31+00:00","description":"Genserinformasjon: Premium One Piece-genser: h\u00f8ykvalitetsstoff med betydelig vekt og f\u00f8rsteklasses materialer. Sv\u00e6rt fleksibel: takket v\u00e6re elastisiteten kr\u00f8ller den ikke. Sv\u00e6rt komfortabel: med sine ultramyke bomullsfibre gnager den ikke. 3D digitaltrykk, originalt design. Levering O","breadcrumb":{"@id":"https:\/\/boutique-one-piece.com\/vetements-one-piece\/pulls-one-piece\/pull-one-piece-mugiwara-no-luffy-futur-roi-des-pirates\/#breadcrumb"},"inLanguage":"nb-NO","potentialAction":[{"@type":"ReadAction","target":["https:\/\/boutique-one-piece.com\/vetements-one-piece\/pulls-one-piece\/pull-one-piece-mugiwara-no-luffy-futur-roi-des-pirates\/"]}]},{"@type":"ImageObject","inLanguage":"nb-NO","@id":"https:\/\/boutique-one-piece.com\/vetements-one-piece\/pulls-one-piece\/pull-one-piece-mugiwara-no-luffy-futur-roi-des-pirates\/#primaryimage","url":"https:\/\/boutique-one-piece.com\/wp-content\/uploads\/2022\/09\/Pull-One-Piece-Mugiwara-No-Luffy-Futur-Roi-Des-Pirates.jpg","contentUrl":"https:\/\/boutique-one-piece.com\/wp-content\/uploads\/2022\/09\/Pull-One-Piece-Mugiwara-No-Luffy-Futur-Roi-Des-Pirates.jpg","width":640,"height":640,"caption":"Pull One Piece Mugiwara No Luffy Futur Roi Des Pirates 4XL"},{"@type":"BreadcrumbList","@id":"https:\/\/boutique-one-piece.com\/vetements-one-piece\/pulls-one-piece\/pull-one-piece-mugiwara-no-luffy-futur-roi-des-pirates\/#breadcrumb","itemListElement":[{"@type":"ListItem","position":1,"name":"Home","item":"https:\/\/boutique-one-piece.com\/"},{"@type":"ListItem","position":2,"name":"Shop","item":"https:\/\/boutique-one-piece.com\/shop\/"},{"@type":"ListItem","position":3,"name":"Pull One Piece Mugiwara No Luffy Futur Roi Des Pirates"}]},{"@type":"WebSite","@id":"https:\/\/boutique-one-piece.com\/#website","url":"https:\/\/boutique-one-piece.com\/","name":"One Piece-butikk","description":"Spesialbutikk for One Piece Manga og Anime","publisher":{"@id":"https:\/\/boutique-one-piece.com\/#organization"},"potentialAction":[{"@type":"SearchAction","target":{"@type":"EntryPoint","urlTemplate":"https:\/\/boutique-one-piece.com\/?s={search_term_string}"},"query-input":{"@type":"PropertyValueSpecification","valueRequired":true,"valueName":"search_term_string"}}],"inLanguage":"nb-NO"},{"@type":"Organization","@id":"https:\/\/boutique-one-piece.com\/#organization","name":"One Piece-butikk","url":"https:\/\/boutique-one-piece.com\/","logo":{"@type":"ImageObject","inLanguage":"nb-NO","@id":"https:\/\/boutique-one-piece.com\/#\/schema\/logo\/image\/","url":"https:\/\/boutique-one-piece.com\/wp-content\/uploads\/2022\/09\/Logo-01.png","contentUrl":"https:\/\/boutique-one-piece.com\/wp-content\/uploads\/2022\/09\/Logo-01.png","width":2318,"height":957,"caption":"Boutique One Piece"},"image":{"@id":"https:\/\/boutique-one-piece.com\/#\/schema\/logo\/image\/"}}]}},"_links":{"self":[{"href":"https:\/\/boutique-one-piece.com\/nb\/wp-json\/wp\/v2\/product\/8917","targetHints":{"allow":["GET"]}}],"collection":[{"href":"https:\/\/boutique-one-piece.com\/nb\/wp-json\/wp\/v2\/product"}],"about":[{"href":"https:\/\/boutique-one-piece.com\/nb\/wp-json\/wp\/v2\/types\/product"}],"replies":[{"embeddable":true,"href":"https:\/\/boutique-one-piece.com\/nb\/wp-json\/wp\/v2\/comments?post=8917"}],"wp:featuredmedia":[{"embeddable":true,"href":"https:\/\/boutique-one-piece.com\/nb\/wp-json\/wp\/v2\/media\/8919"}],"wp:attachment":[{"href":"https:\/\/boutique-one-piece.com\/nb\/wp-json\/wp\/v2\/media?parent=8917"}],"wp:term":[{"taxonomy":"product_brand","embeddable":true,"href":"https:\/\/boutique-one-piece.com\/nb\/wp-json\/wp\/v2\/product_brand?post=8917"},{"taxonomy":"product_cat","embeddable":true,"href":"https:\/\/boutique-one-piece.com\/nb\/wp-json\/wp\/v2\/product_cat?post=8917"},{"taxonomy":"product_tag","embeddable":true,"href":"https:\/\/boutique-one-piece.com\/nb\/wp-json\/wp\/v2\/product_tag?post=8917"}],"curies":[{"name":"wp","href":"https:\/\/api.w.org\/{rel}","templated":true}]}}