{"id":9094,"date":"2022-09-27T20:17:35","date_gmt":"2022-09-27T20:17:35","guid":{"rendered":"https:\/\/boutique-one-piece.com\/uncategorized\/peluche-laboon\/"},"modified":"2026-04-22T07:44:31","modified_gmt":"2026-04-22T07:44:31","slug":"laboon-kosedyr","status":"publish","type":"product","link":"https:\/\/boutique-one-piece.com\/nb\/one-piece-plysjleker\/laboon-kosedyr\/","title":{"rendered":"Laboon Kosedyr"},"content":{"rendered":"<h2>Ung pirat, dra av g\u00e5rde for \u00e5 m\u00f8te en hval ulik alle andre. For \u00e5 gj\u00f8re det, f\u00e5 tak i denne Laboon-plysjen n\u00e5.<\/h2>\n<p><strong>Laboon<\/strong> er en hval (eller mer presist, en \u00f8yhval). Laboon, som er hjemmeh\u00f8rende i West Blue, landet p\u00e5 dette stedet og kom med\u2019<strong>Mannskapet p\u00e5 Rumbar<\/strong> som Brook nevnte. De hadde lovet \u00e5 komme tilbake for \u00e5 hente ham etter at de hadde reist verden rundt, men de endte alle opp med \u00e5 d\u00f8 (bortsett fra Brook som ble oppreist).<\/p>\n<p>Straw Hat-gjengen m\u00f8ter Laboon i begynnelsen av eventyret sitt, og Luffy tegner en ... <strong>Jolly Roger<\/strong> p\u00e5 hodet etter et l\u00f8fte. Dessuten, <a title=\"LUFFY PLUSH\" href=\"https:\/\/boutique-one-piece.com\/nb\/luffy-plysj\/\" target=\"_blank\" rel=\"noopener\">Luffy plysjleke<\/a> er innen rekkevidde hvis du \u00f8nsker \u00e5 utvide samlingen din av plysjleker.<\/p>\n<h3>Hva syntes du om m\u00f8tet med Laboon? Hvis du har lyst til \u00e5 m\u00f8te ham igjen, adopter plysjleket\u00f8yet hans med en gang. Han vil v\u00e6re en del av One Piece-eventyret ditt.<\/h3>\n<p><strong>Ung pirat<\/strong>, Du er p\u00e5 rett sted. Her finner du legendariske gjenstander som vil fordype deg, eller gjenoppleve deg, i ditt favoritt animerte univers. Perfekt for \u00e5 gi bort i gave, samle p\u00e5 eller bare ha det g\u00f8y, disse gjenstandene vil garantert utvide samlingen din. <strong>Ett stykke<\/strong>. En ting er sikkert, piratkopieringens tidsalder er ikke over enn\u00e5!<\/p>\n<h2>Informasjon om One Piece Laboon-plysjen:<\/h2>\n<ul>\n<li>\u00a0<b>Produkttype<\/b><span>\u00a0<\/span>One Piece manga plysjleke<\/li>\n<\/ul>\n<ul>\n<li>\n<b>Bruk av Peluce<\/b>\u00a0Leker, dekorasjoner, samleobjekter, gaver<\/li>\n<\/ul>\n<ul>\n<li>\n<b>Karakternavn<\/b>\u00a0Laboon<\/li>\n<\/ul>\n<ul>\n<li>\n<b>St\u00f8rrelse p\u00e5 plysjleket\u00f8y<\/b>\u00a0: 25 centimeter<\/li>\n<\/ul>\n<ul>\n<li>\n<b>Materie<\/b>\u00a0Bomull<\/li>\n<\/ul>\n<ul>\n<li>\n<b>Anbefalt alder<\/b>\u00a0mer enn 3 \u00e5r<\/li>\n<\/ul>\n<ul>\n<li>\n<b>Gratis levering<\/b> for ethvert kj\u00f8p<\/li>\n<\/ul>","protected":false},"excerpt":{"rendered":"<p>Jeune pirate, pars \u00e0 la rencontre d&rsquo;une baleine pas comme les autres. Pour ce faire, procure-toi d\u00e8s maintenant cette Peluche Laboon. Laboon est une baleine (ou plus pr\u00e9cis\u00e9ment une Island Whale). Natif de West Blue, Laboon a atterri dans ce lieu en venant avec l&rsquo;\u00c9quipage du Rumbar dont Brook faisait part. Ils avaient promis de [&hellip;]<\/p>","protected":false},"featured_media":20902,"comment_status":"open","ping_status":"open","template":"","meta":[],"product_brand":[],"product_cat":[177],"product_tag":[271],"class_list":{"0":"post-9094","1":"product","2":"type-product","3":"status-publish","4":"has-post-thumbnail","6":"product_cat-peluches-one-piece","7":"product_tag-laboon","9":"first","10":"instock","11":"purchasable","12":"product-type-simple"},"yoast_head":"<!-- This site is optimized with the Yoast SEO plugin v27.5 - https:\/\/yoast.com\/product\/yoast-seo-wordpress\/ -->\n<title>Peluche Laboon | Boutique One Piece<\/title>\n<meta name=\"description\" content=\"D\u00e9couvrez la peluche One Piece Laboon la baleine, elle est aussi douce que mignonne ! Commencez votre aventure de pirate \u00e0 la recherche du One Piece dans l&#039;\u00e9quipage du Chapeau de Paille\" \/>\n<meta name=\"robots\" content=\"index, follow, max-snippet:-1, max-image-preview:large, max-video-preview:-1\" \/>\n<link rel=\"canonical\" href=\"https:\/\/boutique-one-piece.com\/nb\/one-piece-plysjleker\/laboon-kosedyr\/\" \/>\n<meta property=\"og:locale\" content=\"nb_NO\" \/>\n<meta property=\"og:type\" content=\"article\" \/>\n<meta property=\"og:title\" content=\"Peluche Laboon | Boutique One Piece\" \/>\n<meta property=\"og:description\" content=\"D\u00e9couvrez la peluche One Piece Laboon la baleine, elle est aussi douce que mignonne ! Commencez votre aventure de pirate \u00e0 la recherche du One Piece dans l&#039;\u00e9quipage du Chapeau de Paille\" \/>\n<meta property=\"og:url\" content=\"https:\/\/boutique-one-piece.com\/nb\/one-piece-plysjleker\/laboon-kosedyr\/\" \/>\n<meta property=\"og:site_name\" content=\"Boutique One Piece\" \/>\n<meta property=\"article:modified_time\" content=\"2026-04-22T07:44:31+00:00\" \/>\n<meta property=\"og:image\" content=\"https:\/\/boutique-one-piece.com\/wp-content\/uploads\/2026\/04\/imgi_1_S09e0939941304896b06616e80ec83e674.jpg\" \/>\n\t<meta property=\"og:image:width\" content=\"2000\" \/>\n\t<meta property=\"og:image:height\" content=\"2000\" \/>\n\t<meta property=\"og:image:type\" content=\"image\/jpeg\" \/>\n<meta name=\"twitter:card\" content=\"summary_large_image\" \/>\n<meta name=\"twitter:label1\" content=\"Ansl. lesetid\" \/>\n\t<meta name=\"twitter:data1\" content=\"2 minutter\" \/>\n<script type=\"application\/ld+json\" class=\"yoast-schema-graph\">{\"@context\":\"https:\\\/\\\/schema.org\",\"@graph\":[{\"@type\":\"WebPage\",\"@id\":\"https:\\\/\\\/boutique-one-piece.com\\\/peluches-one-piece\\\/peluche-laboon\\\/\",\"url\":\"https:\\\/\\\/boutique-one-piece.com\\\/peluches-one-piece\\\/peluche-laboon\\\/\",\"name\":\"Peluche Laboon | Boutique One Piece\",\"isPartOf\":{\"@id\":\"https:\\\/\\\/boutique-one-piece.com\\\/#website\"},\"primaryImageOfPage\":{\"@id\":\"https:\\\/\\\/boutique-one-piece.com\\\/peluches-one-piece\\\/peluche-laboon\\\/#primaryimage\"},\"image\":{\"@id\":\"https:\\\/\\\/boutique-one-piece.com\\\/peluches-one-piece\\\/peluche-laboon\\\/#primaryimage\"},\"thumbnailUrl\":\"https:\\\/\\\/boutique-one-piece.com\\\/wp-content\\\/uploads\\\/2026\\\/04\\\/imgi_1_S09e0939941304896b06616e80ec83e674.jpg\",\"datePublished\":\"2022-09-27T20:17:35+00:00\",\"dateModified\":\"2026-04-22T07:44:31+00:00\",\"description\":\"D\u00e9couvrez la peluche One Piece Laboon la baleine, elle est aussi douce que mignonne ! Commencez votre aventure de pirate \u00e0 la recherche du One Piece dans l'\u00e9quipage du Chapeau de Paille\",\"breadcrumb\":{\"@id\":\"https:\\\/\\\/boutique-one-piece.com\\\/peluches-one-piece\\\/peluche-laboon\\\/#breadcrumb\"},\"inLanguage\":\"nb-NO\",\"potentialAction\":[{\"@type\":\"ReadAction\",\"target\":[\"https:\\\/\\\/boutique-one-piece.com\\\/peluches-one-piece\\\/peluche-laboon\\\/\"]}]},{\"@type\":\"ImageObject\",\"inLanguage\":\"nb-NO\",\"@id\":\"https:\\\/\\\/boutique-one-piece.com\\\/peluches-one-piece\\\/peluche-laboon\\\/#primaryimage\",\"url\":\"https:\\\/\\\/boutique-one-piece.com\\\/wp-content\\\/uploads\\\/2026\\\/04\\\/imgi_1_S09e0939941304896b06616e80ec83e674.jpg\",\"contentUrl\":\"https:\\\/\\\/boutique-one-piece.com\\\/wp-content\\\/uploads\\\/2026\\\/04\\\/imgi_1_S09e0939941304896b06616e80ec83e674.jpg\",\"width\":2000,\"height\":2000},{\"@type\":\"BreadcrumbList\",\"@id\":\"https:\\\/\\\/boutique-one-piece.com\\\/peluches-one-piece\\\/peluche-laboon\\\/#breadcrumb\",\"itemListElement\":[{\"@type\":\"ListItem\",\"position\":1,\"name\":\"Home\",\"item\":\"https:\\\/\\\/boutique-one-piece.com\\\/\"},{\"@type\":\"ListItem\",\"position\":2,\"name\":\"Shop\",\"item\":\"https:\\\/\\\/boutique-one-piece.com\\\/shop\\\/\"},{\"@type\":\"ListItem\",\"position\":3,\"name\":\"Peluche Laboon\"}]},{\"@type\":\"WebSite\",\"@id\":\"https:\\\/\\\/boutique-one-piece.com\\\/#website\",\"url\":\"https:\\\/\\\/boutique-one-piece.com\\\/\",\"name\":\"Boutique One Piece\",\"description\":\"Magasin Sp\u00e9cialis\u00e9 du Manga et l&#039;Anime One Piece\",\"publisher\":{\"@id\":\"https:\\\/\\\/boutique-one-piece.com\\\/#organization\"},\"potentialAction\":[{\"@type\":\"SearchAction\",\"target\":{\"@type\":\"EntryPoint\",\"urlTemplate\":\"https:\\\/\\\/boutique-one-piece.com\\\/?s={search_term_string}\"},\"query-input\":{\"@type\":\"PropertyValueSpecification\",\"valueRequired\":true,\"valueName\":\"search_term_string\"}}],\"inLanguage\":\"nb-NO\"},{\"@type\":\"Organization\",\"@id\":\"https:\\\/\\\/boutique-one-piece.com\\\/#organization\",\"name\":\"Boutique One Piece\",\"url\":\"https:\\\/\\\/boutique-one-piece.com\\\/\",\"logo\":{\"@type\":\"ImageObject\",\"inLanguage\":\"nb-NO\",\"@id\":\"https:\\\/\\\/boutique-one-piece.com\\\/#\\\/schema\\\/logo\\\/image\\\/\",\"url\":\"https:\\\/\\\/boutique-one-piece.com\\\/wp-content\\\/uploads\\\/2022\\\/09\\\/Logo-01.png\",\"contentUrl\":\"https:\\\/\\\/boutique-one-piece.com\\\/wp-content\\\/uploads\\\/2022\\\/09\\\/Logo-01.png\",\"width\":2318,\"height\":957,\"caption\":\"Boutique One Piece\"},\"image\":{\"@id\":\"https:\\\/\\\/boutique-one-piece.com\\\/#\\\/schema\\\/logo\\\/image\\\/\"}}]}<\/script>\n<!-- \/ Yoast SEO plugin. -->","yoast_head_json":{"title":"Laboon Plysj | One Piece-butikk","description":"Oppdag One Piece Laboon, hvalkosen \u2013 den er like myk som den er s\u00f8t! Start pirateventyret ditt p\u00e5 jakt etter One Piece med str\u00e5hattgjengen.","robots":{"index":"index","follow":"follow","max-snippet":"max-snippet:-1","max-image-preview":"max-image-preview:large","max-video-preview":"max-video-preview:-1"},"canonical":"https:\/\/boutique-one-piece.com\/nb\/one-piece-plysjleker\/laboon-kosedyr\/","og_locale":"nb_NO","og_type":"article","og_title":"Peluche Laboon | Boutique One Piece","og_description":"D\u00e9couvrez la peluche One Piece Laboon la baleine, elle est aussi douce que mignonne ! Commencez votre aventure de pirate \u00e0 la recherche du One Piece dans l'\u00e9quipage du Chapeau de Paille","og_url":"https:\/\/boutique-one-piece.com\/nb\/one-piece-plysjleker\/laboon-kosedyr\/","og_site_name":"Boutique One Piece","article_modified_time":"2026-04-22T07:44:31+00:00","og_image":[{"width":2000,"height":2000,"url":"https:\/\/boutique-one-piece.com\/wp-content\/uploads\/2026\/04\/imgi_1_S09e0939941304896b06616e80ec83e674.jpg","type":"image\/jpeg"}],"twitter_card":"summary_large_image","twitter_misc":{"Ansl. lesetid":"2 minutter"},"schema":{"@context":"https:\/\/schema.org","@graph":[{"@type":"WebPage","@id":"https:\/\/boutique-one-piece.com\/peluches-one-piece\/peluche-laboon\/","url":"https:\/\/boutique-one-piece.com\/peluches-one-piece\/peluche-laboon\/","name":"Laboon Plysj | One Piece-butikk","isPartOf":{"@id":"https:\/\/boutique-one-piece.com\/#website"},"primaryImageOfPage":{"@id":"https:\/\/boutique-one-piece.com\/peluches-one-piece\/peluche-laboon\/#primaryimage"},"image":{"@id":"https:\/\/boutique-one-piece.com\/peluches-one-piece\/peluche-laboon\/#primaryimage"},"thumbnailUrl":"https:\/\/boutique-one-piece.com\/wp-content\/uploads\/2026\/04\/imgi_1_S09e0939941304896b06616e80ec83e674.jpg","datePublished":"2022-09-27T20:17:35+00:00","dateModified":"2026-04-22T07:44:31+00:00","description":"Oppdag One Piece Laboon, hvalkosen \u2013 den er like myk som den er s\u00f8t! Start pirateventyret ditt p\u00e5 jakt etter One Piece med str\u00e5hattgjengen.","breadcrumb":{"@id":"https:\/\/boutique-one-piece.com\/peluches-one-piece\/peluche-laboon\/#breadcrumb"},"inLanguage":"nb-NO","potentialAction":[{"@type":"ReadAction","target":["https:\/\/boutique-one-piece.com\/peluches-one-piece\/peluche-laboon\/"]}]},{"@type":"ImageObject","inLanguage":"nb-NO","@id":"https:\/\/boutique-one-piece.com\/peluches-one-piece\/peluche-laboon\/#primaryimage","url":"https:\/\/boutique-one-piece.com\/wp-content\/uploads\/2026\/04\/imgi_1_S09e0939941304896b06616e80ec83e674.jpg","contentUrl":"https:\/\/boutique-one-piece.com\/wp-content\/uploads\/2026\/04\/imgi_1_S09e0939941304896b06616e80ec83e674.jpg","width":2000,"height":2000},{"@type":"BreadcrumbList","@id":"https:\/\/boutique-one-piece.com\/peluches-one-piece\/peluche-laboon\/#breadcrumb","itemListElement":[{"@type":"ListItem","position":1,"name":"Home","item":"https:\/\/boutique-one-piece.com\/"},{"@type":"ListItem","position":2,"name":"Shop","item":"https:\/\/boutique-one-piece.com\/shop\/"},{"@type":"ListItem","position":3,"name":"Peluche Laboon"}]},{"@type":"WebSite","@id":"https:\/\/boutique-one-piece.com\/#website","url":"https:\/\/boutique-one-piece.com\/","name":"One Piece-butikk","description":"Spesialbutikk for One Piece Manga og Anime","publisher":{"@id":"https:\/\/boutique-one-piece.com\/#organization"},"potentialAction":[{"@type":"SearchAction","target":{"@type":"EntryPoint","urlTemplate":"https:\/\/boutique-one-piece.com\/?s={search_term_string}"},"query-input":{"@type":"PropertyValueSpecification","valueRequired":true,"valueName":"search_term_string"}}],"inLanguage":"nb-NO"},{"@type":"Organization","@id":"https:\/\/boutique-one-piece.com\/#organization","name":"One Piece-butikk","url":"https:\/\/boutique-one-piece.com\/","logo":{"@type":"ImageObject","inLanguage":"nb-NO","@id":"https:\/\/boutique-one-piece.com\/#\/schema\/logo\/image\/","url":"https:\/\/boutique-one-piece.com\/wp-content\/uploads\/2022\/09\/Logo-01.png","contentUrl":"https:\/\/boutique-one-piece.com\/wp-content\/uploads\/2022\/09\/Logo-01.png","width":2318,"height":957,"caption":"Boutique One Piece"},"image":{"@id":"https:\/\/boutique-one-piece.com\/#\/schema\/logo\/image\/"}}]}},"_links":{"self":[{"href":"https:\/\/boutique-one-piece.com\/nb\/wp-json\/wp\/v2\/product\/9094","targetHints":{"allow":["GET"]}}],"collection":[{"href":"https:\/\/boutique-one-piece.com\/nb\/wp-json\/wp\/v2\/product"}],"about":[{"href":"https:\/\/boutique-one-piece.com\/nb\/wp-json\/wp\/v2\/types\/product"}],"replies":[{"embeddable":true,"href":"https:\/\/boutique-one-piece.com\/nb\/wp-json\/wp\/v2\/comments?post=9094"}],"wp:featuredmedia":[{"embeddable":true,"href":"https:\/\/boutique-one-piece.com\/nb\/wp-json\/wp\/v2\/media\/20902"}],"wp:attachment":[{"href":"https:\/\/boutique-one-piece.com\/nb\/wp-json\/wp\/v2\/media?parent=9094"}],"wp:term":[{"taxonomy":"product_brand","embeddable":true,"href":"https:\/\/boutique-one-piece.com\/nb\/wp-json\/wp\/v2\/product_brand?post=9094"},{"taxonomy":"product_cat","embeddable":true,"href":"https:\/\/boutique-one-piece.com\/nb\/wp-json\/wp\/v2\/product_cat?post=9094"},{"taxonomy":"product_tag","embeddable":true,"href":"https:\/\/boutique-one-piece.com\/nb\/wp-json\/wp\/v2\/product_tag?post=9094"}],"curies":[{"name":"wp","href":"https:\/\/api.w.org\/{rel}","templated":true}]}}