{"id":9186,"date":"2022-09-27T20:18:06","date_gmt":"2022-09-27T20:18:06","guid":{"rendered":"https:\/\/boutique-one-piece.com\/uncategorized\/figurine-one-piece-dracule-mihawk-le-shishibukai\/"},"modified":"2024-09-16T11:37:15","modified_gmt":"2024-09-16T11:37:15","slug":"one-piece-figur-dracule-mihawk-og-shishibukai","status":"publish","type":"product","link":"https:\/\/boutique-one-piece.com\/nb\/one-piece-figurer-2\/one-piece-figur-dracule-mihawk-og-shishibukai\/","title":{"rendered":"One Piece-figur Dracule Mihawk The Shishibukai"},"content":{"rendered":"<h2>Unge pirat, tiden er inne for at du skal skaffe deg denne One Piece Dracule Mihawk The Shichibukai-figuren.<\/h2>\n<p>Du er uten tvil klar over det <strong>Dracule Mihawk<\/strong> kjent under kallenavnet Hawkeye er den f\u00f8rste <strong>Corsair-kaptein<\/strong> \u00e5 dukke opp. Han forble en krigsherre over havet frem til gruppens oppl\u00f8sning. Du b\u00f8r ogs\u00e5 vite at de syv krigsherrene over havet eller de syv krigsherrene over havet (p\u00e5 japansk, &quot;Shichibukai&quot;) var en gruppe p\u00e5 syv mektige og ber\u00f8mte pirater, noen ledet mannskaper og andre ikke, som hadde inng\u00e5tt en pakt med verdensregjeringen.<\/p>\n<p>De var en del av verdens tre stormakter, sammen med marinehovedkvarteret og de fire keiserne. Til slutt, tilbake til Dracule Mihawk, han har tittelen \u00abVerdens st\u00f8rste sverdmann\u00bb, for ikke \u00e5 nevne at han var Zoro Roronoas trener i l\u00f8pet av det to \u00e5r lange tidshoppet. Dessuten, <a title=\"ONE PIECE ZORO-FIGUR HVITT ANTREKK\" href=\"https:\/\/boutique-one-piece.com\/nb\/one-piece-zoro-figur-i-hvitt-antrekk\/\" target=\"_blank\" rel=\"noopener\">Zoro Roronoa-figur<\/a>, [Navn], kledd i hvitt, er innen rekkevidde.<\/p>\n<h3>S\u00e5, er du fascinert av piratkapteinfiguren? I s\u00e5 fall, ikke n\u00f8l lenger og opplev mange eventyr sammen med Dracule Mihawk.<\/h3>\n<p>Unge pirat, tiden er inne for at du tar skjebnen i egne hender. Stup uti, eller stup uti igjen, <strong>One Piece-universet<\/strong>. For \u00e5 gj\u00f8re dette, skaff deg disse mytiske gjenstandene n\u00e5. De vil aldri forlate din side og vil f\u00f8lge deg p\u00e5 alle dine eventyr. <strong>One Piece-skatten<\/strong> Venter p\u00e5 deg!<\/p>\n<h2>Informasjon om Dracule Mihawk Shichibukai-figuren<\/h2>\n<ul data-mce-fragment=\"1\">\n<li data-mce-fragment=\"1\"><span data-mce-fragment=\"1\"><b data-mce-fragment=\"1\"><u data-mce-fragment=\"1\">One Piece-figur<\/u><\/b>\u00a0Premium One Piece-figur for ekte pirater<\/span><\/li>\n<\/ul>\n<ul data-mce-fragment=\"1\">\n<li data-mce-fragment=\"1\">\n<b data-mce-fragment=\"1\">Materie<\/b><span data-mce-fragment=\"1\">\u00a0<\/span>PVC<\/li>\n<\/ul>\n<ul data-mce-fragment=\"1\">\n<li data-mce-fragment=\"1\"><span data-mce-fragment=\"1\"><strong data-mce-fragment=\"1\">Dimensjon<\/strong>\u00a0: 34 cm<\/span><\/li>\n<\/ul>\n<ul data-mce-fragment=\"1\">\n<li data-mce-fragment=\"1\"><span data-mce-fragment=\"1\"><strong data-mce-fragment=\"1\">GRATIS LEVERING<\/strong><\/span><\/li>\n<\/ul>","protected":false},"excerpt":{"rendered":"<p>Jeune pirate, le moment est venu pour toi de te procurer cette Figurine One Piece Dracule Mihawk Le Shichibukai. Tu n&rsquo;es pas sans savoir que Dracule Mihawk connu sous le surnom d\u0092\u009cil de Faucon est le premier Capitaine Corsaire \u00e0 appara\u00eetre. Il est rest\u00e9 Capitaine Corsaire jusqu&rsquo;\u00e0 la dissolution de ce groupe. Tu dois \u00e9galement [&hellip;]<\/p>","protected":false},"featured_media":9188,"comment_status":"open","ping_status":"open","template":"","meta":[],"product_brand":[],"product_cat":[76],"product_tag":[272],"class_list":{"0":"post-9186","1":"product","2":"type-product","3":"status-publish","4":"has-post-thumbnail","6":"product_cat-figurines-one-piece","7":"product_tag-mihawk","9":"first","10":"instock","11":"purchasable","12":"product-type-simple"},"yoast_head":"<!-- This site is optimized with the Yoast SEO plugin v27.5 - https:\/\/yoast.com\/product\/yoast-seo-wordpress\/ -->\n<title>Figurine One Piece Dracule Mihawk Le Shishibukai | Figurine One Piece \u2013 Boutique One Piece<\/title>\n<meta name=\"description\" content=\"Jeune pirate, le moment est venu pour toi de te procurer cette Figurine One Piece Dracule Mihawk Le Shichibukai. Tu n&#039;es pas sans savoir que Dracule Mihawk connu sous le surnom d\u2019\u0153il de Faucon est le premier Capitaine Corsaire \u00e0 appara\u00eetre. Il est rest\u00e9 Capitaine Corsaire jusqu&#039;\u00e0 la dissolution de ce groupe. Tu dois \u00e9g\" \/>\n<meta name=\"robots\" content=\"index, follow, max-snippet:-1, max-image-preview:large, max-video-preview:-1\" \/>\n<link rel=\"canonical\" href=\"https:\/\/boutique-one-piece.com\/nb\/one-piece-figurer-2\/one-piece-figur-dracule-mihawk-og-shishibukai\/\" \/>\n<meta property=\"og:locale\" content=\"nb_NO\" \/>\n<meta property=\"og:type\" content=\"article\" \/>\n<meta property=\"og:title\" content=\"Figurine One Piece Dracule Mihawk Le Shishibukai | Figurine One Piece \u2013 Boutique One Piece\" \/>\n<meta property=\"og:description\" content=\"Jeune pirate, le moment est venu pour toi de te procurer cette Figurine One Piece Dracule Mihawk Le Shichibukai. Tu n&#039;es pas sans savoir que Dracule Mihawk connu sous le surnom d\u2019\u0153il de Faucon est le premier Capitaine Corsaire \u00e0 appara\u00eetre. Il est rest\u00e9 Capitaine Corsaire jusqu&#039;\u00e0 la dissolution de ce groupe. Tu dois \u00e9g\" \/>\n<meta property=\"og:url\" content=\"https:\/\/boutique-one-piece.com\/nb\/one-piece-figurer-2\/one-piece-figur-dracule-mihawk-og-shishibukai\/\" \/>\n<meta property=\"og:site_name\" content=\"Boutique One Piece\" \/>\n<meta property=\"article:modified_time\" content=\"2024-09-16T11:37:15+00:00\" \/>\n<meta property=\"og:image\" content=\"https:\/\/boutique-one-piece.com\/wp-content\/uploads\/2022\/09\/Figurine-One-Piece-Dracule-Mihawk-Le-Shishibukai-1.jpg\" \/>\n\t<meta property=\"og:image:width\" content=\"800\" \/>\n\t<meta property=\"og:image:height\" content=\"800\" \/>\n\t<meta property=\"og:image:type\" content=\"image\/jpeg\" \/>\n<meta name=\"twitter:card\" content=\"summary_large_image\" \/>\n<meta name=\"twitter:label1\" content=\"Ansl. lesetid\" \/>\n\t<meta name=\"twitter:data1\" content=\"1 minutt\" \/>\n<script type=\"application\/ld+json\" class=\"yoast-schema-graph\">{\"@context\":\"https:\\\/\\\/schema.org\",\"@graph\":[{\"@type\":\"WebPage\",\"@id\":\"https:\\\/\\\/boutique-one-piece.com\\\/figurines-one-piece\\\/figurine-one-piece-dracule-mihawk-le-shishibukai\\\/\",\"url\":\"https:\\\/\\\/boutique-one-piece.com\\\/figurines-one-piece\\\/figurine-one-piece-dracule-mihawk-le-shishibukai\\\/\",\"name\":\"Figurine One Piece Dracule Mihawk Le Shishibukai | Figurine One Piece \u2013 Boutique One Piece\",\"isPartOf\":{\"@id\":\"https:\\\/\\\/boutique-one-piece.com\\\/#website\"},\"primaryImageOfPage\":{\"@id\":\"https:\\\/\\\/boutique-one-piece.com\\\/figurines-one-piece\\\/figurine-one-piece-dracule-mihawk-le-shishibukai\\\/#primaryimage\"},\"image\":{\"@id\":\"https:\\\/\\\/boutique-one-piece.com\\\/figurines-one-piece\\\/figurine-one-piece-dracule-mihawk-le-shishibukai\\\/#primaryimage\"},\"thumbnailUrl\":\"https:\\\/\\\/boutique-one-piece.com\\\/wp-content\\\/uploads\\\/2022\\\/09\\\/Figurine-One-Piece-Dracule-Mihawk-Le-Shishibukai-1.jpg\",\"datePublished\":\"2022-09-27T20:18:06+00:00\",\"dateModified\":\"2024-09-16T11:37:15+00:00\",\"description\":\"Jeune pirate, le moment est venu pour toi de te procurer cette Figurine One Piece Dracule Mihawk Le Shichibukai. Tu n'es pas sans savoir que Dracule Mihawk connu sous le surnom d\u2019\u0153il de Faucon est le premier Capitaine Corsaire \u00e0 appara\u00eetre. Il est rest\u00e9 Capitaine Corsaire jusqu'\u00e0 la dissolution de ce groupe. Tu dois \u00e9g\",\"breadcrumb\":{\"@id\":\"https:\\\/\\\/boutique-one-piece.com\\\/figurines-one-piece\\\/figurine-one-piece-dracule-mihawk-le-shishibukai\\\/#breadcrumb\"},\"inLanguage\":\"nb-NO\",\"potentialAction\":[{\"@type\":\"ReadAction\",\"target\":[\"https:\\\/\\\/boutique-one-piece.com\\\/figurines-one-piece\\\/figurine-one-piece-dracule-mihawk-le-shishibukai\\\/\"]}]},{\"@type\":\"ImageObject\",\"inLanguage\":\"nb-NO\",\"@id\":\"https:\\\/\\\/boutique-one-piece.com\\\/figurines-one-piece\\\/figurine-one-piece-dracule-mihawk-le-shishibukai\\\/#primaryimage\",\"url\":\"https:\\\/\\\/boutique-one-piece.com\\\/wp-content\\\/uploads\\\/2022\\\/09\\\/Figurine-One-Piece-Dracule-Mihawk-Le-Shishibukai-1.jpg\",\"contentUrl\":\"https:\\\/\\\/boutique-one-piece.com\\\/wp-content\\\/uploads\\\/2022\\\/09\\\/Figurine-One-Piece-Dracule-Mihawk-Le-Shishibukai-1.jpg\",\"width\":800,\"height\":800},{\"@type\":\"BreadcrumbList\",\"@id\":\"https:\\\/\\\/boutique-one-piece.com\\\/figurines-one-piece\\\/figurine-one-piece-dracule-mihawk-le-shishibukai\\\/#breadcrumb\",\"itemListElement\":[{\"@type\":\"ListItem\",\"position\":1,\"name\":\"Home\",\"item\":\"https:\\\/\\\/boutique-one-piece.com\\\/\"},{\"@type\":\"ListItem\",\"position\":2,\"name\":\"Shop\",\"item\":\"https:\\\/\\\/boutique-one-piece.com\\\/shop\\\/\"},{\"@type\":\"ListItem\",\"position\":3,\"name\":\"Figurine One Piece Dracule Mihawk Le Shishibukai\"}]},{\"@type\":\"WebSite\",\"@id\":\"https:\\\/\\\/boutique-one-piece.com\\\/#website\",\"url\":\"https:\\\/\\\/boutique-one-piece.com\\\/\",\"name\":\"Boutique One Piece\",\"description\":\"Magasin Sp\u00e9cialis\u00e9 du Manga et l&#039;Anime One Piece\",\"publisher\":{\"@id\":\"https:\\\/\\\/boutique-one-piece.com\\\/#organization\"},\"potentialAction\":[{\"@type\":\"SearchAction\",\"target\":{\"@type\":\"EntryPoint\",\"urlTemplate\":\"https:\\\/\\\/boutique-one-piece.com\\\/?s={search_term_string}\"},\"query-input\":{\"@type\":\"PropertyValueSpecification\",\"valueRequired\":true,\"valueName\":\"search_term_string\"}}],\"inLanguage\":\"nb-NO\"},{\"@type\":\"Organization\",\"@id\":\"https:\\\/\\\/boutique-one-piece.com\\\/#organization\",\"name\":\"Boutique One Piece\",\"url\":\"https:\\\/\\\/boutique-one-piece.com\\\/\",\"logo\":{\"@type\":\"ImageObject\",\"inLanguage\":\"nb-NO\",\"@id\":\"https:\\\/\\\/boutique-one-piece.com\\\/#\\\/schema\\\/logo\\\/image\\\/\",\"url\":\"https:\\\/\\\/boutique-one-piece.com\\\/wp-content\\\/uploads\\\/2022\\\/09\\\/Logo-01.png\",\"contentUrl\":\"https:\\\/\\\/boutique-one-piece.com\\\/wp-content\\\/uploads\\\/2022\\\/09\\\/Logo-01.png\",\"width\":2318,\"height\":957,\"caption\":\"Boutique One Piece\"},\"image\":{\"@id\":\"https:\\\/\\\/boutique-one-piece.com\\\/#\\\/schema\\\/logo\\\/image\\\/\"}}]}<\/script>\n<!-- \/ Yoast SEO plugin. -->","yoast_head_json":{"title":"One Piece-figur Dracule Mihawk The Shishibukai | One Piece-figur \u2013 One Piece-butikk","description":"Unge pirat, tiden er inne for at du skal f\u00e5 tak i denne One Piece Dracule Mihawk Shichibukai-figuren. Du er sikkert klar over at Dracule Mihawk, kjent som Hawkeye, var den f\u00f8rste krigsherren over havet. Han forble en krigsherre frem til gruppens oppl\u00f8sning. Du m\u00e5 ogs\u00e5","robots":{"index":"index","follow":"follow","max-snippet":"max-snippet:-1","max-image-preview":"max-image-preview:large","max-video-preview":"max-video-preview:-1"},"canonical":"https:\/\/boutique-one-piece.com\/nb\/one-piece-figurer-2\/one-piece-figur-dracule-mihawk-og-shishibukai\/","og_locale":"nb_NO","og_type":"article","og_title":"Figurine One Piece Dracule Mihawk Le Shishibukai | Figurine One Piece \u2013 Boutique One Piece","og_description":"Jeune pirate, le moment est venu pour toi de te procurer cette Figurine One Piece Dracule Mihawk Le Shichibukai. Tu n'es pas sans savoir que Dracule Mihawk connu sous le surnom d\u2019\u0153il de Faucon est le premier Capitaine Corsaire \u00e0 appara\u00eetre. Il est rest\u00e9 Capitaine Corsaire jusqu'\u00e0 la dissolution de ce groupe. Tu dois \u00e9g","og_url":"https:\/\/boutique-one-piece.com\/nb\/one-piece-figurer-2\/one-piece-figur-dracule-mihawk-og-shishibukai\/","og_site_name":"Boutique One Piece","article_modified_time":"2024-09-16T11:37:15+00:00","og_image":[{"width":800,"height":800,"url":"https:\/\/boutique-one-piece.com\/wp-content\/uploads\/2022\/09\/Figurine-One-Piece-Dracule-Mihawk-Le-Shishibukai-1.jpg","type":"image\/jpeg"}],"twitter_card":"summary_large_image","twitter_misc":{"Ansl. lesetid":"1 minutt"},"schema":{"@context":"https:\/\/schema.org","@graph":[{"@type":"WebPage","@id":"https:\/\/boutique-one-piece.com\/figurines-one-piece\/figurine-one-piece-dracule-mihawk-le-shishibukai\/","url":"https:\/\/boutique-one-piece.com\/figurines-one-piece\/figurine-one-piece-dracule-mihawk-le-shishibukai\/","name":"One Piece-figur Dracule Mihawk The Shishibukai | One Piece-figur \u2013 One Piece-butikk","isPartOf":{"@id":"https:\/\/boutique-one-piece.com\/#website"},"primaryImageOfPage":{"@id":"https:\/\/boutique-one-piece.com\/figurines-one-piece\/figurine-one-piece-dracule-mihawk-le-shishibukai\/#primaryimage"},"image":{"@id":"https:\/\/boutique-one-piece.com\/figurines-one-piece\/figurine-one-piece-dracule-mihawk-le-shishibukai\/#primaryimage"},"thumbnailUrl":"https:\/\/boutique-one-piece.com\/wp-content\/uploads\/2022\/09\/Figurine-One-Piece-Dracule-Mihawk-Le-Shishibukai-1.jpg","datePublished":"2022-09-27T20:18:06+00:00","dateModified":"2024-09-16T11:37:15+00:00","description":"Unge pirat, tiden er inne for at du skal f\u00e5 tak i denne One Piece Dracule Mihawk Shichibukai-figuren. Du er sikkert klar over at Dracule Mihawk, kjent som Hawkeye, var den f\u00f8rste krigsherren over havet. Han forble en krigsherre frem til gruppens oppl\u00f8sning. Du m\u00e5 ogs\u00e5","breadcrumb":{"@id":"https:\/\/boutique-one-piece.com\/figurines-one-piece\/figurine-one-piece-dracule-mihawk-le-shishibukai\/#breadcrumb"},"inLanguage":"nb-NO","potentialAction":[{"@type":"ReadAction","target":["https:\/\/boutique-one-piece.com\/figurines-one-piece\/figurine-one-piece-dracule-mihawk-le-shishibukai\/"]}]},{"@type":"ImageObject","inLanguage":"nb-NO","@id":"https:\/\/boutique-one-piece.com\/figurines-one-piece\/figurine-one-piece-dracule-mihawk-le-shishibukai\/#primaryimage","url":"https:\/\/boutique-one-piece.com\/wp-content\/uploads\/2022\/09\/Figurine-One-Piece-Dracule-Mihawk-Le-Shishibukai-1.jpg","contentUrl":"https:\/\/boutique-one-piece.com\/wp-content\/uploads\/2022\/09\/Figurine-One-Piece-Dracule-Mihawk-Le-Shishibukai-1.jpg","width":800,"height":800},{"@type":"BreadcrumbList","@id":"https:\/\/boutique-one-piece.com\/figurines-one-piece\/figurine-one-piece-dracule-mihawk-le-shishibukai\/#breadcrumb","itemListElement":[{"@type":"ListItem","position":1,"name":"Home","item":"https:\/\/boutique-one-piece.com\/"},{"@type":"ListItem","position":2,"name":"Shop","item":"https:\/\/boutique-one-piece.com\/shop\/"},{"@type":"ListItem","position":3,"name":"Figurine One Piece Dracule Mihawk Le Shishibukai"}]},{"@type":"WebSite","@id":"https:\/\/boutique-one-piece.com\/#website","url":"https:\/\/boutique-one-piece.com\/","name":"One Piece-butikk","description":"Spesialbutikk for One Piece Manga og Anime","publisher":{"@id":"https:\/\/boutique-one-piece.com\/#organization"},"potentialAction":[{"@type":"SearchAction","target":{"@type":"EntryPoint","urlTemplate":"https:\/\/boutique-one-piece.com\/?s={search_term_string}"},"query-input":{"@type":"PropertyValueSpecification","valueRequired":true,"valueName":"search_term_string"}}],"inLanguage":"nb-NO"},{"@type":"Organization","@id":"https:\/\/boutique-one-piece.com\/#organization","name":"One Piece-butikk","url":"https:\/\/boutique-one-piece.com\/","logo":{"@type":"ImageObject","inLanguage":"nb-NO","@id":"https:\/\/boutique-one-piece.com\/#\/schema\/logo\/image\/","url":"https:\/\/boutique-one-piece.com\/wp-content\/uploads\/2022\/09\/Logo-01.png","contentUrl":"https:\/\/boutique-one-piece.com\/wp-content\/uploads\/2022\/09\/Logo-01.png","width":2318,"height":957,"caption":"Boutique One Piece"},"image":{"@id":"https:\/\/boutique-one-piece.com\/#\/schema\/logo\/image\/"}}]}},"_links":{"self":[{"href":"https:\/\/boutique-one-piece.com\/nb\/wp-json\/wp\/v2\/product\/9186","targetHints":{"allow":["GET"]}}],"collection":[{"href":"https:\/\/boutique-one-piece.com\/nb\/wp-json\/wp\/v2\/product"}],"about":[{"href":"https:\/\/boutique-one-piece.com\/nb\/wp-json\/wp\/v2\/types\/product"}],"replies":[{"embeddable":true,"href":"https:\/\/boutique-one-piece.com\/nb\/wp-json\/wp\/v2\/comments?post=9186"}],"wp:featuredmedia":[{"embeddable":true,"href":"https:\/\/boutique-one-piece.com\/nb\/wp-json\/wp\/v2\/media\/9188"}],"wp:attachment":[{"href":"https:\/\/boutique-one-piece.com\/nb\/wp-json\/wp\/v2\/media?parent=9186"}],"wp:term":[{"taxonomy":"product_brand","embeddable":true,"href":"https:\/\/boutique-one-piece.com\/nb\/wp-json\/wp\/v2\/product_brand?post=9186"},{"taxonomy":"product_cat","embeddable":true,"href":"https:\/\/boutique-one-piece.com\/nb\/wp-json\/wp\/v2\/product_cat?post=9186"},{"taxonomy":"product_tag","embeddable":true,"href":"https:\/\/boutique-one-piece.com\/nb\/wp-json\/wp\/v2\/product_tag?post=9186"}],"curies":[{"name":"wp","href":"https:\/\/api.w.org\/{rel}","templated":true}]}}