{"id":9205,"date":"2022-09-27T20:18:06","date_gmt":"2022-09-27T20:18:06","guid":{"rendered":"https:\/\/boutique-one-piece.com\/uncategorized\/figurine-one-piece-sanji-film-z\/"},"modified":"2024-09-16T11:37:25","modified_gmt":"2024-09-16T11:37:25","slug":"one-piece-sanji-filmen-z-figur","status":"publish","type":"product","link":"https:\/\/boutique-one-piece.com\/nb\/one-piece-godbiter\/godbiter-vinsmoke-sanji-ett-stykke\/one-piece-sanji-filmen-z-figur\/","title":{"rendered":"One Piece Sanji Filmen Z-figur"},"content":{"rendered":"<h2>Unge pirat, tiden er inne for at du skal skaffe deg denne One Piece Sanji Movie Z-figuren.<\/h2>\n<p>Som en p\u00e5minnelse, One Piece: Z, kalt i Japan <strong>One Piece-filmen: Z<\/strong>, One Piece, regissert av Tatsuya Nagamine og veiledet av Eiichiro Oda, er en film fra 2012. Det er den tolvte filmen basert p\u00e5 Eiichiro Odas One Piece-serie. Her er sammendraget: Dyna-steinene, hvis kraft sies \u00e5 v\u00e6re lik den til de gamle v\u00e5pnene, har plutselig blitt stj\u00e5let av en mann som har skapt sine egne marinesoldater i den nye verden, en tidligere marineadmiral ved navn Zephyr, ogs\u00e5 kjent som &quot;\u00ab\u00a0<strong>Z med den svarte armen<\/strong>\u00ab&quot;, kaptein for New Marines.<\/p>\n<p>Her handler det om <strong>Sanji<\/strong> som er det vi snakker om. Du er sikkert klar over at Sanji, med kallenavnet Sanji <strong>Svart ben<\/strong>, Sanji er kokken til str\u00e5hattgjengen. Han l\u00e6rte seg kokkekunst p\u00e5 Baratie, en flytende restaurant eid av Red-Leg Zeff, en tidligere pirat. Forresten, hvis du er spesielt glad i denne figuren, <a title=\"ONE PIECE SANJI KAWAII-FIGUR\" href=\"https:\/\/boutique-one-piece.com\/nb\/one-piece-figurer-2\/produkter\/one-piece-sanji-kawaii-figur\/\" target=\"_blank\" rel=\"noopener\">s\u00f8t Sanji-figur<\/a> er innen rekkevidde.<\/p>\n<h3>S\u00e5, er du fascinert av Sanji-figuren fra \u00abOne Piece Film: Z\u00bb? I s\u00e5 fall, ikke vent lenger og begi deg ut p\u00e5 et eventyr sammen med ham.<\/h3>\n<p><strong>Ung pirat<\/strong>, Se ikke lenger, disse legendariske One Piece-gjenstandene er en sann skatt. Perfekt til gave, dekorasjon eller samlerobjekter, disse gjenstandene vil forbedre samlingen din. <strong>ditt One Piece-univers<\/strong>. Ta skjebnen i egne hender og opplev mange eventyr med Straw Hat-gjengen.<\/p>\n<h2>Informasjon om Sanji-figur fra filmen Z\u00a0<\/h2>\n<ul>\n<li><span><b><u>One Piece-figur<\/u><\/b>\u00a0Premium One Piece-figur for ekte pirater<\/span><\/li>\n<\/ul>\n<ul>\n<li>\n<b>Materie<\/b><span>\u00a0<\/span>PVC<\/li>\n<\/ul>\n<ul>\n<li><span><strong>Dimensjon<\/strong>\u00a0: 18 cm<\/span><\/li>\n<\/ul>\n<ul>\n<li><span><strong>GRATIS LEVERING<\/strong><\/span><\/li>\n<\/ul>","protected":false},"excerpt":{"rendered":"<p>Jeune pirate, le moment est venu pour toi de te procurer cette Figurine One Piece Sanji Film Z. Pour rappel, One Piece : Z, appel\u00e9 au Japon One Piece Film : Z, est un film r\u00e9alis\u00e9 en 2012 par Tatsuya Nagamine et supervis\u00e9 par Eiichiro Oda. Il est le douzi\u00e8me film bas\u00e9 sur la s\u00e9rie [&hellip;]<\/p>","protected":false},"featured_media":9207,"comment_status":"open","ping_status":"open","template":"","meta":[],"product_brand":[],"product_cat":[76,275,164],"product_tag":[112],"class_list":{"0":"post-9205","1":"product","2":"type-product","3":"status-publish","4":"has-post-thumbnail","6":"product_cat-figurines-one-piece","7":"product_cat-figurines-vinsmoke-sanji","8":"product_cat-goodies-vinsmoke-sanji-one-piece","9":"product_tag-sanji","11":"first","12":"instock","13":"purchasable","14":"product-type-simple"},"yoast_head":"<!-- This site is optimized with the Yoast SEO plugin v27.5 - https:\/\/yoast.com\/product\/yoast-seo-wordpress\/ -->\n<title>Figurine One Piece Sanji Film Z | Figurine One Piece \u2013 Boutique One Piece<\/title>\n<meta name=\"description\" content=\"Jeune pirate, le moment est venu pour toi de te procurer cette Figurine One Piece Sanji Film Z. Pour rappel, One Piece : Z, appel\u00e9 au Japon One Piece Film : Z, est un film r\u00e9alis\u00e9 en 2012 par Tatsuya Nagamine et supervis\u00e9 par Eiichiro Oda. Il est le douzi\u00e8me film bas\u00e9 sur la s\u00e9rie One Piece de Eiichiro Oda. En voici le\" \/>\n<meta name=\"robots\" content=\"index, follow, max-snippet:-1, max-image-preview:large, max-video-preview:-1\" \/>\n<link rel=\"canonical\" href=\"https:\/\/boutique-one-piece.com\/nb\/one-piece-figurer-2\/vinsmoke-sanji-figurer\/one-piece-sanji-filmen-z-figur\/\" \/>\n<meta property=\"og:locale\" content=\"nb_NO\" \/>\n<meta property=\"og:type\" content=\"article\" \/>\n<meta property=\"og:title\" content=\"Figurine One Piece Sanji Film Z | Figurine One Piece \u2013 Boutique One Piece\" \/>\n<meta property=\"og:description\" content=\"Jeune pirate, le moment est venu pour toi de te procurer cette Figurine One Piece Sanji Film Z. Pour rappel, One Piece : Z, appel\u00e9 au Japon One Piece Film : Z, est un film r\u00e9alis\u00e9 en 2012 par Tatsuya Nagamine et supervis\u00e9 par Eiichiro Oda. Il est le douzi\u00e8me film bas\u00e9 sur la s\u00e9rie One Piece de Eiichiro Oda. En voici le\" \/>\n<meta property=\"og:url\" content=\"https:\/\/boutique-one-piece.com\/nb\/one-piece-figurer-2\/vinsmoke-sanji-figurer\/one-piece-sanji-filmen-z-figur\/\" \/>\n<meta property=\"og:site_name\" content=\"Boutique One Piece\" \/>\n<meta property=\"article:modified_time\" content=\"2024-09-16T11:37:25+00:00\" \/>\n<meta property=\"og:image\" content=\"https:\/\/boutique-one-piece.com\/wp-content\/uploads\/2022\/09\/Figurine-One-Piece-Sanji-Film-Z-1.jpg\" \/>\n\t<meta property=\"og:image:width\" content=\"600\" \/>\n\t<meta property=\"og:image:height\" content=\"600\" \/>\n\t<meta property=\"og:image:type\" content=\"image\/jpeg\" \/>\n<meta name=\"twitter:card\" content=\"summary_large_image\" \/>\n<meta name=\"twitter:label1\" content=\"Ansl. lesetid\" \/>\n\t<meta name=\"twitter:data1\" content=\"1 minutt\" \/>\n<script type=\"application\/ld+json\" class=\"yoast-schema-graph\">{\"@context\":\"https:\\\/\\\/schema.org\",\"@graph\":[{\"@type\":\"WebPage\",\"@id\":\"https:\\\/\\\/boutique-one-piece.com\\\/figurines-one-piece\\\/figurines-vinsmoke-sanji\\\/figurine-one-piece-sanji-film-z\\\/\",\"url\":\"https:\\\/\\\/boutique-one-piece.com\\\/figurines-one-piece\\\/figurines-vinsmoke-sanji\\\/figurine-one-piece-sanji-film-z\\\/\",\"name\":\"Figurine One Piece Sanji Film Z | Figurine One Piece \u2013 Boutique One Piece\",\"isPartOf\":{\"@id\":\"https:\\\/\\\/boutique-one-piece.com\\\/#website\"},\"primaryImageOfPage\":{\"@id\":\"https:\\\/\\\/boutique-one-piece.com\\\/figurines-one-piece\\\/figurines-vinsmoke-sanji\\\/figurine-one-piece-sanji-film-z\\\/#primaryimage\"},\"image\":{\"@id\":\"https:\\\/\\\/boutique-one-piece.com\\\/figurines-one-piece\\\/figurines-vinsmoke-sanji\\\/figurine-one-piece-sanji-film-z\\\/#primaryimage\"},\"thumbnailUrl\":\"https:\\\/\\\/boutique-one-piece.com\\\/wp-content\\\/uploads\\\/2022\\\/09\\\/Figurine-One-Piece-Sanji-Film-Z-1.jpg\",\"datePublished\":\"2022-09-27T20:18:06+00:00\",\"dateModified\":\"2024-09-16T11:37:25+00:00\",\"description\":\"Jeune pirate, le moment est venu pour toi de te procurer cette Figurine One Piece Sanji Film Z. Pour rappel, One Piece : Z, appel\u00e9 au Japon One Piece Film : Z, est un film r\u00e9alis\u00e9 en 2012 par Tatsuya Nagamine et supervis\u00e9 par Eiichiro Oda. Il est le douzi\u00e8me film bas\u00e9 sur la s\u00e9rie One Piece de Eiichiro Oda. En voici le\",\"breadcrumb\":{\"@id\":\"https:\\\/\\\/boutique-one-piece.com\\\/figurines-one-piece\\\/figurines-vinsmoke-sanji\\\/figurine-one-piece-sanji-film-z\\\/#breadcrumb\"},\"inLanguage\":\"nb-NO\",\"potentialAction\":[{\"@type\":\"ReadAction\",\"target\":[\"https:\\\/\\\/boutique-one-piece.com\\\/figurines-one-piece\\\/figurines-vinsmoke-sanji\\\/figurine-one-piece-sanji-film-z\\\/\"]}]},{\"@type\":\"ImageObject\",\"inLanguage\":\"nb-NO\",\"@id\":\"https:\\\/\\\/boutique-one-piece.com\\\/figurines-one-piece\\\/figurines-vinsmoke-sanji\\\/figurine-one-piece-sanji-film-z\\\/#primaryimage\",\"url\":\"https:\\\/\\\/boutique-one-piece.com\\\/wp-content\\\/uploads\\\/2022\\\/09\\\/Figurine-One-Piece-Sanji-Film-Z-1.jpg\",\"contentUrl\":\"https:\\\/\\\/boutique-one-piece.com\\\/wp-content\\\/uploads\\\/2022\\\/09\\\/Figurine-One-Piece-Sanji-Film-Z-1.jpg\",\"width\":600,\"height\":600},{\"@type\":\"BreadcrumbList\",\"@id\":\"https:\\\/\\\/boutique-one-piece.com\\\/figurines-one-piece\\\/figurines-vinsmoke-sanji\\\/figurine-one-piece-sanji-film-z\\\/#breadcrumb\",\"itemListElement\":[{\"@type\":\"ListItem\",\"position\":1,\"name\":\"Home\",\"item\":\"https:\\\/\\\/boutique-one-piece.com\\\/\"},{\"@type\":\"ListItem\",\"position\":2,\"name\":\"Shop\",\"item\":\"https:\\\/\\\/boutique-one-piece.com\\\/shop\\\/\"},{\"@type\":\"ListItem\",\"position\":3,\"name\":\"Figurine One Piece Sanji Film Z\"}]},{\"@type\":\"WebSite\",\"@id\":\"https:\\\/\\\/boutique-one-piece.com\\\/#website\",\"url\":\"https:\\\/\\\/boutique-one-piece.com\\\/\",\"name\":\"Boutique One Piece\",\"description\":\"Magasin Sp\u00e9cialis\u00e9 du Manga et l&#039;Anime One Piece\",\"publisher\":{\"@id\":\"https:\\\/\\\/boutique-one-piece.com\\\/#organization\"},\"potentialAction\":[{\"@type\":\"SearchAction\",\"target\":{\"@type\":\"EntryPoint\",\"urlTemplate\":\"https:\\\/\\\/boutique-one-piece.com\\\/?s={search_term_string}\"},\"query-input\":{\"@type\":\"PropertyValueSpecification\",\"valueRequired\":true,\"valueName\":\"search_term_string\"}}],\"inLanguage\":\"nb-NO\"},{\"@type\":\"Organization\",\"@id\":\"https:\\\/\\\/boutique-one-piece.com\\\/#organization\",\"name\":\"Boutique One Piece\",\"url\":\"https:\\\/\\\/boutique-one-piece.com\\\/\",\"logo\":{\"@type\":\"ImageObject\",\"inLanguage\":\"nb-NO\",\"@id\":\"https:\\\/\\\/boutique-one-piece.com\\\/#\\\/schema\\\/logo\\\/image\\\/\",\"url\":\"https:\\\/\\\/boutique-one-piece.com\\\/wp-content\\\/uploads\\\/2022\\\/09\\\/Logo-01.png\",\"contentUrl\":\"https:\\\/\\\/boutique-one-piece.com\\\/wp-content\\\/uploads\\\/2022\\\/09\\\/Logo-01.png\",\"width\":2318,\"height\":957,\"caption\":\"Boutique One Piece\"},\"image\":{\"@id\":\"https:\\\/\\\/boutique-one-piece.com\\\/#\\\/schema\\\/logo\\\/image\\\/\"}}]}<\/script>\n<!-- \/ Yoast SEO plugin. -->","yoast_head_json":{"title":"One Piece Sanji Movie Z-figur | One Piece-figur \u2013 One Piece-butikk","description":"Unge pirat, tiden er inne for at du skal f\u00e5 tak i denne One Piece Sanji Movie Z-figuren. Som en p\u00e5minnelse, One Piece: Z, kalt One Piece Film: Z i Japan, er en film fra 2012 regissert av Tatsuya Nagamine og veiledet av Eiichiro Oda. Det er den tolvte filmen basert p\u00e5 Eiichiro Odas One Piece-serie. Her er","robots":{"index":"index","follow":"follow","max-snippet":"max-snippet:-1","max-image-preview":"max-image-preview:large","max-video-preview":"max-video-preview:-1"},"canonical":"https:\/\/boutique-one-piece.com\/nb\/one-piece-figurer-2\/vinsmoke-sanji-figurer\/one-piece-sanji-filmen-z-figur\/","og_locale":"nb_NO","og_type":"article","og_title":"Figurine One Piece Sanji Film Z | Figurine One Piece \u2013 Boutique One Piece","og_description":"Jeune pirate, le moment est venu pour toi de te procurer cette Figurine One Piece Sanji Film Z. Pour rappel, One Piece : Z, appel\u00e9 au Japon One Piece Film : Z, est un film r\u00e9alis\u00e9 en 2012 par Tatsuya Nagamine et supervis\u00e9 par Eiichiro Oda. Il est le douzi\u00e8me film bas\u00e9 sur la s\u00e9rie One Piece de Eiichiro Oda. En voici le","og_url":"https:\/\/boutique-one-piece.com\/nb\/one-piece-figurer-2\/vinsmoke-sanji-figurer\/one-piece-sanji-filmen-z-figur\/","og_site_name":"Boutique One Piece","article_modified_time":"2024-09-16T11:37:25+00:00","og_image":[{"width":600,"height":600,"url":"https:\/\/boutique-one-piece.com\/wp-content\/uploads\/2022\/09\/Figurine-One-Piece-Sanji-Film-Z-1.jpg","type":"image\/jpeg"}],"twitter_card":"summary_large_image","twitter_misc":{"Ansl. lesetid":"1 minutt"},"schema":{"@context":"https:\/\/schema.org","@graph":[{"@type":"WebPage","@id":"https:\/\/boutique-one-piece.com\/figurines-one-piece\/figurines-vinsmoke-sanji\/figurine-one-piece-sanji-film-z\/","url":"https:\/\/boutique-one-piece.com\/figurines-one-piece\/figurines-vinsmoke-sanji\/figurine-one-piece-sanji-film-z\/","name":"One Piece Sanji Movie Z-figur | One Piece-figur \u2013 One Piece-butikk","isPartOf":{"@id":"https:\/\/boutique-one-piece.com\/#website"},"primaryImageOfPage":{"@id":"https:\/\/boutique-one-piece.com\/figurines-one-piece\/figurines-vinsmoke-sanji\/figurine-one-piece-sanji-film-z\/#primaryimage"},"image":{"@id":"https:\/\/boutique-one-piece.com\/figurines-one-piece\/figurines-vinsmoke-sanji\/figurine-one-piece-sanji-film-z\/#primaryimage"},"thumbnailUrl":"https:\/\/boutique-one-piece.com\/wp-content\/uploads\/2022\/09\/Figurine-One-Piece-Sanji-Film-Z-1.jpg","datePublished":"2022-09-27T20:18:06+00:00","dateModified":"2024-09-16T11:37:25+00:00","description":"Unge pirat, tiden er inne for at du skal f\u00e5 tak i denne One Piece Sanji Movie Z-figuren. Som en p\u00e5minnelse, One Piece: Z, kalt One Piece Film: Z i Japan, er en film fra 2012 regissert av Tatsuya Nagamine og veiledet av Eiichiro Oda. Det er den tolvte filmen basert p\u00e5 Eiichiro Odas One Piece-serie. Her er","breadcrumb":{"@id":"https:\/\/boutique-one-piece.com\/figurines-one-piece\/figurines-vinsmoke-sanji\/figurine-one-piece-sanji-film-z\/#breadcrumb"},"inLanguage":"nb-NO","potentialAction":[{"@type":"ReadAction","target":["https:\/\/boutique-one-piece.com\/figurines-one-piece\/figurines-vinsmoke-sanji\/figurine-one-piece-sanji-film-z\/"]}]},{"@type":"ImageObject","inLanguage":"nb-NO","@id":"https:\/\/boutique-one-piece.com\/figurines-one-piece\/figurines-vinsmoke-sanji\/figurine-one-piece-sanji-film-z\/#primaryimage","url":"https:\/\/boutique-one-piece.com\/wp-content\/uploads\/2022\/09\/Figurine-One-Piece-Sanji-Film-Z-1.jpg","contentUrl":"https:\/\/boutique-one-piece.com\/wp-content\/uploads\/2022\/09\/Figurine-One-Piece-Sanji-Film-Z-1.jpg","width":600,"height":600},{"@type":"BreadcrumbList","@id":"https:\/\/boutique-one-piece.com\/figurines-one-piece\/figurines-vinsmoke-sanji\/figurine-one-piece-sanji-film-z\/#breadcrumb","itemListElement":[{"@type":"ListItem","position":1,"name":"Home","item":"https:\/\/boutique-one-piece.com\/"},{"@type":"ListItem","position":2,"name":"Shop","item":"https:\/\/boutique-one-piece.com\/shop\/"},{"@type":"ListItem","position":3,"name":"Figurine One Piece Sanji Film Z"}]},{"@type":"WebSite","@id":"https:\/\/boutique-one-piece.com\/#website","url":"https:\/\/boutique-one-piece.com\/","name":"One Piece-butikk","description":"Spesialbutikk for One Piece Manga og Anime","publisher":{"@id":"https:\/\/boutique-one-piece.com\/#organization"},"potentialAction":[{"@type":"SearchAction","target":{"@type":"EntryPoint","urlTemplate":"https:\/\/boutique-one-piece.com\/?s={search_term_string}"},"query-input":{"@type":"PropertyValueSpecification","valueRequired":true,"valueName":"search_term_string"}}],"inLanguage":"nb-NO"},{"@type":"Organization","@id":"https:\/\/boutique-one-piece.com\/#organization","name":"One Piece-butikk","url":"https:\/\/boutique-one-piece.com\/","logo":{"@type":"ImageObject","inLanguage":"nb-NO","@id":"https:\/\/boutique-one-piece.com\/#\/schema\/logo\/image\/","url":"https:\/\/boutique-one-piece.com\/wp-content\/uploads\/2022\/09\/Logo-01.png","contentUrl":"https:\/\/boutique-one-piece.com\/wp-content\/uploads\/2022\/09\/Logo-01.png","width":2318,"height":957,"caption":"Boutique One Piece"},"image":{"@id":"https:\/\/boutique-one-piece.com\/#\/schema\/logo\/image\/"}}]}},"_links":{"self":[{"href":"https:\/\/boutique-one-piece.com\/nb\/wp-json\/wp\/v2\/product\/9205","targetHints":{"allow":["GET"]}}],"collection":[{"href":"https:\/\/boutique-one-piece.com\/nb\/wp-json\/wp\/v2\/product"}],"about":[{"href":"https:\/\/boutique-one-piece.com\/nb\/wp-json\/wp\/v2\/types\/product"}],"replies":[{"embeddable":true,"href":"https:\/\/boutique-one-piece.com\/nb\/wp-json\/wp\/v2\/comments?post=9205"}],"wp:featuredmedia":[{"embeddable":true,"href":"https:\/\/boutique-one-piece.com\/nb\/wp-json\/wp\/v2\/media\/9207"}],"wp:attachment":[{"href":"https:\/\/boutique-one-piece.com\/nb\/wp-json\/wp\/v2\/media?parent=9205"}],"wp:term":[{"taxonomy":"product_brand","embeddable":true,"href":"https:\/\/boutique-one-piece.com\/nb\/wp-json\/wp\/v2\/product_brand?post=9205"},{"taxonomy":"product_cat","embeddable":true,"href":"https:\/\/boutique-one-piece.com\/nb\/wp-json\/wp\/v2\/product_cat?post=9205"},{"taxonomy":"product_tag","embeddable":true,"href":"https:\/\/boutique-one-piece.com\/nb\/wp-json\/wp\/v2\/product_tag?post=9205"}],"curies":[{"name":"wp","href":"https:\/\/api.w.org\/{rel}","templated":true}]}}