{"id":9306,"date":"2022-09-27T20:18:53","date_gmt":"2022-09-27T20:18:53","guid":{"rendered":"https:\/\/boutique-one-piece.com\/uncategorized\/avis-de-recherche-one-piece-charlotte-linlin-wanted\/"},"modified":"2024-09-16T11:40:05","modified_gmt":"2024-09-16T11:40:05","slug":"one-piece-plakat-etterlyst-charlotte-linlin","status":"publish","type":"product","link":"https:\/\/boutique-one-piece.com\/nb\/one-piece-onsket-plakat\/one-piece-plakat-etterlyst-charlotte-linlin\/","title":{"rendered":"Charlotte Linlin \u00f8nsket"},"content":{"rendered":"<h2>Likte du Totto Land-historien i One Piece? I s\u00e5 fall vil denne plakaten med Charlotte Linlin Wanted v\u00e6re midt i blinken for deg.<\/h2>\n<p>Charlotte Linlin, ogs\u00e5 kjent som Big Mom, er en <strong>Keiser<\/strong> som grunnla sitt eget land, Totto Land, i stor grad ved hjelp av sin Djevelfrukt. Selv om Djevelfrukter ofte diskuteres som noe som gir brukerne stor fysisk styrke, er kraften i frukten hans, som er <strong>Soru Soru n\u00e5, jeg<\/strong>, som lar den stjele sjelen til den som frykter den, eller en del av deres forventede levealder.<\/p>\n<p>Ved \u00e5 bruke sin egen livskraft kan hun skape levende vesener og puste liv i dem. Slik bygde hun sitt eget land og bestemte at hennes underordnede skulle v\u00e6re hennes s\u00f8nner og d\u00f8tre, som alle b\u00e6rer navnet Charlotte.<\/p>\n<h3>Samle plakatene med de st\u00f8rste dus\u00f8rene takket v\u00e6re denne Charlotte Linlin Wanted-plakaten.<\/h3>\n<p>Charlotte Linlins m\u00e5l er \u00e5 bli Piratkongen, noe som betyr at hun er en direkte fiende n\u00e5r det gjelder viljestyrke. Luffy drar til Totto Land for \u00e5 hente Sanji fordi Vinsmoke-familien vil tvinge ham til \u00e5 gifte seg. <strong>Charlottepudding<\/strong> \u00e5 opprette en allianse med Big Moms fl\u00e5te. Dus\u00f8ren hans for fangst eller d\u00f8d er 4 milliarder 388 millioner b\u00e6r.<\/p>\n<p>Hvis du er lidenskapelig opptatt av bonuser, dette <a href=\"https:\/\/boutique-one-piece.com\/nb\/onsket-varsel-energi-onsket\/\" target=\"_blank\" title=\"Enel \u00f8nsket varsel\" rel=\"noopener noreferrer\">Enel \u00f8nsket beskjed<\/a> Du burde like det.<\/p>\n<p>\u00a0<\/p>\n<h2>Informasjon om One Piece Wanted Big Mom-plakaten<\/h2>\n<ul>\n<li><span><b><u>One Piece Wanted-plakat<\/u><\/b>\u00a0En ekte One Piece-plakat for ekte pirater<\/span><\/li>\n<\/ul>\n<ul>\n<li>\n<b><u>Charlotte Linlins bonus<\/u><\/b>\u00a04 388 000 000 b\u00e6r<\/li>\n<\/ul>\n<ul>\n<li><span><strong>Utskrift av h\u00f8y kvalitet<\/strong>\u00a0n\u00f8yaktige farger<\/span><\/li>\n<\/ul>\n<ul>\n<li>\n<strong>Dimensjon<\/strong>\u00a0: 30 cm x 21 cm og 42 cm x 30 cm<\/li>\n<\/ul>\n<ul>\n<li><span><strong>GRATIS LEVERING<\/strong><\/span><\/li>\n<\/ul>","protected":false},"excerpt":{"rendered":"<p>As-tu appr\u00e9ci\u00e9 l&rsquo;arc Totto land de One Piece ? Si c&rsquo;est le cas, cet Avis de Recherche Charlotte Linlin Wanted va te convenir. Charlotte Linlin, aussi appel\u00e9e Big Mom, est un Empereur qui a fond\u00e9 son propre pays, Totto Land en grande partie avec l&rsquo;aide son fruit du d\u00e9mon. Si l&rsquo;on parle souvent des fruits [&hellip;]<\/p>","protected":false},"featured_media":9308,"comment_status":"open","ping_status":"open","template":"","meta":[],"product_brand":[],"product_cat":[171],"product_tag":[],"class_list":{"0":"post-9306","1":"product","2":"type-product","3":"status-publish","4":"has-post-thumbnail","6":"product_cat-avis-de-recherche-one-piece","8":"first","9":"instock","10":"purchasable","11":"product-type-variable","12":"has-default-attributes"},"yoast_head":"<!-- This site is optimized with the Yoast SEO plugin v27.5 - https:\/\/yoast.com\/product\/yoast-seo-wordpress\/ -->\n<title>Avis de Recherche One Piece Charlotte Linlin Wanted | D\u00e9coration One Piece \u2013 Boutique One Piece<\/title>\n<meta name=\"description\" content=\"As-tu appr\u00e9ci\u00e9 l&#039;arc Totto land de One Piece ? Si c&#039;est le cas, cet Avis de Recherche Charlotte Linlin Wanted va te convenir. Charlotte Linlin, aussi appel\u00e9e Big Mom, est un Empereur qui a fond\u00e9 son propre pays, Totto Land en grande partie avec l&#039;aide son fruit du d\u00e9mon. Si l&#039;on parle souvent des fruits du d\u00e9mon qui co\" \/>\n<meta name=\"robots\" content=\"index, follow, max-snippet:-1, max-image-preview:large, max-video-preview:-1\" \/>\n<link rel=\"canonical\" href=\"https:\/\/boutique-one-piece.com\/nb\/one-piece-onsket-plakat\/one-piece-plakat-etterlyst-charlotte-linlin\/\" \/>\n<meta property=\"og:locale\" content=\"nb_NO\" \/>\n<meta property=\"og:type\" content=\"article\" \/>\n<meta property=\"og:title\" content=\"Avis de Recherche One Piece Charlotte Linlin Wanted | D\u00e9coration One Piece \u2013 Boutique One Piece\" \/>\n<meta property=\"og:description\" content=\"As-tu appr\u00e9ci\u00e9 l&#039;arc Totto land de One Piece ? Si c&#039;est le cas, cet Avis de Recherche Charlotte Linlin Wanted va te convenir. Charlotte Linlin, aussi appel\u00e9e Big Mom, est un Empereur qui a fond\u00e9 son propre pays, Totto Land en grande partie avec l&#039;aide son fruit du d\u00e9mon. Si l&#039;on parle souvent des fruits du d\u00e9mon qui co\" \/>\n<meta property=\"og:url\" content=\"https:\/\/boutique-one-piece.com\/nb\/one-piece-onsket-plakat\/one-piece-plakat-etterlyst-charlotte-linlin\/\" \/>\n<meta property=\"og:site_name\" content=\"Boutique One Piece\" \/>\n<meta property=\"article:modified_time\" content=\"2024-09-16T11:40:05+00:00\" \/>\n<meta property=\"og:image\" content=\"https:\/\/boutique-one-piece.com\/wp-content\/uploads\/2022\/09\/Avis-de-Recherche-Charlotte-Linlin-Wanted.jpg\" \/>\n\t<meta property=\"og:image:width\" content=\"800\" \/>\n\t<meta property=\"og:image:height\" content=\"800\" \/>\n\t<meta property=\"og:image:type\" content=\"image\/jpeg\" \/>\n<meta name=\"twitter:card\" content=\"summary_large_image\" \/>\n<meta name=\"twitter:label1\" content=\"Ansl. lesetid\" \/>\n\t<meta name=\"twitter:data1\" content=\"2 minutter\" \/>\n<script type=\"application\/ld+json\" class=\"yoast-schema-graph\">{\"@context\":\"https:\\\/\\\/schema.org\",\"@graph\":[{\"@type\":\"WebPage\",\"@id\":\"https:\\\/\\\/boutique-one-piece.com\\\/avis-de-recherche-one-piece\\\/avis-de-recherche-one-piece-charlotte-linlin-wanted\\\/\",\"url\":\"https:\\\/\\\/boutique-one-piece.com\\\/avis-de-recherche-one-piece\\\/avis-de-recherche-one-piece-charlotte-linlin-wanted\\\/\",\"name\":\"Avis de Recherche One Piece Charlotte Linlin Wanted | D\u00e9coration One Piece \u2013 Boutique One Piece\",\"isPartOf\":{\"@id\":\"https:\\\/\\\/boutique-one-piece.com\\\/#website\"},\"primaryImageOfPage\":{\"@id\":\"https:\\\/\\\/boutique-one-piece.com\\\/avis-de-recherche-one-piece\\\/avis-de-recherche-one-piece-charlotte-linlin-wanted\\\/#primaryimage\"},\"image\":{\"@id\":\"https:\\\/\\\/boutique-one-piece.com\\\/avis-de-recherche-one-piece\\\/avis-de-recherche-one-piece-charlotte-linlin-wanted\\\/#primaryimage\"},\"thumbnailUrl\":\"https:\\\/\\\/boutique-one-piece.com\\\/wp-content\\\/uploads\\\/2022\\\/09\\\/Avis-de-Recherche-Charlotte-Linlin-Wanted.jpg\",\"datePublished\":\"2022-09-27T20:18:53+00:00\",\"dateModified\":\"2024-09-16T11:40:05+00:00\",\"description\":\"As-tu appr\u00e9ci\u00e9 l'arc Totto land de One Piece ? Si c'est le cas, cet Avis de Recherche Charlotte Linlin Wanted va te convenir. Charlotte Linlin, aussi appel\u00e9e Big Mom, est un Empereur qui a fond\u00e9 son propre pays, Totto Land en grande partie avec l'aide son fruit du d\u00e9mon. Si l'on parle souvent des fruits du d\u00e9mon qui co\",\"breadcrumb\":{\"@id\":\"https:\\\/\\\/boutique-one-piece.com\\\/avis-de-recherche-one-piece\\\/avis-de-recherche-one-piece-charlotte-linlin-wanted\\\/#breadcrumb\"},\"inLanguage\":\"nb-NO\",\"potentialAction\":[{\"@type\":\"ReadAction\",\"target\":[\"https:\\\/\\\/boutique-one-piece.com\\\/avis-de-recherche-one-piece\\\/avis-de-recherche-one-piece-charlotte-linlin-wanted\\\/\"]}]},{\"@type\":\"ImageObject\",\"inLanguage\":\"nb-NO\",\"@id\":\"https:\\\/\\\/boutique-one-piece.com\\\/avis-de-recherche-one-piece\\\/avis-de-recherche-one-piece-charlotte-linlin-wanted\\\/#primaryimage\",\"url\":\"https:\\\/\\\/boutique-one-piece.com\\\/wp-content\\\/uploads\\\/2022\\\/09\\\/Avis-de-Recherche-Charlotte-Linlin-Wanted.jpg\",\"contentUrl\":\"https:\\\/\\\/boutique-one-piece.com\\\/wp-content\\\/uploads\\\/2022\\\/09\\\/Avis-de-Recherche-Charlotte-Linlin-Wanted.jpg\",\"width\":800,\"height\":800,\"caption\":\"Avis de Recherche Charlotte Linlin Wanted 42 X 30 cm\"},{\"@type\":\"BreadcrumbList\",\"@id\":\"https:\\\/\\\/boutique-one-piece.com\\\/avis-de-recherche-one-piece\\\/avis-de-recherche-one-piece-charlotte-linlin-wanted\\\/#breadcrumb\",\"itemListElement\":[{\"@type\":\"ListItem\",\"position\":1,\"name\":\"Home\",\"item\":\"https:\\\/\\\/boutique-one-piece.com\\\/\"},{\"@type\":\"ListItem\",\"position\":2,\"name\":\"Shop\",\"item\":\"https:\\\/\\\/boutique-one-piece.com\\\/shop\\\/\"},{\"@type\":\"ListItem\",\"position\":3,\"name\":\"Avis de Recherche Charlotte Linlin Wanted\"}]},{\"@type\":\"WebSite\",\"@id\":\"https:\\\/\\\/boutique-one-piece.com\\\/#website\",\"url\":\"https:\\\/\\\/boutique-one-piece.com\\\/\",\"name\":\"Boutique One Piece\",\"description\":\"Magasin Sp\u00e9cialis\u00e9 du Manga et l&#039;Anime One Piece\",\"publisher\":{\"@id\":\"https:\\\/\\\/boutique-one-piece.com\\\/#organization\"},\"potentialAction\":[{\"@type\":\"SearchAction\",\"target\":{\"@type\":\"EntryPoint\",\"urlTemplate\":\"https:\\\/\\\/boutique-one-piece.com\\\/?s={search_term_string}\"},\"query-input\":{\"@type\":\"PropertyValueSpecification\",\"valueRequired\":true,\"valueName\":\"search_term_string\"}}],\"inLanguage\":\"nb-NO\"},{\"@type\":\"Organization\",\"@id\":\"https:\\\/\\\/boutique-one-piece.com\\\/#organization\",\"name\":\"Boutique One Piece\",\"url\":\"https:\\\/\\\/boutique-one-piece.com\\\/\",\"logo\":{\"@type\":\"ImageObject\",\"inLanguage\":\"nb-NO\",\"@id\":\"https:\\\/\\\/boutique-one-piece.com\\\/#\\\/schema\\\/logo\\\/image\\\/\",\"url\":\"https:\\\/\\\/boutique-one-piece.com\\\/wp-content\\\/uploads\\\/2022\\\/09\\\/Logo-01.png\",\"contentUrl\":\"https:\\\/\\\/boutique-one-piece.com\\\/wp-content\\\/uploads\\\/2022\\\/09\\\/Logo-01.png\",\"width\":2318,\"height\":957,\"caption\":\"Boutique One Piece\"},\"image\":{\"@id\":\"https:\\\/\\\/boutique-one-piece.com\\\/#\\\/schema\\\/logo\\\/image\\\/\"}}]}<\/script>\n<!-- \/ Yoast SEO plugin. -->","yoast_head_json":{"title":"One Piece-\u00f8nskes ut: Charlotte Linlin | One Piece-dekorasjoner \u2013 One Piece-butikken","description":"Likte du Totto Land-historien i One Piece? I s\u00e5 fall er denne plakaten med Charlotte Linlin Wanted noe for deg. Charlotte Linlin, ogs\u00e5 kjent som Big Mom, er en keiser som grunnla sitt eget land, Totto Land, i stor grad ved hjelp av sin djevelfrukt. Selv om vi ofte snakker om djevelfrukter som...","robots":{"index":"index","follow":"follow","max-snippet":"max-snippet:-1","max-image-preview":"max-image-preview:large","max-video-preview":"max-video-preview:-1"},"canonical":"https:\/\/boutique-one-piece.com\/nb\/one-piece-onsket-plakat\/one-piece-plakat-etterlyst-charlotte-linlin\/","og_locale":"nb_NO","og_type":"article","og_title":"Avis de Recherche One Piece Charlotte Linlin Wanted | D\u00e9coration One Piece \u2013 Boutique One Piece","og_description":"As-tu appr\u00e9ci\u00e9 l'arc Totto land de One Piece ? Si c'est le cas, cet Avis de Recherche Charlotte Linlin Wanted va te convenir. Charlotte Linlin, aussi appel\u00e9e Big Mom, est un Empereur qui a fond\u00e9 son propre pays, Totto Land en grande partie avec l'aide son fruit du d\u00e9mon. Si l'on parle souvent des fruits du d\u00e9mon qui co","og_url":"https:\/\/boutique-one-piece.com\/nb\/one-piece-onsket-plakat\/one-piece-plakat-etterlyst-charlotte-linlin\/","og_site_name":"Boutique One Piece","article_modified_time":"2024-09-16T11:40:05+00:00","og_image":[{"width":800,"height":800,"url":"https:\/\/boutique-one-piece.com\/wp-content\/uploads\/2022\/09\/Avis-de-Recherche-Charlotte-Linlin-Wanted.jpg","type":"image\/jpeg"}],"twitter_card":"summary_large_image","twitter_misc":{"Ansl. lesetid":"2 minutter"},"schema":{"@context":"https:\/\/schema.org","@graph":[{"@type":"WebPage","@id":"https:\/\/boutique-one-piece.com\/avis-de-recherche-one-piece\/avis-de-recherche-one-piece-charlotte-linlin-wanted\/","url":"https:\/\/boutique-one-piece.com\/avis-de-recherche-one-piece\/avis-de-recherche-one-piece-charlotte-linlin-wanted\/","name":"One Piece-\u00f8nskes ut: Charlotte Linlin | One Piece-dekorasjoner \u2013 One Piece-butikken","isPartOf":{"@id":"https:\/\/boutique-one-piece.com\/#website"},"primaryImageOfPage":{"@id":"https:\/\/boutique-one-piece.com\/avis-de-recherche-one-piece\/avis-de-recherche-one-piece-charlotte-linlin-wanted\/#primaryimage"},"image":{"@id":"https:\/\/boutique-one-piece.com\/avis-de-recherche-one-piece\/avis-de-recherche-one-piece-charlotte-linlin-wanted\/#primaryimage"},"thumbnailUrl":"https:\/\/boutique-one-piece.com\/wp-content\/uploads\/2022\/09\/Avis-de-Recherche-Charlotte-Linlin-Wanted.jpg","datePublished":"2022-09-27T20:18:53+00:00","dateModified":"2024-09-16T11:40:05+00:00","description":"Likte du Totto Land-historien i One Piece? I s\u00e5 fall er denne plakaten med Charlotte Linlin Wanted noe for deg. Charlotte Linlin, ogs\u00e5 kjent som Big Mom, er en keiser som grunnla sitt eget land, Totto Land, i stor grad ved hjelp av sin djevelfrukt. Selv om vi ofte snakker om djevelfrukter som...","breadcrumb":{"@id":"https:\/\/boutique-one-piece.com\/avis-de-recherche-one-piece\/avis-de-recherche-one-piece-charlotte-linlin-wanted\/#breadcrumb"},"inLanguage":"nb-NO","potentialAction":[{"@type":"ReadAction","target":["https:\/\/boutique-one-piece.com\/avis-de-recherche-one-piece\/avis-de-recherche-one-piece-charlotte-linlin-wanted\/"]}]},{"@type":"ImageObject","inLanguage":"nb-NO","@id":"https:\/\/boutique-one-piece.com\/avis-de-recherche-one-piece\/avis-de-recherche-one-piece-charlotte-linlin-wanted\/#primaryimage","url":"https:\/\/boutique-one-piece.com\/wp-content\/uploads\/2022\/09\/Avis-de-Recherche-Charlotte-Linlin-Wanted.jpg","contentUrl":"https:\/\/boutique-one-piece.com\/wp-content\/uploads\/2022\/09\/Avis-de-Recherche-Charlotte-Linlin-Wanted.jpg","width":800,"height":800,"caption":"Avis de Recherche Charlotte Linlin Wanted 42 X 30 cm"},{"@type":"BreadcrumbList","@id":"https:\/\/boutique-one-piece.com\/avis-de-recherche-one-piece\/avis-de-recherche-one-piece-charlotte-linlin-wanted\/#breadcrumb","itemListElement":[{"@type":"ListItem","position":1,"name":"Home","item":"https:\/\/boutique-one-piece.com\/"},{"@type":"ListItem","position":2,"name":"Shop","item":"https:\/\/boutique-one-piece.com\/shop\/"},{"@type":"ListItem","position":3,"name":"Avis de Recherche Charlotte Linlin Wanted"}]},{"@type":"WebSite","@id":"https:\/\/boutique-one-piece.com\/#website","url":"https:\/\/boutique-one-piece.com\/","name":"One Piece-butikk","description":"Spesialbutikk for One Piece Manga og Anime","publisher":{"@id":"https:\/\/boutique-one-piece.com\/#organization"},"potentialAction":[{"@type":"SearchAction","target":{"@type":"EntryPoint","urlTemplate":"https:\/\/boutique-one-piece.com\/?s={search_term_string}"},"query-input":{"@type":"PropertyValueSpecification","valueRequired":true,"valueName":"search_term_string"}}],"inLanguage":"nb-NO"},{"@type":"Organization","@id":"https:\/\/boutique-one-piece.com\/#organization","name":"One Piece-butikk","url":"https:\/\/boutique-one-piece.com\/","logo":{"@type":"ImageObject","inLanguage":"nb-NO","@id":"https:\/\/boutique-one-piece.com\/#\/schema\/logo\/image\/","url":"https:\/\/boutique-one-piece.com\/wp-content\/uploads\/2022\/09\/Logo-01.png","contentUrl":"https:\/\/boutique-one-piece.com\/wp-content\/uploads\/2022\/09\/Logo-01.png","width":2318,"height":957,"caption":"Boutique One Piece"},"image":{"@id":"https:\/\/boutique-one-piece.com\/#\/schema\/logo\/image\/"}}]}},"_links":{"self":[{"href":"https:\/\/boutique-one-piece.com\/nb\/wp-json\/wp\/v2\/product\/9306","targetHints":{"allow":["GET"]}}],"collection":[{"href":"https:\/\/boutique-one-piece.com\/nb\/wp-json\/wp\/v2\/product"}],"about":[{"href":"https:\/\/boutique-one-piece.com\/nb\/wp-json\/wp\/v2\/types\/product"}],"replies":[{"embeddable":true,"href":"https:\/\/boutique-one-piece.com\/nb\/wp-json\/wp\/v2\/comments?post=9306"}],"wp:featuredmedia":[{"embeddable":true,"href":"https:\/\/boutique-one-piece.com\/nb\/wp-json\/wp\/v2\/media\/9308"}],"wp:attachment":[{"href":"https:\/\/boutique-one-piece.com\/nb\/wp-json\/wp\/v2\/media?parent=9306"}],"wp:term":[{"taxonomy":"product_brand","embeddable":true,"href":"https:\/\/boutique-one-piece.com\/nb\/wp-json\/wp\/v2\/product_brand?post=9306"},{"taxonomy":"product_cat","embeddable":true,"href":"https:\/\/boutique-one-piece.com\/nb\/wp-json\/wp\/v2\/product_cat?post=9306"},{"taxonomy":"product_tag","embeddable":true,"href":"https:\/\/boutique-one-piece.com\/nb\/wp-json\/wp\/v2\/product_tag?post=9306"}],"curies":[{"name":"wp","href":"https:\/\/api.w.org\/{rel}","templated":true}]}}