{"id":9328,"date":"2022-09-27T20:19:09","date_gmt":"2022-09-27T20:19:09","guid":{"rendered":"https:\/\/boutique-one-piece.com\/uncategorized\/avis-de-recherche-crocodile-wanted\/"},"modified":"2024-09-16T11:40:33","modified_gmt":"2024-09-16T11:40:33","slug":"plakat-med-onsket-krokodille","status":"publish","type":"product","link":"https:\/\/boutique-one-piece.com\/nb\/one-piece-onsket-plakat\/plakat-med-onsket-krokodille\/","title":{"rendered":"\u00d8nskes krokodille"},"content":{"rendered":"<h2>Er du spesielt glad i Alabasta-buen? I s\u00e5 fall vil denne Crocodile Wanted-plakaten glede deg.<\/h2>\n<p>Krokodille er en av <strong>antagonister<\/strong> den mest karismatiske og elskede i One Piece. Han spiste djevelens frukt <strong>Suna Suna, ikke mi<\/strong> som lar ham forvandle seg til en sandmann og kontrollere sanden slik han vil. Han er en <strong>Shichibukai<\/strong> som utnytter statusen sin for \u00e5 unng\u00e5 \u00e5 bli plaget av marinesoldatene og for \u00e5 selge \u00abdansepulver\u00bb for \u00e5 tjene s\u00e5 mye penger som mulig. Dette kruttet, n\u00e5r det skytes mot en sky, f\u00e5r det til \u00e5 regne.<\/p>\n<p>Dette har f\u00f8rt til at landet t\u00f8rker ut, ettersom skyer ikke lenger n\u00e5r alle deler av landet, noe som gj\u00f8r at Crocodile kan kontrollere befolkningen ved \u00e5 kontrollere vannet. Slik tok han kontroll over landet, noe som utl\u00f8ste en borgerkrig mot den tidligere kongen av Alabasta.<\/p>\n<h3>Dekorer rommet ditt med denne dus\u00f8ren p\u00e5 hodet til en av de beste skurkene f\u00f8r tidshoppet, Krokodille.<\/h3>\n<p>Han er den som har ansvaret for <strong>Barokkverk<\/strong>, En kriminell organisasjon som ogs\u00e5 inkluderer Nico Robin (under aliaset Miss Allsunday) og Nefertari Vivi, prinsessen av Alabasta som infiltrerte Baroque Works for \u00e5 felle Crocodile. Crocodile vil m\u00f8te Luffy, som sammen med prinsesse Nefertari Vivi vil beseire ham. Crocodile har en dus\u00f8r p\u00e5 81 millioner b\u00e6r p\u00e5 hodet sitt.<\/p>\n<p>Hvis du er en stor fan av dus\u00f8rer, b\u00f8r du sjekke dette ut. <a href=\"https:\/\/boutique-one-piece.com\/nb\/baggy-wanted-plakat\/\" target=\"_blank\" title=\"Baggy \u00f8nsket varsel\" rel=\"noopener noreferrer\">Baggy Wanted-plakat<\/a>.<\/p>\n<h2>Informasjon om One Piece Wanted Crocodile-plakaten<\/h2>\n<ul>\n<li><span><b><u>One Piece Wanted-plakat<\/u><\/b>\u00a0En ekte One Piece-plakat for ekte pirater<\/span><\/li>\n<\/ul>\n<ul>\n<li>\n<b><u>Krokodille Premium<\/u><\/b>\u00a081 000 000 b\u00e6r<\/li>\n<\/ul>\n<ul>\n<li><span><strong>Utskrift av h\u00f8y kvalitet<\/strong>\u00a0n\u00f8yaktige farger<\/span><\/li>\n<\/ul>\n<ul>\n<li>\n<strong>Dimensjon<\/strong>\u00a0: 30 cm x 21 cm og 42 cm x 30 cm<\/li>\n<\/ul>\n<ul>\n<li><span><strong>GRATIS LEVERING<\/strong><\/span><\/li>\n<\/ul>\n<div id=\"gtx-trans\" style=\"position: absolute; left: 678px; top: 49px;\">\n<div class=\"gtx-trans-icon\"><\/div>\n<\/div>","protected":false},"excerpt":{"rendered":"<p>Er du en stor fan av Alabasta-historien? I s\u00e5 fall vil denne Crocodile Wanted-plakaten v\u00e6re midt i blinken for deg. Crocodile er en av de mest karismatiske og elskede antagonistene i One Piece. Han spiste Suna Suna no Mi Devil-frukten, som lar ham forvandle seg til en sandmann og kontrollere [\u2026]<\/p>","protected":false},"featured_media":9330,"comment_status":"open","ping_status":"open","template":"","meta":[],"product_brand":[],"product_cat":[171],"product_tag":[],"class_list":{"0":"post-9328","1":"product","2":"type-product","3":"status-publish","4":"has-post-thumbnail","6":"product_cat-avis-de-recherche-one-piece","8":"first","9":"instock","10":"purchasable","11":"product-type-variable","12":"has-default-attributes"},"yoast_head":"<!-- This site is optimized with the Yoast SEO plugin v27.5 - https:\/\/yoast.com\/product\/yoast-seo-wordpress\/ -->\n<title>Avis De Recherche Crocodile Wanted | D\u00e9coration One Piece \u2013 Boutique One Piece<\/title>\n<meta name=\"description\" content=\"As-tu particuli\u00e8rement l&#039;arc d&#039;Alabasta ? Dans ce cas, cet Avis de Recherche Crocodile Wanted va te faire plaisir. Crocodile est un des antagonistes les plus charismatiques et appr\u00e9ci\u00e9s de One Piece. Il a mang\u00e9 le fruit du d\u00e9mon du Suna Suna no mi qui lui permet de se transformer en homme-sable et de contr\u00f4ler le sable\" \/>\n<meta name=\"robots\" content=\"index, follow, max-snippet:-1, max-image-preview:large, max-video-preview:-1\" \/>\n<link rel=\"canonical\" href=\"https:\/\/boutique-one-piece.com\/nb\/one-piece-onsket-plakat\/plakat-med-onsket-krokodille\/\" \/>\n<meta property=\"og:locale\" content=\"nb_NO\" \/>\n<meta property=\"og:type\" content=\"article\" \/>\n<meta property=\"og:title\" content=\"Avis De Recherche Crocodile Wanted | D\u00e9coration One Piece \u2013 Boutique One Piece\" \/>\n<meta property=\"og:description\" content=\"As-tu particuli\u00e8rement l&#039;arc d&#039;Alabasta ? Dans ce cas, cet Avis de Recherche Crocodile Wanted va te faire plaisir. Crocodile est un des antagonistes les plus charismatiques et appr\u00e9ci\u00e9s de One Piece. Il a mang\u00e9 le fruit du d\u00e9mon du Suna Suna no mi qui lui permet de se transformer en homme-sable et de contr\u00f4ler le sable\" \/>\n<meta property=\"og:url\" content=\"https:\/\/boutique-one-piece.com\/nb\/one-piece-onsket-plakat\/plakat-med-onsket-krokodille\/\" \/>\n<meta property=\"og:site_name\" content=\"Boutique One Piece\" \/>\n<meta property=\"article:modified_time\" content=\"2024-09-16T11:40:33+00:00\" \/>\n<meta property=\"og:image\" content=\"https:\/\/boutique-one-piece.com\/wp-content\/uploads\/2022\/09\/Avis-De-Recherche-Crocodile-Wanted.jpg\" \/>\n\t<meta property=\"og:image:width\" content=\"800\" \/>\n\t<meta property=\"og:image:height\" content=\"800\" \/>\n\t<meta property=\"og:image:type\" content=\"image\/jpeg\" \/>\n<meta name=\"twitter:card\" content=\"summary_large_image\" \/>\n<meta name=\"twitter:label1\" content=\"Ansl. lesetid\" \/>\n\t<meta name=\"twitter:data1\" content=\"2 minutter\" \/>\n<script type=\"application\/ld+json\" class=\"yoast-schema-graph\">{\"@context\":\"https:\\\/\\\/schema.org\",\"@graph\":[{\"@type\":\"WebPage\",\"@id\":\"https:\\\/\\\/boutique-one-piece.com\\\/avis-de-recherche-one-piece\\\/avis-de-recherche-crocodile-wanted\\\/\",\"url\":\"https:\\\/\\\/boutique-one-piece.com\\\/avis-de-recherche-one-piece\\\/avis-de-recherche-crocodile-wanted\\\/\",\"name\":\"Avis De Recherche Crocodile Wanted | D\u00e9coration One Piece \u2013 Boutique One Piece\",\"isPartOf\":{\"@id\":\"https:\\\/\\\/boutique-one-piece.com\\\/#website\"},\"primaryImageOfPage\":{\"@id\":\"https:\\\/\\\/boutique-one-piece.com\\\/avis-de-recherche-one-piece\\\/avis-de-recherche-crocodile-wanted\\\/#primaryimage\"},\"image\":{\"@id\":\"https:\\\/\\\/boutique-one-piece.com\\\/avis-de-recherche-one-piece\\\/avis-de-recherche-crocodile-wanted\\\/#primaryimage\"},\"thumbnailUrl\":\"https:\\\/\\\/boutique-one-piece.com\\\/wp-content\\\/uploads\\\/2022\\\/09\\\/Avis-De-Recherche-Crocodile-Wanted.jpg\",\"datePublished\":\"2022-09-27T20:19:09+00:00\",\"dateModified\":\"2024-09-16T11:40:33+00:00\",\"description\":\"As-tu particuli\u00e8rement l'arc d'Alabasta ? Dans ce cas, cet Avis de Recherche Crocodile Wanted va te faire plaisir. Crocodile est un des antagonistes les plus charismatiques et appr\u00e9ci\u00e9s de One Piece. Il a mang\u00e9 le fruit du d\u00e9mon du Suna Suna no mi qui lui permet de se transformer en homme-sable et de contr\u00f4ler le sable\",\"breadcrumb\":{\"@id\":\"https:\\\/\\\/boutique-one-piece.com\\\/avis-de-recherche-one-piece\\\/avis-de-recherche-crocodile-wanted\\\/#breadcrumb\"},\"inLanguage\":\"nb-NO\",\"potentialAction\":[{\"@type\":\"ReadAction\",\"target\":[\"https:\\\/\\\/boutique-one-piece.com\\\/avis-de-recherche-one-piece\\\/avis-de-recherche-crocodile-wanted\\\/\"]}]},{\"@type\":\"ImageObject\",\"inLanguage\":\"nb-NO\",\"@id\":\"https:\\\/\\\/boutique-one-piece.com\\\/avis-de-recherche-one-piece\\\/avis-de-recherche-crocodile-wanted\\\/#primaryimage\",\"url\":\"https:\\\/\\\/boutique-one-piece.com\\\/wp-content\\\/uploads\\\/2022\\\/09\\\/Avis-De-Recherche-Crocodile-Wanted.jpg\",\"contentUrl\":\"https:\\\/\\\/boutique-one-piece.com\\\/wp-content\\\/uploads\\\/2022\\\/09\\\/Avis-De-Recherche-Crocodile-Wanted.jpg\",\"width\":800,\"height\":800,\"caption\":\"Avis De Recherche Crocodile Wanted 42X30cm\"},{\"@type\":\"BreadcrumbList\",\"@id\":\"https:\\\/\\\/boutique-one-piece.com\\\/avis-de-recherche-one-piece\\\/avis-de-recherche-crocodile-wanted\\\/#breadcrumb\",\"itemListElement\":[{\"@type\":\"ListItem\",\"position\":1,\"name\":\"Home\",\"item\":\"https:\\\/\\\/boutique-one-piece.com\\\/\"},{\"@type\":\"ListItem\",\"position\":2,\"name\":\"Shop\",\"item\":\"https:\\\/\\\/boutique-one-piece.com\\\/shop\\\/\"},{\"@type\":\"ListItem\",\"position\":3,\"name\":\"Avis De Recherche Crocodile Wanted\"}]},{\"@type\":\"WebSite\",\"@id\":\"https:\\\/\\\/boutique-one-piece.com\\\/#website\",\"url\":\"https:\\\/\\\/boutique-one-piece.com\\\/\",\"name\":\"Boutique One Piece\",\"description\":\"Magasin Sp\u00e9cialis\u00e9 du Manga et l&#039;Anime One Piece\",\"publisher\":{\"@id\":\"https:\\\/\\\/boutique-one-piece.com\\\/#organization\"},\"potentialAction\":[{\"@type\":\"SearchAction\",\"target\":{\"@type\":\"EntryPoint\",\"urlTemplate\":\"https:\\\/\\\/boutique-one-piece.com\\\/?s={search_term_string}\"},\"query-input\":{\"@type\":\"PropertyValueSpecification\",\"valueRequired\":true,\"valueName\":\"search_term_string\"}}],\"inLanguage\":\"nb-NO\"},{\"@type\":\"Organization\",\"@id\":\"https:\\\/\\\/boutique-one-piece.com\\\/#organization\",\"name\":\"Boutique One Piece\",\"url\":\"https:\\\/\\\/boutique-one-piece.com\\\/\",\"logo\":{\"@type\":\"ImageObject\",\"inLanguage\":\"nb-NO\",\"@id\":\"https:\\\/\\\/boutique-one-piece.com\\\/#\\\/schema\\\/logo\\\/image\\\/\",\"url\":\"https:\\\/\\\/boutique-one-piece.com\\\/wp-content\\\/uploads\\\/2022\\\/09\\\/Logo-01.png\",\"contentUrl\":\"https:\\\/\\\/boutique-one-piece.com\\\/wp-content\\\/uploads\\\/2022\\\/09\\\/Logo-01.png\",\"width\":2318,\"height\":957,\"caption\":\"Boutique One Piece\"},\"image\":{\"@id\":\"https:\\\/\\\/boutique-one-piece.com\\\/#\\\/schema\\\/logo\\\/image\\\/\"}}]}<\/script>\n<!-- \/ Yoast SEO plugin. -->","yoast_head_json":{"title":"\u00d8nskes krokodille | One Piece-dekorasjon \u2013 One Piece-butikken","description":"Er du en stor fan av Alabasta-historien? I s\u00e5 fall vil denne Crocodile Wanted-plakaten v\u00e6re midt i blinken for deg. Crocodile er en av de mest karismatiske og elskede antagonistene i One Piece. Han spiste Suna Suna no Mi-djevelfrukten, som lar ham forvandle seg til en sandmann og kontrollere sand.","robots":{"index":"index","follow":"follow","max-snippet":"max-snippet:-1","max-image-preview":"max-image-preview:large","max-video-preview":"max-video-preview:-1"},"canonical":"https:\/\/boutique-one-piece.com\/nb\/one-piece-onsket-plakat\/plakat-med-onsket-krokodille\/","og_locale":"nb_NO","og_type":"article","og_title":"Avis De Recherche Crocodile Wanted | D\u00e9coration One Piece \u2013 Boutique One Piece","og_description":"As-tu particuli\u00e8rement l'arc d'Alabasta ? Dans ce cas, cet Avis de Recherche Crocodile Wanted va te faire plaisir. Crocodile est un des antagonistes les plus charismatiques et appr\u00e9ci\u00e9s de One Piece. Il a mang\u00e9 le fruit du d\u00e9mon du Suna Suna no mi qui lui permet de se transformer en homme-sable et de contr\u00f4ler le sable","og_url":"https:\/\/boutique-one-piece.com\/nb\/one-piece-onsket-plakat\/plakat-med-onsket-krokodille\/","og_site_name":"Boutique One Piece","article_modified_time":"2024-09-16T11:40:33+00:00","og_image":[{"width":800,"height":800,"url":"https:\/\/boutique-one-piece.com\/wp-content\/uploads\/2022\/09\/Avis-De-Recherche-Crocodile-Wanted.jpg","type":"image\/jpeg"}],"twitter_card":"summary_large_image","twitter_misc":{"Ansl. lesetid":"2 minutter"},"schema":{"@context":"https:\/\/schema.org","@graph":[{"@type":"WebPage","@id":"https:\/\/boutique-one-piece.com\/avis-de-recherche-one-piece\/avis-de-recherche-crocodile-wanted\/","url":"https:\/\/boutique-one-piece.com\/avis-de-recherche-one-piece\/avis-de-recherche-crocodile-wanted\/","name":"\u00d8nskes krokodille | One Piece-dekorasjon \u2013 One Piece-butikken","isPartOf":{"@id":"https:\/\/boutique-one-piece.com\/#website"},"primaryImageOfPage":{"@id":"https:\/\/boutique-one-piece.com\/avis-de-recherche-one-piece\/avis-de-recherche-crocodile-wanted\/#primaryimage"},"image":{"@id":"https:\/\/boutique-one-piece.com\/avis-de-recherche-one-piece\/avis-de-recherche-crocodile-wanted\/#primaryimage"},"thumbnailUrl":"https:\/\/boutique-one-piece.com\/wp-content\/uploads\/2022\/09\/Avis-De-Recherche-Crocodile-Wanted.jpg","datePublished":"2022-09-27T20:19:09+00:00","dateModified":"2024-09-16T11:40:33+00:00","description":"Er du en stor fan av Alabasta-historien? I s\u00e5 fall vil denne Crocodile Wanted-plakaten v\u00e6re midt i blinken for deg. Crocodile er en av de mest karismatiske og elskede antagonistene i One Piece. Han spiste Suna Suna no Mi-djevelfrukten, som lar ham forvandle seg til en sandmann og kontrollere sand.","breadcrumb":{"@id":"https:\/\/boutique-one-piece.com\/avis-de-recherche-one-piece\/avis-de-recherche-crocodile-wanted\/#breadcrumb"},"inLanguage":"nb-NO","potentialAction":[{"@type":"ReadAction","target":["https:\/\/boutique-one-piece.com\/avis-de-recherche-one-piece\/avis-de-recherche-crocodile-wanted\/"]}]},{"@type":"ImageObject","inLanguage":"nb-NO","@id":"https:\/\/boutique-one-piece.com\/avis-de-recherche-one-piece\/avis-de-recherche-crocodile-wanted\/#primaryimage","url":"https:\/\/boutique-one-piece.com\/wp-content\/uploads\/2022\/09\/Avis-De-Recherche-Crocodile-Wanted.jpg","contentUrl":"https:\/\/boutique-one-piece.com\/wp-content\/uploads\/2022\/09\/Avis-De-Recherche-Crocodile-Wanted.jpg","width":800,"height":800,"caption":"Avis De Recherche Crocodile Wanted 42X30cm"},{"@type":"BreadcrumbList","@id":"https:\/\/boutique-one-piece.com\/avis-de-recherche-one-piece\/avis-de-recherche-crocodile-wanted\/#breadcrumb","itemListElement":[{"@type":"ListItem","position":1,"name":"Home","item":"https:\/\/boutique-one-piece.com\/"},{"@type":"ListItem","position":2,"name":"Shop","item":"https:\/\/boutique-one-piece.com\/shop\/"},{"@type":"ListItem","position":3,"name":"Avis De Recherche Crocodile Wanted"}]},{"@type":"WebSite","@id":"https:\/\/boutique-one-piece.com\/#website","url":"https:\/\/boutique-one-piece.com\/","name":"One Piece-butikk","description":"Spesialbutikk for One Piece Manga og Anime","publisher":{"@id":"https:\/\/boutique-one-piece.com\/#organization"},"potentialAction":[{"@type":"SearchAction","target":{"@type":"EntryPoint","urlTemplate":"https:\/\/boutique-one-piece.com\/?s={search_term_string}"},"query-input":{"@type":"PropertyValueSpecification","valueRequired":true,"valueName":"search_term_string"}}],"inLanguage":"nb-NO"},{"@type":"Organization","@id":"https:\/\/boutique-one-piece.com\/#organization","name":"One Piece-butikk","url":"https:\/\/boutique-one-piece.com\/","logo":{"@type":"ImageObject","inLanguage":"nb-NO","@id":"https:\/\/boutique-one-piece.com\/#\/schema\/logo\/image\/","url":"https:\/\/boutique-one-piece.com\/wp-content\/uploads\/2022\/09\/Logo-01.png","contentUrl":"https:\/\/boutique-one-piece.com\/wp-content\/uploads\/2022\/09\/Logo-01.png","width":2318,"height":957,"caption":"Boutique One Piece"},"image":{"@id":"https:\/\/boutique-one-piece.com\/#\/schema\/logo\/image\/"}}]}},"_links":{"self":[{"href":"https:\/\/boutique-one-piece.com\/nb\/wp-json\/wp\/v2\/product\/9328","targetHints":{"allow":["GET"]}}],"collection":[{"href":"https:\/\/boutique-one-piece.com\/nb\/wp-json\/wp\/v2\/product"}],"about":[{"href":"https:\/\/boutique-one-piece.com\/nb\/wp-json\/wp\/v2\/types\/product"}],"replies":[{"embeddable":true,"href":"https:\/\/boutique-one-piece.com\/nb\/wp-json\/wp\/v2\/comments?post=9328"}],"wp:featuredmedia":[{"embeddable":true,"href":"https:\/\/boutique-one-piece.com\/nb\/wp-json\/wp\/v2\/media\/9330"}],"wp:attachment":[{"href":"https:\/\/boutique-one-piece.com\/nb\/wp-json\/wp\/v2\/media?parent=9328"}],"wp:term":[{"taxonomy":"product_brand","embeddable":true,"href":"https:\/\/boutique-one-piece.com\/nb\/wp-json\/wp\/v2\/product_brand?post=9328"},{"taxonomy":"product_cat","embeddable":true,"href":"https:\/\/boutique-one-piece.com\/nb\/wp-json\/wp\/v2\/product_cat?post=9328"},{"taxonomy":"product_tag","embeddable":true,"href":"https:\/\/boutique-one-piece.com\/nb\/wp-json\/wp\/v2\/product_tag?post=9328"}],"curies":[{"name":"wp","href":"https:\/\/api.w.org\/{rel}","templated":true}]}}