{"id":9498,"date":"2022-09-27T20:20:29","date_gmt":"2022-09-27T20:20:29","guid":{"rendered":"https:\/\/boutique-one-piece.com\/uncategorized\/peluche-ace\/"},"modified":"2024-09-16T11:44:28","modified_gmt":"2024-09-16T11:44:28","slug":"ess-plysjleke","status":"publish","type":"product","link":"https:\/\/boutique-one-piece.com\/nb\/one-piece-plysjleker\/ess-plysjleke\/","title":{"rendered":"Ess Kosedyr"},"content":{"rendered":"<h2>Ung pirat m\u00f8ter den eneste s\u00f8nnen til den avd\u00f8de piratkongen Gol D. Roger ... Skaff deg din Ess-plysj n\u00e5!.<\/h2>\n<p><strong>Portgas D. Ace<\/strong> (f\u00f8dt Gol D. Ace), kjent som \u00bbFire Fist Ace\u00bb, er den \u00e5ndelige broren til Monkey D. Luffy og Sabo. Forresten, hvis du \u00f8nsker \u00e5 utvide plysjsamlingen din, er <a title=\"SABO PLYSH LEKE\" href=\"https:\/\/boutique-one-piece.com\/nb\/sabo-plysjleke\/\" target=\"\u00ab\" _blank rel=\"noopener\">Sabo plysjleke<\/a> er bare et klikk unna deg. N\u00e5r vi skal tilbake til Ace, b\u00f8r du vite at, som navnet hans antyder, Portgas D. Ace ogs\u00e5 bar \u00abDs vilje\u00bb, som han sikkert arvet fra sin far, Gol D. Roger, og sin mor, Portgas D. Rouge. Han var derfor forutbestemt til storhet, men han valgte \u00e5 ofre livet sitt for <strong>redde lillebroren sin<\/strong>, d\u00f8ende med et smil, akkurat som hans avd\u00f8de far hadde gjort.<\/p>\n<h3>Unge pirat, kom og m\u00f8t Ace med de flammende nevene. Denne kosedyrfiguren av ham vil aldri forlate din side, det er helt sikkert! L\u00e6r sammen med Ace \u00e5 bruke dragefrukten din like dyktig som ham.<\/h3>\n<p><strong>Ett stykke<\/strong> er den mest leste mangaen i verden. Bli med millioner av fans av Luffys univers. Disse legendariske gjenstandene er definitivt noe for deg. Perfekt til gave, dekorasjon eller bare for moro skyld, disse gjenstandene vil fullf\u00f8re din One Piece-verden. Det er opp til deg \u00e5 bli med i det fantastiske universet av <strong>Ape D. Luffy<\/strong>.<\/p>\n<h2>Informasjon om One Piece Ace Plush:<\/h2>\n<ul>\n<li>\u00a0<b>Produkttype<\/b><span>\u00a0<\/span>One Piece manga plysjleke<\/li>\n<\/ul>\n<ul>\n<li>\n<b>Bruk av Peluce<\/b>\u00a0Leker, dekorasjoner, samleobjekter, gaver<\/li>\n<\/ul>\n<ul>\n<li>\n<b>Karakternavn<\/b>\u00a0Portgas D Ace<\/li>\n<\/ul>\n<ul>\n<li>\n<b>St\u00f8rrelse p\u00e5 plysjleket\u00f8y<\/b>\u00a0: 25 eller 30 centimeter<\/li>\n<\/ul>\n<ul>\n<li>\n<b>Materie<\/b>\u00a0Bomull<\/li>\n<\/ul>\n<ul>\n<li>\n<b>Anbefalt alder<\/b>\u00a0mer enn 3 \u00e5r<\/li>\n<\/ul>\n<ul>\n<li>\n<b>Gratis levering<\/b> for ethvert kj\u00f8p<\/li>\n<\/ul>","protected":false},"excerpt":{"rendered":"<p>Jeune pirate, c\u00f4toie le seul fils du d\u00e9funt Roi des Pirates Gol D. Roger &#8230; Acquiers sans plus attendre la Peluche Ace. Portgas D. Ace (n\u00e9 Gol D. Ace), connu sous le nom d\u00a0\u00bbAce aux Poings Ardents\u00a0\u00bb est le fr\u00e8re spirituel de Monkey D. Luffy et de Sabo. D&rsquo;ailleurs, si tu souhaites agrandir ta collection [&hellip;]<\/p>","protected":false},"featured_media":9500,"comment_status":"open","ping_status":"open","template":"","meta":[],"product_brand":[],"product_cat":[177],"product_tag":[176],"class_list":{"0":"post-9498","1":"product","2":"type-product","3":"status-publish","4":"has-post-thumbnail","6":"product_cat-peluches-one-piece","7":"product_tag-ace","9":"first","10":"instock","11":"purchasable","12":"product-type-variable","13":"has-default-attributes"},"yoast_head":"<!-- This site is optimized with the Yoast SEO plugin v27.5 - https:\/\/yoast.com\/product\/yoast-seo-wordpress\/ -->\n<title>Peluche Ace | Boutique One Piece<\/title>\n<meta name=\"description\" content=\"D\u00e9couvrez la peluche One Piece Portgas D ace, elle est aussi douce que mignonne ! Commencez votre aventure de pirate \u00e0 la recherche du One Piece dans l&#039;\u00e9quipage du Chapeau de Paille\" \/>\n<meta name=\"robots\" content=\"index, follow, max-snippet:-1, max-image-preview:large, max-video-preview:-1\" \/>\n<link rel=\"canonical\" href=\"https:\/\/boutique-one-piece.com\/nb\/one-piece-plysjleker\/ess-plysjleke\/\" \/>\n<meta property=\"og:locale\" content=\"nb_NO\" \/>\n<meta property=\"og:type\" content=\"article\" \/>\n<meta property=\"og:title\" content=\"Peluche Ace | Boutique One Piece\" \/>\n<meta property=\"og:description\" content=\"D\u00e9couvrez la peluche One Piece Portgas D ace, elle est aussi douce que mignonne ! Commencez votre aventure de pirate \u00e0 la recherche du One Piece dans l&#039;\u00e9quipage du Chapeau de Paille\" \/>\n<meta property=\"og:url\" content=\"https:\/\/boutique-one-piece.com\/nb\/one-piece-plysjleker\/ess-plysjleke\/\" \/>\n<meta property=\"og:site_name\" content=\"Boutique One Piece\" \/>\n<meta property=\"article:modified_time\" content=\"2024-09-16T11:44:28+00:00\" \/>\n<meta property=\"og:image\" content=\"https:\/\/boutique-one-piece.com\/wp-content\/uploads\/2022\/09\/Peluche-Ace.png\" \/>\n\t<meta property=\"og:image:width\" content=\"500\" \/>\n\t<meta property=\"og:image:height\" content=\"500\" \/>\n\t<meta property=\"og:image:type\" content=\"image\/png\" \/>\n<meta name=\"twitter:card\" content=\"summary_large_image\" \/>\n<meta name=\"twitter:label1\" content=\"Ansl. lesetid\" \/>\n\t<meta name=\"twitter:data1\" content=\"1 minutt\" \/>\n<script type=\"application\/ld+json\" class=\"yoast-schema-graph\">{\"@context\":\"https:\\\/\\\/schema.org\",\"@graph\":[{\"@type\":\"WebPage\",\"@id\":\"https:\\\/\\\/boutique-one-piece.com\\\/peluches-one-piece\\\/peluche-ace\\\/\",\"url\":\"https:\\\/\\\/boutique-one-piece.com\\\/peluches-one-piece\\\/peluche-ace\\\/\",\"name\":\"Peluche Ace | Boutique One Piece\",\"isPartOf\":{\"@id\":\"https:\\\/\\\/boutique-one-piece.com\\\/#website\"},\"primaryImageOfPage\":{\"@id\":\"https:\\\/\\\/boutique-one-piece.com\\\/peluches-one-piece\\\/peluche-ace\\\/#primaryimage\"},\"image\":{\"@id\":\"https:\\\/\\\/boutique-one-piece.com\\\/peluches-one-piece\\\/peluche-ace\\\/#primaryimage\"},\"thumbnailUrl\":\"https:\\\/\\\/boutique-one-piece.com\\\/wp-content\\\/uploads\\\/2022\\\/09\\\/Peluche-Ace.png\",\"datePublished\":\"2022-09-27T20:20:29+00:00\",\"dateModified\":\"2024-09-16T11:44:28+00:00\",\"description\":\"D\u00e9couvrez la peluche One Piece Portgas D ace, elle est aussi douce que mignonne ! Commencez votre aventure de pirate \u00e0 la recherche du One Piece dans l'\u00e9quipage du Chapeau de Paille\",\"breadcrumb\":{\"@id\":\"https:\\\/\\\/boutique-one-piece.com\\\/peluches-one-piece\\\/peluche-ace\\\/#breadcrumb\"},\"inLanguage\":\"nb-NO\",\"potentialAction\":[{\"@type\":\"ReadAction\",\"target\":[\"https:\\\/\\\/boutique-one-piece.com\\\/peluches-one-piece\\\/peluche-ace\\\/\"]}]},{\"@type\":\"ImageObject\",\"inLanguage\":\"nb-NO\",\"@id\":\"https:\\\/\\\/boutique-one-piece.com\\\/peluches-one-piece\\\/peluche-ace\\\/#primaryimage\",\"url\":\"https:\\\/\\\/boutique-one-piece.com\\\/wp-content\\\/uploads\\\/2022\\\/09\\\/Peluche-Ace.png\",\"contentUrl\":\"https:\\\/\\\/boutique-one-piece.com\\\/wp-content\\\/uploads\\\/2022\\\/09\\\/Peluche-Ace.png\",\"width\":500,\"height\":500,\"caption\":\"Peluche Ace 30cm\"},{\"@type\":\"BreadcrumbList\",\"@id\":\"https:\\\/\\\/boutique-one-piece.com\\\/peluches-one-piece\\\/peluche-ace\\\/#breadcrumb\",\"itemListElement\":[{\"@type\":\"ListItem\",\"position\":1,\"name\":\"Home\",\"item\":\"https:\\\/\\\/boutique-one-piece.com\\\/\"},{\"@type\":\"ListItem\",\"position\":2,\"name\":\"Shop\",\"item\":\"https:\\\/\\\/boutique-one-piece.com\\\/shop\\\/\"},{\"@type\":\"ListItem\",\"position\":3,\"name\":\"Peluche Ace\"}]},{\"@type\":\"WebSite\",\"@id\":\"https:\\\/\\\/boutique-one-piece.com\\\/#website\",\"url\":\"https:\\\/\\\/boutique-one-piece.com\\\/\",\"name\":\"Boutique One Piece\",\"description\":\"Magasin Sp\u00e9cialis\u00e9 du Manga et l&#039;Anime One Piece\",\"publisher\":{\"@id\":\"https:\\\/\\\/boutique-one-piece.com\\\/#organization\"},\"potentialAction\":[{\"@type\":\"SearchAction\",\"target\":{\"@type\":\"EntryPoint\",\"urlTemplate\":\"https:\\\/\\\/boutique-one-piece.com\\\/?s={search_term_string}\"},\"query-input\":{\"@type\":\"PropertyValueSpecification\",\"valueRequired\":true,\"valueName\":\"search_term_string\"}}],\"inLanguage\":\"nb-NO\"},{\"@type\":\"Organization\",\"@id\":\"https:\\\/\\\/boutique-one-piece.com\\\/#organization\",\"name\":\"Boutique One Piece\",\"url\":\"https:\\\/\\\/boutique-one-piece.com\\\/\",\"logo\":{\"@type\":\"ImageObject\",\"inLanguage\":\"nb-NO\",\"@id\":\"https:\\\/\\\/boutique-one-piece.com\\\/#\\\/schema\\\/logo\\\/image\\\/\",\"url\":\"https:\\\/\\\/boutique-one-piece.com\\\/wp-content\\\/uploads\\\/2022\\\/09\\\/Logo-01.png\",\"contentUrl\":\"https:\\\/\\\/boutique-one-piece.com\\\/wp-content\\\/uploads\\\/2022\\\/09\\\/Logo-01.png\",\"width\":2318,\"height\":957,\"caption\":\"Boutique One Piece\"},\"image\":{\"@id\":\"https:\\\/\\\/boutique-one-piece.com\\\/#\\\/schema\\\/logo\\\/image\\\/\"}}]}<\/script>\n<!-- \/ Yoast SEO plugin. -->","yoast_head_json":{"title":"Ace Plush | One Piece-butikk","description":"Oppdag One Piece Portgas D. Ace-plysjen \u2013 den er like myk som den er s\u00f8t! Start pirateventyret ditt p\u00e5 jakt etter One Piece med str\u00e5hattgjengen.","robots":{"index":"index","follow":"follow","max-snippet":"max-snippet:-1","max-image-preview":"max-image-preview:large","max-video-preview":"max-video-preview:-1"},"canonical":"https:\/\/boutique-one-piece.com\/nb\/one-piece-plysjleker\/ess-plysjleke\/","og_locale":"nb_NO","og_type":"article","og_title":"Peluche Ace | Boutique One Piece","og_description":"D\u00e9couvrez la peluche One Piece Portgas D ace, elle est aussi douce que mignonne ! Commencez votre aventure de pirate \u00e0 la recherche du One Piece dans l'\u00e9quipage du Chapeau de Paille","og_url":"https:\/\/boutique-one-piece.com\/nb\/one-piece-plysjleker\/ess-plysjleke\/","og_site_name":"Boutique One Piece","article_modified_time":"2024-09-16T11:44:28+00:00","og_image":[{"width":500,"height":500,"url":"https:\/\/boutique-one-piece.com\/wp-content\/uploads\/2022\/09\/Peluche-Ace.png","type":"image\/png"}],"twitter_card":"summary_large_image","twitter_misc":{"Ansl. lesetid":"1 minutt"},"schema":{"@context":"https:\/\/schema.org","@graph":[{"@type":"WebPage","@id":"https:\/\/boutique-one-piece.com\/peluches-one-piece\/peluche-ace\/","url":"https:\/\/boutique-one-piece.com\/peluches-one-piece\/peluche-ace\/","name":"Ace Plush | One Piece-butikk","isPartOf":{"@id":"https:\/\/boutique-one-piece.com\/#website"},"primaryImageOfPage":{"@id":"https:\/\/boutique-one-piece.com\/peluches-one-piece\/peluche-ace\/#primaryimage"},"image":{"@id":"https:\/\/boutique-one-piece.com\/peluches-one-piece\/peluche-ace\/#primaryimage"},"thumbnailUrl":"https:\/\/boutique-one-piece.com\/wp-content\/uploads\/2022\/09\/Peluche-Ace.png","datePublished":"2022-09-27T20:20:29+00:00","dateModified":"2024-09-16T11:44:28+00:00","description":"Oppdag One Piece Portgas D. Ace-plysjen \u2013 den er like myk som den er s\u00f8t! Start pirateventyret ditt p\u00e5 jakt etter One Piece med str\u00e5hattgjengen.","breadcrumb":{"@id":"https:\/\/boutique-one-piece.com\/peluches-one-piece\/peluche-ace\/#breadcrumb"},"inLanguage":"nb-NO","potentialAction":[{"@type":"ReadAction","target":["https:\/\/boutique-one-piece.com\/peluches-one-piece\/peluche-ace\/"]}]},{"@type":"ImageObject","inLanguage":"nb-NO","@id":"https:\/\/boutique-one-piece.com\/peluches-one-piece\/peluche-ace\/#primaryimage","url":"https:\/\/boutique-one-piece.com\/wp-content\/uploads\/2022\/09\/Peluche-Ace.png","contentUrl":"https:\/\/boutique-one-piece.com\/wp-content\/uploads\/2022\/09\/Peluche-Ace.png","width":500,"height":500,"caption":"Peluche Ace 30cm"},{"@type":"BreadcrumbList","@id":"https:\/\/boutique-one-piece.com\/peluches-one-piece\/peluche-ace\/#breadcrumb","itemListElement":[{"@type":"ListItem","position":1,"name":"Home","item":"https:\/\/boutique-one-piece.com\/"},{"@type":"ListItem","position":2,"name":"Shop","item":"https:\/\/boutique-one-piece.com\/shop\/"},{"@type":"ListItem","position":3,"name":"Peluche Ace"}]},{"@type":"WebSite","@id":"https:\/\/boutique-one-piece.com\/#website","url":"https:\/\/boutique-one-piece.com\/","name":"One Piece-butikk","description":"Spesialbutikk for One Piece Manga og Anime","publisher":{"@id":"https:\/\/boutique-one-piece.com\/#organization"},"potentialAction":[{"@type":"SearchAction","target":{"@type":"EntryPoint","urlTemplate":"https:\/\/boutique-one-piece.com\/?s={search_term_string}"},"query-input":{"@type":"PropertyValueSpecification","valueRequired":true,"valueName":"search_term_string"}}],"inLanguage":"nb-NO"},{"@type":"Organization","@id":"https:\/\/boutique-one-piece.com\/#organization","name":"One Piece-butikk","url":"https:\/\/boutique-one-piece.com\/","logo":{"@type":"ImageObject","inLanguage":"nb-NO","@id":"https:\/\/boutique-one-piece.com\/#\/schema\/logo\/image\/","url":"https:\/\/boutique-one-piece.com\/wp-content\/uploads\/2022\/09\/Logo-01.png","contentUrl":"https:\/\/boutique-one-piece.com\/wp-content\/uploads\/2022\/09\/Logo-01.png","width":2318,"height":957,"caption":"Boutique One Piece"},"image":{"@id":"https:\/\/boutique-one-piece.com\/#\/schema\/logo\/image\/"}}]}},"_links":{"self":[{"href":"https:\/\/boutique-one-piece.com\/nb\/wp-json\/wp\/v2\/product\/9498","targetHints":{"allow":["GET"]}}],"collection":[{"href":"https:\/\/boutique-one-piece.com\/nb\/wp-json\/wp\/v2\/product"}],"about":[{"href":"https:\/\/boutique-one-piece.com\/nb\/wp-json\/wp\/v2\/types\/product"}],"replies":[{"embeddable":true,"href":"https:\/\/boutique-one-piece.com\/nb\/wp-json\/wp\/v2\/comments?post=9498"}],"wp:featuredmedia":[{"embeddable":true,"href":"https:\/\/boutique-one-piece.com\/nb\/wp-json\/wp\/v2\/media\/9500"}],"wp:attachment":[{"href":"https:\/\/boutique-one-piece.com\/nb\/wp-json\/wp\/v2\/media?parent=9498"}],"wp:term":[{"taxonomy":"product_brand","embeddable":true,"href":"https:\/\/boutique-one-piece.com\/nb\/wp-json\/wp\/v2\/product_brand?post=9498"},{"taxonomy":"product_cat","embeddable":true,"href":"https:\/\/boutique-one-piece.com\/nb\/wp-json\/wp\/v2\/product_cat?post=9498"},{"taxonomy":"product_tag","embeddable":true,"href":"https:\/\/boutique-one-piece.com\/nb\/wp-json\/wp\/v2\/product_tag?post=9498"}],"curies":[{"name":"wp","href":"https:\/\/api.w.org\/{rel}","templated":true}]}}