{"id":9522,"date":"2022-09-27T20:20:29","date_gmt":"2022-09-27T20:20:29","guid":{"rendered":"https:\/\/boutique-one-piece.com\/uncategorized\/short-de-bain-one-piece-monkey-d-luffy\/"},"modified":"2025-11-03T15:04:32","modified_gmt":"2025-11-03T15:04:32","slug":"one-piece-monkey-d-luffy-badeshorts","status":"publish","type":"product","link":"https:\/\/boutique-one-piece.com\/nb\/one-piece-klaer\/badeshorts-i-ett-stykke\/one-piece-monkey-d-luffy-badeshorts\/","title":{"rendered":"One Piece Badeshorts Monkey D. Luffy"},"content":{"rendered":"<p><meta charset=\"utf-8\"><\/p>\n<h2>Badebukser i ett stykke med str\u00e5hatten Luffy, den fremtidige piratkongen \u2013 Kvalitetsbadet\u00f8y for en pirat som deg!<\/h2>\n<p>Hvis du er en <strong>ekte pirat<\/strong>, Du vil bli verdsatt <strong>kvaliteten p\u00e5 materialene,<\/strong>&nbsp;av <strong>design <\/strong>og<strong> 3D-utskrift<\/strong>&nbsp;av dette <strong>One Piece badeshorts<\/strong> Men viktigst av alt, med disse shortsene blir du en del av <strong>fanteamet<\/strong> av <strong>piratmanga<\/strong> og du vil f\u00e5:<\/p>\n<ul>\n<li>&nbsp;<strong>Beundring<\/strong> av alle fansen av <strong>mugiwara<\/strong> som du vil m\u00f8te<\/li>\n<\/ul>\n<ul>\n<li>En ekte <strong>badeshorts med trykk<\/strong> som du kan sv\u00f8mme med <strong>Grand Line<\/strong>, Men v\u00e6r forsiktig, det anbefales ikke \u00e5 g\u00e5 i sj\u00f8en hvis du har spist en. <strong>djevelfrukt<\/strong><\/li>\n<\/ul>\n<p>S\u00e5, klar til \u00e5 ta p\u00e5 <strong>Farger p\u00e5 str\u00e5hatt-mannskapet<\/strong>&nbsp;?<\/p>\n<h2>Er du en fan av One Piece manga eller anime? Vis det frem med disse badeshortsene!<\/h2>\n<p>Hvis du <strong>lese<\/strong> eller hvor enn du ser&nbsp;<strong>Japansk anime<\/strong>, Det er stor sjanse for at du har blitt <strong>gal etter One Piece<\/strong> Med dette! <strong>badeshorts<\/strong> <strong>Ape D. Luffy<\/strong>, bli med ham <strong>mannskap<\/strong><\/p>\n<p>Disse shortsene finnes i st\u00f8rrelser<span>&nbsp;<\/span><strong>XXS, XS, S, M, L, XL<\/strong>, Den passer for alle typer pirater, selv om du ikke har <strong>sverd<\/strong>&nbsp;eller <strong>djevelfrukt<\/strong> du kan fortsatt bruke den&nbsp;<\/p>\n<p><meta charset=\"utf-8\"><\/p>\n<p>Bli med i mannskapet p\u00e5<span>&nbsp;<\/span><strong>Str\u00e5hatt Luffy<\/strong><span>&nbsp;<\/span>og v\u00e6r en av de<span>&nbsp;<\/span><strong>Nakamas<\/strong>. Legg ut p\u00e5 et eventyr for \u00e5 erobre alle verdenshav med<span>&nbsp;<\/span><strong>Mugiwara No Luffy<\/strong><span>&nbsp;<\/span>piraten med dus\u00f8ren<span>&nbsp;<\/span><strong>1,5 milliarder b\u00e6r<\/strong><\/p>\n<p><meta charset=\"utf-8\"><\/p>\n<h3>Ikke glem \u00e5 ta en titt p\u00e5 st\u00f8rrelsesguiden nedenfor.<\/h3>\n<p style=\"text-align: left;\"><span><img decoding=\"async\" alt=\"St\u00f8rrelsesguide Baim shorts i ett stykke xxs, xs, s, m, l, xl\" src=\"\/\/cdn.shopify.com\/s\/files\/1\/0087\/7556\/5348\/files\/boutque_one__piece_tableau_taille_short_de_bain_large.jpg?v=1560446518\" style=\"float: none;\"><\/span><\/p>\n<h3>Vaskeanvisning:<\/h3>\n<ul>\n<li>Maskinvask p\u00e5 30 \u00b0C, finvaskprogram<\/li>\n<\/ul>\n<ul>\n<li>Stryk p\u00e5 baksiden<\/li>\n<\/ul>\n<p>Til <strong>bevare kvaliteten<\/strong> av dette&nbsp;<strong>Badeshorts i ett stykke<\/strong>, Vi anbefaler at du <strong>respekt<\/strong> DE <strong>vaskeanvisning<\/strong>.<\/p>","protected":false},"excerpt":{"rendered":"<p>One Piece badeshorts med str\u00e5hatt-Luffy, piratenes fremtidige konge! Badebukser av h\u00f8y kvalitet for en pirat som deg! Hvis du er en ekte pirat, vil du sette pris p\u00e5 kvaliteten p\u00e5 materialene, designet og 3D-printingen av disse One Piece badeshortsene! Men viktigst av alt, med [\u2026]<\/p>","protected":false},"featured_media":18434,"comment_status":"open","ping_status":"open","template":"","meta":[],"product_brand":[],"product_cat":[66],"product_tag":[92],"class_list":{"0":"post-9522","1":"product","2":"type-product","3":"status-publish","4":"has-post-thumbnail","6":"product_cat-shorts-de-bain-one-piece","7":"product_tag-luffy","9":"first","10":"outofstock","11":"purchasable","12":"product-type-variable"},"yoast_head":"<!-- This site is optimized with the Yoast SEO plugin v27.5 - https:\/\/yoast.com\/product\/yoast-seo-wordpress\/ -->\n<title>Short de Bain Monkey D. Luffy | Boutique One Piece<\/title>\n<meta name=\"description\" content=\"Maillot de Bain du Manga One Piece de Haute Qualit\u00e9 avec Monkey D. Luffy le Short de Bain Impeim&amp; parfait pour les Pirates qui vont \u00e0 la Mer ou \u00e0 la Piscine\" \/>\n<meta name=\"robots\" content=\"index, follow, max-snippet:-1, max-image-preview:large, max-video-preview:-1\" \/>\n<link rel=\"canonical\" href=\"https:\/\/boutique-one-piece.com\/nb\/one-piece-klaer\/badeshorts-i-ett-stykke\/one-piece-monkey-d-luffy-badeshorts\/\" \/>\n<meta property=\"og:locale\" content=\"nb_NO\" \/>\n<meta property=\"og:type\" content=\"article\" \/>\n<meta property=\"og:title\" content=\"Short de Bain Monkey D. Luffy | Boutique One Piece\" \/>\n<meta property=\"og:description\" content=\"Maillot de Bain du Manga One Piece de Haute Qualit\u00e9 avec Monkey D. Luffy le Short de Bain Impeim&amp; parfait pour les Pirates qui vont \u00e0 la Mer ou \u00e0 la Piscine\" \/>\n<meta property=\"og:url\" content=\"https:\/\/boutique-one-piece.com\/nb\/one-piece-klaer\/badeshorts-i-ett-stykke\/one-piece-monkey-d-luffy-badeshorts\/\" \/>\n<meta property=\"og:site_name\" content=\"Boutique One Piece\" \/>\n<meta property=\"article:modified_time\" content=\"2025-11-03T15:04:32+00:00\" \/>\n<meta property=\"og:image\" content=\"https:\/\/boutique-one-piece.com\/wp-content\/uploads\/2022\/09\/short-de-bain-one-piece-monkey-d-luffy-5018393608228.jpg\" \/>\n\t<meta property=\"og:image:width\" content=\"640\" \/>\n\t<meta property=\"og:image:height\" content=\"638\" \/>\n\t<meta property=\"og:image:type\" content=\"image\/jpeg\" \/>\n<meta name=\"twitter:card\" content=\"summary_large_image\" \/>\n<meta name=\"twitter:label1\" content=\"Ansl. lesetid\" \/>\n\t<meta name=\"twitter:data1\" content=\"2 minutter\" \/>\n<script type=\"application\/ld+json\" class=\"yoast-schema-graph\">{\"@context\":\"https:\\\/\\\/schema.org\",\"@graph\":[{\"@type\":\"WebPage\",\"@id\":\"https:\\\/\\\/boutique-one-piece.com\\\/vetements-one-piece\\\/shorts-de-bain-one-piece\\\/short-de-bain-one-piece-monkey-d-luffy\\\/\",\"url\":\"https:\\\/\\\/boutique-one-piece.com\\\/vetements-one-piece\\\/shorts-de-bain-one-piece\\\/short-de-bain-one-piece-monkey-d-luffy\\\/\",\"name\":\"Short de Bain Monkey D. Luffy | Boutique One Piece\",\"isPartOf\":{\"@id\":\"https:\\\/\\\/boutique-one-piece.com\\\/#website\"},\"primaryImageOfPage\":{\"@id\":\"https:\\\/\\\/boutique-one-piece.com\\\/vetements-one-piece\\\/shorts-de-bain-one-piece\\\/short-de-bain-one-piece-monkey-d-luffy\\\/#primaryimage\"},\"image\":{\"@id\":\"https:\\\/\\\/boutique-one-piece.com\\\/vetements-one-piece\\\/shorts-de-bain-one-piece\\\/short-de-bain-one-piece-monkey-d-luffy\\\/#primaryimage\"},\"thumbnailUrl\":\"https:\\\/\\\/boutique-one-piece.com\\\/wp-content\\\/uploads\\\/2022\\\/09\\\/short-de-bain-one-piece-monkey-d-luffy-5018393608228.jpg\",\"datePublished\":\"2022-09-27T20:20:29+00:00\",\"dateModified\":\"2025-11-03T15:04:32+00:00\",\"description\":\"Maillot de Bain du Manga One Piece de Haute Qualit\u00e9 avec Monkey D. Luffy le Short de Bain Impeim& parfait pour les Pirates qui vont \u00e0 la Mer ou \u00e0 la Piscine\",\"breadcrumb\":{\"@id\":\"https:\\\/\\\/boutique-one-piece.com\\\/vetements-one-piece\\\/shorts-de-bain-one-piece\\\/short-de-bain-one-piece-monkey-d-luffy\\\/#breadcrumb\"},\"inLanguage\":\"nb-NO\",\"potentialAction\":[{\"@type\":\"ReadAction\",\"target\":[\"https:\\\/\\\/boutique-one-piece.com\\\/vetements-one-piece\\\/shorts-de-bain-one-piece\\\/short-de-bain-one-piece-monkey-d-luffy\\\/\"]}]},{\"@type\":\"ImageObject\",\"inLanguage\":\"nb-NO\",\"@id\":\"https:\\\/\\\/boutique-one-piece.com\\\/vetements-one-piece\\\/shorts-de-bain-one-piece\\\/short-de-bain-one-piece-monkey-d-luffy\\\/#primaryimage\",\"url\":\"https:\\\/\\\/boutique-one-piece.com\\\/wp-content\\\/uploads\\\/2022\\\/09\\\/short-de-bain-one-piece-monkey-d-luffy-5018393608228.jpg\",\"contentUrl\":\"https:\\\/\\\/boutique-one-piece.com\\\/wp-content\\\/uploads\\\/2022\\\/09\\\/short-de-bain-one-piece-monkey-d-luffy-5018393608228.jpg\",\"width\":640,\"height\":638},{\"@type\":\"BreadcrumbList\",\"@id\":\"https:\\\/\\\/boutique-one-piece.com\\\/vetements-one-piece\\\/shorts-de-bain-one-piece\\\/short-de-bain-one-piece-monkey-d-luffy\\\/#breadcrumb\",\"itemListElement\":[{\"@type\":\"ListItem\",\"position\":1,\"name\":\"Home\",\"item\":\"https:\\\/\\\/boutique-one-piece.com\\\/\"},{\"@type\":\"ListItem\",\"position\":2,\"name\":\"Shop\",\"item\":\"https:\\\/\\\/boutique-one-piece.com\\\/shop\\\/\"},{\"@type\":\"ListItem\",\"position\":3,\"name\":\"Short de Bain One Piece Monkey D. Luffy\"}]},{\"@type\":\"WebSite\",\"@id\":\"https:\\\/\\\/boutique-one-piece.com\\\/#website\",\"url\":\"https:\\\/\\\/boutique-one-piece.com\\\/\",\"name\":\"Boutique One Piece\",\"description\":\"Magasin Sp\u00e9cialis\u00e9 du Manga et l&#039;Anime One Piece\",\"publisher\":{\"@id\":\"https:\\\/\\\/boutique-one-piece.com\\\/#organization\"},\"potentialAction\":[{\"@type\":\"SearchAction\",\"target\":{\"@type\":\"EntryPoint\",\"urlTemplate\":\"https:\\\/\\\/boutique-one-piece.com\\\/?s={search_term_string}\"},\"query-input\":{\"@type\":\"PropertyValueSpecification\",\"valueRequired\":true,\"valueName\":\"search_term_string\"}}],\"inLanguage\":\"nb-NO\"},{\"@type\":\"Organization\",\"@id\":\"https:\\\/\\\/boutique-one-piece.com\\\/#organization\",\"name\":\"Boutique One Piece\",\"url\":\"https:\\\/\\\/boutique-one-piece.com\\\/\",\"logo\":{\"@type\":\"ImageObject\",\"inLanguage\":\"nb-NO\",\"@id\":\"https:\\\/\\\/boutique-one-piece.com\\\/#\\\/schema\\\/logo\\\/image\\\/\",\"url\":\"https:\\\/\\\/boutique-one-piece.com\\\/wp-content\\\/uploads\\\/2022\\\/09\\\/Logo-01.png\",\"contentUrl\":\"https:\\\/\\\/boutique-one-piece.com\\\/wp-content\\\/uploads\\\/2022\\\/09\\\/Logo-01.png\",\"width\":2318,\"height\":957,\"caption\":\"Boutique One Piece\"},\"image\":{\"@id\":\"https:\\\/\\\/boutique-one-piece.com\\\/#\\\/schema\\\/logo\\\/image\\\/\"}}]}<\/script>\n<!-- \/ Yoast SEO plugin. -->","yoast_head_json":{"title":"Monkey D. Luffy badeshorts | One Piece-butikk","description":"H\u00f8ykvalitets One Piece manga-badedrakt med Monkey D. Luffy. Vanntette badeshorts, perfekt for pirater som skal til sj\u00f8en eller bassenget.","robots":{"index":"index","follow":"follow","max-snippet":"max-snippet:-1","max-image-preview":"max-image-preview:large","max-video-preview":"max-video-preview:-1"},"canonical":"https:\/\/boutique-one-piece.com\/nb\/one-piece-klaer\/badeshorts-i-ett-stykke\/one-piece-monkey-d-luffy-badeshorts\/","og_locale":"nb_NO","og_type":"article","og_title":"Short de Bain Monkey D. Luffy | Boutique One Piece","og_description":"Maillot de Bain du Manga One Piece de Haute Qualit\u00e9 avec Monkey D. Luffy le Short de Bain Impeim& parfait pour les Pirates qui vont \u00e0 la Mer ou \u00e0 la Piscine","og_url":"https:\/\/boutique-one-piece.com\/nb\/one-piece-klaer\/badeshorts-i-ett-stykke\/one-piece-monkey-d-luffy-badeshorts\/","og_site_name":"Boutique One Piece","article_modified_time":"2025-11-03T15:04:32+00:00","og_image":[{"width":640,"height":638,"url":"https:\/\/boutique-one-piece.com\/wp-content\/uploads\/2022\/09\/short-de-bain-one-piece-monkey-d-luffy-5018393608228.jpg","type":"image\/jpeg"}],"twitter_card":"summary_large_image","twitter_misc":{"Ansl. lesetid":"2 minutter"},"schema":{"@context":"https:\/\/schema.org","@graph":[{"@type":"WebPage","@id":"https:\/\/boutique-one-piece.com\/vetements-one-piece\/shorts-de-bain-one-piece\/short-de-bain-one-piece-monkey-d-luffy\/","url":"https:\/\/boutique-one-piece.com\/vetements-one-piece\/shorts-de-bain-one-piece\/short-de-bain-one-piece-monkey-d-luffy\/","name":"Monkey D. Luffy badeshorts | One Piece-butikk","isPartOf":{"@id":"https:\/\/boutique-one-piece.com\/#website"},"primaryImageOfPage":{"@id":"https:\/\/boutique-one-piece.com\/vetements-one-piece\/shorts-de-bain-one-piece\/short-de-bain-one-piece-monkey-d-luffy\/#primaryimage"},"image":{"@id":"https:\/\/boutique-one-piece.com\/vetements-one-piece\/shorts-de-bain-one-piece\/short-de-bain-one-piece-monkey-d-luffy\/#primaryimage"},"thumbnailUrl":"https:\/\/boutique-one-piece.com\/wp-content\/uploads\/2022\/09\/short-de-bain-one-piece-monkey-d-luffy-5018393608228.jpg","datePublished":"2022-09-27T20:20:29+00:00","dateModified":"2025-11-03T15:04:32+00:00","description":"H\u00f8ykvalitets One Piece manga-badedrakt med Monkey D. Luffy. Vanntette badeshorts, perfekt for pirater som skal til sj\u00f8en eller bassenget.","breadcrumb":{"@id":"https:\/\/boutique-one-piece.com\/vetements-one-piece\/shorts-de-bain-one-piece\/short-de-bain-one-piece-monkey-d-luffy\/#breadcrumb"},"inLanguage":"nb-NO","potentialAction":[{"@type":"ReadAction","target":["https:\/\/boutique-one-piece.com\/vetements-one-piece\/shorts-de-bain-one-piece\/short-de-bain-one-piece-monkey-d-luffy\/"]}]},{"@type":"ImageObject","inLanguage":"nb-NO","@id":"https:\/\/boutique-one-piece.com\/vetements-one-piece\/shorts-de-bain-one-piece\/short-de-bain-one-piece-monkey-d-luffy\/#primaryimage","url":"https:\/\/boutique-one-piece.com\/wp-content\/uploads\/2022\/09\/short-de-bain-one-piece-monkey-d-luffy-5018393608228.jpg","contentUrl":"https:\/\/boutique-one-piece.com\/wp-content\/uploads\/2022\/09\/short-de-bain-one-piece-monkey-d-luffy-5018393608228.jpg","width":640,"height":638},{"@type":"BreadcrumbList","@id":"https:\/\/boutique-one-piece.com\/vetements-one-piece\/shorts-de-bain-one-piece\/short-de-bain-one-piece-monkey-d-luffy\/#breadcrumb","itemListElement":[{"@type":"ListItem","position":1,"name":"Home","item":"https:\/\/boutique-one-piece.com\/"},{"@type":"ListItem","position":2,"name":"Shop","item":"https:\/\/boutique-one-piece.com\/shop\/"},{"@type":"ListItem","position":3,"name":"Short de Bain One Piece Monkey D. Luffy"}]},{"@type":"WebSite","@id":"https:\/\/boutique-one-piece.com\/#website","url":"https:\/\/boutique-one-piece.com\/","name":"One Piece-butikk","description":"Spesialbutikk for One Piece Manga og Anime","publisher":{"@id":"https:\/\/boutique-one-piece.com\/#organization"},"potentialAction":[{"@type":"SearchAction","target":{"@type":"EntryPoint","urlTemplate":"https:\/\/boutique-one-piece.com\/?s={search_term_string}"},"query-input":{"@type":"PropertyValueSpecification","valueRequired":true,"valueName":"search_term_string"}}],"inLanguage":"nb-NO"},{"@type":"Organization","@id":"https:\/\/boutique-one-piece.com\/#organization","name":"One Piece-butikk","url":"https:\/\/boutique-one-piece.com\/","logo":{"@type":"ImageObject","inLanguage":"nb-NO","@id":"https:\/\/boutique-one-piece.com\/#\/schema\/logo\/image\/","url":"https:\/\/boutique-one-piece.com\/wp-content\/uploads\/2022\/09\/Logo-01.png","contentUrl":"https:\/\/boutique-one-piece.com\/wp-content\/uploads\/2022\/09\/Logo-01.png","width":2318,"height":957,"caption":"Boutique One Piece"},"image":{"@id":"https:\/\/boutique-one-piece.com\/#\/schema\/logo\/image\/"}}]}},"_links":{"self":[{"href":"https:\/\/boutique-one-piece.com\/nb\/wp-json\/wp\/v2\/product\/9522","targetHints":{"allow":["GET"]}}],"collection":[{"href":"https:\/\/boutique-one-piece.com\/nb\/wp-json\/wp\/v2\/product"}],"about":[{"href":"https:\/\/boutique-one-piece.com\/nb\/wp-json\/wp\/v2\/types\/product"}],"replies":[{"embeddable":true,"href":"https:\/\/boutique-one-piece.com\/nb\/wp-json\/wp\/v2\/comments?post=9522"}],"wp:featuredmedia":[{"embeddable":true,"href":"https:\/\/boutique-one-piece.com\/nb\/wp-json\/wp\/v2\/media\/18434"}],"wp:attachment":[{"href":"https:\/\/boutique-one-piece.com\/nb\/wp-json\/wp\/v2\/media?parent=9522"}],"wp:term":[{"taxonomy":"product_brand","embeddable":true,"href":"https:\/\/boutique-one-piece.com\/nb\/wp-json\/wp\/v2\/product_brand?post=9522"},{"taxonomy":"product_cat","embeddable":true,"href":"https:\/\/boutique-one-piece.com\/nb\/wp-json\/wp\/v2\/product_cat?post=9522"},{"taxonomy":"product_tag","embeddable":true,"href":"https:\/\/boutique-one-piece.com\/nb\/wp-json\/wp\/v2\/product_tag?post=9522"}],"curies":[{"name":"wp","href":"https:\/\/api.w.org\/{rel}","templated":true}]}}